{"id":10530,"date":"2021-05-23T13:28:29","date_gmt":"2021-05-23T18:28:29","guid":{"rendered":"https:\/\/sustainabilitygeopark.com\/web\/?page_id=10530"},"modified":"2021-09-06T20:31:55","modified_gmt":"2021-09-07T01:31:55","slug":"personas","status":"publish","type":"page","link":"https:\/\/geo-park.com\/sustainability\/2019\/personas\/","title":{"rendered":"personas"},"content":{"rendered":"\t\t<div data-elementor-type=\"wp-page\" data-elementor-id=\"10530\" class=\"elementor elementor-10530\">\n\t\t\t\t\t\t\t\t\t<section class=\"elementor-section elementor-top-section elementor-element elementor-element-9cf11e1 elementor-section-boxed elementor-section-height-default elementor-section-height-default\" data-id=\"9cf11e1\" data-element_type=\"section\">\n\t\t\t\t\t\t<div class=\"elementor-container elementor-column-gap-default\">\n\t\t\t\t\t<div class=\"elementor-column elementor-col-100 elementor-top-column elementor-element elementor-element-2df567f ot-flex-column-vertical\" data-id=\"2df567f\" data-element_type=\"column\">\n\t\t\t<div class=\"elementor-widget-wrap elementor-element-populated\">\n\t\t\t\t\t\t\t\t<div class=\"elementor-element elementor-element-9584764 elementor-widget elementor-widget-text-editor\" data-id=\"9584764\" data-element_type=\"widget\" data-widget_type=\"text-editor.default\">\n\t\t\t\t<div class=\"elementor-widget-container\">\n\t\t\t\t\t\t\t<p><a href=\"#\"><span style=\"text-decoration: underline;\">Social<\/span><\/a> <span style=\"color: #000000;\">&gt; <\/span><span style=\"color: #ae0c21;\"><span style=\"color: #000000;\"><span style=\"text-decoration: underline;\">Personas<\/span> &gt;<\/span> Descripci\u00f3n general:<\/span><\/p>\t\t\t\t\t\t<\/div>\n\t\t\t\t<\/div>\n\t\t\t\t<div class=\"elementor-element elementor-element-c60d338 elementor-widget elementor-widget-spacer\" data-id=\"c60d338\" data-element_type=\"widget\" data-widget_type=\"spacer.default\">\n\t\t\t\t<div class=\"elementor-widget-container\">\n\t\t\t\t\t<div class=\"elementor-spacer\">\n\t\t\t<div class=\"elementor-spacer-inner\"><\/div>\n\t\t<\/div>\n\t\t\t\t<\/div>\n\t\t\t\t<\/div>\n\t\t\t\t\t<\/div>\n\t\t<\/div>\n\t\t\t\t\t\t\t<\/div>\n\t\t<\/section>\n\t\t\t\t<section class=\"elementor-section elementor-top-section elementor-element elementor-element-0ddd5e9 elementor-section-boxed elementor-section-height-default elementor-section-height-default\" data-id=\"0ddd5e9\" data-element_type=\"section\" data-settings=\"{&quot;background_background&quot;:&quot;classic&quot;}\">\n\t\t\t\t\t\t<div class=\"elementor-container elementor-column-gap-default\">\n\t\t\t\t\t<div class=\"elementor-column elementor-col-100 elementor-top-column elementor-element elementor-element-1eaafd9 ot-flex-column-vertical\" data-id=\"1eaafd9\" data-element_type=\"column\">\n\t\t\t<div class=\"elementor-widget-wrap elementor-element-populated\">\n\t\t\t\t\t\t\t\t<section class=\"elementor-section elementor-inner-section elementor-element elementor-element-1b24ca1 elementor-section-boxed elementor-section-height-default elementor-section-height-default\" data-id=\"1b24ca1\" data-element_type=\"section\">\n\t\t\t\t\t\t<div class=\"elementor-container elementor-column-gap-default\">\n\t\t\t\t\t<div class=\"elementor-column elementor-col-50 elementor-inner-column elementor-element elementor-element-1c193c3 ot-flex-column-vertical\" data-id=\"1c193c3\" data-element_type=\"column\">\n\t\t\t<div class=\"elementor-widget-wrap elementor-element-populated\">\n\t\t\t\t\t\t\t\t<div class=\"elementor-element elementor-element-ba8fd57 elementor-widget elementor-widget-image\" data-id=\"ba8fd57\" data-element_type=\"widget\" data-widget_type=\"image.default\">\n\t\t\t\t<div class=\"elementor-widget-container\">\n\t\t\t\t\t\t\t\t\t\t\t\t\t\t\t<img decoding=\"async\" width=\"1\" height=\"1\" data-src=\"https:\/\/geo-park.com\/sustainability\/2019\/wp-content\/uploads\/2021\/05\/e_vector2.svg\" class=\"attachment-large size-large wp-image-6796 lazyload\" alt=\"\" src=\"data:image\/gif;base64,R0lGODlhAQABAAAAACH5BAEKAAEALAAAAAABAAEAAAICTAEAOw==\" style=\"--smush-placeholder-width: 1px; --smush-placeholder-aspect-ratio: 1\/1;\" \/>\t\t\t\t\t\t\t\t\t\t\t\t\t\t\t<\/div>\n\t\t\t\t<\/div>\n\t\t\t\t<div class=\"elementor-element elementor-element-8f56225 elementor-widget elementor-widget-spacer\" data-id=\"8f56225\" data-element_type=\"widget\" data-widget_type=\"spacer.default\">\n\t\t\t\t<div class=\"elementor-widget-container\">\n\t\t\t\t\t<div class=\"elementor-spacer\">\n\t\t\t<div class=\"elementor-spacer-inner\"><\/div>\n\t\t<\/div>\n\t\t\t\t<\/div>\n\t\t\t\t<\/div>\n\t\t\t\t\t<\/div>\n\t\t<\/div>\n\t\t\t\t<div class=\"elementor-column elementor-col-50 elementor-inner-column elementor-element elementor-element-445168e ot-flex-column-vertical\" data-id=\"445168e\" data-element_type=\"column\">\n\t\t\t<div class=\"elementor-widget-wrap elementor-element-populated\">\n\t\t\t\t\t\t\t\t<div class=\"elementor-element elementor-element-2b3097c elementor-widget elementor-widget-heading\" data-id=\"2b3097c\" data-element_type=\"widget\" data-widget_type=\"heading.default\">\n\t\t\t\t<div class=\"elementor-widget-container\">\n\t\t\t<h1 class=\"elementor-heading-title elementor-size-default\">NUESTRO<br>\nCOMPROMISO<br>\n<b>CON LOS<br>\nEMPLEADOS:<\/b><\/h1>\t\t<\/div>\n\t\t\t\t<\/div>\n\t\t\t\t<div class=\"elementor-element elementor-element-865b81d elementor-widget elementor-widget-spacer\" data-id=\"865b81d\" data-element_type=\"widget\" data-widget_type=\"spacer.default\">\n\t\t\t\t<div class=\"elementor-widget-container\">\n\t\t\t\t\t<div class=\"elementor-spacer\">\n\t\t\t<div class=\"elementor-spacer-inner\"><\/div>\n\t\t<\/div>\n\t\t\t\t<\/div>\n\t\t\t\t<\/div>\n\t\t\t\t<div class=\"elementor-element elementor-element-e25da09 elementor-widget elementor-widget-text-editor\" data-id=\"e25da09\" data-element_type=\"widget\" data-widget_type=\"text-editor.default\">\n\t\t\t\t<div class=\"elementor-widget-container\">\n\t\t\t\t\t\t\tcrear un \u00e1mbito laboral motivador, inclusivo, diverso, justo y gratificante, con oportunidades, respeto mutuo y coraz\u00f3n, e integrado por personas excepcionales. todos nuestros empleados tienen la posibilidad de participar en el \u00e9xito de la compa\u00f1\u00eda, y la oportunidad de contribuir y crecer.\t\t\t\t\t\t<\/div>\n\t\t\t\t<\/div>\n\t\t\t\t<div class=\"elementor-element elementor-element-8f6213d elementor-widget elementor-widget-spacer\" data-id=\"8f6213d\" data-element_type=\"widget\" data-widget_type=\"spacer.default\">\n\t\t\t\t<div class=\"elementor-widget-container\">\n\t\t\t\t\t<div class=\"elementor-spacer\">\n\t\t\t<div class=\"elementor-spacer-inner\"><\/div>\n\t\t<\/div>\n\t\t\t\t<\/div>\n\t\t\t\t<\/div>\n\t\t\t\t\t<\/div>\n\t\t<\/div>\n\t\t\t\t\t\t\t<\/div>\n\t\t<\/section>\n\t\t\t\t\t<\/div>\n\t\t<\/div>\n\t\t\t\t\t\t\t<\/div>\n\t\t<\/section>\n\t\t\t\t<section class=\"elementor-section elementor-top-section elementor-element elementor-element-ca639de elementor-section-boxed elementor-section-height-default elementor-section-height-default\" data-id=\"ca639de\" data-element_type=\"section\">\n\t\t\t\t\t\t<div class=\"elementor-container elementor-column-gap-default\">\n\t\t\t\t\t<div class=\"elementor-column elementor-col-100 elementor-top-column elementor-element elementor-element-044a52c ot-flex-column-vertical\" data-id=\"044a52c\" data-element_type=\"column\">\n\t\t\t<div class=\"elementor-widget-wrap elementor-element-populated\">\n\t\t\t\t\t\t\t\t<div class=\"elementor-element elementor-element-9af61ca elementor-widget elementor-widget-spacer\" data-id=\"9af61ca\" data-element_type=\"widget\" data-widget_type=\"spacer.default\">\n\t\t\t\t<div class=\"elementor-widget-container\">\n\t\t\t\t\t<div class=\"elementor-spacer\">\n\t\t\t<div class=\"elementor-spacer-inner\"><\/div>\n\t\t<\/div>\n\t\t\t\t<\/div>\n\t\t\t\t<\/div>\n\t\t\t\t\t<\/div>\n\t\t<\/div>\n\t\t\t\t\t\t\t<\/div>\n\t\t<\/section>\n\t\t\t\t<section class=\"elementor-section elementor-top-section elementor-element elementor-element-247a203 elementor-section-boxed elementor-section-height-default elementor-section-height-default\" data-id=\"247a203\" data-element_type=\"section\">\n\t\t\t\t\t\t<div class=\"elementor-container elementor-column-gap-default\">\n\t\t\t\t\t<div class=\"elementor-column elementor-col-100 elementor-top-column elementor-element elementor-element-c00db90 ot-flex-column-vertical\" data-id=\"c00db90\" data-element_type=\"column\">\n\t\t\t<div class=\"elementor-widget-wrap elementor-element-populated\">\n\t\t\t\t\t\t\t\t<section class=\"elementor-section elementor-inner-section elementor-element elementor-element-f38cc62 elementor-section-boxed elementor-section-height-default elementor-section-height-default\" data-id=\"f38cc62\" data-element_type=\"section\">\n\t\t\t\t\t\t<div class=\"elementor-container elementor-column-gap-default\">\n\t\t\t\t\t<div class=\"elementor-column elementor-col-100 elementor-inner-column elementor-element elementor-element-c1e77fe ot-flex-column-vertical\" data-id=\"c1e77fe\" data-element_type=\"column\">\n\t\t\t<div class=\"elementor-widget-wrap elementor-element-populated\">\n\t\t\t\t\t\t\t\t<div class=\"elementor-element elementor-element-685fc8b elementor-widget elementor-widget-heading\" data-id=\"685fc8b\" data-element_type=\"widget\" data-widget_type=\"heading.default\">\n\t\t\t\t<div class=\"elementor-widget-container\">\n\t\t\t<h2 class=\"elementor-heading-title elementor-size-default\"><strong>GESTI\u00d3N 2019<\/strong><\/h2>\t\t<\/div>\n\t\t\t\t<\/div>\n\t\t\t\t\t<\/div>\n\t\t<\/div>\n\t\t\t\t\t\t\t<\/div>\n\t\t<\/section>\n\t\t\t\t\t<\/div>\n\t\t<\/div>\n\t\t\t\t\t\t\t<\/div>\n\t\t<\/section>\n\t\t\t\t<section class=\"elementor-section elementor-top-section elementor-element elementor-element-ec3c175 elementor-section-boxed elementor-section-height-default elementor-section-height-default\" data-id=\"ec3c175\" data-element_type=\"section\">\n\t\t\t\t\t\t<div class=\"elementor-container elementor-column-gap-default\">\n\t\t\t\t\t<div class=\"elementor-column elementor-col-100 elementor-top-column elementor-element elementor-element-5dd8591 ot-flex-column-vertical\" data-id=\"5dd8591\" data-element_type=\"column\" data-settings=\"{&quot;background_background&quot;:&quot;classic&quot;}\">\n\t\t\t<div class=\"elementor-widget-wrap elementor-element-populated\">\n\t\t\t\t\t\t\t\t<section class=\"elementor-section elementor-inner-section elementor-element elementor-element-d1a6bac elementor-section-boxed elementor-section-height-default elementor-section-height-default\" data-id=\"d1a6bac\" data-element_type=\"section\">\n\t\t\t\t\t\t<div class=\"elementor-container elementor-column-gap-default\">\n\t\t\t\t\t<div class=\"elementor-column elementor-col-100 elementor-inner-column elementor-element elementor-element-1fc5ad2 ot-flex-column-vertical\" data-id=\"1fc5ad2\" data-element_type=\"column\">\n\t\t\t<div class=\"elementor-widget-wrap elementor-element-populated\">\n\t\t\t\t\t\t\t\t<div class=\"elementor-element elementor-element-0988158 elementor-widget elementor-widget-text-editor\" data-id=\"0988158\" data-element_type=\"widget\" data-widget_type=\"text-editor.default\">\n\t\t\t\t<div class=\"elementor-widget-container\">\n\t\t\t\t\t\t\t<p><div class=\"wptm_table tablesorter-bootstrap \" data-id=\"63\" data-hightlight=\"0\"><div class=\"wptmresponsive dataTables-wptmtable wptmtable\" id=\"wptmtable63\" data-tableid=\"wptmTbl63\"><table id=\"wptmTbl63\" data-id=\"63\" data-responsive=\"false\" data-hideCols=\"false\" data-type=\"html\" data-paging=\"false\" data-searching=\"false\" data-ordering=\"false\" data-table-breakpoint=\"980\" data-scroll-x=\"true\" data-scroll-collapse=\"true\" data-align=\"center\" data-hideColumn=\"[0,0,0,0,0,0,0]\" data-colwidths=\"[286,27,44,272,30,33,352]\" class=\" disablePager\"><colgroup><col data-dtr=\"0\" data-dtc=\"0\" class=\"dtc0\"><col data-dtr=\"0\" data-dtc=\"1\" class=\"dtc1\"><col data-dtr=\"0\" data-dtc=\"2\" class=\"dtc2\"><col data-dtr=\"0\" data-dtc=\"3\" class=\"dtc3\"><col data-dtr=\"0\" data-dtc=\"4\" class=\"dtc4\"><col data-dtr=\"0\" data-dtc=\"5\" class=\"dtc5\"><col data-dtr=\"0\" data-dtc=\"6\" class=\"dtc6\"><\/colgroup><thead><tr class=\"wptm-header-cells-index dnone\"><th rowspan=\"1\" colspan=\"1\" data-dtr=\"0\" data-dtc=\"0\" class=\"dtr0 dtc0\"><\/th><th rowspan=\"1\" colspan=\"1\" data-dtr=\"0\" data-dtc=\"1\" class=\"dtr0 dtc1\"><\/th><th rowspan=\"1\" colspan=\"1\" data-dtr=\"0\" data-dtc=\"2\" class=\"dtr0 dtc2\"><\/th><th rowspan=\"1\" colspan=\"1\" data-dtr=\"0\" data-dtc=\"3\" class=\"dtr0 dtc3\"><\/th><th rowspan=\"1\" colspan=\"1\" data-dtr=\"0\" data-dtc=\"4\" class=\"dtr0 dtc4\"><\/th><th rowspan=\"1\" colspan=\"1\" data-dtr=\"0\" data-dtc=\"5\" class=\"dtr0 dtc5\"><\/th><th rowspan=\"1\" colspan=\"1\" data-dtr=\"0\" data-dtc=\"6\" class=\"dtr0 dtc6\"><\/th><\/tr><tr class=\" row0\"><th  data-priority=\"0\" class=\"dtr0 dtc0\"><\/th><th  data-priority=\"0\" class=\"dtr0 dtc1\"><\/th><th  data-priority=\"0\" class=\"dtr0 dtc2\"><\/th><th  data-priority=\"0\" class=\"dtr0 dtc3\"><\/th><th  data-priority=\"0\" class=\"dtr0 dtc4\"><\/th><th  data-priority=\"0\" class=\"dtr0 dtc5\"><\/th><th  data-priority=\"0\" class=\"dtr0 dtc6\"><\/th><\/thead><tbody><tr class=\" row1\"><td   class=\"dtr1 dtc0\">439<\/td><td   class=\"dtr1 dtc1\"><\/td><td   class=\"dtr1 dtc2\"><\/td><td   class=\"dtr1 dtc3\">100 %<\/td><td   class=\"dtr1 dtc4\"><\/td><td   class=\"dtr1 dtc5\"><\/td><td   class=\"dtr1 dtc6\">38,4 %<\/td><\/tr><tr class=\" row2\"><td   class=\"dtr2 dtc0\">Empleados directos<\/td><td   class=\"dtr2 dtc1\"><\/td><td   class=\"dtr2 dtc2\"><\/td><td   class=\"dtr2 dtc3\">de los empleados son accionistas de GeoPark<\/td><td   class=\"dtr2 dtc4\"><\/td><td   class=\"dtr2 dtc5\"><\/td><td   class=\"dtr2 dtc6\">Mujeres en nuestro Equipo Directivo<\/td><\/tr><tr class=\" row3\"><td   class=\"dtr3 dtc0\"><\/td><td   class=\"dtr3 dtc1\"><\/td><td   class=\"dtr3 dtc2\"><\/td><td   class=\"dtr3 dtc3\"><\/td><td   class=\"dtr3 dtc4\"><\/td><td   class=\"dtr3 dtc5\"><\/td><td   class=\"dtr3 dtc6\"><\/td><\/tr><tr class=\" row4\"><td   class=\"dtr4 dtc0\">32 %<\/td><td   class=\"dtr4 dtc1\"><\/td><td   class=\"dtr4 dtc2\"><\/td><td   class=\"dtr4 dtc3\">1,3 %<\/td><td   class=\"dtr4 dtc4\"><\/td><td   class=\"dtr4 dtc5\"><\/td><td   class=\"dtr4 dtc6\">120<\/td><\/tr><tr class=\" row5\"><td   class=\"dtr5 dtc0\">de nuestros empleados son mujeres<\/td><td   class=\"dtr5 dtc1\"><\/td><td   class=\"dtr5 dtc2\"><\/td><td   class=\"dtr5 dtc3\">Tasa de rotaci\u00f3n voluntaria<\/td><td   class=\"dtr5 dtc4\"><\/td><td   class=\"dtr5 dtc5\"><\/td><td   class=\"dtr5 dtc6\">Ingenieros, ge\u00f3logos y geof\u00edsicos<\/td><\/tr><tr class=\" row6\"><td   class=\"dtr6 dtc0\"><\/td><td   class=\"dtr6 dtc1\"><\/td><td   class=\"dtr6 dtc2\"><\/td><td   class=\"dtr6 dtc3\"><\/td><td   class=\"dtr6 dtc4\"><\/td><td   class=\"dtr6 dtc5\"><\/td><td   class=\"dtr6 dtc6\"><\/td><\/tr><tr class=\" row7\"><td   class=\"dtr7 dtc0\"><\/td><td   class=\"dtr7 dtc1\"><\/td><td   class=\"dtr7 dtc2\"><\/td><td   class=\"dtr7 dtc3\"><\/td><td   class=\"dtr7 dtc4\"><\/td><td   class=\"dtr7 dtc5\"><\/td><td   class=\"dtr7 dtc6\"><\/td><\/tr><tr class=\" row8\"><td   class=\"dtr8 dtc0\">152<\/td><td   class=\"dtr8 dtc1\"><\/td><td   class=\"dtr8 dtc2\"><\/td><td   class=\"dtr8 dtc3\">90 %<\/td><td   class=\"dtr8 dtc4\"><\/td><td   class=\"dtr8 dtc5\"><\/td><td   class=\"dtr8 dtc6\">100 %<\/td><\/tr><tr class=\" row9\"><td   class=\"dtr9 dtc0\">Empleados que han asumido roles de mayor responsabilidad<\/td><td   class=\"dtr9 dtc1\"><\/td><td   class=\"dtr9 dtc2\"><\/td><td   class=\"dtr9 dtc3\">de nuestros empleados fueron capacitados, a trav\u00e9s de 33.600 horas de formaci\u00f3n<\/td><td   class=\"dtr9 dtc4\"><\/td><td   class=\"dtr9 dtc5\"><\/td><td   class=\"dtr9 dtc6\">de los empleados con derecho a permiso parental tomaron el beneficio<\/td><\/tr><tr class=\" row10\"><td   class=\"dtr10 dtc0\"><\/td><td   class=\"dtr10 dtc1\"><\/td><td   class=\"dtr10 dtc2\"><\/td><td   class=\"dtr10 dtc3\"><\/td><td   class=\"dtr10 dtc4\"><\/td><td   class=\"dtr10 dtc5\"><\/td><td   class=\"dtr10 dtc6\"><\/td><\/tr><tr class=\" row11\"><td   class=\"dtr11 dtc0\"><\/td><td   class=\"dtr11 dtc1\"><\/td><td   class=\"dtr11 dtc2\"><\/td><td   class=\"dtr11 dtc3\"><\/td><td   class=\"dtr11 dtc4\"><\/td><td   class=\"dtr11 dtc5\"><\/td><td   class=\"dtr11 dtc6\"><\/td><\/tr><\/tbody><tfoot><td class=\"dtr11 dtc0\" style=\"height: 0;\"><\/td><td class=\"dtr11 dtc1\" style=\"height: 0;\"><\/td><td class=\"dtr11 dtc2\" style=\"height: 0;\"><\/td><td class=\"dtr11 dtc3\" style=\"height: 0;\"><\/td><td class=\"dtr11 dtc4\" style=\"height: 0;\"><\/td><td class=\"dtr11 dtc5\" style=\"height: 0;\"><\/td><td class=\"dtr11 dtc6\" style=\"height: 0;\"><\/td><\/tfoot><\/table><\/div><style>#wptmtable63 .dataTables_wrapper > .dataTables_scroll {max-height:500px;overflow: auto;}<\/style><script>wptm_ajaxurl = 'https:\/\/geo-park.com\/sustainability\/2019\/wp-admin\/admin-ajax.php?juwpfisadmin=false&action=Wptm&';<\/script><\/div><style>.droptables-highlight-horizontal, .droptables-highlight-vertical  {  color: #ffffff !important; background: rgba(118,188,88,0.9) !important; }<\/style><\/p>\t\t\t\t\t\t<\/div>\n\t\t\t\t<\/div>\n\t\t\t\t\t<\/div>\n\t\t<\/div>\n\t\t\t\t\t\t\t<\/div>\n\t\t<\/section>\n\t\t\t\t\t<\/div>\n\t\t<\/div>\n\t\t\t\t\t\t\t<\/div>\n\t\t<\/section>\n\t\t\t\t<section class=\"elementor-section elementor-top-section elementor-element elementor-element-ac1e5ba elementor-section-boxed elementor-section-height-default elementor-section-height-default\" data-id=\"ac1e5ba\" data-element_type=\"section\">\n\t\t\t\t\t\t<div class=\"elementor-container elementor-column-gap-default\">\n\t\t\t\t\t<div class=\"elementor-column elementor-col-100 elementor-top-column elementor-element elementor-element-b0a81b7 ot-flex-column-vertical\" data-id=\"b0a81b7\" data-element_type=\"column\">\n\t\t\t<div class=\"elementor-widget-wrap elementor-element-populated\">\n\t\t\t\t\t\t\t\t<section class=\"elementor-section elementor-inner-section elementor-element elementor-element-47defab elementor-section-boxed elementor-section-height-default elementor-section-height-default\" data-id=\"47defab\" data-element_type=\"section\">\n\t\t\t\t\t\t<div class=\"elementor-container elementor-column-gap-default\">\n\t\t\t\t\t<div class=\"elementor-column elementor-col-100 elementor-inner-column elementor-element elementor-element-cb13b07 ot-flex-column-vertical\" data-id=\"cb13b07\" data-element_type=\"column\">\n\t\t\t<div class=\"elementor-widget-wrap elementor-element-populated\">\n\t\t\t\t\t\t\t\t<div class=\"elementor-element elementor-element-8d78820 elementor-widget elementor-widget-spacer\" data-id=\"8d78820\" data-element_type=\"widget\" data-widget_type=\"spacer.default\">\n\t\t\t\t<div class=\"elementor-widget-container\">\n\t\t\t\t\t<div class=\"elementor-spacer\">\n\t\t\t<div class=\"elementor-spacer-inner\"><\/div>\n\t\t<\/div>\n\t\t\t\t<\/div>\n\t\t\t\t<\/div>\n\t\t\t\t<div class=\"elementor-element elementor-element-3cf0fef elementor-widget elementor-widget-heading\" data-id=\"3cf0fef\" data-element_type=\"widget\" data-widget_type=\"heading.default\">\n\t\t\t\t<div class=\"elementor-widget-container\">\n\t\t\t<h2 class=\"elementor-heading-title elementor-size-default\">METAS 2020<\/h2>\t\t<\/div>\n\t\t\t\t<\/div>\n\t\t\t\t<div class=\"elementor-element elementor-element-6e8715b elementor-widget elementor-widget-spacer\" data-id=\"6e8715b\" data-element_type=\"widget\" data-widget_type=\"spacer.default\">\n\t\t\t\t<div class=\"elementor-widget-container\">\n\t\t\t\t\t<div class=\"elementor-spacer\">\n\t\t\t<div class=\"elementor-spacer-inner\"><\/div>\n\t\t<\/div>\n\t\t\t\t<\/div>\n\t\t\t\t<\/div>\n\t\t\t\t<div class=\"elementor-element elementor-element-5c9d641 elementor-widget elementor-widget-text-editor\" data-id=\"5c9d641\" data-element_type=\"widget\" data-widget_type=\"text-editor.default\">\n\t\t\t\t<div class=\"elementor-widget-container\">\n\t\t\t\t\t\t\t<ul>\n \t<li>Egresos voluntarios de personal: <1 %<\/li>\n \t<li>Empleados que asumieron nuevas responsabilidades y roles: 30 %<\/li>\n \t<li>Empleados capacitados: 90 %<\/li>\n \t<li>L\u00edderes de equipos de manejo de crisis y gesti\u00f3n de continuidad del negocio\nentrenados: 100 %<\/li>\n<\/ul>\t\t\t\t\t\t<\/div>\n\t\t\t\t<\/div>\n\t\t\t\t\t<\/div>\n\t\t<\/div>\n\t\t\t\t\t\t\t<\/div>\n\t\t<\/section>\n\t\t\t\t\t<\/div>\n\t\t<\/div>\n\t\t\t\t\t\t\t<\/div>\n\t\t<\/section>\n\t\t\t\t<section class=\"elementor-section elementor-top-section elementor-element elementor-element-94a69c4 elementor-section-boxed elementor-section-height-default elementor-section-height-default\" data-id=\"94a69c4\" data-element_type=\"section\">\n\t\t\t\t\t\t<div class=\"elementor-container elementor-column-gap-default\">\n\t\t\t\t\t<div class=\"elementor-column elementor-col-100 elementor-top-column elementor-element elementor-element-8565c3c ot-flex-column-vertical\" data-id=\"8565c3c\" data-element_type=\"column\">\n\t\t\t<div class=\"elementor-widget-wrap elementor-element-populated\">\n\t\t\t\t\t\t\t\t<div class=\"elementor-element elementor-element-e43d49e elementor-widget elementor-widget-spacer\" data-id=\"e43d49e\" data-element_type=\"widget\" data-widget_type=\"spacer.default\">\n\t\t\t\t<div class=\"elementor-widget-container\">\n\t\t\t\t\t<div class=\"elementor-spacer\">\n\t\t\t<div class=\"elementor-spacer-inner\"><\/div>\n\t\t<\/div>\n\t\t\t\t<\/div>\n\t\t\t\t<\/div>\n\t\t\t\t<div class=\"elementor-element elementor-element-666723b elementor-widget elementor-widget-html\" data-id=\"666723b\" data-element_type=\"widget\" data-widget_type=\"html.default\">\n\t\t\t\t<div class=\"elementor-widget-container\">\n\t\t\t<a href=\"https:\/\/sustainabilitygeopark.com\/2019\/descripcion-general\/\"><div style=\"display: flex; align-items: center; position: fixed; top: 50%; right: 0;\">\n    <div id=\"text-reporte-speed\" style=\"width: 170px; font-size: 12px; text-align: center; border: 2px solid #ae0c21; opacity: 0; background-color: #fff; color: #000; pointer-events: none;\">\n       DESCRIPCI\u00d3N <BR>GENERAL\n    <\/div>\n    \n    <div id=\"btn-flecha\" style=\"border: 2px solid #000; padding: 8px 15px; cursor: pointer;\">\n        <i class=\"fas fa-long-arrow-alt-right\"><\/i>\n    <\/div>\n<\/div>\n<\/a>\n<style>\n    #btn-flecha:hover{\n        background-color: #ae0c21;\n        border: #ae0c21 !important;\n        color: #fff;\n    }\n<\/style>\n\n<script>\n    document.getElementById('btn-flecha').onmouseover = function(){\n            document.getElementById('text-reporte-speed').style.opacity = 1;\n    }\n    \n    document.getElementById('btn-flecha').onmouseout = function(){\n            document.getElementById('text-reporte-speed').style.opacity = 0;\n    }\n<\/script>\n\n<a href=\"https:\/\/sustainabilitygeopark.com\/2019\/gestion-temprana\/\"><div style=\"display: flex; align-items: center; position: fixed; top: 50%; left: 0;\">\n       <div id=\"btn-flecha2\" style=\"border: 2px solid #000; padding: 8px 15px; cursor: pointer;\">\n        <i class=\"fas fa-long-arrow-alt-left\"><\/i>\n    <\/div>\n     <div id=\"text-reporte-speed2\" style=\"width: 170px; font-size: 12px; text-align: center; border: 2px solid #ae0c21; opacity: 0; background-color: #fff; color: #000; pointer-events: none;\">\n        GESTI\u00d3N TEMPRANA<br>SOSTENIBLE\n    <\/div>\n<\/div>\n<\/a>\n<style>\n    #btn-flecha2:hover{\n        background-color: #ae0c21;\n        border: #ae0c21 !important;\n        color: #fff;\n    }\n<\/style>\n\n<script>\n    document.getElementById('btn-flecha2').onmouseover = function(){\n            document.getElementById('text-reporte-speed2').style.opacity = 1;\n    }\n    \n    document.getElementById('btn-flecha2').onmouseout = function(){\n            document.getElementById('text-reporte-speed2').style.opacity = 0;\n    }\n<\/script>\t\t<\/div>\n\t\t\t\t<\/div>\n\t\t\t\t<div class=\"elementor-element elementor-element-4550a14 elementor-widget elementor-widget-spacer\" data-id=\"4550a14\" data-element_type=\"widget\" data-widget_type=\"spacer.default\">\n\t\t\t\t<div class=\"elementor-widget-container\">\n\t\t\t\t\t<div class=\"elementor-spacer\">\n\t\t\t<div class=\"elementor-spacer-inner\"><\/div>\n\t\t<\/div>\n\t\t\t\t<\/div>\n\t\t\t\t<\/div>\n\t\t\t\t\t<\/div>\n\t\t<\/div>\n\t\t\t\t\t\t\t<\/div>\n\t\t<\/section>\n\t\t\t\t\t\t\t<\/div>\n\t\t","protected":false},"excerpt":{"rendered":"<p>Social &gt; Personas &gt; Descripci\u00f3n general: NUESTRO COMPROMISO CON LOS EMPLEADOS: crear un \u00e1mbito laboral motivador, inclusivo, diverso, justo y gratificante, con oportunidades, respeto mutuo y coraz\u00f3n, e integrado por personas excepcionales. todos nuestros empleados tienen la posibilidad de participar en el \u00e9xito de la compa\u00f1\u00eda, y la oportunidad de contribuir y crecer. GESTI\u00d3N 2019 [&hellip;]<\/p>\n","protected":false},"author":1,"featured_media":0,"parent":0,"menu_order":0,"comment_status":"closed","ping_status":"closed","template":"","meta":{"footnotes":""},"class_list":["post-10530","page","type-page","status-publish","hentry"],"_links":{"self":[{"href":"https:\/\/geo-park.com\/sustainability\/2019\/wp-json\/wp\/v2\/pages\/10530","targetHints":{"allow":["GET"]}}],"collection":[{"href":"https:\/\/geo-park.com\/sustainability\/2019\/wp-json\/wp\/v2\/pages"}],"about":[{"href":"https:\/\/geo-park.com\/sustainability\/2019\/wp-json\/wp\/v2\/types\/page"}],"author":[{"embeddable":true,"href":"https:\/\/geo-park.com\/sustainability\/2019\/wp-json\/wp\/v2\/users\/1"}],"replies":[{"embeddable":true,"href":"https:\/\/geo-park.com\/sustainability\/2019\/wp-json\/wp\/v2\/comments?post=10530"}],"version-history":[{"count":25,"href":"https:\/\/geo-park.com\/sustainability\/2019\/wp-json\/wp\/v2\/pages\/10530\/revisions"}],"predecessor-version":[{"id":12314,"href":"https:\/\/geo-park.com\/sustainability\/2019\/wp-json\/wp\/v2\/pages\/10530\/revisions\/12314"}],"wp:attachment":[{"href":"https:\/\/geo-park.com\/sustainability\/2019\/wp-json\/wp\/v2\/media?parent=10530"}],"curies":[{"name":"wp","href":"https:\/\/api.w.org\/{rel}","templated":true}]}}