{"id":11067,"date":"2021-05-24T00:00:57","date_gmt":"2021-05-24T05:00:57","guid":{"rendered":"https:\/\/sustainabilitygeopark.com\/web\/?page_id=11067"},"modified":"2021-09-06T20:36:06","modified_gmt":"2021-09-07T01:36:06","slug":"hs","status":"publish","type":"page","link":"https:\/\/geo-park.com\/sustainability\/2019\/hs\/","title":{"rendered":"HS"},"content":{"rendered":"\t\t<div data-elementor-type=\"wp-page\" data-elementor-id=\"11067\" class=\"elementor elementor-11067\">\n\t\t\t\t\t\t\t\t\t<section class=\"elementor-section elementor-top-section elementor-element elementor-element-acd3ef4 elementor-section-boxed elementor-section-height-default elementor-section-height-default\" data-id=\"acd3ef4\" data-element_type=\"section\">\n\t\t\t\t\t\t<div class=\"elementor-container elementor-column-gap-default\">\n\t\t\t\t\t<div class=\"elementor-column elementor-col-100 elementor-top-column elementor-element elementor-element-3a6d2f0 ot-flex-column-vertical\" data-id=\"3a6d2f0\" data-element_type=\"column\">\n\t\t\t<div class=\"elementor-widget-wrap elementor-element-populated\">\n\t\t\t\t\t\t\t\t<div class=\"elementor-element elementor-element-e0cf00e elementor-widget elementor-widget-text-editor\" data-id=\"e0cf00e\" data-element_type=\"widget\" data-widget_type=\"text-editor.default\">\n\t\t\t\t<div class=\"elementor-widget-container\">\n\t\t\t\t\t\t\t<p><a href=\"#\"><span style=\"text-decoration: underline;\">Social<\/span><\/a> <span style=\"color: #000000;\">&gt; <\/span><span style=\"color: #ae0c21;\">HS<\/span><\/p>\t\t\t\t\t\t<\/div>\n\t\t\t\t<\/div>\n\t\t\t\t\t<\/div>\n\t\t<\/div>\n\t\t\t\t\t\t\t<\/div>\n\t\t<\/section>\n\t\t\t\t<section class=\"elementor-section elementor-top-section elementor-element elementor-element-5d3540a elementor-section-boxed elementor-section-height-default elementor-section-height-default\" data-id=\"5d3540a\" data-element_type=\"section\" data-settings=\"{&quot;background_background&quot;:&quot;classic&quot;}\">\n\t\t\t\t\t\t<div class=\"elementor-container elementor-column-gap-default\">\n\t\t\t\t\t<div class=\"elementor-column elementor-col-100 elementor-top-column elementor-element elementor-element-743dd77 ot-flex-column-vertical\" data-id=\"743dd77\" data-element_type=\"column\">\n\t\t\t<div class=\"elementor-widget-wrap elementor-element-populated\">\n\t\t\t\t\t\t\t\t<section class=\"elementor-section elementor-inner-section elementor-element elementor-element-a420e71 elementor-section-boxed elementor-section-height-default elementor-section-height-default\" data-id=\"a420e71\" data-element_type=\"section\">\n\t\t\t\t\t\t<div class=\"elementor-container elementor-column-gap-default\">\n\t\t\t\t\t<div class=\"elementor-column elementor-col-50 elementor-inner-column elementor-element elementor-element-6affff7 ot-flex-column-vertical\" data-id=\"6affff7\" data-element_type=\"column\">\n\t\t\t<div class=\"elementor-widget-wrap elementor-element-populated\">\n\t\t\t\t\t\t\t\t<div class=\"elementor-element elementor-element-5211c53 elementor-widget elementor-widget-image\" data-id=\"5211c53\" data-element_type=\"widget\" data-widget_type=\"image.default\">\n\t\t\t\t<div class=\"elementor-widget-container\">\n\t\t\t\t\t\t\t\t\t\t\t\t\t\t\t<img decoding=\"async\" width=\"1\" height=\"1\" data-src=\"https:\/\/geo-park.com\/sustainability\/2019\/wp-content\/uploads\/2021\/05\/s_vector.svg\" class=\"attachment-large size-large wp-image-6603 lazyload\" alt=\"\" src=\"data:image\/gif;base64,R0lGODlhAQABAAAAACH5BAEKAAEALAAAAAABAAEAAAICTAEAOw==\" style=\"--smush-placeholder-width: 1px; --smush-placeholder-aspect-ratio: 1\/1;\" \/>\t\t\t\t\t\t\t\t\t\t\t\t\t\t\t<\/div>\n\t\t\t\t<\/div>\n\t\t\t\t<div class=\"elementor-element elementor-element-087a086 elementor-widget elementor-widget-spacer\" data-id=\"087a086\" data-element_type=\"widget\" data-widget_type=\"spacer.default\">\n\t\t\t\t<div class=\"elementor-widget-container\">\n\t\t\t\t\t<div class=\"elementor-spacer\">\n\t\t\t<div class=\"elementor-spacer-inner\"><\/div>\n\t\t<\/div>\n\t\t\t\t<\/div>\n\t\t\t\t<\/div>\n\t\t\t\t\t<\/div>\n\t\t<\/div>\n\t\t\t\t<div class=\"elementor-column elementor-col-50 elementor-inner-column elementor-element elementor-element-3650eed ot-flex-column-vertical\" data-id=\"3650eed\" data-element_type=\"column\">\n\t\t\t<div class=\"elementor-widget-wrap elementor-element-populated\">\n\t\t\t\t\t\t\t\t<div class=\"elementor-element elementor-element-4946ece elementor-widget elementor-widget-heading\" data-id=\"4946ece\" data-element_type=\"widget\" data-widget_type=\"heading.default\">\n\t\t\t\t<div class=\"elementor-widget-container\">\n\t\t\t<h1 class=\"elementor-heading-title elementor-size-default\">NUESTRO<br>\nCOMPROMISO<br>\n<b>CON LA<br>\nSEGURIDAD:<\/b><\/h1>\t\t<\/div>\n\t\t\t\t<\/div>\n\t\t\t\t<div class=\"elementor-element elementor-element-6601d03 elementor-widget elementor-widget-spacer\" data-id=\"6601d03\" data-element_type=\"widget\" data-widget_type=\"spacer.default\">\n\t\t\t\t<div class=\"elementor-widget-container\">\n\t\t\t\t\t<div class=\"elementor-spacer\">\n\t\t\t<div class=\"elementor-spacer-inner\"><\/div>\n\t\t<\/div>\n\t\t\t\t<\/div>\n\t\t\t\t<\/div>\n\t\t\t\t<div class=\"elementor-element elementor-element-2a02300 elementor-widget elementor-widget-text-editor\" data-id=\"2a02300\" data-element_type=\"widget\" data-widget_type=\"text-editor.default\">\n\t\t\t\t<div class=\"elementor-widget-container\">\n\t\t\t\t\t\t\t<p>Todos debemos regresar ilesos<br \/>nuestros hogares y en buenas<br \/>condiciones de salud.<\/p>\t\t\t\t\t\t<\/div>\n\t\t\t\t<\/div>\n\t\t\t\t<div class=\"elementor-element elementor-element-55543a3 elementor-widget elementor-widget-spacer\" data-id=\"55543a3\" data-element_type=\"widget\" data-widget_type=\"spacer.default\">\n\t\t\t\t<div class=\"elementor-widget-container\">\n\t\t\t\t\t<div class=\"elementor-spacer\">\n\t\t\t<div class=\"elementor-spacer-inner\"><\/div>\n\t\t<\/div>\n\t\t\t\t<\/div>\n\t\t\t\t<\/div>\n\t\t\t\t\t<\/div>\n\t\t<\/div>\n\t\t\t\t\t\t\t<\/div>\n\t\t<\/section>\n\t\t\t\t\t<\/div>\n\t\t<\/div>\n\t\t\t\t\t\t\t<\/div>\n\t\t<\/section>\n\t\t\t\t<section class=\"elementor-section elementor-top-section elementor-element elementor-element-6890827 elementor-section-boxed elementor-section-height-default elementor-section-height-default\" data-id=\"6890827\" data-element_type=\"section\">\n\t\t\t\t\t\t<div class=\"elementor-container elementor-column-gap-default\">\n\t\t\t\t\t<div class=\"elementor-column elementor-col-100 elementor-top-column elementor-element elementor-element-d1c6db3 ot-flex-column-vertical\" data-id=\"d1c6db3\" data-element_type=\"column\">\n\t\t\t<div class=\"elementor-widget-wrap elementor-element-populated\">\n\t\t\t\t\t\t\t\t<div class=\"elementor-element elementor-element-b5bcd81 elementor-widget elementor-widget-spacer\" data-id=\"b5bcd81\" data-element_type=\"widget\" data-widget_type=\"spacer.default\">\n\t\t\t\t<div class=\"elementor-widget-container\">\n\t\t\t\t\t<div class=\"elementor-spacer\">\n\t\t\t<div class=\"elementor-spacer-inner\"><\/div>\n\t\t<\/div>\n\t\t\t\t<\/div>\n\t\t\t\t<\/div>\n\t\t\t\t\t<\/div>\n\t\t<\/div>\n\t\t\t\t\t\t\t<\/div>\n\t\t<\/section>\n\t\t\t\t<section class=\"elementor-section elementor-top-section elementor-element elementor-element-5d5ab9f elementor-section-boxed elementor-section-height-default elementor-section-height-default\" data-id=\"5d5ab9f\" data-element_type=\"section\">\n\t\t\t\t\t\t<div class=\"elementor-container elementor-column-gap-default\">\n\t\t\t\t\t<div class=\"elementor-column elementor-col-100 elementor-top-column elementor-element elementor-element-b1c3448 ot-flex-column-vertical\" data-id=\"b1c3448\" data-element_type=\"column\">\n\t\t\t<div class=\"elementor-widget-wrap elementor-element-populated\">\n\t\t\t\t\t\t\t\t<section class=\"elementor-section elementor-inner-section elementor-element elementor-element-2ab6ef8 elementor-section-boxed elementor-section-height-default elementor-section-height-default\" data-id=\"2ab6ef8\" data-element_type=\"section\">\n\t\t\t\t\t\t<div class=\"elementor-container elementor-column-gap-default\">\n\t\t\t\t\t<div class=\"elementor-column elementor-col-100 elementor-inner-column elementor-element elementor-element-2780677 ot-flex-column-vertical\" data-id=\"2780677\" data-element_type=\"column\">\n\t\t\t<div class=\"elementor-widget-wrap elementor-element-populated\">\n\t\t\t\t\t\t\t\t<div class=\"elementor-element elementor-element-0501fe1 elementor-widget elementor-widget-heading\" data-id=\"0501fe1\" data-element_type=\"widget\" data-widget_type=\"heading.default\">\n\t\t\t\t<div class=\"elementor-widget-container\">\n\t\t\t<h2 class=\"elementor-heading-title elementor-size-default\"><strong>GESTI\u00d3N 2019<\/strong><\/h2>\t\t<\/div>\n\t\t\t\t<\/div>\n\t\t\t\t\t<\/div>\n\t\t<\/div>\n\t\t\t\t\t\t\t<\/div>\n\t\t<\/section>\n\t\t\t\t\t<\/div>\n\t\t<\/div>\n\t\t\t\t\t\t\t<\/div>\n\t\t<\/section>\n\t\t\t\t<section class=\"elementor-section elementor-top-section elementor-element elementor-element-957de33 elementor-section-boxed elementor-section-height-default elementor-section-height-default\" data-id=\"957de33\" data-element_type=\"section\">\n\t\t\t\t\t\t<div class=\"elementor-container elementor-column-gap-default\">\n\t\t\t\t\t<div class=\"elementor-column elementor-col-100 elementor-top-column elementor-element elementor-element-8ef44a2 ot-flex-column-vertical\" data-id=\"8ef44a2\" data-element_type=\"column\" data-settings=\"{&quot;background_background&quot;:&quot;classic&quot;}\">\n\t\t\t<div class=\"elementor-widget-wrap elementor-element-populated\">\n\t\t\t\t\t\t\t\t<section class=\"elementor-section elementor-inner-section elementor-element elementor-element-c5f1adb elementor-section-boxed elementor-section-height-default elementor-section-height-default\" data-id=\"c5f1adb\" data-element_type=\"section\">\n\t\t\t\t\t\t<div class=\"elementor-container elementor-column-gap-default\">\n\t\t\t\t\t<div class=\"elementor-column elementor-col-100 elementor-inner-column elementor-element elementor-element-c1ab5f1 ot-flex-column-vertical\" data-id=\"c1ab5f1\" data-element_type=\"column\">\n\t\t\t<div class=\"elementor-widget-wrap elementor-element-populated\">\n\t\t\t\t\t\t\t\t<div class=\"elementor-element elementor-element-03d2a20 elementor-widget elementor-widget-text-editor\" data-id=\"03d2a20\" data-element_type=\"widget\" data-widget_type=\"text-editor.default\">\n\t\t\t\t<div class=\"elementor-widget-container\">\n\t\t\t\t\t\t\t<p><div class=\"wptm_table tablesorter-bootstrap \" data-id=\"79\" data-hightlight=\"0\"><div class=\"wptmresponsive dataTables-wptmtable wptmtable\" id=\"wptmtable79\" data-tableid=\"wptmTbl79\"><table id=\"wptmTbl79\" data-id=\"79\" data-responsive=\"false\" data-hideCols=\"false\" data-type=\"html\" data-paging=\"false\" data-searching=\"false\" data-ordering=\"false\" data-table-breakpoint=\"980\" data-scroll-x=\"true\" data-scroll-collapse=\"true\" data-align=\"center\" data-hideColumn=\"[0,0,0,0,0,0,0]\" data-colwidths=\"[276,27,32,261,29,30,274]\" class=\" disablePager\"><colgroup><col data-dtr=\"0\" data-dtc=\"0\" class=\"dtc0\"><col data-dtr=\"0\" data-dtc=\"1\" class=\"dtc1\"><col data-dtr=\"0\" data-dtc=\"2\" class=\"dtc2\"><col data-dtr=\"0\" data-dtc=\"3\" class=\"dtc3\"><col data-dtr=\"0\" data-dtc=\"4\" class=\"dtc4\"><col data-dtr=\"0\" data-dtc=\"5\" class=\"dtc5\"><col data-dtr=\"0\" data-dtc=\"6\" class=\"dtc6\"><\/colgroup><thead><tr class=\"wptm-header-cells-index dnone\"><th rowspan=\"1\" colspan=\"1\" data-dtr=\"0\" data-dtc=\"0\" class=\"dtr0 dtc0\"><\/th><th rowspan=\"1\" colspan=\"1\" data-dtr=\"0\" data-dtc=\"1\" class=\"dtr0 dtc1\"><\/th><th rowspan=\"1\" colspan=\"1\" data-dtr=\"0\" data-dtc=\"2\" class=\"dtr0 dtc2\"><\/th><th rowspan=\"1\" colspan=\"1\" data-dtr=\"0\" data-dtc=\"3\" class=\"dtr0 dtc3\"><\/th><th rowspan=\"1\" colspan=\"1\" data-dtr=\"0\" data-dtc=\"4\" class=\"dtr0 dtc4\"><\/th><th rowspan=\"1\" colspan=\"1\" data-dtr=\"0\" data-dtc=\"5\" class=\"dtr0 dtc5\"><\/th><th rowspan=\"1\" colspan=\"1\" data-dtr=\"0\" data-dtc=\"6\" class=\"dtr0 dtc6\"><\/th><\/tr><tr class=\" row0\"><th  data-priority=\"0\" class=\"dtr0 dtc0\"><\/th><th  data-priority=\"0\" class=\"dtr0 dtc1\"><\/th><th  data-priority=\"0\" class=\"dtr0 dtc2\"><\/th><th  data-priority=\"0\" class=\"dtr0 dtc3\"><\/th><th  data-priority=\"0\" class=\"dtr0 dtc4\"><\/th><th  data-priority=\"0\" class=\"dtr0 dtc5\"><\/th><th  data-priority=\"0\" class=\"dtr0 dtc6\"><\/th><\/thead><tbody><tr class=\" row1\"><td   class=\"dtr1 dtc0\">CERO<\/td><td   class=\"dtr1 dtc1\"><\/td><td   class=\"dtr1 dtc2\"><\/td><td   class=\"dtr1 dtc3\">8,1 MM<\/td><td   class=\"dtr1 dtc4\"><\/td><td   class=\"dtr1 dtc5\"><\/td><td   class=\"dtr1 dtc6\">11.633<\/td><\/tr><tr class=\" row2\"><td   class=\"dtr2 dtc0\">V\u00edctimas fatales<\/td><td   class=\"dtr2 dtc1\"><\/td><td   class=\"dtr2 dtc2\"><\/td><td   class=\"dtr2 dtc3\">Horas\/hombre trabajadas<\/td><td   class=\"dtr2 dtc4\"><\/td><td   class=\"dtr2 dtc5\"><\/td><td   class=\"dtr2 dtc6\">Inspecciones de seguridad<\/td><\/tr><tr class=\" row3\"><td   class=\"dtr3 dtc0\"><\/td><td   class=\"dtr3 dtc1\"><\/td><td   class=\"dtr3 dtc2\"><\/td><td   class=\"dtr3 dtc3\"><\/td><td   class=\"dtr3 dtc4\"><\/td><td   class=\"dtr3 dtc5\"><\/td><td   class=\"dtr3 dtc6\"><\/td><\/tr><tr class=\" row4\"><td   class=\"dtr4 dtc0\">26.548.867<\/td><td   class=\"dtr4 dtc1\"><\/td><td   class=\"dtr4 dtc2\"><\/td><td   class=\"dtr4 dtc3\">491<\/td><td   class=\"dtr4 dtc4\"><\/td><td   class=\"dtr4 dtc5\"><\/td><td   class=\"dtr4 dtc6\">40.214<\/td><\/tr><tr class=\" row5\"><td   class=\"dtr5 dtc0\">Barriles de petr\u00f3leo producidos y<br \/>\ntransportados sin incidentes con<br \/>\nterceros<\/td><td   class=\"dtr5 dtc1\"><\/td><td   class=\"dtr5 dtc2\"><\/td><td   class=\"dtr5 dtc3\">Simulacros de emergencias contemplando 100 % escenarios de vulnerabilidad<\/td><td   class=\"dtr5 dtc4\"><\/td><td   class=\"dtr5 dtc5\"><\/td><td   class=\"dtr5 dtc6\">An\u00e1lisis de riesgos<\/td><\/tr><tr class=\" row6\"><td   class=\"dtr6 dtc0\"><\/td><td   class=\"dtr6 dtc1\"><\/td><td   class=\"dtr6 dtc2\"><\/td><td   class=\"dtr6 dtc3\"><\/td><td   class=\"dtr6 dtc4\"><\/td><td   class=\"dtr6 dtc5\"><\/td><td   class=\"dtr6 dtc6\"><\/td><\/tr><tr class=\" row7\"><td   class=\"dtr7 dtc0\"><\/td><td   class=\"dtr7 dtc1\"><\/td><td   class=\"dtr7 dtc2\"><\/td><td   class=\"dtr7 dtc3\"><\/td><td   class=\"dtr7 dtc4\"><\/td><td   class=\"dtr7 dtc5\"><\/td><td   class=\"dtr7 dtc6\"><\/td><\/tr><tr class=\" row8\"><td   class=\"dtr8 dtc0\">4.878<\/td><td   class=\"dtr8 dtc1\"><\/td><td   class=\"dtr8 dtc2\"><\/td><td   class=\"dtr8 dtc3\">0,61 LTIR<\/td><td   class=\"dtr8 dtc4\"><\/td><td   class=\"dtr8 dtc5\"><\/td><td   class=\"dtr8 dtc6\">1,84 TRIR<\/td><\/tr><tr class=\" row9\"><td   class=\"dtr9 dtc0\">Sesiones de capacitaci\u00f3n y formaci\u00f3n en HSE<\/td><td   class=\"dtr9 dtc1\"><\/td><td   class=\"dtr9 dtc2\"><\/td><td   class=\"dtr9 dtc3\">Lost Time Incident Rate<\/td><td   class=\"dtr9 dtc4\"><\/td><td   class=\"dtr9 dtc5\"><\/td><td   class=\"dtr9 dtc6\">Total Recordable Incident Rate<\/td><\/tr><tr class=\" row10\"><td   class=\"dtr10 dtc0\"><\/td><td   class=\"dtr10 dtc1\"><\/td><td   class=\"dtr10 dtc2\"><\/td><td   class=\"dtr10 dtc3\"><\/td><td   class=\"dtr10 dtc4\"><\/td><td   class=\"dtr10 dtc5\"><\/td><td   class=\"dtr10 dtc6\"><\/td><\/tr><tr class=\" row11\"><td   class=\"dtr11 dtc0\"><\/td><td   class=\"dtr11 dtc1\"><\/td><td   class=\"dtr11 dtc2\"><\/td><td   class=\"dtr11 dtc3\"><\/td><td   class=\"dtr11 dtc4\"><\/td><td   class=\"dtr11 dtc5\"><\/td><td   class=\"dtr11 dtc6\"><\/td><\/tr><tr class=\" row12\"><td   class=\"dtr12 dtc0\">0,37 MVCR<\/td><td   class=\"dtr12 dtc1\"><\/td><td   class=\"dtr12 dtc2\"><\/td><td   class=\"dtr12 dtc3\"><\/td><td   class=\"dtr12 dtc4\"><\/td><td   class=\"dtr12 dtc5\"><\/td><td   class=\"dtr12 dtc6\"><\/td><\/tr><tr class=\" row13\"><td   class=\"dtr13 dtc0\">Moving Vehicle Crash Rate<\/td><td   class=\"dtr13 dtc1\"><\/td><td   class=\"dtr13 dtc2\"><\/td><td   class=\"dtr13 dtc3\"><\/td><td   class=\"dtr13 dtc4\"><\/td><td   class=\"dtr13 dtc5\"><\/td><td   class=\"dtr13 dtc6\"><\/td><\/tr><\/tbody><tfoot><td class=\"dtr13 dtc0\" style=\"height: 0;\"><\/td><td class=\"dtr13 dtc1\" style=\"height: 0;\"><\/td><td class=\"dtr13 dtc2\" style=\"height: 0;\"><\/td><td class=\"dtr13 dtc3\" style=\"height: 0;\"><\/td><td class=\"dtr13 dtc4\" style=\"height: 0;\"><\/td><td class=\"dtr13 dtc5\" style=\"height: 0;\"><\/td><td class=\"dtr13 dtc6\" style=\"height: 0;\"><\/td><\/tfoot><\/table><\/div><style>#wptmtable79 .dataTables_wrapper > .dataTables_scroll {max-height:500px;overflow: auto;}<\/style><script>wptm_ajaxurl = 'https:\/\/geo-park.com\/sustainability\/2019\/wp-admin\/admin-ajax.php?juwpfisadmin=false&action=Wptm&';<\/script><\/div><style>.droptables-highlight-horizontal, .droptables-highlight-vertical  {  color: #ffffff !important; background: rgba(118,188,88,0.9) !important; }<\/style><\/p>\t\t\t\t\t\t<\/div>\n\t\t\t\t<\/div>\n\t\t\t\t\t<\/div>\n\t\t<\/div>\n\t\t\t\t\t\t\t<\/div>\n\t\t<\/section>\n\t\t\t\t\t<\/div>\n\t\t<\/div>\n\t\t\t\t\t\t\t<\/div>\n\t\t<\/section>\n\t\t\t\t<section class=\"elementor-section elementor-top-section elementor-element elementor-element-deb1924 elementor-section-boxed elementor-section-height-default elementor-section-height-default\" data-id=\"deb1924\" data-element_type=\"section\">\n\t\t\t\t\t\t<div class=\"elementor-container elementor-column-gap-default\">\n\t\t\t\t\t<div class=\"elementor-column elementor-col-100 elementor-top-column elementor-element elementor-element-9325416 ot-flex-column-vertical\" data-id=\"9325416\" data-element_type=\"column\">\n\t\t\t<div class=\"elementor-widget-wrap elementor-element-populated\">\n\t\t\t\t\t\t\t\t<section class=\"elementor-section elementor-inner-section elementor-element elementor-element-becc23e elementor-section-boxed elementor-section-height-default elementor-section-height-default\" data-id=\"becc23e\" data-element_type=\"section\">\n\t\t\t\t\t\t<div class=\"elementor-container elementor-column-gap-default\">\n\t\t\t\t\t<div class=\"elementor-column elementor-col-100 elementor-inner-column elementor-element elementor-element-e3253d9 ot-flex-column-vertical\" data-id=\"e3253d9\" data-element_type=\"column\">\n\t\t\t<div class=\"elementor-widget-wrap elementor-element-populated\">\n\t\t\t\t\t\t\t\t<div class=\"elementor-element elementor-element-c637253 elementor-widget elementor-widget-spacer\" data-id=\"c637253\" data-element_type=\"widget\" data-widget_type=\"spacer.default\">\n\t\t\t\t<div class=\"elementor-widget-container\">\n\t\t\t\t\t<div class=\"elementor-spacer\">\n\t\t\t<div class=\"elementor-spacer-inner\"><\/div>\n\t\t<\/div>\n\t\t\t\t<\/div>\n\t\t\t\t<\/div>\n\t\t\t\t<div class=\"elementor-element elementor-element-089ab65 elementor-widget elementor-widget-heading\" data-id=\"089ab65\" data-element_type=\"widget\" data-widget_type=\"heading.default\">\n\t\t\t\t<div class=\"elementor-widget-container\">\n\t\t\t<h2 class=\"elementor-heading-title elementor-size-default\">METAS 2020<\/h2>\t\t<\/div>\n\t\t\t\t<\/div>\n\t\t\t\t<div class=\"elementor-element elementor-element-5da4c52 elementor-widget elementor-widget-spacer\" data-id=\"5da4c52\" data-element_type=\"widget\" data-widget_type=\"spacer.default\">\n\t\t\t\t<div class=\"elementor-widget-container\">\n\t\t\t\t\t<div class=\"elementor-spacer\">\n\t\t\t<div class=\"elementor-spacer-inner\"><\/div>\n\t\t<\/div>\n\t\t\t\t<\/div>\n\t\t\t\t<\/div>\n\t\t\t\t<div class=\"elementor-element elementor-element-fec9715 elementor-widget elementor-widget-text-editor\" data-id=\"fec9715\" data-element_type=\"widget\" data-widget_type=\"text-editor.default\">\n\t\t\t\t<div class=\"elementor-widget-container\">\n\t\t\t\t\t\t\t<ul>\n \t<li>Incidentes con tiempo perdido por mill\u00f3n de horas trabajadas (LTIR): 0,40<\/li>\n \t<li>Incidentes registrables por mill\u00f3n de horas trabajadas (TRIR): 1,70<\/li>\n \t<li>Accidentes vehiculares por mill\u00f3n de kil\u00f3metros recorridos (MVCR): 0,45<\/li>\n \t<li>Continuaremos implementando los programas actuales e iniciaremos un plan para actualizar y modernizar los softwares que ayudan con la gesti\u00f3n en accidentalidad (IRIS), observaci\u00f3n de tareas (POP) y gerenciamiento de viajes, con el objetivo de mejorar el manejo de los datos y la interfaz con el usuario final.<\/li>\n<li>Implementaremos los elementos del sistema de seguridad de procesos, enfocados\nen identificar peligros y an\u00e1lisis de riesgos, integridad de activos y confiabilidad, y\ngesti\u00f3n de cambios.<\/li>\n<\/ul>\t\t\t\t\t\t<\/div>\n\t\t\t\t<\/div>\n\t\t\t\t\t<\/div>\n\t\t<\/div>\n\t\t\t\t\t\t\t<\/div>\n\t\t<\/section>\n\t\t\t\t\t<\/div>\n\t\t<\/div>\n\t\t\t\t\t\t\t<\/div>\n\t\t<\/section>\n\t\t\t\t<section class=\"elementor-section elementor-top-section elementor-element elementor-element-277545c elementor-section-boxed elementor-section-height-default elementor-section-height-default\" data-id=\"277545c\" data-element_type=\"section\">\n\t\t\t\t\t\t<div class=\"elementor-container elementor-column-gap-default\">\n\t\t\t\t\t<div class=\"elementor-column elementor-col-100 elementor-top-column elementor-element elementor-element-2f16f1a ot-flex-column-vertical\" data-id=\"2f16f1a\" data-element_type=\"column\">\n\t\t\t<div class=\"elementor-widget-wrap elementor-element-populated\">\n\t\t\t\t\t\t\t\t<div class=\"elementor-element elementor-element-18ee74c elementor-widget elementor-widget-spacer\" data-id=\"18ee74c\" data-element_type=\"widget\" data-widget_type=\"spacer.default\">\n\t\t\t\t<div class=\"elementor-widget-container\">\n\t\t\t\t\t<div class=\"elementor-spacer\">\n\t\t\t<div class=\"elementor-spacer-inner\"><\/div>\n\t\t<\/div>\n\t\t\t\t<\/div>\n\t\t\t\t<\/div>\n\t\t\t\t<div class=\"elementor-element elementor-element-7609604 elementor-widget elementor-widget-html\" data-id=\"7609604\" data-element_type=\"widget\" data-widget_type=\"html.default\">\n\t\t\t\t<div class=\"elementor-widget-container\">\n\t\t\t<a href=\"https:\/\/sustainabilitygeopark.com\/2019\/salud-y-seguridad\/\"><div style=\"display: flex; align-items: center; position: fixed; top: 50%; right: 0;\">\n    <div id=\"text-reporte-speed\" style=\"width: 170px; font-size: 12px; text-align: center; border: 2px solid #ae0c21; opacity: 0; background-color: #fff; color: #000; pointer-events: none;\">\n       SALUD<BR>Y SEGURIDAD\n    <\/div>\n    \n    <div id=\"btn-flecha\" style=\"border: 2px solid #000; padding: 8px 15px; cursor: pointer;\">\n        <i class=\"fas fa-long-arrow-alt-right\"><\/i>\n    <\/div>\n<\/div>\n<\/a>\n<style>\n    #btn-flecha:hover{\n        background-color: #ae0c21;\n        border: #ae0c21 !important;\n        color: #fff;\n    }\n<\/style>\n\n<script>\n    document.getElementById('btn-flecha').onmouseover = function(){\n            document.getElementById('text-reporte-speed').style.opacity = 1;\n    }\n    \n    document.getElementById('btn-flecha').onmouseout = function(){\n            document.getElementById('text-reporte-speed').style.opacity = 0;\n    }\n<\/script>\n\n<a href=\"https:\/\/sustainabilitygeopark.com\/2019\/cadena-de-valor\/\"><div style=\"display: flex; align-items: center; position: fixed; top: 50%; left: 0;\">\n       <div id=\"btn-flecha2\" style=\"border: 2px solid #000; padding: 8px 15px; cursor: pointer;\">\n        <i class=\"fas fa-long-arrow-alt-left\"><\/i>\n    <\/div>\n     <div id=\"text-reporte-speed2\" style=\"width: 170px; font-size: 12px; text-align: center; border: 2px solid #ae0c21; opacity: 0; background-color: #fff; color: #000; pointer-events: none;\">\n        CADENA DE<br>VALOR\n    <\/div>\n<\/div>\n<\/a>\n<style>\n    #btn-flecha2:hover{\n        background-color: #ae0c21;\n        border: #ae0c21 !important;\n        color: #fff;\n    }\n<\/style>\n\n<script>\n    document.getElementById('btn-flecha2').onmouseover = function(){\n            document.getElementById('text-reporte-speed2').style.opacity = 1;\n    }\n    \n    document.getElementById('btn-flecha2').onmouseout = function(){\n            document.getElementById('text-reporte-speed2').style.opacity = 0;\n    }\n<\/script>\t\t<\/div>\n\t\t\t\t<\/div>\n\t\t\t\t\t<\/div>\n\t\t<\/div>\n\t\t\t\t\t\t\t<\/div>\n\t\t<\/section>\n\t\t\t\t\t\t\t<\/div>\n\t\t","protected":false},"excerpt":{"rendered":"<p>Social &gt; HS NUESTRO COMPROMISO CON LA SEGURIDAD: Todos debemos regresar ilesosnuestros hogares y en buenascondiciones de salud. GESTI\u00d3N 2019 METAS 2020 Incidentes con tiempo perdido por mill\u00f3n de horas trabajadas (LTIR): 0,40 Incidentes registrables por mill\u00f3n de horas trabajadas (TRIR): 1,70 Accidentes vehiculares por mill\u00f3n de kil\u00f3metros recorridos (MVCR): 0,45 Continuaremos implementando los programas [&hellip;]<\/p>\n","protected":false},"author":1,"featured_media":0,"parent":0,"menu_order":0,"comment_status":"closed","ping_status":"closed","template":"","meta":{"footnotes":""},"class_list":["post-11067","page","type-page","status-publish","hentry"],"_links":{"self":[{"href":"https:\/\/geo-park.com\/sustainability\/2019\/wp-json\/wp\/v2\/pages\/11067","targetHints":{"allow":["GET"]}}],"collection":[{"href":"https:\/\/geo-park.com\/sustainability\/2019\/wp-json\/wp\/v2\/pages"}],"about":[{"href":"https:\/\/geo-park.com\/sustainability\/2019\/wp-json\/wp\/v2\/types\/page"}],"author":[{"embeddable":true,"href":"https:\/\/geo-park.com\/sustainability\/2019\/wp-json\/wp\/v2\/users\/1"}],"replies":[{"embeddable":true,"href":"https:\/\/geo-park.com\/sustainability\/2019\/wp-json\/wp\/v2\/comments?post=11067"}],"version-history":[{"count":16,"href":"https:\/\/geo-park.com\/sustainability\/2019\/wp-json\/wp\/v2\/pages\/11067\/revisions"}],"predecessor-version":[{"id":12332,"href":"https:\/\/geo-park.com\/sustainability\/2019\/wp-json\/wp\/v2\/pages\/11067\/revisions\/12332"}],"wp:attachment":[{"href":"https:\/\/geo-park.com\/sustainability\/2019\/wp-json\/wp\/v2\/media?parent=11067"}],"curies":[{"name":"wp","href":"https:\/\/api.w.org\/{rel}","templated":true}]}}