{"id":4642,"date":"2021-05-04T16:36:26","date_gmt":"2021-05-04T21:36:26","guid":{"rendered":"http:\/\/localhost\/kg2\/?page_id=4642"},"modified":"2021-09-06T18:48:10","modified_gmt":"2021-09-06T23:48:10","slug":"reporte","status":"publish","type":"page","link":"https:\/\/geo-park.com\/sustainability\/2019\/reporte\/","title":{"rendered":"reporte"},"content":{"rendered":"\t\t<div data-elementor-type=\"wp-page\" data-elementor-id=\"4642\" class=\"elementor elementor-4642\">\n\t\t\t\t\t\t\t\t\t<section class=\"elementor-section elementor-top-section elementor-element elementor-element-a41a288 elementor-section-boxed elementor-section-height-default elementor-section-height-default\" data-id=\"a41a288\" data-element_type=\"section\">\n\t\t\t\t\t\t<div class=\"elementor-container elementor-column-gap-default\">\n\t\t\t\t\t<div class=\"elementor-column elementor-col-100 elementor-top-column elementor-element elementor-element-18dc014 ot-flex-column-vertical\" data-id=\"18dc014\" data-element_type=\"column\">\n\t\t\t<div class=\"elementor-widget-wrap elementor-element-populated\">\n\t\t\t\t\t\t\t\t<div class=\"elementor-element elementor-element-bfd6360 elementor-widget elementor-widget-text-editor\" data-id=\"bfd6360\" data-element_type=\"widget\" data-widget_type=\"text-editor.default\">\n\t\t\t\t<div class=\"elementor-widget-container\">\n\t\t\t\t\t\t\t<p><a href=\"https:\/\/sustainabilitygeopark.com\/web\/introduccion\/\"><span style=\"text-decoration: underline;\">Introducci\u00f3n<\/span><\/a> <span style=\"color: #000000;\">&gt; <span style=\"text-decoration: underline;\">Acerca de este informe<\/span>\u00a0&gt;<\/span> <span style=\"color: #ae0c21;\">Nuestro reporte SPPED\/ESG 2019<\/span><\/p>\t\t\t\t\t\t<\/div>\n\t\t\t\t<\/div>\n\t\t\t\t\t<\/div>\n\t\t<\/div>\n\t\t\t\t\t\t\t<\/div>\n\t\t<\/section>\n\t\t\t\t<section class=\"elementor-section elementor-top-section elementor-element elementor-element-04f1f63 elementor-section-boxed elementor-section-height-default elementor-section-height-default\" data-id=\"04f1f63\" data-element_type=\"section\" data-settings=\"{&quot;background_background&quot;:&quot;classic&quot;}\">\n\t\t\t\t\t\t<div class=\"elementor-container elementor-column-gap-default\">\n\t\t\t\t\t<div class=\"elementor-column elementor-col-50 elementor-top-column elementor-element elementor-element-00f1e57 ot-flex-column-vertical\" data-id=\"00f1e57\" data-element_type=\"column\" data-settings=\"{&quot;background_background&quot;:&quot;classic&quot;}\">\n\t\t\t<div class=\"elementor-widget-wrap elementor-element-populated\">\n\t\t\t\t\t\t\t\t<div class=\"elementor-element elementor-element-a5fb09c elementor-widget elementor-widget-image\" data-id=\"a5fb09c\" data-element_type=\"widget\" data-widget_type=\"image.default\">\n\t\t\t\t<div class=\"elementor-widget-container\">\n\t\t\t\t\t\t\t\t\t\t\t\t\t\t\t<img decoding=\"async\" width=\"638\" height=\"752\" data-src=\"https:\/\/geo-park.com\/sustainability\/2019\/wp-content\/uploads\/2021\/05\/reporte_1.jpg\" class=\"attachment-large size-large wp-image-4644 lazyload\" alt=\"\" data-srcset=\"https:\/\/geo-park.com\/sustainability\/2019\/wp-content\/uploads\/2021\/05\/reporte_1.jpg 638w, https:\/\/geo-park.com\/sustainability\/2019\/wp-content\/uploads\/2021\/05\/reporte_1-255x300.jpg 255w\" data-sizes=\"(max-width: 638px) 100vw, 638px\" src=\"data:image\/gif;base64,R0lGODlhAQABAAAAACH5BAEKAAEALAAAAAABAAEAAAICTAEAOw==\" style=\"--smush-placeholder-width: 638px; --smush-placeholder-aspect-ratio: 638\/752;\" \/>\t\t\t\t\t\t\t\t\t\t\t\t\t\t\t<\/div>\n\t\t\t\t<\/div>\n\t\t\t\t\t<\/div>\n\t\t<\/div>\n\t\t\t\t<div class=\"elementor-column elementor-col-50 elementor-top-column elementor-element elementor-element-63be257 ot-flex-column-vertical\" data-id=\"63be257\" data-element_type=\"column\" data-settings=\"{&quot;background_background&quot;:&quot;classic&quot;}\">\n\t\t\t<div class=\"elementor-widget-wrap elementor-element-populated\">\n\t\t\t\t\t\t\t\t<div class=\"elementor-element elementor-element-7048154 elementor-widget elementor-widget-heading\" data-id=\"7048154\" data-element_type=\"widget\" data-widget_type=\"heading.default\">\n\t\t\t\t<div class=\"elementor-widget-container\">\n\t\t\t<h2 class=\"elementor-heading-title elementor-size-default\">NUESTRO REPORTE<br><strong style=\"color:#AE0C21\">SPEED\/ESG 2019<\/strong><\/h2>\t\t<\/div>\n\t\t\t\t<\/div>\n\t\t\t\t<div class=\"elementor-element elementor-element-fc0a87c elementor-widget elementor-widget-text-editor\" data-id=\"fc0a87c\" data-element_type=\"widget\" data-widget_type=\"text-editor.default\">\n\t\t\t\t<div class=\"elementor-widget-container\">\n\t\t\t\t\t\t\t<p style=\"text-align: left;\">Nuestro Reporte SPEED\/ESG 2019 es el segundo informe de sostenibilidad elaborado bajo los lineamientos propuestos por Global Reporting Initiative (GRI) en su \u00faltima versi\u00f3n, los est\u00e1ndares GRI, y lo compartimos con nuestros grupos de inter\u00e9s como una muestra m\u00e1s del compromiso con la transparencia y la generaci\u00f3n de valor que siempre han caracterizado nuestras acciones. A trav\u00e9s de estas p\u00e1ginas, estamos haciendo visible la manera como gestionamos nuestros impactos en las dimensiones operacional, econ\u00f3mica, ambiental y social.<\/p>\t\t\t\t\t\t<\/div>\n\t\t\t\t<\/div>\n\t\t\t\t\t<\/div>\n\t\t<\/div>\n\t\t\t\t\t\t\t<\/div>\n\t\t<\/section>\n\t\t\t\t<section class=\"elementor-section elementor-top-section elementor-element elementor-element-29d17a0 elementor-section-boxed elementor-section-height-default elementor-section-height-default\" data-id=\"29d17a0\" data-element_type=\"section\">\n\t\t\t\t\t\t<div class=\"elementor-container elementor-column-gap-default\">\n\t\t\t\t\t<div class=\"elementor-column elementor-col-100 elementor-top-column elementor-element elementor-element-382e22f ot-flex-column-vertical\" data-id=\"382e22f\" data-element_type=\"column\">\n\t\t\t<div class=\"elementor-widget-wrap elementor-element-populated\">\n\t\t\t\t\t\t\t\t<section class=\"elementor-section elementor-inner-section elementor-element elementor-element-1cf61bd elementor-section-boxed elementor-section-height-default elementor-section-height-default\" data-id=\"1cf61bd\" data-element_type=\"section\">\n\t\t\t\t\t\t<div class=\"elementor-container elementor-column-gap-default\">\n\t\t\t\t\t<div class=\"elementor-column elementor-col-100 elementor-inner-column elementor-element elementor-element-7e8b392 ot-flex-column-vertical\" data-id=\"7e8b392\" data-element_type=\"column\">\n\t\t\t<div class=\"elementor-widget-wrap elementor-element-populated\">\n\t\t\t\t\t\t\t\t<div class=\"elementor-element elementor-element-15bccc0 elementor-widget elementor-widget-text-editor\" data-id=\"15bccc0\" data-element_type=\"widget\" data-widget_type=\"text-editor.default\">\n\t\t\t\t<div class=\"elementor-widget-container\">\n\t\t\t\t\t\t\t<div style=\"text-align: left;\">El reporte se ha elaborado de conformidad con la opci\u00f3n Esencial de los est\u00e1ndares GRI y comprende la gesti\u00f3n desarrollada entre enero y diciembre de 2019. Su alcance corresponde a las operaciones que llevamos a cabo en Colombia, Per\u00fa, Argentina, Brasil, Chile y Ecuador. La elaboraci\u00f3n del reporte se fundament\u00f3 en el cumplimiento de los principios para la definici\u00f3n del contenido y la calidad propuestos por el est\u00e1ndar GRI, y aunque no estuvo sujeto a un proceso de verificaci\u00f3n externa, s\u00ed fue validado por los sistemas de control interno y monitoreado directamente por el Equipo Directivo de GeoPark, lo que garantiza su integridad y credibilidad. El documento no contiene reexpresiones de datos o informaci\u00f3n ni cambios fundamentales con respecto al informe anterior.<\/div><div style=\"text-align: left;\">\u00a0<\/div><div style=\"text-align: left;\">Nuestro reporte 2019 mantiene la estructura de la edici\u00f3n 2018 para garantizar la alineaci\u00f3n y la continuidad de la informaci\u00f3n, la cual se presenta en seis cap\u00edtulos de contenido que dan cuenta de la gesti\u00f3n de GeoPark frente a los principales temas de sostenibilidad. El primer cap\u00edtulo presenta la organizaci\u00f3n, su modelo de negocio y propuesta de valor, la cultura GeoPark, el Gobierno Corporativo, el Programa de \u00c9tica y Compliance, los avances en materia de derechos humanos y el marco de comunicaciones corporativas y di\u00e1logo con grupos de inter\u00e9s. En los cinco cap\u00edtulos siguientes, presentamos nuestro sistema de valores SPEED, que se concentra en la gesti\u00f3n de las principales \u00e1reas de la sostenibilidad, de la siguiente manera: \u201cS\u201d Seguridad, \u201cP\u201d Prosperidad, \u201cE\u201d Empleados, \u201cE\u201d Entorno Ambiental y \u201cD\u201d Desarrollo Comunitario. Bajo cada uno de estos principios, damos cuenta de nuestras acciones y compromisos, los cuales est\u00e1n alineados con los criterios ESG de inversi\u00f3n (Environmental\/Social\/Governance). La informaci\u00f3n relacionada con los criterios de Environmental se encuentra en nuestro cap\u00edtulo de \u201cEntorno Ambiental\u201d; la relacionada con Social, en los cap\u00edtulos de \u201cSeguridad\u201d, \u201cEmpleados\u201d y \u201cDesarrollo Comunitario\u201d; y la relacionada con Governance, en el cap\u00edtulo \u201cGeoPark \u2013 Gobierno Corporativo\u201d<\/div>\t\t\t\t\t\t<\/div>\n\t\t\t\t<\/div>\n\t\t\t\t<div class=\"elementor-element elementor-element-878d0d5 elementor-widget elementor-widget-heading\" data-id=\"878d0d5\" data-element_type=\"widget\" data-widget_type=\"heading.default\">\n\t\t\t\t<div class=\"elementor-widget-container\">\n\t\t\t<h3 class=\"elementor-heading-title elementor-size-default\"><strong style=\"color:#ae0c21\">MATERIALIDAD<\/strong><\/h3>\t\t<\/div>\n\t\t\t\t<\/div>\n\t\t\t\t<div class=\"elementor-element elementor-element-77e699c elementor-widget elementor-widget-text-editor\" data-id=\"77e699c\" data-element_type=\"widget\" data-widget_type=\"text-editor.default\">\n\t\t\t\t<div class=\"elementor-widget-container\">\n\t\t\t\t\t\t\t<p>El contenido del reporte 2019 mantiene el \u00e9nfasis en el ejercicio de materialidad definido en 2017 y ajustado en 2018, el cual culmin\u00f3 en la definici\u00f3n de 24 temas materiales relacionados con los cinco elementos de nuestro sistema de valores SPEED: Seguridad, Prosperidad, Empleados, Entorno Ambiental y Desarrollo Comunitario.<\/p>\t\t\t\t\t\t<\/div>\n\t\t\t\t<\/div>\n\t\t\t\t<div class=\"elementor-element elementor-element-a37f76a elementor-widget elementor-widget-text-editor\" data-id=\"a37f76a\" data-element_type=\"widget\" data-widget_type=\"text-editor.default\">\n\t\t\t\t<div class=\"elementor-widget-container\">\n\t\t\t\t\t\t\t<p>La primera versi\u00f3n de los temas materiales de sostenibilidad se defini\u00f3 a partir de tres pasos principales: una autoevaluaci\u00f3n preliminar que, a trav\u00e9s de un an\u00e1lisis cuantitativo, estableci\u00f3 los temas relevantes para la Compa\u00f1\u00eda, con el fin de vincularlos a nuestro sistema de valores. Luego, un taller en el que participaron directores, gerentes y l\u00edderes de nuestra Compa\u00f1\u00eda, en el cual seleccionamos los temas que potencialmente ser\u00edan reportados. Posterior a este ejercicio, desarrollamos una serie de entrevistas y grupos focales con gerentes, l\u00edderes y coordinadores de diferentes \u00e1reas, los cuales nos permitieron ajustar la materialidad e identificar los indicadores claves para evaluar nuestra gesti\u00f3n.<\/p><p>Finalmente, y a trav\u00e9s de la t\u00e9cnica de grupos focales y entrevistas, realizamos un levantamiento de informaci\u00f3n con l\u00edderes sociales de nuestras \u00e1reas de operaci\u00f3n, quienes expresaron los asuntos relevantes para sus municipios y complementaron nuestra definici\u00f3n de temas materiales. Esta identificaci\u00f3n nos permiti\u00f3 concentrar nuestro reporte de sostenibilidad en los temas elegidos y enfocar nuestros compromisos tanto en su implementaci\u00f3n, como en el cierre de brechas identificadas.<\/p>\t\t\t\t\t\t<\/div>\n\t\t\t\t<\/div>\n\t\t\t\t<div class=\"elementor-element elementor-element-d6bca20 elementor-widget elementor-widget-image\" data-id=\"d6bca20\" data-element_type=\"widget\" data-widget_type=\"image.default\">\n\t\t\t\t<div class=\"elementor-widget-container\">\n\t\t\t\t\t\t\t\t\t\t\t\t\t\t\t<img decoding=\"async\" width=\"1169\" height=\"416\" data-src=\"https:\/\/geo-park.com\/sustainability\/2019\/wp-content\/uploads\/2021\/05\/reporte_2.jpg\" class=\"attachment-full size-full wp-image-4650 lazyload\" alt=\"\" data-srcset=\"https:\/\/geo-park.com\/sustainability\/2019\/wp-content\/uploads\/2021\/05\/reporte_2.jpg 1169w, https:\/\/geo-park.com\/sustainability\/2019\/wp-content\/uploads\/2021\/05\/reporte_2-300x107.jpg 300w, https:\/\/geo-park.com\/sustainability\/2019\/wp-content\/uploads\/2021\/05\/reporte_2-1024x364.jpg 1024w, https:\/\/geo-park.com\/sustainability\/2019\/wp-content\/uploads\/2021\/05\/reporte_2-768x273.jpg 768w\" data-sizes=\"(max-width: 1169px) 100vw, 1169px\" src=\"data:image\/gif;base64,R0lGODlhAQABAAAAACH5BAEKAAEALAAAAAABAAEAAAICTAEAOw==\" style=\"--smush-placeholder-width: 1169px; --smush-placeholder-aspect-ratio: 1169\/416;\" \/>\t\t\t\t\t\t\t\t\t\t\t\t\t\t\t<\/div>\n\t\t\t\t<\/div>\n\t\t\t\t<div class=\"elementor-element elementor-element-0863e69 elementor-widget elementor-widget-heading\" data-id=\"0863e69\" data-element_type=\"widget\" data-widget_type=\"heading.default\">\n\t\t\t\t<div class=\"elementor-widget-container\">\n\t\t\t<h3 class=\"elementor-heading-title elementor-size-default\"><strong style=\"color:#ae0c21\">TEMAS MATERIALES<\/strong><\/h3>\t\t<\/div>\n\t\t\t\t<\/div>\n\t\t\t\t<div class=\"elementor-element elementor-element-a58cc60 elementor-tabs-view-vertical elementor-widget elementor-widget-tabs\" data-id=\"a58cc60\" data-element_type=\"widget\" data-widget_type=\"tabs.default\">\n\t\t\t\t<div class=\"elementor-widget-container\">\n\t\t\t\t\t<div class=\"elementor-tabs\">\n\t\t\t<div class=\"elementor-tabs-wrapper\" role=\"tablist\" >\n\t\t\t\t\t\t\t\t\t<div id=\"elementor-tab-title-1731\" class=\"elementor-tab-title elementor-tab-desktop-title\" aria-selected=\"true\" data-tab=\"1\" role=\"tab\" tabindex=\"0\" aria-controls=\"elementor-tab-content-1731\" aria-expanded=\"false\">SEGURIDAD<\/div>\n\t\t\t\t\t\t\t\t\t<div id=\"elementor-tab-title-1732\" class=\"elementor-tab-title elementor-tab-desktop-title\" aria-selected=\"false\" data-tab=\"2\" role=\"tab\" tabindex=\"-1\" aria-controls=\"elementor-tab-content-1732\" aria-expanded=\"false\">PROSPERIDAD<\/div>\n\t\t\t\t\t\t\t\t\t<div id=\"elementor-tab-title-1733\" class=\"elementor-tab-title elementor-tab-desktop-title\" aria-selected=\"false\" data-tab=\"3\" role=\"tab\" tabindex=\"-1\" aria-controls=\"elementor-tab-content-1733\" aria-expanded=\"false\">EMPLEADOS<\/div>\n\t\t\t\t\t\t\t\t\t<div id=\"elementor-tab-title-1734\" class=\"elementor-tab-title elementor-tab-desktop-title\" aria-selected=\"false\" data-tab=\"4\" role=\"tab\" tabindex=\"-1\" aria-controls=\"elementor-tab-content-1734\" aria-expanded=\"false\">ENTORNO AMBIENTAL<\/div>\n\t\t\t\t\t\t\t\t\t<div id=\"elementor-tab-title-1735\" class=\"elementor-tab-title elementor-tab-desktop-title\" aria-selected=\"false\" data-tab=\"5\" role=\"tab\" tabindex=\"-1\" aria-controls=\"elementor-tab-content-1735\" aria-expanded=\"false\">DESARROLLO COMUNITARIO<\/div>\n\t\t\t\t\t\t\t<\/div>\n\t\t\t<div class=\"elementor-tabs-content-wrapper\" role=\"tablist\" aria-orientation=\"vertical\">\n\t\t\t\t\t\t\t\t\t<div class=\"elementor-tab-title elementor-tab-mobile-title\" aria-selected=\"true\" data-tab=\"1\" role=\"tab\" tabindex=\"0\" aria-controls=\"elementor-tab-content-1731\" aria-expanded=\"false\">SEGURIDAD<\/div>\n\t\t\t\t\t<div id=\"elementor-tab-content-1731\" class=\"elementor-tab-content elementor-clearfix\" data-tab=\"1\" role=\"tabpanel\" aria-labelledby=\"elementor-tab-title-1731\" tabindex=\"0\" hidden=\"false\"><p><span style=\"color: #1e8ec0;\"><strong>SEGURIDAD<\/strong><\/span><\/p><ul><li><span style=\"color: #7a7a7a;\">Gesti\u00f3n de salud y seguridad<\/span><\/li><li><span style=\"color: #7a7a7a;\">Capacitaci\u00f3n en salud y seguridad<\/span><\/li><li><span style=\"color: #7a7a7a;\">Seguridad vial<\/span><\/li><\/ul><\/div>\n\t\t\t\t\t\t\t\t\t<div class=\"elementor-tab-title elementor-tab-mobile-title\" aria-selected=\"false\" data-tab=\"2\" role=\"tab\" tabindex=\"-1\" aria-controls=\"elementor-tab-content-1732\" aria-expanded=\"false\">PROSPERIDAD<\/div>\n\t\t\t\t\t<div id=\"elementor-tab-content-1732\" class=\"elementor-tab-content elementor-clearfix\" data-tab=\"2\" role=\"tabpanel\" aria-labelledby=\"elementor-tab-title-1732\" tabindex=\"0\" hidden=\"hidden\"><p><span style=\"color: #edbd4b;\"><strong>PROSPERIDAD<\/strong><\/span><\/p><ul><li><span style=\"color: #7a7a7a;\">Desempe\u00f1o econ\u00f3mico<\/span><\/li><li><span style=\"color: #7a7a7a;\">Optimizaci\u00f3n de la operaci\u00f3n<\/span><\/li><li><span style=\"color: #7a7a7a;\">Manejo de reservas<\/span><\/li><li><span style=\"color: #7a7a7a;\">Gesti\u00f3n de proveedores<\/span><\/li><li><span style=\"color: #7a7a7a;\">Relacionamiento con grupos de inter\u00e9s<\/span><\/li><li><span style=\"color: #7a7a7a;\">Gobierno Corporativo y cumplimiento legal<\/span><\/li><\/ul><\/div>\n\t\t\t\t\t\t\t\t\t<div class=\"elementor-tab-title elementor-tab-mobile-title\" aria-selected=\"false\" data-tab=\"3\" role=\"tab\" tabindex=\"-1\" aria-controls=\"elementor-tab-content-1733\" aria-expanded=\"false\">EMPLEADOS<\/div>\n\t\t\t\t\t<div id=\"elementor-tab-content-1733\" class=\"elementor-tab-content elementor-clearfix\" data-tab=\"3\" role=\"tabpanel\" aria-labelledby=\"elementor-tab-title-1733\" tabindex=\"0\" hidden=\"hidden\"><p><span style=\"color: #d05e52;\"><strong>EMPLEADOS<\/strong><\/span><\/p><ul><li><span style=\"color: #7a7a7a;\">Capacitaci\u00f3n a colaboradores<\/span><\/li><li><span style=\"color: #7a7a7a;\">Contrataci\u00f3n y rotaci\u00f3n de personal<\/span><\/li><li><span style=\"color: #7a7a7a;\">Evaluaci\u00f3n de desempe\u00f1o<\/span><\/li><li><span style=\"color: #7a7a7a;\">Beneficios para colaboradores<\/span><\/li><li><span style=\"color: #7a7a7a;\">Diversidad e inclusi\u00f3n<\/span><\/li><\/ul><\/div>\n\t\t\t\t\t\t\t\t\t<div class=\"elementor-tab-title elementor-tab-mobile-title\" aria-selected=\"false\" data-tab=\"4\" role=\"tab\" tabindex=\"-1\" aria-controls=\"elementor-tab-content-1734\" aria-expanded=\"false\">ENTORNO AMBIENTAL<\/div>\n\t\t\t\t\t<div id=\"elementor-tab-content-1734\" class=\"elementor-tab-content elementor-clearfix\" data-tab=\"4\" role=\"tabpanel\" aria-labelledby=\"elementor-tab-title-1734\" tabindex=\"0\" hidden=\"hidden\"><p><span style=\"color: #88b854;\"><strong>ENTORNO AMBIENTAL<\/strong><\/span><\/p><ul><li><span style=\"color: #7a7a7a;\">Desempe\u00f1o ambiental de la cadena de valor<\/span><\/li><li><span style=\"color: #7a7a7a;\">Gesti\u00f3n integral del agua<\/span><\/li><li><span style=\"color: #7a7a7a;\">Eficiencia energ\u00e9tica<\/span><\/li><li><span style=\"color: #7a7a7a;\">Manejo de emisiones<\/span><\/li><li><span style=\"color: #7a7a7a;\">Gesti\u00f3n de residuos<\/span><\/li><li><span style=\"color: #7a7a7a;\">Cuidado de la biodiversidad<\/span><\/li><\/ul><\/div>\n\t\t\t\t\t\t\t\t\t<div class=\"elementor-tab-title elementor-tab-mobile-title\" aria-selected=\"false\" data-tab=\"5\" role=\"tab\" tabindex=\"-1\" aria-controls=\"elementor-tab-content-1735\" aria-expanded=\"false\">DESARROLLO COMUNITARIO<\/div>\n\t\t\t\t\t<div id=\"elementor-tab-content-1735\" class=\"elementor-tab-content elementor-clearfix\" data-tab=\"5\" role=\"tabpanel\" aria-labelledby=\"elementor-tab-title-1735\" tabindex=\"0\" hidden=\"hidden\"><p><span style=\"color: #2fa389;\"><strong>DESARROLLO COMUNITARIO<\/strong><\/span><\/p><ul><li style=\"color: #7a7a7a;\">Desarrollo comunitario<\/li><li style=\"color: #7a7a7a;\">Participaci\u00f3n ciudadana<\/li><li style=\"color: #7a7a7a;\">Identificaci\u00f3n de riesgos sociales<\/li><li style=\"color: #7a7a7a;\">Relaci\u00f3n con comunidades nativas<\/li><\/ul><\/div>\n\t\t\t\t\t\t\t<\/div>\n\t\t<\/div>\n\t\t\t\t<\/div>\n\t\t\t\t<\/div>\n\t\t\t\t\t<\/div>\n\t\t<\/div>\n\t\t\t\t\t\t\t<\/div>\n\t\t<\/section>\n\t\t\t\t\t<\/div>\n\t\t<\/div>\n\t\t\t\t\t\t\t<\/div>\n\t\t<\/section>\n\t\t\t\t<section class=\"elementor-section elementor-top-section elementor-element elementor-element-e5588f9 elementor-section-boxed elementor-section-height-default elementor-section-height-default\" data-id=\"e5588f9\" data-element_type=\"section\">\n\t\t\t\t\t\t<div class=\"elementor-container elementor-column-gap-default\">\n\t\t\t\t\t<div class=\"elementor-column elementor-col-100 elementor-top-column elementor-element elementor-element-60a8550 ot-flex-column-vertical\" data-id=\"60a8550\" data-element_type=\"column\">\n\t\t\t<div class=\"elementor-widget-wrap elementor-element-populated\">\n\t\t\t\t\t\t\t\t<div class=\"elementor-element elementor-element-b0dde63 elementor-widget elementor-widget-html\" data-id=\"b0dde63\" data-element_type=\"widget\" data-widget_type=\"html.default\">\n\t\t\t\t<div class=\"elementor-widget-container\">\n\t\t\t<a href=\"https:\/\/sustainabilitygeopark.com\/2019\/cifras\/\"><div style=\"display: flex; align-items: center; position: fixed; top: 50%; right: 0;\">\n    <div id=\"text-reporte-speed\" style=\"width: 190px; font-size: 12px; text-align: center; border: 2px solid #ae0c21; opacity: 0; background-color: #fff; color: #000; pointer-events: none;\">\n        CIFRAS DE NUESTRA GESTI\u00d3N SPEED\/ESG 2019\n    <\/div>\n    \n    <div id=\"btn-flecha\" style=\"border: 2px solid #000; padding: 8px 15px; cursor: pointer;\">\n        <i class=\"fas fa-long-arrow-alt-right\"><\/i>\n    <\/div>\n<\/div>\n<\/a>\n<style>\n    #btn-flecha:hover{\n        background-color: #ae0c21;\n        border: #ae0c21 !important;\n        color: #fff;\n    }\n<\/style>\n\n<script>\n    document.getElementById('btn-flecha').onmouseover = function(){\n            document.getElementById('text-reporte-speed').style.opacity = 1;\n    }\n    \n    document.getElementById('btn-flecha').onmouseout = function(){\n            document.getElementById('text-reporte-speed').style.opacity = 0;\n    }\n<\/script>\n\n<a href=\"https:\/\/sustainabilitygeopark.com\/2019\/mensaje-del-ceo\/\"><div style=\"display: flex; align-items: center; position: fixed; top: 50%; left: 0;\">\n       <div id=\"btn-flecha2\" style=\"border: 2px solid #000; padding: 8px 15px; cursor: pointer;\">\n        <i class=\"fas fa-long-arrow-alt-left\"><\/i>\n    <\/div>\n     <div id=\"text-reporte-speed2\" style=\"width: 170px; padding:9px; font-size: 12px; text-align: center; border: 2px solid #ae0c21; opacity: 0; background-color: #fff; color: #000; pointer-events: none;\">\n        MENSAJE DEL CEO\n    <\/div>\n<\/div>\n<\/a>\n<style>\n    #btn-flecha2:hover{\n        background-color: #ae0c21;\n        border: #ae0c21 !important;\n        color: #fff;\n    }\n<\/style>\n\n<script>\n    document.getElementById('btn-flecha2').onmouseover = function(){\n            document.getElementById('text-reporte-speed2').style.opacity = 1;\n    }\n    \n    document.getElementById('btn-flecha2').onmouseout = function(){\n            document.getElementById('text-reporte-speed2').style.opacity = 0;\n    }\n<\/script>\t\t<\/div>\n\t\t\t\t<\/div>\n\t\t\t\t\t<\/div>\n\t\t<\/div>\n\t\t\t\t\t\t\t<\/div>\n\t\t<\/section>\n\t\t\t\t\t\t\t<\/div>\n\t\t","protected":false},"excerpt":{"rendered":"<p>Introducci\u00f3n &gt; Acerca de este informe\u00a0&gt; Nuestro reporte SPPED\/ESG 2019 NUESTRO REPORTESPEED\/ESG 2019 Nuestro Reporte SPEED\/ESG 2019 es el segundo informe de sostenibilidad elaborado bajo los lineamientos propuestos por Global Reporting Initiative (GRI) en su \u00faltima versi\u00f3n, los est\u00e1ndares GRI, y lo compartimos con nuestros grupos de inter\u00e9s como una muestra m\u00e1s del compromiso con [&hellip;]<\/p>\n","protected":false},"author":1,"featured_media":0,"parent":0,"menu_order":0,"comment_status":"closed","ping_status":"closed","template":"","meta":{"footnotes":""},"class_list":["post-4642","page","type-page","status-publish","hentry"],"_links":{"self":[{"href":"https:\/\/geo-park.com\/sustainability\/2019\/wp-json\/wp\/v2\/pages\/4642","targetHints":{"allow":["GET"]}}],"collection":[{"href":"https:\/\/geo-park.com\/sustainability\/2019\/wp-json\/wp\/v2\/pages"}],"about":[{"href":"https:\/\/geo-park.com\/sustainability\/2019\/wp-json\/wp\/v2\/types\/page"}],"author":[{"embeddable":true,"href":"https:\/\/geo-park.com\/sustainability\/2019\/wp-json\/wp\/v2\/users\/1"}],"replies":[{"embeddable":true,"href":"https:\/\/geo-park.com\/sustainability\/2019\/wp-json\/wp\/v2\/comments?post=4642"}],"version-history":[{"count":188,"href":"https:\/\/geo-park.com\/sustainability\/2019\/wp-json\/wp\/v2\/pages\/4642\/revisions"}],"predecessor-version":[{"id":12225,"href":"https:\/\/geo-park.com\/sustainability\/2019\/wp-json\/wp\/v2\/pages\/4642\/revisions\/12225"}],"wp:attachment":[{"href":"https:\/\/geo-park.com\/sustainability\/2019\/wp-json\/wp\/v2\/media?parent=4642"}],"curies":[{"name":"wp","href":"https:\/\/api.w.org\/{rel}","templated":true}]}}