{"id":4751,"date":"2021-05-05T00:03:50","date_gmt":"2021-05-05T05:03:50","guid":{"rendered":"http:\/\/localhost\/kg2\/?page_id=4751"},"modified":"2021-09-06T19:07:49","modified_gmt":"2021-09-07T00:07:49","slug":"generacion-de-valor","status":"publish","type":"page","link":"https:\/\/geo-park.com\/sustainability\/2019\/generacion-de-valor\/","title":{"rendered":"generacion de valor"},"content":{"rendered":"\t\t<div data-elementor-type=\"wp-page\" data-elementor-id=\"4751\" class=\"elementor elementor-4751\">\n\t\t\t\t\t\t\t\t\t<section class=\"elementor-section elementor-top-section elementor-element elementor-element-2ac04fc elementor-section-boxed elementor-section-height-default elementor-section-height-default\" data-id=\"2ac04fc\" data-element_type=\"section\">\n\t\t\t\t\t\t<div class=\"elementor-container elementor-column-gap-default\">\n\t\t\t\t\t<div class=\"elementor-column elementor-col-100 elementor-top-column elementor-element elementor-element-1da655a ot-flex-column-vertical\" data-id=\"1da655a\" data-element_type=\"column\">\n\t\t\t<div class=\"elementor-widget-wrap elementor-element-populated\">\n\t\t\t\t\t\t\t\t<div class=\"elementor-element elementor-element-f4ee9b8 elementor-widget elementor-widget-text-editor\" data-id=\"f4ee9b8\" data-element_type=\"widget\" data-widget_type=\"text-editor.default\">\n\t\t\t\t<div class=\"elementor-widget-container\">\n\t\t\t\t\t\t\t<p><a href=\"https:\/\/sustainabilitygeopark.com\/web\/introduccion\/\"><span style=\"text-decoration: underline;\">Introducci\u00f3n<\/span><\/a> <span style=\"color: #000000;\">&gt; <\/span><span style=\"color: #ae0c21;\"><span style=\"color: #000000;\"><span style=\"text-decoration: underline;\">Nuestro negocio<\/span> &gt;<\/span> Nuestra generaci\u00f3n de valor<\/span><\/p>\t\t\t\t\t\t<\/div>\n\t\t\t\t<\/div>\n\t\t\t\t\t<\/div>\n\t\t<\/div>\n\t\t\t\t\t\t\t<\/div>\n\t\t<\/section>\n\t\t\t\t<section class=\"elementor-section elementor-top-section elementor-element elementor-element-4d1db8c elementor-section-boxed elementor-section-height-default elementor-section-height-default\" data-id=\"4d1db8c\" data-element_type=\"section\" data-settings=\"{&quot;background_background&quot;:&quot;classic&quot;}\">\n\t\t\t\t\t\t<div class=\"elementor-container elementor-column-gap-default\">\n\t\t\t\t\t<div class=\"elementor-column elementor-col-100 elementor-top-column elementor-element elementor-element-a642483 ot-flex-column-vertical\" data-id=\"a642483\" data-element_type=\"column\">\n\t\t\t<div class=\"elementor-widget-wrap elementor-element-populated\">\n\t\t\t\t\t\t\t\t<section class=\"elementor-section elementor-inner-section elementor-element elementor-element-03c321d elementor-section-boxed elementor-section-height-default elementor-section-height-default\" data-id=\"03c321d\" data-element_type=\"section\">\n\t\t\t\t\t\t<div class=\"elementor-container elementor-column-gap-default\">\n\t\t\t\t\t<div class=\"elementor-column elementor-col-50 elementor-inner-column elementor-element elementor-element-cab4fed ot-flex-column-vertical\" data-id=\"cab4fed\" data-element_type=\"column\">\n\t\t\t<div class=\"elementor-widget-wrap elementor-element-populated\">\n\t\t\t\t\t\t\t\t<div class=\"elementor-element elementor-element-8e81e48 elementor-widget elementor-widget-image\" data-id=\"8e81e48\" data-element_type=\"widget\" data-widget_type=\"image.default\">\n\t\t\t\t<div class=\"elementor-widget-container\">\n\t\t\t\t\t\t\t\t\t\t\t\t\t\t\t<img decoding=\"async\" width=\"1\" height=\"1\" data-src=\"https:\/\/geo-park.com\/sustainability\/2019\/wp-content\/uploads\/2021\/05\/p_vector.svg\" class=\"attachment-large size-large wp-image-6804 lazyload\" alt=\"\" src=\"data:image\/gif;base64,R0lGODlhAQABAAAAACH5BAEKAAEALAAAAAABAAEAAAICTAEAOw==\" style=\"--smush-placeholder-width: 1px; --smush-placeholder-aspect-ratio: 1\/1;\" \/>\t\t\t\t\t\t\t\t\t\t\t\t\t\t\t<\/div>\n\t\t\t\t<\/div>\n\t\t\t\t<div class=\"elementor-element elementor-element-109f71c elementor-widget elementor-widget-spacer\" data-id=\"109f71c\" data-element_type=\"widget\" data-widget_type=\"spacer.default\">\n\t\t\t\t<div class=\"elementor-widget-container\">\n\t\t\t\t\t<div class=\"elementor-spacer\">\n\t\t\t<div class=\"elementor-spacer-inner\"><\/div>\n\t\t<\/div>\n\t\t\t\t<\/div>\n\t\t\t\t<\/div>\n\t\t\t\t\t<\/div>\n\t\t<\/div>\n\t\t\t\t<div class=\"elementor-column elementor-col-50 elementor-inner-column elementor-element elementor-element-5598042 ot-flex-column-vertical\" data-id=\"5598042\" data-element_type=\"column\">\n\t\t\t<div class=\"elementor-widget-wrap elementor-element-populated\">\n\t\t\t\t\t\t\t\t<div class=\"elementor-element elementor-element-007b63b elementor-widget elementor-widget-heading\" data-id=\"007b63b\" data-element_type=\"widget\" data-widget_type=\"heading.default\">\n\t\t\t\t<div class=\"elementor-widget-container\">\n\t\t\t<h1 class=\"elementor-heading-title elementor-size-default\">NUESTRO<br>\nCOMPROMISO<br>\n<b>CON LA<br>\nPROSPERIDAD:<\/b><\/h1>\t\t<\/div>\n\t\t\t\t<\/div>\n\t\t\t\t<div class=\"elementor-element elementor-element-0e4c3ba elementor-widget elementor-widget-spacer\" data-id=\"0e4c3ba\" data-element_type=\"widget\" data-widget_type=\"spacer.default\">\n\t\t\t\t<div class=\"elementor-widget-container\">\n\t\t\t\t\t<div class=\"elementor-spacer\">\n\t\t\t<div class=\"elementor-spacer-inner\"><\/div>\n\t\t<\/div>\n\t\t\t\t<\/div>\n\t\t\t\t<\/div>\n\t\t\t\t<div class=\"elementor-element elementor-element-826f452 elementor-widget elementor-widget-text-editor\" data-id=\"826f452\" data-element_type=\"widget\" data-widget_type=\"text-editor.default\">\n\t\t\t\t<div class=\"elementor-widget-container\">\n\t\t\t\t\t\t\t<p>Actuando con transparencia, creamos valor econ\u00f3mico a largo plazo para retribuir a nuestros accionistar y asegurar nuestro crecimiento sostenible.<\/p>\t\t\t\t\t\t<\/div>\n\t\t\t\t<\/div>\n\t\t\t\t\t<\/div>\n\t\t<\/div>\n\t\t\t\t\t\t\t<\/div>\n\t\t<\/section>\n\t\t\t\t\t<\/div>\n\t\t<\/div>\n\t\t\t\t\t\t\t<\/div>\n\t\t<\/section>\n\t\t\t\t<section class=\"elementor-section elementor-top-section elementor-element elementor-element-e8e83e3 elementor-section-boxed elementor-section-height-default elementor-section-height-default\" data-id=\"e8e83e3\" data-element_type=\"section\">\n\t\t\t\t\t\t<div class=\"elementor-container elementor-column-gap-default\">\n\t\t\t\t\t<div class=\"elementor-column elementor-col-100 elementor-top-column elementor-element elementor-element-38ddb6c ot-flex-column-vertical\" data-id=\"38ddb6c\" data-element_type=\"column\">\n\t\t\t<div class=\"elementor-widget-wrap elementor-element-populated\">\n\t\t\t\t\t\t\t\t<div class=\"elementor-element elementor-element-975a218 elementor-widget elementor-widget-spacer\" data-id=\"975a218\" data-element_type=\"widget\" data-widget_type=\"spacer.default\">\n\t\t\t\t<div class=\"elementor-widget-container\">\n\t\t\t\t\t<div class=\"elementor-spacer\">\n\t\t\t<div class=\"elementor-spacer-inner\"><\/div>\n\t\t<\/div>\n\t\t\t\t<\/div>\n\t\t\t\t<\/div>\n\t\t\t\t\t<\/div>\n\t\t<\/div>\n\t\t\t\t\t\t\t<\/div>\n\t\t<\/section>\n\t\t\t\t<section class=\"elementor-section elementor-top-section elementor-element elementor-element-9a761ae elementor-section-boxed elementor-section-height-default elementor-section-height-default\" data-id=\"9a761ae\" data-element_type=\"section\">\n\t\t\t\t\t\t<div class=\"elementor-container elementor-column-gap-default\">\n\t\t\t\t\t<div class=\"elementor-column elementor-col-100 elementor-top-column elementor-element elementor-element-437de7a ot-flex-column-vertical\" data-id=\"437de7a\" data-element_type=\"column\">\n\t\t\t<div class=\"elementor-widget-wrap elementor-element-populated\">\n\t\t\t\t\t\t\t\t<section class=\"elementor-section elementor-inner-section elementor-element elementor-element-030015c elementor-section-boxed elementor-section-height-default elementor-section-height-default\" data-id=\"030015c\" data-element_type=\"section\">\n\t\t\t\t\t\t<div class=\"elementor-container elementor-column-gap-default\">\n\t\t\t\t\t<div class=\"elementor-column elementor-col-100 elementor-inner-column elementor-element elementor-element-6513e59 ot-flex-column-vertical\" data-id=\"6513e59\" data-element_type=\"column\">\n\t\t\t<div class=\"elementor-widget-wrap elementor-element-populated\">\n\t\t\t\t\t\t\t\t<div class=\"elementor-element elementor-element-93f011d elementor-widget elementor-widget-heading\" data-id=\"93f011d\" data-element_type=\"widget\" data-widget_type=\"heading.default\">\n\t\t\t\t<div class=\"elementor-widget-container\">\n\t\t\t<h2 class=\"elementor-heading-title elementor-size-default\"><strong>GESTI\u00d3N 2019<\/strong><\/h2>\t\t<\/div>\n\t\t\t\t<\/div>\n\t\t\t\t\t<\/div>\n\t\t<\/div>\n\t\t\t\t\t\t\t<\/div>\n\t\t<\/section>\n\t\t\t\t\t<\/div>\n\t\t<\/div>\n\t\t\t\t\t\t\t<\/div>\n\t\t<\/section>\n\t\t\t\t<section class=\"elementor-section elementor-top-section elementor-element elementor-element-e1d0e15 elementor-section-boxed elementor-section-height-default elementor-section-height-default\" data-id=\"e1d0e15\" data-element_type=\"section\">\n\t\t\t\t\t\t<div class=\"elementor-container elementor-column-gap-default\">\n\t\t\t\t\t<div class=\"elementor-column elementor-col-100 elementor-top-column elementor-element elementor-element-3f92faa ot-flex-column-vertical\" data-id=\"3f92faa\" data-element_type=\"column\" data-settings=\"{&quot;background_background&quot;:&quot;classic&quot;}\">\n\t\t\t<div class=\"elementor-widget-wrap elementor-element-populated\">\n\t\t\t\t\t\t\t\t<section class=\"elementor-section elementor-inner-section elementor-element elementor-element-dbabacf elementor-section-boxed elementor-section-height-default elementor-section-height-default\" data-id=\"dbabacf\" data-element_type=\"section\">\n\t\t\t\t\t\t<div class=\"elementor-container elementor-column-gap-default\">\n\t\t\t\t\t<div class=\"elementor-column elementor-col-100 elementor-inner-column elementor-element elementor-element-1568b0c ot-flex-column-vertical\" data-id=\"1568b0c\" data-element_type=\"column\">\n\t\t\t<div class=\"elementor-widget-wrap elementor-element-populated\">\n\t\t\t\t\t\t\t\t<div class=\"elementor-element elementor-element-dd7ccdf elementor-widget elementor-widget-text-editor\" data-id=\"dd7ccdf\" data-element_type=\"widget\" data-widget_type=\"text-editor.default\">\n\t\t\t\t<div class=\"elementor-widget-container\">\n\t\t\t\t\t\t\t<p><div class=\"wptm_table tablesorter-bootstrap \" data-id=\"18\" data-hightlight=\"0\"><div class=\"wptmresponsive dataTables-wptmtable wptmtable\" id=\"wptmtable18\" data-tableid=\"wptmTbl18\"><table id=\"wptmTbl18\" data-id=\"18\" data-responsive=\"false\" data-hideCols=\"false\" data-type=\"html\" data-paging=\"false\" data-searching=\"false\" data-ordering=\"false\" data-table-breakpoint=\"980\" data-scroll-x=\"true\" data-scroll-collapse=\"true\" data-align=\"center\" data-hideColumn=\"[0,0,0,0,0,0,0,0]\" data-colwidths=\"[44,243,44,38,260,33,33,243]\" class=\" disablePager\"><colgroup><col data-dtr=\"0\" data-dtc=\"0\" class=\"dtc0\"><col data-dtr=\"0\" data-dtc=\"1\" class=\"dtc1\"><col data-dtr=\"0\" data-dtc=\"2\" class=\"dtc2\"><col data-dtr=\"0\" data-dtc=\"3\" class=\"dtc3\"><col data-dtr=\"0\" data-dtc=\"4\" class=\"dtc4\"><col data-dtr=\"0\" data-dtc=\"5\" class=\"dtc5\"><col data-dtr=\"0\" data-dtc=\"6\" class=\"dtc6\"><col data-dtr=\"0\" data-dtc=\"7\" class=\"dtc7\"><\/colgroup><thead><tr class=\"wptm-header-cells-index dnone\"><th rowspan=\"1\" colspan=\"1\" data-dtr=\"0\" data-dtc=\"0\" class=\"dtr0 dtc0\"><\/th><th rowspan=\"1\" colspan=\"1\" data-dtr=\"0\" data-dtc=\"1\" class=\"dtr0 dtc1\"><\/th><th rowspan=\"1\" colspan=\"1\" data-dtr=\"0\" data-dtc=\"2\" class=\"dtr0 dtc2\"><\/th><th rowspan=\"1\" colspan=\"1\" data-dtr=\"0\" data-dtc=\"3\" class=\"dtr0 dtc3\"><\/th><th rowspan=\"1\" colspan=\"1\" data-dtr=\"0\" data-dtc=\"4\" class=\"dtr0 dtc4\"><\/th><th rowspan=\"1\" colspan=\"1\" data-dtr=\"0\" data-dtc=\"5\" class=\"dtr0 dtc5\"><\/th><th rowspan=\"1\" colspan=\"1\" data-dtr=\"0\" data-dtc=\"6\" class=\"dtr0 dtc6\"><\/th><th rowspan=\"1\" colspan=\"1\" data-dtr=\"0\" data-dtc=\"7\" class=\"dtr0 dtc7\"><\/th><\/tr><tr class=\" row0\"><th  data-priority=\"0\" class=\"dtr0 dtc0\"><\/th><th  data-priority=\"0\" class=\"dtr0 dtc1\"><\/th><th  data-priority=\"0\" class=\"dtr0 dtc2\"><\/th><th  data-priority=\"0\" class=\"dtr0 dtc3\"><\/th><th  data-priority=\"0\" class=\"dtr0 dtc4\"><\/th><th  data-priority=\"0\" class=\"dtr0 dtc5\"><\/th><th  data-priority=\"0\" class=\"dtr0 dtc6\"><\/th><th  data-priority=\"0\" class=\"dtr0 dtc7\"><\/th><\/thead><tbody><tr class=\" row1\"><td   class=\"dtr1 dtc0\"><\/td><td   class=\"dtr1 dtc1\"><\/td><td   class=\"dtr1 dtc2\"><\/td><td   class=\"dtr1 dtc3\"><\/td><td   class=\"dtr1 dtc4\"><\/td><td   class=\"dtr1 dtc5\"><\/td><td   class=\"dtr1 dtc6\"><\/td><td   class=\"dtr1 dtc7\"><\/td><\/tr><tr class=\" row2\"><td   class=\"dtr2 dtc0\"><\/td><td   class=\"dtr2 dtc1\">197,3 mmboe<\/td><td   class=\"dtr2 dtc2\"><\/td><td   class=\"dtr2 dtc3\"><\/td><td   class=\"dtr2 dtc4\">40 mboepd<\/td><td   class=\"dtr2 dtc5\"><\/td><td   class=\"dtr2 dtc6\"><\/td><td   class=\"dtr2 dtc7\">$628,9 MM<\/td><\/tr><tr class=\" row3\"><td   class=\"dtr3 dtc0\"><\/td><td   class=\"dtr3 dtc1\">Reservas 2P<\/td><td   class=\"dtr3 dtc2\"><\/td><td   class=\"dtr3 dtc3\"><\/td><td   class=\"dtr3 dtc4\">Producci\u00f3n diaria promedio<\/td><td   class=\"dtr3 dtc5\"><\/td><td   class=\"dtr3 dtc6\"><\/td><td   class=\"dtr3 dtc7\">Ingresos<\/td><\/tr><tr class=\" row4\"><td   class=\"dtr4 dtc0\"><\/td><td   class=\"dtr4 dtc1\"><\/td><td   class=\"dtr4 dtc2\"><\/td><td   class=\"dtr4 dtc3\"><\/td><td   class=\"dtr4 dtc4\"><\/td><td   class=\"dtr4 dtc5\"><\/td><td   class=\"dtr4 dtc6\"><\/td><td   class=\"dtr4 dtc7\"><\/td><\/tr><tr class=\" row5\"><td   class=\"dtr5 dtc0\"><\/td><td   class=\"dtr5 dtc1\"><\/td><td   class=\"dtr5 dtc2\"><\/td><td   class=\"dtr5 dtc3\"><\/td><td   class=\"dtr5 dtc4\"><\/td><td   class=\"dtr5 dtc5\"><\/td><td   class=\"dtr5 dtc6\"><\/td><td   class=\"dtr5 dtc7\"><\/td><\/tr><tr class=\" row6\"><td   class=\"dtr6 dtc0\"><\/td><td   class=\"dtr6 dtc1\">$64,6 MM<\/td><td   class=\"dtr6 dtc2\"><\/td><td   class=\"dtr6 dtc3\"><\/td><td   class=\"dtr6 dtc4\">$88,6 MM<\/td><td   class=\"dtr6 dtc5\"><\/td><td   class=\"dtr6 dtc6\"><\/td><td   class=\"dtr6 dtc7\">$363,3 MM<\/td><\/tr><tr class=\" row7\"><td   class=\"dtr7 dtc0\"><\/td><td   class=\"dtr7 dtc1\">Regal\u00edas consolidadas<\/td><td   class=\"dtr7 dtc2\"><\/td><td   class=\"dtr7 dtc3\"><\/td><td   class=\"dtr7 dtc4\">Pagos por impuesto a la renta<\/td><td   class=\"dtr7 dtc5\"><\/td><td   class=\"dtr7 dtc6\"><\/td><td   class=\"dtr7 dtc7\">EBITDA Ajustado<\/td><\/tr><tr class=\" row8\"><td   class=\"dtr8 dtc0\"><\/td><td   class=\"dtr8 dtc1\"><\/td><td   class=\"dtr8 dtc2\"><\/td><td   class=\"dtr8 dtc3\"><\/td><td   class=\"dtr8 dtc4\"><\/td><td   class=\"dtr8 dtc5\"><\/td><td   class=\"dtr8 dtc6\"><\/td><td   class=\"dtr8 dtc7\"><\/td><\/tr><tr class=\" row9\"><td   class=\"dtr9 dtc0\"><\/td><td   class=\"dtr9 dtc1\"><\/td><td   class=\"dtr9 dtc2\"><\/td><td   class=\"dtr9 dtc3\"><\/td><td   class=\"dtr9 dtc4\"><\/td><td   class=\"dtr9 dtc5\"><\/td><td   class=\"dtr9 dtc6\"><\/td><td   class=\"dtr9 dtc7\"><\/td><\/tr><tr class=\" row10\"><td   class=\"dtr10 dtc0\"><\/td><td   class=\"dtr10 dtc1\">33<\/td><td   class=\"dtr10 dtc2\"><\/td><td   class=\"dtr10 dtc3\"><\/td><td   class=\"dtr10 dtc4\">125,5 mmboe<\/td><td   class=\"dtr10 dtc5\"><\/td><td   class=\"dtr10 dtc6\"><\/td><td   class=\"dtr10 dtc7\">20%<\/td><\/tr><tr class=\" row11\"><td   class=\"dtr11 dtc0\"><\/td><td   class=\"dtr11 dtc1\">Pozos perforados (entre desarrollo y exploratorios)<\/td><td   class=\"dtr11 dtc2\"><\/td><td   class=\"dtr11 dtc3\"><\/td><td   class=\"dtr11 dtc4\">Producci\u00f3n acumulada operada gross a 2019<\/td><td   class=\"dtr11 dtc5\"><\/td><td   class=\"dtr11 dtc6\"><\/td><td   class=\"dtr11 dtc7\">CAGR en producci\u00f3n de petr\u00f3leo y gas<\/td><\/tr><tr class=\" row12\"><td   class=\"dtr12 dtc0\"><\/td><td   class=\"dtr12 dtc1\"><\/td><td   class=\"dtr12 dtc2\"><\/td><td   class=\"dtr12 dtc3\"><\/td><td   class=\"dtr12 dtc4\"><\/td><td   class=\"dtr12 dtc5\"><\/td><td   class=\"dtr12 dtc6\"><\/td><td   class=\"dtr12 dtc7\"><\/td><\/tr><tr class=\" row13\"><td   class=\"dtr13 dtc0\"><\/td><td   class=\"dtr13 dtc1\"><\/td><td   class=\"dtr13 dtc2\"><\/td><td   class=\"dtr13 dtc3\"><\/td><td   class=\"dtr13 dtc4\"><\/td><td   class=\"dtr13 dtc5\"><\/td><td   class=\"dtr13 dtc6\"><\/td><td   class=\"dtr13 dtc7\"><\/td><\/tr><tr class=\" row14\"><td   class=\"dtr14 dtc0\"><\/td><td   class=\"dtr14 dtc1\">17%<\/td><td   class=\"dtr14 dtc2\"><\/td><td   class=\"dtr14 dtc3\"><\/td><td   class=\"dtr14 dtc4\">$7,6<\/td><td   class=\"dtr14 dtc5\"><\/td><td   class=\"dtr14 dtc6\"><\/td><td   class=\"dtr14 dtc7\">413%<\/td><\/tr><tr class=\" row15\"><td   class=\"dtr15 dtc0\"><\/td><td   class=\"dtr15 dtc1\">CAGR en reservas netas 2P<\/td><td   class=\"dtr15 dtc2\"><\/td><td   class=\"dtr15 dtc3\"><\/td><td   class=\"dtr15 dtc4\">Costos operativos boe ($4,6 por barril en bloque Llanos 34)<\/td><td   class=\"dtr15 dtc5\"><\/td><td   class=\"dtr15 dtc6\"><\/td><td   class=\"dtr15 dtc7\">Incremento del precio de la acci\u00f3n entre 2017 y 2019. Acci\u00f3n con mejor desempe\u00f1o del sector E&#038;P en la Bolsa de Valores Nueva York (NYSE)<\/td><\/tr><tr class=\" row16\"><td   class=\"dtr16 dtc0\"><\/td><td  colspan=\"7\"  class=\"dtr16 dtc1\">(Valores monetarios expresados en d\u00f3lares)<\/td><td  style=\"display: none\"  class=\"dtr16 dtc2\"><\/td><td  style=\"display: none\"  class=\"dtr16 dtc3\"><\/td><td  style=\"display: none\"  class=\"dtr16 dtc4\"><\/td><td  style=\"display: none\"  class=\"dtr16 dtc5\"><\/td><td  style=\"display: none\"  class=\"dtr16 dtc6\"><\/td><td  style=\"display: none\"  class=\"dtr16 dtc7\"><\/td><\/tr><\/tbody><tfoot><td class=\"dtr16 dtc0\" style=\"height: 0;\"><\/td><td class=\"dtr16 dtc1\" style=\"height: 0;\"><\/td><td class=\"dtr16 dtc2\" style=\"height: 0;\"><\/td><td class=\"dtr16 dtc3\" style=\"height: 0;\"><\/td><td class=\"dtr16 dtc4\" style=\"height: 0;\"><\/td><td class=\"dtr16 dtc5\" style=\"height: 0;\"><\/td><td class=\"dtr16 dtc6\" style=\"height: 0;\"><\/td><td class=\"dtr16 dtc7\" style=\"height: 0;\"><\/td><\/tfoot><\/table><\/div><style>#wptmtable18 .dataTables_wrapper > .dataTables_scroll {max-height:500px;overflow: auto;}<\/style><script>wptm_ajaxurl = 'https:\/\/geo-park.com\/sustainability\/2019\/wp-admin\/admin-ajax.php?juwpfisadmin=false&action=Wptm&';<\/script><\/div><style>.droptables-highlight-horizontal, .droptables-highlight-vertical  {  color: #ffffff !important; background: rgba(118,188,88,0.9) !important; }<\/style><\/p>\t\t\t\t\t\t<\/div>\n\t\t\t\t<\/div>\n\t\t\t\t\t<\/div>\n\t\t<\/div>\n\t\t\t\t\t\t\t<\/div>\n\t\t<\/section>\n\t\t\t\t\t<\/div>\n\t\t<\/div>\n\t\t\t\t\t\t\t<\/div>\n\t\t<\/section>\n\t\t\t\t<section class=\"elementor-section elementor-top-section elementor-element elementor-element-3aae0bb elementor-section-boxed elementor-section-height-default elementor-section-height-default\" data-id=\"3aae0bb\" data-element_type=\"section\">\n\t\t\t\t\t\t<div class=\"elementor-container elementor-column-gap-default\">\n\t\t\t\t\t<div class=\"elementor-column elementor-col-100 elementor-top-column elementor-element elementor-element-c4ba37c ot-flex-column-vertical\" data-id=\"c4ba37c\" data-element_type=\"column\">\n\t\t\t<div class=\"elementor-widget-wrap elementor-element-populated\">\n\t\t\t\t\t\t\t\t<div class=\"elementor-element elementor-element-19c0dc1 elementor-widget elementor-widget-html\" data-id=\"19c0dc1\" data-element_type=\"widget\" data-widget_type=\"html.default\">\n\t\t\t\t<div class=\"elementor-widget-container\">\n\t\t\t<a href=\"https:\/\/sustainabilitygeopark.com\/2019\/desempeno\/\"><div style=\"display: flex; align-items: center; position: fixed; top: 50%; right: 0;\">\n    <div id=\"text-reporte-speed\" style=\"width: 170px; font-size: 12px; text-align: center; border: 2px solid #ae0c21; opacity: 0; background-color: #fff; color: #000; pointer-events: none;\">\n        DESEMPE\u00d1O<br> ECON\u00d3MICO\n    <\/div>\n    \n    <div id=\"btn-flecha\" style=\"border: 2px solid #000; padding: 8px 15px; cursor: pointer;\">\n        <i class=\"fas fa-long-arrow-alt-right\"><\/i>\n    <\/div>\n<\/div>\n<\/a>\n<style>\n    #btn-flecha:hover{\n        background-color: #ae0c21;\n        border: #ae0c21 !important;\n        color: #fff;\n    }\n<\/style>\n\n<script>\n    document.getElementById('btn-flecha').onmouseover = function(){\n            document.getElementById('text-reporte-speed').style.opacity = 1;\n    }\n    \n    document.getElementById('btn-flecha').onmouseout = function(){\n            document.getElementById('text-reporte-speed').style.opacity = 0;\n    }\n<\/script>\n\n<a href=\"https:\/\/sustainabilitygeopark.com\/2019\/modelo-de-negocio\/\"><div style=\"display: flex; align-items: center; position: fixed; top: 50%; left: 0;\">\n       <div id=\"btn-flecha2\" style=\"border: 2px solid #000; padding: 8px 15px; cursor: pointer;\">\n        <i class=\"fas fa-long-arrow-alt-left\"><\/i>\n    <\/div>\n     <div id=\"text-reporte-speed2\" style=\"width: 170px; font-size: 12px; text-align: center; border: 2px solid #ae0c21; opacity: 0; background-color: #fff; color: #000; pointer-events: none;\">\n        MODELO DE NEGOCIO Y<br>PROPUESTA DE VALOR\n    <\/div>\n<\/div>\n<\/a>\n<style>\n    #btn-flecha2:hover{\n        background-color: #ae0c21;\n        border: #ae0c21 !important;\n        color: #fff;\n    }\n<\/style>\n\n<script>\n    document.getElementById('btn-flecha2').onmouseover = function(){\n            document.getElementById('text-reporte-speed2').style.opacity = 1;\n    }\n    \n    document.getElementById('btn-flecha2').onmouseout = function(){\n            document.getElementById('text-reporte-speed2').style.opacity = 0;\n    }\n<\/script>\t\t<\/div>\n\t\t\t\t<\/div>\n\t\t\t\t\t<\/div>\n\t\t<\/div>\n\t\t\t\t\t\t\t<\/div>\n\t\t<\/section>\n\t\t\t\t\t\t\t<\/div>\n\t\t","protected":false},"excerpt":{"rendered":"<p>Introducci\u00f3n &gt; Nuestro negocio &gt; Nuestra generaci\u00f3n de valor NUESTRO COMPROMISO CON LA PROSPERIDAD: Actuando con transparencia, creamos valor econ\u00f3mico a largo plazo para retribuir a nuestros accionistar y asegurar nuestro crecimiento sostenible. GESTI\u00d3N 2019 DESEMPE\u00d1O ECON\u00d3MICO MODELO DE NEGOCIO YPROPUESTA DE VALOR<\/p>\n","protected":false},"author":1,"featured_media":0,"parent":0,"menu_order":0,"comment_status":"closed","ping_status":"closed","template":"","meta":{"footnotes":""},"class_list":["post-4751","page","type-page","status-publish","hentry"],"_links":{"self":[{"href":"https:\/\/geo-park.com\/sustainability\/2019\/wp-json\/wp\/v2\/pages\/4751","targetHints":{"allow":["GET"]}}],"collection":[{"href":"https:\/\/geo-park.com\/sustainability\/2019\/wp-json\/wp\/v2\/pages"}],"about":[{"href":"https:\/\/geo-park.com\/sustainability\/2019\/wp-json\/wp\/v2\/types\/page"}],"author":[{"embeddable":true,"href":"https:\/\/geo-park.com\/sustainability\/2019\/wp-json\/wp\/v2\/users\/1"}],"replies":[{"embeddable":true,"href":"https:\/\/geo-park.com\/sustainability\/2019\/wp-json\/wp\/v2\/comments?post=4751"}],"version-history":[{"count":152,"href":"https:\/\/geo-park.com\/sustainability\/2019\/wp-json\/wp\/v2\/pages\/4751\/revisions"}],"predecessor-version":[{"id":12247,"href":"https:\/\/geo-park.com\/sustainability\/2019\/wp-json\/wp\/v2\/pages\/4751\/revisions\/12247"}],"wp:attachment":[{"href":"https:\/\/geo-park.com\/sustainability\/2019\/wp-json\/wp\/v2\/media?parent=4751"}],"curies":[{"name":"wp","href":"https:\/\/api.w.org\/{rel}","templated":true}]}}