{"id":4773,"date":"2021-05-05T09:32:12","date_gmt":"2021-05-05T14:32:12","guid":{"rendered":"http:\/\/localhost\/kg2\/?page_id=4773"},"modified":"2021-09-06T19:12:08","modified_gmt":"2021-09-07T00:12:08","slug":"certificaciones","status":"publish","type":"page","link":"https:\/\/geo-park.com\/sustainability\/2019\/certificaciones\/","title":{"rendered":"certificaciones"},"content":{"rendered":"\t\t<div data-elementor-type=\"wp-page\" data-elementor-id=\"4773\" class=\"elementor elementor-4773\">\n\t\t\t\t\t\t\t\t\t<section class=\"elementor-section elementor-top-section elementor-element elementor-element-adf8117 elementor-section-boxed elementor-section-height-default elementor-section-height-default\" data-id=\"adf8117\" data-element_type=\"section\">\n\t\t\t\t\t\t<div class=\"elementor-container elementor-column-gap-default\">\n\t\t\t\t\t<div class=\"elementor-column elementor-col-100 elementor-top-column elementor-element elementor-element-361181d ot-flex-column-vertical\" data-id=\"361181d\" data-element_type=\"column\">\n\t\t\t<div class=\"elementor-widget-wrap elementor-element-populated\">\n\t\t\t\t\t\t\t\t<div class=\"elementor-element elementor-element-bb13b04 elementor-widget elementor-widget-text-editor\" data-id=\"bb13b04\" data-element_type=\"widget\" data-widget_type=\"text-editor.default\">\n\t\t\t\t<div class=\"elementor-widget-container\">\n\t\t\t\t\t\t\t<a href=\"http:\/\/localhost\/kg2\/introduccion\/\"><span style=\"text-decoration: underline;\">Introducci\u00f3n<\/span><\/a> <span style=\"color: #000000;\">&gt; <\/span><span style=\"color: #ae0c21;\"><span style=\"color: #000000;\"><span style=\"text-decoration: underline;\">Nuestro negocio<\/span> &gt;<\/span> Certificaciones y reconocimientos<\/span>\t\t\t\t\t\t<\/div>\n\t\t\t\t<\/div>\n\t\t\t\t\t<\/div>\n\t\t<\/div>\n\t\t\t\t\t\t\t<\/div>\n\t\t<\/section>\n\t\t\t\t<section class=\"elementor-section elementor-top-section elementor-element elementor-element-944e95b elementor-section-boxed elementor-section-height-default elementor-section-height-default\" data-id=\"944e95b\" data-element_type=\"section\">\n\t\t\t\t\t\t<div class=\"elementor-container elementor-column-gap-default\">\n\t\t\t\t\t<div class=\"elementor-column elementor-col-100 elementor-top-column elementor-element elementor-element-5340e97 ot-flex-column-vertical\" data-id=\"5340e97\" data-element_type=\"column\">\n\t\t\t<div class=\"elementor-widget-wrap elementor-element-populated\">\n\t\t\t\t\t\t\t\t<section class=\"elementor-section elementor-inner-section elementor-element elementor-element-d52449f elementor-section-boxed elementor-section-height-default elementor-section-height-default\" data-id=\"d52449f\" data-element_type=\"section\">\n\t\t\t\t\t\t<div class=\"elementor-container elementor-column-gap-default\">\n\t\t\t\t\t<div class=\"elementor-column elementor-col-100 elementor-inner-column elementor-element elementor-element-ce3a664 ot-flex-column-vertical\" data-id=\"ce3a664\" data-element_type=\"column\">\n\t\t\t<div class=\"elementor-widget-wrap elementor-element-populated\">\n\t\t\t\t\t\t\t\t<div class=\"elementor-element elementor-element-1ee665d elementor-widget elementor-widget-spacer\" data-id=\"1ee665d\" data-element_type=\"widget\" data-widget_type=\"spacer.default\">\n\t\t\t\t<div class=\"elementor-widget-container\">\n\t\t\t\t\t<div class=\"elementor-spacer\">\n\t\t\t<div class=\"elementor-spacer-inner\"><\/div>\n\t\t<\/div>\n\t\t\t\t<\/div>\n\t\t\t\t<\/div>\n\t\t\t\t<div class=\"elementor-element elementor-element-eb87eba elementor-widget elementor-widget-image\" data-id=\"eb87eba\" data-element_type=\"widget\" data-widget_type=\"image.default\">\n\t\t\t\t<div class=\"elementor-widget-container\">\n\t\t\t\t\t\t\t\t\t\t\t\t\t\t\t<img decoding=\"async\" width=\"1200\" height=\"400\" data-src=\"https:\/\/geo-park.com\/sustainability\/2019\/wp-content\/uploads\/2021\/05\/certifiaciones_1.jpg\" class=\"attachment-full size-full wp-image-4775 lazyload\" alt=\"\" data-srcset=\"https:\/\/geo-park.com\/sustainability\/2019\/wp-content\/uploads\/2021\/05\/certifiaciones_1.jpg 1200w, https:\/\/geo-park.com\/sustainability\/2019\/wp-content\/uploads\/2021\/05\/certifiaciones_1-300x100.jpg 300w, https:\/\/geo-park.com\/sustainability\/2019\/wp-content\/uploads\/2021\/05\/certifiaciones_1-1024x341.jpg 1024w, https:\/\/geo-park.com\/sustainability\/2019\/wp-content\/uploads\/2021\/05\/certifiaciones_1-768x256.jpg 768w\" data-sizes=\"(max-width: 1200px) 100vw, 1200px\" src=\"data:image\/gif;base64,R0lGODlhAQABAAAAACH5BAEKAAEALAAAAAABAAEAAAICTAEAOw==\" style=\"--smush-placeholder-width: 1200px; --smush-placeholder-aspect-ratio: 1200\/400;\" \/>\t\t\t\t\t\t\t\t\t\t\t\t\t\t\t<\/div>\n\t\t\t\t<\/div>\n\t\t\t\t<div class=\"elementor-element elementor-element-e1a79f3 elementor-widget elementor-widget-heading\" data-id=\"e1a79f3\" data-element_type=\"widget\" data-widget_type=\"heading.default\">\n\t\t\t\t<div class=\"elementor-widget-container\">\n\t\t\t<h3 class=\"elementor-heading-title elementor-size-default\">CERTIFICACIONES Y RECONOCIMIENTOS<\/h3>\t\t<\/div>\n\t\t\t\t<\/div>\n\t\t\t\t<div class=\"elementor-element elementor-element-43a9677 elementor-widget elementor-widget-heading\" data-id=\"43a9677\" data-element_type=\"widget\" data-widget_type=\"heading.default\">\n\t\t\t\t<div class=\"elementor-widget-container\">\n\t\t\t<h4 class=\"elementor-heading-title elementor-size-default\"><img decoding=\"async\" data-src=\"https:\/\/sustainabilitygeopark.com\/2019\/wp-content\/uploads\/2021\/05\/icon_reco.png\" src=\"data:image\/gif;base64,R0lGODlhAQABAAAAACH5BAEKAAEALAAAAAABAAEAAAICTAEAOw==\" class=\"lazyload\" \/>RECONOCIMIENTOS<\/h4>\t\t<\/div>\n\t\t\t\t<\/div>\n\t\t\t\t\t<\/div>\n\t\t<\/div>\n\t\t\t\t\t\t\t<\/div>\n\t\t<\/section>\n\t\t\t\t\t<\/div>\n\t\t<\/div>\n\t\t\t\t\t\t\t<\/div>\n\t\t<\/section>\n\t\t\t\t<section class=\"elementor-section elementor-top-section elementor-element elementor-element-f5fd8c0 elementor-section-boxed elementor-section-height-default elementor-section-height-default\" data-id=\"f5fd8c0\" data-element_type=\"section\">\n\t\t\t\t\t\t<div class=\"elementor-container elementor-column-gap-default\">\n\t\t\t\t\t<div class=\"elementor-column elementor-col-100 elementor-top-column elementor-element elementor-element-71c3370 ot-flex-column-vertical\" data-id=\"71c3370\" data-element_type=\"column\">\n\t\t\t<div class=\"elementor-widget-wrap elementor-element-populated\">\n\t\t\t\t\t\t\t\t<section class=\"elementor-section elementor-inner-section elementor-element elementor-element-d7e3b91 elementor-section-boxed elementor-section-height-default elementor-section-height-default\" data-id=\"d7e3b91\" data-element_type=\"section\">\n\t\t\t\t\t\t<div class=\"elementor-container elementor-column-gap-default\">\n\t\t\t\t\t<div class=\"elementor-column elementor-col-50 elementor-inner-column elementor-element elementor-element-a13eeeb ot-flex-column-vertical\" data-id=\"a13eeeb\" data-element_type=\"column\">\n\t\t\t<div class=\"elementor-widget-wrap elementor-element-populated\">\n\t\t\t\t\t\t\t\t<div class=\"elementor-element elementor-element-7213b12 elementor-widget elementor-widget-text-editor\" data-id=\"7213b12\" data-element_type=\"widget\" data-widget_type=\"text-editor.default\">\n\t\t\t\t<div class=\"elementor-widget-container\">\n\t\t\t\t\t\t\t<ul><li style=\"text-align: left;\">Compa\u00f1\u00eda del sector petr\u00f3leo y gas con el mejor desempe\u00f1o de sus acciones en la Bolsa de Valores de Nueva York (NYSE).<\/li><li style=\"text-align: left;\">Reconocimiento otorgado por el Ministerio de Minas y Energ\u00eda, la Agencia Nacional de Hidrocarburos y la Agencia Nacional de Miner\u00eda de Colombia, a experiencias significativas en la implementaci\u00f3n de buenas pr\u00e1cticas ambientales y sociales para el sector minero-energ\u00e9tico. Primer lugar en las categor\u00edas de Gesti\u00f3n del Conflicto Social y de Gesti\u00f3n Laboral.<\/li><\/ul>\t\t\t\t\t\t<\/div>\n\t\t\t\t<\/div>\n\t\t\t\t\t<\/div>\n\t\t<\/div>\n\t\t\t\t<div class=\"elementor-column elementor-col-50 elementor-inner-column elementor-element elementor-element-4156426 ot-flex-column-vertical\" data-id=\"4156426\" data-element_type=\"column\">\n\t\t\t<div class=\"elementor-widget-wrap elementor-element-populated\">\n\t\t\t\t\t\t\t\t<div class=\"elementor-element elementor-element-fcad8a1 elementor-widget elementor-widget-text-editor\" data-id=\"fcad8a1\" data-element_type=\"widget\" data-widget_type=\"text-editor.default\">\n\t\t\t\t<div class=\"elementor-widget-container\">\n\t\t\t\t\t\t\t<ul><li style=\"text-align: left;\">Mejor Equipo, Mejor Programa de Relaciones con Inversores y Mejores Indicadores de ESG (Environmental, Social and Governance) del sector Oil, Gas &amp; Petrochemicals en Latinoam\u00e9rica (Publicaci\u00f3n de finanzas estadounidense Institutional Investor).<\/li><li style=\"text-align: left;\">Reconocimiento otorgado por parte del Ministerio del Trabajo y Previsi\u00f3n Social de Chile con el \u201cPremio Inclusi\u00f3n 2019\u201d en la Regi\u00f3n de Magallanes bajo el \u00e1mbito de la Ley 21015 de Inclusi\u00f3n Laboral.<\/li><\/ul>\t\t\t\t\t\t<\/div>\n\t\t\t\t<\/div>\n\t\t\t\t\t<\/div>\n\t\t<\/div>\n\t\t\t\t\t\t\t<\/div>\n\t\t<\/section>\n\t\t\t\t\t<\/div>\n\t\t<\/div>\n\t\t\t\t\t\t\t<\/div>\n\t\t<\/section>\n\t\t\t\t<section class=\"elementor-section elementor-top-section elementor-element elementor-element-3f8ce1f elementor-section-boxed elementor-section-height-default elementor-section-height-default\" data-id=\"3f8ce1f\" data-element_type=\"section\">\n\t\t\t\t\t\t<div class=\"elementor-container elementor-column-gap-default\">\n\t\t\t\t\t<div class=\"elementor-column elementor-col-100 elementor-top-column elementor-element elementor-element-e96a82a ot-flex-column-vertical\" data-id=\"e96a82a\" data-element_type=\"column\">\n\t\t\t<div class=\"elementor-widget-wrap elementor-element-populated\">\n\t\t\t\t\t\t\t\t<section class=\"elementor-section elementor-inner-section elementor-element elementor-element-4ea0845 elementor-section-boxed elementor-section-height-default elementor-section-height-default\" data-id=\"4ea0845\" data-element_type=\"section\">\n\t\t\t\t\t\t<div class=\"elementor-container elementor-column-gap-default\">\n\t\t\t\t\t<div class=\"elementor-column elementor-col-100 elementor-inner-column elementor-element elementor-element-45216b6 ot-flex-column-vertical\" data-id=\"45216b6\" data-element_type=\"column\">\n\t\t\t<div class=\"elementor-widget-wrap elementor-element-populated\">\n\t\t\t\t\t\t\t\t<div class=\"elementor-element elementor-element-8dfd482 elementor-widget elementor-widget-heading\" data-id=\"8dfd482\" data-element_type=\"widget\" data-widget_type=\"heading.default\">\n\t\t\t\t<div class=\"elementor-widget-container\">\n\t\t\t<h4 class=\"elementor-heading-title elementor-size-default\"><img decoding=\"async\" data-src=\"https:\/\/sustainabilitygeopark.com\/2019\/wp-content\/uploads\/2021\/05\/icon_cert.png\" src=\"data:image\/gif;base64,R0lGODlhAQABAAAAACH5BAEKAAEALAAAAAABAAEAAAICTAEAOw==\" class=\"lazyload\" \/>CERTIFICACIONES<\/h4>\t\t<\/div>\n\t\t\t\t<\/div>\n\t\t\t\t\t<\/div>\n\t\t<\/div>\n\t\t\t\t\t\t\t<\/div>\n\t\t<\/section>\n\t\t\t\t\t<\/div>\n\t\t<\/div>\n\t\t\t\t\t\t\t<\/div>\n\t\t<\/section>\n\t\t\t\t<section class=\"elementor-section elementor-top-section elementor-element elementor-element-8afacbe elementor-section-boxed elementor-section-height-default elementor-section-height-default\" data-id=\"8afacbe\" data-element_type=\"section\">\n\t\t\t\t\t\t<div class=\"elementor-container elementor-column-gap-default\">\n\t\t\t\t\t<div class=\"elementor-column elementor-col-100 elementor-top-column elementor-element elementor-element-64d1a30 ot-flex-column-vertical\" data-id=\"64d1a30\" data-element_type=\"column\">\n\t\t\t<div class=\"elementor-widget-wrap elementor-element-populated\">\n\t\t\t\t\t\t\t\t<section class=\"elementor-section elementor-inner-section elementor-element elementor-element-6f0ccf3 elementor-section-boxed elementor-section-height-default elementor-section-height-default\" data-id=\"6f0ccf3\" data-element_type=\"section\">\n\t\t\t\t\t\t<div class=\"elementor-container elementor-column-gap-default\">\n\t\t\t\t\t<div class=\"elementor-column elementor-col-50 elementor-inner-column elementor-element elementor-element-3f5a4d8 ot-flex-column-vertical\" data-id=\"3f5a4d8\" data-element_type=\"column\">\n\t\t\t<div class=\"elementor-widget-wrap elementor-element-populated\">\n\t\t\t\t\t\t\t\t<div class=\"elementor-element elementor-element-53cd8a9 elementor-widget elementor-widget-text-editor\" data-id=\"53cd8a9\" data-element_type=\"widget\" data-widget_type=\"text-editor.default\">\n\t\t\t\t<div class=\"elementor-widget-container\">\n\t\t\t\t\t\t\t<ul><li style=\"text-align: left;\"><span style=\"color: #7a7a7a;\">Certificaci\u00f3n ISO 14001:2015 para las actividades enmarcadas en el Sistema de Gesti\u00f3n Ambiental en Colombia.<\/span><\/li><\/ul>\t\t\t\t\t\t<\/div>\n\t\t\t\t<\/div>\n\t\t\t\t\t<\/div>\n\t\t<\/div>\n\t\t\t\t<div class=\"elementor-column elementor-col-50 elementor-inner-column elementor-element elementor-element-187cac9 ot-flex-column-vertical\" data-id=\"187cac9\" data-element_type=\"column\">\n\t\t\t<div class=\"elementor-widget-wrap elementor-element-populated\">\n\t\t\t\t\t\t\t\t<div class=\"elementor-element elementor-element-4b0ac15 elementor-widget elementor-widget-text-editor\" data-id=\"4b0ac15\" data-element_type=\"widget\" data-widget_type=\"text-editor.default\">\n\t\t\t\t<div class=\"elementor-widget-container\">\n\t\t\t\t\t\t\t<ul><li style=\"text-align: left;\">Proceso de verificaci\u00f3n de los gases de efecto invernadero (GEI), con base en la norma NTC-ISO 14064 \u2013 3:2006 para cuantificar y reportar las emisiones generadas en Colombia.<\/li><\/ul>\t\t\t\t\t\t<\/div>\n\t\t\t\t<\/div>\n\t\t\t\t\t<\/div>\n\t\t<\/div>\n\t\t\t\t\t\t\t<\/div>\n\t\t<\/section>\n\t\t\t\t\t<\/div>\n\t\t<\/div>\n\t\t\t\t\t\t\t<\/div>\n\t\t<\/section>\n\t\t\t\t<section class=\"elementor-section elementor-top-section elementor-element elementor-element-e36b8b0 elementor-section-boxed elementor-section-height-default elementor-section-height-default\" data-id=\"e36b8b0\" data-element_type=\"section\">\n\t\t\t\t\t\t<div class=\"elementor-container elementor-column-gap-default\">\n\t\t\t\t\t<div class=\"elementor-column elementor-col-100 elementor-top-column elementor-element elementor-element-9632d3c ot-flex-column-vertical\" data-id=\"9632d3c\" data-element_type=\"column\">\n\t\t\t<div class=\"elementor-widget-wrap elementor-element-populated\">\n\t\t\t\t\t\t\t\t<div class=\"elementor-element elementor-element-a0f2162 elementor-widget elementor-widget-spacer\" data-id=\"a0f2162\" data-element_type=\"widget\" data-widget_type=\"spacer.default\">\n\t\t\t\t<div class=\"elementor-widget-container\">\n\t\t\t\t\t<div class=\"elementor-spacer\">\n\t\t\t<div class=\"elementor-spacer-inner\"><\/div>\n\t\t<\/div>\n\t\t\t\t<\/div>\n\t\t\t\t<\/div>\n\t\t\t\t<div class=\"elementor-element elementor-element-d515025 elementor-widget elementor-widget-html\" data-id=\"d515025\" data-element_type=\"widget\" data-widget_type=\"html.default\">\n\t\t\t\t<div class=\"elementor-widget-container\">\n\t\t\t<a href=\"https:\/\/sustainabilitygeopark.com\/2019\/estructura\/\"><div style=\"display: flex; align-items: center; position: fixed; top: 50%; right: 0;\">\n    <div id=\"text-reporte-speed\" style=\"width: 170px; font-size: 12px; text-align: center; border: 2px solid #ae0c21; opacity: 0; background-color: #fff; color: #000; pointer-events: none;\">\n       NUESTRA<br> ESTRUCTURA\n    <\/div>\n    \n    <div id=\"btn-flecha\" style=\"border: 2px solid #000; padding: 8px 15px; cursor: pointer;\">\n        <i class=\"fas fa-long-arrow-alt-right\"><\/i>\n    <\/div>\n<\/div>\n<\/a>\n<style>\n    #btn-flecha:hover{\n        background-color: #ae0c21;\n        border: #ae0c21 !important;\n        color: #fff;\n    }\n<\/style>\n\n<script>\n    document.getElementById('btn-flecha').onmouseover = function(){\n            document.getElementById('text-reporte-speed').style.opacity = 1;\n    }\n    \n    document.getElementById('btn-flecha').onmouseout = function(){\n            document.getElementById('text-reporte-speed').style.opacity = 0;\n    }\n<\/script>\n\n<a href=\"https:\/\/sustainabilitygeopark.com\/2019\/desempeno\/\"><div style=\"display: flex; align-items: center; position: fixed; top: 50%; left: 0;\">\n       <div id=\"btn-flecha2\" style=\"border: 2px solid #000; padding: 8px 15px; cursor: pointer;\">\n        <i class=\"fas fa-long-arrow-alt-left\"><\/i>\n    <\/div>\n     <div id=\"text-reporte-speed2\" style=\"width: 170px; font-size: 12px; text-align: center; border: 2px solid #ae0c21; opacity: 0; background-color: #fff; color: #000; pointer-events: none;\">\n        DESEMPE\u00d1O<br>ECONOMICO\n    <\/div>\n<\/div>\n<\/a>\n<style>\n    #btn-flecha2:hover{\n        background-color: #ae0c21;\n        border: #ae0c21 !important;\n        color: #fff;\n    }\n<\/style>\n\n<script>\n    document.getElementById('btn-flecha2').onmouseover = function(){\n            document.getElementById('text-reporte-speed2').style.opacity = 1;\n    }\n    \n    document.getElementById('btn-flecha2').onmouseout = function(){\n            document.getElementById('text-reporte-speed2').style.opacity = 0;\n    }\n<\/script>\t\t<\/div>\n\t\t\t\t<\/div>\n\t\t\t\t\t<\/div>\n\t\t<\/div>\n\t\t\t\t\t\t\t<\/div>\n\t\t<\/section>\n\t\t\t\t\t\t\t<\/div>\n\t\t","protected":false},"excerpt":{"rendered":"<p>Introducci\u00f3n &gt; Nuestro negocio &gt; Certificaciones y reconocimientos CERTIFICACIONES Y RECONOCIMIENTOS RECONOCIMIENTOS Compa\u00f1\u00eda del sector petr\u00f3leo y gas con el mejor desempe\u00f1o de sus acciones en la Bolsa de Valores de Nueva York (NYSE). Reconocimiento otorgado por el Ministerio de Minas y Energ\u00eda, la Agencia Nacional de Hidrocarburos y la Agencia Nacional de Miner\u00eda de [&hellip;]<\/p>\n","protected":false},"author":1,"featured_media":0,"parent":0,"menu_order":0,"comment_status":"closed","ping_status":"closed","template":"","meta":{"footnotes":""},"class_list":["post-4773","page","type-page","status-publish","hentry"],"_links":{"self":[{"href":"https:\/\/geo-park.com\/sustainability\/2019\/wp-json\/wp\/v2\/pages\/4773","targetHints":{"allow":["GET"]}}],"collection":[{"href":"https:\/\/geo-park.com\/sustainability\/2019\/wp-json\/wp\/v2\/pages"}],"about":[{"href":"https:\/\/geo-park.com\/sustainability\/2019\/wp-json\/wp\/v2\/types\/page"}],"author":[{"embeddable":true,"href":"https:\/\/geo-park.com\/sustainability\/2019\/wp-json\/wp\/v2\/users\/1"}],"replies":[{"embeddable":true,"href":"https:\/\/geo-park.com\/sustainability\/2019\/wp-json\/wp\/v2\/comments?post=4773"}],"version-history":[{"count":59,"href":"https:\/\/geo-park.com\/sustainability\/2019\/wp-json\/wp\/v2\/pages\/4773\/revisions"}],"predecessor-version":[{"id":12253,"href":"https:\/\/geo-park.com\/sustainability\/2019\/wp-json\/wp\/v2\/pages\/4773\/revisions\/12253"}],"wp:attachment":[{"href":"https:\/\/geo-park.com\/sustainability\/2019\/wp-json\/wp\/v2\/media?parent=4773"}],"curies":[{"name":"wp","href":"https:\/\/api.w.org\/{rel}","templated":true}]}}