{"id":4819,"date":"2021-05-06T13:53:56","date_gmt":"2021-05-06T18:53:56","guid":{"rendered":"http:\/\/localhost\/kg2\/?page_id=4819"},"modified":"2021-09-06T19:53:24","modified_gmt":"2021-09-07T00:53:24","slug":"compromiso-enfoque","status":"publish","type":"page","link":"https:\/\/geo-park.com\/sustainability\/2019\/compromiso-enfoque\/","title":{"rendered":"compromiso enfoque"},"content":{"rendered":"\t\t<div data-elementor-type=\"wp-page\" data-elementor-id=\"4819\" class=\"elementor elementor-4819\">\n\t\t\t\t\t\t\t\t\t<section class=\"elementor-section elementor-top-section elementor-element elementor-element-07261a6 elementor-section-boxed elementor-section-height-default elementor-section-height-default\" data-id=\"07261a6\" data-element_type=\"section\">\n\t\t\t\t\t\t<div class=\"elementor-container elementor-column-gap-default\">\n\t\t\t\t\t<div class=\"elementor-column elementor-col-100 elementor-top-column elementor-element elementor-element-92b84e2 ot-flex-column-vertical\" data-id=\"92b84e2\" data-element_type=\"column\">\n\t\t\t<div class=\"elementor-widget-wrap elementor-element-populated\">\n\t\t\t\t\t\t\t\t<div class=\"elementor-element elementor-element-0d58693 elementor-widget elementor-widget-text-editor\" data-id=\"0d58693\" data-element_type=\"widget\" data-widget_type=\"text-editor.default\">\n\t\t\t\t<div class=\"elementor-widget-container\">\n\t\t\t\t\t\t\t<p><a href=\"#\"><span style=\"text-decoration: underline;\">Social<\/span><\/a> <span style=\"color: #000000;\">&gt; <\/span><span style=\"color: #ae0c21;\"><span style=\"color: #000000;\"><span style=\"text-decoration: underline;\">Derechos humanos<\/span> &gt;<\/span> Nuestro compromiso \/ enfoque<\/span><\/p>\t\t\t\t\t\t<\/div>\n\t\t\t\t<\/div>\n\t\t\t\t\t<\/div>\n\t\t<\/div>\n\t\t\t\t\t\t\t<\/div>\n\t\t<\/section>\n\t\t\t\t<section class=\"elementor-section elementor-top-section elementor-element elementor-element-88f21e4 elementor-section-boxed elementor-section-height-default elementor-section-height-default\" data-id=\"88f21e4\" data-element_type=\"section\" data-settings=\"{&quot;background_background&quot;:&quot;classic&quot;}\">\n\t\t\t\t\t\t<div class=\"elementor-container elementor-column-gap-default\">\n\t\t\t\t\t<div class=\"elementor-column elementor-col-50 elementor-top-column elementor-element elementor-element-415770a ot-flex-column-vertical\" data-id=\"415770a\" data-element_type=\"column\" data-settings=\"{&quot;background_background&quot;:&quot;classic&quot;}\">\n\t\t\t<div class=\"elementor-widget-wrap elementor-element-populated\">\n\t\t\t\t\t\t\t\t<div class=\"elementor-element elementor-element-75dd2f7 elementor-widget elementor-widget-image\" data-id=\"75dd2f7\" data-element_type=\"widget\" data-widget_type=\"image.default\">\n\t\t\t\t<div class=\"elementor-widget-container\">\n\t\t\t\t\t\t\t\t\t\t\t\t\t\t\t<img decoding=\"async\" width=\"638\" height=\"756\" data-src=\"https:\/\/geo-park.com\/sustainability\/2019\/wp-content\/uploads\/2021\/05\/social_5.jpg\" class=\"attachment-large size-large wp-image-5327 lazyload\" alt=\"\" data-srcset=\"https:\/\/geo-park.com\/sustainability\/2019\/wp-content\/uploads\/2021\/05\/social_5.jpg 638w, https:\/\/geo-park.com\/sustainability\/2019\/wp-content\/uploads\/2021\/05\/social_5-253x300.jpg 253w\" data-sizes=\"(max-width: 638px) 100vw, 638px\" src=\"data:image\/gif;base64,R0lGODlhAQABAAAAACH5BAEKAAEALAAAAAABAAEAAAICTAEAOw==\" style=\"--smush-placeholder-width: 638px; --smush-placeholder-aspect-ratio: 638\/756;\" \/>\t\t\t\t\t\t\t\t\t\t\t\t\t\t\t<\/div>\n\t\t\t\t<\/div>\n\t\t\t\t\t<\/div>\n\t\t<\/div>\n\t\t\t\t<div class=\"elementor-column elementor-col-50 elementor-top-column elementor-element elementor-element-a651b12 ot-flex-column-vertical\" data-id=\"a651b12\" data-element_type=\"column\" data-settings=\"{&quot;background_background&quot;:&quot;classic&quot;}\">\n\t\t\t<div class=\"elementor-widget-wrap elementor-element-populated\">\n\t\t\t\t\t\t\t\t<div class=\"elementor-element elementor-element-b4967cc elementor-widget elementor-widget-heading\" data-id=\"b4967cc\" data-element_type=\"widget\" data-widget_type=\"heading.default\">\n\t\t\t\t<div class=\"elementor-widget-container\">\n\t\t\t<h2 class=\"elementor-heading-title elementor-size-default\">DERECHOS <strong style=\"color:#AE0C21\">HUMANOS<\/strong><\/h2>\t\t<\/div>\n\t\t\t\t<\/div>\n\t\t\t\t<div class=\"elementor-element elementor-element-3676385 elementor-widget elementor-widget-text-editor\" data-id=\"3676385\" data-element_type=\"widget\" data-widget_type=\"text-editor.default\">\n\t\t\t\t<div class=\"elementor-widget-container\">\n\t\t\t\t\t\t\t<p>Gesti\u00f3n del entorno bajo un enfoque de respeto por los derechos humanos<\/p>\t\t\t\t\t\t<\/div>\n\t\t\t\t<\/div>\n\t\t\t\t<div class=\"elementor-element elementor-element-c96addb elementor-widget elementor-widget-text-editor\" data-id=\"c96addb\" data-element_type=\"widget\" data-widget_type=\"text-editor.default\">\n\t\t\t\t<div class=\"elementor-widget-container\">\n\t\t\t\t\t\t\t<p>En GeoPark, implementamos una \u201cgesti\u00f3n temprana y sostenible del entorno\u201d, que define estrategias en materia de debida diligencia frente a los derechos humanos y que, mediante ejercicios rigurosos de an\u00e1lisis y evaluaci\u00f3n cualitativa y cuantitativa de riesgos, nos permite impulsar planes enfocados en nuestros grupos de inter\u00e9s.<\/p>\t\t\t\t\t\t<\/div>\n\t\t\t\t<\/div>\n\t\t\t\t\t<\/div>\n\t\t<\/div>\n\t\t\t\t\t\t\t<\/div>\n\t\t<\/section>\n\t\t\t\t<section class=\"elementor-section elementor-top-section elementor-element elementor-element-bd660aa elementor-section-boxed elementor-section-height-default elementor-section-height-default\" data-id=\"bd660aa\" data-element_type=\"section\">\n\t\t\t\t\t\t<div class=\"elementor-container elementor-column-gap-default\">\n\t\t\t\t\t<div class=\"elementor-column elementor-col-100 elementor-top-column elementor-element elementor-element-b4d1161 ot-flex-column-vertical\" data-id=\"b4d1161\" data-element_type=\"column\">\n\t\t\t<div class=\"elementor-widget-wrap elementor-element-populated\">\n\t\t\t\t\t\t\t\t<section class=\"elementor-section elementor-inner-section elementor-element elementor-element-5eb5818 elementor-section-boxed elementor-section-height-default elementor-section-height-default\" data-id=\"5eb5818\" data-element_type=\"section\">\n\t\t\t\t\t\t<div class=\"elementor-container elementor-column-gap-default\">\n\t\t\t\t\t<div class=\"elementor-column elementor-col-100 elementor-inner-column elementor-element elementor-element-8767136 ot-flex-column-vertical\" data-id=\"8767136\" data-element_type=\"column\">\n\t\t\t<div class=\"elementor-widget-wrap elementor-element-populated\">\n\t\t\t\t\t\t\t\t<div class=\"elementor-element elementor-element-64b50f1 elementor-widget elementor-widget-spacer\" data-id=\"64b50f1\" data-element_type=\"widget\" data-widget_type=\"spacer.default\">\n\t\t\t\t<div class=\"elementor-widget-container\">\n\t\t\t\t\t<div class=\"elementor-spacer\">\n\t\t\t<div class=\"elementor-spacer-inner\"><\/div>\n\t\t<\/div>\n\t\t\t\t<\/div>\n\t\t\t\t<\/div>\n\t\t\t\t\t<\/div>\n\t\t<\/div>\n\t\t\t\t\t\t\t<\/div>\n\t\t<\/section>\n\t\t\t\t\t<\/div>\n\t\t<\/div>\n\t\t\t\t\t\t\t<\/div>\n\t\t<\/section>\n\t\t\t\t<section class=\"elementor-section elementor-top-section elementor-element elementor-element-1d3cbc1 elementor-section-boxed elementor-section-height-default elementor-section-height-default\" data-id=\"1d3cbc1\" data-element_type=\"section\">\n\t\t\t\t\t\t<div class=\"elementor-container elementor-column-gap-default\">\n\t\t\t\t\t<div class=\"elementor-column elementor-col-100 elementor-top-column elementor-element elementor-element-3183ecb ot-flex-column-vertical\" data-id=\"3183ecb\" data-element_type=\"column\">\n\t\t\t<div class=\"elementor-widget-wrap elementor-element-populated\">\n\t\t\t\t\t\t\t\t<section class=\"elementor-section elementor-inner-section elementor-element elementor-element-b61e152 elementor-section-boxed elementor-section-height-default elementor-section-height-default\" data-id=\"b61e152\" data-element_type=\"section\">\n\t\t\t\t\t\t<div class=\"elementor-container elementor-column-gap-default\">\n\t\t\t\t\t<div class=\"elementor-column elementor-col-100 elementor-inner-column elementor-element elementor-element-f3d4973 ot-flex-column-vertical\" data-id=\"f3d4973\" data-element_type=\"column\">\n\t\t\t<div class=\"elementor-widget-wrap elementor-element-populated\">\n\t\t\t\t\t\t\t\t<div class=\"elementor-element elementor-element-6060b60 elementor-widget elementor-widget-text-editor\" data-id=\"6060b60\" data-element_type=\"widget\" data-widget_type=\"text-editor.default\">\n\t\t\t\t<div class=\"elementor-widget-container\">\n\t\t\t\t\t\t\t<p>De la misma manera, nuestro Programa \u201cCu\u00e9ntame\u201d, orientado a la atenci\u00f3n, registro y resoluci\u00f3n de todas las peticiones, quejas y reclamos (PQR) de nuestros vecinos y dem\u00e1s partes interesadas, garantiza la trazabilidad, an\u00e1lisis y definici\u00f3n de un plan de acci\u00f3n para la resoluci\u00f3n de cada PQR. La plataforma operativa de \u201cCu\u00e9ntame\u201d permite identificar si el tipo de queja impacta alg\u00fan derecho fundamental y define los mecanismos de reparaci\u00f3n a que haya lugar.<\/p><p>Nuestros procesos de \u201cdi\u00e1logo y participaci\u00f3n ciudadana\u201d privilegian las relaciones directas y honestas con nuestros grupos de inter\u00e9s, y nuestros procesos de relacionamiento garantizan la participaci\u00f3n ciudadana bajo criterios de inclusi\u00f3n y equidad.<\/p>\t\t\t\t\t\t<\/div>\n\t\t\t\t<\/div>\n\t\t\t\t<div class=\"elementor-element elementor-element-87cc7aa elementor-widget elementor-widget-heading\" data-id=\"87cc7aa\" data-element_type=\"widget\" data-widget_type=\"heading.default\">\n\t\t\t\t<div class=\"elementor-widget-container\">\n\t\t\t<h2 class=\"elementor-heading-title elementor-size-default\">PLAN NACIONAL DE ACCI\u00d3N DE DERECHOS HUMANOS Y EMPRESA\n<\/h2>\t\t<\/div>\n\t\t\t\t<\/div>\n\t\t\t\t<div class=\"elementor-element elementor-element-17ce677 elementor-widget elementor-widget-text-editor\" data-id=\"17ce677\" data-element_type=\"widget\" data-widget_type=\"text-editor.default\">\n\t\t\t\t<div class=\"elementor-widget-container\">\n\t\t\t\t\t\t\t<p>El Gobierno Nacional de Colombia, a trav\u00e9s de la Consejeria Presidencial para los Derechos Humanos y Asuntos Internacionales, lanz\u00f3 el Plan Nacional de Acci\u00f3n de Derechos Humanos y Empresa, un documento de pol\u00edtica p\u00fablica que busca \u201cla implementaci\u00f3n de los Principios Rectores de las Naciones Unidas sobre Empresas y Derechos Humanos\u201d. En ese marco, el Ministerio de Minas y Energ\u00eda, la Consejeria Presidencial para los Derechos Humanos y Asuntos Internacionales, la Agencia Nacional de Hidrocarburos (ANH), la Asociaci\u00f3n Colombiana de Petr\u00f3leo (ACP) y la C\u00e1mara Colombiana de Bienes y Servicios Petroleros (Campetrol) promovieron la creaci\u00f3n del Grupo Piloto en Derechos Humanos del Sector de Hidrocarburos, el cual vincula en un mismo escenario a 20 organizaciones entre las que se incluyen empresas operadoras, empresas de servicios y el ente regulador. GeoPark participa de dicho proyecto.<\/p>\t\t\t\t\t\t<\/div>\n\t\t\t\t<\/div>\n\t\t\t\t\t<\/div>\n\t\t<\/div>\n\t\t\t\t\t\t\t<\/div>\n\t\t<\/section>\n\t\t\t\t\t<\/div>\n\t\t<\/div>\n\t\t\t\t\t\t\t<\/div>\n\t\t<\/section>\n\t\t\t\t<section class=\"elementor-section elementor-top-section elementor-element elementor-element-11d9da1 elementor-section-boxed elementor-section-height-default elementor-section-height-default\" data-id=\"11d9da1\" data-element_type=\"section\" data-settings=\"{&quot;background_background&quot;:&quot;classic&quot;}\">\n\t\t\t\t\t\t<div class=\"elementor-container elementor-column-gap-default\">\n\t\t\t\t\t<div class=\"elementor-column elementor-col-50 elementor-top-column elementor-element elementor-element-897387c ot-flex-column-vertical\" data-id=\"897387c\" data-element_type=\"column\">\n\t\t\t<div class=\"elementor-widget-wrap elementor-element-populated\">\n\t\t\t\t\t\t\t\t<div class=\"elementor-element elementor-element-1e7c410 elementor-widget elementor-widget-text-editor\" data-id=\"1e7c410\" data-element_type=\"widget\" data-widget_type=\"text-editor.default\">\n\t\t\t\t<div class=\"elementor-widget-container\">\n\t\t\t\t\t\t\t<p style=\"text-align: right;\">El Grupo es un espacio que permite el <span style=\"color: #ae0c21;\">intercambio de experiencias<\/span> y la definici\u00f3n de acciones m\u00ednimas y buenaspr\u00e1cticas en derechos humanos propias del sector de hidrocarburos y busca:<\/p>\t\t\t\t\t\t<\/div>\n\t\t\t\t<\/div>\n\t\t\t\t\t<\/div>\n\t\t<\/div>\n\t\t\t\t<div class=\"elementor-column elementor-col-50 elementor-top-column elementor-element elementor-element-8cca934 ot-flex-column-vertical\" data-id=\"8cca934\" data-element_type=\"column\">\n\t\t\t<div class=\"elementor-widget-wrap elementor-element-populated\">\n\t\t\t\t\t\t\t\t<div class=\"elementor-element elementor-element-c5c8158 elementor-widget elementor-widget-text-editor\" data-id=\"c5c8158\" data-element_type=\"widget\" data-widget_type=\"text-editor.default\">\n\t\t\t\t<div class=\"elementor-widget-container\">\n\t\t\t\t\t\t\t<ul><li>Emprender acciones conjuntas de construcci\u00f3n de confianza y de gesti\u00f3n de impactos y riesgos operacionales en derechos humanos en las zonas comunes de operaci\u00f3n, orientadas a la transformaci\u00f3n de los territorios.<\/li><li>Aterrizar, de forma asertiva y por medio de acciones concretas, los est\u00e1ndares internacionales y la pol\u00edtica p\u00fablica a la pr\u00e1ctica en el sector de hidrocarburos.<\/li><li>Lograr procesos y acciones que sean pertinentes, \u00fatiles y se construyan desde el sentido pr\u00e1ctico.<\/li><li>Dise\u00f1ar una estrategia conjunta que permita consolidar procesos de incidencia en pol\u00edtica p\u00fablica y toma de decisiones.<\/li><\/ul>\t\t\t\t\t\t<\/div>\n\t\t\t\t<\/div>\n\t\t\t\t\t<\/div>\n\t\t<\/div>\n\t\t\t\t\t\t\t<\/div>\n\t\t<\/section>\n\t\t\t\t<section class=\"elementor-section elementor-top-section elementor-element elementor-element-1af9538 elementor-section-boxed elementor-section-height-default elementor-section-height-default\" data-id=\"1af9538\" data-element_type=\"section\">\n\t\t\t\t\t\t<div class=\"elementor-container elementor-column-gap-default\">\n\t\t\t\t\t<div class=\"elementor-column elementor-col-100 elementor-top-column elementor-element elementor-element-d3fcc82 ot-flex-column-vertical\" data-id=\"d3fcc82\" data-element_type=\"column\">\n\t\t\t<div class=\"elementor-widget-wrap elementor-element-populated\">\n\t\t\t\t\t\t\t\t<section class=\"elementor-section elementor-inner-section elementor-element elementor-element-34d80cb elementor-section-boxed elementor-section-height-default elementor-section-height-default\" data-id=\"34d80cb\" data-element_type=\"section\">\n\t\t\t\t\t\t<div class=\"elementor-container elementor-column-gap-default\">\n\t\t\t\t\t<div class=\"elementor-column elementor-col-100 elementor-inner-column elementor-element elementor-element-898b600 ot-flex-column-vertical\" data-id=\"898b600\" data-element_type=\"column\">\n\t\t\t<div class=\"elementor-widget-wrap elementor-element-populated\">\n\t\t\t\t\t\t\t\t<div class=\"elementor-element elementor-element-aa38b57 elementor-widget elementor-widget-text-editor\" data-id=\"aa38b57\" data-element_type=\"widget\" data-widget_type=\"text-editor.default\">\n\t\t\t\t<div class=\"elementor-widget-container\">\n\t\t\t\t\t\t\t<p>Como miembros del Grupo, fuimos capacitados por expertos acad\u00e9micos en derechos humanos a trav\u00e9s de la Escuela de Negocios de la Universidad Sergio Arboleda, y avanzamos en la construcci\u00f3n colectiva de prioridades y en la definici\u00f3n del Plan de Trabajo 2020 basado en 4 componentes: gesti\u00f3n del conocimiento, intercambio de experiencias y pr\u00e1cticas, visibilizaci\u00f3n del Grupo, y gesti\u00f3n y desarrollo.<\/p>\t\t\t\t\t\t<\/div>\n\t\t\t\t<\/div>\n\t\t\t\t\t<\/div>\n\t\t<\/div>\n\t\t\t\t\t\t\t<\/div>\n\t\t<\/section>\n\t\t\t\t\t<\/div>\n\t\t<\/div>\n\t\t\t\t\t\t\t<\/div>\n\t\t<\/section>\n\t\t\t\t<section class=\"elementor-section elementor-top-section elementor-element elementor-element-f7d6293 elementor-section-boxed elementor-section-height-default elementor-section-height-default\" data-id=\"f7d6293\" data-element_type=\"section\">\n\t\t\t\t\t\t<div class=\"elementor-container elementor-column-gap-default\">\n\t\t\t\t\t<div class=\"elementor-column elementor-col-100 elementor-top-column elementor-element elementor-element-f6c282e ot-flex-column-vertical\" data-id=\"f6c282e\" data-element_type=\"column\">\n\t\t\t<div class=\"elementor-widget-wrap elementor-element-populated\">\n\t\t\t\t\t\t\t\t<div class=\"elementor-element elementor-element-c389051 elementor-widget elementor-widget-html\" data-id=\"c389051\" data-element_type=\"widget\" data-widget_type=\"html.default\">\n\t\t\t\t<div class=\"elementor-widget-container\">\n\t\t\t<a href=\"https:\/\/sustainabilitygeopark.com\/2019\/gestion-temprana\/\"><div style=\"display: flex; align-items: center; position: fixed; top: 50%; right: 0;\">\n    <div id=\"text-reporte-speed\" style=\"width: 170px; font-size: 12px; text-align: center; border: 2px solid #ae0c21; opacity: 0; background-color: #fff; color: #000; pointer-events: none;\">\n       GESTI\u00d3N TEMPRANA SOSTENIBLE\n    <\/div>\n    \n    <div id=\"btn-flecha\" style=\"border: 2px solid #000; padding: 8px 15px; cursor: pointer;\">\n        <i class=\"fas fa-long-arrow-alt-right\"><\/i>\n    <\/div>\n<\/div>\n<\/a>\n<style>\n    #btn-flecha:hover{\n        background-color: #ae0c21;\n        border: #ae0c21 !important;\n        color: #fff;\n    }\n<\/style>\n\n<script>\n    document.getElementById('btn-flecha').onmouseover = function(){\n            document.getElementById('text-reporte-speed').style.opacity = 1;\n    }\n    \n    document.getElementById('btn-flecha').onmouseout = function(){\n            document.getElementById('text-reporte-speed').style.opacity = 0;\n    }\n<\/script>\n\n<a href=\"https:\/\/sustainabilitygeopark.com\/2019\/aliados\/\"><div style=\"display: flex; align-items: center; position: fixed; top: 50%; left: 0;\">\n       <div id=\"btn-flecha2\" style=\"border: 2px solid #000; padding: 8px 15px; cursor: pointer;\">\n        <i class=\"fas fa-long-arrow-alt-left\"><\/i>\n    <\/div>\n     <div id=\"text-reporte-speed2\" style=\"width: 170px; font-size: 12px; text-align: center; border: 2px solid #ae0c21; opacity: 0; background-color: #fff; color: #000; pointer-events: none;\">\n        NUESTROS<br>ALIADOS\n    <\/div>\n<\/div>\n<\/a>\n<style>\n    #btn-flecha2:hover{\n        background-color: #ae0c21;\n        border: #ae0c21 !important;\n        color: #fff;\n    }\n<\/style>\n\n<script>\n    document.getElementById('btn-flecha2').onmouseover = function(){\n            document.getElementById('text-reporte-speed2').style.opacity = 1;\n    }\n    \n    document.getElementById('btn-flecha2').onmouseout = function(){\n            document.getElementById('text-reporte-speed2').style.opacity = 0;\n    }\n<\/script>\t\t<\/div>\n\t\t\t\t<\/div>\n\t\t\t\t\t<\/div>\n\t\t<\/div>\n\t\t\t\t\t\t\t<\/div>\n\t\t<\/section>\n\t\t\t\t\t\t\t<\/div>\n\t\t","protected":false},"excerpt":{"rendered":"<p>Social &gt; Derechos humanos &gt; Nuestro compromiso \/ enfoque DERECHOS HUMANOS Gesti\u00f3n del entorno bajo un enfoque de respeto por los derechos humanos En GeoPark, implementamos una \u201cgesti\u00f3n temprana y sostenible del entorno\u201d, que define estrategias en materia de debida diligencia frente a los derechos humanos y que, mediante ejercicios rigurosos de an\u00e1lisis y evaluaci\u00f3n [&hellip;]<\/p>\n","protected":false},"author":1,"featured_media":0,"parent":0,"menu_order":0,"comment_status":"closed","ping_status":"closed","template":"","meta":{"footnotes":""},"class_list":["post-4819","page","type-page","status-publish","hentry"],"_links":{"self":[{"href":"https:\/\/geo-park.com\/sustainability\/2019\/wp-json\/wp\/v2\/pages\/4819","targetHints":{"allow":["GET"]}}],"collection":[{"href":"https:\/\/geo-park.com\/sustainability\/2019\/wp-json\/wp\/v2\/pages"}],"about":[{"href":"https:\/\/geo-park.com\/sustainability\/2019\/wp-json\/wp\/v2\/types\/page"}],"author":[{"embeddable":true,"href":"https:\/\/geo-park.com\/sustainability\/2019\/wp-json\/wp\/v2\/users\/1"}],"replies":[{"embeddable":true,"href":"https:\/\/geo-park.com\/sustainability\/2019\/wp-json\/wp\/v2\/comments?post=4819"}],"version-history":[{"count":80,"href":"https:\/\/geo-park.com\/sustainability\/2019\/wp-json\/wp\/v2\/pages\/4819\/revisions"}],"predecessor-version":[{"id":12308,"href":"https:\/\/geo-park.com\/sustainability\/2019\/wp-json\/wp\/v2\/pages\/4819\/revisions\/12308"}],"wp:attachment":[{"href":"https:\/\/geo-park.com\/sustainability\/2019\/wp-json\/wp\/v2\/media?parent=4819"}],"curies":[{"name":"wp","href":"https:\/\/api.w.org\/{rel}","templated":true}]}}