{"id":4850,"date":"2021-05-06T23:27:01","date_gmt":"2021-05-07T04:27:01","guid":{"rendered":"http:\/\/localhost\/kg2\/?page_id=4850"},"modified":"2021-09-06T20:34:42","modified_gmt":"2021-09-07T01:34:42","slug":"gestion-del-rendimiento","status":"publish","type":"page","link":"https:\/\/geo-park.com\/sustainability\/2019\/gestion-del-rendimiento\/","title":{"rendered":"gestion del rendimiento"},"content":{"rendered":"\t\t<div data-elementor-type=\"wp-page\" data-elementor-id=\"4850\" class=\"elementor elementor-4850\">\n\t\t\t\t\t\t\t\t\t<section class=\"elementor-section elementor-top-section elementor-element elementor-element-151d5cf elementor-section-boxed elementor-section-height-default elementor-section-height-default\" data-id=\"151d5cf\" data-element_type=\"section\">\n\t\t\t\t\t\t<div class=\"elementor-container elementor-column-gap-default\">\n\t\t\t\t\t<div class=\"elementor-column elementor-col-100 elementor-top-column elementor-element elementor-element-afb6a59 ot-flex-column-vertical\" data-id=\"afb6a59\" data-element_type=\"column\">\n\t\t\t<div class=\"elementor-widget-wrap elementor-element-populated\">\n\t\t\t\t\t\t\t\t<div class=\"elementor-element elementor-element-5686fdd elementor-widget elementor-widget-text-editor\" data-id=\"5686fdd\" data-element_type=\"widget\" data-widget_type=\"text-editor.default\">\n\t\t\t\t<div class=\"elementor-widget-container\">\n\t\t\t\t\t\t\t<p><a href=\"#\"><span style=\"text-decoration: underline;\">Social<\/span><\/a> <span style=\"color: #000000;\">&gt; <\/span><span style=\"color: #ae0c21;\"><span style=\"color: #000000;\"><span style=\"text-decoration: underline;\">Personas<\/span> &gt;<\/span> Gesti\u00f3n del rendimiento<\/span><\/p>\t\t\t\t\t\t<\/div>\n\t\t\t\t<\/div>\n\t\t\t\t\t<\/div>\n\t\t<\/div>\n\t\t\t\t\t\t\t<\/div>\n\t\t<\/section>\n\t\t\t\t<section class=\"elementor-section elementor-top-section elementor-element elementor-element-c901959 elementor-section-boxed elementor-section-height-default elementor-section-height-default\" data-id=\"c901959\" data-element_type=\"section\">\n\t\t\t\t\t\t<div class=\"elementor-container elementor-column-gap-default\">\n\t\t\t\t\t<div class=\"elementor-column elementor-col-100 elementor-top-column elementor-element elementor-element-b7abd41 ot-flex-column-vertical\" data-id=\"b7abd41\" data-element_type=\"column\">\n\t\t\t<div class=\"elementor-widget-wrap elementor-element-populated\">\n\t\t\t\t\t\t\t\t<section class=\"elementor-section elementor-inner-section elementor-element elementor-element-65ecb94 elementor-section-boxed elementor-section-height-default elementor-section-height-default\" data-id=\"65ecb94\" data-element_type=\"section\">\n\t\t\t\t\t\t<div class=\"elementor-container elementor-column-gap-default\">\n\t\t\t\t\t<div class=\"elementor-column elementor-col-100 elementor-inner-column elementor-element elementor-element-7ea25ad ot-flex-column-vertical\" data-id=\"7ea25ad\" data-element_type=\"column\">\n\t\t\t<div class=\"elementor-widget-wrap elementor-element-populated\">\n\t\t\t\t\t\t\t\t<div class=\"elementor-element elementor-element-feba6bc elementor-widget elementor-widget-spacer\" data-id=\"feba6bc\" data-element_type=\"widget\" data-widget_type=\"spacer.default\">\n\t\t\t\t<div class=\"elementor-widget-container\">\n\t\t\t\t\t<div class=\"elementor-spacer\">\n\t\t\t<div class=\"elementor-spacer-inner\"><\/div>\n\t\t<\/div>\n\t\t\t\t<\/div>\n\t\t\t\t<\/div>\n\t\t\t\t<div class=\"elementor-element elementor-element-c78e9fe elementor-widget elementor-widget-heading\" data-id=\"c78e9fe\" data-element_type=\"widget\" data-widget_type=\"heading.default\">\n\t\t\t\t<div class=\"elementor-widget-container\">\n\t\t\t<h2 class=\"elementor-heading-title elementor-size-default\">GESTI\u00d3N DEL <strong style=\"color:#EA5045\">DESEMPE\u00d1O<\/strong><\/h2>\t\t<\/div>\n\t\t\t\t<\/div>\n\t\t\t\t<div class=\"elementor-element elementor-element-d7440bc elementor-widget elementor-widget-text-editor\" data-id=\"d7440bc\" data-element_type=\"widget\" data-widget_type=\"text-editor.default\">\n\t\t\t\t<div class=\"elementor-widget-container\">\n\t\t\t\t\t\t\tContamos con un proceso de Gesti\u00f3n del Desempe\u00f1o que genera espacios de conversaci\u00f3n entre colaboradores y l\u00edderes sobre el avance y consecuci\u00f3n de los objetivos propuestos, con el prop\u00f3sito de identificar fortalezas y definir oportunamente acciones de mejora que contribuyan al crecimiento de los empleados y al logro de las metas de la Compa\u00f1\u00eda.\t\t\t\t\t\t<\/div>\n\t\t\t\t<\/div>\n\t\t\t\t<div class=\"elementor-element elementor-element-7b7277e elementor-widget elementor-widget-spacer\" data-id=\"7b7277e\" data-element_type=\"widget\" data-widget_type=\"spacer.default\">\n\t\t\t\t<div class=\"elementor-widget-container\">\n\t\t\t\t\t<div class=\"elementor-spacer\">\n\t\t\t<div class=\"elementor-spacer-inner\"><\/div>\n\t\t<\/div>\n\t\t\t\t<\/div>\n\t\t\t\t<\/div>\n\t\t\t\t<div class=\"elementor-element elementor-element-83e6c7a elementor-widget elementor-widget-image\" data-id=\"83e6c7a\" data-element_type=\"widget\" data-widget_type=\"image.default\">\n\t\t\t\t<div class=\"elementor-widget-container\">\n\t\t\t\t\t\t\t\t\t\t\t\t\t\t\t<img decoding=\"async\" width=\"1200\" height=\"400\" data-src=\"https:\/\/geo-park.com\/sustainability\/2019\/wp-content\/uploads\/2021\/05\/certifiaciones_1.jpg\" class=\"attachment-full size-full wp-image-4775 lazyload\" alt=\"\" data-srcset=\"https:\/\/geo-park.com\/sustainability\/2019\/wp-content\/uploads\/2021\/05\/certifiaciones_1.jpg 1200w, https:\/\/geo-park.com\/sustainability\/2019\/wp-content\/uploads\/2021\/05\/certifiaciones_1-300x100.jpg 300w, https:\/\/geo-park.com\/sustainability\/2019\/wp-content\/uploads\/2021\/05\/certifiaciones_1-1024x341.jpg 1024w, https:\/\/geo-park.com\/sustainability\/2019\/wp-content\/uploads\/2021\/05\/certifiaciones_1-768x256.jpg 768w\" data-sizes=\"(max-width: 1200px) 100vw, 1200px\" src=\"data:image\/gif;base64,R0lGODlhAQABAAAAACH5BAEKAAEALAAAAAABAAEAAAICTAEAOw==\" style=\"--smush-placeholder-width: 1200px; --smush-placeholder-aspect-ratio: 1200\/400;\" \/>\t\t\t\t\t\t\t\t\t\t\t\t\t\t\t<\/div>\n\t\t\t\t<\/div>\n\t\t\t\t\t<\/div>\n\t\t<\/div>\n\t\t\t\t\t\t\t<\/div>\n\t\t<\/section>\n\t\t\t\t\t<\/div>\n\t\t<\/div>\n\t\t\t\t\t\t\t<\/div>\n\t\t<\/section>\n\t\t\t\t<section class=\"elementor-section elementor-top-section elementor-element elementor-element-df05498 elementor-section-boxed elementor-section-height-default elementor-section-height-default\" data-id=\"df05498\" data-element_type=\"section\">\n\t\t\t\t\t\t<div class=\"elementor-container elementor-column-gap-default\">\n\t\t\t\t\t<div class=\"elementor-column elementor-col-100 elementor-top-column elementor-element elementor-element-fcea0a6 ot-flex-column-vertical\" data-id=\"fcea0a6\" data-element_type=\"column\">\n\t\t\t<div class=\"elementor-widget-wrap elementor-element-populated\">\n\t\t\t\t\t\t\t\t<div class=\"elementor-element elementor-element-b0b2ebf elementor-widget elementor-widget-spacer\" data-id=\"b0b2ebf\" data-element_type=\"widget\" data-widget_type=\"spacer.default\">\n\t\t\t\t<div class=\"elementor-widget-container\">\n\t\t\t\t\t<div class=\"elementor-spacer\">\n\t\t\t<div class=\"elementor-spacer-inner\"><\/div>\n\t\t<\/div>\n\t\t\t\t<\/div>\n\t\t\t\t<\/div>\n\t\t\t\t<section class=\"elementor-section elementor-inner-section elementor-element elementor-element-90a11d2 elementor-section-boxed elementor-section-height-default elementor-section-height-default\" data-id=\"90a11d2\" data-element_type=\"section\">\n\t\t\t\t\t\t<div class=\"elementor-container elementor-column-gap-default\">\n\t\t\t\t\t<div class=\"elementor-column elementor-col-50 elementor-inner-column elementor-element elementor-element-96ebc96 ot-flex-column-vertical\" data-id=\"96ebc96\" data-element_type=\"column\">\n\t\t\t<div class=\"elementor-widget-wrap elementor-element-populated\">\n\t\t\t\t\t\t\t\t<div class=\"elementor-element elementor-element-2b3542d elementor-widget elementor-widget-text-editor\" data-id=\"2b3542d\" data-element_type=\"widget\" data-widget_type=\"text-editor.default\">\n\t\t\t\t<div class=\"elementor-widget-container\">\n\t\t\t\t\t\t\tDurante 2019, decidimos revisar de manera integral el proceso, con el objetivo de fortalecerlo y reformularlo en conjunto con nuestros empleados. En ese marco, desarrollamos 11 talleres en los que participaron 121 personas, con quienes identificamos los aspectos a considerar y reformular. Algunos de los hallazgos fueron:\t\t\t\t\t\t<\/div>\n\t\t\t\t<\/div>\n\t\t\t\t\t<\/div>\n\t\t<\/div>\n\t\t\t\t<div class=\"elementor-column elementor-col-50 elementor-inner-column elementor-element elementor-element-9f9c533 ot-flex-column-vertical\" data-id=\"9f9c533\" data-element_type=\"column\">\n\t\t\t<div class=\"elementor-widget-wrap elementor-element-populated\">\n\t\t\t\t\t\t\t\t<div class=\"elementor-element elementor-element-23cfaba elementor-widget elementor-widget-text-editor\" data-id=\"23cfaba\" data-element_type=\"widget\" data-widget_type=\"text-editor.default\">\n\t\t\t\t<div class=\"elementor-widget-container\">\n\t\t\t\t\t\t\t<ul><li>Los empleados valoran el proceso en s\u00ed mismo, la confianza de los l\u00edderes y la retroalimentaci\u00f3n necesaria para el crecimiento personal.<\/li><li>Necesidad de mayor claridad en la aplicaci\u00f3n de las escalas de evaluaci\u00f3n.<\/li><\/ul>\t\t\t\t\t\t<\/div>\n\t\t\t\t<\/div>\n\t\t\t\t\t<\/div>\n\t\t<\/div>\n\t\t\t\t\t\t\t<\/div>\n\t\t<\/section>\n\t\t\t\t\t<\/div>\n\t\t<\/div>\n\t\t\t\t\t\t\t<\/div>\n\t\t<\/section>\n\t\t\t\t<section class=\"elementor-section elementor-top-section elementor-element elementor-element-e954075 elementor-section-boxed elementor-section-height-default elementor-section-height-default\" data-id=\"e954075\" data-element_type=\"section\">\n\t\t\t\t\t\t<div class=\"elementor-container elementor-column-gap-default\">\n\t\t\t\t\t<div class=\"elementor-column elementor-col-100 elementor-top-column elementor-element elementor-element-c73ea53 ot-flex-column-vertical\" data-id=\"c73ea53\" data-element_type=\"column\">\n\t\t\t<div class=\"elementor-widget-wrap elementor-element-populated\">\n\t\t\t\t\t\t\t\t<section class=\"elementor-section elementor-inner-section elementor-element elementor-element-4f7fe99 elementor-section-boxed elementor-section-height-default elementor-section-height-default\" data-id=\"4f7fe99\" data-element_type=\"section\">\n\t\t\t\t\t\t<div class=\"elementor-container elementor-column-gap-default\">\n\t\t\t\t\t<div class=\"elementor-column elementor-col-100 elementor-inner-column elementor-element elementor-element-9871952 ot-flex-column-vertical\" data-id=\"9871952\" data-element_type=\"column\">\n\t\t\t<div class=\"elementor-widget-wrap elementor-element-populated\">\n\t\t\t\t\t\t\t\t<div class=\"elementor-element elementor-element-29a5b6a elementor-widget elementor-widget-spacer\" data-id=\"29a5b6a\" data-element_type=\"widget\" data-widget_type=\"spacer.default\">\n\t\t\t\t<div class=\"elementor-widget-container\">\n\t\t\t\t\t<div class=\"elementor-spacer\">\n\t\t\t<div class=\"elementor-spacer-inner\"><\/div>\n\t\t<\/div>\n\t\t\t\t<\/div>\n\t\t\t\t<\/div>\n\t\t\t\t<div class=\"elementor-element elementor-element-fe0543f elementor-widget elementor-widget-text-editor\" data-id=\"fe0543f\" data-element_type=\"widget\" data-widget_type=\"text-editor.default\">\n\t\t\t\t<div class=\"elementor-widget-container\">\n\t\t\t\t\t\t\tComo pr\u00f3ximos pasos, nos propusimos mantener la realizaci\u00f3n de talleres, implementar mejoras en la plataforma utilizada para evaluar el desempe\u00f1o (Success Factors) y avanzar en el perfeccionamiento de las m\u00e9tricas.\t\t\t\t\t\t<\/div>\n\t\t\t\t<\/div>\n\t\t\t\t\t<\/div>\n\t\t<\/div>\n\t\t\t\t\t\t\t<\/div>\n\t\t<\/section>\n\t\t\t\t\t<\/div>\n\t\t<\/div>\n\t\t\t\t\t\t\t<\/div>\n\t\t<\/section>\n\t\t\t\t<section class=\"elementor-section elementor-top-section elementor-element elementor-element-913a8cc elementor-section-boxed elementor-section-height-default elementor-section-height-default\" data-id=\"913a8cc\" data-element_type=\"section\">\n\t\t\t\t\t\t<div class=\"elementor-container elementor-column-gap-default\">\n\t\t\t\t\t<div class=\"elementor-column elementor-col-100 elementor-top-column elementor-element elementor-element-bf4f6f1 ot-flex-column-vertical\" data-id=\"bf4f6f1\" data-element_type=\"column\">\n\t\t\t<div class=\"elementor-widget-wrap elementor-element-populated\">\n\t\t\t\t\t\t\t\t<section class=\"elementor-section elementor-inner-section elementor-element elementor-element-3dca9f7 elementor-section-boxed elementor-section-height-default elementor-section-height-default\" data-id=\"3dca9f7\" data-element_type=\"section\">\n\t\t\t\t\t\t<div class=\"elementor-container elementor-column-gap-default\">\n\t\t\t\t\t<div class=\"elementor-column elementor-col-100 elementor-inner-column elementor-element elementor-element-0b38909 ot-flex-column-vertical\" data-id=\"0b38909\" data-element_type=\"column\">\n\t\t\t<div class=\"elementor-widget-wrap elementor-element-populated\">\n\t\t\t\t\t\t\t\t<div class=\"elementor-element elementor-element-1c6193c elementor-widget elementor-widget-heading\" data-id=\"1c6193c\" data-element_type=\"widget\" data-widget_type=\"heading.default\">\n\t\t\t\t<div class=\"elementor-widget-container\">\n\t\t\t<h1 class=\"elementor-heading-title elementor-size-xxl\">100%<\/h1>\t\t<\/div>\n\t\t\t\t<\/div>\n\t\t\t\t<div class=\"elementor-element elementor-element-b93f526 elementor-widget elementor-widget-text-editor\" data-id=\"b93f526\" data-element_type=\"widget\" data-widget_type=\"text-editor.default\">\n\t\t\t\t<div class=\"elementor-widget-container\">\n\t\t\t\t\t\t\t<p style=\"text-align: center;\"><strong>de nuestros empleados recibi\u00f3 evaluaci\u00f3n de desempe\u00f1o durante 2019.<\/strong><\/p>\t\t\t\t\t\t<\/div>\n\t\t\t\t<\/div>\n\t\t\t\t\t<\/div>\n\t\t<\/div>\n\t\t\t\t\t\t\t<\/div>\n\t\t<\/section>\n\t\t\t\t\t<\/div>\n\t\t<\/div>\n\t\t\t\t\t\t\t<\/div>\n\t\t<\/section>\n\t\t\t\t<section class=\"elementor-section elementor-top-section elementor-element elementor-element-752cc38 elementor-section-boxed elementor-section-height-default elementor-section-height-default\" data-id=\"752cc38\" data-element_type=\"section\">\n\t\t\t\t\t\t<div class=\"elementor-container elementor-column-gap-default\">\n\t\t\t\t\t<div class=\"elementor-column elementor-col-100 elementor-top-column elementor-element elementor-element-4ccb7fe ot-flex-column-vertical\" data-id=\"4ccb7fe\" data-element_type=\"column\">\n\t\t\t<div class=\"elementor-widget-wrap elementor-element-populated\">\n\t\t\t\t\t\t\t\t<div class=\"elementor-element elementor-element-4906fe7 elementor-widget elementor-widget-spacer\" data-id=\"4906fe7\" data-element_type=\"widget\" data-widget_type=\"spacer.default\">\n\t\t\t\t<div class=\"elementor-widget-container\">\n\t\t\t\t\t<div class=\"elementor-spacer\">\n\t\t\t<div class=\"elementor-spacer-inner\"><\/div>\n\t\t<\/div>\n\t\t\t\t<\/div>\n\t\t\t\t<\/div>\n\t\t\t\t<div class=\"elementor-element elementor-element-a4f2514 elementor-widget elementor-widget-html\" data-id=\"a4f2514\" data-element_type=\"widget\" data-widget_type=\"html.default\">\n\t\t\t\t<div class=\"elementor-widget-container\">\n\t\t\t<a href=\"https:\/\/sustainabilitygeopark.com\/2019\/cadena-de-valor\/\"><div style=\"display: flex; align-items: center; position: fixed; top: 50%; right: 0;\">\n    <div id=\"text-reporte-speed\" style=\"width: 170px; font-size: 12px; text-align: center; border: 2px solid #ae0c21; opacity: 0; background-color: #fff; color: #000; pointer-events: none;\">\n       CADENA DE<BR>VALOR\n    <\/div>\n    \n    <div id=\"btn-flecha\" style=\"border: 2px solid #000; padding: 8px 15px; cursor: pointer;\">\n        <i class=\"fas fa-long-arrow-alt-right\"><\/i>\n    <\/div>\n<\/div>\n<\/a>\n<style>\n    #btn-flecha:hover{\n        background-color: #ae0c21;\n        border: #ae0c21 !important;\n        color: #fff;\n    }\n<\/style>\n\n<script>\n    document.getElementById('btn-flecha').onmouseover = function(){\n            document.getElementById('text-reporte-speed').style.opacity = 1;\n    }\n    \n    document.getElementById('btn-flecha').onmouseout = function(){\n            document.getElementById('text-reporte-speed').style.opacity = 0;\n    }\n<\/script>\n\n<a href=\"https:\/\/sustainabilitygeopark.com\/2019\/pago-y-beneficios\/\"><div style=\"display: flex; align-items: center; position: fixed; top: 50%; left: 0;\">\n       <div id=\"btn-flecha2\" style=\"border: 2px solid #000; padding: 8px 15px; cursor: pointer;\">\n        <i class=\"fas fa-long-arrow-alt-left\"><\/i>\n    <\/div>\n     <div id=\"text-reporte-speed2\" style=\"width: 170px; font-size: 12px; text-align: center; border: 2px solid #ae0c21; opacity: 0; background-color: #fff; color: #000; pointer-events: none;\">\n        PAGO Y<br>BENEFICIOS\n    <\/div>\n<\/div>\n<\/a>\n<style>\n    #btn-flecha2:hover{\n        background-color: #ae0c21;\n        border: #ae0c21 !important;\n        color: #fff;\n    }\n<\/style>\n\n<script>\n    document.getElementById('btn-flecha2').onmouseover = function(){\n            document.getElementById('text-reporte-speed2').style.opacity = 1;\n    }\n    \n    document.getElementById('btn-flecha2').onmouseout = function(){\n            document.getElementById('text-reporte-speed2').style.opacity = 0;\n    }\n<\/script>\t\t<\/div>\n\t\t\t\t<\/div>\n\t\t\t\t\t<\/div>\n\t\t<\/div>\n\t\t\t\t\t\t\t<\/div>\n\t\t<\/section>\n\t\t\t\t\t\t\t<\/div>\n\t\t","protected":false},"excerpt":{"rendered":"<p>Social &gt; Personas &gt; Gesti\u00f3n del rendimiento GESTI\u00d3N DEL DESEMPE\u00d1O Contamos con un proceso de Gesti\u00f3n del Desempe\u00f1o que genera espacios de conversaci\u00f3n entre colaboradores y l\u00edderes sobre el avance y consecuci\u00f3n de los objetivos propuestos, con el prop\u00f3sito de identificar fortalezas y definir oportunamente acciones de mejora que contribuyan al crecimiento de los empleados [&hellip;]<\/p>\n","protected":false},"author":1,"featured_media":0,"parent":0,"menu_order":0,"comment_status":"closed","ping_status":"closed","template":"","meta":{"footnotes":""},"class_list":["post-4850","page","type-page","status-publish","hentry"],"_links":{"self":[{"href":"https:\/\/geo-park.com\/sustainability\/2019\/wp-json\/wp\/v2\/pages\/4850","targetHints":{"allow":["GET"]}}],"collection":[{"href":"https:\/\/geo-park.com\/sustainability\/2019\/wp-json\/wp\/v2\/pages"}],"about":[{"href":"https:\/\/geo-park.com\/sustainability\/2019\/wp-json\/wp\/v2\/types\/page"}],"author":[{"embeddable":true,"href":"https:\/\/geo-park.com\/sustainability\/2019\/wp-json\/wp\/v2\/users\/1"}],"replies":[{"embeddable":true,"href":"https:\/\/geo-park.com\/sustainability\/2019\/wp-json\/wp\/v2\/comments?post=4850"}],"version-history":[{"count":56,"href":"https:\/\/geo-park.com\/sustainability\/2019\/wp-json\/wp\/v2\/pages\/4850\/revisions"}],"predecessor-version":[{"id":12326,"href":"https:\/\/geo-park.com\/sustainability\/2019\/wp-json\/wp\/v2\/pages\/4850\/revisions\/12326"}],"wp:attachment":[{"href":"https:\/\/geo-park.com\/sustainability\/2019\/wp-json\/wp\/v2\/media?parent=4850"}],"curies":[{"name":"wp","href":"https:\/\/api.w.org\/{rel}","templated":true}]}}