{"id":4889,"date":"2021-05-07T11:01:57","date_gmt":"2021-05-07T16:01:57","guid":{"rendered":"http:\/\/localhost\/kg2\/?page_id=4889"},"modified":"2021-09-06T19:22:35","modified_gmt":"2021-09-07T00:22:35","slug":"nuestro-compromiso","status":"publish","type":"page","link":"https:\/\/geo-park.com\/sustainability\/2019\/nuestro-compromiso\/","title":{"rendered":"nuestro compromiso"},"content":{"rendered":"\t\t<div data-elementor-type=\"wp-page\" data-elementor-id=\"4889\" class=\"elementor elementor-4889\">\n\t\t\t\t\t\t\t\t\t<section class=\"elementor-section elementor-top-section elementor-element elementor-element-af41a6f elementor-section-boxed elementor-section-height-default elementor-section-height-default\" data-id=\"af41a6f\" data-element_type=\"section\">\n\t\t\t\t\t\t<div class=\"elementor-container elementor-column-gap-default\">\n\t\t\t\t\t<div class=\"elementor-column elementor-col-100 elementor-top-column elementor-element elementor-element-aec7e3d ot-flex-column-vertical\" data-id=\"aec7e3d\" data-element_type=\"column\">\n\t\t\t<div class=\"elementor-widget-wrap elementor-element-populated\">\n\t\t\t\t\t\t\t\t<div class=\"elementor-element elementor-element-7103cce elementor-widget elementor-widget-text-editor\" data-id=\"7103cce\" data-element_type=\"widget\" data-widget_type=\"text-editor.default\">\n\t\t\t\t<div class=\"elementor-widget-container\">\n\t\t\t\t\t\t\t<a href=\"https:\/\/sustainabilitygeopark.com\/web\/entorno-ambiental\/\"><span style=\"text-decoration: underline;\">Entorno Ambiental<\/span><\/a> <span style=\"color: #000000;\">&gt;<\/span><span style=\"color: #ae0c21;\">\u00a0Nuestro compromiso<\/span>\t\t\t\t\t\t<\/div>\n\t\t\t\t<\/div>\n\t\t\t\t<div class=\"elementor-element elementor-element-637cec4 elementor-widget elementor-widget-spacer\" data-id=\"637cec4\" data-element_type=\"widget\" data-widget_type=\"spacer.default\">\n\t\t\t\t<div class=\"elementor-widget-container\">\n\t\t\t\t\t<div class=\"elementor-spacer\">\n\t\t\t<div class=\"elementor-spacer-inner\"><\/div>\n\t\t<\/div>\n\t\t\t\t<\/div>\n\t\t\t\t<\/div>\n\t\t\t\t\t<\/div>\n\t\t<\/div>\n\t\t\t\t\t\t\t<\/div>\n\t\t<\/section>\n\t\t\t\t<section class=\"elementor-section elementor-top-section elementor-element elementor-element-93e2c62 elementor-section-boxed elementor-section-height-default elementor-section-height-default\" data-id=\"93e2c62\" data-element_type=\"section\" data-settings=\"{&quot;background_background&quot;:&quot;classic&quot;}\">\n\t\t\t\t\t\t<div class=\"elementor-container elementor-column-gap-default\">\n\t\t\t\t\t<div class=\"elementor-column elementor-col-50 elementor-top-column elementor-element elementor-element-3a58f6c ot-flex-column-vertical\" data-id=\"3a58f6c\" data-element_type=\"column\" data-settings=\"{&quot;background_background&quot;:&quot;classic&quot;}\">\n\t\t\t<div class=\"elementor-widget-wrap elementor-element-populated\">\n\t\t\t\t\t\t\t\t<div class=\"elementor-element elementor-element-ee0ba28 elementor-widget elementor-widget-image\" data-id=\"ee0ba28\" data-element_type=\"widget\" data-widget_type=\"image.default\">\n\t\t\t\t<div class=\"elementor-widget-container\">\n\t\t\t\t\t\t\t\t\t\t\t\t\t\t\t<img decoding=\"async\" width=\"638\" height=\"756\" data-src=\"https:\/\/geo-park.com\/sustainability\/2019\/wp-content\/uploads\/2021\/05\/ambiental_2.jpg\" class=\"attachment-large size-large wp-image-5087 lazyload\" alt=\"\" data-srcset=\"https:\/\/geo-park.com\/sustainability\/2019\/wp-content\/uploads\/2021\/05\/ambiental_2.jpg 638w, https:\/\/geo-park.com\/sustainability\/2019\/wp-content\/uploads\/2021\/05\/ambiental_2-253x300.jpg 253w\" data-sizes=\"(max-width: 638px) 100vw, 638px\" src=\"data:image\/gif;base64,R0lGODlhAQABAAAAACH5BAEKAAEALAAAAAABAAEAAAICTAEAOw==\" style=\"--smush-placeholder-width: 638px; --smush-placeholder-aspect-ratio: 638\/756;\" \/>\t\t\t\t\t\t\t\t\t\t\t\t\t\t\t<\/div>\n\t\t\t\t<\/div>\n\t\t\t\t\t<\/div>\n\t\t<\/div>\n\t\t\t\t<div class=\"elementor-column elementor-col-50 elementor-top-column elementor-element elementor-element-4a88393 ot-flex-column-vertical\" data-id=\"4a88393\" data-element_type=\"column\" data-settings=\"{&quot;background_background&quot;:&quot;classic&quot;}\">\n\t\t\t<div class=\"elementor-widget-wrap elementor-element-populated\">\n\t\t\t\t\t\t\t\t<div class=\"elementor-element elementor-element-1f82f77 elementor-widget elementor-widget-heading\" data-id=\"1f82f77\" data-element_type=\"widget\" data-widget_type=\"heading.default\">\n\t\t\t\t<div class=\"elementor-widget-container\">\n\t\t\t<h2 class=\"elementor-heading-title elementor-size-default\">NUESTRO <strong style=\"color:#86BC25\">COMPROMISO AMBIENTAL<\/strong><\/h2>\t\t<\/div>\n\t\t\t\t<\/div>\n\t\t\t\t<div class=\"elementor-element elementor-element-99a4719 elementor-widget elementor-widget-text-editor\" data-id=\"99a4719\" data-element_type=\"widget\" data-widget_type=\"text-editor.default\">\n\t\t\t\t<div class=\"elementor-widget-container\">\n\t\t\t\t\t\t\t<p>En GeoPark, creemos que el petr\u00f3leo y el gas pueden producirse de manera ambientalmente responsable con el cuidado y la gesti\u00f3n adecuados. Estamos comprometidos con implementar las mejores pr\u00e1cticas ambientales y cumplir de manera amplia con el marco legal de cada uno de los pa\u00edses en donde operamos.<\/p>\t\t\t\t\t\t<\/div>\n\t\t\t\t<\/div>\n\t\t\t\t\t<\/div>\n\t\t<\/div>\n\t\t\t\t\t\t\t<\/div>\n\t\t<\/section>\n\t\t\t\t<section class=\"elementor-section elementor-top-section elementor-element elementor-element-87f37b7 elementor-section-boxed elementor-section-height-default elementor-section-height-default\" data-id=\"87f37b7\" data-element_type=\"section\">\n\t\t\t\t\t\t<div class=\"elementor-container elementor-column-gap-default\">\n\t\t\t\t\t<div class=\"elementor-column elementor-col-100 elementor-top-column elementor-element elementor-element-c508de2 ot-flex-column-vertical\" data-id=\"c508de2\" data-element_type=\"column\">\n\t\t\t<div class=\"elementor-widget-wrap elementor-element-populated\">\n\t\t\t\t\t\t\t\t<section class=\"elementor-section elementor-inner-section elementor-element elementor-element-41c881e elementor-section-boxed elementor-section-height-default elementor-section-height-default\" data-id=\"41c881e\" data-element_type=\"section\">\n\t\t\t\t\t\t<div class=\"elementor-container elementor-column-gap-default\">\n\t\t\t\t\t<div class=\"elementor-column elementor-col-100 elementor-inner-column elementor-element elementor-element-dba7882 ot-flex-column-vertical\" data-id=\"dba7882\" data-element_type=\"column\">\n\t\t\t<div class=\"elementor-widget-wrap elementor-element-populated\">\n\t\t\t\t\t\t\t\t<div class=\"elementor-element elementor-element-2e03d52 elementor-widget elementor-widget-text-editor\" data-id=\"2e03d52\" data-element_type=\"widget\" data-widget_type=\"text-editor.default\">\n\t\t\t\t<div class=\"elementor-widget-container\">\n\t\t\t\t\t\t\t<p>El compromiso con nuestros valores, adem\u00e1s de reflejarse en acciones concretas, se materializa en certificaciones que garantizan el cumplimiento de los mejores est\u00e1ndares de gesti\u00f3n y nos impulsan a la mejora continua.<\/p><p>En Colombia, contamos con un Sistema de Gesti\u00f3n Ambiental (SGA) que gu\u00eda nuestro desempe\u00f1o en el tema y nos permite identificar, priorizar y gestionar los riesgos ambientales. En 2017, obtuvimos la certificaci\u00f3n en ISO 14001:2015, y, durante 2018 y 2019, la mantuvimos en el ciclo de verificaci\u00f3n, lo cual nos compromete a continuar con la ejecuci\u00f3n de programas de sensibilizaci\u00f3n, capacitaci\u00f3n y entrenamiento con nuestros colaboradores sobre el uso eficiente de los recursos naturales y el cumplimiento de la normatividad ambiental.<\/p>\t\t\t\t\t\t<\/div>\n\t\t\t\t<\/div>\n\t\t\t\t\t<\/div>\n\t\t<\/div>\n\t\t\t\t\t\t\t<\/div>\n\t\t<\/section>\n\t\t\t\t\t<\/div>\n\t\t<\/div>\n\t\t\t\t\t\t\t<\/div>\n\t\t<\/section>\n\t\t\t\t<section class=\"elementor-section elementor-top-section elementor-element elementor-element-d68ecc5 elementor-section-boxed elementor-section-height-default elementor-section-height-default\" data-id=\"d68ecc5\" data-element_type=\"section\" data-settings=\"{&quot;background_background&quot;:&quot;classic&quot;}\">\n\t\t\t\t\t\t<div class=\"elementor-container elementor-column-gap-default\">\n\t\t\t\t\t<div class=\"elementor-column elementor-col-100 elementor-top-column elementor-element elementor-element-8c80e0e ot-flex-column-vertical\" data-id=\"8c80e0e\" data-element_type=\"column\">\n\t\t\t<div class=\"elementor-widget-wrap elementor-element-populated\">\n\t\t\t\t\t\t\t\t<section class=\"elementor-section elementor-inner-section elementor-element elementor-element-a64bef3 elementor-section-boxed elementor-section-height-default elementor-section-height-default\" data-id=\"a64bef3\" data-element_type=\"section\">\n\t\t\t\t\t\t<div class=\"elementor-container elementor-column-gap-default\">\n\t\t\t\t\t<div class=\"elementor-column elementor-col-100 elementor-inner-column elementor-element elementor-element-97a41c5 ot-flex-column-vertical\" data-id=\"97a41c5\" data-element_type=\"column\">\n\t\t\t<div class=\"elementor-widget-wrap elementor-element-populated\">\n\t\t\t\t\t\t\t\t<div class=\"elementor-element elementor-element-c2ed253 elementor-widget elementor-widget-text-editor\" data-id=\"c2ed253\" data-element_type=\"widget\" data-widget_type=\"text-editor.default\">\n\t\t\t\t<div class=\"elementor-widget-container\">\n\t\t\t\t\t\t\tTambi\u00e9n nos motiva a sumar esfuerzos para trabajar con nuestros vecinos en la protecci\u00f3n de los recursos naturales, generar mayor conciencia sobre la importancia y los beneficios del reciclaje, y educar sobre el uso adecuado del agua.\t\t\t\t\t\t<\/div>\n\t\t\t\t<\/div>\n\t\t\t\t\t<\/div>\n\t\t<\/div>\n\t\t\t\t\t\t\t<\/div>\n\t\t<\/section>\n\t\t\t\t\t<\/div>\n\t\t<\/div>\n\t\t\t\t\t\t\t<\/div>\n\t\t<\/section>\n\t\t\t\t<section class=\"elementor-section elementor-top-section elementor-element elementor-element-abdb1d1 elementor-section-boxed elementor-section-height-default elementor-section-height-default\" data-id=\"abdb1d1\" data-element_type=\"section\">\n\t\t\t\t\t\t<div class=\"elementor-container elementor-column-gap-default\">\n\t\t\t\t\t<div class=\"elementor-column elementor-col-100 elementor-top-column elementor-element elementor-element-e98a117 ot-flex-column-vertical\" data-id=\"e98a117\" data-element_type=\"column\">\n\t\t\t<div class=\"elementor-widget-wrap elementor-element-populated\">\n\t\t\t\t\t\t\t\t<section class=\"elementor-section elementor-inner-section elementor-element elementor-element-b93607f elementor-section-boxed elementor-section-height-default elementor-section-height-default\" data-id=\"b93607f\" data-element_type=\"section\">\n\t\t\t\t\t\t<div class=\"elementor-container elementor-column-gap-default\">\n\t\t\t\t\t<div class=\"elementor-column elementor-col-100 elementor-inner-column elementor-element elementor-element-097ad0b ot-flex-column-vertical\" data-id=\"097ad0b\" data-element_type=\"column\">\n\t\t\t<div class=\"elementor-widget-wrap elementor-element-populated\">\n\t\t\t\t\t\t\t\t<div class=\"elementor-element elementor-element-429b89e elementor-widget elementor-widget-text-editor\" data-id=\"429b89e\" data-element_type=\"widget\" data-widget_type=\"text-editor.default\">\n\t\t\t\t<div class=\"elementor-widget-container\">\n\t\t\t\t\t\t\t<p>En GeoPark todas nuestras operaciones cuentan con las licencias ambientales requeridas para operar, las cuales constituyen el marco sobre el cual definimos nuestros planes de manejo ambiental, que establecen las intervenciones necesarias para garantizar la optimizaci\u00f3n en el manejo de los recursos naturales. Para realizar el seguimiento a los requerimientos de nuestras licencias, implementamos mecanismos de interventor\u00eda ambiental permanente que contratamos con proveedores externos. Durante 2019 no recibimos multas o sanciones relacionadas con incumplimientos a las licencias o la normatividad ambiental que regula nuestras actividades operacionales. Los datos reportados en este cap\u00edtulo corresponden a los indicadores de gesti\u00f3n ambiental del 100% de la operaci\u00f3n en los bloques operados.<\/p>\t\t\t\t\t\t<\/div>\n\t\t\t\t<\/div>\n\t\t\t\t<div class=\"elementor-element elementor-element-374c22b elementor-widget elementor-widget-spacer\" data-id=\"374c22b\" data-element_type=\"widget\" data-widget_type=\"spacer.default\">\n\t\t\t\t<div class=\"elementor-widget-container\">\n\t\t\t\t\t<div class=\"elementor-spacer\">\n\t\t\t<div class=\"elementor-spacer-inner\"><\/div>\n\t\t<\/div>\n\t\t\t\t<\/div>\n\t\t\t\t<\/div>\n\t\t\t\t\t<\/div>\n\t\t<\/div>\n\t\t\t\t\t\t\t<\/div>\n\t\t<\/section>\n\t\t\t\t\t<\/div>\n\t\t<\/div>\n\t\t\t\t\t\t\t<\/div>\n\t\t<\/section>\n\t\t\t\t<section class=\"elementor-section elementor-top-section elementor-element elementor-element-a44288e elementor-section-boxed elementor-section-height-default elementor-section-height-default\" data-id=\"a44288e\" data-element_type=\"section\">\n\t\t\t\t\t\t<div class=\"elementor-container elementor-column-gap-default\">\n\t\t\t\t\t<div class=\"elementor-column elementor-col-100 elementor-top-column elementor-element elementor-element-2393623 ot-flex-column-vertical\" data-id=\"2393623\" data-element_type=\"column\">\n\t\t\t<div class=\"elementor-widget-wrap elementor-element-populated\">\n\t\t\t\t\t\t\t\t<div class=\"elementor-element elementor-element-5c3954c elementor-widget elementor-widget-html\" data-id=\"5c3954c\" data-element_type=\"widget\" data-widget_type=\"html.default\">\n\t\t\t\t<div class=\"elementor-widget-container\">\n\t\t\t<a href=\"https:\/\/sustainabilitygeopark.com\/2019\/gestion-de-emisiones\/\"><div style=\"display: flex; align-items: center; position: fixed; top: 50%; right: 0;\">\n    <div id=\"text-reporte-speed\" style=\"width: 170px; font-size: 12px; text-align: center; border: 2px solid #ae0c21; opacity: 0; background-color: #fff; color: #000; pointer-events: none;\">\n        GESTI\u00d3N DE <br>EMISIONES\n    <\/div>\n    \n    <div id=\"btn-flecha\" style=\"border: 2px solid #000; padding: 8px 15px; cursor: pointer;\">\n        <i class=\"fas fa-long-arrow-alt-right\"><\/i>\n    <\/div>\n<\/div>\n<\/a>\n<style>\n    #btn-flecha:hover{\n        background-color: #ae0c21;\n        border: #ae0c21 !important;\n        color: #fff;\n    }\n<\/style>\n\n<script>\n    document.getElementById('btn-flecha').onmouseover = function(){\n            document.getElementById('text-reporte-speed').style.opacity = 1;\n    }\n    \n    document.getElementById('btn-flecha').onmouseout = function(){\n            document.getElementById('text-reporte-speed').style.opacity = 0;\n    }\n<\/script>\n\n\n\n\n<a href=\"https:\/\/sustainabilitygeopark.com\/2019\/ambiente\/\"><div style=\"display: flex; align-items: center; position: fixed; top: 50%; left: 0;\">\n       <div id=\"btn-flecha2\" style=\"border: 2px solid #000; padding: 8px 15px; cursor: pointer;\">\n        <i class=\"fas fa-long-arrow-alt-left\"><\/i>\n    <\/div>\n     <div id=\"text-reporte-speed2\" style=\"width: 170px; font-size: 12px; padding:9px; text-align: center; border: 2px solid #ae0c21; opacity: 0; background-color: #fff; color: #000; pointer-events: none;\">ENTORNO AMBIENTAL<br>\n     \n     \n      \n     \n     \n     \n    <\/div>\n<\/div>\n<\/a>\n<style>\n    #btn-flecha2:hover{\n        background-color: #ae0c21;\n        border: #ae0c21 !important;\n        color: #fff;\n    }\n<\/style>\n\n<script>\n    document.getElementById('btn-flecha2').onmouseover = function(){\n            document.getElementById('text-reporte-speed2').style.opacity = 1;\n    }\n    \n    document.getElementById('btn-flecha2').onmouseout = function(){\n            document.getElementById('text-reporte-speed2').style.opacity = 0;\n    }\n<\/script>\t\t<\/div>\n\t\t\t\t<\/div>\n\t\t\t\t\t<\/div>\n\t\t<\/div>\n\t\t\t\t\t\t\t<\/div>\n\t\t<\/section>\n\t\t\t\t\t\t\t<\/div>\n\t\t","protected":false},"excerpt":{"rendered":"<p>Entorno Ambiental &gt;\u00a0Nuestro compromiso NUESTRO COMPROMISO AMBIENTAL En GeoPark, creemos que el petr\u00f3leo y el gas pueden producirse de manera ambientalmente responsable con el cuidado y la gesti\u00f3n adecuados. Estamos comprometidos con implementar las mejores pr\u00e1cticas ambientales y cumplir de manera amplia con el marco legal de cada uno de los pa\u00edses en donde operamos. [&hellip;]<\/p>\n","protected":false},"author":1,"featured_media":0,"parent":0,"menu_order":0,"comment_status":"closed","ping_status":"closed","template":"","meta":{"footnotes":""},"class_list":["post-4889","page","type-page","status-publish","hentry"],"_links":{"self":[{"href":"https:\/\/geo-park.com\/sustainability\/2019\/wp-json\/wp\/v2\/pages\/4889","targetHints":{"allow":["GET"]}}],"collection":[{"href":"https:\/\/geo-park.com\/sustainability\/2019\/wp-json\/wp\/v2\/pages"}],"about":[{"href":"https:\/\/geo-park.com\/sustainability\/2019\/wp-json\/wp\/v2\/types\/page"}],"author":[{"embeddable":true,"href":"https:\/\/geo-park.com\/sustainability\/2019\/wp-json\/wp\/v2\/users\/1"}],"replies":[{"embeddable":true,"href":"https:\/\/geo-park.com\/sustainability\/2019\/wp-json\/wp\/v2\/comments?post=4889"}],"version-history":[{"count":89,"href":"https:\/\/geo-park.com\/sustainability\/2019\/wp-json\/wp\/v2\/pages\/4889\/revisions"}],"predecessor-version":[{"id":12271,"href":"https:\/\/geo-park.com\/sustainability\/2019\/wp-json\/wp\/v2\/pages\/4889\/revisions\/12271"}],"wp:attachment":[{"href":"https:\/\/geo-park.com\/sustainability\/2019\/wp-json\/wp\/v2\/media?parent=4889"}],"curies":[{"name":"wp","href":"https:\/\/api.w.org\/{rel}","templated":true}]}}