{"id":4919,"date":"2021-05-07T17:48:27","date_gmt":"2021-05-07T22:48:27","guid":{"rendered":"http:\/\/localhost\/kg2\/?page_id=4919"},"modified":"2021-09-06T19:38:47","modified_gmt":"2021-09-07T00:38:47","slug":"biodiversidad","status":"publish","type":"page","link":"https:\/\/geo-park.com\/sustainability\/2019\/biodiversidad\/","title":{"rendered":"biodiversidad"},"content":{"rendered":"\t\t<div data-elementor-type=\"wp-page\" data-elementor-id=\"4919\" class=\"elementor elementor-4919\">\n\t\t\t\t\t\t\t\t\t<section class=\"elementor-section elementor-top-section elementor-element elementor-element-4e07ef9 elementor-section-boxed elementor-section-height-default elementor-section-height-default\" data-id=\"4e07ef9\" data-element_type=\"section\">\n\t\t\t\t\t\t<div class=\"elementor-container elementor-column-gap-default\">\n\t\t\t\t\t<div class=\"elementor-column elementor-col-100 elementor-top-column elementor-element elementor-element-ea19970 ot-flex-column-vertical\" data-id=\"ea19970\" data-element_type=\"column\">\n\t\t\t<div class=\"elementor-widget-wrap elementor-element-populated\">\n\t\t\t\t\t\t\t\t<section class=\"elementor-section elementor-inner-section elementor-element elementor-element-6776a1a elementor-section-boxed elementor-section-height-default elementor-section-height-default\" data-id=\"6776a1a\" data-element_type=\"section\">\n\t\t\t\t\t\t<div class=\"elementor-container elementor-column-gap-default\">\n\t\t\t\t\t<div class=\"elementor-column elementor-col-100 elementor-inner-column elementor-element elementor-element-e2930b3 ot-flex-column-vertical\" data-id=\"e2930b3\" data-element_type=\"column\">\n\t\t\t<div class=\"elementor-widget-wrap elementor-element-populated\">\n\t\t\t\t\t\t\t\t<div class=\"elementor-element elementor-element-656dd51 elementor-widget elementor-widget-text-editor\" data-id=\"656dd51\" data-element_type=\"widget\" data-widget_type=\"text-editor.default\">\n\t\t\t\t<div class=\"elementor-widget-container\">\n\t\t\t\t\t\t\t<p><a href=\"#\"><span style=\"text-decoration: underline;\">Entorno ambiental<\/span><\/a> <span style=\"color: #000000;\">&gt;<\/span><span style=\"color: #ae0c21;\"> Biodiversidad<\/span><\/p>\t\t\t\t\t\t<\/div>\n\t\t\t\t<\/div>\n\t\t\t\t\t<\/div>\n\t\t<\/div>\n\t\t\t\t\t\t\t<\/div>\n\t\t<\/section>\n\t\t\t\t\t<\/div>\n\t\t<\/div>\n\t\t\t\t\t\t\t<\/div>\n\t\t<\/section>\n\t\t\t\t<section class=\"elementor-section elementor-top-section elementor-element elementor-element-300b7c5 elementor-section-boxed elementor-section-height-default elementor-section-height-default\" data-id=\"300b7c5\" data-element_type=\"section\">\n\t\t\t\t\t\t<div class=\"elementor-container elementor-column-gap-default\">\n\t\t\t\t\t<div class=\"elementor-column elementor-col-100 elementor-top-column elementor-element elementor-element-7e1c956 ot-flex-column-vertical\" data-id=\"7e1c956\" data-element_type=\"column\">\n\t\t\t<div class=\"elementor-widget-wrap elementor-element-populated\">\n\t\t\t\t\t\t\t\t<section class=\"elementor-section elementor-inner-section elementor-element elementor-element-f06a2f7 elementor-section-boxed elementor-section-height-default elementor-section-height-default\" data-id=\"f06a2f7\" data-element_type=\"section\">\n\t\t\t\t\t\t<div class=\"elementor-container elementor-column-gap-default\">\n\t\t\t\t\t<div class=\"elementor-column elementor-col-100 elementor-inner-column elementor-element elementor-element-375259e ot-flex-column-vertical\" data-id=\"375259e\" data-element_type=\"column\">\n\t\t\t<div class=\"elementor-widget-wrap elementor-element-populated\">\n\t\t\t\t\t\t\t\t<div class=\"elementor-element elementor-element-0432ccb elementor-widget elementor-widget-image\" data-id=\"0432ccb\" data-element_type=\"widget\" data-widget_type=\"image.default\">\n\t\t\t\t<div class=\"elementor-widget-container\">\n\t\t\t\t\t\t\t\t\t\t\t\t\t\t\t<img decoding=\"async\" width=\"1200\" height=\"466\" data-src=\"https:\/\/geo-park.com\/sustainability\/2019\/wp-content\/uploads\/2021\/05\/ambiental_9.jpg\" class=\"attachment-full size-full wp-image-5137 lazyload\" alt=\"\" data-srcset=\"https:\/\/geo-park.com\/sustainability\/2019\/wp-content\/uploads\/2021\/05\/ambiental_9.jpg 1200w, https:\/\/geo-park.com\/sustainability\/2019\/wp-content\/uploads\/2021\/05\/ambiental_9-300x117.jpg 300w, https:\/\/geo-park.com\/sustainability\/2019\/wp-content\/uploads\/2021\/05\/ambiental_9-1024x398.jpg 1024w, https:\/\/geo-park.com\/sustainability\/2019\/wp-content\/uploads\/2021\/05\/ambiental_9-768x298.jpg 768w\" data-sizes=\"(max-width: 1200px) 100vw, 1200px\" src=\"data:image\/gif;base64,R0lGODlhAQABAAAAACH5BAEKAAEALAAAAAABAAEAAAICTAEAOw==\" style=\"--smush-placeholder-width: 1200px; --smush-placeholder-aspect-ratio: 1200\/466;\" \/>\t\t\t\t\t\t\t\t\t\t\t\t\t\t\t<\/div>\n\t\t\t\t<\/div>\n\t\t\t\t<div class=\"elementor-element elementor-element-d09b0a0 elementor-widget elementor-widget-heading\" data-id=\"d09b0a0\" data-element_type=\"widget\" data-widget_type=\"heading.default\">\n\t\t\t\t<div class=\"elementor-widget-container\">\n\t\t\t<h2 class=\"elementor-heading-title elementor-size-default\"><font color=\"#86BC25\"><b>BIODIVERSIDAD<\/b><\/font><\/h2>\t\t<\/div>\n\t\t\t\t<\/div>\n\t\t\t\t<div class=\"elementor-element elementor-element-01f7156 elementor-widget elementor-widget-text-editor\" data-id=\"01f7156\" data-element_type=\"widget\" data-widget_type=\"text-editor.default\">\n\t\t\t\t<div class=\"elementor-widget-container\">\n\t\t\t\t\t\t\t<p>El cuidado de la biodiversidad es una prioridad para GeoPark. Entendemos que se requiere de un esfuerzo conjunto que garantice que todos trabajemos para evitar, mitigar o eliminar cualquier impacto que ponga en riesgo la biodiversidad del planeta. Nuestra contribuci\u00f3n se ha centrado en la ejecuci\u00f3n de importantes programas, con aliados expertos a nivel nacional e internacional, tendientes al cuidado y la preservaci\u00f3n de la riqueza del entorno natural de los distintos territorios en los que actuamos.<\/p>\t\t\t\t\t\t<\/div>\n\t\t\t\t<\/div>\n\t\t\t\t<div class=\"elementor-element elementor-element-1d670e0 elementor-widget elementor-widget-spacer\" data-id=\"1d670e0\" data-element_type=\"widget\" data-widget_type=\"spacer.default\">\n\t\t\t\t<div class=\"elementor-widget-container\">\n\t\t\t\t\t<div class=\"elementor-spacer\">\n\t\t\t<div class=\"elementor-spacer-inner\"><\/div>\n\t\t<\/div>\n\t\t\t\t<\/div>\n\t\t\t\t<\/div>\n\t\t\t\t<div class=\"elementor-element elementor-element-1df1940 elementor-widget elementor-widget-heading\" data-id=\"1df1940\" data-element_type=\"widget\" data-widget_type=\"heading.default\">\n\t\t\t\t<div class=\"elementor-widget-container\">\n\t\t\t<h2 class=\"elementor-heading-title elementor-size-default\"><font color=\"#86BC25\"><b>COLOMBIA<\/b><\/font><\/h2>\t\t<\/div>\n\t\t\t\t<\/div>\n\t\t\t\t<div class=\"elementor-element elementor-element-6659467 elementor-widget elementor-widget-heading\" data-id=\"6659467\" data-element_type=\"widget\" data-widget_type=\"heading.default\">\n\t\t\t\t<div class=\"elementor-widget-container\">\n\t\t\t<h4 class=\"elementor-heading-title elementor-size-default\"><b>CONSERVACI\u00d3N DEL TERRITORIO<\/b><\/h4>\t\t<\/div>\n\t\t\t\t<\/div>\n\t\t\t\t<div class=\"elementor-element elementor-element-9239030 elementor-widget elementor-widget-text-editor\" data-id=\"9239030\" data-element_type=\"widget\" data-widget_type=\"text-editor.default\">\n\t\t\t\t<div class=\"elementor-widget-container\">\n\t\t\t\t\t\t\t<p>En 2019, en alianza con la Alcald\u00eda de Tauramena y la Fundaci\u00f3n Orinoquia Biodiversa (FOB), realizamos la investigaci\u00f3n \u201cValoraci\u00f3n de los servicios ecosist\u00e9micos, caracterizaci\u00f3n de la biodiversidad y los humedales\u201d, una l\u00ednea base para la gesti\u00f3n integral del municipio de Tauramena, departamento de Casanare, que constituye una herramienta clave para la toma de decisiones sobre la conservaci\u00f3n ambiental del territorio. El trabajo sirvi\u00f3 tambi\u00e9n para hacer una exhaustiva caracterizaci\u00f3n de especies de flora y fauna que se document\u00f3 en el cat\u00e1logo Tauramena Natural.<\/p>\t\t\t\t\t\t<\/div>\n\t\t\t\t<\/div>\n\t\t\t\t<div class=\"elementor-element elementor-element-0f0ea6a elementor-widget elementor-widget-heading\" data-id=\"0f0ea6a\" data-element_type=\"widget\" data-widget_type=\"heading.default\">\n\t\t\t\t<div class=\"elementor-widget-container\">\n\t\t\t<h4 class=\"elementor-heading-title elementor-size-default\">PASOS DE FAUNA SILVESTRE<\/h4>\t\t<\/div>\n\t\t\t\t<\/div>\n\t\t\t\t<div class=\"elementor-element elementor-element-d0be21e elementor-widget elementor-widget-text-editor\" data-id=\"d0be21e\" data-element_type=\"widget\" data-widget_type=\"text-editor.default\">\n\t\t\t\t<div class=\"elementor-widget-container\">\n\t\t\t\t\t\t\tEs una iniciativa desarrollada en asocio con la Fundaci\u00f3n Orinoquia Biodiversa (FOB), enfocada en la definici\u00f3n de una estrategia para promover la conectividad y la conservaci\u00f3n de la diversidad en paisajes fragmentados. Este estudio de pasos de fauna silvestre en las operaciones de GeoPark en el bloque Llanos 34, permite definir estrategias claras para la protecci\u00f3n y conservaci\u00f3n de las especies identificadas y que hagan parte de los corredores estrat\u00e9gicos de fauna existentes en el \u00e1rea en donde operamos.\t\t\t\t\t\t<\/div>\n\t\t\t\t<\/div>\n\t\t\t\t<div class=\"elementor-element elementor-element-b62c359 elementor-widget elementor-widget-heading\" data-id=\"b62c359\" data-element_type=\"widget\" data-widget_type=\"heading.default\">\n\t\t\t\t<div class=\"elementor-widget-container\">\n\t\t\t<h4 class=\"elementor-heading-title elementor-size-default\">DONACI\u00d3N DE LA RESERVA NATURAL \"LA ESMERALDA\"<\/h4>\t\t<\/div>\n\t\t\t\t<\/div>\n\t\t\t\t<div class=\"elementor-element elementor-element-d357bf5 elementor-widget elementor-widget-text-editor\" data-id=\"d357bf5\" data-element_type=\"widget\" data-widget_type=\"text-editor.default\">\n\t\t\t\t<div class=\"elementor-widget-container\">\n\t\t\t\t\t\t\t<p>Entregamos a la Alcald\u00eda de Paz de Ariporo, en el departamento de Casanare, un predio de 1.968 hect\u00e1reas, que hace parte del Sistema Nacional de \u00c1reas Protegidas. La reserva natural es catalogada como \u00e1rea de conservaci\u00f3n a perpetuidad, por sus caracter\u00edsticas \u00fanicas de flora y fauna.<\/p>\t\t\t\t\t\t<\/div>\n\t\t\t\t<\/div>\n\t\t\t\t\t<\/div>\n\t\t<\/div>\n\t\t\t\t\t\t\t<\/div>\n\t\t<\/section>\n\t\t\t\t\t<\/div>\n\t\t<\/div>\n\t\t\t\t\t\t\t<\/div>\n\t\t<\/section>\n\t\t\t\t<section class=\"elementor-section elementor-top-section elementor-element elementor-element-7c6d9a1 elementor-section-boxed elementor-section-height-default elementor-section-height-default\" data-id=\"7c6d9a1\" data-element_type=\"section\">\n\t\t\t\t\t\t<div class=\"elementor-container elementor-column-gap-default\">\n\t\t\t\t\t<div class=\"elementor-column elementor-col-100 elementor-top-column elementor-element elementor-element-c6da75f ot-flex-column-vertical\" data-id=\"c6da75f\" data-element_type=\"column\">\n\t\t\t<div class=\"elementor-widget-wrap elementor-element-populated\">\n\t\t\t\t\t\t\t\t<section class=\"elementor-section elementor-inner-section elementor-element elementor-element-d081c2d elementor-section-boxed elementor-section-height-default elementor-section-height-default\" data-id=\"d081c2d\" data-element_type=\"section\">\n\t\t\t\t\t\t<div class=\"elementor-container elementor-column-gap-default\">\n\t\t\t\t\t<div class=\"elementor-column elementor-col-100 elementor-inner-column elementor-element elementor-element-7851d2d ot-flex-column-vertical\" data-id=\"7851d2d\" data-element_type=\"column\">\n\t\t\t<div class=\"elementor-widget-wrap elementor-element-populated\">\n\t\t\t\t\t\t\t\t<div class=\"elementor-element elementor-element-2ccabf0 elementor-widget elementor-widget-heading\" data-id=\"2ccabf0\" data-element_type=\"widget\" data-widget_type=\"heading.default\">\n\t\t\t\t<div class=\"elementor-widget-container\">\n\t\t\t<h2 class=\"elementor-heading-title elementor-size-default\">PER\u00da<\/h2>\t\t<\/div>\n\t\t\t\t<\/div>\n\t\t\t\t<div class=\"elementor-element elementor-element-f6f2a14 elementor-widget elementor-widget-heading\" data-id=\"f6f2a14\" data-element_type=\"widget\" data-widget_type=\"heading.default\">\n\t\t\t\t<div class=\"elementor-widget-container\">\n\t\t\t<h4 class=\"elementor-heading-title elementor-size-default\">PROGRAMA DE MONITOREO Y EVALUACI\u00d3N DE LA BIODIVERSIDAD DEL PROYECTO MORONA (BMAP)\n\n<\/h4>\t\t<\/div>\n\t\t\t\t<\/div>\n\t\t\t\t<div class=\"elementor-element elementor-element-04ac61b elementor-widget elementor-widget-spacer\" data-id=\"04ac61b\" data-element_type=\"widget\" data-widget_type=\"spacer.default\">\n\t\t\t\t<div class=\"elementor-widget-container\">\n\t\t\t\t\t<div class=\"elementor-spacer\">\n\t\t\t<div class=\"elementor-spacer-inner\"><\/div>\n\t\t<\/div>\n\t\t\t\t<\/div>\n\t\t\t\t<\/div>\n\t\t\t\t<div class=\"elementor-element elementor-element-f0dd340 elementor-widget elementor-widget-text-editor\" data-id=\"f0dd340\" data-element_type=\"widget\" data-widget_type=\"text-editor.default\">\n\t\t\t\t<div class=\"elementor-widget-container\">\n\t\t\t\t\t\t\t<p>El BMAP es una colaboraci\u00f3n entre GeoPark Per\u00fa y el Instituto de Biolog\u00eda de la Conservaci\u00f3n de la Instituci\u00f3n Smithsonian (SCBI, por sus siglas en ingl\u00e9s), uno de los mayores centros de investigaci\u00f3n del mundo. El prop\u00f3sito de esta articulaci\u00f3n fue evaluar y recomendar c\u00f3mo evitar, minimizar y restaurar impactos de desarrollo industrial en la biodiversidad del \u00e1rea de influencia directa (AID) del Proyecto Morona.<\/p>\t\t\t\t\t\t<\/div>\n\t\t\t\t<\/div>\n\t\t\t\t<div class=\"elementor-element elementor-element-7af3391 elementor-widget elementor-widget-spacer\" data-id=\"7af3391\" data-element_type=\"widget\" data-widget_type=\"spacer.default\">\n\t\t\t\t<div class=\"elementor-widget-container\">\n\t\t\t\t\t<div class=\"elementor-spacer\">\n\t\t\t<div class=\"elementor-spacer-inner\"><\/div>\n\t\t<\/div>\n\t\t\t\t<\/div>\n\t\t\t\t<\/div>\n\t\t\t\t<div class=\"elementor-element elementor-element-99cdb02 elementor-widget elementor-widget-heading\" data-id=\"99cdb02\" data-element_type=\"widget\" data-widget_type=\"heading.default\">\n\t\t\t\t<div class=\"elementor-widget-container\">\n\t\t\t<h3 class=\"elementor-heading-title elementor-size-default\">ALGUNOS DE LOS RESULTADOS DEL PROYECTO EN EL 2019:<\/h3>\t\t<\/div>\n\t\t\t\t<\/div>\n\t\t\t\t\t<\/div>\n\t\t<\/div>\n\t\t\t\t\t\t\t<\/div>\n\t\t<\/section>\n\t\t\t\t\t<\/div>\n\t\t<\/div>\n\t\t\t\t\t\t\t<\/div>\n\t\t<\/section>\n\t\t\t\t<section class=\"elementor-section elementor-top-section elementor-element elementor-element-d5523a0 elementor-section-boxed elementor-section-height-default elementor-section-height-default\" data-id=\"d5523a0\" data-element_type=\"section\">\n\t\t\t\t\t\t<div class=\"elementor-container elementor-column-gap-default\">\n\t\t\t\t\t<div class=\"elementor-column elementor-col-100 elementor-top-column elementor-element elementor-element-d4f3ea8 ot-flex-column-vertical\" data-id=\"d4f3ea8\" data-element_type=\"column\">\n\t\t\t<div class=\"elementor-widget-wrap elementor-element-populated\">\n\t\t\t\t\t\t\t\t<section class=\"elementor-section elementor-inner-section elementor-element elementor-element-6af7fed elementor-section-boxed elementor-section-height-default elementor-section-height-default\" data-id=\"6af7fed\" data-element_type=\"section\">\n\t\t\t\t\t\t<div class=\"elementor-container elementor-column-gap-default\">\n\t\t\t\t\t<div class=\"elementor-column elementor-col-50 elementor-inner-column elementor-element elementor-element-47a55df ot-flex-column-vertical\" data-id=\"47a55df\" data-element_type=\"column\">\n\t\t\t<div class=\"elementor-widget-wrap elementor-element-populated\">\n\t\t\t\t\t\t\t\t<div class=\"elementor-element elementor-element-9052017 elementor-widget elementor-widget-image\" data-id=\"9052017\" data-element_type=\"widget\" data-widget_type=\"image.default\">\n\t\t\t\t<div class=\"elementor-widget-container\">\n\t\t\t\t\t\t\t\t\t\t\t\t\t\t\t<img decoding=\"async\" width=\"638\" height=\"756\" data-src=\"https:\/\/geo-park.com\/sustainability\/2019\/wp-content\/uploads\/2021\/05\/ambiental_8.jpg\" class=\"attachment-large size-large wp-image-5133 lazyload\" alt=\"\" data-srcset=\"https:\/\/geo-park.com\/sustainability\/2019\/wp-content\/uploads\/2021\/05\/ambiental_8.jpg 638w, https:\/\/geo-park.com\/sustainability\/2019\/wp-content\/uploads\/2021\/05\/ambiental_8-253x300.jpg 253w\" data-sizes=\"(max-width: 638px) 100vw, 638px\" src=\"data:image\/gif;base64,R0lGODlhAQABAAAAACH5BAEKAAEALAAAAAABAAEAAAICTAEAOw==\" style=\"--smush-placeholder-width: 638px; --smush-placeholder-aspect-ratio: 638\/756;\" \/>\t\t\t\t\t\t\t\t\t\t\t\t\t\t\t<\/div>\n\t\t\t\t<\/div>\n\t\t\t\t\t<\/div>\n\t\t<\/div>\n\t\t\t\t<div class=\"elementor-column elementor-col-50 elementor-inner-column elementor-element elementor-element-99ab409 ot-flex-column-vertical\" data-id=\"99ab409\" data-element_type=\"column\">\n\t\t\t<div class=\"elementor-widget-wrap elementor-element-populated\">\n\t\t\t\t\t\t\t\t<div class=\"elementor-element elementor-element-86a7211 elementor-widget elementor-widget-text-editor\" data-id=\"86a7211\" data-element_type=\"widget\" data-widget_type=\"text-editor.default\">\n\t\t\t\t<div class=\"elementor-widget-container\">\n\t\t\t\t\t\t\t<ul><li>Identificamos lugares para crear \u2018puentes de dosel\u2019 a lo largo de 30 kil\u00f3metros del trazado de la l\u00ednea de flujo que llevar\u00e1 el crudo de las plataformas alcampamento Morona, con los cuales garantizaremos la conectividad de ecosistemas donde habitan los animales de la regi\u00f3n.<\/li><li>Descubrimos, con el apoyo de expertos cient\u00edficos, una manera de mitigar el impacto de la luz blanca en los insectos mediante la instalaci\u00f3n de l\u00e1mparas especiales LED de color naranja, las que tienen un menor efecto y no alteran los ciclos de los animales y, por ende, mantienen su importante funci\u00f3n en los ciclos de polinizaci\u00f3n de plantas en el ecosistema amaz\u00f3nico.<\/li><li>Identificamos 180 especies de aves en el an\u00e1lisis preliminar de las grabaciones ac\u00fasticas.<\/li><li>Con la instalaci\u00f3n de c\u00e1maras trampa, se registraron 31 especies de aves y mam\u00edferos que habitan en las inmediaciones del proyecto. Una vez que se inicie el Proyecto Morona, implementaremos proyectos especiales para garantizar su conservaci\u00f3n.<\/li><li>Identificamos 140 especies de peces registradas, de un total de 1.100 ejemplares analizados. Antes de este registro, 40 de ellos eran desconocidos por la comunidad cient\u00edfica.<\/li><li>Caracterizamos la vegetaci\u00f3n en el \u00e1rea del DdV (Derecho de V\u00eda) y realizamos un monitoreo del cambio de cobertura vegetal a nivel de paisaje.<\/li><\/ul>\t\t\t\t\t\t<\/div>\n\t\t\t\t<\/div>\n\t\t\t\t\t<\/div>\n\t\t<\/div>\n\t\t\t\t\t\t\t<\/div>\n\t\t<\/section>\n\t\t\t\t\t<\/div>\n\t\t<\/div>\n\t\t\t\t\t\t\t<\/div>\n\t\t<\/section>\n\t\t\t\t<section class=\"elementor-section elementor-top-section elementor-element elementor-element-db73660 elementor-section-boxed elementor-section-height-default elementor-section-height-default\" data-id=\"db73660\" data-element_type=\"section\" data-settings=\"{&quot;background_background&quot;:&quot;classic&quot;}\">\n\t\t\t\t\t\t<div class=\"elementor-container elementor-column-gap-default\">\n\t\t\t\t\t<div class=\"elementor-column elementor-col-100 elementor-top-column elementor-element elementor-element-9ac1fa3 ot-flex-column-vertical\" data-id=\"9ac1fa3\" data-element_type=\"column\">\n\t\t\t<div class=\"elementor-widget-wrap elementor-element-populated\">\n\t\t\t\t\t\t\t\t<div class=\"elementor-element elementor-element-95dac7a elementor-widget elementor-widget-text-editor\" data-id=\"95dac7a\" data-element_type=\"widget\" data-widget_type=\"text-editor.default\">\n\t\t\t\t<div class=\"elementor-widget-container\">\n\t\t\t\t\t\t\t<p><span style=\"color: #86bc25;\">Finalistas en el Premio Desarrollo Sostenible 2019 <\/span>Con el Programa de Monitoreo de la Biodiversidad del Proyecto Morona (Morona BMAP, por su sigla en ingl\u00e9s), fuimos finalistas en la categor\u00eda <span style=\"color: #86bc25;\">Gesti\u00f3n Ambiental del Premio Desarrollo Sostenible 2019<\/span> de la Sociedad Nacional de Miner\u00eda, Petr\u00f3leo y Energ\u00eda del Per\u00fa. El premio reconoce las mejores pr\u00e1cticas ambientales y sociales de la industria minero- energ\u00e9tica.<\/p>\t\t\t\t\t\t<\/div>\n\t\t\t\t<\/div>\n\t\t\t\t\t<\/div>\n\t\t<\/div>\n\t\t\t\t\t\t\t<\/div>\n\t\t<\/section>\n\t\t\t\t<section class=\"elementor-section elementor-top-section elementor-element elementor-element-5d8092e elementor-section-boxed elementor-section-height-default elementor-section-height-default\" data-id=\"5d8092e\" data-element_type=\"section\">\n\t\t\t\t\t\t<div class=\"elementor-container elementor-column-gap-default\">\n\t\t\t\t\t<div class=\"elementor-column elementor-col-100 elementor-top-column elementor-element elementor-element-b4f06c8 ot-flex-column-vertical\" data-id=\"b4f06c8\" data-element_type=\"column\">\n\t\t\t<div class=\"elementor-widget-wrap elementor-element-populated\">\n\t\t\t\t\t\t\t\t<div class=\"elementor-element elementor-element-a4ca621 elementor-widget elementor-widget-text-editor\" data-id=\"a4ca621\" data-element_type=\"widget\" data-widget_type=\"text-editor.default\">\n\t\t\t\t<div class=\"elementor-widget-container\">\n\t\t\t\t\t\t\t\t\t\t\t\t\t<\/div>\n\t\t\t\t<\/div>\n\t\t\t\t<div class=\"elementor-element elementor-element-bfd4aad elementor-widget elementor-widget-spacer\" data-id=\"bfd4aad\" data-element_type=\"widget\" data-widget_type=\"spacer.default\">\n\t\t\t\t<div class=\"elementor-widget-container\">\n\t\t\t\t\t<div class=\"elementor-spacer\">\n\t\t\t<div class=\"elementor-spacer-inner\"><\/div>\n\t\t<\/div>\n\t\t\t\t<\/div>\n\t\t\t\t<\/div>\n\t\t\t\t<div class=\"elementor-element elementor-element-1f87cbd elementor-widget elementor-widget-html\" data-id=\"1f87cbd\" data-element_type=\"widget\" data-widget_type=\"html.default\">\n\t\t\t\t<div class=\"elementor-widget-container\">\n\t\t\t<a href=\"https:\/\/sustainabilitygeopark.com\/2019\/gestion-de-residuos\/\"><div style=\"display: flex; align-items: center; position: fixed; top: 50%; left: 0;\">\n       <div id=\"btn-flecha2\" style=\"border: 2px solid #000; padding: 8px 15px; cursor: pointer;\">\n        <i class=\"fas fa-long-arrow-alt-left\"><\/i>\n    <\/div>\n     <div id=\"text-reporte-speed2\" style=\"width: 170px; font-size: 12px; text-align: center; border: 2px solid #ae0c21; opacity: 0; background-color: #fff; color: #000; pointer-events: none;\">\n       GESTI\u00d3N DE<br>RESIDUOS\n    <\/div>\n<\/div>\n<\/a>\n<style>\n    #btn-flecha2:hover{\n        background-color: #ae0c21;\n        border: #ae0c21 !important;\n        color: #fff;\n    }\n<\/style>\n\n<script>\n    document.getElementById('btn-flecha2').onmouseover = function(){\n            document.getElementById('text-reporte-speed2').style.opacity = 1;\n    }\n    \n    document.getElementById('btn-flecha2').onmouseout = function(){\n            document.getElementById('text-reporte-speed2').style.opacity = 0;\n    }\n<\/script>\n\n\n\n\n\n\n<a href=\"https:\/\/sustainabilitygeopark.com\/2019\/social\/\"><div style=\"display: flex; align-items: center; position: fixed; top: 50%; right: 0;\">\n    <div id=\"text-reporte-speed\" style=\"width: 170px; padding:9px; font-size: 12px; text-align: center; border: 2px solid #ae0c21; opacity: 0; background-color: #fff; color: #000; pointer-events: none;\">\n       SOCIAL\n    <\/div>\n    \n    <div id=\"btn-flecha\" style=\"border: 2px solid #000; padding: 8px 15px; cursor: pointer;\">\n        <i class=\"fas fa-long-arrow-alt-right\"><\/i>\n    <\/div>\n<\/div>\n<\/a>\n<style>\n    #btn-flecha:hover{\n        background-color: #ae0c21;\n        border: #ae0c21 !important;\n        color: #fff;\n    }\n<\/style>\n\n<script>\n    document.getElementById('btn-flecha').onmouseover = function(){\n            document.getElementById('text-reporte-speed').style.opacity = 1;\n    }\n    \n    document.getElementById('btn-flecha').onmouseout = function(){\n            document.getElementById('text-reporte-speed').style.opacity = 0;\n    }\n<\/script>\t\t<\/div>\n\t\t\t\t<\/div>\n\t\t\t\t\t<\/div>\n\t\t<\/div>\n\t\t\t\t\t\t\t<\/div>\n\t\t<\/section>\n\t\t\t\t\t\t\t<\/div>\n\t\t","protected":false},"excerpt":{"rendered":"<p>Entorno ambiental &gt; Biodiversidad BIODIVERSIDAD El cuidado de la biodiversidad es una prioridad para GeoPark. Entendemos que se requiere de un esfuerzo conjunto que garantice que todos trabajemos para evitar, mitigar o eliminar cualquier impacto que ponga en riesgo la biodiversidad del planeta. Nuestra contribuci\u00f3n se ha centrado en la ejecuci\u00f3n de importantes programas, con [&hellip;]<\/p>\n","protected":false},"author":1,"featured_media":0,"parent":0,"menu_order":0,"comment_status":"closed","ping_status":"closed","template":"","meta":{"footnotes":""},"class_list":["post-4919","page","type-page","status-publish","hentry"],"_links":{"self":[{"href":"https:\/\/geo-park.com\/sustainability\/2019\/wp-json\/wp\/v2\/pages\/4919","targetHints":{"allow":["GET"]}}],"collection":[{"href":"https:\/\/geo-park.com\/sustainability\/2019\/wp-json\/wp\/v2\/pages"}],"about":[{"href":"https:\/\/geo-park.com\/sustainability\/2019\/wp-json\/wp\/v2\/types\/page"}],"author":[{"embeddable":true,"href":"https:\/\/geo-park.com\/sustainability\/2019\/wp-json\/wp\/v2\/users\/1"}],"replies":[{"embeddable":true,"href":"https:\/\/geo-park.com\/sustainability\/2019\/wp-json\/wp\/v2\/comments?post=4919"}],"version-history":[{"count":74,"href":"https:\/\/geo-park.com\/sustainability\/2019\/wp-json\/wp\/v2\/pages\/4919\/revisions"}],"predecessor-version":[{"id":12286,"href":"https:\/\/geo-park.com\/sustainability\/2019\/wp-json\/wp\/v2\/pages\/4919\/revisions\/12286"}],"wp:attachment":[{"href":"https:\/\/geo-park.com\/sustainability\/2019\/wp-json\/wp\/v2\/media?parent=4919"}],"curies":[{"name":"wp","href":"https:\/\/api.w.org\/{rel}","templated":true}]}}