{"id":5233,"date":"2021-05-08T14:22:55","date_gmt":"2021-05-08T19:22:55","guid":{"rendered":"https:\/\/sustainabilitygeopark.com\/web\/?page_id=5233"},"modified":"2021-09-06T19:17:49","modified_gmt":"2021-09-07T00:17:49","slug":"comunicaciones-corporativas","status":"publish","type":"page","link":"https:\/\/geo-park.com\/sustainability\/2019\/comunicaciones-corporativas\/","title":{"rendered":"comunicaciones corporativas"},"content":{"rendered":"\t\t<div data-elementor-type=\"wp-page\" data-elementor-id=\"5233\" class=\"elementor elementor-5233\">\n\t\t\t\t\t\t\t\t\t<section class=\"elementor-section elementor-top-section elementor-element elementor-element-21f54d1 elementor-section-boxed elementor-section-height-default elementor-section-height-default\" data-id=\"21f54d1\" data-element_type=\"section\">\n\t\t\t\t\t\t<div class=\"elementor-container elementor-column-gap-default\">\n\t\t\t\t\t<div class=\"elementor-column elementor-col-100 elementor-top-column elementor-element elementor-element-5cc4f72 ot-flex-column-vertical\" data-id=\"5cc4f72\" data-element_type=\"column\">\n\t\t\t<div class=\"elementor-widget-wrap elementor-element-populated\">\n\t\t\t\t\t\t\t\t<div class=\"elementor-element elementor-element-91929fd elementor-widget elementor-widget-text-editor\" data-id=\"91929fd\" data-element_type=\"widget\" data-widget_type=\"text-editor.default\">\n\t\t\t\t<div class=\"elementor-widget-container\">\n\t\t\t\t\t\t\t<p><a href=\"http:\/\/localhost\/kg2\/introduccion\/\"><span style=\"text-decoration: underline;\">Introducci\u00f3n<\/span><\/a> <span style=\"color: #000000;\">&gt; <span style=\"text-decoration: underline;\">Nuestra cultura<\/span><\/span><span style=\"color: #ae0c21;\"><span style=\"color: #000000;\">\u00a0&gt;<\/span> Comunicaciones corporativas<\/span><\/p>\t\t\t\t\t\t<\/div>\n\t\t\t\t<\/div>\n\t\t\t\t\t<\/div>\n\t\t<\/div>\n\t\t\t\t\t\t\t<\/div>\n\t\t<\/section>\n\t\t\t\t<section class=\"elementor-section elementor-top-section elementor-element elementor-element-d4a014e elementor-section-boxed elementor-section-height-default elementor-section-height-default\" data-id=\"d4a014e\" data-element_type=\"section\" data-settings=\"{&quot;background_background&quot;:&quot;classic&quot;}\">\n\t\t\t\t\t\t<div class=\"elementor-container elementor-column-gap-default\">\n\t\t\t\t\t<div class=\"elementor-column elementor-col-50 elementor-top-column elementor-element elementor-element-6ef0ddd ot-flex-column-vertical\" data-id=\"6ef0ddd\" data-element_type=\"column\" data-settings=\"{&quot;background_background&quot;:&quot;classic&quot;}\">\n\t\t\t<div class=\"elementor-widget-wrap elementor-element-populated\">\n\t\t\t\t\t\t\t\t<div class=\"elementor-element elementor-element-b978560 elementor-widget elementor-widget-image\" data-id=\"b978560\" data-element_type=\"widget\" data-widget_type=\"image.default\">\n\t\t\t\t<div class=\"elementor-widget-container\">\n\t\t\t\t\t\t\t\t\t\t\t\t\t\t\t<img decoding=\"async\" width=\"638\" height=\"752\" data-src=\"https:\/\/geo-park.com\/sustainability\/2019\/wp-content\/uploads\/2021\/05\/comunicaciones_1.jpg\" class=\"attachment-large size-large wp-image-5239 lazyload\" alt=\"\" data-srcset=\"https:\/\/geo-park.com\/sustainability\/2019\/wp-content\/uploads\/2021\/05\/comunicaciones_1.jpg 638w, https:\/\/geo-park.com\/sustainability\/2019\/wp-content\/uploads\/2021\/05\/comunicaciones_1-255x300.jpg 255w\" data-sizes=\"(max-width: 638px) 100vw, 638px\" src=\"data:image\/gif;base64,R0lGODlhAQABAAAAACH5BAEKAAEALAAAAAABAAEAAAICTAEAOw==\" style=\"--smush-placeholder-width: 638px; --smush-placeholder-aspect-ratio: 638\/752;\" \/>\t\t\t\t\t\t\t\t\t\t\t\t\t\t\t<\/div>\n\t\t\t\t<\/div>\n\t\t\t\t\t<\/div>\n\t\t<\/div>\n\t\t\t\t<div class=\"elementor-column elementor-col-50 elementor-top-column elementor-element elementor-element-db459c1 ot-flex-column-vertical\" data-id=\"db459c1\" data-element_type=\"column\" data-settings=\"{&quot;background_background&quot;:&quot;classic&quot;}\">\n\t\t\t<div class=\"elementor-widget-wrap elementor-element-populated\">\n\t\t\t\t\t\t\t\t<div class=\"elementor-element elementor-element-d0fefb6 elementor-widget elementor-widget-heading\" data-id=\"d0fefb6\" data-element_type=\"widget\" data-widget_type=\"heading.default\">\n\t\t\t\t<div class=\"elementor-widget-container\">\n\t\t\t<h2 class=\"elementor-heading-title elementor-size-default\"><strong style=\"color:#ae0c21\">COMUNICACIONES CORPORATIVAS<\/strong> Y GRUPOS DE INTER\u00c9S<\/h2>\t\t<\/div>\n\t\t\t\t<\/div>\n\t\t\t\t<div class=\"elementor-element elementor-element-791264e elementor-widget elementor-widget-text-editor\" data-id=\"791264e\" data-element_type=\"widget\" data-widget_type=\"text-editor.default\">\n\t\t\t\t<div class=\"elementor-widget-container\">\n\t\t\t\t\t\t\t<p>La comunicaci\u00f3n y el relacionamiento con nuestros grupos de inter\u00e9s, internos y externos, son un eje fundamental en la gesti\u00f3n de GeoPark. Hemos definido cinco (5) grupos de inter\u00e9s prioritarios en nuestra operaci\u00f3n, y para cada uno de ellos hemos determinado compromisos que nos proponemos cumplir a trav\u00e9s de nuestras estrategias de comunicaci\u00f3n interna y externa.<\/p>\t\t\t\t\t\t<\/div>\n\t\t\t\t<\/div>\n\t\t\t\t\t<\/div>\n\t\t<\/div>\n\t\t\t\t\t\t\t<\/div>\n\t\t<\/section>\n\t\t\t\t<section class=\"elementor-section elementor-top-section elementor-element elementor-element-03383d6 elementor-section-boxed elementor-section-height-default elementor-section-height-default\" data-id=\"03383d6\" data-element_type=\"section\">\n\t\t\t\t\t\t<div class=\"elementor-container elementor-column-gap-default\">\n\t\t\t\t\t<div class=\"elementor-column elementor-col-100 elementor-top-column elementor-element elementor-element-dc05f31 ot-flex-column-vertical\" data-id=\"dc05f31\" data-element_type=\"column\">\n\t\t\t<div class=\"elementor-widget-wrap elementor-element-populated\">\n\t\t\t\t\t\t\t\t<section class=\"elementor-section elementor-inner-section elementor-element elementor-element-4dde935 elementor-section-boxed elementor-section-height-default elementor-section-height-default\" data-id=\"4dde935\" data-element_type=\"section\">\n\t\t\t\t\t\t<div class=\"elementor-container elementor-column-gap-default\">\n\t\t\t\t\t<div class=\"elementor-column elementor-col-100 elementor-inner-column elementor-element elementor-element-c0f82c7 ot-flex-column-vertical\" data-id=\"c0f82c7\" data-element_type=\"column\">\n\t\t\t<div class=\"elementor-widget-wrap elementor-element-populated\">\n\t\t\t\t\t\t\t\t<div class=\"elementor-element elementor-element-4b2d2a6 elementor-widget elementor-widget-spacer\" data-id=\"4b2d2a6\" data-element_type=\"widget\" data-widget_type=\"spacer.default\">\n\t\t\t\t<div class=\"elementor-widget-container\">\n\t\t\t\t\t<div class=\"elementor-spacer\">\n\t\t\t<div class=\"elementor-spacer-inner\"><\/div>\n\t\t<\/div>\n\t\t\t\t<\/div>\n\t\t\t\t<\/div>\n\t\t\t\t<div class=\"elementor-element elementor-element-872515c elementor-widget elementor-widget-heading\" data-id=\"872515c\" data-element_type=\"widget\" data-widget_type=\"heading.default\">\n\t\t\t\t<div class=\"elementor-widget-container\">\n\t\t\t<h3 class=\"elementor-heading-title elementor-size-default\"><font color=\"#ae0c21\">COLABORADORES\n<\/font><\/h3>\t\t<\/div>\n\t\t\t\t<\/div>\n\t\t\t\t<div class=\"elementor-element elementor-element-646d5db elementor-widget elementor-widget-spacer\" data-id=\"646d5db\" data-element_type=\"widget\" data-widget_type=\"spacer.default\">\n\t\t\t\t<div class=\"elementor-widget-container\">\n\t\t\t\t\t<div class=\"elementor-spacer\">\n\t\t\t<div class=\"elementor-spacer-inner\"><\/div>\n\t\t<\/div>\n\t\t\t\t<\/div>\n\t\t\t\t<\/div>\n\t\t\t\t<div class=\"elementor-element elementor-element-e4fb4fb elementor-widget elementor-widget-text-editor\" data-id=\"e4fb4fb\" data-element_type=\"widget\" data-widget_type=\"text-editor.default\">\n\t\t\t\t<div class=\"elementor-widget-container\">\n\t\t\t\t\t\t\t<hr \/>\n\nSon el equipo de mujeres y hombres que trabajan para generar valor a nuestra Compa\u00f1\u00eda, aplicando la excelencia en el descubrimiento, operaci\u00f3n y consolidaci\u00f3n en la industria de petr\u00f3leo y gas. \t\t\t\t\t\t<\/div>\n\t\t\t\t<\/div>\n\t\t\t\t<div class=\"elementor-element elementor-element-8400f1f elementor-widget elementor-widget-spacer\" data-id=\"8400f1f\" data-element_type=\"widget\" data-widget_type=\"spacer.default\">\n\t\t\t\t<div class=\"elementor-widget-container\">\n\t\t\t\t\t<div class=\"elementor-spacer\">\n\t\t\t<div class=\"elementor-spacer-inner\"><\/div>\n\t\t<\/div>\n\t\t\t\t<\/div>\n\t\t\t\t<\/div>\n\t\t\t\t<div class=\"elementor-element elementor-element-444856c elementor-widget elementor-widget-heading\" data-id=\"444856c\" data-element_type=\"widget\" data-widget_type=\"heading.default\">\n\t\t\t\t<div class=\"elementor-widget-container\">\n\t\t\t<h3 class=\"elementor-heading-title elementor-size-default\"><font color=\"#ae0c21\">COMUNIDADES Y VECINOS\n<\/font><\/h3>\t\t<\/div>\n\t\t\t\t<\/div>\n\t\t\t\t<div class=\"elementor-element elementor-element-c2eda87 elementor-widget elementor-widget-spacer\" data-id=\"c2eda87\" data-element_type=\"widget\" data-widget_type=\"spacer.default\">\n\t\t\t\t<div class=\"elementor-widget-container\">\n\t\t\t\t\t<div class=\"elementor-spacer\">\n\t\t\t<div class=\"elementor-spacer-inner\"><\/div>\n\t\t<\/div>\n\t\t\t\t<\/div>\n\t\t\t\t<\/div>\n\t\t\t\t<div class=\"elementor-element elementor-element-fe3a0f4 elementor-widget elementor-widget-text-editor\" data-id=\"fe3a0f4\" data-element_type=\"widget\" data-widget_type=\"text-editor.default\">\n\t\t\t\t<div class=\"elementor-widget-container\">\n\t\t\t\t\t\t\t<hr \/>\n\nSon las personas que comparten vecindad con las operaciones de la Compa\u00f1\u00eda y tienen en com\u00fan su cultura, creencias y sentido de pertenencia con el territorio. Con su aporte y participaci\u00f3n, nos ayudan a viabilizar, consolidar y hacer sostenible el negocio a largo plazo. \t\t\t\t\t\t<\/div>\n\t\t\t\t<\/div>\n\t\t\t\t<div class=\"elementor-element elementor-element-e2801b9 elementor-widget elementor-widget-spacer\" data-id=\"e2801b9\" data-element_type=\"widget\" data-widget_type=\"spacer.default\">\n\t\t\t\t<div class=\"elementor-widget-container\">\n\t\t\t\t\t<div class=\"elementor-spacer\">\n\t\t\t<div class=\"elementor-spacer-inner\"><\/div>\n\t\t<\/div>\n\t\t\t\t<\/div>\n\t\t\t\t<\/div>\n\t\t\t\t<div class=\"elementor-element elementor-element-a5e7ac9 elementor-widget elementor-widget-heading\" data-id=\"a5e7ac9\" data-element_type=\"widget\" data-widget_type=\"heading.default\">\n\t\t\t\t<div class=\"elementor-widget-container\">\n\t\t\t<h3 class=\"elementor-heading-title elementor-size-default\"><font color=\"#ae0c21\">GOBIERNOS LOCAL Y NACIONAL<\/font><\/h3>\t\t<\/div>\n\t\t\t\t<\/div>\n\t\t\t\t<div class=\"elementor-element elementor-element-a6788f4 elementor-widget elementor-widget-spacer\" data-id=\"a6788f4\" data-element_type=\"widget\" data-widget_type=\"spacer.default\">\n\t\t\t\t<div class=\"elementor-widget-container\">\n\t\t\t\t\t<div class=\"elementor-spacer\">\n\t\t\t<div class=\"elementor-spacer-inner\"><\/div>\n\t\t<\/div>\n\t\t\t\t<\/div>\n\t\t\t\t<\/div>\n\t\t\t\t<div class=\"elementor-element elementor-element-9f3d86b elementor-widget elementor-widget-text-editor\" data-id=\"9f3d86b\" data-element_type=\"widget\" data-widget_type=\"text-editor.default\">\n\t\t\t\t<div class=\"elementor-widget-container\">\n\t\t\t\t\t\t\t<hr \/>\n\nSon la autoridad gobernante a nivel municipal, departamental o nacional, que dirige, controla y administra las instituciones del Estado. \t\t\t\t\t\t<\/div>\n\t\t\t\t<\/div>\n\t\t\t\t<div class=\"elementor-element elementor-element-0d39cb7 elementor-widget elementor-widget-spacer\" data-id=\"0d39cb7\" data-element_type=\"widget\" data-widget_type=\"spacer.default\">\n\t\t\t\t<div class=\"elementor-widget-container\">\n\t\t\t\t\t<div class=\"elementor-spacer\">\n\t\t\t<div class=\"elementor-spacer-inner\"><\/div>\n\t\t<\/div>\n\t\t\t\t<\/div>\n\t\t\t\t<\/div>\n\t\t\t\t<div class=\"elementor-element elementor-element-41309d4 elementor-widget elementor-widget-heading\" data-id=\"41309d4\" data-element_type=\"widget\" data-widget_type=\"heading.default\">\n\t\t\t\t<div class=\"elementor-widget-container\">\n\t\t\t<h3 class=\"elementor-heading-title elementor-size-default\"><font color=\"#ae0c21\">\nINVERSORES Y ACCIONISTAS\n<\/font><\/h3>\t\t<\/div>\n\t\t\t\t<\/div>\n\t\t\t\t<div class=\"elementor-element elementor-element-704a4a5 elementor-widget elementor-widget-spacer\" data-id=\"704a4a5\" data-element_type=\"widget\" data-widget_type=\"spacer.default\">\n\t\t\t\t<div class=\"elementor-widget-container\">\n\t\t\t\t\t<div class=\"elementor-spacer\">\n\t\t\t<div class=\"elementor-spacer-inner\"><\/div>\n\t\t<\/div>\n\t\t\t\t<\/div>\n\t\t\t\t<\/div>\n\t\t\t\t<div class=\"elementor-element elementor-element-0f91f6b elementor-widget elementor-widget-text-editor\" data-id=\"0f91f6b\" data-element_type=\"widget\" data-widget_type=\"text-editor.default\">\n\t\t\t\t<div class=\"elementor-widget-container\">\n\t\t\t\t\t\t\t<hr \/>\n\nSon el grupo de personas que tienen una participaci\u00f3n en la Compa\u00f1\u00eda, materializada a trav\u00e9s de acciones que les otorgan derechos pol\u00edticos y econ\u00f3micos. \t\t\t\t\t\t<\/div>\n\t\t\t\t<\/div>\n\t\t\t\t<div class=\"elementor-element elementor-element-e362aa8 elementor-widget elementor-widget-spacer\" data-id=\"e362aa8\" data-element_type=\"widget\" data-widget_type=\"spacer.default\">\n\t\t\t\t<div class=\"elementor-widget-container\">\n\t\t\t\t\t<div class=\"elementor-spacer\">\n\t\t\t<div class=\"elementor-spacer-inner\"><\/div>\n\t\t<\/div>\n\t\t\t\t<\/div>\n\t\t\t\t<\/div>\n\t\t\t\t<div class=\"elementor-element elementor-element-54b03ba elementor-widget elementor-widget-heading\" data-id=\"54b03ba\" data-element_type=\"widget\" data-widget_type=\"heading.default\">\n\t\t\t\t<div class=\"elementor-widget-container\">\n\t\t\t<h3 class=\"elementor-heading-title elementor-size-default\"><font color=\"#ae0c21\">PROVEEDORES Y CONTRATISTAS\n<\/font><\/h3>\t\t<\/div>\n\t\t\t\t<\/div>\n\t\t\t\t<div class=\"elementor-element elementor-element-8ab8e12 elementor-widget elementor-widget-spacer\" data-id=\"8ab8e12\" data-element_type=\"widget\" data-widget_type=\"spacer.default\">\n\t\t\t\t<div class=\"elementor-widget-container\">\n\t\t\t\t\t<div class=\"elementor-spacer\">\n\t\t\t<div class=\"elementor-spacer-inner\"><\/div>\n\t\t<\/div>\n\t\t\t\t<\/div>\n\t\t\t\t<\/div>\n\t\t\t\t<div class=\"elementor-element elementor-element-c157672 elementor-widget elementor-widget-text-editor\" data-id=\"c157672\" data-element_type=\"widget\" data-widget_type=\"text-editor.default\">\n\t\t\t\t<div class=\"elementor-widget-container\">\n\t\t\t\t\t\t\t<hr \/><p>Son agentes de mercado que se constituyen en aliados comerciales para hacer realidad las metas de nuestro negocio.\u00a0<\/p>\t\t\t\t\t\t<\/div>\n\t\t\t\t<\/div>\n\t\t\t\t<div class=\"elementor-element elementor-element-ed68a6a elementor-widget elementor-widget-spacer\" data-id=\"ed68a6a\" data-element_type=\"widget\" data-widget_type=\"spacer.default\">\n\t\t\t\t<div class=\"elementor-widget-container\">\n\t\t\t\t\t<div class=\"elementor-spacer\">\n\t\t\t<div class=\"elementor-spacer-inner\"><\/div>\n\t\t<\/div>\n\t\t\t\t<\/div>\n\t\t\t\t<\/div>\n\t\t\t\t<div class=\"elementor-element elementor-element-b8c42ba elementor-widget elementor-widget-spacer\" data-id=\"b8c42ba\" data-element_type=\"widget\" data-widget_type=\"spacer.default\">\n\t\t\t\t<div class=\"elementor-widget-container\">\n\t\t\t\t\t<div class=\"elementor-spacer\">\n\t\t\t<div class=\"elementor-spacer-inner\"><\/div>\n\t\t<\/div>\n\t\t\t\t<\/div>\n\t\t\t\t<\/div>\n\t\t\t\t<div class=\"elementor-element elementor-element-8c41bfa elementor-widget elementor-widget-html\" data-id=\"8c41bfa\" data-element_type=\"widget\" data-widget_type=\"html.default\">\n\t\t\t\t<div class=\"elementor-widget-container\">\n\t\t\t<a href=\"https:\/\/sustainabilitygeopark.com\/2019\/sistema-integrado-de-valores\/\"><div style=\"display: flex; align-items: center; position: fixed; top: 50%; left: 0;\">\n       <div id=\"btn-flecha2\" style=\"border: 2px solid #000; padding: 8px 15px; cursor: pointer;\">\n        <i class=\"fas fa-long-arrow-alt-left\"><\/i>\n    <\/div>\n     <div id=\"text-reporte-speed2\" style=\"width: 170px; font-size: 12px; text-align: center; border: 2px solid #ae0c21; opacity: 0; background-color: #fff; color: #000; pointer-events: none;\">\n        SISTEMA INTEGRADO<br>DE VALORES\n    <\/div>\n<\/div>\n<\/a>\n<style>\n    #btn-flecha2:hover{\n        background-color: #ae0c21;\n        border: #ae0c21 !important;\n        color: #fff;\n    }\n<\/style>\n\n<script>\n    document.getElementById('btn-flecha2').onmouseover = function(){\n            document.getElementById('text-reporte-speed2').style.opacity = 1;\n    }\n    \n    document.getElementById('btn-flecha2').onmouseout = function(){\n            document.getElementById('text-reporte-speed2').style.opacity = 0;\n    }\n<\/script>\n\n\n\n\n\n\n\n\n\n<a href=\"https:\/\/sustainabilitygeopark.com\/2019\/entorno-ambiental\/\"><div style=\"display: flex; align-items: center; position: fixed; top: 50%; right: 0;\">\n    <div id=\"text-reporte-speed\" style=\"width: 170px; font-size: 12px; text-align: center; border: 2px solid #ae0c21; opacity: 0; background-color: #fff; color: #000; pointer-events: none;\">\n        GESTI\u00d3N<br>AMBIENTAL\n    <\/div>\n    \n    <div id=\"btn-flecha\" style=\"border: 2px solid #000; padding: 8px 15px; cursor: pointer;\">\n        <i class=\"fas fa-long-arrow-alt-right\"><\/i>\n    <\/div>\n<\/div>\n<\/a>\n<style>\n    #btn-flecha:hover{\n        background-color: #ae0c21;\n        border: #ae0c21 !important;\n        color: #fff;\n    }\n<\/style>\n\n<script>\n    document.getElementById('btn-flecha').onmouseover = function(){\n            document.getElementById('text-reporte-speed').style.opacity = 1;\n    }\n    \n    document.getElementById('btn-flecha').onmouseout = function(){\n            document.getElementById('text-reporte-speed').style.opacity = 0;\n    }\n<\/script>\t\t<\/div>\n\t\t\t\t<\/div>\n\t\t\t\t\t<\/div>\n\t\t<\/div>\n\t\t\t\t\t\t\t<\/div>\n\t\t<\/section>\n\t\t\t\t\t<\/div>\n\t\t<\/div>\n\t\t\t\t\t\t\t<\/div>\n\t\t<\/section>\n\t\t\t\t\t\t\t<\/div>\n\t\t","protected":false},"excerpt":{"rendered":"<p>Introducci\u00f3n &gt; Nuestra cultura\u00a0&gt; Comunicaciones corporativas COMUNICACIONES CORPORATIVAS Y GRUPOS DE INTER\u00c9S La comunicaci\u00f3n y el relacionamiento con nuestros grupos de inter\u00e9s, internos y externos, son un eje fundamental en la gesti\u00f3n de GeoPark. Hemos definido cinco (5) grupos de inter\u00e9s prioritarios en nuestra operaci\u00f3n, y para cada uno de ellos hemos determinado compromisos que [&hellip;]<\/p>\n","protected":false},"author":1,"featured_media":0,"parent":0,"menu_order":0,"comment_status":"closed","ping_status":"closed","template":"","meta":{"footnotes":""},"class_list":["post-5233","page","type-page","status-publish","hentry"],"_links":{"self":[{"href":"https:\/\/geo-park.com\/sustainability\/2019\/wp-json\/wp\/v2\/pages\/5233","targetHints":{"allow":["GET"]}}],"collection":[{"href":"https:\/\/geo-park.com\/sustainability\/2019\/wp-json\/wp\/v2\/pages"}],"about":[{"href":"https:\/\/geo-park.com\/sustainability\/2019\/wp-json\/wp\/v2\/types\/page"}],"author":[{"embeddable":true,"href":"https:\/\/geo-park.com\/sustainability\/2019\/wp-json\/wp\/v2\/users\/1"}],"replies":[{"embeddable":true,"href":"https:\/\/geo-park.com\/sustainability\/2019\/wp-json\/wp\/v2\/comments?post=5233"}],"version-history":[{"count":74,"href":"https:\/\/geo-park.com\/sustainability\/2019\/wp-json\/wp\/v2\/pages\/5233\/revisions"}],"predecessor-version":[{"id":12262,"href":"https:\/\/geo-park.com\/sustainability\/2019\/wp-json\/wp\/v2\/pages\/5233\/revisions\/12262"}],"wp:attachment":[{"href":"https:\/\/geo-park.com\/sustainability\/2019\/wp-json\/wp\/v2\/media?parent=5233"}],"curies":[{"name":"wp","href":"https:\/\/api.w.org\/{rel}","templated":true}]}}