{"id":5597,"date":"2021-05-09T10:03:13","date_gmt":"2021-05-09T15:03:13","guid":{"rendered":"https:\/\/sustainabilitygeopark.com\/web\/?page_id=5597"},"modified":"2021-09-06T20:39:02","modified_gmt":"2021-09-07T01:39:02","slug":"salud-ocupacional","status":"publish","type":"page","link":"https:\/\/geo-park.com\/sustainability\/2019\/salud-ocupacional\/","title":{"rendered":"salud ocupacional"},"content":{"rendered":"\t\t<div data-elementor-type=\"wp-page\" data-elementor-id=\"5597\" class=\"elementor elementor-5597\">\n\t\t\t\t\t\t\t\t\t<section class=\"elementor-section elementor-top-section elementor-element elementor-element-0e9db9b elementor-section-boxed elementor-section-height-default elementor-section-height-default\" data-id=\"0e9db9b\" data-element_type=\"section\">\n\t\t\t\t\t\t<div class=\"elementor-container elementor-column-gap-default\">\n\t\t\t\t\t<div class=\"elementor-column elementor-col-100 elementor-top-column elementor-element elementor-element-2bd8776 ot-flex-column-vertical\" data-id=\"2bd8776\" data-element_type=\"column\">\n\t\t\t<div class=\"elementor-widget-wrap elementor-element-populated\">\n\t\t\t\t\t\t\t\t<div class=\"elementor-element elementor-element-36c4d22 elementor-widget elementor-widget-text-editor\" data-id=\"36c4d22\" data-element_type=\"widget\" data-widget_type=\"text-editor.default\">\n\t\t\t\t<div class=\"elementor-widget-container\">\n\t\t\t\t\t\t\t<p><a href=\"#\"><span style=\"text-decoration: underline;\">Social<\/span><\/a> <span style=\"color: #000000;\">&gt; <\/span><span style=\"color: #ae0c21;\"><span style=\"color: #000000;\"><span style=\"text-decoration: underline;\">HS<\/span> &gt;<\/span> Salud ocupacional<\/span><\/p>\t\t\t\t\t\t<\/div>\n\t\t\t\t<\/div>\n\t\t\t\t\t<\/div>\n\t\t<\/div>\n\t\t\t\t\t\t\t<\/div>\n\t\t<\/section>\n\t\t\t\t<section class=\"elementor-section elementor-top-section elementor-element elementor-element-145822d elementor-section-boxed elementor-section-height-default elementor-section-height-default\" data-id=\"145822d\" data-element_type=\"section\">\n\t\t\t\t\t\t<div class=\"elementor-container elementor-column-gap-default\">\n\t\t\t\t\t<div class=\"elementor-column elementor-col-100 elementor-top-column elementor-element elementor-element-0143594 ot-flex-column-vertical\" data-id=\"0143594\" data-element_type=\"column\">\n\t\t\t<div class=\"elementor-widget-wrap elementor-element-populated\">\n\t\t\t\t\t\t\t\t<section class=\"elementor-section elementor-inner-section elementor-element elementor-element-180edb4 elementor-section-boxed elementor-section-height-default elementor-section-height-default\" data-id=\"180edb4\" data-element_type=\"section\">\n\t\t\t\t\t\t<div class=\"elementor-container elementor-column-gap-default\">\n\t\t\t\t\t<div class=\"elementor-column elementor-col-100 elementor-inner-column elementor-element elementor-element-1c36ad7 ot-flex-column-vertical\" data-id=\"1c36ad7\" data-element_type=\"column\">\n\t\t\t<div class=\"elementor-widget-wrap elementor-element-populated\">\n\t\t\t\t\t\t\t\t<div class=\"elementor-element elementor-element-3c10b7f elementor-widget elementor-widget-image\" data-id=\"3c10b7f\" data-element_type=\"widget\" data-widget_type=\"image.default\">\n\t\t\t\t<div class=\"elementor-widget-container\">\n\t\t\t\t\t\t\t\t\t\t\t\t\t\t\t<img decoding=\"async\" width=\"1690\" height=\"814\" data-src=\"https:\/\/geo-park.com\/sustainability\/2019\/wp-content\/uploads\/2021\/05\/social_21.jpg\" class=\"attachment-full size-full wp-image-5599 lazyload\" alt=\"\" data-srcset=\"https:\/\/geo-park.com\/sustainability\/2019\/wp-content\/uploads\/2021\/05\/social_21.jpg 1690w, https:\/\/geo-park.com\/sustainability\/2019\/wp-content\/uploads\/2021\/05\/social_21-300x144.jpg 300w, https:\/\/geo-park.com\/sustainability\/2019\/wp-content\/uploads\/2021\/05\/social_21-1024x493.jpg 1024w, https:\/\/geo-park.com\/sustainability\/2019\/wp-content\/uploads\/2021\/05\/social_21-768x370.jpg 768w, https:\/\/geo-park.com\/sustainability\/2019\/wp-content\/uploads\/2021\/05\/social_21-1536x740.jpg 1536w\" data-sizes=\"(max-width: 1690px) 100vw, 1690px\" src=\"data:image\/gif;base64,R0lGODlhAQABAAAAACH5BAEKAAEALAAAAAABAAEAAAICTAEAOw==\" style=\"--smush-placeholder-width: 1690px; --smush-placeholder-aspect-ratio: 1690\/814;\" \/>\t\t\t\t\t\t\t\t\t\t\t\t\t\t\t<\/div>\n\t\t\t\t<\/div>\n\t\t\t\t<div class=\"elementor-element elementor-element-c011fc8 elementor-widget elementor-widget-heading\" data-id=\"c011fc8\" data-element_type=\"widget\" data-widget_type=\"heading.default\">\n\t\t\t\t<div class=\"elementor-widget-container\">\n\t\t\t<h2 class=\"elementor-heading-title elementor-size-default\">SALUD<strong style=\"color:#0097D7\"> OCUPACIONAL<\/strong> <\/h2>\t\t<\/div>\n\t\t\t\t<\/div>\n\t\t\t\t<div class=\"elementor-element elementor-element-a51b7e7 elementor-widget elementor-widget-text-editor\" data-id=\"a51b7e7\" data-element_type=\"widget\" data-widget_type=\"text-editor.default\">\n\t\t\t\t<div class=\"elementor-widget-container\">\n\t\t\t\t\t\t\tLa salud de los empleados es un eje fundamental de nuestro trabajo. La prevenci\u00f3n de enfermedades ocupacionales y comunes nos ayuda a mantener un buen clima laboral, disminuir el ausentismo y, m\u00e1s importante a\u00fan, a promover que todos regresemos sanos a casa. La gesti\u00f3n en salud ocupacional acompa\u00f1a el ciclo de vida del trabajador con actividades de identificaci\u00f3n, prevenci\u00f3n y atenci\u00f3n dise\u00f1adas para mejorar las condiciones de vida de los empleados.\t\t\t\t\t\t<\/div>\n\t\t\t\t<\/div>\n\t\t\t\t<div class=\"elementor-element elementor-element-b68e39e elementor-widget elementor-widget-spacer\" data-id=\"b68e39e\" data-element_type=\"widget\" data-widget_type=\"spacer.default\">\n\t\t\t\t<div class=\"elementor-widget-container\">\n\t\t\t\t\t<div class=\"elementor-spacer\">\n\t\t\t<div class=\"elementor-spacer-inner\"><\/div>\n\t\t<\/div>\n\t\t\t\t<\/div>\n\t\t\t\t<\/div>\n\t\t\t\t<div class=\"elementor-element elementor-element-ea6e949 elementor-widget elementor-widget-heading\" data-id=\"ea6e949\" data-element_type=\"widget\" data-widget_type=\"heading.default\">\n\t\t\t\t<div class=\"elementor-widget-container\">\n\t\t\t<h4 class=\"elementor-heading-title elementor-size-default\">EX\u00c1MENES M\u00c9DICOS OCUPACIONALES<\/h4>\t\t<\/div>\n\t\t\t\t<\/div>\n\t\t\t\t<div class=\"elementor-element elementor-element-2d7db42 elementor-widget elementor-widget-text-editor\" data-id=\"2d7db42\" data-element_type=\"widget\" data-widget_type=\"text-editor.default\">\n\t\t\t\t<div class=\"elementor-widget-container\">\n\t\t\t\t\t\t\t<p>Realizamos ex\u00e1menes m\u00e9dicos de ingreso y de retiro que determinan las condiciones de salud que se requieren para mejorar el entorno laboral y disminuir la exposici\u00f3n al riesgo. Los ex\u00e1menes intraocupacionales peri\u00f3dicos incluyen evaluaciones preventivas de enfermedades no relacionadas con el trabajo, las cuales se convierten en diagn\u00f3sticos y tratamientos tanto de enfermedades laborales como de enfermedades comunes.<\/p>\t\t\t\t\t\t<\/div>\n\t\t\t\t<\/div>\n\t\t\t\t<div class=\"elementor-element elementor-element-86b2443 elementor-widget elementor-widget-heading\" data-id=\"86b2443\" data-element_type=\"widget\" data-widget_type=\"heading.default\">\n\t\t\t\t<div class=\"elementor-widget-container\">\n\t\t\t<h4 class=\"elementor-heading-title elementor-size-default\">PROGRAMA DE VIGILANCIA EPIDEMIOL\u00d3GICA \u2013 PVE\n<\/h4>\t\t<\/div>\n\t\t\t\t<\/div>\n\t\t\t\t<div class=\"elementor-element elementor-element-ac2213d elementor-widget elementor-widget-text-editor\" data-id=\"ac2213d\" data-element_type=\"widget\" data-widget_type=\"text-editor.default\">\n\t\t\t\t<div class=\"elementor-widget-container\">\n\t\t\t\t\t\t\t<p>Son estrategias continuas que identifican los riesgos asociados con la exposici\u00f3n a agentes qu\u00edmicos, f\u00edsicos y biol\u00f3gicos, e implementan medidas de prevenci\u00f3n y seguimiento.<\/p>\t\t\t\t\t\t<\/div>\n\t\t\t\t<\/div>\n\t\t\t\t<div class=\"elementor-element elementor-element-ff6a420 elementor-widget elementor-widget-text-editor\" data-id=\"ff6a420\" data-element_type=\"widget\" data-widget_type=\"text-editor.default\">\n\t\t\t\t<div class=\"elementor-widget-container\">\n\t\t\t\t\t\t\t<p><div class=\"wptm_table tablesorter-bootstrap \" data-id=\"104\" data-hightlight=\"0\"><div class=\"wptmresponsive dataTables-wptmtable wptmtable\" id=\"wptmtable104\" data-tableid=\"wptmTbl104\"><table id=\"wptmTbl104\" data-id=\"104\" data-responsive=\"false\" data-hideCols=\"false\" data-type=\"html\" data-paging=\"false\" data-searching=\"false\" data-ordering=\"false\" data-table-breakpoint=\"980\" data-scroll-x=\"true\" data-scroll-collapse=\"true\" data-align=\"center\" data-hideColumn=\"[0,0,0,0,0]\" data-colwidths=\"[501,107,112,98,96]\" class=\" disablePager\"><colgroup><col data-dtr=\"0\" data-dtc=\"0\" class=\"dtc0\"><col data-dtr=\"0\" data-dtc=\"1\" class=\"dtc1\"><col data-dtr=\"0\" data-dtc=\"2\" class=\"dtc2\"><col data-dtr=\"0\" data-dtc=\"3\" class=\"dtc3\"><col data-dtr=\"0\" data-dtc=\"4\" class=\"dtc4\"><\/colgroup><thead><tr class=\"wptm-header-cells-index dnone\"><th rowspan=\"1\" colspan=\"1\" data-dtr=\"0\" data-dtc=\"0\" class=\"dtr0 dtc0\"><\/th><th rowspan=\"1\" colspan=\"1\" data-dtr=\"0\" data-dtc=\"1\" class=\"dtr0 dtc1\"><\/th><th rowspan=\"1\" colspan=\"1\" data-dtr=\"0\" data-dtc=\"2\" class=\"dtr0 dtc2\"><\/th><th rowspan=\"1\" colspan=\"1\" data-dtr=\"0\" data-dtc=\"3\" class=\"dtr0 dtc3\"><\/th><th rowspan=\"1\" colspan=\"1\" data-dtr=\"0\" data-dtc=\"4\" class=\"dtr0 dtc4\"><\/th><\/tr><tr class=\" row0\"><th  data-priority=\"0\" class=\"dtr0 dtc0\"><\/th><th  data-priority=\"0\" class=\"dtr0 dtc1\">Chile\u00a0<\/th><th  data-priority=\"0\" class=\"dtr0 dtc2\">Colombia\u00a0<\/th><th  data-priority=\"0\" class=\"dtr0 dtc3\">Per\u00fa\u00a0<\/th><th  data-priority=\"0\" class=\"dtr0 dtc4\">Total\u00a0<\/th><\/thead><tbody><tr class=\" row1\"><td   class=\"dtr1 dtc0\">N.\u00b0 de trabajadores bajo exposici\u00f3n a hidrocarburos respirables\u00a0<\/td><td   class=\"dtr1 dtc1\">24\u00a0<\/td><td   class=\"dtr1 dtc2\">889\u00a0<\/td><td   class=\"dtr1 dtc3\">2\u00a0<\/td><td   class=\"dtr1 dtc4\">915\u00a0<\/td><\/tr><tr class=\" row2\"><td   class=\"dtr2 dtc0\">N.\u00b0 de trabajadores en exposici\u00f3n a rayos UV\u00a0<\/td><td   class=\"dtr2 dtc1\">34\u00a0<\/td><td   class=\"dtr2 dtc2\">1.820\u00a0<\/td><td   class=\"dtr2 dtc3\">32\u00a0<\/td><td   class=\"dtr2 dtc4\">1.886\u00a0<\/td><\/tr><tr class=\" row3\"><td   class=\"dtr3 dtc0\">N.\u00b0 de trabajadores en exposici\u00f3n a ruido\u00a0<\/td><td   class=\"dtr3 dtc1\">2\u00a0<\/td><td   class=\"dtr3 dtc2\">1.784\u00a0<\/td><td   class=\"dtr3 dtc3\">32\u00a0<\/td><td   class=\"dtr3 dtc4\">1.818\u00a0<\/td><\/tr><tr class=\" row4\"><td   class=\"dtr4 dtc0\">N.\u00b0 total de incidentes registrables<\/td><td   class=\"dtr4 dtc1\">68\u00a0<\/td><td   class=\"dtr4 dtc2\">2.105\u00a0<\/td><td   class=\"dtr4 dtc3\">32\u00a0<\/td><td   class=\"dtr4 dtc4\">2.205\u00a0<\/td><\/tr><\/tbody><tfoot><td class=\"dtr4 dtc0\" style=\"height: 0;\"><\/td><td class=\"dtr4 dtc1\" style=\"height: 0;\"><\/td><td class=\"dtr4 dtc2\" style=\"height: 0;\"><\/td><td class=\"dtr4 dtc3\" style=\"height: 0;\"><\/td><td class=\"dtr4 dtc4\" style=\"height: 0;\"><\/td><\/tfoot><\/table><\/div><style>#wptmtable104 .dataTables_wrapper > .dataTables_scroll {max-height:500px;overflow: auto;}<\/style><script>wptm_ajaxurl = 'https:\/\/geo-park.com\/sustainability\/2019\/wp-admin\/admin-ajax.php?juwpfisadmin=false&action=Wptm&';<\/script><\/div><style>.droptables-highlight-horizontal, .droptables-highlight-vertical  {  color: #ffffff !important; background: rgba(118,188,88,0.9) !important; }<\/style><\/p>\t\t\t\t\t\t<\/div>\n\t\t\t\t<\/div>\n\t\t\t\t<div class=\"elementor-element elementor-element-a2d1a09 elementor-widget elementor-widget-heading\" data-id=\"a2d1a09\" data-element_type=\"widget\" data-widget_type=\"heading.default\">\n\t\t\t\t<div class=\"elementor-widget-container\">\n\t\t\t<h4 class=\"elementor-heading-title elementor-size-default\">SALUD P\u00daBLICA<\/h4>\t\t<\/div>\n\t\t\t\t<\/div>\n\t\t\t\t<div class=\"elementor-element elementor-element-aafdf69 elementor-widget elementor-widget-text-editor\" data-id=\"aafdf69\" data-element_type=\"widget\" data-widget_type=\"text-editor.default\">\n\t\t\t\t<div class=\"elementor-widget-container\">\n\t\t\t\t\t\t\tEl equipo de salud ocupacional monitorea constantemente la exposici\u00f3n a riesgos por enfermedades asociadas a la salud p\u00fablica, incluyendo las tropicales (dengue, chikungu\u00f1a, fiebre amarilla, zika y malaria, entre otras) y las infectocontagiosas (AH1N1, influenza y hepatitis A y B, entre otras), generando planes de prevenci\u00f3n para toda la poblaci\u00f3n trabajadora y nuestros vecinos. El programa de vacunaci\u00f3n implementado hace estricto control para mantener al 100 % de los trabajadores con las dosis vigentes, como un requisito para el ingreso a campo.\t\t\t\t\t\t<\/div>\n\t\t\t\t<\/div>\n\t\t\t\t<div class=\"elementor-element elementor-element-89451d0 elementor-widget elementor-widget-heading\" data-id=\"89451d0\" data-element_type=\"widget\" data-widget_type=\"heading.default\">\n\t\t\t\t<div class=\"elementor-widget-container\">\n\t\t\t<h4 class=\"elementor-heading-title elementor-size-default\">HIGIENE Y BIENESTAR<\/h4>\t\t<\/div>\n\t\t\t\t<\/div>\n\t\t\t\t<div class=\"elementor-element elementor-element-51dd26e elementor-widget elementor-widget-text-editor\" data-id=\"51dd26e\" data-element_type=\"widget\" data-widget_type=\"text-editor.default\">\n\t\t\t\t<div class=\"elementor-widget-container\">\n\t\t\t\t\t\t\tDesarrollamos actividades encaminadas a tener sitios y ambientes de trabajo adecuados para todos, donde los espacios sean seguros y saludables. Implementamos inspecciones de higiene que incluyen sitios de preparaci\u00f3n y consumo de alimentos, zonas de descanso, alojamiento y oficinas, y actividades de prevenci\u00f3n de consumo de alcohol, drogas alucin\u00f3genas y tabaco.\t\t\t\t\t\t<\/div>\n\t\t\t\t<\/div>\n\t\t\t\t\t<\/div>\n\t\t<\/div>\n\t\t\t\t\t\t\t<\/div>\n\t\t<\/section>\n\t\t\t\t\t<\/div>\n\t\t<\/div>\n\t\t\t\t\t\t\t<\/div>\n\t\t<\/section>\n\t\t\t\t<section class=\"elementor-section elementor-top-section elementor-element elementor-element-d433d1a elementor-section-boxed elementor-section-height-default elementor-section-height-default\" data-id=\"d433d1a\" data-element_type=\"section\">\n\t\t\t\t\t\t<div class=\"elementor-container elementor-column-gap-default\">\n\t\t\t\t\t<div class=\"elementor-column elementor-col-100 elementor-top-column elementor-element elementor-element-fc04561 ot-flex-column-vertical\" data-id=\"fc04561\" data-element_type=\"column\">\n\t\t\t<div class=\"elementor-widget-wrap elementor-element-populated\">\n\t\t\t\t\t\t\t\t<div class=\"elementor-element elementor-element-39273c2 elementor-widget elementor-widget-spacer\" data-id=\"39273c2\" data-element_type=\"widget\" data-widget_type=\"spacer.default\">\n\t\t\t\t<div class=\"elementor-widget-container\">\n\t\t\t\t\t<div class=\"elementor-spacer\">\n\t\t\t<div class=\"elementor-spacer-inner\"><\/div>\n\t\t<\/div>\n\t\t\t\t<\/div>\n\t\t\t\t<\/div>\n\t\t\t\t<div class=\"elementor-element elementor-element-62f725a elementor-widget elementor-widget-html\" data-id=\"62f725a\" data-element_type=\"widget\" data-widget_type=\"html.default\">\n\t\t\t\t<div class=\"elementor-widget-container\">\n\t\t\t<a href=\"https:\/\/sustainabilitygeopark.com\/2019\/seguridad-vial-en-colombia\/\"><div style=\"display: flex; align-items: center; position: fixed; top: 50%; right: 0;\">\n    <div id=\"text-reporte-speed\" style=\"width: 170px; font-size: 12px; text-align: center; border: 2px solid #ae0c21; opacity: 0; background-color: #fff; color: #000; pointer-events: none;\">\n       SEGURIDAD VIAL<BR>EN COLOMBIA\n    <\/div>\n    \n    <div id=\"btn-flecha\" style=\"border: 2px solid #000; padding: 8px 15px; cursor: pointer;\">\n        <i class=\"fas fa-long-arrow-alt-right\"><\/i>\n    <\/div>\n<\/div>\n<\/a>\n<style>\n    #btn-flecha:hover{\n        background-color: #ae0c21;\n        border: #ae0c21 !important;\n        color: #fff;\n    }\n<\/style>\n\n<script>\n    document.getElementById('btn-flecha').onmouseover = function(){\n            document.getElementById('text-reporte-speed').style.opacity = 1;\n    }\n    \n    document.getElementById('btn-flecha').onmouseout = function(){\n            document.getElementById('text-reporte-speed').style.opacity = 0;\n    }\n<\/script>\n\n<a href=\"https:\/\/sustainabilitygeopark.com\/2019\/rendimiento-de-seguridad\/\"><div style=\"display: flex; align-items: center; position: fixed; top: 50%; left: 0;\">\n       <div id=\"btn-flecha2\" style=\"border: 2px solid #000; padding: 8px 15px; cursor: pointer;\">\n        <i class=\"fas fa-long-arrow-alt-left\"><\/i>\n    <\/div>\n     <div id=\"text-reporte-speed2\" style=\"width: 170px; font-size: 12px; text-align: center; border: 2px solid #ae0c21; opacity: 0; background-color: #fff; color: #000; pointer-events: none;\">\n        RENDIMIENTO DE<br>SEGURIDAD\n    <\/div>\n<\/div>\n<\/a>\n<style>\n    #btn-flecha2:hover{\n        background-color: #ae0c21;\n        border: #ae0c21 !important;\n        color: #fff;\n    }\n<\/style>\n\n<script>\n    document.getElementById('btn-flecha2').onmouseover = function(){\n            document.getElementById('text-reporte-speed2').style.opacity = 1;\n    }\n    \n    document.getElementById('btn-flecha2').onmouseout = function(){\n            document.getElementById('text-reporte-speed2').style.opacity = 0;\n    }\n<\/script>\t\t<\/div>\n\t\t\t\t<\/div>\n\t\t\t\t\t<\/div>\n\t\t<\/div>\n\t\t\t\t\t\t\t<\/div>\n\t\t<\/section>\n\t\t\t\t\t\t\t<\/div>\n\t\t","protected":false},"excerpt":{"rendered":"<p>Social &gt; HS &gt; Salud ocupacional SALUD OCUPACIONAL La salud de los empleados es un eje fundamental de nuestro trabajo. La prevenci\u00f3n de enfermedades ocupacionales y comunes nos ayuda a mantener un buen clima laboral, disminuir el ausentismo y, m\u00e1s importante a\u00fan, a promover que todos regresemos sanos a casa. La gesti\u00f3n en salud ocupacional [&hellip;]<\/p>\n","protected":false},"author":1,"featured_media":0,"parent":0,"menu_order":0,"comment_status":"closed","ping_status":"closed","template":"","meta":{"footnotes":""},"class_list":["post-5597","page","type-page","status-publish","hentry"],"_links":{"self":[{"href":"https:\/\/geo-park.com\/sustainability\/2019\/wp-json\/wp\/v2\/pages\/5597","targetHints":{"allow":["GET"]}}],"collection":[{"href":"https:\/\/geo-park.com\/sustainability\/2019\/wp-json\/wp\/v2\/pages"}],"about":[{"href":"https:\/\/geo-park.com\/sustainability\/2019\/wp-json\/wp\/v2\/types\/page"}],"author":[{"embeddable":true,"href":"https:\/\/geo-park.com\/sustainability\/2019\/wp-json\/wp\/v2\/users\/1"}],"replies":[{"embeddable":true,"href":"https:\/\/geo-park.com\/sustainability\/2019\/wp-json\/wp\/v2\/comments?post=5597"}],"version-history":[{"count":101,"href":"https:\/\/geo-park.com\/sustainability\/2019\/wp-json\/wp\/v2\/pages\/5597\/revisions"}],"predecessor-version":[{"id":12341,"href":"https:\/\/geo-park.com\/sustainability\/2019\/wp-json\/wp\/v2\/pages\/5597\/revisions\/12341"}],"wp:attachment":[{"href":"https:\/\/geo-park.com\/sustainability\/2019\/wp-json\/wp\/v2\/media?parent=5597"}],"curies":[{"name":"wp","href":"https:\/\/api.w.org\/{rel}","templated":true}]}}