{"id":5606,"date":"2021-05-09T10:22:35","date_gmt":"2021-05-09T15:22:35","guid":{"rendered":"https:\/\/sustainabilitygeopark.com\/web\/?page_id=5606"},"modified":"2021-09-06T20:40:47","modified_gmt":"2021-09-07T01:40:47","slug":"seguridad-vial-en-colombia","status":"publish","type":"page","link":"https:\/\/geo-park.com\/sustainability\/2019\/seguridad-vial-en-colombia\/","title":{"rendered":"seguridad vial en Colombia"},"content":{"rendered":"\t\t<div data-elementor-type=\"wp-page\" data-elementor-id=\"5606\" class=\"elementor elementor-5606\">\n\t\t\t\t\t\t\t\t\t<section class=\"elementor-section elementor-top-section elementor-element elementor-element-4e8ad1d elementor-section-boxed elementor-section-height-default elementor-section-height-default\" data-id=\"4e8ad1d\" data-element_type=\"section\">\n\t\t\t\t\t\t<div class=\"elementor-container elementor-column-gap-default\">\n\t\t\t\t\t<div class=\"elementor-column elementor-col-100 elementor-top-column elementor-element elementor-element-6961906 ot-flex-column-vertical\" data-id=\"6961906\" data-element_type=\"column\">\n\t\t\t<div class=\"elementor-widget-wrap elementor-element-populated\">\n\t\t\t\t\t\t\t\t<div class=\"elementor-element elementor-element-7c544ab elementor-widget elementor-widget-text-editor\" data-id=\"7c544ab\" data-element_type=\"widget\" data-widget_type=\"text-editor.default\">\n\t\t\t\t<div class=\"elementor-widget-container\">\n\t\t\t\t\t\t\t<p><a href=\"#\"><span style=\"text-decoration: underline;\">Social<\/span><\/a> <span style=\"color: #000000;\">&gt; <\/span><span style=\"color: #ae0c21;\"><span style=\"color: #000000;\"><span style=\"text-decoration: underline;\">HS<\/span> &gt;<\/span> Seguridad vial en Colombia<\/span><\/p>\t\t\t\t\t\t<\/div>\n\t\t\t\t<\/div>\n\t\t\t\t<div class=\"elementor-element elementor-element-2e168f1 elementor-widget elementor-widget-spacer\" data-id=\"2e168f1\" data-element_type=\"widget\" data-widget_type=\"spacer.default\">\n\t\t\t\t<div class=\"elementor-widget-container\">\n\t\t\t\t\t<div class=\"elementor-spacer\">\n\t\t\t<div class=\"elementor-spacer-inner\"><\/div>\n\t\t<\/div>\n\t\t\t\t<\/div>\n\t\t\t\t<\/div>\n\t\t\t\t\t<\/div>\n\t\t<\/div>\n\t\t\t\t\t\t\t<\/div>\n\t\t<\/section>\n\t\t\t\t<section class=\"elementor-section elementor-top-section elementor-element elementor-element-bde6793 elementor-section-boxed elementor-section-height-default elementor-section-height-default\" data-id=\"bde6793\" data-element_type=\"section\" data-settings=\"{&quot;background_background&quot;:&quot;classic&quot;}\">\n\t\t\t\t\t\t<div class=\"elementor-container elementor-column-gap-default\">\n\t\t\t\t\t<div class=\"elementor-column elementor-col-50 elementor-top-column elementor-element elementor-element-b930623 ot-flex-column-vertical\" data-id=\"b930623\" data-element_type=\"column\" data-settings=\"{&quot;background_background&quot;:&quot;classic&quot;}\">\n\t\t\t<div class=\"elementor-widget-wrap elementor-element-populated\">\n\t\t\t\t\t\t\t\t<div class=\"elementor-element elementor-element-98266bf elementor-widget elementor-widget-heading\" data-id=\"98266bf\" data-element_type=\"widget\" data-widget_type=\"heading.default\">\n\t\t\t\t<div class=\"elementor-widget-container\">\n\t\t\t<h2 class=\"elementor-heading-title elementor-size-default\">SEGURIDAD VIAL COLOMBIA<\/h2>\t\t<\/div>\n\t\t\t\t<\/div>\n\t\t\t\t<div class=\"elementor-element elementor-element-fe7c946 elementor-widget elementor-widget-text-editor\" data-id=\"fe7c946\" data-element_type=\"widget\" data-widget_type=\"text-editor.default\">\n\t\t\t\t<div class=\"elementor-widget-container\">\n\t\t\t\t\t\t\t<p style=\"text-align: right;\">Continuamos con la implementaci\u00f3n del Programa \u201cYo le apuesto a la seguridad vial\u201d, que busca disminuir o eliminar la posibilidad de ocurrencia de incidentes viales, protegiendo a peatones, a la comunidad, a los trabajadores y a los conductores.<\/p>\t\t\t\t\t\t<\/div>\n\t\t\t\t<\/div>\n\t\t\t\t\t<\/div>\n\t\t<\/div>\n\t\t\t\t<div class=\"elementor-column elementor-col-50 elementor-top-column elementor-element elementor-element-50df2db ot-flex-column-vertical\" data-id=\"50df2db\" data-element_type=\"column\" data-settings=\"{&quot;background_background&quot;:&quot;classic&quot;}\">\n\t\t\t<div class=\"elementor-widget-wrap elementor-element-populated\">\n\t\t\t\t\t\t\t\t<div class=\"elementor-element elementor-element-353e4e6 elementor-widget elementor-widget-image\" data-id=\"353e4e6\" data-element_type=\"widget\" data-widget_type=\"image.default\">\n\t\t\t\t<div class=\"elementor-widget-container\">\n\t\t\t\t\t\t\t\t\t\t\t\t\t\t\t<img decoding=\"async\" width=\"554\" height=\"554\" data-src=\"https:\/\/geo-park.com\/sustainability\/2019\/wp-content\/uploads\/2021\/05\/social_22.jpg\" class=\"attachment-large size-large wp-image-5608 lazyload\" alt=\"\" data-srcset=\"https:\/\/geo-park.com\/sustainability\/2019\/wp-content\/uploads\/2021\/05\/social_22.jpg 554w, https:\/\/geo-park.com\/sustainability\/2019\/wp-content\/uploads\/2021\/05\/social_22-300x300.jpg 300w, https:\/\/geo-park.com\/sustainability\/2019\/wp-content\/uploads\/2021\/05\/social_22-150x150.jpg 150w\" data-sizes=\"(max-width: 554px) 100vw, 554px\" src=\"data:image\/gif;base64,R0lGODlhAQABAAAAACH5BAEKAAEALAAAAAABAAEAAAICTAEAOw==\" style=\"--smush-placeholder-width: 554px; --smush-placeholder-aspect-ratio: 554\/554;\" \/>\t\t\t\t\t\t\t\t\t\t\t\t\t\t\t<\/div>\n\t\t\t\t<\/div>\n\t\t\t\t\t<\/div>\n\t\t<\/div>\n\t\t\t\t\t\t\t<\/div>\n\t\t<\/section>\n\t\t\t\t<section class=\"elementor-section elementor-top-section elementor-element elementor-element-4362bc3 elementor-section-boxed elementor-section-height-default elementor-section-height-default\" data-id=\"4362bc3\" data-element_type=\"section\">\n\t\t\t\t\t\t<div class=\"elementor-container elementor-column-gap-default\">\n\t\t\t\t\t<div class=\"elementor-column elementor-col-100 elementor-top-column elementor-element elementor-element-d9187d6 ot-flex-column-vertical\" data-id=\"d9187d6\" data-element_type=\"column\">\n\t\t\t<div class=\"elementor-widget-wrap elementor-element-populated\">\n\t\t\t\t\t\t\t\t<section class=\"elementor-section elementor-inner-section elementor-element elementor-element-512664e elementor-section-boxed elementor-section-height-default elementor-section-height-default\" data-id=\"512664e\" data-element_type=\"section\">\n\t\t\t\t\t\t<div class=\"elementor-container elementor-column-gap-default\">\n\t\t\t\t\t<div class=\"elementor-column elementor-col-100 elementor-inner-column elementor-element elementor-element-9c45346 ot-flex-column-vertical\" data-id=\"9c45346\" data-element_type=\"column\">\n\t\t\t<div class=\"elementor-widget-wrap elementor-element-populated\">\n\t\t\t\t\t\t\t\t<div class=\"elementor-element elementor-element-6677d4b elementor-widget elementor-widget-spacer\" data-id=\"6677d4b\" data-element_type=\"widget\" data-widget_type=\"spacer.default\">\n\t\t\t\t<div class=\"elementor-widget-container\">\n\t\t\t\t\t<div class=\"elementor-spacer\">\n\t\t\t<div class=\"elementor-spacer-inner\"><\/div>\n\t\t<\/div>\n\t\t\t\t<\/div>\n\t\t\t\t<\/div>\n\t\t\t\t<div class=\"elementor-element elementor-element-7ab1b9e elementor-widget elementor-widget-text-editor\" data-id=\"7ab1b9e\" data-element_type=\"widget\" data-widget_type=\"text-editor.default\">\n\t\t\t\t<div class=\"elementor-widget-container\">\n\t\t\t\t\t\t\tEl programa incluye actividades como monitoreo satelital de velocidad, intervenciones en la v\u00eda p\u00fablica, entrenamientos y din\u00e1micas con comunidades y vecinos, jornadas preventivas de inspecci\u00f3n y aseguramiento de veh\u00edculos, actividades de sensibilizaci\u00f3n, y formaci\u00f3n en gesti\u00f3n vial con gremios de transportadores y conductores. Estas actividades nos han acercado a todos los actores de la v\u00eda de forma integral.\t\t\t\t\t\t<\/div>\n\t\t\t\t<\/div>\n\t\t\t\t<div class=\"elementor-element elementor-element-38849d6 elementor-widget elementor-widget-text-editor\" data-id=\"38849d6\" data-element_type=\"widget\" data-widget_type=\"text-editor.default\">\n\t\t\t\t<div class=\"elementor-widget-container\">\n\t\t\t\t\t\t\t<p><div class=\"wptm_table tablesorter-bootstrap \" data-id=\"106\" data-hightlight=\"0\"><div class=\"wptmresponsive dataTables-wptmtable wptmtable\" id=\"wptmtable106\" data-tableid=\"wptmTbl106\"><table id=\"wptmTbl106\" data-id=\"106\" data-responsive=\"false\" data-hideCols=\"false\" data-type=\"html\" data-paging=\"false\" data-searching=\"false\" data-ordering=\"false\" data-table-breakpoint=\"980\" data-scroll-x=\"true\" data-scroll-collapse=\"true\" data-align=\"center\" data-hideColumn=\"[0,0,0]\" data-colwidths=\"[758,103,100]\" class=\" disablePager\"><colgroup><col data-dtr=\"0\" data-dtc=\"0\" class=\"dtc0\"><col data-dtr=\"0\" data-dtc=\"1\" class=\"dtc1\"><col data-dtr=\"0\" data-dtc=\"2\" class=\"dtc2\"><\/colgroup><thead><tr class=\"wptm-header-cells-index dnone\"><th rowspan=\"1\" colspan=\"1\" data-dtr=\"0\" data-dtc=\"0\" class=\"dtr0 dtc0\"><\/th><th rowspan=\"1\" colspan=\"1\" data-dtr=\"0\" data-dtc=\"1\" class=\"dtr0 dtc1\"><\/th><th rowspan=\"1\" colspan=\"1\" data-dtr=\"0\" data-dtc=\"2\" class=\"dtr0 dtc2\"><\/th><\/tr><tr class=\" row0\"><th  data-priority=\"0\" class=\"dtr0 dtc0\">Cifras del programa\u00a0<\/th><th  data-priority=\"0\" class=\"dtr0 dtc1\">2019<\/th><th  data-priority=\"0\" class=\"dtr0 dtc2\">2018<\/th><\/thead><tbody><tr class=\" row1\"><td   class=\"dtr1 dtc0\">Conductores de transporte de petr\u00f3leo certificados en el Programa de Conductores Seguros<\/td><td   class=\"dtr1 dtc1\">3.604\u00a0<\/td><td   class=\"dtr1 dtc2\">3.266\u00a0<\/td><\/tr><tr class=\" row2\"><td   class=\"dtr2 dtc0\">Registros de velocidad arrojados en monitoreos de velocidad\u00a0<\/td><td   class=\"dtr2 dtc1\">41.087\u00a0<\/td><td   class=\"dtr2 dtc2\">1.789\u00a0<\/td><\/tr><tr class=\" row3\"><td   class=\"dtr3 dtc0\">Participantes en microcharlas sobre seguridad vial realizadas para personal directo de GeoPark y contratistas\u00a0<\/td><td   class=\"dtr3 dtc1\">15.722\u00a0<\/td><td   class=\"dtr3 dtc2\">149\u00a0<\/td><\/tr><tr class=\" row4\"><td   class=\"dtr4 dtc0\">Conductores de servicio especial capacitados en el Plan de Conductor Seguro\u00a0<\/td><td   class=\"dtr4 dtc1\">1.641\u00a0<\/td><td   class=\"dtr4 dtc2\">189\u00a0<\/td><\/tr><tr class=\" row5\"><td   class=\"dtr5 dtc0\">Estudiantes y docentes capacitados en el Programa de Seguridad Vial para escuelas y colegios\u00a0<\/td><td   class=\"dtr5 dtc1\">1.372\u00a0<\/td><td   class=\"dtr5 dtc2\">404\u00a0<\/td><\/tr><tr class=\" row6\"><td   class=\"dtr6 dtc0\">Agentes viales capacitados en campa\u00f1as de seguridad vial\u00a0<\/td><td   class=\"dtr6 dtc1\">2.430\u00a0<\/td><td   class=\"dtr6 dtc2\">550<\/td><\/tr><\/tbody><tfoot><td class=\"dtr6 dtc0\" style=\"height: 0;\"><\/td><td class=\"dtr6 dtc1\" style=\"height: 0;\"><\/td><td class=\"dtr6 dtc2\" style=\"height: 0;\"><\/td><\/tfoot><\/table><\/div><style>#wptmtable106 .dataTables_wrapper > .dataTables_scroll {max-height:500px;overflow: auto;}<\/style><script>wptm_ajaxurl = 'https:\/\/geo-park.com\/sustainability\/2019\/wp-admin\/admin-ajax.php?juwpfisadmin=false&action=Wptm&';<\/script><\/div><style>.droptables-highlight-horizontal, .droptables-highlight-vertical  {  color: #ffffff !important; background: rgba(118,188,88,0.9) !important; }<\/style><\/p>\t\t\t\t\t\t<\/div>\n\t\t\t\t<\/div>\n\t\t\t\t\t<\/div>\n\t\t<\/div>\n\t\t\t\t\t\t\t<\/div>\n\t\t<\/section>\n\t\t\t\t\t<\/div>\n\t\t<\/div>\n\t\t\t\t\t\t\t<\/div>\n\t\t<\/section>\n\t\t\t\t<section class=\"elementor-section elementor-top-section elementor-element elementor-element-20dc21e elementor-section-boxed elementor-section-height-default elementor-section-height-default\" data-id=\"20dc21e\" data-element_type=\"section\">\n\t\t\t\t\t\t<div class=\"elementor-container elementor-column-gap-default\">\n\t\t\t\t\t<div class=\"elementor-column elementor-col-100 elementor-top-column elementor-element elementor-element-433ceb1 ot-flex-column-vertical\" data-id=\"433ceb1\" data-element_type=\"column\">\n\t\t\t<div class=\"elementor-widget-wrap elementor-element-populated\">\n\t\t\t\t\t\t\t\t<div class=\"elementor-element elementor-element-8176e67 elementor-widget elementor-widget-spacer\" data-id=\"8176e67\" data-element_type=\"widget\" data-widget_type=\"spacer.default\">\n\t\t\t\t<div class=\"elementor-widget-container\">\n\t\t\t\t\t<div class=\"elementor-spacer\">\n\t\t\t<div class=\"elementor-spacer-inner\"><\/div>\n\t\t<\/div>\n\t\t\t\t<\/div>\n\t\t\t\t<\/div>\n\t\t\t\t<div class=\"elementor-element elementor-element-282e68a elementor-widget elementor-widget-html\" data-id=\"282e68a\" data-element_type=\"widget\" data-widget_type=\"html.default\">\n\t\t\t\t<div class=\"elementor-widget-container\">\n\t\t\t<a href=\"https:\/\/sustainabilitygeopark.com\/2019\/salud-ocupacional\/\"><div style=\"display: flex; align-items: center; position: fixed; top: 50%; left: 0;\">\n       <div id=\"btn-flecha2\" style=\"border: 2px solid #000; padding: 8px 15px; cursor: pointer;\">\n        <i class=\"fas fa-long-arrow-alt-left\"><\/i>\n    <\/div>\n     <div id=\"text-reporte-speed2\" style=\"width: 170px; font-size: 12px; text-align: center; border: 2px solid #ae0c21; opacity: 0; background-color: #fff; color: #000; pointer-events: none;\">\n        SALUD<br>OCUPACIONAL\n    <\/div>\n<\/div>\n<\/a>\n<style>\n    #btn-flecha2:hover{\n        background-color: #ae0c21;\n        border: #ae0c21 !important;\n        color: #fff;\n    }\n<\/style>\n\n<script>\n    document.getElementById('btn-flecha2').onmouseover = function(){\n            document.getElementById('text-reporte-speed2').style.opacity = 1;\n    }\n    \n    document.getElementById('btn-flecha2').onmouseout = function(){\n            document.getElementById('text-reporte-speed2').style.opacity = 0;\n    }\n<\/script>\n\n\n\n<a href=\"https:\/\/sustainabilitygeopark.com\/2019\/gobierno-corporativo\/\"><div style=\"display: flex; align-items: center; position: fixed; top: 50%; right: 0;\">\n    <div id=\"text-reporte-speed\" style=\"width: 170px; font-size: 12px; text-align: center; border: 2px solid #ae0c21; opacity: 0; background-color: #fff; color: #000; pointer-events: none;\">\n       GOBIERNO<BR>CORPORATIVO\n    <\/div>\n    \n    <div id=\"btn-flecha\" style=\"border: 2px solid #000; padding: 8px 15px; cursor: pointer;\">\n        <i class=\"fas fa-long-arrow-alt-right\"><\/i>\n    <\/div>\n<\/div>\n<\/a>\n<style>\n    #btn-flecha:hover{\n        background-color: #ae0c21;\n        border: #ae0c21 !important;\n        color: #fff;\n    }\n<\/style>\n\n<script>\n    document.getElementById('btn-flecha').onmouseover = function(){\n            document.getElementById('text-reporte-speed').style.opacity = 1;\n    }\n    \n    document.getElementById('btn-flecha').onmouseout = function(){\n            document.getElementById('text-reporte-speed').style.opacity = 0;\n    }\n<\/script>\t\t<\/div>\n\t\t\t\t<\/div>\n\t\t\t\t\t<\/div>\n\t\t<\/div>\n\t\t\t\t\t\t\t<\/div>\n\t\t<\/section>\n\t\t\t\t\t\t\t<\/div>\n\t\t","protected":false},"excerpt":{"rendered":"<p>Social &gt; HS &gt; Seguridad vial en Colombia SEGURIDAD VIAL COLOMBIA Continuamos con la implementaci\u00f3n del Programa \u201cYo le apuesto a la seguridad vial\u201d, que busca disminuir o eliminar la posibilidad de ocurrencia de incidentes viales, protegiendo a peatones, a la comunidad, a los trabajadores y a los conductores. El programa incluye actividades como monitoreo [&hellip;]<\/p>\n","protected":false},"author":1,"featured_media":0,"parent":0,"menu_order":0,"comment_status":"closed","ping_status":"closed","template":"","meta":{"footnotes":""},"class_list":["post-5606","page","type-page","status-publish","hentry"],"_links":{"self":[{"href":"https:\/\/geo-park.com\/sustainability\/2019\/wp-json\/wp\/v2\/pages\/5606","targetHints":{"allow":["GET"]}}],"collection":[{"href":"https:\/\/geo-park.com\/sustainability\/2019\/wp-json\/wp\/v2\/pages"}],"about":[{"href":"https:\/\/geo-park.com\/sustainability\/2019\/wp-json\/wp\/v2\/types\/page"}],"author":[{"embeddable":true,"href":"https:\/\/geo-park.com\/sustainability\/2019\/wp-json\/wp\/v2\/users\/1"}],"replies":[{"embeddable":true,"href":"https:\/\/geo-park.com\/sustainability\/2019\/wp-json\/wp\/v2\/comments?post=5606"}],"version-history":[{"count":93,"href":"https:\/\/geo-park.com\/sustainability\/2019\/wp-json\/wp\/v2\/pages\/5606\/revisions"}],"predecessor-version":[{"id":12344,"href":"https:\/\/geo-park.com\/sustainability\/2019\/wp-json\/wp\/v2\/pages\/5606\/revisions\/12344"}],"wp:attachment":[{"href":"https:\/\/geo-park.com\/sustainability\/2019\/wp-json\/wp\/v2\/media?parent=5606"}],"curies":[{"name":"wp","href":"https:\/\/api.w.org\/{rel}","templated":true}]}}