{"id":9876,"date":"2021-05-22T22:19:29","date_gmt":"2021-05-23T03:19:29","guid":{"rendered":"https:\/\/sustainabilitygeopark.com\/web\/?page_id=9876"},"modified":"2021-09-06T19:21:54","modified_gmt":"2021-09-07T00:21:54","slug":"ambiente","status":"publish","type":"page","link":"https:\/\/geo-park.com\/sustainability\/2019\/ambiente\/","title":{"rendered":"ambiente"},"content":{"rendered":"\t\t<div data-elementor-type=\"wp-page\" data-elementor-id=\"9876\" class=\"elementor elementor-9876\">\n\t\t\t\t\t\t\t\t\t<section class=\"elementor-section elementor-top-section elementor-element elementor-element-2ac04fc elementor-section-boxed elementor-section-height-default elementor-section-height-default\" data-id=\"2ac04fc\" data-element_type=\"section\">\n\t\t\t\t\t\t<div class=\"elementor-container elementor-column-gap-default\">\n\t\t\t\t\t<div class=\"elementor-column elementor-col-100 elementor-top-column elementor-element elementor-element-1da655a ot-flex-column-vertical\" data-id=\"1da655a\" data-element_type=\"column\">\n\t\t\t<div class=\"elementor-widget-wrap elementor-element-populated\">\n\t\t\t\t\t\t\t\t<div class=\"elementor-element elementor-element-f4ee9b8 elementor-widget elementor-widget-text-editor\" data-id=\"f4ee9b8\" data-element_type=\"widget\" data-widget_type=\"text-editor.default\">\n\t\t\t\t<div class=\"elementor-widget-container\">\n\t\t\t\t\t\t\t<a href=\"https:\/\/sustainabilitygeopark.com\/web\/entorno-ambiental\/\"><span style=\"text-decoration: underline;\">Entorno Ambiental<\/span><\/a> <span style=\"color: #000000;\">&gt;<\/span><span style=\"color: #ae0c21;\">\u00a0Nuestro compromiso<\/span>\t\t\t\t\t\t<\/div>\n\t\t\t\t<\/div>\n\t\t\t\t<div class=\"elementor-element elementor-element-23632c4 elementor-widget elementor-widget-spacer\" data-id=\"23632c4\" data-element_type=\"widget\" data-widget_type=\"spacer.default\">\n\t\t\t\t<div class=\"elementor-widget-container\">\n\t\t\t\t\t<div class=\"elementor-spacer\">\n\t\t\t<div class=\"elementor-spacer-inner\"><\/div>\n\t\t<\/div>\n\t\t\t\t<\/div>\n\t\t\t\t<\/div>\n\t\t\t\t\t<\/div>\n\t\t<\/div>\n\t\t\t\t\t\t\t<\/div>\n\t\t<\/section>\n\t\t\t\t<section class=\"elementor-section elementor-top-section elementor-element elementor-element-772f76a elementor-section-boxed elementor-section-height-default elementor-section-height-default\" data-id=\"772f76a\" data-element_type=\"section\" data-settings=\"{&quot;background_background&quot;:&quot;classic&quot;}\">\n\t\t\t\t\t\t<div class=\"elementor-container elementor-column-gap-default\">\n\t\t\t\t\t<div class=\"elementor-column elementor-col-100 elementor-top-column elementor-element elementor-element-93f3659 ot-flex-column-vertical\" data-id=\"93f3659\" data-element_type=\"column\">\n\t\t\t<div class=\"elementor-widget-wrap elementor-element-populated\">\n\t\t\t\t\t\t\t\t<section class=\"elementor-section elementor-inner-section elementor-element elementor-element-b0371ea elementor-section-boxed elementor-section-height-default elementor-section-height-default\" data-id=\"b0371ea\" data-element_type=\"section\">\n\t\t\t\t\t\t<div class=\"elementor-container elementor-column-gap-default\">\n\t\t\t\t\t<div class=\"elementor-column elementor-col-50 elementor-inner-column elementor-element elementor-element-9a86f97 ot-flex-column-vertical\" data-id=\"9a86f97\" data-element_type=\"column\">\n\t\t\t<div class=\"elementor-widget-wrap elementor-element-populated\">\n\t\t\t\t\t\t\t\t<div class=\"elementor-element elementor-element-268b8e2 elementor-widget elementor-widget-image\" data-id=\"268b8e2\" data-element_type=\"widget\" data-widget_type=\"image.default\">\n\t\t\t\t<div class=\"elementor-widget-container\">\n\t\t\t\t\t\t\t\t\t\t\t\t\t\t\t<img decoding=\"async\" width=\"1\" height=\"1\" data-src=\"https:\/\/geo-park.com\/sustainability\/2019\/wp-content\/uploads\/2021\/05\/e_vector.svg\" class=\"attachment-large size-large wp-image-6717 lazyload\" alt=\"\" src=\"data:image\/gif;base64,R0lGODlhAQABAAAAACH5BAEKAAEALAAAAAABAAEAAAICTAEAOw==\" style=\"--smush-placeholder-width: 1px; --smush-placeholder-aspect-ratio: 1\/1;\" \/>\t\t\t\t\t\t\t\t\t\t\t\t\t\t\t<\/div>\n\t\t\t\t<\/div>\n\t\t\t\t<div class=\"elementor-element elementor-element-549b695 elementor-widget elementor-widget-spacer\" data-id=\"549b695\" data-element_type=\"widget\" data-widget_type=\"spacer.default\">\n\t\t\t\t<div class=\"elementor-widget-container\">\n\t\t\t\t\t<div class=\"elementor-spacer\">\n\t\t\t<div class=\"elementor-spacer-inner\"><\/div>\n\t\t<\/div>\n\t\t\t\t<\/div>\n\t\t\t\t<\/div>\n\t\t\t\t\t<\/div>\n\t\t<\/div>\n\t\t\t\t<div class=\"elementor-column elementor-col-50 elementor-inner-column elementor-element elementor-element-97baf34 ot-flex-column-vertical\" data-id=\"97baf34\" data-element_type=\"column\">\n\t\t\t<div class=\"elementor-widget-wrap elementor-element-populated\">\n\t\t\t\t\t\t\t\t<div class=\"elementor-element elementor-element-55f9632 elementor-widget elementor-widget-heading\" data-id=\"55f9632\" data-element_type=\"widget\" data-widget_type=\"heading.default\">\n\t\t\t\t<div class=\"elementor-widget-container\">\n\t\t\t<h1 class=\"elementor-heading-title elementor-size-default\">NUESTRO<br>\nCOMPROMISO<br>\n<b>CON EL ENTORNO<br>\nAMBIENTAL:<\/b><\/h1>\t\t<\/div>\n\t\t\t\t<\/div>\n\t\t\t\t<div class=\"elementor-element elementor-element-9b157ab elementor-widget elementor-widget-spacer\" data-id=\"9b157ab\" data-element_type=\"widget\" data-widget_type=\"spacer.default\">\n\t\t\t\t<div class=\"elementor-widget-container\">\n\t\t\t\t\t<div class=\"elementor-spacer\">\n\t\t\t<div class=\"elementor-spacer-inner\"><\/div>\n\t\t<\/div>\n\t\t\t\t<\/div>\n\t\t\t\t<\/div>\n\t\t\t\t<div class=\"elementor-element elementor-element-4a85310 elementor-widget elementor-widget-text-editor\" data-id=\"4a85310\" data-element_type=\"widget\" data-widget_type=\"text-editor.default\">\n\t\t\t\t<div class=\"elementor-widget-container\">\n\t\t\t\t\t\t\t<p>Valorar nuestros recursos naturales y realizar todos nuestros esfuerzos para evitar o reducir el impacto de nuestros proyectos en el medioambiente, as\u00ed como retribuir a la naturaleza mediante la aplicaci\u00f3n de nuevas tecnolog\u00edas o m\u00e9todos operativos.<\/p>\t\t\t\t\t\t<\/div>\n\t\t\t\t<\/div>\n\t\t\t\t<div class=\"elementor-element elementor-element-1a24e1b elementor-widget elementor-widget-spacer\" data-id=\"1a24e1b\" data-element_type=\"widget\" data-widget_type=\"spacer.default\">\n\t\t\t\t<div class=\"elementor-widget-container\">\n\t\t\t\t\t<div class=\"elementor-spacer\">\n\t\t\t<div class=\"elementor-spacer-inner\"><\/div>\n\t\t<\/div>\n\t\t\t\t<\/div>\n\t\t\t\t<\/div>\n\t\t\t\t\t<\/div>\n\t\t<\/div>\n\t\t\t\t\t\t\t<\/div>\n\t\t<\/section>\n\t\t\t\t\t<\/div>\n\t\t<\/div>\n\t\t\t\t\t\t\t<\/div>\n\t\t<\/section>\n\t\t\t\t<section class=\"elementor-section elementor-top-section elementor-element elementor-element-e8e83e3 elementor-section-boxed elementor-section-height-default elementor-section-height-default\" data-id=\"e8e83e3\" data-element_type=\"section\">\n\t\t\t\t\t\t<div class=\"elementor-container elementor-column-gap-default\">\n\t\t\t\t\t<div class=\"elementor-column elementor-col-100 elementor-top-column elementor-element elementor-element-38ddb6c ot-flex-column-vertical\" data-id=\"38ddb6c\" data-element_type=\"column\">\n\t\t\t<div class=\"elementor-widget-wrap elementor-element-populated\">\n\t\t\t\t\t\t\t\t<div class=\"elementor-element elementor-element-975a218 elementor-widget elementor-widget-spacer\" data-id=\"975a218\" data-element_type=\"widget\" data-widget_type=\"spacer.default\">\n\t\t\t\t<div class=\"elementor-widget-container\">\n\t\t\t\t\t<div class=\"elementor-spacer\">\n\t\t\t<div class=\"elementor-spacer-inner\"><\/div>\n\t\t<\/div>\n\t\t\t\t<\/div>\n\t\t\t\t<\/div>\n\t\t\t\t\t<\/div>\n\t\t<\/div>\n\t\t\t\t\t\t\t<\/div>\n\t\t<\/section>\n\t\t\t\t<section class=\"elementor-section elementor-top-section elementor-element elementor-element-9a761ae elementor-section-boxed elementor-section-height-default elementor-section-height-default\" data-id=\"9a761ae\" data-element_type=\"section\">\n\t\t\t\t\t\t<div class=\"elementor-container elementor-column-gap-default\">\n\t\t\t\t\t<div class=\"elementor-column elementor-col-100 elementor-top-column elementor-element elementor-element-437de7a ot-flex-column-vertical\" data-id=\"437de7a\" data-element_type=\"column\">\n\t\t\t<div class=\"elementor-widget-wrap elementor-element-populated\">\n\t\t\t\t\t\t\t\t<section class=\"elementor-section elementor-inner-section elementor-element elementor-element-030015c elementor-section-boxed elementor-section-height-default elementor-section-height-default\" data-id=\"030015c\" data-element_type=\"section\">\n\t\t\t\t\t\t<div class=\"elementor-container elementor-column-gap-default\">\n\t\t\t\t\t<div class=\"elementor-column elementor-col-100 elementor-inner-column elementor-element elementor-element-6513e59 ot-flex-column-vertical\" data-id=\"6513e59\" data-element_type=\"column\">\n\t\t\t<div class=\"elementor-widget-wrap elementor-element-populated\">\n\t\t\t\t\t\t\t\t<div class=\"elementor-element elementor-element-93f011d elementor-widget elementor-widget-heading\" data-id=\"93f011d\" data-element_type=\"widget\" data-widget_type=\"heading.default\">\n\t\t\t\t<div class=\"elementor-widget-container\">\n\t\t\t<h2 class=\"elementor-heading-title elementor-size-default\"><strong>GESTI\u00d3N 2019<\/strong><\/h2>\t\t<\/div>\n\t\t\t\t<\/div>\n\t\t\t\t\t<\/div>\n\t\t<\/div>\n\t\t\t\t\t\t\t<\/div>\n\t\t<\/section>\n\t\t\t\t\t<\/div>\n\t\t<\/div>\n\t\t\t\t\t\t\t<\/div>\n\t\t<\/section>\n\t\t\t\t<section class=\"elementor-section elementor-top-section elementor-element elementor-element-e1d0e15 elementor-section-boxed elementor-section-height-default elementor-section-height-default\" data-id=\"e1d0e15\" data-element_type=\"section\">\n\t\t\t\t\t\t<div class=\"elementor-container elementor-column-gap-default\">\n\t\t\t\t\t<div class=\"elementor-column elementor-col-100 elementor-top-column elementor-element elementor-element-3f92faa ot-flex-column-vertical\" data-id=\"3f92faa\" data-element_type=\"column\" data-settings=\"{&quot;background_background&quot;:&quot;classic&quot;}\">\n\t\t\t<div class=\"elementor-widget-wrap elementor-element-populated\">\n\t\t\t\t\t\t\t\t<section class=\"elementor-section elementor-inner-section elementor-element elementor-element-dbabacf elementor-section-boxed elementor-section-height-default elementor-section-height-default\" data-id=\"dbabacf\" data-element_type=\"section\">\n\t\t\t\t\t\t<div class=\"elementor-container elementor-column-gap-default\">\n\t\t\t\t\t<div class=\"elementor-column elementor-col-100 elementor-inner-column elementor-element elementor-element-1568b0c ot-flex-column-vertical\" data-id=\"1568b0c\" data-element_type=\"column\">\n\t\t\t<div class=\"elementor-widget-wrap elementor-element-populated\">\n\t\t\t\t\t\t\t\t<div class=\"elementor-element elementor-element-dd7ccdf elementor-widget elementor-widget-text-editor\" data-id=\"dd7ccdf\" data-element_type=\"widget\" data-widget_type=\"text-editor.default\">\n\t\t\t\t<div class=\"elementor-widget-container\">\n\t\t\t\t\t\t\t<p><div class=\"wptm_table tablesorter-bootstrap \" data-id=\"54\" data-hightlight=\"0\"><div class=\"wptmresponsive dataTables-wptmtable wptmtable\" id=\"wptmtable54\" data-tableid=\"wptmTbl54\"><table id=\"wptmTbl54\" data-id=\"54\" data-responsive=\"false\" data-hideCols=\"false\" data-type=\"html\" data-paging=\"false\" data-searching=\"false\" data-ordering=\"false\" data-table-breakpoint=\"980\" data-scroll-x=\"true\" data-scroll-collapse=\"true\" data-align=\"center\" data-hideColumn=\"[0,0,0,0,0,0,0]\" data-colwidths=\"[286,27,44,272,30,33,352]\" class=\" disablePager\"><colgroup><col data-dtr=\"0\" data-dtc=\"0\" class=\"dtc0\"><col data-dtr=\"0\" data-dtc=\"1\" class=\"dtc1\"><col data-dtr=\"0\" data-dtc=\"2\" class=\"dtc2\"><col data-dtr=\"0\" data-dtc=\"3\" class=\"dtc3\"><col data-dtr=\"0\" data-dtc=\"4\" class=\"dtc4\"><col data-dtr=\"0\" data-dtc=\"5\" class=\"dtc5\"><col data-dtr=\"0\" data-dtc=\"6\" class=\"dtc6\"><\/colgroup><thead><tr class=\"wptm-header-cells-index dnone\"><th rowspan=\"1\" colspan=\"1\" data-dtr=\"0\" data-dtc=\"0\" class=\"dtr0 dtc0\"><\/th><th rowspan=\"1\" colspan=\"1\" data-dtr=\"0\" data-dtc=\"1\" class=\"dtr0 dtc1\"><\/th><th rowspan=\"1\" colspan=\"1\" data-dtr=\"0\" data-dtc=\"2\" class=\"dtr0 dtc2\"><\/th><th rowspan=\"1\" colspan=\"1\" data-dtr=\"0\" data-dtc=\"3\" class=\"dtr0 dtc3\"><\/th><th rowspan=\"1\" colspan=\"1\" data-dtr=\"0\" data-dtc=\"4\" class=\"dtr0 dtc4\"><\/th><th rowspan=\"1\" colspan=\"1\" data-dtr=\"0\" data-dtc=\"5\" class=\"dtr0 dtc5\"><\/th><th rowspan=\"1\" colspan=\"1\" data-dtr=\"0\" data-dtc=\"6\" class=\"dtr0 dtc6\"><\/th><\/tr><tr class=\" row0\"><th  data-priority=\"0\" class=\"dtr0 dtc0\"><\/th><th  data-priority=\"0\" class=\"dtr0 dtc1\"><\/th><th  data-priority=\"0\" class=\"dtr0 dtc2\"><\/th><th  data-priority=\"0\" class=\"dtr0 dtc3\"><\/th><th  data-priority=\"0\" class=\"dtr0 dtc4\"><\/th><th  data-priority=\"0\" class=\"dtr0 dtc5\"><\/th><th  data-priority=\"0\" class=\"dtr0 dtc6\"><\/th><\/thead><tbody><tr class=\" row1\"><td   class=\"dtr1 dtc0\">CERO<\/td><td   class=\"dtr1 dtc1\"><\/td><td   class=\"dtr1 dtc2\"><\/td><td   class=\"dtr1 dtc3\">1,08 Bbls<\/td><td   class=\"dtr1 dtc4\"><\/td><td   class=\"dtr1 dtc5\"><\/td><td   class=\"dtr1 dtc6\">57,7 %<\/td><\/tr><tr class=\" row2\"><td   class=\"dtr2 dtc0\">Multas\/sanciones ambientales<\/td><td   class=\"dtr2 dtc1\"><\/td><td   class=\"dtr2 dtc2\"><\/td><td   class=\"dtr2 dtc3\">de crudo derramados por 1 MM de barriles producidos<\/td><td   class=\"dtr2 dtc4\"><\/td><td   class=\"dtr2 dtc5\"><\/td><td   class=\"dtr2 dtc6\">Disminuci\u00f3n de la huella h\u00eddrica en Colombia entre 2014 y 2019<\/td><\/tr><tr class=\" row3\"><td   class=\"dtr3 dtc0\"><\/td><td   class=\"dtr3 dtc1\"><\/td><td   class=\"dtr3 dtc2\"><\/td><td   class=\"dtr3 dtc3\"><\/td><td   class=\"dtr3 dtc4\"><\/td><td   class=\"dtr3 dtc5\"><\/td><td   class=\"dtr3 dtc6\"><\/td><\/tr><tr class=\" row4\"><td   class=\"dtr4 dtc0\">ISO 14001:2015<\/td><td   class=\"dtr4 dtc1\"><\/td><td   class=\"dtr4 dtc2\"><\/td><td   class=\"dtr4 dtc3\">100%<\/td><td   class=\"dtr4 dtc4\"><\/td><td   class=\"dtr4 dtc5\"><\/td><td   class=\"dtr4 dtc6\">13,05 kg CO2e\/Bbls<\/td><\/tr><tr class=\" row5\"><td   class=\"dtr5 dtc0\">Certificaci\u00f3n obtenida para las actividades enmarcadas en el Sistema de Gesti\u00f3n Ambiental en Colombia<\/td><td   class=\"dtr5 dtc1\"><\/td><td   class=\"dtr5 dtc2\"><\/td><td   class=\"dtr5 dtc3\">Licencias y permisos ambientales aprobados<\/td><td   class=\"dtr5 dtc4\"><\/td><td   class=\"dtr5 dtc5\"><\/td><td   class=\"dtr5 dtc6\">Intensidad de GEI en Colombia (28 % por debajo del promedio global del sector de hidrocarburos &#8211; 18 kg Co2e\/Bbls)<\/td><\/tr><tr class=\" row6\"><td   class=\"dtr6 dtc0\"><\/td><td   class=\"dtr6 dtc1\"><\/td><td   class=\"dtr6 dtc2\"><\/td><td   class=\"dtr6 dtc3\"><\/td><td   class=\"dtr6 dtc4\"><\/td><td   class=\"dtr6 dtc5\"><\/td><td   class=\"dtr6 dtc6\"><\/td><\/tr><tr class=\" row7\"><td   class=\"dtr7 dtc0\"><\/td><td   class=\"dtr7 dtc1\"><\/td><td   class=\"dtr7 dtc2\"><\/td><td   class=\"dtr7 dtc3\"><\/td><td   class=\"dtr7 dtc4\"><\/td><td   class=\"dtr7 dtc5\"><\/td><td   class=\"dtr7 dtc6\"><\/td><\/tr><tr class=\" row8\"><td   class=\"dtr8 dtc0\">1.968 ha<\/td><td   class=\"dtr8 dtc1\"><\/td><td   class=\"dtr8 dtc2\"><\/td><td   class=\"dtr8 dtc3\"><\/td><td   class=\"dtr8 dtc4\"><\/td><td   class=\"dtr8 dtc5\"><\/td><td   class=\"dtr8 dtc6\"><\/td><\/tr><tr class=\" row9\"><td   class=\"dtr9 dtc0\">donadas en Colombia para la preservaci\u00f3n ambiental<\/td><td   class=\"dtr9 dtc1\"><\/td><td   class=\"dtr9 dtc2\"><\/td><td   class=\"dtr9 dtc3\"><\/td><td   class=\"dtr9 dtc4\"><\/td><td   class=\"dtr9 dtc5\"><\/td><td   class=\"dtr9 dtc6\"><\/td><\/tr><tr class=\" row10\"><td   class=\"dtr10 dtc0\"><\/td><td   class=\"dtr10 dtc1\"><\/td><td   class=\"dtr10 dtc2\"><\/td><td   class=\"dtr10 dtc3\"><\/td><td   class=\"dtr10 dtc4\"><\/td><td   class=\"dtr10 dtc5\"><\/td><td   class=\"dtr10 dtc6\"><\/td><\/tr><tr class=\" row11\"><td   class=\"dtr11 dtc0\"><\/td><td   class=\"dtr11 dtc1\"><\/td><td   class=\"dtr11 dtc2\"><\/td><td   class=\"dtr11 dtc3\"><\/td><td   class=\"dtr11 dtc4\"><\/td><td   class=\"dtr11 dtc5\"><\/td><td   class=\"dtr11 dtc6\"><\/td><\/tr><\/tbody><tfoot><td class=\"dtr11 dtc0\" style=\"height: 0;\"><\/td><td class=\"dtr11 dtc1\" style=\"height: 0;\"><\/td><td class=\"dtr11 dtc2\" style=\"height: 0;\"><\/td><td class=\"dtr11 dtc3\" style=\"height: 0;\"><\/td><td class=\"dtr11 dtc4\" style=\"height: 0;\"><\/td><td class=\"dtr11 dtc5\" style=\"height: 0;\"><\/td><td class=\"dtr11 dtc6\" style=\"height: 0;\"><\/td><\/tfoot><\/table><\/div><style>#wptmtable54 .dataTables_wrapper > .dataTables_scroll {max-height:500px;overflow: auto;}<\/style><script>wptm_ajaxurl = 'https:\/\/geo-park.com\/sustainability\/2019\/wp-admin\/admin-ajax.php?juwpfisadmin=false&action=Wptm&';<\/script><\/div><style>.droptables-highlight-horizontal, .droptables-highlight-vertical  {  color: #ffffff !important; background: rgba(118,188,88,0.9) !important; }<\/style><\/p>\t\t\t\t\t\t<\/div>\n\t\t\t\t<\/div>\n\t\t\t\t\t<\/div>\n\t\t<\/div>\n\t\t\t\t\t\t\t<\/div>\n\t\t<\/section>\n\t\t\t\t\t<\/div>\n\t\t<\/div>\n\t\t\t\t\t\t\t<\/div>\n\t\t<\/section>\n\t\t\t\t<section class=\"elementor-section elementor-top-section elementor-element elementor-element-fca1834 elementor-section-boxed elementor-section-height-default elementor-section-height-default\" data-id=\"fca1834\" data-element_type=\"section\">\n\t\t\t\t\t\t<div class=\"elementor-container elementor-column-gap-default\">\n\t\t\t\t\t<div class=\"elementor-column elementor-col-100 elementor-top-column elementor-element elementor-element-70914e0 ot-flex-column-vertical\" data-id=\"70914e0\" data-element_type=\"column\">\n\t\t\t<div class=\"elementor-widget-wrap elementor-element-populated\">\n\t\t\t\t\t\t\t\t<section class=\"elementor-section elementor-inner-section elementor-element elementor-element-45d3199 elementor-section-boxed elementor-section-height-default elementor-section-height-default\" data-id=\"45d3199\" data-element_type=\"section\">\n\t\t\t\t\t\t<div class=\"elementor-container elementor-column-gap-default\">\n\t\t\t\t\t<div class=\"elementor-column elementor-col-100 elementor-inner-column elementor-element elementor-element-4333298 ot-flex-column-vertical\" data-id=\"4333298\" data-element_type=\"column\">\n\t\t\t<div class=\"elementor-widget-wrap elementor-element-populated\">\n\t\t\t\t\t\t\t\t<div class=\"elementor-element elementor-element-9f79425 elementor-widget elementor-widget-spacer\" data-id=\"9f79425\" data-element_type=\"widget\" data-widget_type=\"spacer.default\">\n\t\t\t\t<div class=\"elementor-widget-container\">\n\t\t\t\t\t<div class=\"elementor-spacer\">\n\t\t\t<div class=\"elementor-spacer-inner\"><\/div>\n\t\t<\/div>\n\t\t\t\t<\/div>\n\t\t\t\t<\/div>\n\t\t\t\t<div class=\"elementor-element elementor-element-e87edad elementor-widget elementor-widget-heading\" data-id=\"e87edad\" data-element_type=\"widget\" data-widget_type=\"heading.default\">\n\t\t\t\t<div class=\"elementor-widget-container\">\n\t\t\t<h2 class=\"elementor-heading-title elementor-size-default\">METAS 2020<\/h2>\t\t<\/div>\n\t\t\t\t<\/div>\n\t\t\t\t<div class=\"elementor-element elementor-element-a82bd0e elementor-widget elementor-widget-spacer\" data-id=\"a82bd0e\" data-element_type=\"widget\" data-widget_type=\"spacer.default\">\n\t\t\t\t<div class=\"elementor-widget-container\">\n\t\t\t\t\t<div class=\"elementor-spacer\">\n\t\t\t<div class=\"elementor-spacer-inner\"><\/div>\n\t\t<\/div>\n\t\t\t\t<\/div>\n\t\t\t\t<\/div>\n\t\t\t\t<div class=\"elementor-element elementor-element-acf19f4 elementor-widget elementor-widget-text-editor\" data-id=\"acf19f4\" data-element_type=\"widget\" data-widget_type=\"text-editor.default\">\n\t\t\t\t<div class=\"elementor-widget-container\">\n\t\t\t\t\t\t\t<ul><li>Reducci\u00f3n del \u00edndice de intensidad de GEI para Llanos 34 vs 2019: 3%.<\/li><li>Barriles derramados por mill\u00f3n de barriles producidos (OSB): 1,34.<\/li><li>Definici\u00f3n del Plan Carbono Neutro para todas las operaciones de GeoPark.<\/li><li>Capacitaci\u00f3n del equipo socioambiental y de ingenier\u00eda a nivel corporativo, para su participaci\u00f3n en la elaboraci\u00f3n del Plan Carbono Neutro.<\/li><li>Alineaci\u00f3n de indicadores y m\u00e9tricas de sostenibilidad con las metas propuestas por los Objetivos de Desarrollo Sostenible.<\/li><\/ul>\t\t\t\t\t\t<\/div>\n\t\t\t\t<\/div>\n\t\t\t\t\t<\/div>\n\t\t<\/div>\n\t\t\t\t\t\t\t<\/div>\n\t\t<\/section>\n\t\t\t\t\t<\/div>\n\t\t<\/div>\n\t\t\t\t\t\t\t<\/div>\n\t\t<\/section>\n\t\t\t\t<section class=\"elementor-section elementor-top-section elementor-element elementor-element-3aae0bb elementor-section-boxed elementor-section-height-default elementor-section-height-default\" data-id=\"3aae0bb\" data-element_type=\"section\">\n\t\t\t\t\t\t<div class=\"elementor-container elementor-column-gap-default\">\n\t\t\t\t\t<div class=\"elementor-column elementor-col-100 elementor-top-column elementor-element elementor-element-c4ba37c ot-flex-column-vertical\" data-id=\"c4ba37c\" data-element_type=\"column\">\n\t\t\t<div class=\"elementor-widget-wrap elementor-element-populated\">\n\t\t\t\t\t\t\t\t<div class=\"elementor-element elementor-element-19c0dc1 elementor-widget elementor-widget-html\" data-id=\"19c0dc1\" data-element_type=\"widget\" data-widget_type=\"html.default\">\n\t\t\t\t<div class=\"elementor-widget-container\">\n\t\t\t<a href=\"https:\/\/sustainabilitygeopark.com\/2019\/nuestro-compromiso\/\"><div style=\"display: flex; align-items: center; position: fixed; top: 50%; right: 0;\">\n    <div id=\"text-reporte-speed\" style=\"width: 170px; font-size: 12px; text-align: center; border: 2px solid #ae0c21; opacity: 0; background-color: #fff; color: #000; pointer-events: none;\">\n       NUESTRO<br> COMPROMISO\n    <\/div>\n    \n    <div id=\"btn-flecha\" style=\"border: 2px solid #000; padding: 8px 15px; cursor: pointer;\">\n        <i class=\"fas fa-long-arrow-alt-right\"><\/i>\n    <\/div>\n<\/div>\n<\/a>\n<style>\n    #btn-flecha:hover{\n        background-color: #ae0c21;\n        border: #ae0c21 !important;\n        color: #fff;\n    }\n<\/style>\n\n<script>\n    document.getElementById('btn-flecha').onmouseover = function(){\n            document.getElementById('text-reporte-speed').style.opacity = 1;\n    }\n    \n    document.getElementById('btn-flecha').onmouseout = function(){\n            document.getElementById('text-reporte-speed').style.opacity = 0;\n    }\n<\/script>\n\n<a href=\"https:\/\/sustainabilitygeopark.com\/2019\/entorno-ambiental\/\"><div style=\"display: flex; align-items: center; position: fixed; top: 50%; left: 0;\">\n       <div id=\"btn-flecha2\" style=\"border: 2px solid #000; padding: 8px 15px; cursor: pointer;\">\n        <i class=\"fas fa-long-arrow-alt-left\"><\/i>\n    <\/div>\n     <div id=\"text-reporte-speed2\" style=\"width: 170px; font-size: 12px; text-align: center; border: 2px solid #ae0c21; opacity: 0; background-color: #fff; color: #000; pointer-events: none;\">\n        GESTI\u00d3N<br>AMBIENTAL\n    <\/div>\n<\/div>\n<\/a>\n<style>\n    #btn-flecha2:hover{\n        background-color: #ae0c21;\n        border: #ae0c21 !important;\n        color: #fff;\n    }\n<\/style>\n\n<script>\n    document.getElementById('btn-flecha2').onmouseover = function(){\n            document.getElementById('text-reporte-speed2').style.opacity = 1;\n    }\n    \n    document.getElementById('btn-flecha2').onmouseout = function(){\n            document.getElementById('text-reporte-speed2').style.opacity = 0;\n    }\n<\/script>\t\t<\/div>\n\t\t\t\t<\/div>\n\t\t\t\t\t<\/div>\n\t\t<\/div>\n\t\t\t\t\t\t\t<\/div>\n\t\t<\/section>\n\t\t\t\t\t\t\t<\/div>\n\t\t","protected":false},"excerpt":{"rendered":"<p>Entorno Ambiental &gt;\u00a0Nuestro compromiso NUESTRO COMPROMISO CON EL ENTORNO AMBIENTAL: Valorar nuestros recursos naturales y realizar todos nuestros esfuerzos para evitar o reducir el impacto de nuestros proyectos en el medioambiente, as\u00ed como retribuir a la naturaleza mediante la aplicaci\u00f3n de nuevas tecnolog\u00edas o m\u00e9todos operativos. GESTI\u00d3N 2019 METAS 2020 Reducci\u00f3n del \u00edndice de intensidad [&hellip;]<\/p>\n","protected":false},"author":1,"featured_media":0,"parent":0,"menu_order":0,"comment_status":"closed","ping_status":"closed","template":"","meta":{"footnotes":""},"class_list":["post-9876","page","type-page","status-publish","hentry"],"_links":{"self":[{"href":"https:\/\/geo-park.com\/sustainability\/2019\/wp-json\/wp\/v2\/pages\/9876","targetHints":{"allow":["GET"]}}],"collection":[{"href":"https:\/\/geo-park.com\/sustainability\/2019\/wp-json\/wp\/v2\/pages"}],"about":[{"href":"https:\/\/geo-park.com\/sustainability\/2019\/wp-json\/wp\/v2\/types\/page"}],"author":[{"embeddable":true,"href":"https:\/\/geo-park.com\/sustainability\/2019\/wp-json\/wp\/v2\/users\/1"}],"replies":[{"embeddable":true,"href":"https:\/\/geo-park.com\/sustainability\/2019\/wp-json\/wp\/v2\/comments?post=9876"}],"version-history":[{"count":46,"href":"https:\/\/geo-park.com\/sustainability\/2019\/wp-json\/wp\/v2\/pages\/9876\/revisions"}],"predecessor-version":[{"id":12268,"href":"https:\/\/geo-park.com\/sustainability\/2019\/wp-json\/wp\/v2\/pages\/9876\/revisions\/12268"}],"wp:attachment":[{"href":"https:\/\/geo-park.com\/sustainability\/2019\/wp-json\/wp\/v2\/media?parent=9876"}],"curies":[{"name":"wp","href":"https:\/\/api.w.org\/{rel}","templated":true}]}}