{"id":111,"date":"2021-09-16T21:18:00","date_gmt":"2021-09-16T21:18:00","guid":{"rendered":"https:\/\/geo-park.com\/sustainability\/2020\/?page_id=111"},"modified":"2021-10-29T20:49:22","modified_gmt":"2021-10-29T20:49:22","slug":"retos-para-el-futuro","status":"publish","type":"page","link":"https:\/\/geo-park.com\/sustainability\/2020\/desarrollo-comunitario\/retos-para-el-futuro\/","title":{"rendered":"Retos para el futuro"},"content":{"rendered":"<section class=\"l-section wpb_row height_small\"><div class=\"l-section-h i-cf\"><div class=\"g-cols via_grid cols_2-1 laptops-cols_inherit tablets-cols_inherit mobiles-cols_1 valign_top type_default\"><div class=\"wpb_column vc_column_container\"><div class=\"vc_column-inner\">[vc_custom_heading text=\u00bbGestionamos los territorios con enfoque preventivo\u00bb font_container=\u00bbtag:h3|text_align:left\u00bb use_theme_fonts=\u00bbyes\u00bb]<div class=\"w-iconbox icobox-items iconpos_left style_default color_primary align_left no_title\"><div class=\"w-iconbox-icon\" style=\"font-size:1rem;\"><i class=\"far fa-angle-double-right\"><\/i><\/div><div class=\"w-iconbox-meta\"><div class=\"w-iconbox-text\"><p>Mantener la licencia social en todas nuestras \u00e1reas de operaci\u00f3n.<\/p>\n<\/div><\/div><\/div><div class=\"w-iconbox icobox-items iconpos_left style_default color_primary align_left no_title\"><div class=\"w-iconbox-icon\" style=\"font-size:1rem;\"><i class=\"far fa-angle-double-right\"><\/i><\/div><div class=\"w-iconbox-meta\"><div class=\"w-iconbox-text\"><p>Consolidar la Buena Vecindad en las nuevas operaciones de GeoPark, haciendo as\u00ed tangible la promesa de Crear Valor y Retribuir.<\/p>\n<\/div><\/div><\/div><div class=\"w-iconbox icobox-items iconpos_left style_default color_primary align_left no_title\"><div class=\"w-iconbox-icon\" style=\"font-size:1rem;\"><i class=\"far fa-angle-double-right\"><\/i><\/div><div class=\"w-iconbox-meta\"><div class=\"w-iconbox-text\"><p>Mantener la viabilidad operacional sin p\u00e9rdidas asociadas a conflictividad con el entorno.<\/p>\n<\/div><\/div><\/div><div class=\"w-iconbox icobox-items iconpos_left style_default color_primary align_left no_title\"><div class=\"w-iconbox-icon\" style=\"font-size:1rem;\"><i class=\"far fa-angle-double-right\"><\/i><\/div><div class=\"w-iconbox-meta\"><div class=\"w-iconbox-text\"><p>Fortalecer los programas de capacitaci\u00f3n de l\u00edderes para el desarrollo como estrategia para el fortalecimiento de capacidades y competencias de nuestros Vecinos.<\/p>\n<\/div><\/div><\/div>[vc_custom_heading text=\u00bbDi\u00e1logo y participaci\u00f3n ciudadana\u00bb font_container=\u00bbtag:h3|text_align:left\u00bb use_theme_fonts=\u00bbyes\u00bb]<div class=\"w-iconbox icobox-items iconpos_left style_default color_primary align_left no_title\"><div class=\"w-iconbox-icon\" style=\"font-size:1rem;\"><i class=\"far fa-angle-double-right\"><\/i><\/div><div class=\"w-iconbox-meta\"><div class=\"w-iconbox-text\"><p>Incrementar el n\u00famero de mujeres en espacios de participaci\u00f3n pol\u00edtica y ciudadana a trav\u00e9s de un enfoque diferencial en g\u00e9nero y condiciones \u00e9tnicas.<\/p>\n<\/div><\/div><\/div><div class=\"w-iconbox icobox-items iconpos_left style_default color_primary align_left no_title\"><div class=\"w-iconbox-icon\" style=\"font-size:1rem;\"><i class=\"far fa-angle-double-right\"><\/i><\/div><div class=\"w-iconbox-meta\"><div class=\"w-iconbox-text\"><p>Fortalecer los Encuentros por la Transparencia mediante nuevas formas de reuni\u00f3n que garanticen la participaci\u00f3n de los grupos de inter\u00e9s, considerando las limitantes que causa la pandemia.<\/p>\n<\/div><\/div><\/div><div class=\"w-iconbox icobox-items iconpos_left style_default color_primary align_left no_title\"><div class=\"w-iconbox-icon\" style=\"font-size:1rem;\"><i class=\"far fa-angle-double-right\"><\/i><\/div><div class=\"w-iconbox-meta\"><div class=\"w-iconbox-text\"><p>Lograr con \u00e9xito el 100% de la participaci\u00f3n ciudadana en los procesos para el licenciamiento ambiental de los proyectos exploratorios en Colombia y Ecuador.<\/p>\n<\/div><\/div><\/div><div class=\"w-iconbox icobox-items iconpos_left style_default color_primary align_left no_title\"><div class=\"w-iconbox-icon\" style=\"font-size:1rem;\"><i class=\"far fa-angle-double-right\"><\/i><\/div><div class=\"w-iconbox-meta\"><div class=\"w-iconbox-text\"><p>Incrementar el n\u00famero de Vecinos involucrados en procesos de di\u00e1logos fortaleciendo el acceso a la informaci\u00f3n en espacios formales e informales, de manera presencial o virtual, con nuestras \u00e1reas de influencia directa e indirecta.<\/p>\n<\/div><\/div><\/div>[vc_custom_heading text=\u00bbGeneramos desarrollo en los territorios<br \/>\n\u00bb font_container=\u00bbtag:h3|text_align:left\u00bb use_theme_fonts=\u00bbyes\u00bb]<div class=\"w-iconbox icobox-items iconpos_left style_default color_primary align_left no_title\"><div class=\"w-iconbox-icon\" style=\"font-size:1rem;\"><i class=\"far fa-angle-double-right\"><\/i><\/div><div class=\"w-iconbox-meta\"><div class=\"w-iconbox-text\"><p>Capacitar a los grupos de inter\u00e9s en territorio sobre los ODS y su rol en el cierre de brechas.<\/p>\n<\/div><\/div><\/div><div class=\"w-iconbox icobox-items iconpos_left style_default color_primary align_left no_title\"><div class=\"w-iconbox-icon\" style=\"font-size:1rem;\"><i class=\"far fa-angle-double-right\"><\/i><\/div><div class=\"w-iconbox-meta\"><div class=\"w-iconbox-text\"><p>Estructurar nuevos proyectos bajo la figura de Obras por Impuestos privilegiando el desarrollo de Proyectos con Enfoque Territorial (PDET) en Colombia.<\/p>\n<\/div><\/div><\/div><div class=\"w-iconbox icobox-items iconpos_left style_default color_primary align_left no_title\"><div class=\"w-iconbox-icon\" style=\"font-size:1rem;\"><i class=\"far fa-angle-double-right\"><\/i><\/div><div class=\"w-iconbox-meta\"><div class=\"w-iconbox-text\"><p>Implementar programas de reactivaci\u00f3n econ\u00f3mica con impacto en la generaci\u00f3n de ingresos de los Vecinos de operaciones en Colombia, que permitan amortiguar las secuelas econ\u00f3micas generadas por la pandemia.<\/p>\n<\/div><\/div><\/div><div class=\"w-iconbox icobox-items iconpos_left style_default color_primary align_left no_title\"><div class=\"w-iconbox-icon\" style=\"font-size:1rem;\"><i class=\"far fa-angle-double-right\"><\/i><\/div><div class=\"w-iconbox-meta\"><div class=\"w-iconbox-text\"><p>Dise\u00f1ar e implementar una estrategia que nos permita integrar nuestro Sistema Integrado de Valores SPEED con las contribuciones a los retos de los Objetivos de Desarrollo Sostenible (ODS).<\/p>\n<\/div><\/div><\/div><div class=\"w-iconbox icobox-items iconpos_left style_default color_primary align_left no_title\"><div class=\"w-iconbox-icon\" style=\"font-size:1rem;\"><i class=\"far fa-angle-double-right\"><\/i><\/div><div class=\"w-iconbox-meta\"><div class=\"w-iconbox-text\"><p>Implementar un sistema de informaci\u00f3n que nos permita mantener m\u00e9tricas actualizadas y hacer seguimiento al desempe\u00f1o de los principales indicadores GRI, IPIECA y SASB, en tiempo real y de acuerdo con nuestros compromisos con el desarrollo sostenible. <\/p>\n<\/div><\/div><\/div><\/div><\/div><div class=\"wpb_column vc_column_container\"><div class=\"vc_column-inner\"><\/div><\/div><\/div><\/div><\/section>\n","protected":false},"excerpt":{"rendered":"[vc_custom_heading text=\"Gestionamos los territorios con enfoque preventivo\" font_container=\"tag:h3|text_align:left\" use_theme_fonts=\"yes\"]Mantener la licencia social en todas nuestras \u00e1reas de operaci\u00f3n. Consolidar la Buena Vecindad en las nuevas operaciones de GeoPark, haciendo as\u00ed tangible la promesa de Crear Valor y Retribuir. Mantener la viabilidad operacional sin p\u00e9rdidas asociadas a conflictividad con el entorno. Fortalecer los programas de capacitaci\u00f3n...","protected":false},"author":1,"featured_media":1165,"parent":97,"menu_order":5,"comment_status":"closed","ping_status":"closed","template":"","meta":{"inline_featured_image":false,"footnotes":""},"class_list":["post-111","page","type-page","status-publish","has-post-thumbnail","hentry"],"yoast_head":"<!-- This site is optimized with the Yoast SEO plugin v24.9 - https:\/\/yoast.com\/wordpress\/plugins\/seo\/ -->\n<title>Retos para el futuro en desarrollo Comunitario GeoPark - Sustainability Report 2020 GeoPark<\/title>\n<meta name=\"description\" content=\"Conoce cu\u00e1les son los retos y desaf\u00edos que tenemos en GeoPark para el futuro frente al desarrollo comunitario\" \/>\n<meta name=\"robots\" content=\"index, follow, max-snippet:-1, max-image-preview:large, max-video-preview:-1\" \/>\n<link rel=\"canonical\" href=\"https:\/\/geo-park.com\/sustainability\/2020\/desarrollo-comunitario\/retos-para-el-futuro\/\" \/>\n<meta property=\"og:locale\" content=\"es_ES\" \/>\n<meta property=\"og:type\" content=\"article\" \/>\n<meta property=\"og:title\" content=\"Retos para el futuro en desarrollo Comunitario GeoPark - Sustainability Report 2020 GeoPark\" \/>\n<meta property=\"og:description\" content=\"Conoce cu\u00e1les son los retos y desaf\u00edos que tenemos en GeoPark para el futuro frente al desarrollo comunitario\" \/>\n<meta property=\"og:url\" content=\"https:\/\/geo-park.com\/sustainability\/2020\/desarrollo-comunitario\/retos-para-el-futuro\/\" \/>\n<meta property=\"og:site_name\" content=\"Sustainability Report 2020 GeoPark\" \/>\n<meta property=\"article:modified_time\" content=\"2021-10-29T20:49:22+00:00\" \/>\n<meta property=\"og:image\" content=\"https:\/\/geo-park.com\/sustainability\/2020\/wp-content\/uploads\/2021\/10\/banner-interno-desarrollo-comunitario-Retos-para-el-futuro.jpg\" \/>\n\t<meta property=\"og:image:width\" content=\"1280\" \/>\n\t<meta property=\"og:image:height\" content=\"420\" \/>\n\t<meta property=\"og:image:type\" content=\"image\/jpeg\" \/>\n<meta name=\"twitter:card\" content=\"summary_large_image\" \/>\n<meta name=\"twitter:label1\" content=\"Tiempo de lectura\" \/>\n\t<meta name=\"twitter:data1\" content=\"2 minutos\" \/>\n<script type=\"application\/ld+json\" class=\"yoast-schema-graph\">{\"@context\":\"https:\/\/schema.org\",\"@graph\":[{\"@type\":\"WebPage\",\"@id\":\"https:\/\/geo-park.com\/sustainability\/2020\/desarrollo-comunitario\/retos-para-el-futuro\/\",\"url\":\"https:\/\/geo-park.com\/sustainability\/2020\/desarrollo-comunitario\/retos-para-el-futuro\/\",\"name\":\"Retos para el futuro en desarrollo Comunitario GeoPark - Sustainability Report 2020 GeoPark\",\"isPartOf\":{\"@id\":\"https:\/\/geo-park.com\/sustainability\/2020\/#website\"},\"primaryImageOfPage\":{\"@id\":\"https:\/\/geo-park.com\/sustainability\/2020\/desarrollo-comunitario\/retos-para-el-futuro\/#primaryimage\"},\"image\":{\"@id\":\"https:\/\/geo-park.com\/sustainability\/2020\/desarrollo-comunitario\/retos-para-el-futuro\/#primaryimage\"},\"thumbnailUrl\":\"https:\/\/geo-park.com\/sustainability\/2020\/wp-content\/uploads\/2021\/10\/banner-interno-desarrollo-comunitario-Retos-para-el-futuro.jpg\",\"datePublished\":\"2021-09-16T21:18:00+00:00\",\"dateModified\":\"2021-10-29T20:49:22+00:00\",\"description\":\"Conoce cu\u00e1les son los retos y desaf\u00edos que tenemos en GeoPark para el futuro frente al desarrollo comunitario\",\"breadcrumb\":{\"@id\":\"https:\/\/geo-park.com\/sustainability\/2020\/desarrollo-comunitario\/retos-para-el-futuro\/#breadcrumb\"},\"inLanguage\":\"es\",\"potentialAction\":[{\"@type\":\"ReadAction\",\"target\":[\"https:\/\/geo-park.com\/sustainability\/2020\/desarrollo-comunitario\/retos-para-el-futuro\/\"]}]},{\"@type\":\"ImageObject\",\"inLanguage\":\"es\",\"@id\":\"https:\/\/geo-park.com\/sustainability\/2020\/desarrollo-comunitario\/retos-para-el-futuro\/#primaryimage\",\"url\":\"https:\/\/geo-park.com\/sustainability\/2020\/wp-content\/uploads\/2021\/10\/banner-interno-desarrollo-comunitario-Retos-para-el-futuro.jpg\",\"contentUrl\":\"https:\/\/geo-park.com\/sustainability\/2020\/wp-content\/uploads\/2021\/10\/banner-interno-desarrollo-comunitario-Retos-para-el-futuro.jpg\",\"width\":1280,\"height\":420},{\"@type\":\"BreadcrumbList\",\"@id\":\"https:\/\/geo-park.com\/sustainability\/2020\/desarrollo-comunitario\/retos-para-el-futuro\/#breadcrumb\",\"itemListElement\":[{\"@type\":\"ListItem\",\"position\":1,\"name\":\"Inicio\",\"item\":\"https:\/\/geo-park.com\/sustainability\/2020\/\"},{\"@type\":\"ListItem\",\"position\":2,\"name\":\"Desarrollo Comunitario\",\"item\":\"https:\/\/geo-park.com\/sustainability\/2020\/desarrollo-comunitario\/\"},{\"@type\":\"ListItem\",\"position\":3,\"name\":\"Retos para el futuro\"}]},{\"@type\":\"WebSite\",\"@id\":\"https:\/\/geo-park.com\/sustainability\/2020\/#website\",\"url\":\"https:\/\/geo-park.com\/sustainability\/2020\/\",\"name\":\"Sustainability Report 2020 GeoPark\",\"description\":\"Just another WordPress site\",\"potentialAction\":[{\"@type\":\"SearchAction\",\"target\":{\"@type\":\"EntryPoint\",\"urlTemplate\":\"https:\/\/geo-park.com\/sustainability\/2020\/?s={search_term_string}\"},\"query-input\":{\"@type\":\"PropertyValueSpecification\",\"valueRequired\":true,\"valueName\":\"search_term_string\"}}],\"inLanguage\":\"es\"}]}<\/script>\n<!-- \/ Yoast SEO plugin. -->","yoast_head_json":{"title":"Retos para el futuro en desarrollo Comunitario GeoPark - Sustainability Report 2020 GeoPark","description":"Conoce cu\u00e1les son los retos y desaf\u00edos que tenemos en GeoPark para el futuro frente al desarrollo comunitario","robots":{"index":"index","follow":"follow","max-snippet":"max-snippet:-1","max-image-preview":"max-image-preview:large","max-video-preview":"max-video-preview:-1"},"canonical":"https:\/\/geo-park.com\/sustainability\/2020\/desarrollo-comunitario\/retos-para-el-futuro\/","og_locale":"es_ES","og_type":"article","og_title":"Retos para el futuro en desarrollo Comunitario GeoPark - Sustainability Report 2020 GeoPark","og_description":"Conoce cu\u00e1les son los retos y desaf\u00edos que tenemos en GeoPark para el futuro frente al desarrollo comunitario","og_url":"https:\/\/geo-park.com\/sustainability\/2020\/desarrollo-comunitario\/retos-para-el-futuro\/","og_site_name":"Sustainability Report 2020 GeoPark","article_modified_time":"2021-10-29T20:49:22+00:00","og_image":[{"width":1280,"height":420,"url":"https:\/\/geo-park.com\/sustainability\/2020\/wp-content\/uploads\/2021\/10\/banner-interno-desarrollo-comunitario-Retos-para-el-futuro.jpg","type":"image\/jpeg"}],"twitter_card":"summary_large_image","twitter_misc":{"Tiempo de lectura":"2 minutos"},"schema":{"@context":"https:\/\/schema.org","@graph":[{"@type":"WebPage","@id":"https:\/\/geo-park.com\/sustainability\/2020\/desarrollo-comunitario\/retos-para-el-futuro\/","url":"https:\/\/geo-park.com\/sustainability\/2020\/desarrollo-comunitario\/retos-para-el-futuro\/","name":"Retos para el futuro en desarrollo Comunitario GeoPark - Sustainability Report 2020 GeoPark","isPartOf":{"@id":"https:\/\/geo-park.com\/sustainability\/2020\/#website"},"primaryImageOfPage":{"@id":"https:\/\/geo-park.com\/sustainability\/2020\/desarrollo-comunitario\/retos-para-el-futuro\/#primaryimage"},"image":{"@id":"https:\/\/geo-park.com\/sustainability\/2020\/desarrollo-comunitario\/retos-para-el-futuro\/#primaryimage"},"thumbnailUrl":"https:\/\/geo-park.com\/sustainability\/2020\/wp-content\/uploads\/2021\/10\/banner-interno-desarrollo-comunitario-Retos-para-el-futuro.jpg","datePublished":"2021-09-16T21:18:00+00:00","dateModified":"2021-10-29T20:49:22+00:00","description":"Conoce cu\u00e1les son los retos y desaf\u00edos que tenemos en GeoPark para el futuro frente al desarrollo comunitario","breadcrumb":{"@id":"https:\/\/geo-park.com\/sustainability\/2020\/desarrollo-comunitario\/retos-para-el-futuro\/#breadcrumb"},"inLanguage":"es","potentialAction":[{"@type":"ReadAction","target":["https:\/\/geo-park.com\/sustainability\/2020\/desarrollo-comunitario\/retos-para-el-futuro\/"]}]},{"@type":"ImageObject","inLanguage":"es","@id":"https:\/\/geo-park.com\/sustainability\/2020\/desarrollo-comunitario\/retos-para-el-futuro\/#primaryimage","url":"https:\/\/geo-park.com\/sustainability\/2020\/wp-content\/uploads\/2021\/10\/banner-interno-desarrollo-comunitario-Retos-para-el-futuro.jpg","contentUrl":"https:\/\/geo-park.com\/sustainability\/2020\/wp-content\/uploads\/2021\/10\/banner-interno-desarrollo-comunitario-Retos-para-el-futuro.jpg","width":1280,"height":420},{"@type":"BreadcrumbList","@id":"https:\/\/geo-park.com\/sustainability\/2020\/desarrollo-comunitario\/retos-para-el-futuro\/#breadcrumb","itemListElement":[{"@type":"ListItem","position":1,"name":"Inicio","item":"https:\/\/geo-park.com\/sustainability\/2020\/"},{"@type":"ListItem","position":2,"name":"Desarrollo Comunitario","item":"https:\/\/geo-park.com\/sustainability\/2020\/desarrollo-comunitario\/"},{"@type":"ListItem","position":3,"name":"Retos para el futuro"}]},{"@type":"WebSite","@id":"https:\/\/geo-park.com\/sustainability\/2020\/#website","url":"https:\/\/geo-park.com\/sustainability\/2020\/","name":"Sustainability Report 2020 GeoPark","description":"Just another WordPress site","potentialAction":[{"@type":"SearchAction","target":{"@type":"EntryPoint","urlTemplate":"https:\/\/geo-park.com\/sustainability\/2020\/?s={search_term_string}"},"query-input":{"@type":"PropertyValueSpecification","valueRequired":true,"valueName":"search_term_string"}}],"inLanguage":"es"}]}},"_links":{"self":[{"href":"https:\/\/geo-park.com\/sustainability\/2020\/wp-json\/wp\/v2\/pages\/111","targetHints":{"allow":["GET"]}}],"collection":[{"href":"https:\/\/geo-park.com\/sustainability\/2020\/wp-json\/wp\/v2\/pages"}],"about":[{"href":"https:\/\/geo-park.com\/sustainability\/2020\/wp-json\/wp\/v2\/types\/page"}],"author":[{"embeddable":true,"href":"https:\/\/geo-park.com\/sustainability\/2020\/wp-json\/wp\/v2\/users\/1"}],"replies":[{"embeddable":true,"href":"https:\/\/geo-park.com\/sustainability\/2020\/wp-json\/wp\/v2\/comments?post=111"}],"version-history":[{"count":8,"href":"https:\/\/geo-park.com\/sustainability\/2020\/wp-json\/wp\/v2\/pages\/111\/revisions"}],"predecessor-version":[{"id":1614,"href":"https:\/\/geo-park.com\/sustainability\/2020\/wp-json\/wp\/v2\/pages\/111\/revisions\/1614"}],"up":[{"embeddable":true,"href":"https:\/\/geo-park.com\/sustainability\/2020\/wp-json\/wp\/v2\/pages\/97"}],"wp:featuredmedia":[{"embeddable":true,"href":"https:\/\/geo-park.com\/sustainability\/2020\/wp-json\/wp\/v2\/media\/1165"}],"wp:attachment":[{"href":"https:\/\/geo-park.com\/sustainability\/2020\/wp-json\/wp\/v2\/media?parent=111"}],"curies":[{"name":"wp","href":"https:\/\/api.w.org\/{rel}","templated":true}]}}