{"id":121,"date":"2021-09-16T21:27:24","date_gmt":"2021-09-16T21:27:24","guid":{"rendered":"https:\/\/geo-park.com\/sustainability\/2020\/?page_id=121"},"modified":"2021-11-22T21:36:06","modified_gmt":"2021-11-22T21:36:06","slug":"ods-3","status":"publish","type":"page","link":"https:\/\/geo-park.com\/sustainability\/2020\/contribucion-speed-a-los-ods\/ods-3\/","title":{"rendered":"ODS 3"},"content":{"rendered":"<section class=\"l-section wpb_row cont-btnpdf height_auto\"><div class=\"l-section-h i-cf\"><div class=\"g-cols via_grid cols_2-1 laptops-cols_inherit tablets-cols_inherit mobiles-cols_1 valign_top type_default\"><div class=\"wpb_column vc_column_container\"><div class=\"vc_column-inner\"><\/div><\/div><div class=\"wpb_column vc_column_container\"><div class=\"vc_column-inner\"><div class=\"w-btn-wrapper align_none\"><a class=\"w-btn us-btn-style_1 icon_atright\" target=\"_blank\" href=\"https:\/\/geo-park.com\/sustainability\/2020\/pdf\/ods-3.pdf\" rel=\"noopener\"><span class=\"w-btn-label\">Descarga<\/span><i class=\"far fa-arrow-down\"><\/i><\/a><\/div><\/div><\/div><\/div><\/div><\/section><section class=\"l-section wpb_row cont-introods height_small\"><div class=\"l-section-h i-cf\"><div class=\"g-cols via_grid cols_2-1 laptops-cols_inherit tablets-cols_inherit mobiles-cols_1 valign_top type_default reversed\"><div class=\"wpb_column vc_column_container\"><div class=\"vc_column-inner\">[vc_custom_heading text=\u00bbGarantizar una vida sana y promover el bienestar de todos a todas las edades\u00bb use_theme_fonts=\u00bbyes\u00bb el_class=\u00bbsubtitulos-ods\u00bb]<\/div><\/div><div class=\"wpb_column vc_column_container\"><div class=\"vc_column-inner\">[vc_single_image image=\u00bb1694&#8243; img_size=\u00bb\u00bb alignment=\u00bbcenter\u00bb el_class=\u00bbimg-ods\u00bb]<\/div><\/div><\/div><\/div><\/section><section class=\"l-section wpb_row height_small\"><div class=\"l-section-h i-cf\"><div class=\"g-cols via_grid cols_2-1 laptops-cols_inherit tablets-cols_inherit mobiles-cols_1 valign_top type_default\"><div class=\"wpb_column vc_column_container\"><div class=\"vc_column-inner\"><div class=\"w-iconbox icobox-bandera iconpos_left style_default color_primary align_left no_title icontype_img\"><div class=\"w-iconbox-icon\" style=\"font-size:4rem;\"><img loading=\"lazy\" decoding=\"async\" width=\"834\" height=\"834\" src=\"https:\/\/geo-park.com\/sustainability\/2020\/wp-content\/uploads\/2021\/11\/ico-interior_ODS-BANDERA-LINEAS.png\" class=\"attachment-full size-full\" alt=\"\" srcset=\"https:\/\/geo-park.com\/sustainability\/2020\/wp-content\/uploads\/2021\/11\/ico-interior_ODS-BANDERA-LINEAS.png 834w, https:\/\/geo-park.com\/sustainability\/2020\/wp-content\/uploads\/2021\/11\/ico-interior_ODS-BANDERA-LINEAS-300x300.png 300w, https:\/\/geo-park.com\/sustainability\/2020\/wp-content\/uploads\/2021\/11\/ico-interior_ODS-BANDERA-LINEAS-150x150.png 150w, https:\/\/geo-park.com\/sustainability\/2020\/wp-content\/uploads\/2021\/11\/ico-interior_ODS-BANDERA-LINEAS-400x400.png 400w\" sizes=\"auto, (max-width: 834px) 100vw, 834px\" \/><\/div><div class=\"w-iconbox-meta\"><div class=\"w-iconbox-text\"><p>GeoPark est\u00e1 comprometida con la salud y el bienestar de sus Vecinos. En 2020 nuestras principales acciones estuvieron enfocadas en la atenci\u00f3n de los efectos del COVID-19 de manera articulada con los gobiernos territoriales y con nuestras comunidades. <\/p>\n<\/div><\/div><\/div><div class=\"w-iconbox icobox-items iconpos_left style_default color_primary align_left no_title\"><div class=\"w-iconbox-icon\" style=\"font-size:1rem;\"><i class=\"far fa-angle-double-right\"><\/i><\/div><div class=\"w-iconbox-meta\"><div class=\"w-iconbox-text\"><p><strong>Durante la pandemia,<\/strong> las medidas de aislamiento y confinamiento generaron un impacto significativo en las comunidades, asociado a la disminuci\u00f3n de ingresos y a la falta de empleabilidad.<\/p>\n<\/div><\/div><\/div><div class=\"w-iconbox icobox-items iconpos_left style_default color_primary align_left no_title\"><div class=\"w-iconbox-icon\" style=\"font-size:1rem;\"><i class=\"far fa-angle-double-right\"><\/i><\/div><div class=\"w-iconbox-meta\"><div class=\"w-iconbox-text\"><p>En Colombia, Argentina y Ecuador entregamos paquetes de ayuda humanitaria que <strong>beneficiaron a 12.000 familias vecinas en los territorios donde operamos. <\/strong><\/p>\n<\/div><\/div><\/div><div class=\"w-iconbox icobox-items iconpos_left style_default color_primary align_left no_title\"><div class=\"w-iconbox-icon\" style=\"font-size:1rem;\"><i class=\"far fa-angle-double-right\"><\/i><\/div><div class=\"w-iconbox-meta\"><div class=\"w-iconbox-text\"><p><strong>Entregamos m\u00e1s de 14.500 kits de bioseguridad y 10.700 elementos de protecci\u00f3n<\/strong> a centros de salud, hospitales y comunidades de Argentina, Colombia, Chile y Ecuador.<\/p>\n<\/div><\/div><\/div><div class=\"w-iconbox icobox-items iconpos_left style_default color_primary align_left no_title\"><div class=\"w-iconbox-icon\" style=\"font-size:1rem;\"><i class=\"far fa-angle-double-right\"><\/i><\/div><div class=\"w-iconbox-meta\"><div class=\"w-iconbox-text\"><p><strong>Efectuamos aportes para dotaciones o adecuaciones de centros m\u00e9dicos<\/strong> ubicados en las \u00e1reas de operaci\u00f3n buscando fortalecer la capacidad instalada en servicios de salud en Colombia, Argentina y Ecuador.<\/p>\n<\/div><\/div><\/div><div class=\"w-iconbox icobox-items iconpos_left style_default color_primary align_left no_title\"><div class=\"w-iconbox-icon\" style=\"font-size:1rem;\"><i class=\"far fa-angle-double-right\"><\/i><\/div><div class=\"w-iconbox-meta\"><div class=\"w-iconbox-text\"><p>En conjunto con la Alcald\u00eda de Villanueva, en Casanare (Colombia), <strong>contribuimos a la construcci\u00f3n de las primeras sedes de la Cruz Roja y la Defensa Civil,<\/strong> fundamentales para el funcionamiento de los organismos de ayuda y socorro de la regi\u00f3n.<\/p>\n<\/div><\/div><\/div><div class=\"w-iconbox icobox-items iconpos_left style_default color_primary align_left no_title\"><div class=\"w-iconbox-icon\" style=\"font-size:1rem;\"><i class=\"far fa-angle-double-right\"><\/i><\/div><div class=\"w-iconbox-meta\"><div class=\"w-iconbox-text\"><p>En Colombia, por cuarto a\u00f1o consecutivo, <strong>continuamos apoyando el Programa de Atenci\u00f3n de Personas con Discapacidad,<\/strong> liderado por la Gobernaci\u00f3n de Casanare.<\/p>\n<\/div><\/div><\/div><div class=\"w-iconbox icobox-items iconpos_left style_default color_primary align_left no_title\"><div class=\"w-iconbox-icon\" style=\"font-size:1rem;\"><i class=\"far fa-angle-double-right\"><\/i><\/div><div class=\"w-iconbox-meta\"><div class=\"w-iconbox-text\"><p>En Tauramena, Casanare (Colombia), nos vinculamos, por quinto a\u00f1o consecutivo, a la Jornada de Lactancia Materna con la entrega de kits de aseo y elementos para reci\u00e9n nacidos. <strong>As\u00ed le aportamos al desarrollo de la estrategia para madres gestantes y lactantes.<\/strong><\/p>\n<\/div><\/div><\/div><\/div><\/div><div class=\"wpb_column vc_column_container\"><div class=\"vc_column-inner\"><div class=\"w-vwrapper cont-side align_center valign_top\" style=\"--vwrapper-gap:0.2rem\"><div class=\"wpb_text_column txt-destacado-side\"><div class=\"wpb_wrapper\"><p style=\"text-align: center;\">Beneficiamos a<\/p>\n<\/div><\/div><div class=\"w-counter num-side color_primary align_center\" data-duration=\"2000\"><div class=\"w-counter-value\"><span class=\"w-counter-value-part type_text\" data-final=\"\"><\/span><span class=\"w-counter-value-part type_number\" data-final=\"12.000\">1<\/span><span class=\"w-counter-value-part type_text\" data-final=\"\"><\/span><\/div><\/div><div class=\"wpb_text_column txt-destacado-side\"><div class=\"wpb_wrapper\"><p style=\"text-align: center;\">familias con la entrega de paquetes de ayuda humanitaria en Colombia, Argentina y Ecuador.<\/p>\n<\/div><\/div><\/div><div class=\"w-vwrapper cont-side align_center valign_top\" style=\"--vwrapper-gap:0.2rem\"><div class=\"wpb_text_column txt-destacado-side\"><div class=\"wpb_wrapper\"><p style=\"text-align: center;\">Entregamos m\u00e1s de<\/p>\n<\/div><\/div><div class=\"w-counter num-side color_primary align_center\" data-duration=\"2000\"><div class=\"w-counter-value\"><span class=\"w-counter-value-part type_text\" data-final=\"\"><\/span><span class=\"w-counter-value-part type_number\" data-final=\"14.500\">1<\/span><span class=\"w-counter-value-part type_text\" data-final=\"\"><\/span><\/div><\/div><div class=\"wpb_text_column txt-destacado-side\"><div class=\"wpb_wrapper\"><p style=\"text-align: center;\">kits de bioseguridad y 10.700 elementos de protecci\u00f3n a centros de salud, hospitales y comunidades de Argentina, Colombia, Chile y Ecuador.<\/p>\n<\/div><\/div><\/div><div class=\"w-vwrapper cont-side align_center valign_top\" style=\"--vwrapper-gap:0.2rem\">[vc_single_image image=\u00bb1764&#8243; img_size=\u00bb\u00bb alignment=\u00bbcenter\u00bb el_class=\u00bbico-side\u00bb]<div class=\"wpb_text_column txt-destacado-side\"><div class=\"wpb_wrapper\"><p style=\"text-align: center;\">Beneficiamos a<\/p>\n<\/div><\/div><div class=\"w-counter num-side color_primary align_center\" data-duration=\"2000\"><div class=\"w-counter-value\"><span class=\"w-counter-value-part type_text\" data-final=\"\"><\/span><span class=\"w-counter-value-part type_number\" data-final=\"45.000\">1<\/span><span class=\"w-counter-value-part type_text\" data-final=\"\"><\/span><\/div><\/div><div class=\"wpb_text_column txt-destacado-side\"><div class=\"wpb_wrapper\"><p style=\"text-align: center;\">habitantes de Casanare (Colombia) con la construcci\u00f3n de las primeras sedes de la Cruz Roja y la Defensa Civil.<\/p>\n<\/div><\/div><\/div><div class=\"w-vwrapper cont-side align_center valign_top\" style=\"--vwrapper-gap:0.2rem\"><div class=\"wpb_text_column txt-destacado-side\"><div class=\"wpb_wrapper\"><p style=\"text-align: center;\">Beneficiamos a cerca de<\/p>\n<\/div><\/div><div class=\"w-counter num-side color_primary align_center\" data-duration=\"2000\"><div class=\"w-counter-value\"><span class=\"w-counter-value-part type_text\" data-final=\"\"><\/span><span class=\"w-counter-value-part type_number\" data-final=\"200\">1<\/span><span class=\"w-counter-value-part type_text\" data-final=\"\"><\/span><\/div><\/div><div class=\"wpb_text_column txt-destacado-side\"><div class=\"wpb_wrapper\"><p style=\"text-align: center;\">personas con la entrega de sillas de ruedas y acompa\u00f1amiento en atenci\u00f3n terap\u00e9utica en Colombia.<\/p>\n<\/div><\/div><\/div><\/div><\/div><\/div><\/div><\/section><section class=\"l-section wpb_row height_small\"><div class=\"l-section-h i-cf\"><div class=\"g-cols via_grid cols_1 laptops-cols_inherit tablets-cols_inherit mobiles-cols_1 valign_top type_default\"><div class=\"wpb_column vc_column_container\"><div class=\"vc_column-inner\"><\/div><\/div><\/div><\/div><\/section>\n","protected":false},"excerpt":{"rendered":"Descarga[vc_custom_heading text=\"Garantizar una vida sana y promover el bienestar de todos a todas las edades\" use_theme_fonts=\"yes\" el_class=\"subtitulos-ods\"][vc_single_image image=\"1694\" img_size=\"\" alignment=\"center\" el_class=\"img-ods\"]GeoPark est\u00e1 comprometida con la salud y el bienestar de sus Vecinos. En 2020 nuestras principales acciones estuvieron enfocadas en la atenci\u00f3n de los efectos del COVID-19 de manera articulada con los gobiernos territoriales y...","protected":false},"author":1,"featured_media":1194,"parent":115,"menu_order":1,"comment_status":"closed","ping_status":"closed","template":"","meta":{"inline_featured_image":false,"footnotes":""},"class_list":["post-121","page","type-page","status-publish","has-post-thumbnail","hentry"],"yoast_head":"<!-- This site is optimized with the Yoast SEO plugin v24.9 - https:\/\/yoast.com\/wordpress\/plugins\/seo\/ -->\n<title>ODS 3 GeoPark - Sustainability Report 2020 GeoPark<\/title>\n<meta name=\"description\" content=\"En GeoPark queremos garantizar una vida sana y promover el bienestar de todos a todas las edades. Conoce m\u00e1s.\" \/>\n<meta name=\"robots\" content=\"index, follow, max-snippet:-1, max-image-preview:large, max-video-preview:-1\" \/>\n<link rel=\"canonical\" href=\"https:\/\/geo-park.com\/sustainability\/2020\/contribucion-speed-a-los-ods\/ods-3\/\" \/>\n<meta property=\"og:locale\" content=\"es_ES\" \/>\n<meta property=\"og:type\" content=\"article\" \/>\n<meta property=\"og:title\" content=\"ODS 3 GeoPark - Sustainability Report 2020 GeoPark\" \/>\n<meta property=\"og:description\" content=\"En GeoPark queremos garantizar una vida sana y promover el bienestar de todos a todas las edades. Conoce m\u00e1s.\" \/>\n<meta property=\"og:url\" content=\"https:\/\/geo-park.com\/sustainability\/2020\/contribucion-speed-a-los-ods\/ods-3\/\" \/>\n<meta property=\"og:site_name\" content=\"Sustainability Report 2020 GeoPark\" \/>\n<meta property=\"article:modified_time\" content=\"2021-11-22T21:36:06+00:00\" \/>\n<meta property=\"og:image\" content=\"https:\/\/geo-park.com\/sustainability\/2020\/wp-content\/uploads\/2021\/10\/banner-ODS-3.jpg\" \/>\n\t<meta property=\"og:image:width\" content=\"1280\" \/>\n\t<meta property=\"og:image:height\" content=\"420\" \/>\n\t<meta property=\"og:image:type\" content=\"image\/jpeg\" \/>\n<meta name=\"twitter:card\" content=\"summary_large_image\" \/>\n<meta name=\"twitter:label1\" content=\"Tiempo de lectura\" \/>\n\t<meta name=\"twitter:data1\" content=\"2 minutos\" \/>\n<script type=\"application\/ld+json\" class=\"yoast-schema-graph\">{\"@context\":\"https:\/\/schema.org\",\"@graph\":[{\"@type\":\"WebPage\",\"@id\":\"https:\/\/geo-park.com\/sustainability\/2020\/contribucion-speed-a-los-ods\/ods-3\/\",\"url\":\"https:\/\/geo-park.com\/sustainability\/2020\/contribucion-speed-a-los-ods\/ods-3\/\",\"name\":\"ODS 3 GeoPark - Sustainability Report 2020 GeoPark\",\"isPartOf\":{\"@id\":\"https:\/\/geo-park.com\/sustainability\/2020\/#website\"},\"primaryImageOfPage\":{\"@id\":\"https:\/\/geo-park.com\/sustainability\/2020\/contribucion-speed-a-los-ods\/ods-3\/#primaryimage\"},\"image\":{\"@id\":\"https:\/\/geo-park.com\/sustainability\/2020\/contribucion-speed-a-los-ods\/ods-3\/#primaryimage\"},\"thumbnailUrl\":\"https:\/\/geo-park.com\/sustainability\/2020\/wp-content\/uploads\/2021\/10\/banner-ODS-3.jpg\",\"datePublished\":\"2021-09-16T21:27:24+00:00\",\"dateModified\":\"2021-11-22T21:36:06+00:00\",\"description\":\"En GeoPark queremos garantizar una vida sana y promover el bienestar de todos a todas las edades. Conoce m\u00e1s.\",\"breadcrumb\":{\"@id\":\"https:\/\/geo-park.com\/sustainability\/2020\/contribucion-speed-a-los-ods\/ods-3\/#breadcrumb\"},\"inLanguage\":\"es\",\"potentialAction\":[{\"@type\":\"ReadAction\",\"target\":[\"https:\/\/geo-park.com\/sustainability\/2020\/contribucion-speed-a-los-ods\/ods-3\/\"]}]},{\"@type\":\"ImageObject\",\"inLanguage\":\"es\",\"@id\":\"https:\/\/geo-park.com\/sustainability\/2020\/contribucion-speed-a-los-ods\/ods-3\/#primaryimage\",\"url\":\"https:\/\/geo-park.com\/sustainability\/2020\/wp-content\/uploads\/2021\/10\/banner-ODS-3.jpg\",\"contentUrl\":\"https:\/\/geo-park.com\/sustainability\/2020\/wp-content\/uploads\/2021\/10\/banner-ODS-3.jpg\",\"width\":1280,\"height\":420},{\"@type\":\"BreadcrumbList\",\"@id\":\"https:\/\/geo-park.com\/sustainability\/2020\/contribucion-speed-a-los-ods\/ods-3\/#breadcrumb\",\"itemListElement\":[{\"@type\":\"ListItem\",\"position\":1,\"name\":\"Inicio\",\"item\":\"https:\/\/geo-park.com\/sustainability\/2020\/\"},{\"@type\":\"ListItem\",\"position\":2,\"name\":\"Contribuci\u00f3n de SPEED a los ODS\",\"item\":\"https:\/\/geo-park.com\/sustainability\/2020\/contribucion-speed-a-los-ods\/\"},{\"@type\":\"ListItem\",\"position\":3,\"name\":\"ODS 3\"}]},{\"@type\":\"WebSite\",\"@id\":\"https:\/\/geo-park.com\/sustainability\/2020\/#website\",\"url\":\"https:\/\/geo-park.com\/sustainability\/2020\/\",\"name\":\"Sustainability Report 2020 GeoPark\",\"description\":\"Just another WordPress site\",\"potentialAction\":[{\"@type\":\"SearchAction\",\"target\":{\"@type\":\"EntryPoint\",\"urlTemplate\":\"https:\/\/geo-park.com\/sustainability\/2020\/?s={search_term_string}\"},\"query-input\":{\"@type\":\"PropertyValueSpecification\",\"valueRequired\":true,\"valueName\":\"search_term_string\"}}],\"inLanguage\":\"es\"}]}<\/script>\n<!-- \/ Yoast SEO plugin. -->","yoast_head_json":{"title":"ODS 3 GeoPark - Sustainability Report 2020 GeoPark","description":"En GeoPark queremos garantizar una vida sana y promover el bienestar de todos a todas las edades. Conoce m\u00e1s.","robots":{"index":"index","follow":"follow","max-snippet":"max-snippet:-1","max-image-preview":"max-image-preview:large","max-video-preview":"max-video-preview:-1"},"canonical":"https:\/\/geo-park.com\/sustainability\/2020\/contribucion-speed-a-los-ods\/ods-3\/","og_locale":"es_ES","og_type":"article","og_title":"ODS 3 GeoPark - Sustainability Report 2020 GeoPark","og_description":"En GeoPark queremos garantizar una vida sana y promover el bienestar de todos a todas las edades. Conoce m\u00e1s.","og_url":"https:\/\/geo-park.com\/sustainability\/2020\/contribucion-speed-a-los-ods\/ods-3\/","og_site_name":"Sustainability Report 2020 GeoPark","article_modified_time":"2021-11-22T21:36:06+00:00","og_image":[{"width":1280,"height":420,"url":"https:\/\/geo-park.com\/sustainability\/2020\/wp-content\/uploads\/2021\/10\/banner-ODS-3.jpg","type":"image\/jpeg"}],"twitter_card":"summary_large_image","twitter_misc":{"Tiempo de lectura":"2 minutos"},"schema":{"@context":"https:\/\/schema.org","@graph":[{"@type":"WebPage","@id":"https:\/\/geo-park.com\/sustainability\/2020\/contribucion-speed-a-los-ods\/ods-3\/","url":"https:\/\/geo-park.com\/sustainability\/2020\/contribucion-speed-a-los-ods\/ods-3\/","name":"ODS 3 GeoPark - Sustainability Report 2020 GeoPark","isPartOf":{"@id":"https:\/\/geo-park.com\/sustainability\/2020\/#website"},"primaryImageOfPage":{"@id":"https:\/\/geo-park.com\/sustainability\/2020\/contribucion-speed-a-los-ods\/ods-3\/#primaryimage"},"image":{"@id":"https:\/\/geo-park.com\/sustainability\/2020\/contribucion-speed-a-los-ods\/ods-3\/#primaryimage"},"thumbnailUrl":"https:\/\/geo-park.com\/sustainability\/2020\/wp-content\/uploads\/2021\/10\/banner-ODS-3.jpg","datePublished":"2021-09-16T21:27:24+00:00","dateModified":"2021-11-22T21:36:06+00:00","description":"En GeoPark queremos garantizar una vida sana y promover el bienestar de todos a todas las edades. Conoce m\u00e1s.","breadcrumb":{"@id":"https:\/\/geo-park.com\/sustainability\/2020\/contribucion-speed-a-los-ods\/ods-3\/#breadcrumb"},"inLanguage":"es","potentialAction":[{"@type":"ReadAction","target":["https:\/\/geo-park.com\/sustainability\/2020\/contribucion-speed-a-los-ods\/ods-3\/"]}]},{"@type":"ImageObject","inLanguage":"es","@id":"https:\/\/geo-park.com\/sustainability\/2020\/contribucion-speed-a-los-ods\/ods-3\/#primaryimage","url":"https:\/\/geo-park.com\/sustainability\/2020\/wp-content\/uploads\/2021\/10\/banner-ODS-3.jpg","contentUrl":"https:\/\/geo-park.com\/sustainability\/2020\/wp-content\/uploads\/2021\/10\/banner-ODS-3.jpg","width":1280,"height":420},{"@type":"BreadcrumbList","@id":"https:\/\/geo-park.com\/sustainability\/2020\/contribucion-speed-a-los-ods\/ods-3\/#breadcrumb","itemListElement":[{"@type":"ListItem","position":1,"name":"Inicio","item":"https:\/\/geo-park.com\/sustainability\/2020\/"},{"@type":"ListItem","position":2,"name":"Contribuci\u00f3n de SPEED a los ODS","item":"https:\/\/geo-park.com\/sustainability\/2020\/contribucion-speed-a-los-ods\/"},{"@type":"ListItem","position":3,"name":"ODS 3"}]},{"@type":"WebSite","@id":"https:\/\/geo-park.com\/sustainability\/2020\/#website","url":"https:\/\/geo-park.com\/sustainability\/2020\/","name":"Sustainability Report 2020 GeoPark","description":"Just another WordPress site","potentialAction":[{"@type":"SearchAction","target":{"@type":"EntryPoint","urlTemplate":"https:\/\/geo-park.com\/sustainability\/2020\/?s={search_term_string}"},"query-input":{"@type":"PropertyValueSpecification","valueRequired":true,"valueName":"search_term_string"}}],"inLanguage":"es"}]}},"_links":{"self":[{"href":"https:\/\/geo-park.com\/sustainability\/2020\/wp-json\/wp\/v2\/pages\/121","targetHints":{"allow":["GET"]}}],"collection":[{"href":"https:\/\/geo-park.com\/sustainability\/2020\/wp-json\/wp\/v2\/pages"}],"about":[{"href":"https:\/\/geo-park.com\/sustainability\/2020\/wp-json\/wp\/v2\/types\/page"}],"author":[{"embeddable":true,"href":"https:\/\/geo-park.com\/sustainability\/2020\/wp-json\/wp\/v2\/users\/1"}],"replies":[{"embeddable":true,"href":"https:\/\/geo-park.com\/sustainability\/2020\/wp-json\/wp\/v2\/comments?post=121"}],"version-history":[{"count":18,"href":"https:\/\/geo-park.com\/sustainability\/2020\/wp-json\/wp\/v2\/pages\/121\/revisions"}],"predecessor-version":[{"id":2066,"href":"https:\/\/geo-park.com\/sustainability\/2020\/wp-json\/wp\/v2\/pages\/121\/revisions\/2066"}],"up":[{"embeddable":true,"href":"https:\/\/geo-park.com\/sustainability\/2020\/wp-json\/wp\/v2\/pages\/115"}],"wp:featuredmedia":[{"embeddable":true,"href":"https:\/\/geo-park.com\/sustainability\/2020\/wp-json\/wp\/v2\/media\/1194"}],"wp:attachment":[{"href":"https:\/\/geo-park.com\/sustainability\/2020\/wp-json\/wp\/v2\/media?parent=121"}],"curies":[{"name":"wp","href":"https:\/\/api.w.org\/{rel}","templated":true}]}}