{"id":123,"date":"2021-09-16T21:28:36","date_gmt":"2021-09-16T21:28:36","guid":{"rendered":"https:\/\/geo-park.com\/sustainability\/2020\/?page_id=123"},"modified":"2021-11-23T20:38:01","modified_gmt":"2021-11-23T20:38:01","slug":"ods-4","status":"publish","type":"page","link":"https:\/\/geo-park.com\/sustainability\/2020\/contribucion-speed-a-los-ods\/ods-4\/","title":{"rendered":"ODS 4"},"content":{"rendered":"<section class=\"l-section wpb_row cont-btnpdf height_auto\"><div class=\"l-section-h i-cf\"><div class=\"g-cols via_grid cols_2-1 laptops-cols_inherit tablets-cols_inherit mobiles-cols_1 valign_top type_default\"><div class=\"wpb_column vc_column_container\"><div class=\"vc_column-inner\"><\/div><\/div><div class=\"wpb_column vc_column_container\"><div class=\"vc_column-inner\"><div class=\"w-btn-wrapper align_none\"><a class=\"w-btn us-btn-style_1 icon_atright\" target=\"_blank\" href=\"https:\/\/geo-park.com\/sustainability\/2020\/pdf\/ods-4.pdf\" rel=\"noopener\"><span class=\"w-btn-label\">Descarga<\/span><i class=\"far fa-arrow-down\"><\/i><\/a><\/div><\/div><\/div><\/div><\/div><\/section><section class=\"l-section wpb_row cont-introods height_small\"><div class=\"l-section-h i-cf\"><div class=\"g-cols via_grid cols_2-1 laptops-cols_inherit tablets-cols_inherit mobiles-cols_1 valign_top type_default reversed\"><div class=\"wpb_column vc_column_container\"><div class=\"vc_column-inner\">[vc_custom_heading text=\u00bbGarantizar una educaci\u00f3n inclusiva y equitativa de calidad y promover oportunidades de aprendizaje permanente para todos\u00bb use_theme_fonts=\u00bbyes\u00bb el_class=\u00bbsubtitulos-ods\u00bb]<\/div><\/div><div class=\"wpb_column vc_column_container\"><div class=\"vc_column-inner\">[vc_single_image image=\u00bb1695&#8243; img_size=\u00bb\u00bb alignment=\u00bbcenter\u00bb el_class=\u00bbimg-ods\u00bb]<\/div><\/div><\/div><\/div><\/section><section class=\"l-section wpb_row height_small\"><div class=\"l-section-h i-cf\"><div class=\"g-cols via_grid cols_2-1 laptops-cols_inherit tablets-cols_inherit mobiles-cols_1 valign_top type_default\"><div class=\"wpb_column vc_column_container\"><div class=\"vc_column-inner\"><div class=\"w-iconbox icobox-bandera iconpos_left style_default color_primary align_left no_title icontype_img\"><div class=\"w-iconbox-icon\" style=\"font-size:4rem;\"><img loading=\"lazy\" decoding=\"async\" width=\"834\" height=\"834\" src=\"https:\/\/geo-park.com\/sustainability\/2020\/wp-content\/uploads\/2021\/11\/ico-interior_ODS-BANDERA-LINEAS.png\" class=\"attachment-full size-full\" alt=\"\" srcset=\"https:\/\/geo-park.com\/sustainability\/2020\/wp-content\/uploads\/2021\/11\/ico-interior_ODS-BANDERA-LINEAS.png 834w, https:\/\/geo-park.com\/sustainability\/2020\/wp-content\/uploads\/2021\/11\/ico-interior_ODS-BANDERA-LINEAS-300x300.png 300w, https:\/\/geo-park.com\/sustainability\/2020\/wp-content\/uploads\/2021\/11\/ico-interior_ODS-BANDERA-LINEAS-150x150.png 150w, https:\/\/geo-park.com\/sustainability\/2020\/wp-content\/uploads\/2021\/11\/ico-interior_ODS-BANDERA-LINEAS-400x400.png 400w\" sizes=\"auto, (max-width: 834px) 100vw, 834px\" \/><\/div><div class=\"w-iconbox-meta\"><div class=\"w-iconbox-text\"><p>Para GeoPark, la educaci\u00f3n es un componente esencial en la superaci\u00f3n de la pobreza y los logros del desarrollo sostenible. Creemos que nuestros Vecinos merecen oportunidades que les permitan transformar positivamente sus vidas, por eso apoyamos iniciativas enfocadas en impulsar el acceso a la educaci\u00f3n como una alternativa para mejorar su calidad de vida y la de sus familias.<\/p>\n<\/div><\/div><\/div><div class=\"w-iconbox icobox-items iconpos_left style_default color_primary align_left no_title\"><div class=\"w-iconbox-icon\" style=\"font-size:1rem;\"><i class=\"far fa-angle-double-right\"><\/i><\/div><div class=\"w-iconbox-meta\"><div class=\"w-iconbox-text\"><p>En Colombia <strong>entregamos la dotaci\u00f3n de centros educativos en comunidades vecinas<\/strong> de los municipios de Puerto As\u00eds, San Miguel y Valle del Guamuez (Putumayo), con el fin de garantizar la reactivaci\u00f3n educativa en zonas rurales. <\/p>\n<\/div><\/div><\/div><div class=\"w-iconbox icobox-items iconpos_left style_default color_primary align_left no_title\"><div class=\"w-iconbox-icon\" style=\"font-size:1rem;\"><i class=\"far fa-angle-double-right\"><\/i><\/div><div class=\"w-iconbox-meta\"><div class=\"w-iconbox-text\"><p><strong>Capacitamos virtualmente a 325 docentes y estudiantes de la provincia de Neuqu\u00e9n, Argentina,<\/strong> en alianza con el Ministerio de Educaci\u00f3n de dicha provincia, sobre ciberseguridad y educaci\u00f3n digital.<\/p>\n<\/div><\/div><\/div><div class=\"w-iconbox icobox-items iconpos_left style_default color_primary align_left no_title\"><div class=\"w-iconbox-icon\" style=\"font-size:1rem;\"><i class=\"far fa-angle-double-right\"><\/i><\/div><div class=\"w-iconbox-meta\"><div class=\"w-iconbox-text\"><p>550 estudiantes universitarios se beneficiaron del ciclo de capacitaci\u00f3n y transferencia de conocimiento en pr\u00e1cticas y casos de \u00e9xito de GeoPark en la industria. Esta iniciativa la lideramos con el apoyo de la Sociedad de Ingenieros del Petr\u00f3leo (SPE), la Universidad del Comahue en Neuqu\u00e9n y el Instituto Tecnol\u00f3gico de Buenos Aires en Argentina, con el fin de fortalecer las competencias y conocimientos en el sector.<\/p>\n<\/div><\/div><\/div><div class=\"w-iconbox icobox-items iconpos_left style_default color_primary align_left no_title\"><div class=\"w-iconbox-icon\" style=\"font-size:1rem;\"><i class=\"far fa-angle-double-right\"><\/i><\/div><div class=\"w-iconbox-meta\"><div class=\"w-iconbox-text\"><p>Continuamos, por octavo a\u00f1o consecutivo en Colombia, liderando el Programa de Entrega de Kits Escolares a estudiantes. <strong>En 2020 entregamos 1.300 kits con el fin de que nuestros ni\u00f1os y ni\u00f1as cuenten con las herramientas necesarias para su formaci\u00f3n.<\/strong><\/p>\n<\/div><\/div><\/div><div class=\"w-iconbox icobox-items iconpos_left style_default color_primary align_left no_title\"><div class=\"w-iconbox-icon\" style=\"font-size:1rem;\"><i class=\"far fa-angle-double-right\"><\/i><\/div><div class=\"w-iconbox-meta\"><div class=\"w-iconbox-text\"><p>Con el objetivo de promover y fortalecer la educaci\u00f3n cultural y el desarrollo art\u00edstico de los j\u00f3venes de Neuqu\u00e9n en Argentina, <strong>facilitamos el acceso a becas de la Asociaci\u00f3n Filarm\u00f3nica de los 7 Lagos. <\/strong><\/p>\n<\/div><\/div><\/div><div class=\"w-iconbox icobox-items iconpos_left style_default color_primary align_left no_title\"><div class=\"w-iconbox-icon\" style=\"font-size:1rem;\"><i class=\"far fa-angle-double-right\"><\/i><\/div><div class=\"w-iconbox-meta\"><div class=\"w-iconbox-text\"><p>En el cant\u00f3n de Shushufindi, Ecuador, <strong>entregamos 600 kits escolares y de bioseguridad a ni\u00f1os y ni\u00f1as de las precooperativas y comunidades vecinas.<br \/>\n<\/strong><\/p>\n<\/div><\/div><\/div><div class=\"w-iconbox icobox-items iconpos_left style_default color_primary align_left no_title\"><div class=\"w-iconbox-icon\" style=\"font-size:1rem;\"><i class=\"far fa-angle-double-right\"><\/i><\/div><div class=\"w-iconbox-meta\"><div class=\"w-iconbox-text\"><p>En Chile, en alianza con Sofofa, <strong>apoyamos la capacitaci\u00f3n en el idioma ingl\u00e9s en la comuna San Gregorio, <\/strong>para ampliar las oportunidades educativas y profesionales de nuestros Vecinos.<\/p>\n<\/div><\/div><\/div><div class=\"w-iconbox icobox-items iconpos_left style_default color_primary align_left no_title\"><div class=\"w-iconbox-icon\" style=\"font-size:1rem;\"><i class=\"far fa-angle-double-right\"><\/i><\/div><div class=\"w-iconbox-meta\"><div class=\"w-iconbox-text\"><p>En alianza con la Fundaci\u00f3n Colombia Somos Todos James Rodr\u00edguez, <strong>m\u00e1s de 200 ni\u00f1os y j\u00f3venes casanare\u00f1os se capacitaron en liderazgo y ocupaci\u00f3n sana del tiempo<\/strong> a trav\u00e9s de la recreaci\u00f3n y el deporte.<\/p>\n<\/div><\/div><\/div><div class=\"w-iconbox icobox-items iconpos_left style_default color_primary align_left no_title\"><div class=\"w-iconbox-icon\" style=\"font-size:1rem;\"><i class=\"far fa-angle-double-right\"><\/i><\/div><div class=\"w-iconbox-meta\"><div class=\"w-iconbox-text\"><p>Con el fin de mejorar la infraestructura educativa y la seguridad de los ni\u00f1os durante sus jornadas acad\u00e9micas, <strong>apoyamos el cerramiento perimetral de la Instituci\u00f3n Educativa Nuestra Se\u00f1ora de los Dolores de Manare, ubicada en la vereda Santa Helena, municipio de Villanueva, Casanare (Colombia). beneficiando a 75 estudiantes.<\/strong><\/p>\n<\/div><\/div><\/div><\/div><\/div><div class=\"wpb_column vc_column_container\"><div class=\"vc_column-inner\"><div class=\"w-vwrapper cont-side align_center valign_top\" style=\"--vwrapper-gap:0.2rem\"><div class=\"wpb_text_column txt-destacado-side\"><div class=\"wpb_wrapper\"><p style=\"text-align: center;\">Beneficiamos a<\/p>\n<\/div><\/div><div class=\"w-counter num-side color_primary align_center\" data-duration=\"2000\"><div class=\"w-counter-value\"><span class=\"w-counter-value-part type_text\" data-final=\"\"><\/span><span class=\"w-counter-value-part type_number\" data-final=\"319\">1<\/span><span class=\"w-counter-value-part type_text\" data-final=\"\"><\/span><\/div><\/div><div class=\"wpb_text_column txt-destacado-side\"><div class=\"wpb_wrapper\"><p style=\"text-align: center;\">personas con la entrega de dotaciones a centros educativos en Putumayo (Colombia).<\/p>\n<\/div><\/div><\/div><div class=\"w-vwrapper cont-side align_center valign_top\" style=\"--vwrapper-gap:0.2rem\"><div class=\"wpb_text_column txt-destacado-side\"><div class=\"wpb_wrapper\"><p style=\"text-align: center;\">Entregamos<\/p>\n<\/div><\/div><div class=\"w-counter num-side color_primary align_center\" data-duration=\"2000\"><div class=\"w-counter-value\"><span class=\"w-counter-value-part type_text\" data-final=\"\"><\/span><span class=\"w-counter-value-part type_number\" data-final=\"1.300\">1<\/span><span class=\"w-counter-value-part type_text\" data-final=\"\"><\/span><\/div><\/div><div class=\"wpb_text_column txt-destacado-side\"><div class=\"wpb_wrapper\"><p style=\"text-align: center;\">kits escolares en Colombia.<\/p>\n<\/div><\/div><\/div><div class=\"w-vwrapper cont-side align_center valign_top\" style=\"--vwrapper-gap:0.2rem\"><div class=\"wpb_text_column txt-destacado-side\"><div class=\"wpb_wrapper\"><p style=\"text-align: center;\">Entregamos<\/p>\n<\/div><\/div><div class=\"w-counter num-side color_primary align_center\" data-duration=\"2000\"><div class=\"w-counter-value\"><span class=\"w-counter-value-part type_text\" data-final=\"\"><\/span><span class=\"w-counter-value-part type_number\" data-final=\"660\">1<\/span><span class=\"w-counter-value-part type_text\" data-final=\"\"><\/span><\/div><\/div><div class=\"wpb_text_column txt-destacado-side\"><div class=\"wpb_wrapper\"><p style=\"text-align: center;\">\u00a0kits escolares y de bioseguridad, en el cant\u00f3n de Shushufindi (Ecuador), a ni\u00f1os y ni\u00f1as de las precooperativas y comunidades vecinas.<\/p>\n<\/div><\/div><\/div><\/div><\/div><\/div><\/div><\/section><section class=\"l-section wpb_row height_small\"><div class=\"l-section-h i-cf\"><div class=\"g-cols via_grid cols_1 laptops-cols_inherit tablets-cols_inherit mobiles-cols_1 valign_top type_default\"><div class=\"wpb_column vc_column_container\"><div class=\"vc_column-inner\"><div class=\"w-slider style_none fit_scaledown\"><div class=\"w-slider-h\"><div class=\"royalSlider\"><div class=\"rsContent\"><a class=\"rsImg\" data-rsw=\"1280\" data-rsh=\"615\" data-rsBigImg=\"https:\/\/geo-park.com\/sustainability\/2020\/wp-content\/uploads\/2021\/10\/Slider_0024_ODS-4-3.jpg\" href=\"https:\/\/geo-park.com\/sustainability\/2020\/wp-content\/uploads\/2021\/10\/Slider_0024_ODS-4-3.jpg\"><span data-alt=\"\"><\/span><\/a><\/div><div class=\"rsContent\"><a class=\"rsImg\" data-rsw=\"1280\" data-rsh=\"615\" data-rsBigImg=\"https:\/\/geo-park.com\/sustainability\/2020\/wp-content\/uploads\/2021\/10\/Slider_0023_ods-4.jpg\" href=\"https:\/\/geo-park.com\/sustainability\/2020\/wp-content\/uploads\/2021\/10\/Slider_0023_ods-4.jpg\"><span data-alt=\"\"><\/span><\/a><\/div><div class=\"rsContent\"><a class=\"rsImg\" data-rsw=\"1280\" data-rsh=\"800\" data-rsBigImg=\"https:\/\/geo-park.com\/sustainability\/2020\/wp-content\/uploads\/2021\/11\/Slider-_0028_ODS-4-2.jpg\" href=\"https:\/\/geo-park.com\/sustainability\/2020\/wp-content\/uploads\/2021\/11\/Slider-_0028_ODS-4-2.jpg\"><span data-alt=\"\"><\/span><\/a><\/div><\/div><img decoding=\"async\" src=\"https:\/\/geo-park.com\/sustainability\/2020\/wp-content\/uploads\/2021\/10\/Slider_0024_ODS-4-3.jpg\" width=\"1280\" height=\"615\" alt loading=\"lazy\"><\/div><div class=\"w-slider-json\" onclick='return {&quot;loop&quot;:true,&quot;fadeInLoadedSlide&quot;:false,&quot;slidesSpacing&quot;:0,&quot;imageScalePadding&quot;:0,&quot;numImagesToPreload&quot;:2,&quot;arrowsNav&quot;:true,&quot;arrowsNavAutoHide&quot;:false,&quot;transitionType&quot;:&quot;move&quot;,&quot;transitionSpeed&quot;:250,&quot;block&quot;:{&quot;moveEffect&quot;:&quot;none&quot;,&quot;speed&quot;:300},&quot;controlNavigation&quot;:&quot;bullets&quot;,&quot;fullscreen&quot;:{&quot;enabled&quot;:true},&quot;imageScaleMode&quot;:&quot;fit-if-smaller&quot;,&quot;autoScaleSlider&quot;:true,&quot;autoScaleSliderWidth&quot;:1280,&quot;autoScaleSliderHeight&quot;:615,&quot;fitInViewport&quot;:false}'><\/div><\/div><\/div><\/div><\/div><\/div><\/section>\n","protected":false},"excerpt":{"rendered":"Descarga[vc_custom_heading text=\"Garantizar una educaci\u00f3n inclusiva y equitativa de calidad y promover oportunidades de aprendizaje permanente para todos\" use_theme_fonts=\"yes\" el_class=\"subtitulos-ods\"][vc_single_image image=\"1695\" img_size=\"\" alignment=\"center\" el_class=\"img-ods\"]Para GeoPark, la educaci\u00f3n es un componente esencial en la superaci\u00f3n de la pobreza y los logros del desarrollo sostenible. Creemos que nuestros Vecinos merecen oportunidades que les permitan transformar positivamente sus vidas,...","protected":false},"author":1,"featured_media":2124,"parent":115,"menu_order":2,"comment_status":"closed","ping_status":"closed","template":"","meta":{"inline_featured_image":false,"footnotes":""},"class_list":["post-123","page","type-page","status-publish","has-post-thumbnail","hentry"],"yoast_head":"<!-- This site is optimized with the Yoast SEO plugin v24.9 - https:\/\/yoast.com\/wordpress\/plugins\/seo\/ -->\n<title>ODS 4 GeoPark - Sustainability Report 2020 GeoPark<\/title>\n<meta name=\"description\" content=\"En GeoPark queremos garantizar una educacio\u0301n inclusiva y equitativa de calidad y promover oportunidades de aprendizaje permanente para todos. Conoce m\u00e1s.\" \/>\n<meta name=\"robots\" content=\"index, follow, max-snippet:-1, max-image-preview:large, max-video-preview:-1\" \/>\n<link rel=\"canonical\" href=\"https:\/\/geo-park.com\/sustainability\/2020\/contribucion-speed-a-los-ods\/ods-4\/\" \/>\n<meta property=\"og:locale\" content=\"es_ES\" \/>\n<meta property=\"og:type\" content=\"article\" \/>\n<meta property=\"og:title\" content=\"ODS 4 GeoPark - Sustainability Report 2020 GeoPark\" \/>\n<meta property=\"og:description\" content=\"En GeoPark queremos garantizar una educacio\u0301n inclusiva y equitativa de calidad y promover oportunidades de aprendizaje permanente para todos. Conoce m\u00e1s.\" \/>\n<meta property=\"og:url\" content=\"https:\/\/geo-park.com\/sustainability\/2020\/contribucion-speed-a-los-ods\/ods-4\/\" \/>\n<meta property=\"og:site_name\" content=\"Sustainability Report 2020 GeoPark\" \/>\n<meta property=\"article:modified_time\" content=\"2021-11-23T20:38:01+00:00\" \/>\n<meta property=\"og:image\" content=\"https:\/\/geo-park.com\/sustainability\/2020\/wp-content\/uploads\/2021\/11\/banner-ODS-4-CORREGIDO.jpg\" \/>\n\t<meta property=\"og:image:width\" content=\"1280\" \/>\n\t<meta property=\"og:image:height\" content=\"420\" \/>\n\t<meta property=\"og:image:type\" content=\"image\/jpeg\" \/>\n<meta name=\"twitter:card\" content=\"summary_large_image\" \/>\n<meta name=\"twitter:label1\" content=\"Tiempo de lectura\" \/>\n\t<meta name=\"twitter:data1\" content=\"3 minutos\" \/>\n<script type=\"application\/ld+json\" class=\"yoast-schema-graph\">{\"@context\":\"https:\/\/schema.org\",\"@graph\":[{\"@type\":\"WebPage\",\"@id\":\"https:\/\/geo-park.com\/sustainability\/2020\/contribucion-speed-a-los-ods\/ods-4\/\",\"url\":\"https:\/\/geo-park.com\/sustainability\/2020\/contribucion-speed-a-los-ods\/ods-4\/\",\"name\":\"ODS 4 GeoPark - Sustainability Report 2020 GeoPark\",\"isPartOf\":{\"@id\":\"https:\/\/geo-park.com\/sustainability\/2020\/#website\"},\"primaryImageOfPage\":{\"@id\":\"https:\/\/geo-park.com\/sustainability\/2020\/contribucion-speed-a-los-ods\/ods-4\/#primaryimage\"},\"image\":{\"@id\":\"https:\/\/geo-park.com\/sustainability\/2020\/contribucion-speed-a-los-ods\/ods-4\/#primaryimage\"},\"thumbnailUrl\":\"https:\/\/geo-park.com\/sustainability\/2020\/wp-content\/uploads\/2021\/11\/banner-ODS-4-CORREGIDO.jpg\",\"datePublished\":\"2021-09-16T21:28:36+00:00\",\"dateModified\":\"2021-11-23T20:38:01+00:00\",\"description\":\"En GeoPark queremos garantizar una educacio\u0301n inclusiva y equitativa de calidad y promover oportunidades de aprendizaje permanente para todos. Conoce m\u00e1s.\",\"breadcrumb\":{\"@id\":\"https:\/\/geo-park.com\/sustainability\/2020\/contribucion-speed-a-los-ods\/ods-4\/#breadcrumb\"},\"inLanguage\":\"es\",\"potentialAction\":[{\"@type\":\"ReadAction\",\"target\":[\"https:\/\/geo-park.com\/sustainability\/2020\/contribucion-speed-a-los-ods\/ods-4\/\"]}]},{\"@type\":\"ImageObject\",\"inLanguage\":\"es\",\"@id\":\"https:\/\/geo-park.com\/sustainability\/2020\/contribucion-speed-a-los-ods\/ods-4\/#primaryimage\",\"url\":\"https:\/\/geo-park.com\/sustainability\/2020\/wp-content\/uploads\/2021\/11\/banner-ODS-4-CORREGIDO.jpg\",\"contentUrl\":\"https:\/\/geo-park.com\/sustainability\/2020\/wp-content\/uploads\/2021\/11\/banner-ODS-4-CORREGIDO.jpg\",\"width\":1280,\"height\":420},{\"@type\":\"BreadcrumbList\",\"@id\":\"https:\/\/geo-park.com\/sustainability\/2020\/contribucion-speed-a-los-ods\/ods-4\/#breadcrumb\",\"itemListElement\":[{\"@type\":\"ListItem\",\"position\":1,\"name\":\"Inicio\",\"item\":\"https:\/\/geo-park.com\/sustainability\/2020\/\"},{\"@type\":\"ListItem\",\"position\":2,\"name\":\"Contribuci\u00f3n de SPEED a los ODS\",\"item\":\"https:\/\/geo-park.com\/sustainability\/2020\/contribucion-speed-a-los-ods\/\"},{\"@type\":\"ListItem\",\"position\":3,\"name\":\"ODS 4\"}]},{\"@type\":\"WebSite\",\"@id\":\"https:\/\/geo-park.com\/sustainability\/2020\/#website\",\"url\":\"https:\/\/geo-park.com\/sustainability\/2020\/\",\"name\":\"Sustainability Report 2020 GeoPark\",\"description\":\"Just another WordPress site\",\"potentialAction\":[{\"@type\":\"SearchAction\",\"target\":{\"@type\":\"EntryPoint\",\"urlTemplate\":\"https:\/\/geo-park.com\/sustainability\/2020\/?s={search_term_string}\"},\"query-input\":{\"@type\":\"PropertyValueSpecification\",\"valueRequired\":true,\"valueName\":\"search_term_string\"}}],\"inLanguage\":\"es\"}]}<\/script>\n<!-- \/ Yoast SEO plugin. -->","yoast_head_json":{"title":"ODS 4 GeoPark - Sustainability Report 2020 GeoPark","description":"En GeoPark queremos garantizar una educacio\u0301n inclusiva y equitativa de calidad y promover oportunidades de aprendizaje permanente para todos. Conoce m\u00e1s.","robots":{"index":"index","follow":"follow","max-snippet":"max-snippet:-1","max-image-preview":"max-image-preview:large","max-video-preview":"max-video-preview:-1"},"canonical":"https:\/\/geo-park.com\/sustainability\/2020\/contribucion-speed-a-los-ods\/ods-4\/","og_locale":"es_ES","og_type":"article","og_title":"ODS 4 GeoPark - Sustainability Report 2020 GeoPark","og_description":"En GeoPark queremos garantizar una educacio\u0301n inclusiva y equitativa de calidad y promover oportunidades de aprendizaje permanente para todos. Conoce m\u00e1s.","og_url":"https:\/\/geo-park.com\/sustainability\/2020\/contribucion-speed-a-los-ods\/ods-4\/","og_site_name":"Sustainability Report 2020 GeoPark","article_modified_time":"2021-11-23T20:38:01+00:00","og_image":[{"width":1280,"height":420,"url":"https:\/\/geo-park.com\/sustainability\/2020\/wp-content\/uploads\/2021\/11\/banner-ODS-4-CORREGIDO.jpg","type":"image\/jpeg"}],"twitter_card":"summary_large_image","twitter_misc":{"Tiempo de lectura":"3 minutos"},"schema":{"@context":"https:\/\/schema.org","@graph":[{"@type":"WebPage","@id":"https:\/\/geo-park.com\/sustainability\/2020\/contribucion-speed-a-los-ods\/ods-4\/","url":"https:\/\/geo-park.com\/sustainability\/2020\/contribucion-speed-a-los-ods\/ods-4\/","name":"ODS 4 GeoPark - Sustainability Report 2020 GeoPark","isPartOf":{"@id":"https:\/\/geo-park.com\/sustainability\/2020\/#website"},"primaryImageOfPage":{"@id":"https:\/\/geo-park.com\/sustainability\/2020\/contribucion-speed-a-los-ods\/ods-4\/#primaryimage"},"image":{"@id":"https:\/\/geo-park.com\/sustainability\/2020\/contribucion-speed-a-los-ods\/ods-4\/#primaryimage"},"thumbnailUrl":"https:\/\/geo-park.com\/sustainability\/2020\/wp-content\/uploads\/2021\/11\/banner-ODS-4-CORREGIDO.jpg","datePublished":"2021-09-16T21:28:36+00:00","dateModified":"2021-11-23T20:38:01+00:00","description":"En GeoPark queremos garantizar una educacio\u0301n inclusiva y equitativa de calidad y promover oportunidades de aprendizaje permanente para todos. Conoce m\u00e1s.","breadcrumb":{"@id":"https:\/\/geo-park.com\/sustainability\/2020\/contribucion-speed-a-los-ods\/ods-4\/#breadcrumb"},"inLanguage":"es","potentialAction":[{"@type":"ReadAction","target":["https:\/\/geo-park.com\/sustainability\/2020\/contribucion-speed-a-los-ods\/ods-4\/"]}]},{"@type":"ImageObject","inLanguage":"es","@id":"https:\/\/geo-park.com\/sustainability\/2020\/contribucion-speed-a-los-ods\/ods-4\/#primaryimage","url":"https:\/\/geo-park.com\/sustainability\/2020\/wp-content\/uploads\/2021\/11\/banner-ODS-4-CORREGIDO.jpg","contentUrl":"https:\/\/geo-park.com\/sustainability\/2020\/wp-content\/uploads\/2021\/11\/banner-ODS-4-CORREGIDO.jpg","width":1280,"height":420},{"@type":"BreadcrumbList","@id":"https:\/\/geo-park.com\/sustainability\/2020\/contribucion-speed-a-los-ods\/ods-4\/#breadcrumb","itemListElement":[{"@type":"ListItem","position":1,"name":"Inicio","item":"https:\/\/geo-park.com\/sustainability\/2020\/"},{"@type":"ListItem","position":2,"name":"Contribuci\u00f3n de SPEED a los ODS","item":"https:\/\/geo-park.com\/sustainability\/2020\/contribucion-speed-a-los-ods\/"},{"@type":"ListItem","position":3,"name":"ODS 4"}]},{"@type":"WebSite","@id":"https:\/\/geo-park.com\/sustainability\/2020\/#website","url":"https:\/\/geo-park.com\/sustainability\/2020\/","name":"Sustainability Report 2020 GeoPark","description":"Just another WordPress site","potentialAction":[{"@type":"SearchAction","target":{"@type":"EntryPoint","urlTemplate":"https:\/\/geo-park.com\/sustainability\/2020\/?s={search_term_string}"},"query-input":{"@type":"PropertyValueSpecification","valueRequired":true,"valueName":"search_term_string"}}],"inLanguage":"es"}]}},"_links":{"self":[{"href":"https:\/\/geo-park.com\/sustainability\/2020\/wp-json\/wp\/v2\/pages\/123","targetHints":{"allow":["GET"]}}],"collection":[{"href":"https:\/\/geo-park.com\/sustainability\/2020\/wp-json\/wp\/v2\/pages"}],"about":[{"href":"https:\/\/geo-park.com\/sustainability\/2020\/wp-json\/wp\/v2\/types\/page"}],"author":[{"embeddable":true,"href":"https:\/\/geo-park.com\/sustainability\/2020\/wp-json\/wp\/v2\/users\/1"}],"replies":[{"embeddable":true,"href":"https:\/\/geo-park.com\/sustainability\/2020\/wp-json\/wp\/v2\/comments?post=123"}],"version-history":[{"count":18,"href":"https:\/\/geo-park.com\/sustainability\/2020\/wp-json\/wp\/v2\/pages\/123\/revisions"}],"predecessor-version":[{"id":2130,"href":"https:\/\/geo-park.com\/sustainability\/2020\/wp-json\/wp\/v2\/pages\/123\/revisions\/2130"}],"up":[{"embeddable":true,"href":"https:\/\/geo-park.com\/sustainability\/2020\/wp-json\/wp\/v2\/pages\/115"}],"wp:featuredmedia":[{"embeddable":true,"href":"https:\/\/geo-park.com\/sustainability\/2020\/wp-json\/wp\/v2\/media\/2124"}],"wp:attachment":[{"href":"https:\/\/geo-park.com\/sustainability\/2020\/wp-json\/wp\/v2\/media?parent=123"}],"curies":[{"name":"wp","href":"https:\/\/api.w.org\/{rel}","templated":true}]}}