{"id":129,"date":"2021-09-16T21:31:15","date_gmt":"2021-09-16T21:31:15","guid":{"rendered":"https:\/\/geo-park.com\/sustainability\/2020\/?page_id=129"},"modified":"2021-11-17T13:49:17","modified_gmt":"2021-11-17T13:49:17","slug":"ods-7","status":"publish","type":"page","link":"https:\/\/geo-park.com\/sustainability\/2020\/contribucion-speed-a-los-ods\/ods-7\/","title":{"rendered":"ODS 7"},"content":{"rendered":"<section class=\"l-section wpb_row cont-btnpdf height_auto\"><div class=\"l-section-h i-cf\"><div class=\"g-cols via_grid cols_2-1 laptops-cols_inherit tablets-cols_inherit mobiles-cols_1 valign_top type_default reversed\"><div class=\"wpb_column vc_column_container\"><div class=\"vc_column-inner\"><\/div><\/div><div class=\"wpb_column vc_column_container\"><div class=\"vc_column-inner\"><div class=\"w-btn-wrapper align_none\"><a class=\"w-btn us-btn-style_1 icon_atright\" target=\"_blank\" href=\"https:\/\/geo-park.com\/sustainability\/2020\/pdf\/ods-7.pdf\" rel=\"noopener\"><span class=\"w-btn-label\">Descarga<\/span><i class=\"far fa-arrow-down\"><\/i><\/a><\/div><\/div><\/div><\/div><\/div><\/section><section class=\"l-section wpb_row cont-introods height_small\"><div class=\"l-section-h i-cf\"><div class=\"g-cols via_grid cols_2-1 laptops-cols_inherit tablets-cols_inherit mobiles-cols_1 valign_top type_default reversed\"><div class=\"wpb_column vc_column_container\"><div class=\"vc_column-inner\">[vc_custom_heading text=\u00bbGarantizar el acceso a una energ\u00eda asequible, segura, sostenible y moderna para todos\u00bb use_theme_fonts=\u00bbyes\u00bb el_class=\u00bbsubtitulos-ods\u00bb]<\/div><\/div><div class=\"wpb_column vc_column_container\"><div class=\"vc_column-inner\">[vc_single_image image=\u00bb1698&#8243; img_size=\u00bb\u00bb alignment=\u00bbcenter\u00bb el_class=\u00bbimg-ods\u00bb]<\/div><\/div><\/div><\/div><\/section><section class=\"l-section wpb_row height_small\"><div class=\"l-section-h i-cf\"><div class=\"g-cols via_grid cols_2-1 laptops-cols_inherit tablets-cols_inherit mobiles-cols_1 valign_top type_default\"><div class=\"wpb_column vc_column_container\"><div class=\"vc_column-inner\"><div class=\"w-iconbox icobox-bandera iconpos_left style_default color_primary align_left no_title icontype_img\"><div class=\"w-iconbox-icon\" style=\"font-size:4rem;\"><img loading=\"lazy\" decoding=\"async\" width=\"834\" height=\"834\" src=\"https:\/\/geo-park.com\/sustainability\/2020\/wp-content\/uploads\/2021\/11\/ico-interior_ODS-BANDERA-LINEAS.png\" class=\"attachment-full size-full\" alt=\"\" srcset=\"https:\/\/geo-park.com\/sustainability\/2020\/wp-content\/uploads\/2021\/11\/ico-interior_ODS-BANDERA-LINEAS.png 834w, https:\/\/geo-park.com\/sustainability\/2020\/wp-content\/uploads\/2021\/11\/ico-interior_ODS-BANDERA-LINEAS-300x300.png 300w, https:\/\/geo-park.com\/sustainability\/2020\/wp-content\/uploads\/2021\/11\/ico-interior_ODS-BANDERA-LINEAS-150x150.png 150w, https:\/\/geo-park.com\/sustainability\/2020\/wp-content\/uploads\/2021\/11\/ico-interior_ODS-BANDERA-LINEAS-400x400.png 400w\" sizes=\"auto, (max-width: 834px) 100vw, 834px\" \/><\/div><div class=\"w-iconbox-meta\"><div class=\"w-iconbox-text\"><p>Reconociendo la importancia de impulsar el acceso a energ\u00edas limpias a familias asentadas en zonas no interconectadas del territorio colombiano, en GeoPark nos articulamos con las alcald\u00edas para desarrollar iniciativas que faciliten el acceso a la energ\u00eda de las comunidades que carecen de este servicio b\u00e1sico.<\/p>\n<\/div><\/div><\/div><div class=\"w-iconbox icobox-items iconpos_left style_default color_primary align_left no_title\"><div class=\"w-iconbox-icon\" style=\"font-size:1rem;\"><i class=\"far fa-angle-double-right\"><\/i><\/div><div class=\"w-iconbox-meta\"><div class=\"w-iconbox-text\"><p><strong>En Colombia dotamos con sistemas de energ\u00eda fotovoltaica a 460 viviendas, tres salones comunales y una escuela,<\/strong> favoreciendo con ello el acceso a energ\u00eda de nuestros Vecinos del \u00e1rea rural de Puerto As\u00eds, Putumayo.<\/p>\n<\/div><\/div><\/div><\/div><\/div><div class=\"wpb_column vc_column_container\"><div class=\"vc_column-inner\"><\/div><\/div><\/div><\/div><\/section><section class=\"l-section wpb_row height_small\"><div class=\"l-section-h i-cf\"><div class=\"g-cols via_grid cols_1 laptops-cols_inherit tablets-cols_inherit mobiles-cols_1 valign_top type_default\"><div class=\"wpb_column vc_column_container\"><div class=\"vc_column-inner\"><div class=\"w-slider style_none fit_scaledown\"><div class=\"w-slider-h\"><div class=\"royalSlider\"><div class=\"rsContent\"><a class=\"rsImg\" data-rsw=\"1280\" data-rsh=\"615\" data-rsBigImg=\"https:\/\/geo-park.com\/sustainability\/2020\/wp-content\/uploads\/2021\/10\/Slider_0017_ODS-7-1.jpg\" href=\"https:\/\/geo-park.com\/sustainability\/2020\/wp-content\/uploads\/2021\/10\/Slider_0017_ODS-7-1.jpg\"><span data-alt=\"\"><\/span><\/a><\/div><div class=\"rsContent\"><a class=\"rsImg\" data-rsw=\"1280\" data-rsh=\"615\" data-rsBigImg=\"https:\/\/geo-park.com\/sustainability\/2020\/wp-content\/uploads\/2021\/10\/Slider_0016_ODS-7-3.jpg\" href=\"https:\/\/geo-park.com\/sustainability\/2020\/wp-content\/uploads\/2021\/10\/Slider_0016_ODS-7-3.jpg\"><span data-alt=\"\"><\/span><\/a><\/div><\/div><img decoding=\"async\" src=\"https:\/\/geo-park.com\/sustainability\/2020\/wp-content\/uploads\/2021\/10\/Slider_0017_ODS-7-1.jpg\" width=\"1280\" height=\"615\" alt loading=\"lazy\"><\/div><div class=\"w-slider-json\" onclick='return {&quot;loop&quot;:true,&quot;fadeInLoadedSlide&quot;:false,&quot;slidesSpacing&quot;:0,&quot;imageScalePadding&quot;:0,&quot;numImagesToPreload&quot;:2,&quot;arrowsNav&quot;:true,&quot;arrowsNavAutoHide&quot;:false,&quot;transitionType&quot;:&quot;move&quot;,&quot;transitionSpeed&quot;:250,&quot;block&quot;:{&quot;moveEffect&quot;:&quot;none&quot;,&quot;speed&quot;:300},&quot;controlNavigation&quot;:&quot;bullets&quot;,&quot;fullscreen&quot;:{&quot;enabled&quot;:true},&quot;imageScaleMode&quot;:&quot;fit-if-smaller&quot;,&quot;autoScaleSlider&quot;:true,&quot;autoScaleSliderWidth&quot;:1280,&quot;autoScaleSliderHeight&quot;:615,&quot;fitInViewport&quot;:false}'><\/div><\/div><\/div><\/div><\/div><\/div><\/section>\n","protected":false},"excerpt":{"rendered":"Descarga[vc_custom_heading text=\"Garantizar el acceso a una energ\u00eda asequible, segura, sostenible y moderna para todos\" use_theme_fonts=\"yes\" el_class=\"subtitulos-ods\"][vc_single_image image=\"1698\" img_size=\"\" alignment=\"center\" el_class=\"img-ods\"]Reconociendo la importancia de impulsar el acceso a energ\u00edas limpias a familias asentadas en zonas no interconectadas del territorio colombiano, en GeoPark nos articulamos con las alcald\u00edas para desarrollar iniciativas que faciliten el acceso a la...","protected":false},"author":1,"featured_media":1198,"parent":115,"menu_order":5,"comment_status":"closed","ping_status":"closed","template":"","meta":{"inline_featured_image":false,"footnotes":""},"class_list":["post-129","page","type-page","status-publish","has-post-thumbnail","hentry"],"yoast_head":"<!-- This site is optimized with the Yoast SEO plugin v24.9 - https:\/\/yoast.com\/wordpress\/plugins\/seo\/ -->\n<title>ODS 7 GeoPark - Sustainability Report 2020 GeoPark<\/title>\n<meta name=\"description\" content=\"En GeoPark estamos comprometidos con garantizar el acceso a una energi\u0301a asequible, segura, sostenible y moderna para todos. Conoce m\u00e1s.\" \/>\n<meta name=\"robots\" content=\"index, follow, max-snippet:-1, max-image-preview:large, max-video-preview:-1\" \/>\n<link rel=\"canonical\" href=\"https:\/\/geo-park.com\/sustainability\/2020\/contribucion-speed-a-los-ods\/ods-7\/\" \/>\n<meta property=\"og:locale\" content=\"es_ES\" \/>\n<meta property=\"og:type\" content=\"article\" \/>\n<meta property=\"og:title\" content=\"ODS 7 GeoPark - Sustainability Report 2020 GeoPark\" \/>\n<meta property=\"og:description\" content=\"En GeoPark estamos comprometidos con garantizar el acceso a una energi\u0301a asequible, segura, sostenible y moderna para todos. Conoce m\u00e1s.\" \/>\n<meta property=\"og:url\" content=\"https:\/\/geo-park.com\/sustainability\/2020\/contribucion-speed-a-los-ods\/ods-7\/\" \/>\n<meta property=\"og:site_name\" content=\"Sustainability Report 2020 GeoPark\" \/>\n<meta property=\"article:modified_time\" content=\"2021-11-17T13:49:17+00:00\" \/>\n<meta property=\"og:image\" content=\"https:\/\/geo-park.com\/sustainability\/2020\/wp-content\/uploads\/2021\/10\/banner-ODS-7.jpg\" \/>\n\t<meta property=\"og:image:width\" content=\"1280\" \/>\n\t<meta property=\"og:image:height\" content=\"420\" \/>\n\t<meta property=\"og:image:type\" content=\"image\/jpeg\" \/>\n<meta name=\"twitter:card\" content=\"summary_large_image\" \/>\n<meta name=\"twitter:label1\" content=\"Tiempo de lectura\" \/>\n\t<meta name=\"twitter:data1\" content=\"1 minuto\" \/>\n<script type=\"application\/ld+json\" class=\"yoast-schema-graph\">{\"@context\":\"https:\/\/schema.org\",\"@graph\":[{\"@type\":\"WebPage\",\"@id\":\"https:\/\/geo-park.com\/sustainability\/2020\/contribucion-speed-a-los-ods\/ods-7\/\",\"url\":\"https:\/\/geo-park.com\/sustainability\/2020\/contribucion-speed-a-los-ods\/ods-7\/\",\"name\":\"ODS 7 GeoPark - Sustainability Report 2020 GeoPark\",\"isPartOf\":{\"@id\":\"https:\/\/geo-park.com\/sustainability\/2020\/#website\"},\"primaryImageOfPage\":{\"@id\":\"https:\/\/geo-park.com\/sustainability\/2020\/contribucion-speed-a-los-ods\/ods-7\/#primaryimage\"},\"image\":{\"@id\":\"https:\/\/geo-park.com\/sustainability\/2020\/contribucion-speed-a-los-ods\/ods-7\/#primaryimage\"},\"thumbnailUrl\":\"https:\/\/geo-park.com\/sustainability\/2020\/wp-content\/uploads\/2021\/10\/banner-ODS-7.jpg\",\"datePublished\":\"2021-09-16T21:31:15+00:00\",\"dateModified\":\"2021-11-17T13:49:17+00:00\",\"description\":\"En GeoPark estamos comprometidos con garantizar el acceso a una energi\u0301a asequible, segura, sostenible y moderna para todos. Conoce m\u00e1s.\",\"breadcrumb\":{\"@id\":\"https:\/\/geo-park.com\/sustainability\/2020\/contribucion-speed-a-los-ods\/ods-7\/#breadcrumb\"},\"inLanguage\":\"es\",\"potentialAction\":[{\"@type\":\"ReadAction\",\"target\":[\"https:\/\/geo-park.com\/sustainability\/2020\/contribucion-speed-a-los-ods\/ods-7\/\"]}]},{\"@type\":\"ImageObject\",\"inLanguage\":\"es\",\"@id\":\"https:\/\/geo-park.com\/sustainability\/2020\/contribucion-speed-a-los-ods\/ods-7\/#primaryimage\",\"url\":\"https:\/\/geo-park.com\/sustainability\/2020\/wp-content\/uploads\/2021\/10\/banner-ODS-7.jpg\",\"contentUrl\":\"https:\/\/geo-park.com\/sustainability\/2020\/wp-content\/uploads\/2021\/10\/banner-ODS-7.jpg\",\"width\":1280,\"height\":420},{\"@type\":\"BreadcrumbList\",\"@id\":\"https:\/\/geo-park.com\/sustainability\/2020\/contribucion-speed-a-los-ods\/ods-7\/#breadcrumb\",\"itemListElement\":[{\"@type\":\"ListItem\",\"position\":1,\"name\":\"Inicio\",\"item\":\"https:\/\/geo-park.com\/sustainability\/2020\/\"},{\"@type\":\"ListItem\",\"position\":2,\"name\":\"Contribuci\u00f3n de SPEED a los ODS\",\"item\":\"https:\/\/geo-park.com\/sustainability\/2020\/contribucion-speed-a-los-ods\/\"},{\"@type\":\"ListItem\",\"position\":3,\"name\":\"ODS 7\"}]},{\"@type\":\"WebSite\",\"@id\":\"https:\/\/geo-park.com\/sustainability\/2020\/#website\",\"url\":\"https:\/\/geo-park.com\/sustainability\/2020\/\",\"name\":\"Sustainability Report 2020 GeoPark\",\"description\":\"Just another WordPress site\",\"potentialAction\":[{\"@type\":\"SearchAction\",\"target\":{\"@type\":\"EntryPoint\",\"urlTemplate\":\"https:\/\/geo-park.com\/sustainability\/2020\/?s={search_term_string}\"},\"query-input\":{\"@type\":\"PropertyValueSpecification\",\"valueRequired\":true,\"valueName\":\"search_term_string\"}}],\"inLanguage\":\"es\"}]}<\/script>\n<!-- \/ Yoast SEO plugin. -->","yoast_head_json":{"title":"ODS 7 GeoPark - Sustainability Report 2020 GeoPark","description":"En GeoPark estamos comprometidos con garantizar el acceso a una energi\u0301a asequible, segura, sostenible y moderna para todos. Conoce m\u00e1s.","robots":{"index":"index","follow":"follow","max-snippet":"max-snippet:-1","max-image-preview":"max-image-preview:large","max-video-preview":"max-video-preview:-1"},"canonical":"https:\/\/geo-park.com\/sustainability\/2020\/contribucion-speed-a-los-ods\/ods-7\/","og_locale":"es_ES","og_type":"article","og_title":"ODS 7 GeoPark - Sustainability Report 2020 GeoPark","og_description":"En GeoPark estamos comprometidos con garantizar el acceso a una energi\u0301a asequible, segura, sostenible y moderna para todos. Conoce m\u00e1s.","og_url":"https:\/\/geo-park.com\/sustainability\/2020\/contribucion-speed-a-los-ods\/ods-7\/","og_site_name":"Sustainability Report 2020 GeoPark","article_modified_time":"2021-11-17T13:49:17+00:00","og_image":[{"width":1280,"height":420,"url":"https:\/\/geo-park.com\/sustainability\/2020\/wp-content\/uploads\/2021\/10\/banner-ODS-7.jpg","type":"image\/jpeg"}],"twitter_card":"summary_large_image","twitter_misc":{"Tiempo de lectura":"1 minuto"},"schema":{"@context":"https:\/\/schema.org","@graph":[{"@type":"WebPage","@id":"https:\/\/geo-park.com\/sustainability\/2020\/contribucion-speed-a-los-ods\/ods-7\/","url":"https:\/\/geo-park.com\/sustainability\/2020\/contribucion-speed-a-los-ods\/ods-7\/","name":"ODS 7 GeoPark - Sustainability Report 2020 GeoPark","isPartOf":{"@id":"https:\/\/geo-park.com\/sustainability\/2020\/#website"},"primaryImageOfPage":{"@id":"https:\/\/geo-park.com\/sustainability\/2020\/contribucion-speed-a-los-ods\/ods-7\/#primaryimage"},"image":{"@id":"https:\/\/geo-park.com\/sustainability\/2020\/contribucion-speed-a-los-ods\/ods-7\/#primaryimage"},"thumbnailUrl":"https:\/\/geo-park.com\/sustainability\/2020\/wp-content\/uploads\/2021\/10\/banner-ODS-7.jpg","datePublished":"2021-09-16T21:31:15+00:00","dateModified":"2021-11-17T13:49:17+00:00","description":"En GeoPark estamos comprometidos con garantizar el acceso a una energi\u0301a asequible, segura, sostenible y moderna para todos. Conoce m\u00e1s.","breadcrumb":{"@id":"https:\/\/geo-park.com\/sustainability\/2020\/contribucion-speed-a-los-ods\/ods-7\/#breadcrumb"},"inLanguage":"es","potentialAction":[{"@type":"ReadAction","target":["https:\/\/geo-park.com\/sustainability\/2020\/contribucion-speed-a-los-ods\/ods-7\/"]}]},{"@type":"ImageObject","inLanguage":"es","@id":"https:\/\/geo-park.com\/sustainability\/2020\/contribucion-speed-a-los-ods\/ods-7\/#primaryimage","url":"https:\/\/geo-park.com\/sustainability\/2020\/wp-content\/uploads\/2021\/10\/banner-ODS-7.jpg","contentUrl":"https:\/\/geo-park.com\/sustainability\/2020\/wp-content\/uploads\/2021\/10\/banner-ODS-7.jpg","width":1280,"height":420},{"@type":"BreadcrumbList","@id":"https:\/\/geo-park.com\/sustainability\/2020\/contribucion-speed-a-los-ods\/ods-7\/#breadcrumb","itemListElement":[{"@type":"ListItem","position":1,"name":"Inicio","item":"https:\/\/geo-park.com\/sustainability\/2020\/"},{"@type":"ListItem","position":2,"name":"Contribuci\u00f3n de SPEED a los ODS","item":"https:\/\/geo-park.com\/sustainability\/2020\/contribucion-speed-a-los-ods\/"},{"@type":"ListItem","position":3,"name":"ODS 7"}]},{"@type":"WebSite","@id":"https:\/\/geo-park.com\/sustainability\/2020\/#website","url":"https:\/\/geo-park.com\/sustainability\/2020\/","name":"Sustainability Report 2020 GeoPark","description":"Just another WordPress site","potentialAction":[{"@type":"SearchAction","target":{"@type":"EntryPoint","urlTemplate":"https:\/\/geo-park.com\/sustainability\/2020\/?s={search_term_string}"},"query-input":{"@type":"PropertyValueSpecification","valueRequired":true,"valueName":"search_term_string"}}],"inLanguage":"es"}]}},"_links":{"self":[{"href":"https:\/\/geo-park.com\/sustainability\/2020\/wp-json\/wp\/v2\/pages\/129","targetHints":{"allow":["GET"]}}],"collection":[{"href":"https:\/\/geo-park.com\/sustainability\/2020\/wp-json\/wp\/v2\/pages"}],"about":[{"href":"https:\/\/geo-park.com\/sustainability\/2020\/wp-json\/wp\/v2\/types\/page"}],"author":[{"embeddable":true,"href":"https:\/\/geo-park.com\/sustainability\/2020\/wp-json\/wp\/v2\/users\/1"}],"replies":[{"embeddable":true,"href":"https:\/\/geo-park.com\/sustainability\/2020\/wp-json\/wp\/v2\/comments?post=129"}],"version-history":[{"count":13,"href":"https:\/\/geo-park.com\/sustainability\/2020\/wp-json\/wp\/v2\/pages\/129\/revisions"}],"predecessor-version":[{"id":1947,"href":"https:\/\/geo-park.com\/sustainability\/2020\/wp-json\/wp\/v2\/pages\/129\/revisions\/1947"}],"up":[{"embeddable":true,"href":"https:\/\/geo-park.com\/sustainability\/2020\/wp-json\/wp\/v2\/pages\/115"}],"wp:featuredmedia":[{"embeddable":true,"href":"https:\/\/geo-park.com\/sustainability\/2020\/wp-json\/wp\/v2\/media\/1198"}],"wp:attachment":[{"href":"https:\/\/geo-park.com\/sustainability\/2020\/wp-json\/wp\/v2\/media?parent=129"}],"curies":[{"name":"wp","href":"https:\/\/api.w.org\/{rel}","templated":true}]}}