{"id":13,"date":"2021-09-16T20:31:34","date_gmt":"2021-09-16T20:31:34","guid":{"rendered":"https:\/\/geo-park.com\/sustainability\/2020\/?page_id=13"},"modified":"2021-11-12T15:35:26","modified_gmt":"2021-11-12T15:35:26","slug":"nuestra-compania","status":"publish","type":"page","link":"https:\/\/geo-park.com\/sustainability\/2020\/nuestra-compania\/","title":{"rendered":"Nuestra Compa\u00f1\u00eda"},"content":{"rendered":"<section class=\"l-section wpb_row height_small\"><div class=\"l-section-h i-cf\"><div class=\"g-cols via_grid cols_2-1 laptops-cols_inherit tablets-cols_inherit mobiles-cols_1 valign_top type_default\"><div class=\"wpb_column vc_column_container\"><div class=\"vc_column-inner\"><div class=\"w-btn-wrapper align_none\"><a class=\"w-btn us-btn-style_1 icon_atright\" target=\"_blank\" href=\"https:\/\/geo-park.com\/sustainability\/2020\/pdf\/nuestra-compania.pdf\" rel=\"noopener\"><span class=\"w-btn-label\">Descarga<\/span><i class=\"far fa-arrow-down\"><\/i><\/a><\/div><\/div><\/div><div class=\"wpb_column vc_column_container\"><div class=\"vc_column-inner\"><\/div><\/div><\/div><\/div><\/section><section class=\"l-section wpb_row cont-grid-paginas height_small\"><div class=\"l-section-h i-cf\"><div class=\"g-cols via_grid cols_1 laptops-cols_inherit tablets-cols_inherit mobiles-cols_1 valign_top type_default\"><div class=\"wpb_column vc_column_container\"><div class=\"vc_column-inner\"><div class=\"w-grid cont-grid-paginashijas type_grid layout_274 cols_2 no_gap\" id=\"us_grid_1\" data-filterable=\"true\"><style>@media (max-width:767px){#us_grid_1 .w-grid-item{width:100%}}@media (max-width:599px){#us_grid_1 .w-grid-item{width:100%}}.layout_274 .w-grid-item-h{}<\/style><div class=\"w-grid-list\">\t<article class=\"w-grid-item size_1x1 post-15 page type-page status-publish has-post-thumbnail hentry\" data-id=\"15\">\r\n\t\t<div class=\"w-grid-item-h\">\r\n\t\t\t\t\t\t<p class=\"w-post-elm post_title usg_post_title_1 grid-btn-pag entry-title color_link_inherit\"><a href=\"https:\/\/geo-park.com\/sustainability\/2020\/nuestra-compania\/acerca-de-este-reporte\/\">Acerca de este Reporte<\/a><\/p>\t\t<\/div>\r\n\t<\/article>\r\n\t<article class=\"w-grid-item size_1x1 post-17 page type-page status-publish has-post-thumbnail hentry\" data-id=\"17\">\r\n\t\t<div class=\"w-grid-item-h\">\r\n\t\t\t\t\t\t<p class=\"w-post-elm post_title usg_post_title_1 grid-btn-pag entry-title color_link_inherit\"><a href=\"https:\/\/geo-park.com\/sustainability\/2020\/nuestra-compania\/mensaje-del-ceo\/\">Mensaje del CEO<\/a><\/p>\t\t<\/div>\r\n\t<\/article>\r\n\t<article class=\"w-grid-item size_1x1 post-19 page type-page status-publish has-post-thumbnail hentry\" data-id=\"19\">\r\n\t\t<div class=\"w-grid-item-h\">\r\n\t\t\t\t\t\t<p class=\"w-post-elm post_title usg_post_title_1 grid-btn-pag entry-title color_link_inherit\"><a href=\"https:\/\/geo-park.com\/sustainability\/2020\/nuestra-compania\/reconocimientos-y-certificaciones\/\">Reconocimientos y certificaciones<\/a><\/p>\t\t<\/div>\r\n\t<\/article>\r\n\t<article class=\"w-grid-item size_1x1 post-21 page type-page status-publish has-post-thumbnail hentry\" data-id=\"21\">\r\n\t\t<div class=\"w-grid-item-h\">\r\n\t\t\t\t\t\t<p class=\"w-post-elm post_title usg_post_title_1 grid-btn-pag entry-title color_link_inherit\"><a href=\"https:\/\/geo-park.com\/sustainability\/2020\/nuestra-compania\/modelo-de-negocios\/\">Modelo de Negocios<\/a><\/p>\t\t<\/div>\r\n\t<\/article>\r\n\t<article class=\"w-grid-item size_1x1 post-23 page type-page status-publish has-post-thumbnail hentry\" data-id=\"23\">\r\n\t\t<div class=\"w-grid-item-h\">\r\n\t\t\t\t\t\t<p class=\"w-post-elm post_title usg_post_title_1 grid-btn-pag entry-title color_link_inherit\"><a href=\"https:\/\/geo-park.com\/sustainability\/2020\/nuestra-compania\/grupos-de-interes\/\">Grupos de inter\u00e9s<\/a><\/p>\t\t<\/div>\r\n\t<\/article>\r\n\t<article class=\"w-grid-item size_1x1 post-25 page type-page status-publish has-post-thumbnail hentry\" data-id=\"25\">\r\n\t\t<div class=\"w-grid-item-h\">\r\n\t\t\t\t\t\t<p class=\"w-post-elm post_title usg_post_title_1 grid-btn-pag entry-title color_link_inherit\"><a href=\"https:\/\/geo-park.com\/sustainability\/2020\/nuestra-compania\/materialidad-geopark\/\">Materialidad<\/a><\/p>\t\t<\/div>\r\n\t<\/article>\r\n\t<article class=\"w-grid-item size_1x1 post-27 page type-page status-publish has-post-thumbnail hentry\" data-id=\"27\">\r\n\t\t<div class=\"w-grid-item-h\">\r\n\t\t\t\t\t\t<p class=\"w-post-elm post_title usg_post_title_1 grid-btn-pag entry-title color_link_inherit\"><a href=\"https:\/\/geo-park.com\/sustainability\/2020\/nuestra-compania\/cultura-geopark\/\">Cultura GeoPark<\/a><\/p>\t\t<\/div>\r\n\t<\/article>\r\n\t<article class=\"w-grid-item size_1x1 post-29 page type-page status-publish has-post-thumbnail hentry\" data-id=\"29\">\r\n\t\t<div class=\"w-grid-item-h\">\r\n\t\t\t\t\t\t<p class=\"w-post-elm post_title usg_post_title_1 grid-btn-pag entry-title color_link_inherit\"><a href=\"https:\/\/geo-park.com\/sustainability\/2020\/nuestra-compania\/gobierno-corporativo\/\">Gobierno corporativo<\/a><\/p>\t\t<\/div>\r\n\t<\/article>\r\n\t<article class=\"w-grid-item size_1x1 post-31 page type-page status-publish has-post-thumbnail hentry\" data-id=\"31\">\r\n\t\t<div class=\"w-grid-item-h\">\r\n\t\t\t\t\t\t<p class=\"w-post-elm post_title usg_post_title_1 grid-btn-pag entry-title color_link_inherit\"><a href=\"https:\/\/geo-park.com\/sustainability\/2020\/nuestra-compania\/etica-y-compliance\/\">\u00c9tica y compliance<\/a><\/p>\t\t<\/div>\r\n\t<\/article>\r\n\t<article class=\"w-grid-item size_1x1 post-33 page type-page status-publish has-post-thumbnail hentry\" data-id=\"33\">\r\n\t\t<div class=\"w-grid-item-h\">\r\n\t\t\t\t\t\t<p class=\"w-post-elm post_title usg_post_title_1 grid-btn-pag entry-title color_link_inherit\"><a href=\"https:\/\/geo-park.com\/sustainability\/2020\/nuestra-compania\/derechos-humanos\/\">Derechos humanos<\/a><\/p>\t\t<\/div>\r\n\t<\/article>\r\n\t<article class=\"w-grid-item size_1x1 post-35 page type-page status-publish has-post-thumbnail hentry\" data-id=\"35\">\r\n\t\t<div class=\"w-grid-item-h\">\r\n\t\t\t\t\t\t<p class=\"w-post-elm post_title usg_post_title_1 grid-btn-pag entry-title color_link_inherit\"><a href=\"https:\/\/geo-park.com\/sustainability\/2020\/nuestra-compania\/transformacion-digital\/\">Transformaci\u00f3n digital<\/a><\/p>\t\t<\/div>\r\n\t<\/article>\r\n\t<article class=\"w-grid-item size_1x1 post-37 page type-page status-publish has-post-thumbnail hentry\" data-id=\"37\">\r\n\t\t<div class=\"w-grid-item-h\">\r\n\t\t\t\t\t\t<p class=\"w-post-elm post_title usg_post_title_1 grid-btn-pag entry-title color_link_inherit\"><a href=\"https:\/\/geo-park.com\/sustainability\/2020\/nuestra-compania\/conexiones\/\">Conexiones<\/a><\/p>\t\t<\/div>\r\n\t<\/article>\r\n<\/div><div class=\"w-grid-preloader\"><div class=\"g-preloader type_1\">\r\n\t<div><\/div>\r\n<\/div>\r\n<\/div>\t<div class=\"w-grid-json hidden\" onclick='return {&quot;action&quot;:&quot;us_ajax_grid&quot;,&quot;ajax_url&quot;:&quot;https:\\\/\\\/geo-park.com\\\/sustainability\\\/2020\\\/wp-admin\\\/admin-ajax.php&quot;,&quot;infinite_scroll&quot;:0,&quot;max_num_pages&quot;:1,&quot;pagination&quot;:&quot;none&quot;,&quot;permalink_url&quot;:&quot;https:\\\/\\\/geo-park.com\\\/sustainability\\\/2020\\\/wp-json\\\/wp\\\/v2\\\/pages\\\/13&quot;,&quot;template_vars&quot;:{&quot;columns&quot;:&quot;2&quot;,&quot;exclude_items&quot;:&quot;none&quot;,&quot;img_size&quot;:&quot;default&quot;,&quot;ignore_items_size&quot;:false,&quot;items_layout&quot;:&quot;274&quot;,&quot;items_offset&quot;:&quot;1&quot;,&quot;load_animation&quot;:&quot;none&quot;,&quot;overriding_link&quot;:&quot;none&quot;,&quot;post_id&quot;:13,&quot;query_args&quot;:{&quot;post_parent&quot;:13,&quot;post_type&quot;:&quot;any&quot;,&quot;ignore_sticky_posts&quot;:1,&quot;posts_per_page&quot;:999},&quot;orderby_query_args&quot;:{&quot;orderby&quot;:{&quot;date&quot;:&quot;ASC&quot;}},&quot;type&quot;:&quot;grid&quot;,&quot;us_grid_ajax_index&quot;:1,&quot;us_grid_filter_params&quot;:null,&quot;us_grid_index&quot;:1,&quot;_us_grid_post_type&quot;:&quot;current_child_pages&quot;}}'><\/div>\r\n\t<\/div><\/div><\/div><\/div><\/div><\/section>\n","protected":false},"excerpt":{"rendered":"DescargaLa comunicaci\u00f3n y el relacionamiento con nuestros grupos de inter\u00e9s son un eje fundamental en la gesti\u00f3n de GeoPark. Anualmente formulamos estrategias que nos permitan afianzar la cultura dentro de nuestra Compa\u00f1\u00eda, irradiar nuestros valores a la cadena de valor y consolidar relaciones de confianza con nuestros grupos de inter\u00e9s externos. En los primeros meses...","protected":false},"author":1,"featured_media":763,"parent":0,"menu_order":2,"comment_status":"closed","ping_status":"closed","template":"","meta":{"inline_featured_image":false,"footnotes":""},"class_list":["post-13","page","type-page","status-publish","has-post-thumbnail","hentry"],"yoast_head":"<!-- This site is optimized with the Yoast SEO plugin v24.9 - https:\/\/yoast.com\/wordpress\/plugins\/seo\/ -->\n<title>Nuestra compa\u00f1\u00eda GeoPark - Sustainability Report 2020 GeoPark<\/title>\n<meta name=\"description\" content=\"GeoPark es una compa\u00f1\u00eda l\u00edder en exploraci\u00f3n producci\u00f3n de petr\u00f3leo y gas en Latinoam\u00e9rica, con activos y plataformas de crecimiento en Colombia, Ecuador, Chile, Brasil y Argentina.\" \/>\n<meta name=\"robots\" content=\"index, follow, max-snippet:-1, max-image-preview:large, max-video-preview:-1\" \/>\n<link rel=\"canonical\" href=\"https:\/\/geo-park.com\/sustainability\/2020\/nuestra-compania\/\" \/>\n<meta property=\"og:locale\" content=\"es_ES\" \/>\n<meta property=\"og:type\" content=\"article\" \/>\n<meta property=\"og:title\" content=\"Nuestra compa\u00f1\u00eda GeoPark - Sustainability Report 2020 GeoPark\" \/>\n<meta property=\"og:description\" content=\"GeoPark es una compa\u00f1\u00eda l\u00edder en exploraci\u00f3n producci\u00f3n de petr\u00f3leo y gas en Latinoam\u00e9rica, con activos y plataformas de crecimiento en Colombia, Ecuador, Chile, Brasil y Argentina.\" \/>\n<meta property=\"og:url\" content=\"https:\/\/geo-park.com\/sustainability\/2020\/nuestra-compania\/\" \/>\n<meta property=\"og:site_name\" content=\"Sustainability Report 2020 GeoPark\" \/>\n<meta property=\"article:modified_time\" content=\"2021-11-12T15:35:26+00:00\" \/>\n<meta property=\"og:image\" content=\"https:\/\/geo-park.com\/sustainability\/2020\/wp-content\/uploads\/2021\/10\/banner-nuestra-compania-PRINCIPAL.jpg\" \/>\n\t<meta property=\"og:image:width\" content=\"1280\" \/>\n\t<meta property=\"og:image:height\" content=\"420\" \/>\n\t<meta property=\"og:image:type\" content=\"image\/jpeg\" \/>\n<meta name=\"twitter:card\" content=\"summary_large_image\" \/>\n<meta name=\"twitter:label1\" content=\"Tiempo de lectura\" \/>\n\t<meta name=\"twitter:data1\" content=\"1 minuto\" \/>\n<script type=\"application\/ld+json\" class=\"yoast-schema-graph\">{\"@context\":\"https:\/\/schema.org\",\"@graph\":[{\"@type\":\"WebPage\",\"@id\":\"https:\/\/geo-park.com\/sustainability\/2020\/nuestra-compania\/\",\"url\":\"https:\/\/geo-park.com\/sustainability\/2020\/nuestra-compania\/\",\"name\":\"Nuestra compa\u00f1\u00eda GeoPark - Sustainability Report 2020 GeoPark\",\"isPartOf\":{\"@id\":\"https:\/\/geo-park.com\/sustainability\/2020\/#website\"},\"primaryImageOfPage\":{\"@id\":\"https:\/\/geo-park.com\/sustainability\/2020\/nuestra-compania\/#primaryimage\"},\"image\":{\"@id\":\"https:\/\/geo-park.com\/sustainability\/2020\/nuestra-compania\/#primaryimage\"},\"thumbnailUrl\":\"https:\/\/geo-park.com\/sustainability\/2020\/wp-content\/uploads\/2021\/10\/banner-nuestra-compania-PRINCIPAL.jpg\",\"datePublished\":\"2021-09-16T20:31:34+00:00\",\"dateModified\":\"2021-11-12T15:35:26+00:00\",\"description\":\"GeoPark es una compa\u00f1\u00eda l\u00edder en exploraci\u00f3n producci\u00f3n de petr\u00f3leo y gas en Latinoam\u00e9rica, con activos y plataformas de crecimiento en Colombia, Ecuador, Chile, Brasil y Argentina.\",\"breadcrumb\":{\"@id\":\"https:\/\/geo-park.com\/sustainability\/2020\/nuestra-compania\/#breadcrumb\"},\"inLanguage\":\"es\",\"potentialAction\":[{\"@type\":\"ReadAction\",\"target\":[\"https:\/\/geo-park.com\/sustainability\/2020\/nuestra-compania\/\"]}]},{\"@type\":\"ImageObject\",\"inLanguage\":\"es\",\"@id\":\"https:\/\/geo-park.com\/sustainability\/2020\/nuestra-compania\/#primaryimage\",\"url\":\"https:\/\/geo-park.com\/sustainability\/2020\/wp-content\/uploads\/2021\/10\/banner-nuestra-compania-PRINCIPAL.jpg\",\"contentUrl\":\"https:\/\/geo-park.com\/sustainability\/2020\/wp-content\/uploads\/2021\/10\/banner-nuestra-compania-PRINCIPAL.jpg\",\"width\":1280,\"height\":420},{\"@type\":\"BreadcrumbList\",\"@id\":\"https:\/\/geo-park.com\/sustainability\/2020\/nuestra-compania\/#breadcrumb\",\"itemListElement\":[{\"@type\":\"ListItem\",\"position\":1,\"name\":\"Inicio\",\"item\":\"https:\/\/geo-park.com\/sustainability\/2020\/\"},{\"@type\":\"ListItem\",\"position\":2,\"name\":\"Nuestra Compa\u00f1\u00eda\"}]},{\"@type\":\"WebSite\",\"@id\":\"https:\/\/geo-park.com\/sustainability\/2020\/#website\",\"url\":\"https:\/\/geo-park.com\/sustainability\/2020\/\",\"name\":\"Sustainability Report 2020 GeoPark\",\"description\":\"Just another WordPress site\",\"potentialAction\":[{\"@type\":\"SearchAction\",\"target\":{\"@type\":\"EntryPoint\",\"urlTemplate\":\"https:\/\/geo-park.com\/sustainability\/2020\/?s={search_term_string}\"},\"query-input\":{\"@type\":\"PropertyValueSpecification\",\"valueRequired\":true,\"valueName\":\"search_term_string\"}}],\"inLanguage\":\"es\"}]}<\/script>\n<!-- \/ Yoast SEO plugin. -->","yoast_head_json":{"title":"Nuestra compa\u00f1\u00eda GeoPark - Sustainability Report 2020 GeoPark","description":"GeoPark es una compa\u00f1\u00eda l\u00edder en exploraci\u00f3n producci\u00f3n de petr\u00f3leo y gas en Latinoam\u00e9rica, con activos y plataformas de crecimiento en Colombia, Ecuador, Chile, Brasil y Argentina.","robots":{"index":"index","follow":"follow","max-snippet":"max-snippet:-1","max-image-preview":"max-image-preview:large","max-video-preview":"max-video-preview:-1"},"canonical":"https:\/\/geo-park.com\/sustainability\/2020\/nuestra-compania\/","og_locale":"es_ES","og_type":"article","og_title":"Nuestra compa\u00f1\u00eda GeoPark - Sustainability Report 2020 GeoPark","og_description":"GeoPark es una compa\u00f1\u00eda l\u00edder en exploraci\u00f3n producci\u00f3n de petr\u00f3leo y gas en Latinoam\u00e9rica, con activos y plataformas de crecimiento en Colombia, Ecuador, Chile, Brasil y Argentina.","og_url":"https:\/\/geo-park.com\/sustainability\/2020\/nuestra-compania\/","og_site_name":"Sustainability Report 2020 GeoPark","article_modified_time":"2021-11-12T15:35:26+00:00","og_image":[{"width":1280,"height":420,"url":"https:\/\/geo-park.com\/sustainability\/2020\/wp-content\/uploads\/2021\/10\/banner-nuestra-compania-PRINCIPAL.jpg","type":"image\/jpeg"}],"twitter_card":"summary_large_image","twitter_misc":{"Tiempo de lectura":"1 minuto"},"schema":{"@context":"https:\/\/schema.org","@graph":[{"@type":"WebPage","@id":"https:\/\/geo-park.com\/sustainability\/2020\/nuestra-compania\/","url":"https:\/\/geo-park.com\/sustainability\/2020\/nuestra-compania\/","name":"Nuestra compa\u00f1\u00eda GeoPark - Sustainability Report 2020 GeoPark","isPartOf":{"@id":"https:\/\/geo-park.com\/sustainability\/2020\/#website"},"primaryImageOfPage":{"@id":"https:\/\/geo-park.com\/sustainability\/2020\/nuestra-compania\/#primaryimage"},"image":{"@id":"https:\/\/geo-park.com\/sustainability\/2020\/nuestra-compania\/#primaryimage"},"thumbnailUrl":"https:\/\/geo-park.com\/sustainability\/2020\/wp-content\/uploads\/2021\/10\/banner-nuestra-compania-PRINCIPAL.jpg","datePublished":"2021-09-16T20:31:34+00:00","dateModified":"2021-11-12T15:35:26+00:00","description":"GeoPark es una compa\u00f1\u00eda l\u00edder en exploraci\u00f3n producci\u00f3n de petr\u00f3leo y gas en Latinoam\u00e9rica, con activos y plataformas de crecimiento en Colombia, Ecuador, Chile, Brasil y Argentina.","breadcrumb":{"@id":"https:\/\/geo-park.com\/sustainability\/2020\/nuestra-compania\/#breadcrumb"},"inLanguage":"es","potentialAction":[{"@type":"ReadAction","target":["https:\/\/geo-park.com\/sustainability\/2020\/nuestra-compania\/"]}]},{"@type":"ImageObject","inLanguage":"es","@id":"https:\/\/geo-park.com\/sustainability\/2020\/nuestra-compania\/#primaryimage","url":"https:\/\/geo-park.com\/sustainability\/2020\/wp-content\/uploads\/2021\/10\/banner-nuestra-compania-PRINCIPAL.jpg","contentUrl":"https:\/\/geo-park.com\/sustainability\/2020\/wp-content\/uploads\/2021\/10\/banner-nuestra-compania-PRINCIPAL.jpg","width":1280,"height":420},{"@type":"BreadcrumbList","@id":"https:\/\/geo-park.com\/sustainability\/2020\/nuestra-compania\/#breadcrumb","itemListElement":[{"@type":"ListItem","position":1,"name":"Inicio","item":"https:\/\/geo-park.com\/sustainability\/2020\/"},{"@type":"ListItem","position":2,"name":"Nuestra Compa\u00f1\u00eda"}]},{"@type":"WebSite","@id":"https:\/\/geo-park.com\/sustainability\/2020\/#website","url":"https:\/\/geo-park.com\/sustainability\/2020\/","name":"Sustainability Report 2020 GeoPark","description":"Just another WordPress site","potentialAction":[{"@type":"SearchAction","target":{"@type":"EntryPoint","urlTemplate":"https:\/\/geo-park.com\/sustainability\/2020\/?s={search_term_string}"},"query-input":{"@type":"PropertyValueSpecification","valueRequired":true,"valueName":"search_term_string"}}],"inLanguage":"es"}]}},"_links":{"self":[{"href":"https:\/\/geo-park.com\/sustainability\/2020\/wp-json\/wp\/v2\/pages\/13","targetHints":{"allow":["GET"]}}],"collection":[{"href":"https:\/\/geo-park.com\/sustainability\/2020\/wp-json\/wp\/v2\/pages"}],"about":[{"href":"https:\/\/geo-park.com\/sustainability\/2020\/wp-json\/wp\/v2\/types\/page"}],"author":[{"embeddable":true,"href":"https:\/\/geo-park.com\/sustainability\/2020\/wp-json\/wp\/v2\/users\/1"}],"replies":[{"embeddable":true,"href":"https:\/\/geo-park.com\/sustainability\/2020\/wp-json\/wp\/v2\/comments?post=13"}],"version-history":[{"count":12,"href":"https:\/\/geo-park.com\/sustainability\/2020\/wp-json\/wp\/v2\/pages\/13\/revisions"}],"predecessor-version":[{"id":1866,"href":"https:\/\/geo-park.com\/sustainability\/2020\/wp-json\/wp\/v2\/pages\/13\/revisions\/1866"}],"wp:featuredmedia":[{"embeddable":true,"href":"https:\/\/geo-park.com\/sustainability\/2020\/wp-json\/wp\/v2\/media\/763"}],"wp:attachment":[{"href":"https:\/\/geo-park.com\/sustainability\/2020\/wp-json\/wp\/v2\/media?parent=13"}],"curies":[{"name":"wp","href":"https:\/\/api.w.org\/{rel}","templated":true}]}}