{"id":135,"date":"2021-09-16T21:34:53","date_gmt":"2021-09-16T21:34:53","guid":{"rendered":"https:\/\/geo-park.com\/sustainability\/2020\/?page_id=135"},"modified":"2021-11-23T20:41:45","modified_gmt":"2021-11-23T20:41:45","slug":"ods-11","status":"publish","type":"page","link":"https:\/\/geo-park.com\/sustainability\/2020\/contribucion-speed-a-los-ods\/ods-11\/","title":{"rendered":"ODS 11"},"content":{"rendered":"<section class=\"l-section wpb_row cont-btnpdf height_auto\"><div class=\"l-section-h i-cf\"><div class=\"g-cols via_grid cols_2-1 laptops-cols_inherit tablets-cols_inherit mobiles-cols_1 valign_top type_default\"><div class=\"wpb_column vc_column_container\"><div class=\"vc_column-inner\"><\/div><\/div><div class=\"wpb_column vc_column_container\"><div class=\"vc_column-inner\"><div class=\"w-btn-wrapper align_none\"><a class=\"w-btn us-btn-style_1 icon_atright\" target=\"_blank\" href=\"https:\/\/geo-park.com\/sustainability\/2020\/pdf\/ods-11.pdf\" rel=\"noopener\"><span class=\"w-btn-label\">Descarga<\/span><i class=\"far fa-arrow-down\"><\/i><\/a><\/div><\/div><\/div><\/div><\/div><\/section><section class=\"l-section wpb_row cont-introods height_small\"><div class=\"l-section-h i-cf\"><div class=\"g-cols via_grid cols_2-1 laptops-cols_inherit tablets-cols_inherit mobiles-cols_1 valign_top type_default reversed\"><div class=\"wpb_column vc_column_container\"><div class=\"vc_column-inner\">[vc_custom_heading text=\u00bbLograr que las ciudades y los asentamientos humanos sean inclusivos, seguros, resilientes y sostenibles\u00bb use_theme_fonts=\u00bbyes\u00bb el_class=\u00bbsubtitulos-ods\u00bb]<\/div><\/div><div class=\"wpb_column vc_column_container\"><div class=\"vc_column-inner\">[vc_single_image image=\u00bb1669&#8243; img_size=\u00bb\u00bb alignment=\u00bbcenter\u00bb el_class=\u00bbimg-ods\u00bb]<\/div><\/div><\/div><\/div><\/section><section class=\"l-section wpb_row height_small\"><div class=\"l-section-h i-cf\"><div class=\"g-cols via_grid cols_2-1 laptops-cols_inherit tablets-cols_inherit mobiles-cols_1 valign_top type_default\"><div class=\"wpb_column vc_column_container\"><div class=\"vc_column-inner\"><div class=\"w-iconbox icobox-bandera iconpos_left style_default color_primary align_left no_title icontype_img\"><div class=\"w-iconbox-icon\" style=\"font-size:4rem;\"><img loading=\"lazy\" decoding=\"async\" width=\"834\" height=\"834\" src=\"https:\/\/geo-park.com\/sustainability\/2020\/wp-content\/uploads\/2021\/11\/ico-interior_ODS-BANDERA-LINEAS.png\" class=\"attachment-full size-full\" alt=\"\" srcset=\"https:\/\/geo-park.com\/sustainability\/2020\/wp-content\/uploads\/2021\/11\/ico-interior_ODS-BANDERA-LINEAS.png 834w, https:\/\/geo-park.com\/sustainability\/2020\/wp-content\/uploads\/2021\/11\/ico-interior_ODS-BANDERA-LINEAS-300x300.png 300w, https:\/\/geo-park.com\/sustainability\/2020\/wp-content\/uploads\/2021\/11\/ico-interior_ODS-BANDERA-LINEAS-150x150.png 150w, https:\/\/geo-park.com\/sustainability\/2020\/wp-content\/uploads\/2021\/11\/ico-interior_ODS-BANDERA-LINEAS-400x400.png 400w\" sizes=\"auto, (max-width: 834px) 100vw, 834px\" \/><\/div><div class=\"w-iconbox-meta\"><div class=\"w-iconbox-text\"><p>En GeoPark estamos convencidos de que la oportunidad de acceder a infraestructura es un catalizador del cambio. Por eso, apoyamos el desarrollo de infraestructura para familias y comunidades, que favorezca y proporcione condiciones y oportunidades.<\/p>\n<\/div><\/div><\/div><div class=\"w-iconbox icobox-items iconpos_left style_default color_primary align_left no_title\"><div class=\"w-iconbox-icon\" style=\"font-size:1rem;\"><i class=\"far fa-angle-double-right\"><\/i><\/div><div class=\"w-iconbox-meta\"><div class=\"w-iconbox-text\"><p>Apoyamos la mejora de las casetas comunales de las veredas La Alea, Kanakas, El Quebrad\u00f3n, Cocay\u00e1 y Jerusal\u00e9n, en Putumayo (Colombia), a trav\u00e9s de la dotaci\u00f3n de mobiliario. <strong>Por medio de esta iniciativa buscamos fortalecer el tejido social y la participaci\u00f3n comunitaria.<\/strong><\/p>\n<\/div><\/div><\/div><div class=\"w-iconbox icobox-items iconpos_left style_default color_primary align_left no_title\"><div class=\"w-iconbox-icon\" style=\"font-size:1rem;\"><i class=\"far fa-angle-double-right\"><\/i><\/div><div class=\"w-iconbox-meta\"><div class=\"w-iconbox-text\"><p><strong>En Casanare (Colombia), en alianza con la Alcald\u00eda de Tauramena y las juntas de acci\u00f3n comunal de Pi\u00f1alito y Comuneros construimos la primera fase de un polideportivo.<\/strong> Tambi\u00e9n apoyamos la adecuaci\u00f3n de un parque a trav\u00e9s de la dotaci\u00f3n del espacio con bancas, balancines y una zona infantil para el disfrute del tiempo libre y el desarrollo de actividades recreativas y deportivas.<\/p>\n<\/div><\/div><\/div><div class=\"w-iconbox icobox-items iconpos_left style_default color_primary align_left no_title\"><div class=\"w-iconbox-icon\" style=\"font-size:1rem;\"><i class=\"far fa-angle-double-right\"><\/i><\/div><div class=\"w-iconbox-meta\"><div class=\"w-iconbox-text\"><p>En Colombia, mediante alianza con la Financiera de Desarrollo Territorial (Findeter), avanzamos en la primera fase de un proceso de planificaci\u00f3n territorial participativo que favorece las capacidades de sectores p\u00fablicos y privados para el desarrollo territorial de Tauramena y Villanueva, en Casanare.<\/p>\n<\/div><\/div><\/div><div class=\"w-iconbox icobox-items iconpos_left style_default color_primary align_left no_title\"><div class=\"w-iconbox-icon\" style=\"font-size:1rem;\"><i class=\"far fa-angle-double-right\"><\/i><\/div><div class=\"w-iconbox-meta\"><div class=\"w-iconbox-text\"><p><strong>Implementamos programas para mejorar las condiciones de habitabilidad de viviendas aleda\u00f1as a las operaciones en Putumayo (Colombia) para garantizar un mayor bienestar a las familias.<\/strong> A trav\u00e9s de esta iniciativa mejoramos los espacios de descanso, recreaci\u00f3n y alimentaci\u00f3n, entre otros.<\/p>\n<\/div><\/div><\/div><div class=\"w-iconbox icobox-items iconpos_left style_default color_primary align_left no_title\"><div class=\"w-iconbox-icon\" style=\"font-size:1rem;\"><i class=\"far fa-angle-double-right\"><\/i><\/div><div class=\"w-iconbox-meta\"><div class=\"w-iconbox-text\"><p>En alianza con la Corporaci\u00f3n Minuto de Dios, mejoramos las condiciones de habitabilidad de las viviendas de nuestros Vecinos en Tauramena y Villanueva, en Casanare (Colombia). <strong>En total, logramos una mejora en 1.464 metros cuadrados de \u00e1rea para 61 viviendas.<\/strong><\/p>\n<\/div><\/div><\/div><div class=\"w-iconbox icobox-items iconpos_left style_default color_primary align_left no_title\"><div class=\"w-iconbox-icon\" style=\"font-size:1rem;\"><i class=\"far fa-angle-double-right\"><\/i><\/div><div class=\"w-iconbox-meta\"><div class=\"w-iconbox-text\"><p><strong>En Putumayo (Colombia), apoyamos el mejoramiento de las unidades habitacionales <\/strong>de las veredas Kanakas, Zamora, El Quebrad\u00f3n, Sina\u00ed II Bald\u00edo, Sina\u00ed Achapos, Camelias, La Alea, Mansoy\u00e1 1 y Bajo Mansoy\u00e1.<\/p>\n<\/div><\/div><\/div><div class=\"w-iconbox icobox-items iconpos_left style_default color_primary align_left no_title\"><div class=\"w-iconbox-icon\" style=\"font-size:1rem;\"><i class=\"far fa-angle-double-right\"><\/i><\/div><div class=\"w-iconbox-meta\"><div class=\"w-iconbox-text\"><p><strong>En alianza con las autoridades y Vecinos llevamos a cabo el fortalecimiento de organizaciones e instituciones municipales de Putumayo (Colombia)<\/strong> por medio de la entrega de elementos y materiales para mejorar la infraestructura locativa de las administraciones locales de los municipios de Puerto As\u00eds, Puerto Guzm\u00e1n y San Miguel.<\/p>\n<\/div><\/div><\/div><\/div><\/div><div class=\"wpb_column vc_column_container\"><div class=\"vc_column-inner\"><div class=\"w-vwrapper cont-side align_center valign_top\" style=\"--vwrapper-gap:0.2rem\"><div class=\"wpb_text_column txt-destacado-side\"><div class=\"wpb_wrapper\"><p style=\"text-align: center;\">Beneficiamos a<\/p>\n<\/div><\/div><div class=\"w-counter num-side color_primary align_center\" data-duration=\"2000\"><div class=\"w-counter-value\"><span class=\"w-counter-value-part type_text\" data-final=\"\"><\/span><span class=\"w-counter-value-part type_number\" data-final=\"335\">1<\/span><span class=\"w-counter-value-part type_text\" data-final=\"\"><\/span><\/div><\/div><div class=\"wpb_text_column txt-destacado-side\"><div class=\"wpb_wrapper\"><p style=\"text-align: center;\">\u00a0familias con la mejora de las casetas comunales en Putumayo (Colombia).<\/p>\n<\/div><\/div><\/div><div class=\"w-vwrapper cont-side align_center valign_top\" style=\"--vwrapper-gap:0.2rem\"><div class=\"wpb_text_column txt-destacado-side\"><div class=\"wpb_wrapper\"><p style=\"text-align: center;\">Beneficiamos a<\/p>\n<\/div><\/div><div class=\"w-counter num-side color_primary align_center\" data-duration=\"2000\"><div class=\"w-counter-value\"><span class=\"w-counter-value-part type_text\" data-final=\"\"><\/span><span class=\"w-counter-value-part type_number\" data-final=\"7.000\">1<\/span><span class=\"w-counter-value-part type_text\" data-final=\"\"><\/span><\/div><\/div><div class=\"wpb_text_column txt-destacado-side\"><div class=\"wpb_wrapper\"><p style=\"text-align: center;\">familias de Tauramena, Casanare (Colombia), con la construcci\u00f3n de un polideportivo y la adecuaci\u00f3n de un parque recreativo.<\/p>\n<\/div><\/div><\/div><div class=\"w-vwrapper cont-side align_center valign_top\" style=\"--vwrapper-gap:0.2rem\"><div class=\"wpb_text_column txt-destacado-side\"><div class=\"wpb_wrapper\"><p style=\"text-align: center;\">Beneficiamos a<\/p>\n<\/div><\/div><div class=\"w-counter num-side color_primary align_center\" data-duration=\"2000\"><div class=\"w-counter-value\"><span class=\"w-counter-value-part type_text\" data-final=\"\"><\/span><span class=\"w-counter-value-part type_number\" data-final=\"218\">1<\/span><span class=\"w-counter-value-part type_text\" data-final=\"\"><\/span><\/div><\/div><div class=\"wpb_text_column txt-destacado-side\"><div class=\"wpb_wrapper\"><p style=\"text-align: center;\">familias con las mejoras a las viviendas aleda\u00f1as a las operaciones en Putumayo (Colombia).<\/p>\n<\/div><\/div><\/div><div class=\"w-vwrapper cont-side align_center valign_top\" style=\"--vwrapper-gap:0.2rem\"><div class=\"wpb_text_column txt-destacado-side\"><div class=\"wpb_wrapper\"><p style=\"text-align: center;\">Beneficiamos a<\/p>\n<\/div><\/div><div class=\"w-counter num-side color_primary align_center\" data-duration=\"2000\"><div class=\"w-counter-value\"><span class=\"w-counter-value-part type_text\" data-final=\"\"><\/span><span class=\"w-counter-value-part type_number\" data-final=\"34\">1<\/span><span class=\"w-counter-value-part type_text\" data-final=\"\"><\/span><\/div><\/div><div class=\"wpb_text_column txt-destacado-side\"><div class=\"wpb_wrapper\"><p style=\"text-align: center;\">familias de Putumayo (Colombia), con el mejoramiento de las unidades habitacionales.<\/p>\n<\/div><\/div><\/div><\/div><\/div><\/div><\/div><\/section><section class=\"l-section wpb_row height_small\"><div class=\"l-section-h i-cf\"><div class=\"g-cols via_grid cols_1 laptops-cols_inherit tablets-cols_inherit mobiles-cols_1 valign_top type_default\"><div class=\"wpb_column vc_column_container\"><div class=\"vc_column-inner\"><div class=\"w-slider style_none fit_scaledown\"><div class=\"w-slider-h\"><div class=\"royalSlider\"><div class=\"rsContent\"><a class=\"rsImg\" data-rsw=\"1280\" data-rsh=\"615\" data-rsBigImg=\"https:\/\/geo-park.com\/sustainability\/2020\/wp-content\/uploads\/2021\/10\/Slider_0009_ODS-11-2.jpg\" href=\"https:\/\/geo-park.com\/sustainability\/2020\/wp-content\/uploads\/2021\/10\/Slider_0009_ODS-11-2.jpg\"><span data-alt=\"\"><\/span><\/a><\/div><\/div><img decoding=\"async\" src=\"https:\/\/geo-park.com\/sustainability\/2020\/wp-content\/uploads\/2021\/10\/Slider_0009_ODS-11-2.jpg\" width=\"1280\" height=\"615\" alt loading=\"lazy\"><\/div><div class=\"w-slider-json\" onclick='return {&quot;loop&quot;:true,&quot;fadeInLoadedSlide&quot;:false,&quot;slidesSpacing&quot;:0,&quot;imageScalePadding&quot;:0,&quot;numImagesToPreload&quot;:2,&quot;arrowsNav&quot;:true,&quot;arrowsNavAutoHide&quot;:false,&quot;transitionType&quot;:&quot;move&quot;,&quot;transitionSpeed&quot;:250,&quot;block&quot;:{&quot;moveEffect&quot;:&quot;none&quot;,&quot;speed&quot;:300},&quot;controlNavigation&quot;:&quot;bullets&quot;,&quot;fullscreen&quot;:{&quot;enabled&quot;:true},&quot;imageScaleMode&quot;:&quot;fit-if-smaller&quot;,&quot;autoScaleSlider&quot;:true,&quot;autoScaleSliderWidth&quot;:1280,&quot;autoScaleSliderHeight&quot;:615,&quot;fitInViewport&quot;:false}'><\/div><\/div><\/div><\/div><\/div><\/div><\/section>\n","protected":false},"excerpt":{"rendered":"Descarga[vc_custom_heading text=\"Lograr que las ciudades y los asentamientos humanos sean inclusivos, seguros, resilientes y sostenibles\" use_theme_fonts=\"yes\" el_class=\"subtitulos-ods\"][vc_single_image image=\"1669\" img_size=\"\" alignment=\"center\" el_class=\"img-ods\"]En GeoPark estamos convencidos de que la oportunidad de acceder a infraestructura es un catalizador del cambio. Por eso, apoyamos el desarrollo de infraestructura para familias y comunidades, que favorezca y proporcione condiciones y oportunidades....","protected":false},"author":1,"featured_media":2127,"parent":115,"menu_order":8,"comment_status":"closed","ping_status":"closed","template":"","meta":{"inline_featured_image":false,"footnotes":""},"class_list":["post-135","page","type-page","status-publish","has-post-thumbnail","hentry"],"yoast_head":"<!-- This site is optimized with the Yoast SEO plugin v24.9 - https:\/\/yoast.com\/wordpress\/plugins\/seo\/ -->\n<title>ODS 11 GeoPark - Sustainability Report 2020 GeoPark<\/title>\n<meta name=\"description\" content=\"En GeoPark wueremos lograr que las ciudades y los asentamientos humanos sean inclusivos, seguros, resilientes y sostenibles. Conoce m\u00e1s.\" \/>\n<meta name=\"robots\" content=\"index, follow, max-snippet:-1, max-image-preview:large, max-video-preview:-1\" \/>\n<link rel=\"canonical\" href=\"https:\/\/geo-park.com\/sustainability\/2020\/contribucion-speed-a-los-ods\/ods-11\/\" \/>\n<meta property=\"og:locale\" content=\"es_ES\" \/>\n<meta property=\"og:type\" content=\"article\" \/>\n<meta property=\"og:title\" content=\"ODS 11 GeoPark - Sustainability Report 2020 GeoPark\" \/>\n<meta property=\"og:description\" content=\"En GeoPark wueremos lograr que las ciudades y los asentamientos humanos sean inclusivos, seguros, resilientes y sostenibles. Conoce m\u00e1s.\" \/>\n<meta property=\"og:url\" content=\"https:\/\/geo-park.com\/sustainability\/2020\/contribucion-speed-a-los-ods\/ods-11\/\" \/>\n<meta property=\"og:site_name\" content=\"Sustainability Report 2020 GeoPark\" \/>\n<meta property=\"article:modified_time\" content=\"2021-11-23T20:41:45+00:00\" \/>\n<meta property=\"og:image\" content=\"https:\/\/geo-park.com\/sustainability\/2020\/wp-content\/uploads\/2021\/11\/banner-ODS-11-CORREGIDO.jpg\" \/>\n\t<meta property=\"og:image:width\" content=\"1280\" \/>\n\t<meta property=\"og:image:height\" content=\"420\" \/>\n\t<meta property=\"og:image:type\" content=\"image\/jpeg\" \/>\n<meta name=\"twitter:card\" content=\"summary_large_image\" \/>\n<meta name=\"twitter:label1\" content=\"Tiempo de lectura\" \/>\n\t<meta name=\"twitter:data1\" content=\"3 minutos\" \/>\n<script type=\"application\/ld+json\" class=\"yoast-schema-graph\">{\"@context\":\"https:\/\/schema.org\",\"@graph\":[{\"@type\":\"WebPage\",\"@id\":\"https:\/\/geo-park.com\/sustainability\/2020\/contribucion-speed-a-los-ods\/ods-11\/\",\"url\":\"https:\/\/geo-park.com\/sustainability\/2020\/contribucion-speed-a-los-ods\/ods-11\/\",\"name\":\"ODS 11 GeoPark - Sustainability Report 2020 GeoPark\",\"isPartOf\":{\"@id\":\"https:\/\/geo-park.com\/sustainability\/2020\/#website\"},\"primaryImageOfPage\":{\"@id\":\"https:\/\/geo-park.com\/sustainability\/2020\/contribucion-speed-a-los-ods\/ods-11\/#primaryimage\"},\"image\":{\"@id\":\"https:\/\/geo-park.com\/sustainability\/2020\/contribucion-speed-a-los-ods\/ods-11\/#primaryimage\"},\"thumbnailUrl\":\"https:\/\/geo-park.com\/sustainability\/2020\/wp-content\/uploads\/2021\/11\/banner-ODS-11-CORREGIDO.jpg\",\"datePublished\":\"2021-09-16T21:34:53+00:00\",\"dateModified\":\"2021-11-23T20:41:45+00:00\",\"description\":\"En GeoPark wueremos lograr que las ciudades y los asentamientos humanos sean inclusivos, seguros, resilientes y sostenibles. Conoce m\u00e1s.\",\"breadcrumb\":{\"@id\":\"https:\/\/geo-park.com\/sustainability\/2020\/contribucion-speed-a-los-ods\/ods-11\/#breadcrumb\"},\"inLanguage\":\"es\",\"potentialAction\":[{\"@type\":\"ReadAction\",\"target\":[\"https:\/\/geo-park.com\/sustainability\/2020\/contribucion-speed-a-los-ods\/ods-11\/\"]}]},{\"@type\":\"ImageObject\",\"inLanguage\":\"es\",\"@id\":\"https:\/\/geo-park.com\/sustainability\/2020\/contribucion-speed-a-los-ods\/ods-11\/#primaryimage\",\"url\":\"https:\/\/geo-park.com\/sustainability\/2020\/wp-content\/uploads\/2021\/11\/banner-ODS-11-CORREGIDO.jpg\",\"contentUrl\":\"https:\/\/geo-park.com\/sustainability\/2020\/wp-content\/uploads\/2021\/11\/banner-ODS-11-CORREGIDO.jpg\",\"width\":1280,\"height\":420},{\"@type\":\"BreadcrumbList\",\"@id\":\"https:\/\/geo-park.com\/sustainability\/2020\/contribucion-speed-a-los-ods\/ods-11\/#breadcrumb\",\"itemListElement\":[{\"@type\":\"ListItem\",\"position\":1,\"name\":\"Inicio\",\"item\":\"https:\/\/geo-park.com\/sustainability\/2020\/\"},{\"@type\":\"ListItem\",\"position\":2,\"name\":\"Contribuci\u00f3n de SPEED a los ODS\",\"item\":\"https:\/\/geo-park.com\/sustainability\/2020\/contribucion-speed-a-los-ods\/\"},{\"@type\":\"ListItem\",\"position\":3,\"name\":\"ODS 11\"}]},{\"@type\":\"WebSite\",\"@id\":\"https:\/\/geo-park.com\/sustainability\/2020\/#website\",\"url\":\"https:\/\/geo-park.com\/sustainability\/2020\/\",\"name\":\"Sustainability Report 2020 GeoPark\",\"description\":\"Just another WordPress site\",\"potentialAction\":[{\"@type\":\"SearchAction\",\"target\":{\"@type\":\"EntryPoint\",\"urlTemplate\":\"https:\/\/geo-park.com\/sustainability\/2020\/?s={search_term_string}\"},\"query-input\":{\"@type\":\"PropertyValueSpecification\",\"valueRequired\":true,\"valueName\":\"search_term_string\"}}],\"inLanguage\":\"es\"}]}<\/script>\n<!-- \/ Yoast SEO plugin. -->","yoast_head_json":{"title":"ODS 11 GeoPark - Sustainability Report 2020 GeoPark","description":"En GeoPark wueremos lograr que las ciudades y los asentamientos humanos sean inclusivos, seguros, resilientes y sostenibles. Conoce m\u00e1s.","robots":{"index":"index","follow":"follow","max-snippet":"max-snippet:-1","max-image-preview":"max-image-preview:large","max-video-preview":"max-video-preview:-1"},"canonical":"https:\/\/geo-park.com\/sustainability\/2020\/contribucion-speed-a-los-ods\/ods-11\/","og_locale":"es_ES","og_type":"article","og_title":"ODS 11 GeoPark - Sustainability Report 2020 GeoPark","og_description":"En GeoPark wueremos lograr que las ciudades y los asentamientos humanos sean inclusivos, seguros, resilientes y sostenibles. Conoce m\u00e1s.","og_url":"https:\/\/geo-park.com\/sustainability\/2020\/contribucion-speed-a-los-ods\/ods-11\/","og_site_name":"Sustainability Report 2020 GeoPark","article_modified_time":"2021-11-23T20:41:45+00:00","og_image":[{"width":1280,"height":420,"url":"https:\/\/geo-park.com\/sustainability\/2020\/wp-content\/uploads\/2021\/11\/banner-ODS-11-CORREGIDO.jpg","type":"image\/jpeg"}],"twitter_card":"summary_large_image","twitter_misc":{"Tiempo de lectura":"3 minutos"},"schema":{"@context":"https:\/\/schema.org","@graph":[{"@type":"WebPage","@id":"https:\/\/geo-park.com\/sustainability\/2020\/contribucion-speed-a-los-ods\/ods-11\/","url":"https:\/\/geo-park.com\/sustainability\/2020\/contribucion-speed-a-los-ods\/ods-11\/","name":"ODS 11 GeoPark - Sustainability Report 2020 GeoPark","isPartOf":{"@id":"https:\/\/geo-park.com\/sustainability\/2020\/#website"},"primaryImageOfPage":{"@id":"https:\/\/geo-park.com\/sustainability\/2020\/contribucion-speed-a-los-ods\/ods-11\/#primaryimage"},"image":{"@id":"https:\/\/geo-park.com\/sustainability\/2020\/contribucion-speed-a-los-ods\/ods-11\/#primaryimage"},"thumbnailUrl":"https:\/\/geo-park.com\/sustainability\/2020\/wp-content\/uploads\/2021\/11\/banner-ODS-11-CORREGIDO.jpg","datePublished":"2021-09-16T21:34:53+00:00","dateModified":"2021-11-23T20:41:45+00:00","description":"En GeoPark wueremos lograr que las ciudades y los asentamientos humanos sean inclusivos, seguros, resilientes y sostenibles. Conoce m\u00e1s.","breadcrumb":{"@id":"https:\/\/geo-park.com\/sustainability\/2020\/contribucion-speed-a-los-ods\/ods-11\/#breadcrumb"},"inLanguage":"es","potentialAction":[{"@type":"ReadAction","target":["https:\/\/geo-park.com\/sustainability\/2020\/contribucion-speed-a-los-ods\/ods-11\/"]}]},{"@type":"ImageObject","inLanguage":"es","@id":"https:\/\/geo-park.com\/sustainability\/2020\/contribucion-speed-a-los-ods\/ods-11\/#primaryimage","url":"https:\/\/geo-park.com\/sustainability\/2020\/wp-content\/uploads\/2021\/11\/banner-ODS-11-CORREGIDO.jpg","contentUrl":"https:\/\/geo-park.com\/sustainability\/2020\/wp-content\/uploads\/2021\/11\/banner-ODS-11-CORREGIDO.jpg","width":1280,"height":420},{"@type":"BreadcrumbList","@id":"https:\/\/geo-park.com\/sustainability\/2020\/contribucion-speed-a-los-ods\/ods-11\/#breadcrumb","itemListElement":[{"@type":"ListItem","position":1,"name":"Inicio","item":"https:\/\/geo-park.com\/sustainability\/2020\/"},{"@type":"ListItem","position":2,"name":"Contribuci\u00f3n de SPEED a los ODS","item":"https:\/\/geo-park.com\/sustainability\/2020\/contribucion-speed-a-los-ods\/"},{"@type":"ListItem","position":3,"name":"ODS 11"}]},{"@type":"WebSite","@id":"https:\/\/geo-park.com\/sustainability\/2020\/#website","url":"https:\/\/geo-park.com\/sustainability\/2020\/","name":"Sustainability Report 2020 GeoPark","description":"Just another WordPress site","potentialAction":[{"@type":"SearchAction","target":{"@type":"EntryPoint","urlTemplate":"https:\/\/geo-park.com\/sustainability\/2020\/?s={search_term_string}"},"query-input":{"@type":"PropertyValueSpecification","valueRequired":true,"valueName":"search_term_string"}}],"inLanguage":"es"}]}},"_links":{"self":[{"href":"https:\/\/geo-park.com\/sustainability\/2020\/wp-json\/wp\/v2\/pages\/135","targetHints":{"allow":["GET"]}}],"collection":[{"href":"https:\/\/geo-park.com\/sustainability\/2020\/wp-json\/wp\/v2\/pages"}],"about":[{"href":"https:\/\/geo-park.com\/sustainability\/2020\/wp-json\/wp\/v2\/types\/page"}],"author":[{"embeddable":true,"href":"https:\/\/geo-park.com\/sustainability\/2020\/wp-json\/wp\/v2\/users\/1"}],"replies":[{"embeddable":true,"href":"https:\/\/geo-park.com\/sustainability\/2020\/wp-json\/wp\/v2\/comments?post=135"}],"version-history":[{"count":16,"href":"https:\/\/geo-park.com\/sustainability\/2020\/wp-json\/wp\/v2\/pages\/135\/revisions"}],"predecessor-version":[{"id":2062,"href":"https:\/\/geo-park.com\/sustainability\/2020\/wp-json\/wp\/v2\/pages\/135\/revisions\/2062"}],"up":[{"embeddable":true,"href":"https:\/\/geo-park.com\/sustainability\/2020\/wp-json\/wp\/v2\/pages\/115"}],"wp:featuredmedia":[{"embeddable":true,"href":"https:\/\/geo-park.com\/sustainability\/2020\/wp-json\/wp\/v2\/media\/2127"}],"wp:attachment":[{"href":"https:\/\/geo-park.com\/sustainability\/2020\/wp-json\/wp\/v2\/media?parent=135"}],"curies":[{"name":"wp","href":"https:\/\/api.w.org\/{rel}","templated":true}]}}