{"id":141,"date":"2021-09-16T21:37:28","date_gmt":"2021-09-16T21:37:28","guid":{"rendered":"https:\/\/geo-park.com\/sustainability\/2020\/?page_id=141"},"modified":"2022-07-25T15:41:08","modified_gmt":"2022-07-25T15:41:08","slug":"ods-16","status":"publish","type":"page","link":"https:\/\/geo-park.com\/sustainability\/2020\/contribucion-speed-a-los-ods\/ods-16\/","title":{"rendered":"ODS 16"},"content":{"rendered":"<section class=\"l-section wpb_row cont-btnpdf height_auto\"><div class=\"l-section-h i-cf\"><div class=\"g-cols via_grid cols_2-1 laptops-cols_inherit tablets-cols_inherit mobiles-cols_1 valign_top type_default\"><div class=\"wpb_column vc_column_container\"><div class=\"vc_column-inner\"><\/div><\/div><div class=\"wpb_column vc_column_container\"><div class=\"vc_column-inner\"><div class=\"w-btn-wrapper align_none\"><a class=\"w-btn us-btn-style_1 icon_atright\" target=\"_blank\" href=\"https:\/\/geo-park.com\/sustainability\/2020\/pdf\/ods-16.pdf\" rel=\"noopener\"><span class=\"w-btn-label\">Descarga<\/span><i class=\"far fa-arrow-down\"><\/i><\/a><\/div><\/div><\/div><\/div><\/div><\/section><section class=\"l-section wpb_row cont-introods height_small\"><div class=\"l-section-h i-cf\"><div class=\"g-cols via_grid cols_2-1 laptops-cols_inherit tablets-cols_inherit mobiles-cols_1 valign_top type_default reversed\"><div class=\"wpb_column vc_column_container\"><div class=\"vc_column-inner\">[vc_custom_heading text=\u00bbPromover sociedades pac\u00edficas e inclusivas para un desarrollo sostenible, proveer acceso a la justicia para todos y construir instituciones eficaces, responsables e inclusivas en todos los niveles\u00bb use_theme_fonts=\u00bbyes\u00bb el_class=\u00bbsubtitulos-ods\u00bb]<\/div><\/div><div class=\"wpb_column vc_column_container\"><div class=\"vc_column-inner\">[vc_single_image image=\u00bb1674&#8243; img_size=\u00bb\u00bb alignment=\u00bbcenter\u00bb el_class=\u00bbimg-ods\u00bb]<\/div><\/div><\/div><\/div><\/section><section class=\"l-section wpb_row height_small\"><div class=\"l-section-h i-cf\"><div class=\"g-cols via_grid cols_2-1 laptops-cols_inherit tablets-cols_inherit mobiles-cols_1 valign_top type_default\"><div class=\"wpb_column vc_column_container\"><div class=\"vc_column-inner\"><div class=\"w-iconbox icobox-bandera iconpos_left style_default color_primary align_left no_title icontype_img\"><div class=\"w-iconbox-icon\" style=\"font-size:4rem;\"><img loading=\"lazy\" decoding=\"async\" width=\"834\" height=\"834\" src=\"https:\/\/geo-park.com\/sustainability\/2020\/wp-content\/uploads\/2021\/11\/ico-interior_ODS-BANDERA-LINEAS.png\" class=\"attachment-full size-full\" alt=\"\" srcset=\"https:\/\/geo-park.com\/sustainability\/2020\/wp-content\/uploads\/2021\/11\/ico-interior_ODS-BANDERA-LINEAS.png 834w, https:\/\/geo-park.com\/sustainability\/2020\/wp-content\/uploads\/2021\/11\/ico-interior_ODS-BANDERA-LINEAS-300x300.png 300w, https:\/\/geo-park.com\/sustainability\/2020\/wp-content\/uploads\/2021\/11\/ico-interior_ODS-BANDERA-LINEAS-150x150.png 150w, https:\/\/geo-park.com\/sustainability\/2020\/wp-content\/uploads\/2021\/11\/ico-interior_ODS-BANDERA-LINEAS-400x400.png 400w\" sizes=\"auto, (max-width: 834px) 100vw, 834px\" \/><\/div><div class=\"w-iconbox-meta\"><div class=\"w-iconbox-text\"><p>En GeoPark, uno de los prop\u00f3sitos de nuestro compromiso social es garantizar que nuestra presencia en la vida de nuestros Vecinos sea arm\u00f3nica, basada en la confianza, el di\u00e1logo continuo e informado, lo cual nos permite tener relaciones s\u00f3lidas y de largo plazo.<\/p>\n<\/div><\/div><\/div><div class=\"w-iconbox icobox-items iconpos_left style_default color_primary align_left no_title\"><div class=\"w-iconbox-icon\" style=\"font-size:1rem;\"><i class=\"far fa-angle-double-right\"><\/i><\/div><div class=\"w-iconbox-meta\"><div class=\"w-iconbox-text\"><p><strong>Implementamos nuestro Sistema de Gesti\u00f3n Integrado del Entorno, que nos permite la articulaci\u00f3n anticipada, oportuna y con una mirada integral y transversal de los asuntos sociales y ambientales, y de otros que puedan tener impacto en los Vecinos y la Naturaleza.<\/strong> De esta manera, identificamos y gestionamos preventivamente los impactos propios de nuestra actividad.<\/p>\n<p>Tambi\u00e9n integramos las preocupaciones y expectativas de los vecinos en planes de gesti\u00f3n, procesos de informaci\u00f3n y participaci\u00f3n ciudadana, y promovemos conjuntamente la definici\u00f3n de alianzas para el desarrollo de programas de beneficio social y comunitario.<\/p>\n<p>Mediante este sistema logramos mantener una licencia social genuina y de largo plazo, construir valor diferencial y materializar nuestra promesa de valor de la Buena Vecindad.<\/p>\n<\/div><\/div><\/div><div class=\"w-iconbox icobox-items iconpos_left style_default color_primary align_left no_title\"><div class=\"w-iconbox-icon\" style=\"font-size:1rem;\"><i class=\"far fa-angle-double-right\"><\/i><\/div><div class=\"w-iconbox-meta\"><div class=\"w-iconbox-text\"><p><strong>En nuestro programa Cu\u00e9ntame registramos y gestionamos <\/strong><strong>todas las Peticiones, Quejas y Reclamos (PQR) que presentan nuestros grupos de inter\u00e9s en los territorios donde operamos,<\/strong> incorporando el enfoque de los derechos humanos y la promesa de valor de ser reconocidos como el vecino y aliado preferido. Durante 2020, en Colombia recibimos y atendimos 521 PQR de manera \u00e1gil, cercana y oportuna, dando respuestas formales a los interesados.<\/p>\n<\/div><\/div><\/div><div class=\"w-iconbox icobox-items iconpos_left style_default color_primary align_left no_title\"><div class=\"w-iconbox-icon\" style=\"font-size:1rem;\"><i class=\"far fa-angle-double-right\"><\/i><\/div><div class=\"w-iconbox-meta\"><div class=\"w-iconbox-text\"><p>En el marco de nuestras iniciativas de di\u00e1logo y comunicaci\u00f3n con las comunidades, cada a\u00f1o llevamos a cabo los Encuentros por la Transparencia con nuestros Vecinos, en los cuales presentamos la informaci\u00f3n de nuestras actividades operacionales en desarrollo, los nuevos proyectos y los resultados de la gesti\u00f3n socioambiental. Asimismo,<strong> aclaramos inquietudes y establecemos agendas conjuntas alrededor del desarrollo del territorio.<\/strong><\/p>\n<\/div><\/div><\/div><div class=\"w-iconbox icobox-bandera iconpos_left style_default color_primary align_left no_title icontype_img\"><div class=\"w-iconbox-icon\" style=\"font-size:4rem;\"><svg id=\"Capa_1\" data-name=\"Capa 1\" xmlns=\"http:\/\/www.w3.org\/2000\/svg\" xmlns:xlink=\"http:\/\/www.w3.org\/1999\/xlink\" viewBox=\"0 0 200 200\"><defs><style>.cls-1{fill:none;}.cls-2{clip-path:url(#clip-path);}.cls-3{fill:#b2293d;}<\/style><clipPath id=\"clip-path\"><rect class=\"cls-1\" x=\"-5\" y=\"-5\" width=\"210\" height=\"210\"\/><\/clipPath><\/defs><title>ico-interior<\/title><g class=\"cls-2\"><path class=\"cls-3\" d=\"M112.27,83.05V71.83a2.18,2.18,0,1,0-4.35,0V83.05H92.1V71.83a2.18,2.18,0,0,0-4.36,0V83.05H82V70a9.65,9.65,0,0,1,3.39-7c1.47-1.27,4.5-2.15,6.37-2.58l6.67,6.83a2.2,2.2,0,0,0,1.56.66,2.17,2.17,0,0,0,1.57-.67l6.54-6.79c1.91.45,5,1.38,6.54,2.61A8.4,8.4,0,0,1,118,70V83.05ZM123,55.24a.75.75,0,1,1,.75.75.74.74,0,0,1-.75-.75m3.81,71.88,3-39.7h4.67a2.19,2.19,0,0,0,0-4.37h-1.28V61.12l-4.53-4.53a5.13,5.13,0,1,0-2.84,3.31l3,3V83.05h-6.43V70a12.84,12.84,0,0,0-5-10.36c-3.11-2.48-8.93-3.62-9.59-3.74a2.18,2.18,0,0,0-2,.63L100,62.57l-5.93-6.08a2.22,2.22,0,0,0-1.92-.62c-.66.11-6.54,1.15-9.59,3.81A14.06,14.06,0,0,0,77.67,70V83.05h-12a2.19,2.19,0,0,0,0,4.37h4.64l3,39.7a2.18,2.18,0,0,0,2.17,2h.16a2.18,2.18,0,0,0,2-2.34l-3-39.38h50.73l-3,39.38a2.19,2.19,0,0,0,2,2.34h.16a2.17,2.17,0,0,0,2.17-2\"\/><path class=\"cls-3\" d=\"M100,34.48a8,8,0,1,1-8,8,8,8,0,0,1,8-8m0,20.31A12.34,12.34,0,1,0,87.67,42.45,12.35,12.35,0,0,0,100,54.79\"\/><path class=\"cls-3\" d=\"M69.91,165.52H64.37v-11a2.18,2.18,0,1,0-4.35,0v11H44.57v-11a2.18,2.18,0,1,0-4.35,0v11H34.68v-12.8A9.38,9.38,0,0,1,38,145.88a12.9,12.9,0,0,1,7.12-2.72,108.81,108.81,0,0,1,14.22,0,14.52,14.52,0,0,1,7.31,2.77,8.25,8.25,0,0,1,3.26,6.8Zm-.54-23a19.19,19.19,0,0,0-9.63-3.71,113.42,113.42,0,0,0-15,0,17.43,17.43,0,0,0-9.62,3.77,13.86,13.86,0,0,0-4.81,10.13v15a2.17,2.17,0,0,0,2.17,2.18H72.09a2.18,2.18,0,0,0,2.18-2.18v-15a12.67,12.67,0,0,0-4.9-10.2\"\/><path class=\"cls-3\" d=\"M52.29,115.21a7.79,7.79,0,1,1-7.8,7.78,7.8,7.8,0,0,1,7.8-7.78m0,19.93A12.15,12.15,0,1,0,40.14,123a12.16,12.16,0,0,0,12.15,12.15\"\/><path class=\"cls-3\" d=\"M117.61,165.52h-5.54v-11a2.18,2.18,0,1,0-4.35,0v11H92.27v-11a2.18,2.18,0,1,0-4.35,0v11H82.39v-12.8a9.39,9.39,0,0,1,3.31-6.84,12.9,12.9,0,0,1,7.12-2.72,108.81,108.81,0,0,1,14.22,0,14.52,14.52,0,0,1,7.31,2.77,8.25,8.25,0,0,1,3.26,6.8Zm-.54-23a19.19,19.19,0,0,0-9.63-3.71,113.42,113.42,0,0,0-15,0,17.38,17.38,0,0,0-9.61,3.77A13.83,13.83,0,0,0,78,152.72v15a2.17,2.17,0,0,0,2.18,2.18h39.58A2.18,2.18,0,0,0,122,167.7v-15a12.67,12.67,0,0,0-4.9-10.2\"\/><path class=\"cls-3\" d=\"M92.2,123a7.79,7.79,0,1,1,7.79,7.78A7.8,7.8,0,0,1,92.2,123m19.93,0A12.15,12.15,0,1,0,100,135.14,12.16,12.16,0,0,0,112.13,123\"\/><path class=\"cls-3\" d=\"M165.31,165.52h-5.53v-11a2.18,2.18,0,0,0-4.36,0v11H140v-11a2.18,2.18,0,1,0-4.35,0v11h-5.54v-12.8a9.32,9.32,0,0,1,3.31-6.84,13,13,0,0,1,7.12-2.72,108.81,108.81,0,0,1,14.22,0,14.57,14.57,0,0,1,7.32,2.77,8.24,8.24,0,0,1,3.25,6.8Zm-.54-23a19.13,19.13,0,0,0-9.63-3.71,113.42,113.42,0,0,0-15,0,17.38,17.38,0,0,0-9.61,3.77,13.86,13.86,0,0,0-4.81,10.13v15a2.17,2.17,0,0,0,2.17,2.18h39.58a2.17,2.17,0,0,0,2.18-2.18v-15a12.64,12.64,0,0,0-4.9-10.2\"\/><path class=\"cls-3\" d=\"M147.69,115.21A7.79,7.79,0,1,1,139.9,123a7.79,7.79,0,0,1,7.79-7.78m0,19.93A12.15,12.15,0,1,0,135.54,123a12.15,12.15,0,0,0,12.15,12.15\"\/><\/g><\/svg><\/div><div class=\"w-iconbox-meta\"><div class=\"w-iconbox-text\"><p>En Colombia, con nuestra estrategia Juntos Sumamos buscamos promover espacios de di\u00e1logo y relacionamiento directo, \u00e9tico y transparente con el empresariado y la mano de obra local en el que participan las distintas \u00e1reas involucradas de la Compa\u00f1\u00eda.<strong> Gracias a estas acciones logramos prevenir y anticiparnos a posibles situaciones de conflictividad social en las zonas donde operamos.<\/strong><\/p>\n<\/div><\/div><\/div><\/div><\/div><div class=\"wpb_column vc_column_container\"><div class=\"vc_column-inner\"><div class=\"w-vwrapper cont-side align_center valign_top\" style=\"--vwrapper-gap:0.2rem\"><div class=\"wpb_text_column txt-destacado-side\"><div class=\"wpb_wrapper\"><p style=\"text-align: center;\">Logramos resolver el<\/p>\n<\/div><\/div><div class=\"w-counter num-side color_primary align_center\" data-duration=\"2000\"><div class=\"w-counter-value\"><span class=\"w-counter-value-part type_text\" data-final=\"\"><\/span><span class=\"w-counter-value-part type_number\" data-final=\"92\">1<\/span><span class=\"w-counter-value-part type_text\" data-final=\"%\"><\/span><\/div><\/div><div class=\"wpb_text_column txt-destacado-side\"><div class=\"wpb_wrapper\"><p style=\"text-align: center;\">de los PQR del programa Cu\u00e9ntame<\/p>\n<\/div><\/div><\/div><\/div><\/div><\/div><\/div><\/section><section class=\"l-section wpb_row height_small\"><div class=\"l-section-h i-cf\"><div class=\"g-cols via_grid cols_1 laptops-cols_inherit tablets-cols_inherit mobiles-cols_1 valign_top type_default\"><div class=\"wpb_column vc_column_container\"><div class=\"vc_column-inner\"><div class=\"w-slider style_none fit_scaledown\"><div class=\"w-slider-h\"><div class=\"royalSlider\"><div class=\"rsContent\"><a class=\"rsImg\" data-rsw=\"1280\" data-rsh=\"615\" data-rsBigImg=\"https:\/\/geo-park.com\/sustainability\/2020\/wp-content\/uploads\/2021\/10\/Slider_0002_ODS-16-1.jpg\" href=\"https:\/\/geo-park.com\/sustainability\/2020\/wp-content\/uploads\/2021\/10\/Slider_0002_ODS-16-1.jpg\"><span data-alt=\"\"><\/span><\/a><\/div><\/div><img decoding=\"async\" src=\"https:\/\/geo-park.com\/sustainability\/2020\/wp-content\/uploads\/2021\/10\/Slider_0002_ODS-16-1.jpg\" width=\"1280\" height=\"615\" alt loading=\"lazy\"><\/div><div class=\"w-slider-json\" onclick='return {&quot;loop&quot;:true,&quot;fadeInLoadedSlide&quot;:false,&quot;slidesSpacing&quot;:0,&quot;imageScalePadding&quot;:0,&quot;numImagesToPreload&quot;:2,&quot;arrowsNav&quot;:true,&quot;arrowsNavAutoHide&quot;:false,&quot;transitionType&quot;:&quot;move&quot;,&quot;transitionSpeed&quot;:250,&quot;block&quot;:{&quot;moveEffect&quot;:&quot;none&quot;,&quot;speed&quot;:300},&quot;controlNavigation&quot;:&quot;bullets&quot;,&quot;fullscreen&quot;:{&quot;enabled&quot;:true},&quot;imageScaleMode&quot;:&quot;fit-if-smaller&quot;,&quot;autoScaleSlider&quot;:true,&quot;autoScaleSliderWidth&quot;:1280,&quot;autoScaleSliderHeight&quot;:615,&quot;fitInViewport&quot;:false}'><\/div><\/div><\/div><\/div><\/div><\/div><\/section>\n","protected":false},"excerpt":{"rendered":"Descarga[vc_custom_heading text=\"Promover sociedades pac\u00edficas e inclusivas para un desarrollo sostenible, proveer acceso a la justicia para todos y construir instituciones eficaces, responsables e inclusivas en todos los niveles\" use_theme_fonts=\"yes\" el_class=\"subtitulos-ods\"][vc_single_image image=\"1674\" img_size=\"\" alignment=\"center\" el_class=\"img-ods\"]En GeoPark, uno de los prop\u00f3sitos de nuestro compromiso social es garantizar que nuestra presencia en la vida de nuestros Vecinos sea...","protected":false},"author":1,"featured_media":1204,"parent":115,"menu_order":11,"comment_status":"closed","ping_status":"closed","template":"","meta":{"inline_featured_image":false,"footnotes":""},"class_list":["post-141","page","type-page","status-publish","has-post-thumbnail","hentry"],"yoast_head":"<!-- This site is optimized with the Yoast SEO plugin v24.9 - https:\/\/yoast.com\/wordpress\/plugins\/seo\/ -->\n<title>ODS 16 GeoPark - Sustainability Report 2020 GeoPark<\/title>\n<meta name=\"description\" content=\"En GeoPark queremos promover sociedades paci\u0301ficas e inclusivas, acceso a la justicia y construir instituciones eficaces, responsables e inclusivas. Conoce m\u00e1s\" \/>\n<meta name=\"robots\" content=\"index, follow, max-snippet:-1, max-image-preview:large, max-video-preview:-1\" \/>\n<link rel=\"canonical\" href=\"https:\/\/geo-park.com\/sustainability\/2020\/contribucion-speed-a-los-ods\/ods-16\/\" \/>\n<meta property=\"og:locale\" content=\"es_ES\" \/>\n<meta property=\"og:type\" content=\"article\" \/>\n<meta property=\"og:title\" content=\"ODS 16 GeoPark - Sustainability Report 2020 GeoPark\" \/>\n<meta property=\"og:description\" content=\"En GeoPark queremos promover sociedades paci\u0301ficas e inclusivas, acceso a la justicia y construir instituciones eficaces, responsables e inclusivas. Conoce m\u00e1s\" \/>\n<meta property=\"og:url\" content=\"https:\/\/geo-park.com\/sustainability\/2020\/contribucion-speed-a-los-ods\/ods-16\/\" \/>\n<meta property=\"og:site_name\" content=\"Sustainability Report 2020 GeoPark\" \/>\n<meta property=\"article:modified_time\" content=\"2022-07-25T15:41:08+00:00\" \/>\n<meta property=\"og:image\" content=\"https:\/\/geo-park.com\/sustainability\/2020\/wp-content\/uploads\/2021\/10\/banner-ODS-16.jpg\" \/>\n\t<meta property=\"og:image:width\" content=\"1280\" \/>\n\t<meta property=\"og:image:height\" content=\"420\" \/>\n\t<meta property=\"og:image:type\" content=\"image\/jpeg\" \/>\n<meta name=\"twitter:card\" content=\"summary_large_image\" \/>\n<meta name=\"twitter:label1\" content=\"Tiempo de lectura\" \/>\n\t<meta name=\"twitter:data1\" content=\"2 minutos\" \/>\n<script type=\"application\/ld+json\" class=\"yoast-schema-graph\">{\"@context\":\"https:\/\/schema.org\",\"@graph\":[{\"@type\":\"WebPage\",\"@id\":\"https:\/\/geo-park.com\/sustainability\/2020\/contribucion-speed-a-los-ods\/ods-16\/\",\"url\":\"https:\/\/geo-park.com\/sustainability\/2020\/contribucion-speed-a-los-ods\/ods-16\/\",\"name\":\"ODS 16 GeoPark - Sustainability Report 2020 GeoPark\",\"isPartOf\":{\"@id\":\"https:\/\/geo-park.com\/sustainability\/2020\/#website\"},\"primaryImageOfPage\":{\"@id\":\"https:\/\/geo-park.com\/sustainability\/2020\/contribucion-speed-a-los-ods\/ods-16\/#primaryimage\"},\"image\":{\"@id\":\"https:\/\/geo-park.com\/sustainability\/2020\/contribucion-speed-a-los-ods\/ods-16\/#primaryimage\"},\"thumbnailUrl\":\"https:\/\/geo-park.com\/sustainability\/2020\/wp-content\/uploads\/2021\/10\/banner-ODS-16.jpg\",\"datePublished\":\"2021-09-16T21:37:28+00:00\",\"dateModified\":\"2022-07-25T15:41:08+00:00\",\"description\":\"En GeoPark queremos promover sociedades paci\u0301ficas e inclusivas, acceso a la justicia y construir instituciones eficaces, responsables e inclusivas. Conoce m\u00e1s\",\"breadcrumb\":{\"@id\":\"https:\/\/geo-park.com\/sustainability\/2020\/contribucion-speed-a-los-ods\/ods-16\/#breadcrumb\"},\"inLanguage\":\"es\",\"potentialAction\":[{\"@type\":\"ReadAction\",\"target\":[\"https:\/\/geo-park.com\/sustainability\/2020\/contribucion-speed-a-los-ods\/ods-16\/\"]}]},{\"@type\":\"ImageObject\",\"inLanguage\":\"es\",\"@id\":\"https:\/\/geo-park.com\/sustainability\/2020\/contribucion-speed-a-los-ods\/ods-16\/#primaryimage\",\"url\":\"https:\/\/geo-park.com\/sustainability\/2020\/wp-content\/uploads\/2021\/10\/banner-ODS-16.jpg\",\"contentUrl\":\"https:\/\/geo-park.com\/sustainability\/2020\/wp-content\/uploads\/2021\/10\/banner-ODS-16.jpg\",\"width\":1280,\"height\":420},{\"@type\":\"BreadcrumbList\",\"@id\":\"https:\/\/geo-park.com\/sustainability\/2020\/contribucion-speed-a-los-ods\/ods-16\/#breadcrumb\",\"itemListElement\":[{\"@type\":\"ListItem\",\"position\":1,\"name\":\"Inicio\",\"item\":\"https:\/\/geo-park.com\/sustainability\/2020\/\"},{\"@type\":\"ListItem\",\"position\":2,\"name\":\"Contribuci\u00f3n de SPEED a los ODS\",\"item\":\"https:\/\/geo-park.com\/sustainability\/2020\/contribucion-speed-a-los-ods\/\"},{\"@type\":\"ListItem\",\"position\":3,\"name\":\"ODS 16\"}]},{\"@type\":\"WebSite\",\"@id\":\"https:\/\/geo-park.com\/sustainability\/2020\/#website\",\"url\":\"https:\/\/geo-park.com\/sustainability\/2020\/\",\"name\":\"Sustainability Report 2020 GeoPark\",\"description\":\"Just another WordPress site\",\"potentialAction\":[{\"@type\":\"SearchAction\",\"target\":{\"@type\":\"EntryPoint\",\"urlTemplate\":\"https:\/\/geo-park.com\/sustainability\/2020\/?s={search_term_string}\"},\"query-input\":{\"@type\":\"PropertyValueSpecification\",\"valueRequired\":true,\"valueName\":\"search_term_string\"}}],\"inLanguage\":\"es\"}]}<\/script>\n<!-- \/ Yoast SEO plugin. -->","yoast_head_json":{"title":"ODS 16 GeoPark - Sustainability Report 2020 GeoPark","description":"En GeoPark queremos promover sociedades paci\u0301ficas e inclusivas, acceso a la justicia y construir instituciones eficaces, responsables e inclusivas. Conoce m\u00e1s","robots":{"index":"index","follow":"follow","max-snippet":"max-snippet:-1","max-image-preview":"max-image-preview:large","max-video-preview":"max-video-preview:-1"},"canonical":"https:\/\/geo-park.com\/sustainability\/2020\/contribucion-speed-a-los-ods\/ods-16\/","og_locale":"es_ES","og_type":"article","og_title":"ODS 16 GeoPark - Sustainability Report 2020 GeoPark","og_description":"En GeoPark queremos promover sociedades paci\u0301ficas e inclusivas, acceso a la justicia y construir instituciones eficaces, responsables e inclusivas. Conoce m\u00e1s","og_url":"https:\/\/geo-park.com\/sustainability\/2020\/contribucion-speed-a-los-ods\/ods-16\/","og_site_name":"Sustainability Report 2020 GeoPark","article_modified_time":"2022-07-25T15:41:08+00:00","og_image":[{"width":1280,"height":420,"url":"https:\/\/geo-park.com\/sustainability\/2020\/wp-content\/uploads\/2021\/10\/banner-ODS-16.jpg","type":"image\/jpeg"}],"twitter_card":"summary_large_image","twitter_misc":{"Tiempo de lectura":"2 minutos"},"schema":{"@context":"https:\/\/schema.org","@graph":[{"@type":"WebPage","@id":"https:\/\/geo-park.com\/sustainability\/2020\/contribucion-speed-a-los-ods\/ods-16\/","url":"https:\/\/geo-park.com\/sustainability\/2020\/contribucion-speed-a-los-ods\/ods-16\/","name":"ODS 16 GeoPark - Sustainability Report 2020 GeoPark","isPartOf":{"@id":"https:\/\/geo-park.com\/sustainability\/2020\/#website"},"primaryImageOfPage":{"@id":"https:\/\/geo-park.com\/sustainability\/2020\/contribucion-speed-a-los-ods\/ods-16\/#primaryimage"},"image":{"@id":"https:\/\/geo-park.com\/sustainability\/2020\/contribucion-speed-a-los-ods\/ods-16\/#primaryimage"},"thumbnailUrl":"https:\/\/geo-park.com\/sustainability\/2020\/wp-content\/uploads\/2021\/10\/banner-ODS-16.jpg","datePublished":"2021-09-16T21:37:28+00:00","dateModified":"2022-07-25T15:41:08+00:00","description":"En GeoPark queremos promover sociedades paci\u0301ficas e inclusivas, acceso a la justicia y construir instituciones eficaces, responsables e inclusivas. Conoce m\u00e1s","breadcrumb":{"@id":"https:\/\/geo-park.com\/sustainability\/2020\/contribucion-speed-a-los-ods\/ods-16\/#breadcrumb"},"inLanguage":"es","potentialAction":[{"@type":"ReadAction","target":["https:\/\/geo-park.com\/sustainability\/2020\/contribucion-speed-a-los-ods\/ods-16\/"]}]},{"@type":"ImageObject","inLanguage":"es","@id":"https:\/\/geo-park.com\/sustainability\/2020\/contribucion-speed-a-los-ods\/ods-16\/#primaryimage","url":"https:\/\/geo-park.com\/sustainability\/2020\/wp-content\/uploads\/2021\/10\/banner-ODS-16.jpg","contentUrl":"https:\/\/geo-park.com\/sustainability\/2020\/wp-content\/uploads\/2021\/10\/banner-ODS-16.jpg","width":1280,"height":420},{"@type":"BreadcrumbList","@id":"https:\/\/geo-park.com\/sustainability\/2020\/contribucion-speed-a-los-ods\/ods-16\/#breadcrumb","itemListElement":[{"@type":"ListItem","position":1,"name":"Inicio","item":"https:\/\/geo-park.com\/sustainability\/2020\/"},{"@type":"ListItem","position":2,"name":"Contribuci\u00f3n de SPEED a los ODS","item":"https:\/\/geo-park.com\/sustainability\/2020\/contribucion-speed-a-los-ods\/"},{"@type":"ListItem","position":3,"name":"ODS 16"}]},{"@type":"WebSite","@id":"https:\/\/geo-park.com\/sustainability\/2020\/#website","url":"https:\/\/geo-park.com\/sustainability\/2020\/","name":"Sustainability Report 2020 GeoPark","description":"Just another WordPress site","potentialAction":[{"@type":"SearchAction","target":{"@type":"EntryPoint","urlTemplate":"https:\/\/geo-park.com\/sustainability\/2020\/?s={search_term_string}"},"query-input":{"@type":"PropertyValueSpecification","valueRequired":true,"valueName":"search_term_string"}}],"inLanguage":"es"}]}},"_links":{"self":[{"href":"https:\/\/geo-park.com\/sustainability\/2020\/wp-json\/wp\/v2\/pages\/141","targetHints":{"allow":["GET"]}}],"collection":[{"href":"https:\/\/geo-park.com\/sustainability\/2020\/wp-json\/wp\/v2\/pages"}],"about":[{"href":"https:\/\/geo-park.com\/sustainability\/2020\/wp-json\/wp\/v2\/types\/page"}],"author":[{"embeddable":true,"href":"https:\/\/geo-park.com\/sustainability\/2020\/wp-json\/wp\/v2\/users\/1"}],"replies":[{"embeddable":true,"href":"https:\/\/geo-park.com\/sustainability\/2020\/wp-json\/wp\/v2\/comments?post=141"}],"version-history":[{"count":20,"href":"https:\/\/geo-park.com\/sustainability\/2020\/wp-json\/wp\/v2\/pages\/141\/revisions"}],"predecessor-version":[{"id":4043,"href":"https:\/\/geo-park.com\/sustainability\/2020\/wp-json\/wp\/v2\/pages\/141\/revisions\/4043"}],"up":[{"embeddable":true,"href":"https:\/\/geo-park.com\/sustainability\/2020\/wp-json\/wp\/v2\/pages\/115"}],"wp:featuredmedia":[{"embeddable":true,"href":"https:\/\/geo-park.com\/sustainability\/2020\/wp-json\/wp\/v2\/media\/1204"}],"wp:attachment":[{"href":"https:\/\/geo-park.com\/sustainability\/2020\/wp-json\/wp\/v2\/media?parent=141"}],"curies":[{"name":"wp","href":"https:\/\/api.w.org\/{rel}","templated":true}]}}