{"id":145,"date":"2021-09-16T21:20:58","date_gmt":"2021-09-16T21:20:58","guid":{"rendered":"https:\/\/geo-park.com\/sustainability\/2020\/?page_id=145"},"modified":"2021-10-29T20:49:32","modified_gmt":"2021-10-29T20:49:32","slug":"comprometidos-con-la-seguridad-y-la-salud-durante-la-pandemia","status":"publish","type":"page","link":"https:\/\/geo-park.com\/sustainability\/2020\/hitos-de-gestion\/comprometidos-con-la-seguridad-y-la-salud-durante-la-pandemia\/","title":{"rendered":"Comprometidos con la seguridad y la salud durante la pandemia"},"content":{"rendered":"<section class=\"l-section wpb_row cont-hitoGestion-bottom bg-seguridad height_auto width_full\"><div class=\"l-section-h i-cf\"><div class=\"g-cols via_grid cols_2 laptops-cols_inherit tablets-cols_inherit mobiles-cols_1 valign_middle type_default\" style=\"grid-gap:0rem;\"><div class=\"wpb_column vc_column_container\"><div class=\"vc_column-inner\"><div class=\"w-vwrapper align_none valign_middle\" style=\"--vwrapper-gap:0.5rem\">[vc_custom_heading text=\u00bbHito de gesti\u00f3n\u00bb font_container=\u00bbtag:p|text_align:left\u00bb use_theme_fonts=\u00bbyes\u00bb el_class=\u00bbtxt-hitog\u00bb][vc_custom_heading source=\u00bbpost_title\u00bb font_container=\u00bbtag:h3|text_align:left\u00bb use_theme_fonts=\u00bbyes\u00bb]<\/div><\/div><\/div><div class=\"wpb_column vc_column_container us_custom_aeb0c8d0 has_bg_color\"><div class=\"vc_column-inner\"><\/div><\/div><\/div><\/div><\/section><section class=\"l-section wpb_row height_small\"><div class=\"l-section-h i-cf\"><div class=\"g-cols via_grid cols_2-1 laptops-cols_inherit tablets-cols_inherit mobiles-cols_1 valign_top type_default\"><div class=\"wpb_column vc_column_container\"><div class=\"vc_column-inner\"><div class=\"wpb_text_column intro-pp\"><div class=\"wpb_wrapper\"><p>En GeoPark identificamos de manera \u00e1gil y eficaz los retos impuestos por la pandemia del COVID-19, lo que nos sirvi\u00f3 para adaptar nuestra gesti\u00f3n en seguridad y salud a las nuevas variables del contexto. Fue as\u00ed como garantizamos la continuidad de las operaciones de forma segura para los empleados, contratistas y Vecinos durante 2020. <\/p>\n<\/div><\/div><\/div><\/div><div class=\"wpb_column vc_column_container\"><div class=\"vc_column-inner\"><\/div><\/div><\/div><\/div><\/section><section class=\"l-section wpb_row cont-seguridad height_small\"><div class=\"l-section-h i-cf\"><div class=\"g-cols via_grid cols_2-1 laptops-cols_inherit tablets-cols_inherit mobiles-cols_1 valign_top type_default\"><div class=\"wpb_column vc_column_container\"><div class=\"vc_column-inner\"><div class=\"wpb_text_column\"><div class=\"wpb_wrapper\"><p>Para avanzar en ese proceso de adaptaci\u00f3n fue fundamental coordinar esfuerzos con los contratistas en los territorios y las autoridades nacionales, con el fin de interpretar y entender la normatividad emitida en los pa\u00edses donde operamos a partir de las directrices dadas por la Organizaci\u00f3n Mundial de la Salud (OMS).<\/p>\n<p>Frente a ese escenario en evoluci\u00f3n, conformamos el Comit\u00e9 COVID-19, con la participaci\u00f3n y gesti\u00f3n de las \u00e1reas de HS, Personas y Conexiones, y el objetivo de definir e implementar las medidas de prevenci\u00f3n, mitigaci\u00f3n y atenci\u00f3n que permitieran una toma de decisiones informadas por parte de los equipos y siempre alineadas con la Cultura GeoPark.<\/p>\n<p>En nuestro plan de respuesta al COVID-19 establecimos los lineamientos y orientaciones por seguir en las operaciones de la Compa\u00f1\u00eda con el fin de minimizar el riesgo de contagio de nuestros empleados y nuestras comunidades vecinas; adem\u00e1s, ejecutamos acciones que facilitar\u00e1n una constante comunicaci\u00f3n, integraci\u00f3n y conectividad con todos nuestros grupos de inter\u00e9s. Entre estas medidas est\u00e1n las siguientes:<\/p>\n<\/div><\/div><div class=\"w-iconbox icobox-items iconpos_left style_default color_primary align_left no_title\"><div class=\"w-iconbox-icon\" style=\"font-size:1rem;\"><i class=\"far fa-angle-double-right\"><\/i><\/div><div class=\"w-iconbox-meta\"><div class=\"w-iconbox-text\"><p>Aplicamos estrictamente una serie de controles y protocolos de bioseguridad en las operaciones: pruebas de detecci\u00f3n y rastreo del COVID-19; aumento de las inspecciones en los procesos de ingreso, estad\u00eda y salida de empleados en los campos; diagn\u00f3sticos de salud; capacitaciones sobre la prevenci\u00f3n y el control del COVID-19, y suministro de elementos de protecci\u00f3n personal a nuestra gente.<\/p>\n<\/div><\/div><\/div><div class=\"w-iconbox icobox-items iconpos_left style_default color_primary align_left no_title\"><div class=\"w-iconbox-icon\" style=\"font-size:1rem;\"><i class=\"far fa-angle-double-right\"><\/i><\/div><div class=\"w-iconbox-meta\"><div class=\"w-iconbox-text\"><p>Modificamos los turnos de trabajo para disminuir la rotaci\u00f3n de los equipos, redujimos la cantidad de personal en la operaci\u00f3n al m\u00ednimo necesario para la continuidad del negocio, y nos aseguramos de que todos los empleados con condiciones de riesgo de salud no estuvieran presencialmente en campo.<\/p>\n<\/div><\/div><\/div><div class=\"w-iconbox icobox-items iconpos_left style_default color_primary align_left no_title\"><div class=\"w-iconbox-icon\" style=\"font-size:1rem;\"><i class=\"far fa-angle-double-right\"><\/i><\/div><div class=\"w-iconbox-meta\"><div class=\"w-iconbox-text\"><p>Dise\u00f1amos e implementamos una \u201cestrategia de burbujas\u201d vigente hasta el momento, que consiste en la conformaci\u00f3n de grupos de trabajo integrados por un m\u00e1ximo de cinco personas, quienes durante su turno no entran en contacto con nadie por fuera de esa unidad.<\/p>\n<\/div><\/div><\/div><div class=\"w-iconbox icobox-items iconpos_left style_default color_primary align_left no_title\"><div class=\"w-iconbox-icon\" style=\"font-size:1rem;\"><i class=\"far fa-angle-double-right\"><\/i><\/div><div class=\"w-iconbox-meta\"><div class=\"w-iconbox-text\"><p>Implementamos el programa L\u00edderes de Prevenci\u00f3n del COVID-19 en cada una de las cuadrillas de trabajo, con el fin de reforzar las medidas de cuidado durante todas las actividades operativas. <\/p>\n<\/div><\/div><\/div><div class=\"wpb_text_column\"><div class=\"wpb_wrapper\"><p>La puesta en marcha de estas acciones, definidas en los protocolos de bioseguridad, nos exigi\u00f3 tambi\u00e9n implementar algunas reformas en la infraestructura y las rutinas de los campos de operaci\u00f3n, entre ellas la modificaci\u00f3n de la capacidad de los dormitorios, la adaptaci\u00f3n de las \u00e1reas sociales para garantizar el distanciamiento f\u00edsico, la instalaci\u00f3n de puntos de lavado de manos, y el desarrollo de jornadas de desinfecci\u00f3n frecuente y minuciosa de todas las \u00e1reas comunes.<\/p>\n<p>Al entender la importancia de proteger la salud mental y emocional de nuestra gente y de disminuir el impacto psicosocial derivado principalmente del aislamiento y la coyuntura de la pandemia del COVID-19, implementamos el programa GeoTeCuida, un beneficio que les brind\u00f3 a los empleados de GeoPark acceso permanente (las 24 horas del d\u00eda, los 365 d\u00edas del a\u00f1o) a asesor\u00eda profesional y especializada en temas como psicolog\u00eda, finanzas, relaciones de pareja y crianza de sus hijos, entre otros.<\/p>\n<p>En nuestro compromiso por ser el mejor aliado en los territorios, ejecutamos un trabajo articulado con toda la cadena de valor, apoyando a los contratistas y a sus empresas en la implementaci\u00f3n de protocolos de bioseguridad.<\/p>\n<p>El balance en la implementaci\u00f3n de estas estrategias fue muy positivo y su alcance fue muy amplio: en diciembre de 2020 contamos con 1.340 personas trabajando en los bloques Llanos 34 y Platanillo en Colombia, alrededor de 100 en los bloques de Chile y 80 en Argentina.<\/p>\n<\/div><\/div><\/div><\/div><div class=\"wpb_column vc_column_container\"><div class=\"vc_column-inner\"><div class=\"w-iconbox icoboxside-top iconpos_top style_default color_primary align_left no_title icontype_img\"><div class=\"w-iconbox-icon\"><img loading=\"lazy\" decoding=\"async\" width=\"417\" height=\"417\" src=\"https:\/\/geo-park.com\/sustainability\/2020\/wp-content\/uploads\/2021\/10\/ico-hito-gestion-Seguridad-y-salud_Destacado-1.png\" class=\"attachment-full size-full\" alt=\"\" srcset=\"https:\/\/geo-park.com\/sustainability\/2020\/wp-content\/uploads\/2021\/10\/ico-hito-gestion-Seguridad-y-salud_Destacado-1.png 417w, https:\/\/geo-park.com\/sustainability\/2020\/wp-content\/uploads\/2021\/10\/ico-hito-gestion-Seguridad-y-salud_Destacado-1-300x300.png 300w, https:\/\/geo-park.com\/sustainability\/2020\/wp-content\/uploads\/2021\/10\/ico-hito-gestion-Seguridad-y-salud_Destacado-1-150x150.png 150w, https:\/\/geo-park.com\/sustainability\/2020\/wp-content\/uploads\/2021\/10\/ico-hito-gestion-Seguridad-y-salud_Destacado-1-400x400.png 400w\" sizes=\"auto, (max-width: 417px) 100vw, 417px\" \/><\/div><div class=\"w-iconbox-meta\"><div class=\"w-iconbox-text\"><p>Destacamos el compromiso y esfuerzo de todos los equipos, <span class=\"destacado\">empleados, contratistas y aliados para enfrentar la pandemia<\/span> y garantizar la continuidad del negocio.<\/p>\n<\/div><\/div><\/div><div class=\"w-iconbox icoboxside-top iconpos_top style_default color_primary align_left no_title icontype_img\"><div class=\"w-iconbox-icon\"><img loading=\"lazy\" decoding=\"async\" width=\"417\" height=\"417\" src=\"https:\/\/geo-park.com\/sustainability\/2020\/wp-content\/uploads\/2021\/10\/ico-hito-gestion-Seguridad-y-salud_Destacado-2.png\" class=\"attachment-full size-full\" alt=\"\" srcset=\"https:\/\/geo-park.com\/sustainability\/2020\/wp-content\/uploads\/2021\/10\/ico-hito-gestion-Seguridad-y-salud_Destacado-2.png 417w, https:\/\/geo-park.com\/sustainability\/2020\/wp-content\/uploads\/2021\/10\/ico-hito-gestion-Seguridad-y-salud_Destacado-2-300x300.png 300w, https:\/\/geo-park.com\/sustainability\/2020\/wp-content\/uploads\/2021\/10\/ico-hito-gestion-Seguridad-y-salud_Destacado-2-150x150.png 150w, https:\/\/geo-park.com\/sustainability\/2020\/wp-content\/uploads\/2021\/10\/ico-hito-gestion-Seguridad-y-salud_Destacado-2-400x400.png 400w\" sizes=\"auto, (max-width: 417px) 100vw, 417px\" \/><\/div><div class=\"w-iconbox-meta\"><div class=\"w-iconbox-text\"><p>Fuimos la primera Compa\u00f1\u00eda del sector de petr\u00f3leo y gas a nivel global en obtener el Sello <em>Safeguard<\/em> de Bureau Veritas, <span class=\"destacado\">gracias al cumplimiento de las buenas pr\u00e1cticas y est\u00e1ndares de bioseguridad<\/span> destinados a prevenir el COVID-19 en las operaciones de Llanos 34 y Platanillo, en Colombia.<\/p>\n<\/div><\/div><\/div><div class=\"w-iconbox icoboxside-top iconpos_top style_default color_primary align_left no_title icontype_img\"><div class=\"w-iconbox-icon\"><img loading=\"lazy\" decoding=\"async\" width=\"418\" height=\"417\" src=\"https:\/\/geo-park.com\/sustainability\/2020\/wp-content\/uploads\/2021\/10\/ico-hito-gestion-Seguridad-y-salud_Destacado-3.png\" class=\"attachment-full size-full\" alt=\"\" srcset=\"https:\/\/geo-park.com\/sustainability\/2020\/wp-content\/uploads\/2021\/10\/ico-hito-gestion-Seguridad-y-salud_Destacado-3.png 418w, https:\/\/geo-park.com\/sustainability\/2020\/wp-content\/uploads\/2021\/10\/ico-hito-gestion-Seguridad-y-salud_Destacado-3-300x300.png 300w, https:\/\/geo-park.com\/sustainability\/2020\/wp-content\/uploads\/2021\/10\/ico-hito-gestion-Seguridad-y-salud_Destacado-3-150x150.png 150w, https:\/\/geo-park.com\/sustainability\/2020\/wp-content\/uploads\/2021\/10\/ico-hito-gestion-Seguridad-y-salud_Destacado-3-401x400.png 401w\" sizes=\"auto, (max-width: 418px) 100vw, 418px\" \/><\/div><div class=\"w-iconbox-meta\"><div class=\"w-iconbox-text\"><p>Protegimos la salud de todo el equipo GeoPark, <span class=\"destacado\">mantuvimos los empleos directos y de contratistas, y logramos los indicadores de seguridad <\/span> m\u00e1s favorables de nuestra historia, a pesar del aumento en los niveles de producci\u00f3n.<\/p>\n<\/div><\/div><\/div><div class=\"w-btn-wrapper width_full\"><a class=\"w-btn us-btn-style_2 us_custom_1f257949 btn-externos icon_atleft\" target=\"_blank\" href=\"https:\/\/www.geo-park.com\/sp\/covid19\/\" rel=\"noopener\"><i class=\"far fa-browser\"><\/i><span class=\"w-btn-label\">Consulte las medidas adoptadas por la Compa\u00f1\u00eda en el marco de la emergencia sanitaria<\/span><\/a><\/div><\/div><\/div><\/div><\/div><\/section>\n","protected":false},"excerpt":{"rendered":"[vc_custom_heading text=\"Hito de gesti\u00f3n\" font_container=\"tag:p|text_align:left\" use_theme_fonts=\"yes\" el_class=\"txt-hitog\"][vc_custom_heading source=\"post_title\" font_container=\"tag:h3|text_align:left\" use_theme_fonts=\"yes\"]En GeoPark identificamos de manera \u00e1gil y eficaz los retos impuestos por la pandemia del COVID-19, lo que nos sirvi\u00f3 para adaptar nuestra gesti\u00f3n en seguridad y salud a las nuevas variables del contexto. Fue as\u00ed como garantizamos la continuidad de las operaciones de forma segura...","protected":false},"author":1,"featured_media":911,"parent":113,"menu_order":0,"comment_status":"closed","ping_status":"closed","template":"","meta":{"inline_featured_image":false,"footnotes":""},"class_list":["post-145","page","type-page","status-publish","has-post-thumbnail","hentry"],"yoast_head":"<!-- This site is optimized with the Yoast SEO plugin v24.9 - https:\/\/yoast.com\/wordpress\/plugins\/seo\/ -->\n<title>Comprometidos con la seguridad y la salud durante la pandemia - Sustainability Report 2020 GeoPark<\/title>\n<meta name=\"description\" content=\"En GeoPark identificamos los retos impuestos por el COVID-19, lo que nos sirvio\u0301 para adaptar la gestio\u0301n en seguridad y salud a las nuevas variables del contexto. Conoce m\u00e1s.\" \/>\n<meta name=\"robots\" content=\"index, follow, max-snippet:-1, max-image-preview:large, max-video-preview:-1\" \/>\n<link rel=\"canonical\" href=\"https:\/\/geo-park.com\/sustainability\/2020\/hitos-de-gestion\/comprometidos-con-la-seguridad-y-la-salud-durante-la-pandemia\/\" \/>\n<meta property=\"og:locale\" content=\"es_ES\" \/>\n<meta property=\"og:type\" content=\"article\" \/>\n<meta property=\"og:title\" content=\"Comprometidos con la seguridad y la salud durante la pandemia - Sustainability Report 2020 GeoPark\" \/>\n<meta property=\"og:description\" content=\"En GeoPark identificamos los retos impuestos por el COVID-19, lo que nos sirvio\u0301 para adaptar la gestio\u0301n en seguridad y salud a las nuevas variables del contexto. Conoce m\u00e1s.\" \/>\n<meta property=\"og:url\" content=\"https:\/\/geo-park.com\/sustainability\/2020\/hitos-de-gestion\/comprometidos-con-la-seguridad-y-la-salud-durante-la-pandemia\/\" \/>\n<meta property=\"og:site_name\" content=\"Sustainability Report 2020 GeoPark\" \/>\n<meta property=\"article:modified_time\" content=\"2021-10-29T20:49:32+00:00\" \/>\n<meta property=\"og:image\" content=\"https:\/\/geo-park.com\/sustainability\/2020\/wp-content\/uploads\/2021\/10\/banner-hitos-de-gestion-Seguridad-y-salud.jpg\" \/>\n\t<meta property=\"og:image:width\" content=\"700\" \/>\n\t<meta property=\"og:image:height\" content=\"420\" \/>\n\t<meta property=\"og:image:type\" content=\"image\/jpeg\" \/>\n<meta name=\"twitter:card\" content=\"summary_large_image\" \/>\n<meta name=\"twitter:label1\" content=\"Tiempo de lectura\" \/>\n\t<meta name=\"twitter:data1\" content=\"4 minutos\" \/>\n<script type=\"application\/ld+json\" class=\"yoast-schema-graph\">{\"@context\":\"https:\/\/schema.org\",\"@graph\":[{\"@type\":\"WebPage\",\"@id\":\"https:\/\/geo-park.com\/sustainability\/2020\/hitos-de-gestion\/comprometidos-con-la-seguridad-y-la-salud-durante-la-pandemia\/\",\"url\":\"https:\/\/geo-park.com\/sustainability\/2020\/hitos-de-gestion\/comprometidos-con-la-seguridad-y-la-salud-durante-la-pandemia\/\",\"name\":\"Comprometidos con la seguridad y la salud durante la pandemia - Sustainability Report 2020 GeoPark\",\"isPartOf\":{\"@id\":\"https:\/\/geo-park.com\/sustainability\/2020\/#website\"},\"primaryImageOfPage\":{\"@id\":\"https:\/\/geo-park.com\/sustainability\/2020\/hitos-de-gestion\/comprometidos-con-la-seguridad-y-la-salud-durante-la-pandemia\/#primaryimage\"},\"image\":{\"@id\":\"https:\/\/geo-park.com\/sustainability\/2020\/hitos-de-gestion\/comprometidos-con-la-seguridad-y-la-salud-durante-la-pandemia\/#primaryimage\"},\"thumbnailUrl\":\"https:\/\/geo-park.com\/sustainability\/2020\/wp-content\/uploads\/2021\/10\/banner-hitos-de-gestion-Seguridad-y-salud.jpg\",\"datePublished\":\"2021-09-16T21:20:58+00:00\",\"dateModified\":\"2021-10-29T20:49:32+00:00\",\"description\":\"En GeoPark identificamos los retos impuestos por el COVID-19, lo que nos sirvio\u0301 para adaptar la gestio\u0301n en seguridad y salud a las nuevas variables del contexto. Conoce m\u00e1s.\",\"breadcrumb\":{\"@id\":\"https:\/\/geo-park.com\/sustainability\/2020\/hitos-de-gestion\/comprometidos-con-la-seguridad-y-la-salud-durante-la-pandemia\/#breadcrumb\"},\"inLanguage\":\"es\",\"potentialAction\":[{\"@type\":\"ReadAction\",\"target\":[\"https:\/\/geo-park.com\/sustainability\/2020\/hitos-de-gestion\/comprometidos-con-la-seguridad-y-la-salud-durante-la-pandemia\/\"]}]},{\"@type\":\"ImageObject\",\"inLanguage\":\"es\",\"@id\":\"https:\/\/geo-park.com\/sustainability\/2020\/hitos-de-gestion\/comprometidos-con-la-seguridad-y-la-salud-durante-la-pandemia\/#primaryimage\",\"url\":\"https:\/\/geo-park.com\/sustainability\/2020\/wp-content\/uploads\/2021\/10\/banner-hitos-de-gestion-Seguridad-y-salud.jpg\",\"contentUrl\":\"https:\/\/geo-park.com\/sustainability\/2020\/wp-content\/uploads\/2021\/10\/banner-hitos-de-gestion-Seguridad-y-salud.jpg\",\"width\":700,\"height\":420},{\"@type\":\"BreadcrumbList\",\"@id\":\"https:\/\/geo-park.com\/sustainability\/2020\/hitos-de-gestion\/comprometidos-con-la-seguridad-y-la-salud-durante-la-pandemia\/#breadcrumb\",\"itemListElement\":[{\"@type\":\"ListItem\",\"position\":1,\"name\":\"Inicio\",\"item\":\"https:\/\/geo-park.com\/sustainability\/2020\/\"},{\"@type\":\"ListItem\",\"position\":2,\"name\":\"Hitos de gesti\u00f3n\",\"item\":\"https:\/\/geo-park.com\/sustainability\/2020\/hitos-de-gestion\/\"},{\"@type\":\"ListItem\",\"position\":3,\"name\":\"Comprometidos con la seguridad y la salud durante la pandemia\"}]},{\"@type\":\"WebSite\",\"@id\":\"https:\/\/geo-park.com\/sustainability\/2020\/#website\",\"url\":\"https:\/\/geo-park.com\/sustainability\/2020\/\",\"name\":\"Sustainability Report 2020 GeoPark\",\"description\":\"Just another WordPress site\",\"potentialAction\":[{\"@type\":\"SearchAction\",\"target\":{\"@type\":\"EntryPoint\",\"urlTemplate\":\"https:\/\/geo-park.com\/sustainability\/2020\/?s={search_term_string}\"},\"query-input\":{\"@type\":\"PropertyValueSpecification\",\"valueRequired\":true,\"valueName\":\"search_term_string\"}}],\"inLanguage\":\"es\"}]}<\/script>\n<!-- \/ Yoast SEO plugin. -->","yoast_head_json":{"title":"Comprometidos con la seguridad y la salud durante la pandemia - Sustainability Report 2020 GeoPark","description":"En GeoPark identificamos los retos impuestos por el COVID-19, lo que nos sirvio\u0301 para adaptar la gestio\u0301n en seguridad y salud a las nuevas variables del contexto. Conoce m\u00e1s.","robots":{"index":"index","follow":"follow","max-snippet":"max-snippet:-1","max-image-preview":"max-image-preview:large","max-video-preview":"max-video-preview:-1"},"canonical":"https:\/\/geo-park.com\/sustainability\/2020\/hitos-de-gestion\/comprometidos-con-la-seguridad-y-la-salud-durante-la-pandemia\/","og_locale":"es_ES","og_type":"article","og_title":"Comprometidos con la seguridad y la salud durante la pandemia - Sustainability Report 2020 GeoPark","og_description":"En GeoPark identificamos los retos impuestos por el COVID-19, lo que nos sirvio\u0301 para adaptar la gestio\u0301n en seguridad y salud a las nuevas variables del contexto. Conoce m\u00e1s.","og_url":"https:\/\/geo-park.com\/sustainability\/2020\/hitos-de-gestion\/comprometidos-con-la-seguridad-y-la-salud-durante-la-pandemia\/","og_site_name":"Sustainability Report 2020 GeoPark","article_modified_time":"2021-10-29T20:49:32+00:00","og_image":[{"width":700,"height":420,"url":"https:\/\/geo-park.com\/sustainability\/2020\/wp-content\/uploads\/2021\/10\/banner-hitos-de-gestion-Seguridad-y-salud.jpg","type":"image\/jpeg"}],"twitter_card":"summary_large_image","twitter_misc":{"Tiempo de lectura":"4 minutos"},"schema":{"@context":"https:\/\/schema.org","@graph":[{"@type":"WebPage","@id":"https:\/\/geo-park.com\/sustainability\/2020\/hitos-de-gestion\/comprometidos-con-la-seguridad-y-la-salud-durante-la-pandemia\/","url":"https:\/\/geo-park.com\/sustainability\/2020\/hitos-de-gestion\/comprometidos-con-la-seguridad-y-la-salud-durante-la-pandemia\/","name":"Comprometidos con la seguridad y la salud durante la pandemia - Sustainability Report 2020 GeoPark","isPartOf":{"@id":"https:\/\/geo-park.com\/sustainability\/2020\/#website"},"primaryImageOfPage":{"@id":"https:\/\/geo-park.com\/sustainability\/2020\/hitos-de-gestion\/comprometidos-con-la-seguridad-y-la-salud-durante-la-pandemia\/#primaryimage"},"image":{"@id":"https:\/\/geo-park.com\/sustainability\/2020\/hitos-de-gestion\/comprometidos-con-la-seguridad-y-la-salud-durante-la-pandemia\/#primaryimage"},"thumbnailUrl":"https:\/\/geo-park.com\/sustainability\/2020\/wp-content\/uploads\/2021\/10\/banner-hitos-de-gestion-Seguridad-y-salud.jpg","datePublished":"2021-09-16T21:20:58+00:00","dateModified":"2021-10-29T20:49:32+00:00","description":"En GeoPark identificamos los retos impuestos por el COVID-19, lo que nos sirvio\u0301 para adaptar la gestio\u0301n en seguridad y salud a las nuevas variables del contexto. Conoce m\u00e1s.","breadcrumb":{"@id":"https:\/\/geo-park.com\/sustainability\/2020\/hitos-de-gestion\/comprometidos-con-la-seguridad-y-la-salud-durante-la-pandemia\/#breadcrumb"},"inLanguage":"es","potentialAction":[{"@type":"ReadAction","target":["https:\/\/geo-park.com\/sustainability\/2020\/hitos-de-gestion\/comprometidos-con-la-seguridad-y-la-salud-durante-la-pandemia\/"]}]},{"@type":"ImageObject","inLanguage":"es","@id":"https:\/\/geo-park.com\/sustainability\/2020\/hitos-de-gestion\/comprometidos-con-la-seguridad-y-la-salud-durante-la-pandemia\/#primaryimage","url":"https:\/\/geo-park.com\/sustainability\/2020\/wp-content\/uploads\/2021\/10\/banner-hitos-de-gestion-Seguridad-y-salud.jpg","contentUrl":"https:\/\/geo-park.com\/sustainability\/2020\/wp-content\/uploads\/2021\/10\/banner-hitos-de-gestion-Seguridad-y-salud.jpg","width":700,"height":420},{"@type":"BreadcrumbList","@id":"https:\/\/geo-park.com\/sustainability\/2020\/hitos-de-gestion\/comprometidos-con-la-seguridad-y-la-salud-durante-la-pandemia\/#breadcrumb","itemListElement":[{"@type":"ListItem","position":1,"name":"Inicio","item":"https:\/\/geo-park.com\/sustainability\/2020\/"},{"@type":"ListItem","position":2,"name":"Hitos de gesti\u00f3n","item":"https:\/\/geo-park.com\/sustainability\/2020\/hitos-de-gestion\/"},{"@type":"ListItem","position":3,"name":"Comprometidos con la seguridad y la salud durante la pandemia"}]},{"@type":"WebSite","@id":"https:\/\/geo-park.com\/sustainability\/2020\/#website","url":"https:\/\/geo-park.com\/sustainability\/2020\/","name":"Sustainability Report 2020 GeoPark","description":"Just another WordPress site","potentialAction":[{"@type":"SearchAction","target":{"@type":"EntryPoint","urlTemplate":"https:\/\/geo-park.com\/sustainability\/2020\/?s={search_term_string}"},"query-input":{"@type":"PropertyValueSpecification","valueRequired":true,"valueName":"search_term_string"}}],"inLanguage":"es"}]}},"_links":{"self":[{"href":"https:\/\/geo-park.com\/sustainability\/2020\/wp-json\/wp\/v2\/pages\/145","targetHints":{"allow":["GET"]}}],"collection":[{"href":"https:\/\/geo-park.com\/sustainability\/2020\/wp-json\/wp\/v2\/pages"}],"about":[{"href":"https:\/\/geo-park.com\/sustainability\/2020\/wp-json\/wp\/v2\/types\/page"}],"author":[{"embeddable":true,"href":"https:\/\/geo-park.com\/sustainability\/2020\/wp-json\/wp\/v2\/users\/1"}],"replies":[{"embeddable":true,"href":"https:\/\/geo-park.com\/sustainability\/2020\/wp-json\/wp\/v2\/comments?post=145"}],"version-history":[{"count":12,"href":"https:\/\/geo-park.com\/sustainability\/2020\/wp-json\/wp\/v2\/pages\/145\/revisions"}],"predecessor-version":[{"id":1632,"href":"https:\/\/geo-park.com\/sustainability\/2020\/wp-json\/wp\/v2\/pages\/145\/revisions\/1632"}],"up":[{"embeddable":true,"href":"https:\/\/geo-park.com\/sustainability\/2020\/wp-json\/wp\/v2\/pages\/113"}],"wp:featuredmedia":[{"embeddable":true,"href":"https:\/\/geo-park.com\/sustainability\/2020\/wp-json\/wp\/v2\/media\/911"}],"wp:attachment":[{"href":"https:\/\/geo-park.com\/sustainability\/2020\/wp-json\/wp\/v2\/media?parent=145"}],"curies":[{"name":"wp","href":"https:\/\/api.w.org\/{rel}","templated":true}]}}