{"id":149,"date":"2021-09-16T21:22:31","date_gmt":"2021-09-16T21:22:31","guid":{"rendered":"https:\/\/geo-park.com\/sustainability\/2020\/?page_id=149"},"modified":"2021-10-29T20:49:41","modified_gmt":"2021-10-29T20:49:41","slug":"2020-en-el-que-la-cultura-y-las-personas-fueron-la-clave-para-seguir-creciendo","status":"publish","type":"page","link":"https:\/\/geo-park.com\/sustainability\/2020\/hitos-de-gestion\/2020-en-el-que-la-cultura-y-las-personas-fueron-la-clave-para-seguir-creciendo\/","title":{"rendered":"2020: un an\u0303o en el que la cultura y las personas fueron la clave para seguir creciendo"},"content":{"rendered":"<section class=\"l-section wpb_row cont-hitoGestion-bottom bg-empleados height_auto width_full\"><div class=\"l-section-h i-cf\"><div class=\"g-cols via_grid cols_2 laptops-cols_inherit tablets-cols_inherit mobiles-cols_1 valign_middle type_default\" style=\"grid-gap:0rem;\"><div class=\"wpb_column vc_column_container\"><div class=\"vc_column-inner\"><div class=\"w-vwrapper align_none valign_middle\" style=\"--vwrapper-gap:0.5rem\">[vc_custom_heading text=\u00bbHito de gesti\u00f3n\u00bb font_container=\u00bbtag:p|text_align:left\u00bb use_theme_fonts=\u00bbyes\u00bb el_class=\u00bbtxt-hitog\u00bb][vc_custom_heading source=\u00bbpost_title\u00bb font_container=\u00bbtag:h3|text_align:left\u00bb use_theme_fonts=\u00bbyes\u00bb]<\/div><\/div><\/div><div class=\"wpb_column vc_column_container us_custom_c078c2e7 has_bg_color\"><div class=\"vc_column-inner\"><\/div><\/div><\/div><\/div><\/section><section class=\"l-section wpb_row height_small\"><div class=\"l-section-h i-cf\"><div class=\"g-cols via_grid cols_2-1 laptops-cols_inherit tablets-cols_inherit mobiles-cols_1 valign_top type_default\"><div class=\"wpb_column vc_column_container\"><div class=\"vc_column-inner\"><div class=\"wpb_text_column intro-pp\"><div class=\"wpb_wrapper\"><p>Mantener a nuestros empleados alineados, motivados, capacitados, conectados, sanos y seguros. Ese fue nuestro gran logro en el a\u00f1o en que nos enfrentamos a diferentes retos: la pandemia del COVID-19, la virtualidad, la integraci\u00f3n de una nueva compa\u00f1\u00eda y la actualizaci\u00f3n de nuestro Modelo de Negocios.<\/p>\n<\/div><\/div><\/div><\/div><div class=\"wpb_column vc_column_container\"><div class=\"vc_column-inner\"><\/div><\/div><\/div><\/div><\/section><section class=\"l-section wpb_row cont-empleados height_small\"><div class=\"l-section-h i-cf\"><div class=\"g-cols via_grid cols_2-1 laptops-cols_inherit tablets-cols_inherit mobiles-cols_1 valign_top type_default\"><div class=\"wpb_column vc_column_container\"><div class=\"vc_column-inner\"><div class=\"wpb_text_column\"><div class=\"wpb_wrapper\"><p>Desde Personas, en nuestro rol de aliados estrat\u00e9gicos y trasversales de todas las \u00e1reas de la Compa\u00f1\u00eda, nos articulamos a los diferentes equipos para implementar acciones orientadas a los empleados y a sus familias.<\/p>\n<p>El primero de nuestros retos fue integrarnos al Equipo de Manejo de Crisis (Comit\u00e9 COVID-19), que tuvo como objetivo implementar medidas de prevenci\u00f3n, mitigaci\u00f3n y atenci\u00f3n en l\u00ednea con las recomendaciones de organismos internacionales y de las autoridades nacionales y locales de los pa\u00edses donde tenemos operaciones.<\/p>\n<p>Con este foco, nos centramos en que nuestros empleados se adaptaran a un nuevo modelo de trabajo, y que as\u00ed mantuvieran viva la Cultura GeoPark desde sus casas o desde los lugares de operaci\u00f3n, siempre teniendo como prioridad la salud, el bienestar y su calidad de vida y la de sus familias.<\/p>\n<p>Con este prop\u00f3sito, pusimos a disposici\u00f3n de nuestros empleados diferentes herramientas tecnol\u00f3gicas y de comunicaci\u00f3n que nos permitieran llevar mensajes de cuidado, prevenci\u00f3n y salud. Tambi\u00e9n incentivamos a los equipos a participar en espacios virtuales que organizamos para promover la actividad f\u00edsica, programas de nutrici\u00f3n, inteligencia emocional, higiene del sue\u00f1o y h\u00e1bitos para trabajar en casa.<\/p>\n<p>Adicionalmente, transformamos nuestro programa de formaci\u00f3n \u201cAprendamos con GeoPark\u201d desarrollando nuevos contenidos que fueron propuestos y dictados por nuestros empleados aprovechando las ventajas de la virtualidad para compartir y transferir conocimientos entre nuestros equipos.<\/p>\n<p>Junto con el Equipo Directivo decidimos invitar a toda la Compa\u00f1\u00eda a la Reuni\u00f3n Semanal de Operaciones. En esta no solo comentamos los temas importantes de cada activo y operaci\u00f3n, sino tambi\u00e9n los de cada \u00e1rea de la Compa\u00f1\u00eda, y profundizamos en proyectos y temas que son relevantes para los empleados. La apertura de este espacio fue de gran impacto porque permiti\u00f3 intensificar la comunicaci\u00f3n en tiempos de incertidumbre e integrar a todas las personas de la Compa\u00f1\u00eda.<\/p>\n<p>Otro de los grandes retos que enfrentamos en 2020 fue el proceso de integraci\u00f3n de la empresa Amerisur, cuyo portafolio de activos est\u00e1 en la cuenca Putumayo y la cuenca Llanos, en Colombia. La exitosa estrategia de integraci\u00f3n de los equipos de GeoPark y Amerisur nos permiti\u00f3 culminar el a\u00f1o asegurando la continuidad del negocio, la promoci\u00f3n y preservaci\u00f3n de la Cultura GeoPark y, m\u00e1s relevante a\u00fan, la integraci\u00f3n de un nuevo grupo de empleados experimentados y dedicados a nuestro equipo de trabajo.<\/p>\n<p>La actualizaci\u00f3n de nuestro Modelo de Negocios promovi\u00f3 un cambio organizacional dirigido a dise\u00f1ar una estructura m\u00e1s eficiente que nos sirviera para buscar sinergias, identificar nuevos l\u00edderes y generar oportunidades de crecimiento a m\u00e1s personas en la Compa\u00f1\u00eda. Esta nueva estructura ha favorecido la generaci\u00f3n de confianza y autonom\u00eda, as\u00ed como el empoderamiento en el propio liderazgo de cada uno de los empleados.<\/p>\n<p>Desde Personas, trabajando en equipo con otras \u00e1reas de la Compa\u00f1\u00eda, lideramos este importante cambio para que nuestra gente pudiera seguir avanzando en nuestro prop\u00f3sito fundamental: Crear Valor y Retribuir.<\/p>\n<\/div><\/div><\/div><\/div><div class=\"wpb_column vc_column_container\"><div class=\"vc_column-inner\"><div class=\"w-iconbox icobox-cuadrado iconpos_top style_default color_primary align_left no_title\"><div class=\"w-iconbox-icon\" style=\"font-size:1rem;\"><i class=\"fas fa-square-full\"><\/i><\/div><div class=\"w-iconbox-meta\"><div class=\"w-iconbox-text\"><p>En un a\u00f1o tan complejo y particular como 2020, todo el reconocimiento es para nuestra gente: <span class=\"destacado\">gracias a su esfuerzo, confianza en GeoPark y capacidad para trabajar en equipo,<\/span> nuestros empleados lograron adaptarse a los desaf\u00edos del entorno demostrando fortaleza, resiliencia y liderazgo.<\/p>\n<\/div><\/div><\/div><\/div><\/div><\/div><\/div><\/section><section class=\"l-section wpb_row us_custom_d88892cc height_small\"><div class=\"l-section-h i-cf\"><div class=\"g-cols via_grid cols_2 laptops-cols_inherit tablets-cols_inherit mobiles-cols_1 valign_middle type_default\"><div class=\"wpb_column vc_column_container\"><div class=\"vc_column-inner\">[vc_custom_heading text=\u00bbHoy en GeoPark nuestros corazones laten m\u00e1s cerca\u00bb use_theme_fonts=\u00bbyes\u00bb]<\/div><\/div><div class=\"wpb_column vc_column_container\"><div class=\"vc_column-inner\"><div class=\"w-video align_center ratio_16x9\" onclick=\"return {&quot;player_html&quot;:&quot;&lt;iframe title=\\&quot;Hoy en GeoPark nuestros corazones laten m\\u00e1s cerca\\&quot; width=\\&quot;640\\&quot; height=\\&quot;360\\&quot; src=\\&quot;https:\\\/\\\/www.youtube.com\\\/embed\\\/EoD8RciNZUo?feature=oembed\\&quot; frameborder=\\&quot;0\\&quot; allow=\\&quot;accelerometer; autoplay; clipboard-write; encrypted-media; gyroscope; picture-in-picture\\&quot; allowfullscreen&gt;&lt;\\\/iframe&gt;&quot;}\"><div class=\"w-video-h\"><iframe title=\"Youtube video player\" src=\"\/\/www.youtube.com\/embed\/EoD8RciNZUo?origin=https:\/\/geo-park.com\/sustainability\/2020&controls=1\" allowfullscreen=\"1\" loading=\"lazy\"><\/iframe><\/div><div class=\"w-video-icon\" style=\"font-size:1.5rem;background:rgba(0,0,0,0.5);color:#fff\"><\/div><\/div><\/div><\/div><\/div><\/div><\/section>\n","protected":false},"excerpt":{"rendered":"[vc_custom_heading text=\"Hito de gesti\u00f3n\" font_container=\"tag:p|text_align:left\" use_theme_fonts=\"yes\" el_class=\"txt-hitog\"][vc_custom_heading source=\"post_title\" font_container=\"tag:h3|text_align:left\" use_theme_fonts=\"yes\"]Mantener a nuestros empleados alineados, motivados, capacitados, conectados, sanos y seguros. Ese fue nuestro gran logro en el a\u00f1o en que nos enfrentamos a diferentes retos: la pandemia del COVID-19, la virtualidad, la integraci\u00f3n de una nueva compa\u00f1\u00eda y la actualizaci\u00f3n de nuestro Modelo de Negocios....","protected":false},"author":1,"featured_media":1010,"parent":113,"menu_order":2,"comment_status":"closed","ping_status":"closed","template":"","meta":{"inline_featured_image":false,"footnotes":""},"class_list":["post-149","page","type-page","status-publish","has-post-thumbnail","hentry"],"yoast_head":"<!-- This site is optimized with the Yoast SEO plugin v24.9 - https:\/\/yoast.com\/wordpress\/plugins\/seo\/ -->\n<title>2020: un an\u0303o en el que la cultura y las personas fueron la clave para seguir creciendo GeoPark - Sustainability Report 2020 GeoPark<\/title>\n<meta name=\"description\" content=\"Los logros del 2020 en GeoPark fueron mantener a nuestros empleados alineados, motivados, capacitados, conectados, sanos y seguros. Conoce m\u00e1s.\" \/>\n<meta name=\"robots\" content=\"index, follow, max-snippet:-1, max-image-preview:large, max-video-preview:-1\" \/>\n<link rel=\"canonical\" href=\"https:\/\/geo-park.com\/sustainability\/2020\/hitos-de-gestion\/2020-en-el-que-la-cultura-y-las-personas-fueron-la-clave-para-seguir-creciendo\/\" \/>\n<meta property=\"og:locale\" content=\"es_ES\" \/>\n<meta property=\"og:type\" content=\"article\" \/>\n<meta property=\"og:title\" content=\"2020: un an\u0303o en el que la cultura y las personas fueron la clave para seguir creciendo GeoPark - Sustainability Report 2020 GeoPark\" \/>\n<meta property=\"og:description\" content=\"Los logros del 2020 en GeoPark fueron mantener a nuestros empleados alineados, motivados, capacitados, conectados, sanos y seguros. Conoce m\u00e1s.\" \/>\n<meta property=\"og:url\" content=\"https:\/\/geo-park.com\/sustainability\/2020\/hitos-de-gestion\/2020-en-el-que-la-cultura-y-las-personas-fueron-la-clave-para-seguir-creciendo\/\" \/>\n<meta property=\"og:site_name\" content=\"Sustainability Report 2020 GeoPark\" \/>\n<meta property=\"article:modified_time\" content=\"2021-10-29T20:49:41+00:00\" \/>\n<meta property=\"og:image\" content=\"https:\/\/geo-park.com\/sustainability\/2020\/wp-content\/uploads\/2021\/10\/banner-hitos-de-gestion-Empleados.jpg\" \/>\n\t<meta property=\"og:image:width\" content=\"700\" \/>\n\t<meta property=\"og:image:height\" content=\"420\" \/>\n\t<meta property=\"og:image:type\" content=\"image\/jpeg\" \/>\n<meta name=\"twitter:card\" content=\"summary_large_image\" \/>\n<meta name=\"twitter:label1\" content=\"Tiempo de lectura\" \/>\n\t<meta name=\"twitter:data1\" content=\"3 minutos\" \/>\n<script type=\"application\/ld+json\" class=\"yoast-schema-graph\">{\"@context\":\"https:\/\/schema.org\",\"@graph\":[{\"@type\":\"WebPage\",\"@id\":\"https:\/\/geo-park.com\/sustainability\/2020\/hitos-de-gestion\/2020-en-el-que-la-cultura-y-las-personas-fueron-la-clave-para-seguir-creciendo\/\",\"url\":\"https:\/\/geo-park.com\/sustainability\/2020\/hitos-de-gestion\/2020-en-el-que-la-cultura-y-las-personas-fueron-la-clave-para-seguir-creciendo\/\",\"name\":\"2020: un an\u0303o en el que la cultura y las personas fueron la clave para seguir creciendo GeoPark - Sustainability Report 2020 GeoPark\",\"isPartOf\":{\"@id\":\"https:\/\/geo-park.com\/sustainability\/2020\/#website\"},\"primaryImageOfPage\":{\"@id\":\"https:\/\/geo-park.com\/sustainability\/2020\/hitos-de-gestion\/2020-en-el-que-la-cultura-y-las-personas-fueron-la-clave-para-seguir-creciendo\/#primaryimage\"},\"image\":{\"@id\":\"https:\/\/geo-park.com\/sustainability\/2020\/hitos-de-gestion\/2020-en-el-que-la-cultura-y-las-personas-fueron-la-clave-para-seguir-creciendo\/#primaryimage\"},\"thumbnailUrl\":\"https:\/\/geo-park.com\/sustainability\/2020\/wp-content\/uploads\/2021\/10\/banner-hitos-de-gestion-Empleados.jpg\",\"datePublished\":\"2021-09-16T21:22:31+00:00\",\"dateModified\":\"2021-10-29T20:49:41+00:00\",\"description\":\"Los logros del 2020 en GeoPark fueron mantener a nuestros empleados alineados, motivados, capacitados, conectados, sanos y seguros. Conoce m\u00e1s.\",\"breadcrumb\":{\"@id\":\"https:\/\/geo-park.com\/sustainability\/2020\/hitos-de-gestion\/2020-en-el-que-la-cultura-y-las-personas-fueron-la-clave-para-seguir-creciendo\/#breadcrumb\"},\"inLanguage\":\"es\",\"potentialAction\":[{\"@type\":\"ReadAction\",\"target\":[\"https:\/\/geo-park.com\/sustainability\/2020\/hitos-de-gestion\/2020-en-el-que-la-cultura-y-las-personas-fueron-la-clave-para-seguir-creciendo\/\"]}]},{\"@type\":\"ImageObject\",\"inLanguage\":\"es\",\"@id\":\"https:\/\/geo-park.com\/sustainability\/2020\/hitos-de-gestion\/2020-en-el-que-la-cultura-y-las-personas-fueron-la-clave-para-seguir-creciendo\/#primaryimage\",\"url\":\"https:\/\/geo-park.com\/sustainability\/2020\/wp-content\/uploads\/2021\/10\/banner-hitos-de-gestion-Empleados.jpg\",\"contentUrl\":\"https:\/\/geo-park.com\/sustainability\/2020\/wp-content\/uploads\/2021\/10\/banner-hitos-de-gestion-Empleados.jpg\",\"width\":700,\"height\":420},{\"@type\":\"BreadcrumbList\",\"@id\":\"https:\/\/geo-park.com\/sustainability\/2020\/hitos-de-gestion\/2020-en-el-que-la-cultura-y-las-personas-fueron-la-clave-para-seguir-creciendo\/#breadcrumb\",\"itemListElement\":[{\"@type\":\"ListItem\",\"position\":1,\"name\":\"Inicio\",\"item\":\"https:\/\/geo-park.com\/sustainability\/2020\/\"},{\"@type\":\"ListItem\",\"position\":2,\"name\":\"Hitos de gesti\u00f3n\",\"item\":\"https:\/\/geo-park.com\/sustainability\/2020\/hitos-de-gestion\/\"},{\"@type\":\"ListItem\",\"position\":3,\"name\":\"2020: un an\u0303o en el que la cultura y las personas fueron la clave para seguir creciendo\"}]},{\"@type\":\"WebSite\",\"@id\":\"https:\/\/geo-park.com\/sustainability\/2020\/#website\",\"url\":\"https:\/\/geo-park.com\/sustainability\/2020\/\",\"name\":\"Sustainability Report 2020 GeoPark\",\"description\":\"Just another WordPress site\",\"potentialAction\":[{\"@type\":\"SearchAction\",\"target\":{\"@type\":\"EntryPoint\",\"urlTemplate\":\"https:\/\/geo-park.com\/sustainability\/2020\/?s={search_term_string}\"},\"query-input\":{\"@type\":\"PropertyValueSpecification\",\"valueRequired\":true,\"valueName\":\"search_term_string\"}}],\"inLanguage\":\"es\"}]}<\/script>\n<!-- \/ Yoast SEO plugin. -->","yoast_head_json":{"title":"2020: un an\u0303o en el que la cultura y las personas fueron la clave para seguir creciendo GeoPark - Sustainability Report 2020 GeoPark","description":"Los logros del 2020 en GeoPark fueron mantener a nuestros empleados alineados, motivados, capacitados, conectados, sanos y seguros. Conoce m\u00e1s.","robots":{"index":"index","follow":"follow","max-snippet":"max-snippet:-1","max-image-preview":"max-image-preview:large","max-video-preview":"max-video-preview:-1"},"canonical":"https:\/\/geo-park.com\/sustainability\/2020\/hitos-de-gestion\/2020-en-el-que-la-cultura-y-las-personas-fueron-la-clave-para-seguir-creciendo\/","og_locale":"es_ES","og_type":"article","og_title":"2020: un an\u0303o en el que la cultura y las personas fueron la clave para seguir creciendo GeoPark - Sustainability Report 2020 GeoPark","og_description":"Los logros del 2020 en GeoPark fueron mantener a nuestros empleados alineados, motivados, capacitados, conectados, sanos y seguros. Conoce m\u00e1s.","og_url":"https:\/\/geo-park.com\/sustainability\/2020\/hitos-de-gestion\/2020-en-el-que-la-cultura-y-las-personas-fueron-la-clave-para-seguir-creciendo\/","og_site_name":"Sustainability Report 2020 GeoPark","article_modified_time":"2021-10-29T20:49:41+00:00","og_image":[{"width":700,"height":420,"url":"https:\/\/geo-park.com\/sustainability\/2020\/wp-content\/uploads\/2021\/10\/banner-hitos-de-gestion-Empleados.jpg","type":"image\/jpeg"}],"twitter_card":"summary_large_image","twitter_misc":{"Tiempo de lectura":"3 minutos"},"schema":{"@context":"https:\/\/schema.org","@graph":[{"@type":"WebPage","@id":"https:\/\/geo-park.com\/sustainability\/2020\/hitos-de-gestion\/2020-en-el-que-la-cultura-y-las-personas-fueron-la-clave-para-seguir-creciendo\/","url":"https:\/\/geo-park.com\/sustainability\/2020\/hitos-de-gestion\/2020-en-el-que-la-cultura-y-las-personas-fueron-la-clave-para-seguir-creciendo\/","name":"2020: un an\u0303o en el que la cultura y las personas fueron la clave para seguir creciendo GeoPark - Sustainability Report 2020 GeoPark","isPartOf":{"@id":"https:\/\/geo-park.com\/sustainability\/2020\/#website"},"primaryImageOfPage":{"@id":"https:\/\/geo-park.com\/sustainability\/2020\/hitos-de-gestion\/2020-en-el-que-la-cultura-y-las-personas-fueron-la-clave-para-seguir-creciendo\/#primaryimage"},"image":{"@id":"https:\/\/geo-park.com\/sustainability\/2020\/hitos-de-gestion\/2020-en-el-que-la-cultura-y-las-personas-fueron-la-clave-para-seguir-creciendo\/#primaryimage"},"thumbnailUrl":"https:\/\/geo-park.com\/sustainability\/2020\/wp-content\/uploads\/2021\/10\/banner-hitos-de-gestion-Empleados.jpg","datePublished":"2021-09-16T21:22:31+00:00","dateModified":"2021-10-29T20:49:41+00:00","description":"Los logros del 2020 en GeoPark fueron mantener a nuestros empleados alineados, motivados, capacitados, conectados, sanos y seguros. Conoce m\u00e1s.","breadcrumb":{"@id":"https:\/\/geo-park.com\/sustainability\/2020\/hitos-de-gestion\/2020-en-el-que-la-cultura-y-las-personas-fueron-la-clave-para-seguir-creciendo\/#breadcrumb"},"inLanguage":"es","potentialAction":[{"@type":"ReadAction","target":["https:\/\/geo-park.com\/sustainability\/2020\/hitos-de-gestion\/2020-en-el-que-la-cultura-y-las-personas-fueron-la-clave-para-seguir-creciendo\/"]}]},{"@type":"ImageObject","inLanguage":"es","@id":"https:\/\/geo-park.com\/sustainability\/2020\/hitos-de-gestion\/2020-en-el-que-la-cultura-y-las-personas-fueron-la-clave-para-seguir-creciendo\/#primaryimage","url":"https:\/\/geo-park.com\/sustainability\/2020\/wp-content\/uploads\/2021\/10\/banner-hitos-de-gestion-Empleados.jpg","contentUrl":"https:\/\/geo-park.com\/sustainability\/2020\/wp-content\/uploads\/2021\/10\/banner-hitos-de-gestion-Empleados.jpg","width":700,"height":420},{"@type":"BreadcrumbList","@id":"https:\/\/geo-park.com\/sustainability\/2020\/hitos-de-gestion\/2020-en-el-que-la-cultura-y-las-personas-fueron-la-clave-para-seguir-creciendo\/#breadcrumb","itemListElement":[{"@type":"ListItem","position":1,"name":"Inicio","item":"https:\/\/geo-park.com\/sustainability\/2020\/"},{"@type":"ListItem","position":2,"name":"Hitos de gesti\u00f3n","item":"https:\/\/geo-park.com\/sustainability\/2020\/hitos-de-gestion\/"},{"@type":"ListItem","position":3,"name":"2020: un an\u0303o en el que la cultura y las personas fueron la clave para seguir creciendo"}]},{"@type":"WebSite","@id":"https:\/\/geo-park.com\/sustainability\/2020\/#website","url":"https:\/\/geo-park.com\/sustainability\/2020\/","name":"Sustainability Report 2020 GeoPark","description":"Just another WordPress site","potentialAction":[{"@type":"SearchAction","target":{"@type":"EntryPoint","urlTemplate":"https:\/\/geo-park.com\/sustainability\/2020\/?s={search_term_string}"},"query-input":{"@type":"PropertyValueSpecification","valueRequired":true,"valueName":"search_term_string"}}],"inLanguage":"es"}]}},"_links":{"self":[{"href":"https:\/\/geo-park.com\/sustainability\/2020\/wp-json\/wp\/v2\/pages\/149","targetHints":{"allow":["GET"]}}],"collection":[{"href":"https:\/\/geo-park.com\/sustainability\/2020\/wp-json\/wp\/v2\/pages"}],"about":[{"href":"https:\/\/geo-park.com\/sustainability\/2020\/wp-json\/wp\/v2\/types\/page"}],"author":[{"embeddable":true,"href":"https:\/\/geo-park.com\/sustainability\/2020\/wp-json\/wp\/v2\/users\/1"}],"replies":[{"embeddable":true,"href":"https:\/\/geo-park.com\/sustainability\/2020\/wp-json\/wp\/v2\/comments?post=149"}],"version-history":[{"count":7,"href":"https:\/\/geo-park.com\/sustainability\/2020\/wp-json\/wp\/v2\/pages\/149\/revisions"}],"predecessor-version":[{"id":1018,"href":"https:\/\/geo-park.com\/sustainability\/2020\/wp-json\/wp\/v2\/pages\/149\/revisions\/1018"}],"up":[{"embeddable":true,"href":"https:\/\/geo-park.com\/sustainability\/2020\/wp-json\/wp\/v2\/pages\/113"}],"wp:featuredmedia":[{"embeddable":true,"href":"https:\/\/geo-park.com\/sustainability\/2020\/wp-json\/wp\/v2\/media\/1010"}],"wp:attachment":[{"href":"https:\/\/geo-park.com\/sustainability\/2020\/wp-json\/wp\/v2\/media?parent=149"}],"curies":[{"name":"wp","href":"https:\/\/api.w.org\/{rel}","templated":true}]}}