{"id":15,"date":"2021-09-16T20:32:14","date_gmt":"2021-09-16T20:32:14","guid":{"rendered":"https:\/\/geo-park.com\/sustainability\/2020\/?page_id=15"},"modified":"2021-11-23T18:04:08","modified_gmt":"2021-11-23T18:04:08","slug":"acerca-de-este-reporte","status":"publish","type":"page","link":"https:\/\/geo-park.com\/sustainability\/2020\/nuestra-compania\/acerca-de-este-reporte\/","title":{"rendered":"Acerca de este Reporte"},"content":{"rendered":"<section class=\"l-section wpb_row cont-btnpdf height_auto\"><div class=\"l-section-h i-cf\"><div class=\"g-cols via_grid cols_2-1 laptops-cols_inherit tablets-cols_inherit mobiles-cols_1 valign_top type_default\"><div class=\"wpb_column vc_column_container\"><div class=\"vc_column-inner\"><\/div><\/div><div class=\"wpb_column vc_column_container\"><div class=\"vc_column-inner\"><div class=\"w-btn-wrapper align_none\"><a class=\"w-btn us-btn-style_1 icon_atright\" target=\"_blank\" href=\"https:\/\/geo-park.com\/sustainability\/2020\/pdf\/acerca-de-este-reporte.pdf\" rel=\"noopener\"><span class=\"w-btn-label\">Descarga<\/span><i class=\"far fa-arrow-down\"><\/i><\/a><\/div><\/div><\/div><\/div><\/div><\/section><section class=\"l-section wpb_row height_small\"><div class=\"l-section-h i-cf\"><div class=\"g-cols via_grid cols_2-1 laptops-cols_inherit tablets-cols_inherit mobiles-cols_1 valign_top type_default\"><div class=\"wpb_column vc_column_container\"><div class=\"vc_column-inner\"><div class=\"wpb_text_column\"><div class=\"wpb_wrapper\"><p><span class=\"txt-gri\">(102-32, 102-45, 102-48, 102-49, 102-50, 102-51, 102-52, 102-53, 102-54, 102-56)<\/span><\/p>\n<\/div><\/div><div class=\"wpb_text_column\"><div class=\"wpb_wrapper\"><p>Nuestro Reporte SPEED\/ESG 2020 es el tercer informe de sostenibilidad elaborado en cumplimiento del est\u00e1ndar de Global Reporting Initiative (GRI) y se ha elaborado de conformidad con la opci\u00f3n Esencial de los Est\u00e1ndares GRI. Este reporte incluye, adem\u00e1s, informaci\u00f3n sobre avances de la gesti\u00f3n de la Compa\u00f1\u00eda, en l\u00ednea con los indicadores de la gu\u00eda de reporte de sostenibilidad de la Asociaci\u00f3n Mundial del Sector del Petr\u00f3leo y el Gas para Promover el Desempe\u00f1o Medioambiental y Social (IPIECA), y del Sustainability Accounting Standards Board (SASB), aplicables a las actividades de exploraci\u00f3n y producci\u00f3n de petr\u00f3leo y gas.Compartimos este reporte con nuestros <a href=\"https:\/\/geo-park.com\/sustainability\/2020\/nuestra-compania\/grupos-de-interes\/\" target=\"_blank\" rel=\"noopener\">grupos de inter\u00e9s<\/a> como una muestra m\u00e1s del compromiso con la transparencia y la generaci\u00f3n de valor que siempre ha caracterizado nuestras acciones. A trav\u00e9s de este reporte estamos haciendo visible la manera en la que gestionamos nuestros impactos en las dimensiones operacional, econ\u00f3mica, ambiental y social. Adem\u00e1s, contiene los resultados de la gesti\u00f3n de GeoPark en el a\u00f1o fiscal finalizado el 31 de diciembre de 2020 y su alcance corresponde a las operaciones de la Compa\u00f1\u00eda en Colombia, Ecuador, Chile, Brasil y Argentina.Fundamentamos la elaboraci\u00f3n del reporte en el cumplimiento de los principios para la definici\u00f3n del contenido y la calidad propuestos por el est\u00e1ndar GRI y la gu\u00eda de reporte de IPIECA. Adem\u00e1s, ser\u00e1 objeto de verificaci\u00f3n independiente y fue validado por el Equipo Directivo de GeoPark, lo que garantiza su integridad y credibilidad. El documento no contiene reexpresiones de datos o informaci\u00f3n ni cambios fundamentales con respecto al per\u00edodo inmediatamente anterior.Para garantizar la alineaci\u00f3n y la continuidad de la informaci\u00f3n, este documento mantiene la estructura de la edici\u00f3n anterior, que report\u00f3 la informaci\u00f3n concerniente al a\u00f1o fiscal finalizado el 31 de diciembre de 2019. El contenido presenta los cap\u00edtulos bajo el hilo conductor de nuestro Sistema Integrado de Valores SPEED y detalla la gesti\u00f3n de los temas materiales que contribuyen a la sostenibilidad de nuestro negocio y al desarrollo sostenible. Incluye las referencias al <a href=\"https:\/\/www.geo-park.com\/sp\/index\/\" target=\"_blank\" rel=\"noopener\">sitio web de GeoPark<\/a> para conveniencia de los lectores.<\/p>\n<\/div><\/div><div class=\"w-iconbox icobox-bandera recuadro iconpos_left style_default color_primary align_left no_title icontype_img\"><div class=\"w-iconbox-icon\" style=\"font-size:4rem;\"><svg id=\"Capa_1\" data-name=\"Capa 1\" xmlns=\"http:\/\/www.w3.org\/2000\/svg\" viewBox=\"0 0 200 200\"><defs><style>.cls-1{fill:#fff;}.cls-2{fill:#b2293d;}.cls-3{fill:none;}<\/style><\/defs><title>Iconos-Acerca-de-este-informe<\/title><rect class=\"cls-1\" x=\"-0.5\" y=\"-1.31\" width=\"201.94\" height=\"201.94\"\/><path class=\"cls-2\" d=\"M86.42,175.33H67L51,155.84,54.52,153l14.64,17.83H86.42a6.21,6.21,0,0,0,4.9-1.87,10,10,0,0,0,2.05-6H76.18L54.79,138H49.7c-5.43,0-9.08,3.81-10,10.47-1,7.57-3.06,24.82-3.06,24.82l-4.52-.52s2-17.33,3.08-24.93c1.24-8.88,6.8-14.4,14.51-14.4h7.17l21.4,24.88H97.65l.22,2c0,.3.75,7.21-3.16,11.57A10.6,10.6,0,0,1,86.42,175.33ZM62,128.69c-8.29,0-14.53-6.71-14.53-15.6v-4.44c0-8.9,6.24-15.6,14.53-15.6s14.53,6.7,14.53,15.6v4.44C76.49,122,70.25,128.69,62,128.69ZM62,97.6c-5.79,0-10,4.64-10,11.05v4.44c0,6.4,4.2,11,10,11s10-4.65,10-11v-4.44C72,102.24,67.75,97.6,62,97.6Z\"\/><path class=\"cls-2\" d=\"M158.47,175.33H55.16v-4.55H158.47Zm-25.83-9.58h-29V161.2h27.77L148,133.84H95.11L82.87,152l-3.76-2.54L92,130.29a2.27,2.27,0,0,1,1.88-1H152a2.28,2.28,0,0,1,2,1.16,2.26,2.26,0,0,1,0,2.3l-19.37,31.92A2.26,2.26,0,0,1,132.64,165.75Zm-29-44.66a5.71,5.71,0,0,1-1.8-.3,5.4,5.4,0,0,1-3.74-5.18V101.92H93.9a11.92,11.92,0,0,1-12-11.84V35.83A11.92,11.92,0,0,1,93.9,24h71a11.92,11.92,0,0,1,12,11.85V86.89a15.13,15.13,0,0,1-15.19,15H120.86L108,118.9A5.43,5.43,0,0,1,103.63,121.09ZM93.9,28.52a7.37,7.37,0,0,0-7.41,7.31V90.08a7.37,7.37,0,0,0,7.41,7.3h6.46a2.27,2.27,0,0,1,2.27,2.27v16a.88.88,0,0,0,.65.87.9.9,0,0,0,1.07-.33l13.57-17.87a2.26,2.26,0,0,1,1.81-.9h42a10.57,10.57,0,0,0,10.63-10.49V35.83a7.37,7.37,0,0,0-7.41-7.31Z\"\/><path class=\"cls-2\" d=\"M147.28,86.5h-4.55V77.15c0-4.83-7.12-7.08-11.92-7.08s-11.93,2.25-11.93,7.08V86.5h-4.55V77.15c0-5.09,3.86-8.6,8.82-10.35A12.05,12.05,0,0,1,120,58.45V55.34c0-6.63,4.64-11.63,10.8-11.63s10.79,5,10.79,11.63v3.11a12.05,12.05,0,0,1-3.14,8.35c5,1.75,8.82,5.26,8.82,10.35ZM130.81,48.26c-3.68,0-6.25,2.91-6.25,7.08v3.11c0,3.52,2.15,7.08,6.25,7.08,3.68,0,6.24-2.91,6.24-7.08V55.34C137.05,51.17,134.49,48.26,130.81,48.26Z\"\/><rect class=\"cls-3\" x=\"-0.5\" y=\"-1.32\" width=\"201.94\" height=\"201.94\"\/><\/svg><\/div><div class=\"w-iconbox-meta\"><div class=\"w-iconbox-text\"><h4 class=\"destacado\"><strong>Oficinas y contactos<\/strong><\/h4>\n<div class=\"cont-columnasStart\">\n<div class=\"item-2col\"><strong>Colombia<\/strong> Bogot\u00e1 Calle 94 N.\u00b0 11-30 Piso 8 +57 60 1 7432337<\/div>\n<div class=\"item-2col\"><strong>Ecuador<\/strong> Quito Portugal N.\u00b0 34 360 y Av. 6 de Diciembre Edificio Zyra, piso 12 + 593 2 500 2670<\/div>\n<\/div>\n<div class=\"cont-columnasStart\">\n<div class=\"item-2col\"><strong>Argentina<\/strong> Buenos Aires Florida 981, piso 1 + 54 11 4312 9400<\/div>\n<div class=\"item-2col\"><strong>Chile<\/strong> Punta Arenas Lautaro Navarro 1021 +56 61 2745100<\/div>\n<\/div>\n<h4><strong>Conozca m\u00e1s acerca de GeoPark:<\/strong><\/h4>\n<p><a href=\"https:\/\/www.geo-park.com\/\" target=\"_blank\" rel=\"noopener\">www.geo-park.com <\/a> <a href=\"https:\/\/www.linkedin.com\/company\/geopark\/?originalSubdomain=co\" target=\"_blank\" rel=\"noopener\"><i class=\"fab fa-linkedin-in\"><\/i> LinkedIn: \/company\/geopark<\/a> <a href=\"https:\/\/www.youtube.com\/channel\/UC-aacxQk6VYnYE2BWiFqG4Q\" target=\"_blank\" rel=\"noopener\"><i class=\"fab fa-youtube\"><\/i> YouTube: \/GeoParkOG<\/a> <a href=\"https:\/\/buenosvecinos.com\/\" target=\"_blank\" rel=\"noopener\">www.buenosvecinos.com<\/a> <a href=\"https:\/\/www.lanuevaamerisur.com\/\" target=\"_blank\" rel=\"noopener\">www.lanuevaamerisur.com <\/a><\/p>\n<\/div><\/div><\/div><div class=\"w-video align_none ratio_16x9\" onclick=\"return {&quot;player_html&quot;:&quot;&lt;iframe title=\\&quot;Reporte SPEED\\\/ESG 2020 - En GeoPark, aportamos al desarrollo sostenible\\&quot; width=\\&quot;480\\&quot; height=\\&quot;360\\&quot; src=\\&quot;https:\\\/\\\/www.youtube.com\\\/embed\\\/PfGmnjvYp7w?feature=oembed\\&quot; frameborder=\\&quot;0\\&quot; allow=\\&quot;accelerometer; autoplay; clipboard-write; encrypted-media; gyroscope; picture-in-picture\\&quot; allowfullscreen&gt;&lt;\\\/iframe&gt;&quot;}\"><div class=\"w-video-h\"><iframe title=\"Youtube video player\" src=\"\/\/www.youtube.com\/embed\/PfGmnjvYp7w?origin=https:\/\/geo-park.com\/sustainability\/2020&controls=0\" allowfullscreen=\"1\" loading=\"lazy\"><\/iframe><\/div><div class=\"w-video-icon\" style=\"font-size:1.5rem;background:rgba(0,0,0,0.5);color:#fff\"><\/div><\/div><\/div><\/div><div class=\"wpb_column vc_column_container\"><div class=\"vc_column-inner\"><div class=\"w-iconbox icobox-cuadrado iconpos_top style_default color_primary align_left no_title\"><div class=\"w-iconbox-icon\" style=\"font-size:1rem;\"><i class=\"fas fa-square-full\"><\/i><\/div><div class=\"w-iconbox-meta\"><div class=\"w-iconbox-text\"><p>Cualquier inquietud, consulta o solicitud de informaci\u00f3n adicional sobre este reporte debe ser enviada al correo electr\u00f3nico <a href=\"mailto:conexiones@geo-park.com\" target=\"_blank\" rel=\"noopener\">conexiones@geo-park.com <\/a><\/p>\n<\/div><\/div><\/div><\/div><\/div><\/div><\/div><\/section>\n","protected":false},"excerpt":{"rendered":"Descarga(102-32, 102-45, 102-48, 102-49, 102-50, 102-51, 102-52, 102-53, 102-54, 102-56) Nuestro Reporte SPEED\/ESG 2020 es el tercer informe de sostenibilidad elaborado en cumplimiento del est\u00e1ndar de Global Reporting Initiative (GRI) y se ha elaborado de conformidad con la opci\u00f3n Esencial de los Est\u00e1ndares GRI. Este reporte incluye, adem\u00e1s, informaci\u00f3n sobre avances de la gesti\u00f3n de...","protected":false},"author":1,"featured_media":751,"parent":13,"menu_order":0,"comment_status":"closed","ping_status":"closed","template":"","meta":{"inline_featured_image":false,"footnotes":""},"class_list":["post-15","page","type-page","status-publish","has-post-thumbnail","hentry"],"yoast_head":"<!-- This site is optimized with the Yoast SEO plugin v24.9 - https:\/\/yoast.com\/wordpress\/plugins\/seo\/ -->\n<title>Acerca del reporte SPEED GeoPark - Sustainability Report 2020 GeoPark<\/title>\n<meta name=\"description\" content=\"Conoce el alcance de nuestro reporte SPEED + ESG 2020 GeoPark.\" \/>\n<meta name=\"robots\" content=\"index, follow, max-snippet:-1, max-image-preview:large, max-video-preview:-1\" \/>\n<link rel=\"canonical\" href=\"https:\/\/geo-park.com\/sustainability\/2020\/nuestra-compania\/acerca-de-este-reporte\/\" \/>\n<meta property=\"og:locale\" content=\"es_ES\" \/>\n<meta property=\"og:type\" content=\"article\" \/>\n<meta property=\"og:title\" content=\"Acerca del reporte SPEED GeoPark - Sustainability Report 2020 GeoPark\" \/>\n<meta property=\"og:description\" content=\"Conoce el alcance de nuestro reporte SPEED + ESG 2020 GeoPark.\" \/>\n<meta property=\"og:url\" content=\"https:\/\/geo-park.com\/sustainability\/2020\/nuestra-compania\/acerca-de-este-reporte\/\" \/>\n<meta property=\"og:site_name\" content=\"Sustainability Report 2020 GeoPark\" \/>\n<meta property=\"article:modified_time\" content=\"2021-11-23T18:04:08+00:00\" \/>\n<meta property=\"og:image\" content=\"https:\/\/geo-park.com\/sustainability\/2020\/wp-content\/uploads\/2021\/10\/banner-nuestra-compania-acerca-de-este-reporte.jpg\" \/>\n\t<meta property=\"og:image:width\" content=\"1280\" \/>\n\t<meta property=\"og:image:height\" content=\"420\" \/>\n\t<meta property=\"og:image:type\" content=\"image\/jpeg\" \/>\n<meta name=\"twitter:card\" content=\"summary_large_image\" \/>\n<meta name=\"twitter:label1\" content=\"Tiempo de lectura\" \/>\n\t<meta name=\"twitter:data1\" content=\"3 minutos\" \/>\n<script type=\"application\/ld+json\" class=\"yoast-schema-graph\">{\"@context\":\"https:\/\/schema.org\",\"@graph\":[{\"@type\":\"WebPage\",\"@id\":\"https:\/\/geo-park.com\/sustainability\/2020\/nuestra-compania\/acerca-de-este-reporte\/\",\"url\":\"https:\/\/geo-park.com\/sustainability\/2020\/nuestra-compania\/acerca-de-este-reporte\/\",\"name\":\"Acerca del reporte SPEED GeoPark - Sustainability Report 2020 GeoPark\",\"isPartOf\":{\"@id\":\"https:\/\/geo-park.com\/sustainability\/2020\/#website\"},\"primaryImageOfPage\":{\"@id\":\"https:\/\/geo-park.com\/sustainability\/2020\/nuestra-compania\/acerca-de-este-reporte\/#primaryimage\"},\"image\":{\"@id\":\"https:\/\/geo-park.com\/sustainability\/2020\/nuestra-compania\/acerca-de-este-reporte\/#primaryimage\"},\"thumbnailUrl\":\"https:\/\/geo-park.com\/sustainability\/2020\/wp-content\/uploads\/2021\/10\/banner-nuestra-compania-acerca-de-este-reporte.jpg\",\"datePublished\":\"2021-09-16T20:32:14+00:00\",\"dateModified\":\"2021-11-23T18:04:08+00:00\",\"description\":\"Conoce el alcance de nuestro reporte SPEED + ESG 2020 GeoPark.\",\"breadcrumb\":{\"@id\":\"https:\/\/geo-park.com\/sustainability\/2020\/nuestra-compania\/acerca-de-este-reporte\/#breadcrumb\"},\"inLanguage\":\"es\",\"potentialAction\":[{\"@type\":\"ReadAction\",\"target\":[\"https:\/\/geo-park.com\/sustainability\/2020\/nuestra-compania\/acerca-de-este-reporte\/\"]}]},{\"@type\":\"ImageObject\",\"inLanguage\":\"es\",\"@id\":\"https:\/\/geo-park.com\/sustainability\/2020\/nuestra-compania\/acerca-de-este-reporte\/#primaryimage\",\"url\":\"https:\/\/geo-park.com\/sustainability\/2020\/wp-content\/uploads\/2021\/10\/banner-nuestra-compania-acerca-de-este-reporte.jpg\",\"contentUrl\":\"https:\/\/geo-park.com\/sustainability\/2020\/wp-content\/uploads\/2021\/10\/banner-nuestra-compania-acerca-de-este-reporte.jpg\",\"width\":1280,\"height\":420},{\"@type\":\"BreadcrumbList\",\"@id\":\"https:\/\/geo-park.com\/sustainability\/2020\/nuestra-compania\/acerca-de-este-reporte\/#breadcrumb\",\"itemListElement\":[{\"@type\":\"ListItem\",\"position\":1,\"name\":\"Inicio\",\"item\":\"https:\/\/geo-park.com\/sustainability\/2020\/\"},{\"@type\":\"ListItem\",\"position\":2,\"name\":\"Nuestra Compa\u00f1\u00eda\",\"item\":\"https:\/\/geo-park.com\/sustainability\/2020\/nuestra-compania\/\"},{\"@type\":\"ListItem\",\"position\":3,\"name\":\"Acerca de este Reporte\"}]},{\"@type\":\"WebSite\",\"@id\":\"https:\/\/geo-park.com\/sustainability\/2020\/#website\",\"url\":\"https:\/\/geo-park.com\/sustainability\/2020\/\",\"name\":\"Sustainability Report 2020 GeoPark\",\"description\":\"Just another WordPress site\",\"potentialAction\":[{\"@type\":\"SearchAction\",\"target\":{\"@type\":\"EntryPoint\",\"urlTemplate\":\"https:\/\/geo-park.com\/sustainability\/2020\/?s={search_term_string}\"},\"query-input\":{\"@type\":\"PropertyValueSpecification\",\"valueRequired\":true,\"valueName\":\"search_term_string\"}}],\"inLanguage\":\"es\"}]}<\/script>\n<!-- \/ Yoast SEO plugin. -->","yoast_head_json":{"title":"Acerca del reporte SPEED GeoPark - Sustainability Report 2020 GeoPark","description":"Conoce el alcance de nuestro reporte SPEED + ESG 2020 GeoPark.","robots":{"index":"index","follow":"follow","max-snippet":"max-snippet:-1","max-image-preview":"max-image-preview:large","max-video-preview":"max-video-preview:-1"},"canonical":"https:\/\/geo-park.com\/sustainability\/2020\/nuestra-compania\/acerca-de-este-reporte\/","og_locale":"es_ES","og_type":"article","og_title":"Acerca del reporte SPEED GeoPark - Sustainability Report 2020 GeoPark","og_description":"Conoce el alcance de nuestro reporte SPEED + ESG 2020 GeoPark.","og_url":"https:\/\/geo-park.com\/sustainability\/2020\/nuestra-compania\/acerca-de-este-reporte\/","og_site_name":"Sustainability Report 2020 GeoPark","article_modified_time":"2021-11-23T18:04:08+00:00","og_image":[{"width":1280,"height":420,"url":"https:\/\/geo-park.com\/sustainability\/2020\/wp-content\/uploads\/2021\/10\/banner-nuestra-compania-acerca-de-este-reporte.jpg","type":"image\/jpeg"}],"twitter_card":"summary_large_image","twitter_misc":{"Tiempo de lectura":"3 minutos"},"schema":{"@context":"https:\/\/schema.org","@graph":[{"@type":"WebPage","@id":"https:\/\/geo-park.com\/sustainability\/2020\/nuestra-compania\/acerca-de-este-reporte\/","url":"https:\/\/geo-park.com\/sustainability\/2020\/nuestra-compania\/acerca-de-este-reporte\/","name":"Acerca del reporte SPEED GeoPark - Sustainability Report 2020 GeoPark","isPartOf":{"@id":"https:\/\/geo-park.com\/sustainability\/2020\/#website"},"primaryImageOfPage":{"@id":"https:\/\/geo-park.com\/sustainability\/2020\/nuestra-compania\/acerca-de-este-reporte\/#primaryimage"},"image":{"@id":"https:\/\/geo-park.com\/sustainability\/2020\/nuestra-compania\/acerca-de-este-reporte\/#primaryimage"},"thumbnailUrl":"https:\/\/geo-park.com\/sustainability\/2020\/wp-content\/uploads\/2021\/10\/banner-nuestra-compania-acerca-de-este-reporte.jpg","datePublished":"2021-09-16T20:32:14+00:00","dateModified":"2021-11-23T18:04:08+00:00","description":"Conoce el alcance de nuestro reporte SPEED + ESG 2020 GeoPark.","breadcrumb":{"@id":"https:\/\/geo-park.com\/sustainability\/2020\/nuestra-compania\/acerca-de-este-reporte\/#breadcrumb"},"inLanguage":"es","potentialAction":[{"@type":"ReadAction","target":["https:\/\/geo-park.com\/sustainability\/2020\/nuestra-compania\/acerca-de-este-reporte\/"]}]},{"@type":"ImageObject","inLanguage":"es","@id":"https:\/\/geo-park.com\/sustainability\/2020\/nuestra-compania\/acerca-de-este-reporte\/#primaryimage","url":"https:\/\/geo-park.com\/sustainability\/2020\/wp-content\/uploads\/2021\/10\/banner-nuestra-compania-acerca-de-este-reporte.jpg","contentUrl":"https:\/\/geo-park.com\/sustainability\/2020\/wp-content\/uploads\/2021\/10\/banner-nuestra-compania-acerca-de-este-reporte.jpg","width":1280,"height":420},{"@type":"BreadcrumbList","@id":"https:\/\/geo-park.com\/sustainability\/2020\/nuestra-compania\/acerca-de-este-reporte\/#breadcrumb","itemListElement":[{"@type":"ListItem","position":1,"name":"Inicio","item":"https:\/\/geo-park.com\/sustainability\/2020\/"},{"@type":"ListItem","position":2,"name":"Nuestra Compa\u00f1\u00eda","item":"https:\/\/geo-park.com\/sustainability\/2020\/nuestra-compania\/"},{"@type":"ListItem","position":3,"name":"Acerca de este Reporte"}]},{"@type":"WebSite","@id":"https:\/\/geo-park.com\/sustainability\/2020\/#website","url":"https:\/\/geo-park.com\/sustainability\/2020\/","name":"Sustainability Report 2020 GeoPark","description":"Just another WordPress site","potentialAction":[{"@type":"SearchAction","target":{"@type":"EntryPoint","urlTemplate":"https:\/\/geo-park.com\/sustainability\/2020\/?s={search_term_string}"},"query-input":{"@type":"PropertyValueSpecification","valueRequired":true,"valueName":"search_term_string"}}],"inLanguage":"es"}]}},"_links":{"self":[{"href":"https:\/\/geo-park.com\/sustainability\/2020\/wp-json\/wp\/v2\/pages\/15","targetHints":{"allow":["GET"]}}],"collection":[{"href":"https:\/\/geo-park.com\/sustainability\/2020\/wp-json\/wp\/v2\/pages"}],"about":[{"href":"https:\/\/geo-park.com\/sustainability\/2020\/wp-json\/wp\/v2\/types\/page"}],"author":[{"embeddable":true,"href":"https:\/\/geo-park.com\/sustainability\/2020\/wp-json\/wp\/v2\/users\/1"}],"replies":[{"embeddable":true,"href":"https:\/\/geo-park.com\/sustainability\/2020\/wp-json\/wp\/v2\/comments?post=15"}],"version-history":[{"count":16,"href":"https:\/\/geo-park.com\/sustainability\/2020\/wp-json\/wp\/v2\/pages\/15\/revisions"}],"predecessor-version":[{"id":2099,"href":"https:\/\/geo-park.com\/sustainability\/2020\/wp-json\/wp\/v2\/pages\/15\/revisions\/2099"}],"up":[{"embeddable":true,"href":"https:\/\/geo-park.com\/sustainability\/2020\/wp-json\/wp\/v2\/pages\/13"}],"wp:featuredmedia":[{"embeddable":true,"href":"https:\/\/geo-park.com\/sustainability\/2020\/wp-json\/wp\/v2\/media\/751"}],"wp:attachment":[{"href":"https:\/\/geo-park.com\/sustainability\/2020\/wp-json\/wp\/v2\/media?parent=15"}],"curies":[{"name":"wp","href":"https:\/\/api.w.org\/{rel}","templated":true}]}}