{"id":151,"date":"2021-09-16T21:23:45","date_gmt":"2021-09-16T21:23:45","guid":{"rendered":"https:\/\/geo-park.com\/sustainability\/2020\/?page_id=151"},"modified":"2021-10-29T20:49:46","modified_gmt":"2021-10-29T20:49:46","slug":"nuestro-compromiso-con-la-reduccion-de-emisiones-de-gases-de-efecto-invernadero-gei","status":"publish","type":"page","link":"https:\/\/geo-park.com\/sustainability\/2020\/hitos-de-gestion\/nuestro-compromiso-con-la-reduccion-de-emisiones-de-gases-de-efecto-invernadero-gei\/","title":{"rendered":"Nuestro compromiso con la reduccio\u0301n de emisiones de Gases de Efecto Invernadero (GEI)"},"content":{"rendered":"<section class=\"l-section wpb_row cont-hitoGestion-bottom bg-ambiental height_auto width_full\"><div class=\"l-section-h i-cf\"><div class=\"g-cols via_grid cols_2 laptops-cols_inherit tablets-cols_inherit mobiles-cols_1 valign_middle type_default\" style=\"grid-gap:0rem;\"><div class=\"wpb_column vc_column_container\"><div class=\"vc_column-inner\"><div class=\"w-vwrapper align_none valign_middle\" style=\"--vwrapper-gap:0.5rem\">[vc_custom_heading text=\u00bbHito de gesti\u00f3n\u00bb font_container=\u00bbtag:p|text_align:left\u00bb use_theme_fonts=\u00bbyes\u00bb el_class=\u00bbtxt-hitog\u00bb][vc_custom_heading source=\u00bbpost_title\u00bb font_container=\u00bbtag:h3|text_align:left\u00bb use_theme_fonts=\u00bbyes\u00bb]<\/div><\/div><\/div><div class=\"wpb_column vc_column_container us_custom_45530d7b has_bg_color\"><div class=\"vc_column-inner\"><\/div><\/div><\/div><\/div><\/section><section class=\"l-section wpb_row height_small\"><div class=\"l-section-h i-cf\"><div class=\"g-cols via_grid cols_2-1 laptops-cols_inherit tablets-cols_inherit mobiles-cols_1 valign_top type_default\"><div class=\"wpb_column vc_column_container\"><div class=\"vc_column-inner\"><div class=\"wpb_text_column intro-pp\"><div class=\"wpb_wrapper\"><p>Reducir las emisiones de gases de efecto invernadero es un esfuerzo crucial en pro de alcanzar los Objetivos de Desarrollo Sostenible. <\/p>\n<\/div><\/div><\/div><\/div><div class=\"wpb_column vc_column_container\"><div class=\"vc_column-inner\"><\/div><\/div><\/div><\/div><\/section><section class=\"l-section wpb_row cont-ambiental height_small\"><div class=\"l-section-h i-cf\"><div class=\"g-cols via_grid cols_2-1 laptops-cols_inherit tablets-cols_inherit mobiles-cols_1 valign_top type_default\"><div class=\"wpb_column vc_column_container\"><div class=\"vc_column-inner\"><div class=\"wpb_text_column\"><div class=\"wpb_wrapper\"><p>Nuestro compromiso con el cuidado y la protecci\u00f3n del medioambiente exige nuestros m\u00e1ximos esfuerzos en reducir la huella de carbono que genera el desarrollo de nuestras operaciones; por esto, en 2020 decidimos construir una estrategia corporativa de reducci\u00f3n de GEI que nos permita establecer metas e iniciativas concretas, y definir una hoja de ruta en los activos de producci\u00f3n que operamos directamente.<\/p>\n<p>Despu\u00e9s de evaluar distintas propuestas y posibles aliados, avanzamos en la construcci\u00f3n de esta estrategia con la firma de consultor\u00eda estrat\u00e9gica Kearney, que ha asesorado a empresas internacionales del sector de petr\u00f3leo y gas en la identificaci\u00f3n y definici\u00f3n de estrategias y proyectos para reducir su huella de carbono.<\/p>\n<p>Los principales objetivos para la definici\u00f3n de nuestra estrategia de reducci\u00f3n de emisiones de GEI son:<\/p>\n<\/div><\/div><div class=\"w-iconbox icobox-items iconpos_left style_default color_primary align_left no_title\"><div class=\"w-iconbox-icon\" style=\"font-size:1rem;\"><i class=\"far fa-angle-double-right\"><\/i><\/div><div class=\"w-iconbox-meta\"><div class=\"w-iconbox-text\"><p>Estimar el inventario corporativo de GEI representativo de nuestras emisiones reales mediante la utilizaci\u00f3n de enfoques y principios estandarizados.<\/p>\n<\/div><\/div><\/div><div class=\"w-iconbox icobox-items iconpos_left style_default color_primary align_left no_title\"><div class=\"w-iconbox-icon\" style=\"font-size:1rem;\"><i class=\"far fa-angle-double-right\"><\/i><\/div><div class=\"w-iconbox-meta\"><div class=\"w-iconbox-text\"><p>Definir la hoja de ruta para la gesti\u00f3n y metas de reducci\u00f3n de emisiones de GEI por pa\u00eds y consolidado de GeoPark.<\/p>\n<\/div><\/div><\/div><div class=\"w-iconbox icobox-items iconpos_left style_default color_primary align_left no_title\"><div class=\"w-iconbox-icon\" style=\"font-size:1rem;\"><i class=\"far fa-angle-double-right\"><\/i><\/div><div class=\"w-iconbox-meta\"><div class=\"w-iconbox-text\"><p>Establecer lineamientos de articulaci\u00f3n de la estrategia con el Modelo de Negocios y la estructura organizacional, con el fin de garantizar su implementaci\u00f3n y sostenibilidad. En l\u00ednea con este prop\u00f3sito, la estrategia integra una visi\u00f3n de articulaci\u00f3n con el gobierno corporativo de la Compa\u00f1\u00eda.<\/p>\n<\/div><\/div><\/div><div class=\"wpb_text_column\"><div class=\"wpb_wrapper\"><p>Poner en marcha este trabajo implicar\u00e1 el desarrollo de proyectos, que involucrar\u00e1n a todos los miembros de la alta direcci\u00f3n de GeoPark y a las \u00e1reas t\u00e9cnicas l\u00edderes de procesos relacionados con la reducci\u00f3n de emisiones de GEI en nuestros activos de producci\u00f3n operados directamente.<\/p>\n<p>Entre las principales actividades que nos conducir\u00e1n a formular esta estrategia de reducci\u00f3n de emisiones de GEI est\u00e1n:<\/p>\n<\/div><\/div><div class=\"w-iconbox icobox-items iconpos_left style_default color_primary align_left no_title\"><div class=\"w-iconbox-icon\" style=\"font-size:1rem;\"><i class=\"far fa-angle-double-right\"><\/i><\/div><div class=\"w-iconbox-meta\"><div class=\"w-iconbox-text\"><p>Desarrollar la l\u00ednea base corporativa y analizar tendencias y gu\u00edas de reporte relevantes en la industria. <\/p>\n<\/div><\/div><\/div><div class=\"w-iconbox icobox-items iconpos_left style_default color_primary align_left no_title\"><div class=\"w-iconbox-icon\" style=\"font-size:1rem;\"><i class=\"far fa-angle-double-right\"><\/i><\/div><div class=\"w-iconbox-meta\"><div class=\"w-iconbox-text\"><p>Definir las l\u00edneas de acci\u00f3n generales de la estrategia y los procesos claves para su implementaci\u00f3n. <\/p>\n<\/div><\/div><\/div><div class=\"w-iconbox icobox-items iconpos_left style_default color_primary align_left no_title\"><div class=\"w-iconbox-icon\" style=\"font-size:1rem;\"><i class=\"far fa-angle-double-right\"><\/i><\/div><div class=\"w-iconbox-meta\"><div class=\"w-iconbox-text\"><p>Realizar el an\u00e1lisis de factibilidad e impacto potencial en la rentabilidad, el consumo de energ\u00eda y las emisiones de GEI para las iniciativas priorizadas.<\/p>\n<\/div><\/div><\/div><div class=\"w-iconbox icobox-items iconpos_left style_default color_primary align_left no_title\"><div class=\"w-iconbox-icon\" style=\"font-size:1rem;\"><i class=\"far fa-angle-double-right\"><\/i><\/div><div class=\"w-iconbox-meta\"><div class=\"w-iconbox-text\"><p>Definir el plan de acci\u00f3n para la implementaci\u00f3n de nuestra estrategia durante los pr\u00f3ximos a\u00f1os.<\/p>\n<\/div><\/div><\/div><div class=\"wpb_text_column\"><div class=\"wpb_wrapper\"><p>Como Compa\u00f1\u00eda tenemos el compromiso de continuar desarrollando nuestros negocios de exploraci\u00f3n y producci\u00f3n de hidrocarburos siendo cada vez m\u00e1s eficientes y limpios, y reduciendo progresivamente nuestra huella de carbono.<\/p>\n<p>En GeoPark estamos convencidos de que solo lograremos tener un futuro en la industria del petr\u00f3leo y el gas si podemos ser los operadores m\u00e1s eficientes, con los mejores est\u00e1ndares sociales y ambientales. Es relevante nuestro compromiso con la reducci\u00f3n del impacto de nuestras operaciones en el cambio clim\u00e1tico.<\/p>\n<\/div><\/div><div class=\"w-video align_none ratio_16x9\" onclick=\"return {&quot;player_html&quot;:&quot;&lt;iframe title=\\&quot;Reporte SPEED\\\/ESG 2020 - En GeoPark, estamos comprometidos con la reducci\\u00f3n de emisiones\\&quot; width=\\&quot;480\\&quot; height=\\&quot;360\\&quot; src=\\&quot;https:\\\/\\\/www.youtube.com\\\/embed\\\/YJ-KOxBkVfE?feature=oembed\\&quot; frameborder=\\&quot;0\\&quot; allow=\\&quot;accelerometer; autoplay; clipboard-write; encrypted-media; gyroscope; picture-in-picture\\&quot; allowfullscreen&gt;&lt;\\\/iframe&gt;&quot;}\"><div class=\"w-video-h\"><iframe title=\"Youtube video player\" src=\"\/\/www.youtube.com\/embed\/YJ-KOxBkVfE?origin=https:\/\/geo-park.com\/sustainability\/2020&controls=1\" allowfullscreen=\"1\" loading=\"lazy\"><\/iframe><\/div><div class=\"w-video-icon\" style=\"font-size:1.5rem;background:rgba(0,0,0,0.5);color:#fff\"><\/div><\/div><\/div><\/div><div class=\"wpb_column vc_column_container\"><div class=\"vc_column-inner\"><div class=\"w-iconbox icobox-cuadrado iconpos_top style_default color_primary align_left no_title\"><div class=\"w-iconbox-icon\" style=\"font-size:1rem;\"><i class=\"fas fa-square-full\"><\/i><\/div><div class=\"w-iconbox-meta\"><div class=\"w-iconbox-text\"><p>En 2020 el \u00edndice de intensidad fue de <span class=\"destacado\"><strong>15,2 kg CO<sub>2<\/sub>e\/boe.<\/strong><\/span> Este indicador est\u00e1 <span class=\"destacado\"><strong>28,3%<\/strong><\/span> por debajo del promedio de la industria <span class=\"destacado\"><strong>21,2 kg CO<sub>2<\/sub>e\/boe,<\/strong><\/span> de acuerdo con una evaluaci\u00f3n comparativa realizada por Kearney con base en informaci\u00f3n p\u00fablica de las empresas del sector a nivel global.<\/p>\n<\/div><\/div><\/div><\/div><\/div><\/div><\/div><\/section>\n","protected":false},"excerpt":{"rendered":"[vc_custom_heading text=\"Hito de gesti\u00f3n\" font_container=\"tag:p|text_align:left\" use_theme_fonts=\"yes\" el_class=\"txt-hitog\"][vc_custom_heading source=\"post_title\" font_container=\"tag:h3|text_align:left\" use_theme_fonts=\"yes\"]Reducir las emisiones de gases de efecto invernadero es un esfuerzo crucial en pro de alcanzar los Objetivos de Desarrollo Sostenible. Nuestro compromiso con el cuidado y la protecci\u00f3n del medioambiente exige nuestros m\u00e1ximos esfuerzos en reducir la huella de carbono que genera el desarrollo de...","protected":false},"author":1,"featured_media":1066,"parent":113,"menu_order":3,"comment_status":"closed","ping_status":"closed","template":"","meta":{"inline_featured_image":false,"footnotes":""},"class_list":["post-151","page","type-page","status-publish","has-post-thumbnail","hentry"],"yoast_head":"<!-- This site is optimized with the Yoast SEO plugin v24.9 - https:\/\/yoast.com\/wordpress\/plugins\/seo\/ -->\n<title>Nuestro compromiso con la reduccio\u0301n de emisiones de Gases de Efecto Invernadero (GEI) GeoPark - Sustainability Report 2020 GeoPark<\/title>\n<meta name=\"description\" content=\"En GeoPark estamos comprometidos con reducir las emisiones de gases de efecto invernadero en pro de alcanzar los Objetivos de Desarrollo Sostenible. Conoce m\u00e1s.\" \/>\n<meta name=\"robots\" content=\"index, follow, max-snippet:-1, max-image-preview:large, max-video-preview:-1\" \/>\n<link rel=\"canonical\" href=\"https:\/\/geo-park.com\/sustainability\/2020\/hitos-de-gestion\/nuestro-compromiso-con-la-reduccion-de-emisiones-de-gases-de-efecto-invernadero-gei\/\" \/>\n<meta property=\"og:locale\" content=\"es_ES\" \/>\n<meta property=\"og:type\" content=\"article\" \/>\n<meta property=\"og:title\" content=\"Nuestro compromiso con la reduccio\u0301n de emisiones de Gases de Efecto Invernadero (GEI) GeoPark - Sustainability Report 2020 GeoPark\" \/>\n<meta property=\"og:description\" content=\"En GeoPark estamos comprometidos con reducir las emisiones de gases de efecto invernadero en pro de alcanzar los Objetivos de Desarrollo Sostenible. Conoce m\u00e1s.\" \/>\n<meta property=\"og:url\" content=\"https:\/\/geo-park.com\/sustainability\/2020\/hitos-de-gestion\/nuestro-compromiso-con-la-reduccion-de-emisiones-de-gases-de-efecto-invernadero-gei\/\" \/>\n<meta property=\"og:site_name\" content=\"Sustainability Report 2020 GeoPark\" \/>\n<meta property=\"article:modified_time\" content=\"2021-10-29T20:49:46+00:00\" \/>\n<meta property=\"og:image\" content=\"https:\/\/geo-park.com\/sustainability\/2020\/wp-content\/uploads\/2021\/10\/banner-hitos-de-gestion-Entorno-ambiental.jpg\" \/>\n\t<meta property=\"og:image:width\" content=\"700\" \/>\n\t<meta property=\"og:image:height\" content=\"420\" \/>\n\t<meta property=\"og:image:type\" content=\"image\/jpeg\" \/>\n<meta name=\"twitter:card\" content=\"summary_large_image\" \/>\n<meta name=\"twitter:label1\" content=\"Tiempo de lectura\" \/>\n\t<meta name=\"twitter:data1\" content=\"3 minutos\" \/>\n<script type=\"application\/ld+json\" class=\"yoast-schema-graph\">{\"@context\":\"https:\/\/schema.org\",\"@graph\":[{\"@type\":\"WebPage\",\"@id\":\"https:\/\/geo-park.com\/sustainability\/2020\/hitos-de-gestion\/nuestro-compromiso-con-la-reduccion-de-emisiones-de-gases-de-efecto-invernadero-gei\/\",\"url\":\"https:\/\/geo-park.com\/sustainability\/2020\/hitos-de-gestion\/nuestro-compromiso-con-la-reduccion-de-emisiones-de-gases-de-efecto-invernadero-gei\/\",\"name\":\"Nuestro compromiso con la reduccio\u0301n de emisiones de Gases de Efecto Invernadero (GEI) GeoPark - Sustainability Report 2020 GeoPark\",\"isPartOf\":{\"@id\":\"https:\/\/geo-park.com\/sustainability\/2020\/#website\"},\"primaryImageOfPage\":{\"@id\":\"https:\/\/geo-park.com\/sustainability\/2020\/hitos-de-gestion\/nuestro-compromiso-con-la-reduccion-de-emisiones-de-gases-de-efecto-invernadero-gei\/#primaryimage\"},\"image\":{\"@id\":\"https:\/\/geo-park.com\/sustainability\/2020\/hitos-de-gestion\/nuestro-compromiso-con-la-reduccion-de-emisiones-de-gases-de-efecto-invernadero-gei\/#primaryimage\"},\"thumbnailUrl\":\"https:\/\/geo-park.com\/sustainability\/2020\/wp-content\/uploads\/2021\/10\/banner-hitos-de-gestion-Entorno-ambiental.jpg\",\"datePublished\":\"2021-09-16T21:23:45+00:00\",\"dateModified\":\"2021-10-29T20:49:46+00:00\",\"description\":\"En GeoPark estamos comprometidos con reducir las emisiones de gases de efecto invernadero en pro de alcanzar los Objetivos de Desarrollo Sostenible. Conoce m\u00e1s.\",\"breadcrumb\":{\"@id\":\"https:\/\/geo-park.com\/sustainability\/2020\/hitos-de-gestion\/nuestro-compromiso-con-la-reduccion-de-emisiones-de-gases-de-efecto-invernadero-gei\/#breadcrumb\"},\"inLanguage\":\"es\",\"potentialAction\":[{\"@type\":\"ReadAction\",\"target\":[\"https:\/\/geo-park.com\/sustainability\/2020\/hitos-de-gestion\/nuestro-compromiso-con-la-reduccion-de-emisiones-de-gases-de-efecto-invernadero-gei\/\"]}]},{\"@type\":\"ImageObject\",\"inLanguage\":\"es\",\"@id\":\"https:\/\/geo-park.com\/sustainability\/2020\/hitos-de-gestion\/nuestro-compromiso-con-la-reduccion-de-emisiones-de-gases-de-efecto-invernadero-gei\/#primaryimage\",\"url\":\"https:\/\/geo-park.com\/sustainability\/2020\/wp-content\/uploads\/2021\/10\/banner-hitos-de-gestion-Entorno-ambiental.jpg\",\"contentUrl\":\"https:\/\/geo-park.com\/sustainability\/2020\/wp-content\/uploads\/2021\/10\/banner-hitos-de-gestion-Entorno-ambiental.jpg\",\"width\":700,\"height\":420},{\"@type\":\"BreadcrumbList\",\"@id\":\"https:\/\/geo-park.com\/sustainability\/2020\/hitos-de-gestion\/nuestro-compromiso-con-la-reduccion-de-emisiones-de-gases-de-efecto-invernadero-gei\/#breadcrumb\",\"itemListElement\":[{\"@type\":\"ListItem\",\"position\":1,\"name\":\"Inicio\",\"item\":\"https:\/\/geo-park.com\/sustainability\/2020\/\"},{\"@type\":\"ListItem\",\"position\":2,\"name\":\"Hitos de gesti\u00f3n\",\"item\":\"https:\/\/geo-park.com\/sustainability\/2020\/hitos-de-gestion\/\"},{\"@type\":\"ListItem\",\"position\":3,\"name\":\"Nuestro compromiso con la reduccio\u0301n de emisiones de Gases de Efecto Invernadero (GEI)\"}]},{\"@type\":\"WebSite\",\"@id\":\"https:\/\/geo-park.com\/sustainability\/2020\/#website\",\"url\":\"https:\/\/geo-park.com\/sustainability\/2020\/\",\"name\":\"Sustainability Report 2020 GeoPark\",\"description\":\"Just another WordPress site\",\"potentialAction\":[{\"@type\":\"SearchAction\",\"target\":{\"@type\":\"EntryPoint\",\"urlTemplate\":\"https:\/\/geo-park.com\/sustainability\/2020\/?s={search_term_string}\"},\"query-input\":{\"@type\":\"PropertyValueSpecification\",\"valueRequired\":true,\"valueName\":\"search_term_string\"}}],\"inLanguage\":\"es\"}]}<\/script>\n<!-- \/ Yoast SEO plugin. -->","yoast_head_json":{"title":"Nuestro compromiso con la reduccio\u0301n de emisiones de Gases de Efecto Invernadero (GEI) GeoPark - Sustainability Report 2020 GeoPark","description":"En GeoPark estamos comprometidos con reducir las emisiones de gases de efecto invernadero en pro de alcanzar los Objetivos de Desarrollo Sostenible. Conoce m\u00e1s.","robots":{"index":"index","follow":"follow","max-snippet":"max-snippet:-1","max-image-preview":"max-image-preview:large","max-video-preview":"max-video-preview:-1"},"canonical":"https:\/\/geo-park.com\/sustainability\/2020\/hitos-de-gestion\/nuestro-compromiso-con-la-reduccion-de-emisiones-de-gases-de-efecto-invernadero-gei\/","og_locale":"es_ES","og_type":"article","og_title":"Nuestro compromiso con la reduccio\u0301n de emisiones de Gases de Efecto Invernadero (GEI) GeoPark - Sustainability Report 2020 GeoPark","og_description":"En GeoPark estamos comprometidos con reducir las emisiones de gases de efecto invernadero en pro de alcanzar los Objetivos de Desarrollo Sostenible. Conoce m\u00e1s.","og_url":"https:\/\/geo-park.com\/sustainability\/2020\/hitos-de-gestion\/nuestro-compromiso-con-la-reduccion-de-emisiones-de-gases-de-efecto-invernadero-gei\/","og_site_name":"Sustainability Report 2020 GeoPark","article_modified_time":"2021-10-29T20:49:46+00:00","og_image":[{"width":700,"height":420,"url":"https:\/\/geo-park.com\/sustainability\/2020\/wp-content\/uploads\/2021\/10\/banner-hitos-de-gestion-Entorno-ambiental.jpg","type":"image\/jpeg"}],"twitter_card":"summary_large_image","twitter_misc":{"Tiempo de lectura":"3 minutos"},"schema":{"@context":"https:\/\/schema.org","@graph":[{"@type":"WebPage","@id":"https:\/\/geo-park.com\/sustainability\/2020\/hitos-de-gestion\/nuestro-compromiso-con-la-reduccion-de-emisiones-de-gases-de-efecto-invernadero-gei\/","url":"https:\/\/geo-park.com\/sustainability\/2020\/hitos-de-gestion\/nuestro-compromiso-con-la-reduccion-de-emisiones-de-gases-de-efecto-invernadero-gei\/","name":"Nuestro compromiso con la reduccio\u0301n de emisiones de Gases de Efecto Invernadero (GEI) GeoPark - Sustainability Report 2020 GeoPark","isPartOf":{"@id":"https:\/\/geo-park.com\/sustainability\/2020\/#website"},"primaryImageOfPage":{"@id":"https:\/\/geo-park.com\/sustainability\/2020\/hitos-de-gestion\/nuestro-compromiso-con-la-reduccion-de-emisiones-de-gases-de-efecto-invernadero-gei\/#primaryimage"},"image":{"@id":"https:\/\/geo-park.com\/sustainability\/2020\/hitos-de-gestion\/nuestro-compromiso-con-la-reduccion-de-emisiones-de-gases-de-efecto-invernadero-gei\/#primaryimage"},"thumbnailUrl":"https:\/\/geo-park.com\/sustainability\/2020\/wp-content\/uploads\/2021\/10\/banner-hitos-de-gestion-Entorno-ambiental.jpg","datePublished":"2021-09-16T21:23:45+00:00","dateModified":"2021-10-29T20:49:46+00:00","description":"En GeoPark estamos comprometidos con reducir las emisiones de gases de efecto invernadero en pro de alcanzar los Objetivos de Desarrollo Sostenible. Conoce m\u00e1s.","breadcrumb":{"@id":"https:\/\/geo-park.com\/sustainability\/2020\/hitos-de-gestion\/nuestro-compromiso-con-la-reduccion-de-emisiones-de-gases-de-efecto-invernadero-gei\/#breadcrumb"},"inLanguage":"es","potentialAction":[{"@type":"ReadAction","target":["https:\/\/geo-park.com\/sustainability\/2020\/hitos-de-gestion\/nuestro-compromiso-con-la-reduccion-de-emisiones-de-gases-de-efecto-invernadero-gei\/"]}]},{"@type":"ImageObject","inLanguage":"es","@id":"https:\/\/geo-park.com\/sustainability\/2020\/hitos-de-gestion\/nuestro-compromiso-con-la-reduccion-de-emisiones-de-gases-de-efecto-invernadero-gei\/#primaryimage","url":"https:\/\/geo-park.com\/sustainability\/2020\/wp-content\/uploads\/2021\/10\/banner-hitos-de-gestion-Entorno-ambiental.jpg","contentUrl":"https:\/\/geo-park.com\/sustainability\/2020\/wp-content\/uploads\/2021\/10\/banner-hitos-de-gestion-Entorno-ambiental.jpg","width":700,"height":420},{"@type":"BreadcrumbList","@id":"https:\/\/geo-park.com\/sustainability\/2020\/hitos-de-gestion\/nuestro-compromiso-con-la-reduccion-de-emisiones-de-gases-de-efecto-invernadero-gei\/#breadcrumb","itemListElement":[{"@type":"ListItem","position":1,"name":"Inicio","item":"https:\/\/geo-park.com\/sustainability\/2020\/"},{"@type":"ListItem","position":2,"name":"Hitos de gesti\u00f3n","item":"https:\/\/geo-park.com\/sustainability\/2020\/hitos-de-gestion\/"},{"@type":"ListItem","position":3,"name":"Nuestro compromiso con la reduccio\u0301n de emisiones de Gases de Efecto Invernadero (GEI)"}]},{"@type":"WebSite","@id":"https:\/\/geo-park.com\/sustainability\/2020\/#website","url":"https:\/\/geo-park.com\/sustainability\/2020\/","name":"Sustainability Report 2020 GeoPark","description":"Just another WordPress site","potentialAction":[{"@type":"SearchAction","target":{"@type":"EntryPoint","urlTemplate":"https:\/\/geo-park.com\/sustainability\/2020\/?s={search_term_string}"},"query-input":{"@type":"PropertyValueSpecification","valueRequired":true,"valueName":"search_term_string"}}],"inLanguage":"es"}]}},"_links":{"self":[{"href":"https:\/\/geo-park.com\/sustainability\/2020\/wp-json\/wp\/v2\/pages\/151","targetHints":{"allow":["GET"]}}],"collection":[{"href":"https:\/\/geo-park.com\/sustainability\/2020\/wp-json\/wp\/v2\/pages"}],"about":[{"href":"https:\/\/geo-park.com\/sustainability\/2020\/wp-json\/wp\/v2\/types\/page"}],"author":[{"embeddable":true,"href":"https:\/\/geo-park.com\/sustainability\/2020\/wp-json\/wp\/v2\/users\/1"}],"replies":[{"embeddable":true,"href":"https:\/\/geo-park.com\/sustainability\/2020\/wp-json\/wp\/v2\/comments?post=151"}],"version-history":[{"count":6,"href":"https:\/\/geo-park.com\/sustainability\/2020\/wp-json\/wp\/v2\/pages\/151\/revisions"}],"predecessor-version":[{"id":1431,"href":"https:\/\/geo-park.com\/sustainability\/2020\/wp-json\/wp\/v2\/pages\/151\/revisions\/1431"}],"up":[{"embeddable":true,"href":"https:\/\/geo-park.com\/sustainability\/2020\/wp-json\/wp\/v2\/pages\/113"}],"wp:featuredmedia":[{"embeddable":true,"href":"https:\/\/geo-park.com\/sustainability\/2020\/wp-json\/wp\/v2\/media\/1066"}],"wp:attachment":[{"href":"https:\/\/geo-park.com\/sustainability\/2020\/wp-json\/wp\/v2\/media?parent=151"}],"curies":[{"name":"wp","href":"https:\/\/api.w.org\/{rel}","templated":true}]}}