{"id":2284,"date":"2021-11-24T06:41:11","date_gmt":"2021-11-24T06:41:11","guid":{"rendered":"https:\/\/geo-park.com\/sustainability\/2020\/?page_id=2284"},"modified":"2022-10-19T16:46:38","modified_gmt":"2022-10-19T16:46:38","slug":"descargas","status":"publish","type":"page","link":"https:\/\/geo-park.com\/sustainability\/2020\/descargas\/","title":{"rendered":"Descargas"},"content":{"rendered":"<section class=\"l-section wpb_row us_custom_057801f8 cont-bc height_auto width_full type_sticky\"><div class=\"l-section-h i-cf\"><div class=\"g-cols via_grid cols_1 laptops-cols_inherit tablets-cols_inherit mobiles-cols_1 valign_middle type_default\" style=\"grid-gap:0px;\"><div class=\"wpb_column vc_column_container\"><div class=\"vc_column-inner\"><section class=\"l-section wpb_row us_custom_db2173be has_text_color height_auto\"><div class=\"l-section-h i-cf\"><div class=\"g-cols via_grid cols_1 laptops-cols_inherit tablets-cols_inherit mobiles-cols_1 valign_middle type_default\" style=\"grid-gap:0;\"><div class=\"wpb_column vc_column_container\"><div class=\"vc_column-inner\"><ol class=\"g-breadcrumbs separator_icon align_none\" itemscope itemtype=\"http:\/\/schema.org\/BreadcrumbList\"><li class=\"g-breadcrumbs-item\" itemscope itemprop=\"itemListElement\" itemtype=\"http:\/\/schema.org\/ListItem\"><a itemprop=\"item\" href=\"https:\/\/geo-park.com\/sustainability\/2020\"><span itemprop=\"name\">Inicio<\/span><\/a><meta itemprop=\"position\" content=\"1\"\/><\/li><li class=\"g-breadcrumbs-separator\"><i class=\"far fa-angle-right\"><\/i><\/li><li class=\"g-breadcrumbs-item\">P\u00e1ginas<\/li><\/ol><\/div><\/div><\/div><\/div><\/section>\n<\/div><\/div><\/div><\/div><\/section><section class=\"l-section wpb_row us_custom_9ccc05f2 cont-imgpp height_small\"><div class=\"l-section-h i-cf\"><div class=\"g-cols via_grid cols_1 laptops-cols_inherit tablets-cols_inherit mobiles-cols_1 valign_top type_default\" style=\"grid-gap:0px;\"><div class=\"wpb_column vc_column_container\"><div class=\"vc_column-inner\">[vc_custom_heading source=\u00bbpost_title\u00bb font_container=\u00bbtag:h1|text_align:left\u00bb use_theme_fonts=\u00bbyes\u00bb css=\u00bb%7B%22default%22%3A%7B%22color%22%3A%22%23ffffff%22%7D%7D\u00bb]<\/div><\/div><\/div><\/div><\/section><section class=\"l-section wpb_row us_custom_0490361b cont-generales height_auto\"><div class=\"l-section-h i-cf\"><div class=\"g-cols via_grid cols_1 laptops-cols_inherit tablets-cols_inherit mobiles-cols_1 valign_top type_default\"><div class=\"wpb_column vc_column_container us_custom_e7f5d98a\"><div class=\"vc_column-inner\"><div class=\"w-separator size_medium\"><\/div><div class=\"g-cols wpb_row cont-columas via_grid cols_1 laptops-cols_inherit tablets-cols_inherit mobiles-cols_1 valign_top type_default\"><div class=\"wpb_column vc_column_container\"><div class=\"vc_column-inner\"><div class=\"wpb_text_column us_custom_2d9ebfef\"><div class=\"wpb_wrapper\"><p>Descargue nuestro reporte de Sostenibilidad a continuaci\u00f3n.<\/p>\n<\/div><\/div><div class=\"w-btn-wrapper align_center\"><a class=\"w-btn us-btn-style_7 icon_atright\" target=\"_blank\" href=\"https:\/\/geo-park.com\/sustainability\/2020\/wp-content\/uploads\/2022\/07\/informe_sostenibilidad_reporte_speed_esg_2020_geopark.pdf\" rel=\"noopener\"><span class=\"w-btn-label\">Reporte SPEED\/ESG 2020<\/span><i class=\"far fa-arrow-down\"><\/i><\/a><\/div><div class=\"w-separator size_huge\"><\/div><div class=\"wpb_text_column\"><div class=\"wpb_wrapper\"><p>Tambi\u00e9n puede seleccionar los temas que desee incluir en su pdf personalizado. Para eso seleccion\u00e9 la casilla, seg\u00fan los temas que desee incluir en su pdf. Cuando est\u00e9 listo para descargar, seleccione la opci\u00f3n Construya su reporte.<\/p>\n<\/div><\/div><\/div><\/div><\/div><div class=\"w-separator size_medium\"><\/div>[vc_custom_heading text=\u00bbTemas de Nuestra Compa\u00f1\u00eda\u00bb use_theme_fonts=\u00bbyes\u00bb el_id=\u00bbtitle1&#8243;]<div class=\"g-cols wpb_row cont-columas via_grid cols_1 laptops-cols_inherit tablets-cols_inherit mobiles-cols_1 valign_top type_default\"><div class=\"wpb_column vc_column_container\"><div class=\"vc_column-inner\"><div class=\"w-btn-wrapper align_none\"><a class=\"w-btn us-btn-style_7 element-pdf-button icon_atright\" id=\"pdf01\" target=\"_blank\" href=\"https:\/\/geo-park.com\/sustainability\/2020\/pdf\/sistema-integrado-valores-speed.pdf\" rel=\"noopener\"><span class=\"w-btn-label\">Sistema Integrado de Valores SPEED<\/span><i class=\"far fa-arrow-down\"><\/i><\/a><\/div><div class=\"w-btn-wrapper align_none\"><a class=\"w-btn us-btn-style_7 element-pdf-button icon_atright\" id=\"pdf02\" target=\"_blank\" href=\"https:\/\/geo-park.com\/sustainability\/2020\/pdf\/somos-geopark.pdf\" rel=\"noopener\"><span class=\"w-btn-label\">Somos GeoPark<\/span><i class=\"far fa-arrow-down\"><\/i><\/a><\/div><div class=\"w-btn-wrapper align_none\"><a class=\"w-btn us-btn-style_7 element-pdf-button icon_atright\" id=\"pdf03\" target=\"_blank\" href=\"https:\/\/geo-park.com\/sustainability\/2020\/pdf\/nuestra-compania.pdf\" rel=\"noopener\"><span class=\"w-btn-label\">Nuestra Compa\u00f1\u00eda<\/span><i class=\"far fa-arrow-down\"><\/i><\/a><\/div><div class=\"w-btn-wrapper align_none\"><a class=\"w-btn us-btn-style_7 element-pdf-button icon_atright\" id=\"pdf04\" target=\"_blank\" href=\"https:\/\/geo-park.com\/sustainability\/2020\/pdf\/acerca-de-este-reporte.pdf\" rel=\"noopener\"><span class=\"w-btn-label\">Acerca de este reporte<\/span><i class=\"far fa-arrow-down\"><\/i><\/a><\/div><div class=\"w-btn-wrapper align_none\"><a class=\"w-btn us-btn-style_7 element-pdf-button icon_atright\" id=\"pdf05\" target=\"_blank\" href=\"https:\/\/geo-park.com\/sustainability\/2020\/pdf\/mensaje-del-ceo.pdf\" rel=\"noopener\"><span class=\"w-btn-label\">Mensaje del CEO<\/span><i class=\"far fa-arrow-down\"><\/i><\/a><\/div><div class=\"w-btn-wrapper align_none\"><a class=\"w-btn us-btn-style_7 element-pdf-button icon_atright\" id=\"pdf06\" target=\"_blank\" href=\"https:\/\/geo-park.com\/sustainability\/2020\/pdf\/reconocimientos-certificaciones.pdf\" rel=\"noopener\"><span class=\"w-btn-label\">Reconocimientos y certificaciones<\/span><i class=\"far fa-arrow-down\"><\/i><\/a><\/div><div class=\"w-btn-wrapper align_none\"><a class=\"w-btn us-btn-style_7 element-pdf-button icon_atright\" id=\"pdf07\" target=\"_blank\" href=\"https:\/\/geo-park.com\/sustainability\/2020\/pdf\/modelo-de-negocios.pdf\" rel=\"noopener\"><span class=\"w-btn-label\">Modelo de Negocios<\/span><i class=\"far fa-arrow-down\"><\/i><\/a><\/div><div class=\"w-btn-wrapper align_none\"><a class=\"w-btn us-btn-style_7 element-pdf-button icon_atright\" id=\"pdf08\" target=\"_blank\" href=\"https:\/\/geo-park.com\/sustainability\/2020\/pdf\/grupos-de-interes.pdf\" rel=\"noopener\"><span class=\"w-btn-label\">Grupos de inter\u00e9s<\/span><i class=\"far fa-arrow-down\"><\/i><\/a><\/div><div class=\"w-btn-wrapper align_none\"><a class=\"w-btn us-btn-style_7 element-pdf-button icon_atright\" id=\"pdf09\" target=\"_blank\" href=\"https:\/\/geo-park.com\/sustainability\/2020\/pdf\/materialidad.pdf\" rel=\"noopener\"><span class=\"w-btn-label\">Materialidad<\/span><i class=\"far fa-arrow-down\"><\/i><\/a><\/div><div class=\"w-btn-wrapper align_none\"><a class=\"w-btn us-btn-style_7 element-pdf-button icon_atright\" id=\"pdf10\" target=\"_blank\" href=\"https:\/\/geo-park.com\/sustainability\/2020\/pdf\/cultura-geopark.pdf\" rel=\"noopener\"><span class=\"w-btn-label\">Cultura GeoPark<\/span><i class=\"far fa-arrow-down\"><\/i><\/a><\/div><div class=\"w-btn-wrapper align_none\"><a class=\"w-btn us-btn-style_7 element-pdf-button icon_atright\" id=\"pdf11\" target=\"_blank\" href=\"https:\/\/geo-park.com\/sustainability\/2020\/pdf\/gobierno-corporativo.pdf\" rel=\"noopener\"><span class=\"w-btn-label\">Gobierno Corporativo<\/span><i class=\"far fa-arrow-down\"><\/i><\/a><\/div><div class=\"w-btn-wrapper align_none\"><a class=\"w-btn us-btn-style_7 element-pdf-button icon_atright\" id=\"pdf12\" target=\"_blank\" href=\"https:\/\/geo-park.com\/sustainability\/2020\/pdf\/etica-y-compliance.pdf\" rel=\"noopener\"><span class=\"w-btn-label\">\u00c9tica y compliance<\/span><i class=\"far fa-arrow-down\"><\/i><\/a><\/div><div class=\"w-btn-wrapper align_none\"><a class=\"w-btn us-btn-style_7 element-pdf-button icon_atright\" id=\"pdf13\" target=\"_blank\" href=\"https:\/\/geo-park.com\/sustainability\/2020\/pdf\/derechos-humanos.pdf\" rel=\"noopener\"><span class=\"w-btn-label\">Derechos humanos<\/span><i class=\"far fa-arrow-down\"><\/i><\/a><\/div><div class=\"w-btn-wrapper align_none\"><a class=\"w-btn us-btn-style_7 element-pdf-button icon_atright\" id=\"pdf14\" target=\"_blank\" href=\"https:\/\/geo-park.com\/sustainability\/2020\/pdf\/transformacion-digital.pdf\" rel=\"noopener\"><span class=\"w-btn-label\">Transformaci\u00f3n digital<\/span><i class=\"far fa-arrow-down\"><\/i><\/a><\/div><div class=\"w-btn-wrapper align_none\"><a class=\"w-btn us-btn-style_7 element-pdf-button icon_atright\" id=\"pdf15\" target=\"_blank\" href=\"https:\/\/geo-park.com\/sustainability\/2020\/pdf\/conexiones.pdf\" rel=\"noopener\"><span class=\"w-btn-label\">Conexiones<\/span><i class=\"far fa-arrow-down\"><\/i><\/a><\/div><\/div><\/div><\/div><div class=\"w-separator size_medium\"><\/div>[vc_custom_heading text=\u00bbDescargas por Valores SPEED\u00bb use_theme_fonts=\u00bbyes\u00bb el_id=\u00bbtitle2&#8243;]<div class=\"g-cols wpb_row cont-columas via_grid cols_1 laptops-cols_inherit tablets-cols_inherit mobiles-cols_1 valign_top type_default\"><div class=\"wpb_column vc_column_container\"><div class=\"vc_column-inner\"><div class=\"w-btn-wrapper align_none\"><a class=\"w-btn us-btn-style_2 element-pdf-button icon_atright\" id=\"pdf16\" target=\"_blank\" href=\"https:\/\/geo-park.com\/sustainability\/2020\/wp-content\/uploads\/2022\/07\/seguridad-y.salud_.pdf\" rel=\"noopener\"><span class=\"w-btn-label\">Seguridad y Salud<\/span><i class=\"far fa-arrow-down\"><\/i><\/a><\/div><div class=\"w-btn-wrapper align_none\"><a class=\"w-btn us-btn-style_3 element-pdf-button icon_atright\" id=\"pdf17\" target=\"_blank\" href=\"https:\/\/geo-park.com\/sustainability\/2020\/wp-content\/uploads\/2022\/07\/prosperidad.pdf\" rel=\"noopener\"><span class=\"w-btn-label\">Prosperidad<\/span><i class=\"far fa-arrow-down\"><\/i><\/a><\/div><div class=\"w-btn-wrapper align_none\"><a class=\"w-btn us-btn-style_4 element-pdf-button icon_atright\" id=\"pdf18\" target=\"_blank\" href=\"https:\/\/geo-park.com\/sustainability\/2020\/wp-content\/uploads\/2022\/07\/empleados.pdf\" rel=\"noopener\"><span class=\"w-btn-label\">Empleados<\/span><i class=\"far fa-arrow-down\"><\/i><\/a><\/div><div class=\"w-btn-wrapper align_none\"><a class=\"w-btn us-btn-style_5 element-pdf-button icon_atright\" id=\"pdf19\" target=\"_blank\" href=\"https:\/\/geo-park.com\/sustainability\/2020\/wp-content\/uploads\/2022\/07\/entorno-ambiental.pdf\" rel=\"noopener\"><span class=\"w-btn-label\">Entorno Ambiental<\/span><i class=\"far fa-arrow-down\"><\/i><\/a><\/div><div class=\"w-btn-wrapper align_none\"><a class=\"w-btn us-btn-style_6 element-pdf-button icon_atright\" id=\"pdf20\" target=\"_blank\" href=\"https:\/\/geo-park.com\/sustainability\/2020\/wp-content\/uploads\/2022\/07\/desarrollo-comunitario.pdf\" rel=\"noopener\"><span class=\"w-btn-label\">Desarrollo Comunitario<\/span><i class=\"far fa-arrow-down\"><\/i><\/a><\/div><\/div><\/div><\/div><div class=\"w-separator size_medium\"><\/div>[vc_custom_heading text=\u00bbDescargas por ODS\u00bb use_theme_fonts=\u00bbyes\u00bb el_id=\u00bbtitle3&#8243;]<div class=\"g-cols wpb_row cont-columas via_grid cols_1 laptops-cols_inherit tablets-cols_inherit mobiles-cols_1 valign_top type_default\"><div class=\"wpb_column vc_column_container\"><div class=\"vc_column-inner\"><div class=\"w-btn-wrapper align_none\"><a class=\"w-btn us-btn-style_7 element-pdf-button icon_atright\" id=\"pdf21\" target=\"_blank\" href=\"https:\/\/geo-park.com\/sustainability\/2020\/pdf\/contribucion-a-los-ods.pdf\" rel=\"noopener\"><span class=\"w-btn-label\">Contribuci\u00f3n a los ODS<\/span><i class=\"far fa-arrow-down\"><\/i><\/a><\/div><div class=\"w-btn-wrapper align_none\"><a class=\"w-btn us-btn-style_7 element-pdf-button icon_atright\" id=\"pdf22\" target=\"_blank\" href=\"https:\/\/geo-park.com\/sustainability\/2020\/pdf\/ods-2.pdf\" rel=\"noopener\"><span class=\"w-btn-label\">ODS 2<\/span><i class=\"far fa-arrow-down\"><\/i><\/a><\/div><div class=\"w-btn-wrapper align_none\"><a class=\"w-btn us-btn-style_7 element-pdf-button icon_atright\" id=\"pdf23\" target=\"_blank\" href=\"https:\/\/geo-park.com\/sustainability\/2020\/pdf\/ods-3.pdf\" rel=\"noopener\"><span class=\"w-btn-label\">ODS 3<\/span><i class=\"far fa-arrow-down\"><\/i><\/a><\/div><div class=\"w-btn-wrapper align_none\"><a class=\"w-btn us-btn-style_7 element-pdf-button icon_atright\" id=\"pdf24\" target=\"_blank\" href=\"https:\/\/geo-park.com\/sustainability\/2020\/pdf\/ods-4.pdf\" rel=\"noopener\"><span class=\"w-btn-label\">ODS 4<\/span><i class=\"far fa-arrow-down\"><\/i><\/a><\/div><div class=\"w-btn-wrapper align_none\"><a class=\"w-btn us-btn-style_7 element-pdf-button icon_atright\" id=\"pdf25\" target=\"_blank\" href=\"https:\/\/geo-park.com\/sustainability\/2020\/pdf\/ods-5.pdf\" rel=\"noopener\"><span class=\"w-btn-label\">ODS 5<\/span><i class=\"far fa-arrow-down\"><\/i><\/a><\/div><div class=\"w-btn-wrapper align_none\"><a class=\"w-btn us-btn-style_7 element-pdf-button icon_atright\" id=\"pdf26\" target=\"_blank\" href=\"https:\/\/geo-park.com\/sustainability\/2020\/pdf\/ods-6.pdf\" rel=\"noopener\"><span class=\"w-btn-label\">ODS 6<\/span><i class=\"far fa-arrow-down\"><\/i><\/a><\/div><div class=\"w-btn-wrapper align_none\"><a class=\"w-btn us-btn-style_7 element-pdf-button icon_atright\" id=\"pdf27\" target=\"_blank\" href=\"https:\/\/geo-park.com\/sustainability\/2020\/pdf\/ods-7.pdf\" rel=\"noopener\"><span class=\"w-btn-label\">ODS 7<\/span><i class=\"far fa-arrow-down\"><\/i><\/a><\/div><div class=\"w-btn-wrapper align_none\"><a class=\"w-btn us-btn-style_7 element-pdf-button icon_atright\" id=\"pdf28\" target=\"_blank\" href=\"https:\/\/geo-park.com\/sustainability\/2020\/pdf\/ods-8.pdf\" rel=\"noopener\"><span class=\"w-btn-label\">ODS 8<\/span><i class=\"far fa-arrow-down\"><\/i><\/a><\/div><div class=\"w-btn-wrapper align_none\"><a class=\"w-btn us-btn-style_7 element-pdf-button icon_atright\" id=\"pdf29\" target=\"_blank\" href=\"https:\/\/geo-park.com\/sustainability\/2020\/pdf\/ods-9.pdf\" rel=\"noopener\"><span class=\"w-btn-label\">ODS 9<\/span><i class=\"far fa-arrow-down\"><\/i><\/a><\/div><div class=\"w-btn-wrapper align_none\"><a class=\"w-btn us-btn-style_7 element-pdf-button icon_atright\" id=\"pdf30\" target=\"_blank\" href=\"https:\/\/geo-park.com\/sustainability\/2020\/pdf\/ods-11.pdf\" rel=\"noopener\"><span class=\"w-btn-label\">ODS 11<\/span><i class=\"far fa-arrow-down\"><\/i><\/a><\/div><div class=\"w-btn-wrapper align_none\"><a class=\"w-btn us-btn-style_7 element-pdf-button icon_atright\" id=\"pdf31\" target=\"_blank\" href=\"https:\/\/geo-park.com\/sustainability\/2020\/pdf\/ods-13.pdf\" rel=\"noopener\"><span class=\"w-btn-label\">ODS 13<\/span><i class=\"far fa-arrow-down\"><\/i><\/a><\/div><div class=\"w-btn-wrapper align_none\"><a class=\"w-btn us-btn-style_7 element-pdf-button icon_atright\" id=\"pdf32\" target=\"_blank\" href=\"https:\/\/geo-park.com\/sustainability\/2020\/pdf\/ods-15.pdf\" rel=\"noopener\"><span class=\"w-btn-label\">ODS 15<\/span><i class=\"far fa-arrow-down\"><\/i><\/a><\/div><div class=\"w-btn-wrapper align_none\"><a class=\"w-btn us-btn-style_7 element-pdf-button icon_atright\" id=\"pdf33\" target=\"_blank\" href=\"https:\/\/geo-park.com\/sustainability\/2020\/pdf\/ods-16.pdf\" rel=\"noopener\"><span class=\"w-btn-label\">ODS 16<\/span><i class=\"far fa-arrow-down\"><\/i><\/a><\/div><div class=\"w-btn-wrapper align_none\"><a class=\"w-btn us-btn-style_7 element-pdf-button icon_atright\" id=\"pdf34\" target=\"_blank\" href=\"https:\/\/geo-park.com\/sustainability\/2020\/pdf\/ods-17.pdf\" rel=\"noopener\"><span class=\"w-btn-label\">ODS 17<\/span><i class=\"far fa-arrow-down\"><\/i><\/a><\/div><\/div><\/div><\/div><div class=\"w-separator size_medium\"><\/div>[vc_custom_heading text=\u00bbDescargas por Anexos\u00bb use_theme_fonts=\u00bbyes\u00bb]<div class=\"g-cols wpb_row cont-columas via_grid cols_1 laptops-cols_inherit tablets-cols_inherit mobiles-cols_1 valign_top type_default\"><div class=\"wpb_column vc_column_container\"><div class=\"vc_column-inner\"><div class=\"w-btn-wrapper align_none\"><a class=\"w-btn us-btn-style_7 element-pdf-button icon_atright\" target=\"_blank\" href=\"https:\/\/geo-park.com\/sustainability\/2020\/wp-content\/uploads\/2022\/07\/anexos.pdf\" rel=\"noopener\"><span class=\"w-btn-label\">Anexos Reporte SPEED\/ESG 2020<\/span><i class=\"far fa-arrow-down\"><\/i><\/a><\/div><div class=\"w-btn-wrapper align_none\"><a class=\"w-btn us-btn-style_7 element-pdf-button icon_atright\" title=\"Construyendo Acuerdos de Buena Vecindad para el largo plazo en Putumayo, al sur de Colombia\" target=\"_blank\" href=\"https:\/\/geo-park.com\/sustainability\/2020\/pdf\/tabla-gri-geopark-2020.pdf\" rel=\"noopener\"><span class=\"w-btn-label\">Tabla GRI Reporte SPEED\/ESG 2020<\/span><i class=\"far fa-arrow-down\"><\/i><\/a><\/div><div class=\"w-btn-wrapper align_none\"><a class=\"w-btn us-btn-style_7 element-pdf-button icon_atright\" target=\"_blank\" href=\"https:\/\/geo-park.com\/sustainability\/2020\/wp-content\/uploads\/2022\/07\/actualizacion_informe_sostenibilidad_reporte_speed_esg_2020_geopark-.pdf\" rel=\"noopener\"><span class=\"w-btn-label\">Ajustes Reporte SPEED\/ESG 2020<\/span><i class=\"far fa-arrow-down\"><\/i><\/a><\/div><\/div><\/div><\/div><div class=\"w-separator size_medium\"><\/div><div class=\"g-cols wpb_row us_custom_a9f1caef cont-columas via_grid cols_1 laptops-cols_inherit tablets-cols_inherit mobiles-cols_1 valign_top type_default\"><div class=\"wpb_column vc_column_container\"><div class=\"vc_column-inner\"><div class=\"w-btn-wrapper align_none\"><a class=\"w-btn us-btn-style_1 icon_atleft\" id=\"generarpdf\" onclick=\"try{return false}catch(e){console.error(e)}\" href=\"#\"><i class=\"fas fa-cogs\"><\/i><span class=\"w-btn-label\">Construya su reporte<\/span><\/a><\/div><\/div><\/div><\/div><div class=\"w-separator size_medium\"><\/div><div class=\"w-separator size_medium\"><\/div><\/div><\/div><\/div><\/div><\/section>\n","protected":false},"excerpt":{"rendered":"InicioP\u00e1ginas [vc_custom_heading source=\"post_title\" font_container=\"tag:h1|text_align:left\" use_theme_fonts=\"yes\" css=\"%7B%22default%22%3A%7B%22color%22%3A%22%23ffffff%22%7D%7D\"]Descargue nuestro reporte de Sostenibilidad a continuaci\u00f3n. Reporte SPEED\/ESG 2020Tambi\u00e9n puede seleccionar los temas que desee incluir en su pdf personalizado. Para eso seleccion\u00e9 la casilla, seg\u00fan los temas que desee incluir en su pdf. Cuando est\u00e9 listo para descargar, seleccione la opci\u00f3n Construya su reporte. [vc_custom_heading text=\"Temas de Nuestra...","protected":false},"author":5,"featured_media":0,"parent":0,"menu_order":11,"comment_status":"closed","ping_status":"closed","template":"","meta":{"inline_featured_image":false,"footnotes":""},"class_list":["post-2284","page","type-page","status-publish","hentry"],"yoast_head":"<!-- This site is optimized with the Yoast SEO plugin v24.9 - https:\/\/yoast.com\/wordpress\/plugins\/seo\/ -->\n<title>Descargas - Sustainability Report 2020 GeoPark<\/title>\n<meta name=\"description\" content=\"Conoce los anexos y la tabla GRI del reporte SPEED \/ ESG GeoPark 2020\" \/>\n<meta name=\"robots\" content=\"index, follow, max-snippet:-1, max-image-preview:large, max-video-preview:-1\" \/>\n<link rel=\"canonical\" href=\"https:\/\/geo-park.com\/sustainability\/2020\/descargas\/\" \/>\n<meta property=\"og:locale\" content=\"es_ES\" \/>\n<meta property=\"og:type\" content=\"article\" \/>\n<meta property=\"og:title\" content=\"Descargas - Sustainability Report 2020 GeoPark\" \/>\n<meta property=\"og:description\" content=\"Conoce los anexos y la tabla GRI del reporte SPEED \/ ESG GeoPark 2020\" \/>\n<meta property=\"og:url\" content=\"https:\/\/geo-park.com\/sustainability\/2020\/descargas\/\" \/>\n<meta property=\"og:site_name\" content=\"Sustainability Report 2020 GeoPark\" \/>\n<meta property=\"article:modified_time\" content=\"2022-10-19T16:46:38+00:00\" \/>\n<meta name=\"twitter:card\" content=\"summary_large_image\" \/>\n<meta name=\"twitter:label1\" content=\"Tiempo de lectura\" \/>\n\t<meta name=\"twitter:data1\" content=\"2 minutos\" \/>\n<script type=\"application\/ld+json\" class=\"yoast-schema-graph\">{\"@context\":\"https:\/\/schema.org\",\"@graph\":[{\"@type\":\"WebPage\",\"@id\":\"https:\/\/geo-park.com\/sustainability\/2020\/descargas\/\",\"url\":\"https:\/\/geo-park.com\/sustainability\/2020\/descargas\/\",\"name\":\"Descargas - Sustainability Report 2020 GeoPark\",\"isPartOf\":{\"@id\":\"https:\/\/geo-park.com\/sustainability\/2020\/#website\"},\"datePublished\":\"2021-11-24T06:41:11+00:00\",\"dateModified\":\"2022-10-19T16:46:38+00:00\",\"description\":\"Conoce los anexos y la tabla GRI del reporte SPEED \/ ESG GeoPark 2020\",\"breadcrumb\":{\"@id\":\"https:\/\/geo-park.com\/sustainability\/2020\/descargas\/#breadcrumb\"},\"inLanguage\":\"es\",\"potentialAction\":[{\"@type\":\"ReadAction\",\"target\":[\"https:\/\/geo-park.com\/sustainability\/2020\/descargas\/\"]}]},{\"@type\":\"BreadcrumbList\",\"@id\":\"https:\/\/geo-park.com\/sustainability\/2020\/descargas\/#breadcrumb\",\"itemListElement\":[{\"@type\":\"ListItem\",\"position\":1,\"name\":\"Inicio\",\"item\":\"https:\/\/geo-park.com\/sustainability\/2020\/\"},{\"@type\":\"ListItem\",\"position\":2,\"name\":\"Descargas\"}]},{\"@type\":\"WebSite\",\"@id\":\"https:\/\/geo-park.com\/sustainability\/2020\/#website\",\"url\":\"https:\/\/geo-park.com\/sustainability\/2020\/\",\"name\":\"Sustainability Report 2020 GeoPark\",\"description\":\"Just another WordPress site\",\"potentialAction\":[{\"@type\":\"SearchAction\",\"target\":{\"@type\":\"EntryPoint\",\"urlTemplate\":\"https:\/\/geo-park.com\/sustainability\/2020\/?s={search_term_string}\"},\"query-input\":{\"@type\":\"PropertyValueSpecification\",\"valueRequired\":true,\"valueName\":\"search_term_string\"}}],\"inLanguage\":\"es\"}]}<\/script>\n<!-- \/ Yoast SEO plugin. -->","yoast_head_json":{"title":"Descargas - Sustainability Report 2020 GeoPark","description":"Conoce los anexos y la tabla GRI del reporte SPEED \/ ESG GeoPark 2020","robots":{"index":"index","follow":"follow","max-snippet":"max-snippet:-1","max-image-preview":"max-image-preview:large","max-video-preview":"max-video-preview:-1"},"canonical":"https:\/\/geo-park.com\/sustainability\/2020\/descargas\/","og_locale":"es_ES","og_type":"article","og_title":"Descargas - Sustainability Report 2020 GeoPark","og_description":"Conoce los anexos y la tabla GRI del reporte SPEED \/ ESG GeoPark 2020","og_url":"https:\/\/geo-park.com\/sustainability\/2020\/descargas\/","og_site_name":"Sustainability Report 2020 GeoPark","article_modified_time":"2022-10-19T16:46:38+00:00","twitter_card":"summary_large_image","twitter_misc":{"Tiempo de lectura":"2 minutos"},"schema":{"@context":"https:\/\/schema.org","@graph":[{"@type":"WebPage","@id":"https:\/\/geo-park.com\/sustainability\/2020\/descargas\/","url":"https:\/\/geo-park.com\/sustainability\/2020\/descargas\/","name":"Descargas - Sustainability Report 2020 GeoPark","isPartOf":{"@id":"https:\/\/geo-park.com\/sustainability\/2020\/#website"},"datePublished":"2021-11-24T06:41:11+00:00","dateModified":"2022-10-19T16:46:38+00:00","description":"Conoce los anexos y la tabla GRI del reporte SPEED \/ ESG GeoPark 2020","breadcrumb":{"@id":"https:\/\/geo-park.com\/sustainability\/2020\/descargas\/#breadcrumb"},"inLanguage":"es","potentialAction":[{"@type":"ReadAction","target":["https:\/\/geo-park.com\/sustainability\/2020\/descargas\/"]}]},{"@type":"BreadcrumbList","@id":"https:\/\/geo-park.com\/sustainability\/2020\/descargas\/#breadcrumb","itemListElement":[{"@type":"ListItem","position":1,"name":"Inicio","item":"https:\/\/geo-park.com\/sustainability\/2020\/"},{"@type":"ListItem","position":2,"name":"Descargas"}]},{"@type":"WebSite","@id":"https:\/\/geo-park.com\/sustainability\/2020\/#website","url":"https:\/\/geo-park.com\/sustainability\/2020\/","name":"Sustainability Report 2020 GeoPark","description":"Just another WordPress site","potentialAction":[{"@type":"SearchAction","target":{"@type":"EntryPoint","urlTemplate":"https:\/\/geo-park.com\/sustainability\/2020\/?s={search_term_string}"},"query-input":{"@type":"PropertyValueSpecification","valueRequired":true,"valueName":"search_term_string"}}],"inLanguage":"es"}]}},"_links":{"self":[{"href":"https:\/\/geo-park.com\/sustainability\/2020\/wp-json\/wp\/v2\/pages\/2284","targetHints":{"allow":["GET"]}}],"collection":[{"href":"https:\/\/geo-park.com\/sustainability\/2020\/wp-json\/wp\/v2\/pages"}],"about":[{"href":"https:\/\/geo-park.com\/sustainability\/2020\/wp-json\/wp\/v2\/types\/page"}],"author":[{"embeddable":true,"href":"https:\/\/geo-park.com\/sustainability\/2020\/wp-json\/wp\/v2\/users\/5"}],"replies":[{"embeddable":true,"href":"https:\/\/geo-park.com\/sustainability\/2020\/wp-json\/wp\/v2\/comments?post=2284"}],"version-history":[{"count":42,"href":"https:\/\/geo-park.com\/sustainability\/2020\/wp-json\/wp\/v2\/pages\/2284\/revisions"}],"predecessor-version":[{"id":4064,"href":"https:\/\/geo-park.com\/sustainability\/2020\/wp-json\/wp\/v2\/pages\/2284\/revisions\/4064"}],"wp:attachment":[{"href":"https:\/\/geo-park.com\/sustainability\/2020\/wp-json\/wp\/v2\/media?parent=2284"}],"curies":[{"name":"wp","href":"https:\/\/api.w.org\/{rel}","templated":true}]}}