{"id":23,"date":"2021-09-16T20:36:10","date_gmt":"2021-09-16T20:36:10","guid":{"rendered":"https:\/\/geo-park.com\/sustainability\/2020\/?page_id=23"},"modified":"2021-11-12T15:37:08","modified_gmt":"2021-11-12T15:37:08","slug":"grupos-de-interes","status":"publish","type":"page","link":"https:\/\/geo-park.com\/sustainability\/2020\/nuestra-compania\/grupos-de-interes\/","title":{"rendered":"Grupos de inter\u00e9s"},"content":{"rendered":"<section class=\"l-section wpb_row cont-btnpdf height_auto\"><div class=\"l-section-h i-cf\"><div class=\"g-cols via_grid cols_2-1 laptops-cols_inherit tablets-cols_inherit mobiles-cols_1 valign_top type_default\"><div class=\"wpb_column vc_column_container\"><div class=\"vc_column-inner\"><\/div><\/div><div class=\"wpb_column vc_column_container\"><div class=\"vc_column-inner\"><div class=\"w-btn-wrapper align_none\"><a class=\"w-btn us-btn-style_1 icon_atright\" target=\"_blank\" href=\"https:\/\/geo-park.com\/sustainability\/2020\/pdf\/grupos-de-interes.pdf\" rel=\"noopener\"><span class=\"w-btn-label\">Descarga<\/span><i class=\"far fa-arrow-down\"><\/i><\/a><\/div><\/div><\/div><\/div><\/div><\/section><section class=\"l-section wpb_row height_small\"><div class=\"l-section-h i-cf\"><div class=\"g-cols via_grid cols_2-1 laptops-cols_inherit tablets-cols_inherit mobiles-cols_1 valign_top type_default\"><div class=\"wpb_column vc_column_container\"><div class=\"vc_column-inner\"><div class=\"wpb_text_column\"><div class=\"wpb_wrapper\"><p><span class=\"txt-gri\">(102-40, 102-42, 102-43, 102-44) <\/span><\/p>\n<\/div><\/div><div class=\"wpb_text_column intro-pp\"><div class=\"wpb_wrapper\"><p>En GeoPark nuestros grupos de inter\u00e9s son aquellos con quienes compartimos el territorio, quienes se relacionan con nosotros, de quienes aprendemos y con quienes construimos conjuntamente un futuro sostenible.En el marco de nuestra gesti\u00f3n hemos priorizado seis grupos, seg\u00fan su importancia en nuestras operaciones y el nivel de los impactos socioambientales de nuestro negocio en el territorio. Estos grupos de inter\u00e9s priorizados son:<\/p>\n<\/div><\/div><\/div><\/div><div class=\"wpb_column vc_column_container\"><div class=\"vc_column-inner\"><\/div><\/div><\/div><\/div><\/section><section class=\"l-section wpb_row height_small\"><div class=\"l-section-h i-cf\"><div class=\"g-cols via_grid cols_1 laptops-cols_inherit tablets-cols_inherit mobiles-cols_1 valign_top type_default\"><div class=\"wpb_column vc_column_container\"><div class=\"vc_column-inner\"><div class=\"w-tabs style_default switch_click accordion has_scrolling\" style=\"--sections-title-size:inherit\"><div class=\"w-tabs-sections titles-align_none icon_plus cpos_right\"><div class=\"w-tabs-section active\" id=\"lf60\"><button aria-controls=\"content-lf60\" class=\"w-tabs-section-header active\"><h2 class=\"w-tabs-section-title\">Comunidad y Vecinos<\/h2><div class=\"w-tabs-section-control\"><\/div><\/button><div class=\"w-tabs-section-content\" id=\"content-lf60\" aria-expanded=\"true\"><div class=\"w-tabs-section-content-h i-cf\"><div class=\"g-cols wpb_row via_grid cols_2 laptops-cols_inherit tablets-cols_inherit mobiles-cols_1 valign_top type_default\"><div class=\"wpb_column vc_column_container\"><div class=\"vc_column-inner\"><div class=\"wpb_text_column\"><div class=\"wpb_wrapper\"><p>Son las personas, organizaciones y colectivos que agencian los intereses de la sociedad civil, quienes habitan los territorios donde operamos y con quienes establecemos relaciones de vecindad. Forman parte de este grupo de inter\u00e9s, pero no se limita a ellos, los representantes comunitarios, de organizaciones no gubernamentales, de comunidades ind\u00edgenas, y, en general, la sociedad civil, l\u00edderes y lideresas sociales, agremiaciones y asociaciones productivas.<\/p>\n<\/div><\/div><\/div><\/div><div class=\"wpb_column vc_column_container\"><div class=\"vc_column-inner\"><div class=\"w-image align_center\"><div class=\"w-image-h\"><img loading=\"lazy\" decoding=\"async\" width=\"600\" height=\"400\" src=\"https:\/\/geo-park.com\/sustainability\/2020\/wp-content\/uploads\/2021\/10\/0004_img-grupos-de-interes-comunidad-y-vecinos.jpg\" class=\"attachment-full size-full\" alt=\"\" srcset=\"https:\/\/geo-park.com\/sustainability\/2020\/wp-content\/uploads\/2021\/10\/0004_img-grupos-de-interes-comunidad-y-vecinos.jpg 600w, https:\/\/geo-park.com\/sustainability\/2020\/wp-content\/uploads\/2021\/10\/0004_img-grupos-de-interes-comunidad-y-vecinos-300x200.jpg 300w, https:\/\/geo-park.com\/sustainability\/2020\/wp-content\/uploads\/2021\/10\/0004_img-grupos-de-interes-comunidad-y-vecinos-500x333.jpg 500w\" sizes=\"auto, (max-width: 600px) 100vw, 600px\" \/><\/div><\/div><\/div><\/div><\/div><\/div><\/div><\/div><div class=\"w-tabs-section\" id=\"l0a1\"><button aria-controls=\"content-l0a1\" class=\"w-tabs-section-header\"><h2 class=\"w-tabs-section-title\">Inversionistas<\/h2><div class=\"w-tabs-section-control\"><\/div><\/button><div class=\"w-tabs-section-content\" id=\"content-l0a1\" aria-expanded=\"false\"><div class=\"w-tabs-section-content-h i-cf\"><div class=\"g-cols wpb_row via_grid cols_2 laptops-cols_inherit tablets-cols_inherit mobiles-cols_1 valign_top type_default\"><div class=\"wpb_column vc_column_container\"><div class=\"vc_column-inner\"><div class=\"wpb_text_column\"><div class=\"wpb_wrapper\"><p>Son personas naturales o entidades jur\u00eddicas que invierten parte o todo su capital a la adquisici\u00f3n de acciones de la Compa\u00f1\u00eda, las cuales les otorgan derechos pol\u00edticos y econ\u00f3micos.<\/p>\n<\/div><\/div><\/div><\/div><div class=\"wpb_column vc_column_container\"><div class=\"vc_column-inner\"><div class=\"w-image align_center\"><div class=\"w-image-h\"><img loading=\"lazy\" decoding=\"async\" width=\"600\" height=\"400\" src=\"https:\/\/geo-park.com\/sustainability\/2020\/wp-content\/uploads\/2021\/10\/0001_img-nuestra-compania-Grupos-de-interes-2.jpg\" class=\"attachment-full size-full\" alt=\"\" srcset=\"https:\/\/geo-park.com\/sustainability\/2020\/wp-content\/uploads\/2021\/10\/0001_img-nuestra-compania-Grupos-de-interes-2.jpg 600w, https:\/\/geo-park.com\/sustainability\/2020\/wp-content\/uploads\/2021\/10\/0001_img-nuestra-compania-Grupos-de-interes-2-300x200.jpg 300w, https:\/\/geo-park.com\/sustainability\/2020\/wp-content\/uploads\/2021\/10\/0001_img-nuestra-compania-Grupos-de-interes-2-500x333.jpg 500w\" sizes=\"auto, (max-width: 600px) 100vw, 600px\" \/><\/div><\/div><\/div><\/div><\/div><\/div><\/div><\/div><div class=\"w-tabs-section\" id=\"b194\"><button aria-controls=\"content-b194\" class=\"w-tabs-section-header\"><h2 class=\"w-tabs-section-title\">Proveedores y Contratistas<\/h2><div class=\"w-tabs-section-control\"><\/div><\/button><div class=\"w-tabs-section-content\" id=\"content-b194\" aria-expanded=\"false\"><div class=\"w-tabs-section-content-h i-cf\"><div class=\"g-cols wpb_row via_grid cols_2 laptops-cols_inherit tablets-cols_inherit mobiles-cols_1 valign_top type_default\"><div class=\"wpb_column vc_column_container\"><div class=\"vc_column-inner\"><div class=\"wpb_text_column\"><div class=\"wpb_wrapper\"><p>Son personas naturales y jur\u00eddicas que, mediante una relaci\u00f3n comercial, proveen de bienes y servicios a nuestra Compa\u00f1\u00eda, incluyendo la fuerza de trabajo vinculada para estos servicios que permiten hacer realidad las metas de nuestro negocio. Consideramos relevantes a aquellos proveedores y contratistas con un impacto en los territorios, bien sean estos locales, regionales o nacionales, y prestamos especial atenci\u00f3n a aquellos que puedan generar impactos sociales o ambientales.<\/p>\n<\/div><\/div><\/div><\/div><div class=\"wpb_column vc_column_container\"><div class=\"vc_column-inner\"><div class=\"w-image align_center\"><div class=\"w-image-h\"><img loading=\"lazy\" decoding=\"async\" width=\"600\" height=\"400\" src=\"https:\/\/geo-park.com\/sustainability\/2020\/wp-content\/uploads\/2021\/10\/0003_img-grupos-de-interes-Proveedores-y-contratistas.jpg\" class=\"attachment-full size-full\" alt=\"\" srcset=\"https:\/\/geo-park.com\/sustainability\/2020\/wp-content\/uploads\/2021\/10\/0003_img-grupos-de-interes-Proveedores-y-contratistas.jpg 600w, https:\/\/geo-park.com\/sustainability\/2020\/wp-content\/uploads\/2021\/10\/0003_img-grupos-de-interes-Proveedores-y-contratistas-300x200.jpg 300w, https:\/\/geo-park.com\/sustainability\/2020\/wp-content\/uploads\/2021\/10\/0003_img-grupos-de-interes-Proveedores-y-contratistas-500x333.jpg 500w\" sizes=\"auto, (max-width: 600px) 100vw, 600px\" \/><\/div><\/div><\/div><\/div><\/div><\/div><\/div><\/div><div class=\"w-tabs-section\" id=\"a446\"><button aria-controls=\"content-a446\" class=\"w-tabs-section-header\"><h2 class=\"w-tabs-section-title\">Gobierno Local y Nacional<\/h2><div class=\"w-tabs-section-control\"><\/div><\/button><div class=\"w-tabs-section-content\" id=\"content-a446\" aria-expanded=\"false\"><div class=\"w-tabs-section-content-h i-cf\"><div class=\"g-cols wpb_row via_grid cols_2 laptops-cols_inherit tablets-cols_inherit mobiles-cols_1 valign_top type_default\"><div class=\"wpb_column vc_column_container\"><div class=\"vc_column-inner\"><div class=\"wpb_text_column\"><div class=\"wpb_wrapper\"><p>Son las instituciones, entidades y autoridades del nivel nacional y territorial con las que interactuamos, y que dirigen, controlan y administran el poder p\u00fablico. Consideramos dentro de este grupo de inter\u00e9s a la fuerza p\u00fablica, las unidades administrativas especiales y a todos los organismos de control de los Estados.<\/p>\n<\/div><\/div><\/div><\/div><div class=\"wpb_column vc_column_container\"><div class=\"vc_column-inner\"><div class=\"w-image align_center\"><div class=\"w-image-h\"><img loading=\"lazy\" decoding=\"async\" width=\"600\" height=\"400\" src=\"https:\/\/geo-park.com\/sustainability\/2020\/wp-content\/uploads\/2021\/10\/0000_img-nuestra-compania-Grupos-de-interes-4.jpg\" class=\"attachment-full size-full\" alt=\"\" srcset=\"https:\/\/geo-park.com\/sustainability\/2020\/wp-content\/uploads\/2021\/10\/0000_img-nuestra-compania-Grupos-de-interes-4.jpg 600w, https:\/\/geo-park.com\/sustainability\/2020\/wp-content\/uploads\/2021\/10\/0000_img-nuestra-compania-Grupos-de-interes-4-300x200.jpg 300w, https:\/\/geo-park.com\/sustainability\/2020\/wp-content\/uploads\/2021\/10\/0000_img-nuestra-compania-Grupos-de-interes-4-500x333.jpg 500w\" sizes=\"auto, (max-width: 600px) 100vw, 600px\" \/><\/div><\/div><\/div><\/div><\/div><\/div><\/div><\/div><div class=\"w-tabs-section\" id=\"n616\"><button aria-controls=\"content-n616\" class=\"w-tabs-section-header\"><h2 class=\"w-tabs-section-title\">Aliados<\/h2><div class=\"w-tabs-section-control\"><\/div><\/button><div class=\"w-tabs-section-content\" id=\"content-n616\" aria-expanded=\"false\"><div class=\"w-tabs-section-content-h i-cf\"><div class=\"g-cols wpb_row via_grid cols_2 laptops-cols_inherit tablets-cols_inherit mobiles-cols_1 valign_top type_default\"><div class=\"wpb_column vc_column_container\"><div class=\"vc_column-inner\"><div class=\"wpb_text_column\"><div class=\"wpb_wrapper\"><p>Entidades y organizaciones con las que articulamos esfuerzos y compartimos principios para trabajar de manera conjunta por el desarrollo de nuestras actividades, la construcci\u00f3n de valor y las posibilidades de contribuir al desarrollo sostenible de las comunidades y de sus territorios. Incluye, entre otros, organizaciones no gubernamentales, gremios, asociaciones, organismos de cooperaci\u00f3n internacional y multilaterales con los que establecemos acuerdos o convenios.<\/p>\n<\/div><\/div><\/div><\/div><div class=\"wpb_column vc_column_container\"><div class=\"vc_column-inner\"><div class=\"w-image align_none\"><div class=\"w-image-h\"><img loading=\"lazy\" decoding=\"async\" width=\"600\" height=\"400\" src=\"https:\/\/geo-park.com\/sustainability\/2020\/wp-content\/uploads\/2021\/10\/0005_img-grupos-de-interes-Aliados.jpg\" class=\"attachment-full size-full\" alt=\"\" srcset=\"https:\/\/geo-park.com\/sustainability\/2020\/wp-content\/uploads\/2021\/10\/0005_img-grupos-de-interes-Aliados.jpg 600w, https:\/\/geo-park.com\/sustainability\/2020\/wp-content\/uploads\/2021\/10\/0005_img-grupos-de-interes-Aliados-300x200.jpg 300w, https:\/\/geo-park.com\/sustainability\/2020\/wp-content\/uploads\/2021\/10\/0005_img-grupos-de-interes-Aliados-500x333.jpg 500w\" sizes=\"auto, (max-width: 600px) 100vw, 600px\" \/><\/div><\/div><\/div><\/div><\/div><\/div><\/div><\/div><div class=\"w-tabs-section\" id=\"l7aa\"><button aria-controls=\"content-l7aa\" class=\"w-tabs-section-header\"><h2 class=\"w-tabs-section-title\">Empleados<\/h2><div class=\"w-tabs-section-control\"><\/div><\/button><div class=\"w-tabs-section-content\" id=\"content-l7aa\" aria-expanded=\"false\"><div class=\"w-tabs-section-content-h i-cf\"><div class=\"g-cols wpb_row via_grid cols_2 laptops-cols_inherit tablets-cols_inherit mobiles-cols_1 valign_top type_default\"><div class=\"wpb_column vc_column_container\"><div class=\"vc_column-inner\"><div class=\"wpb_text_column\"><div class=\"wpb_wrapper\"><p>Equipo de mujeres y hombres que trabajan para generar valor a nuestra Compa\u00f1\u00eda aplicando la excelencia en el descubrimiento, operaci\u00f3n y consolidaci\u00f3n en la industria de petr\u00f3leo y gas.<\/p>\n<\/div><\/div><\/div><\/div><div class=\"wpb_column vc_column_container\"><div class=\"vc_column-inner\"><div class=\"w-image align_center\"><div class=\"w-image-h\"><img loading=\"lazy\" decoding=\"async\" width=\"600\" height=\"400\" src=\"https:\/\/geo-park.com\/sustainability\/2020\/wp-content\/uploads\/2021\/10\/0002_img-nuestra-compania-Grupos-de-interes-5.jpg\" class=\"attachment-full size-full\" alt=\"\" srcset=\"https:\/\/geo-park.com\/sustainability\/2020\/wp-content\/uploads\/2021\/10\/0002_img-nuestra-compania-Grupos-de-interes-5.jpg 600w, https:\/\/geo-park.com\/sustainability\/2020\/wp-content\/uploads\/2021\/10\/0002_img-nuestra-compania-Grupos-de-interes-5-300x200.jpg 300w, https:\/\/geo-park.com\/sustainability\/2020\/wp-content\/uploads\/2021\/10\/0002_img-nuestra-compania-Grupos-de-interes-5-500x333.jpg 500w\" sizes=\"auto, (max-width: 600px) 100vw, 600px\" \/><\/div><\/div><\/div><\/div><\/div><\/div><\/div><\/div><\/div><\/div><\/div><\/div><\/div><\/div><\/section>\n","protected":false},"excerpt":{"rendered":"Descarga(102-40, 102-42, 102-43, 102-44) En GeoPark nuestros grupos de inter\u00e9s son aquellos con quienes compartimos el territorio, quienes se relacionan con nosotros, de quienes aprendemos y con quienes construimos conjuntamente un futuro sostenible.En el marco de nuestra gesti\u00f3n hemos priorizado seis grupos, seg\u00fan su importancia en nuestras operaciones y el nivel de los impactos socioambientales...","protected":false},"author":1,"featured_media":757,"parent":13,"menu_order":4,"comment_status":"closed","ping_status":"closed","template":"","meta":{"inline_featured_image":false,"footnotes":""},"class_list":["post-23","page","type-page","status-publish","has-post-thumbnail","hentry"],"yoast_head":"<!-- This site is optimized with the Yoast SEO plugin v24.9 - https:\/\/yoast.com\/wordpress\/plugins\/seo\/ -->\n<title>Grupos de inter\u00e9s GeoPark - Sustainability Report 2020 GeoPark<\/title>\n<meta name=\"description\" content=\"Descubre los grupos de intere\u0301s priorizados en GeoPark de acuerdo a su importancia en nuestras operaciones y el nivel de impacto socioambiental.\" \/>\n<meta name=\"robots\" content=\"index, follow, max-snippet:-1, max-image-preview:large, max-video-preview:-1\" \/>\n<link rel=\"canonical\" href=\"https:\/\/geo-park.com\/sustainability\/2020\/nuestra-compania\/grupos-de-interes\/\" \/>\n<meta property=\"og:locale\" content=\"es_ES\" \/>\n<meta property=\"og:type\" content=\"article\" \/>\n<meta property=\"og:title\" content=\"Grupos de inter\u00e9s GeoPark - Sustainability Report 2020 GeoPark\" \/>\n<meta property=\"og:description\" content=\"Descubre los grupos de intere\u0301s priorizados en GeoPark de acuerdo a su importancia en nuestras operaciones y el nivel de impacto socioambiental.\" \/>\n<meta property=\"og:url\" content=\"https:\/\/geo-park.com\/sustainability\/2020\/nuestra-compania\/grupos-de-interes\/\" \/>\n<meta property=\"og:site_name\" content=\"Sustainability Report 2020 GeoPark\" \/>\n<meta property=\"article:modified_time\" content=\"2021-11-12T15:37:08+00:00\" \/>\n<meta property=\"og:image\" content=\"https:\/\/geo-park.com\/sustainability\/2020\/wp-content\/uploads\/2021\/10\/banner-nuestra-compania-grupos-de-interes.jpg\" \/>\n\t<meta property=\"og:image:width\" content=\"1280\" \/>\n\t<meta property=\"og:image:height\" content=\"420\" \/>\n\t<meta property=\"og:image:type\" content=\"image\/jpeg\" \/>\n<meta name=\"twitter:card\" content=\"summary_large_image\" \/>\n<meta name=\"twitter:label1\" content=\"Tiempo de lectura\" \/>\n\t<meta name=\"twitter:data1\" content=\"2 minutos\" \/>\n<script type=\"application\/ld+json\" class=\"yoast-schema-graph\">{\"@context\":\"https:\/\/schema.org\",\"@graph\":[{\"@type\":\"WebPage\",\"@id\":\"https:\/\/geo-park.com\/sustainability\/2020\/nuestra-compania\/grupos-de-interes\/\",\"url\":\"https:\/\/geo-park.com\/sustainability\/2020\/nuestra-compania\/grupos-de-interes\/\",\"name\":\"Grupos de inter\u00e9s GeoPark - Sustainability Report 2020 GeoPark\",\"isPartOf\":{\"@id\":\"https:\/\/geo-park.com\/sustainability\/2020\/#website\"},\"primaryImageOfPage\":{\"@id\":\"https:\/\/geo-park.com\/sustainability\/2020\/nuestra-compania\/grupos-de-interes\/#primaryimage\"},\"image\":{\"@id\":\"https:\/\/geo-park.com\/sustainability\/2020\/nuestra-compania\/grupos-de-interes\/#primaryimage\"},\"thumbnailUrl\":\"https:\/\/geo-park.com\/sustainability\/2020\/wp-content\/uploads\/2021\/10\/banner-nuestra-compania-grupos-de-interes.jpg\",\"datePublished\":\"2021-09-16T20:36:10+00:00\",\"dateModified\":\"2021-11-12T15:37:08+00:00\",\"description\":\"Descubre los grupos de intere\u0301s priorizados en GeoPark de acuerdo a su importancia en nuestras operaciones y el nivel de impacto socioambiental.\",\"breadcrumb\":{\"@id\":\"https:\/\/geo-park.com\/sustainability\/2020\/nuestra-compania\/grupos-de-interes\/#breadcrumb\"},\"inLanguage\":\"es\",\"potentialAction\":[{\"@type\":\"ReadAction\",\"target\":[\"https:\/\/geo-park.com\/sustainability\/2020\/nuestra-compania\/grupos-de-interes\/\"]}]},{\"@type\":\"ImageObject\",\"inLanguage\":\"es\",\"@id\":\"https:\/\/geo-park.com\/sustainability\/2020\/nuestra-compania\/grupos-de-interes\/#primaryimage\",\"url\":\"https:\/\/geo-park.com\/sustainability\/2020\/wp-content\/uploads\/2021\/10\/banner-nuestra-compania-grupos-de-interes.jpg\",\"contentUrl\":\"https:\/\/geo-park.com\/sustainability\/2020\/wp-content\/uploads\/2021\/10\/banner-nuestra-compania-grupos-de-interes.jpg\",\"width\":1280,\"height\":420},{\"@type\":\"BreadcrumbList\",\"@id\":\"https:\/\/geo-park.com\/sustainability\/2020\/nuestra-compania\/grupos-de-interes\/#breadcrumb\",\"itemListElement\":[{\"@type\":\"ListItem\",\"position\":1,\"name\":\"Inicio\",\"item\":\"https:\/\/geo-park.com\/sustainability\/2020\/\"},{\"@type\":\"ListItem\",\"position\":2,\"name\":\"Nuestra Compa\u00f1\u00eda\",\"item\":\"https:\/\/geo-park.com\/sustainability\/2020\/nuestra-compania\/\"},{\"@type\":\"ListItem\",\"position\":3,\"name\":\"Grupos de inter\u00e9s\"}]},{\"@type\":\"WebSite\",\"@id\":\"https:\/\/geo-park.com\/sustainability\/2020\/#website\",\"url\":\"https:\/\/geo-park.com\/sustainability\/2020\/\",\"name\":\"Sustainability Report 2020 GeoPark\",\"description\":\"Just another WordPress site\",\"potentialAction\":[{\"@type\":\"SearchAction\",\"target\":{\"@type\":\"EntryPoint\",\"urlTemplate\":\"https:\/\/geo-park.com\/sustainability\/2020\/?s={search_term_string}\"},\"query-input\":{\"@type\":\"PropertyValueSpecification\",\"valueRequired\":true,\"valueName\":\"search_term_string\"}}],\"inLanguage\":\"es\"}]}<\/script>\n<!-- \/ Yoast SEO plugin. -->","yoast_head_json":{"title":"Grupos de inter\u00e9s GeoPark - Sustainability Report 2020 GeoPark","description":"Descubre los grupos de intere\u0301s priorizados en GeoPark de acuerdo a su importancia en nuestras operaciones y el nivel de impacto socioambiental.","robots":{"index":"index","follow":"follow","max-snippet":"max-snippet:-1","max-image-preview":"max-image-preview:large","max-video-preview":"max-video-preview:-1"},"canonical":"https:\/\/geo-park.com\/sustainability\/2020\/nuestra-compania\/grupos-de-interes\/","og_locale":"es_ES","og_type":"article","og_title":"Grupos de inter\u00e9s GeoPark - Sustainability Report 2020 GeoPark","og_description":"Descubre los grupos de intere\u0301s priorizados en GeoPark de acuerdo a su importancia en nuestras operaciones y el nivel de impacto socioambiental.","og_url":"https:\/\/geo-park.com\/sustainability\/2020\/nuestra-compania\/grupos-de-interes\/","og_site_name":"Sustainability Report 2020 GeoPark","article_modified_time":"2021-11-12T15:37:08+00:00","og_image":[{"width":1280,"height":420,"url":"https:\/\/geo-park.com\/sustainability\/2020\/wp-content\/uploads\/2021\/10\/banner-nuestra-compania-grupos-de-interes.jpg","type":"image\/jpeg"}],"twitter_card":"summary_large_image","twitter_misc":{"Tiempo de lectura":"2 minutos"},"schema":{"@context":"https:\/\/schema.org","@graph":[{"@type":"WebPage","@id":"https:\/\/geo-park.com\/sustainability\/2020\/nuestra-compania\/grupos-de-interes\/","url":"https:\/\/geo-park.com\/sustainability\/2020\/nuestra-compania\/grupos-de-interes\/","name":"Grupos de inter\u00e9s GeoPark - Sustainability Report 2020 GeoPark","isPartOf":{"@id":"https:\/\/geo-park.com\/sustainability\/2020\/#website"},"primaryImageOfPage":{"@id":"https:\/\/geo-park.com\/sustainability\/2020\/nuestra-compania\/grupos-de-interes\/#primaryimage"},"image":{"@id":"https:\/\/geo-park.com\/sustainability\/2020\/nuestra-compania\/grupos-de-interes\/#primaryimage"},"thumbnailUrl":"https:\/\/geo-park.com\/sustainability\/2020\/wp-content\/uploads\/2021\/10\/banner-nuestra-compania-grupos-de-interes.jpg","datePublished":"2021-09-16T20:36:10+00:00","dateModified":"2021-11-12T15:37:08+00:00","description":"Descubre los grupos de intere\u0301s priorizados en GeoPark de acuerdo a su importancia en nuestras operaciones y el nivel de impacto socioambiental.","breadcrumb":{"@id":"https:\/\/geo-park.com\/sustainability\/2020\/nuestra-compania\/grupos-de-interes\/#breadcrumb"},"inLanguage":"es","potentialAction":[{"@type":"ReadAction","target":["https:\/\/geo-park.com\/sustainability\/2020\/nuestra-compania\/grupos-de-interes\/"]}]},{"@type":"ImageObject","inLanguage":"es","@id":"https:\/\/geo-park.com\/sustainability\/2020\/nuestra-compania\/grupos-de-interes\/#primaryimage","url":"https:\/\/geo-park.com\/sustainability\/2020\/wp-content\/uploads\/2021\/10\/banner-nuestra-compania-grupos-de-interes.jpg","contentUrl":"https:\/\/geo-park.com\/sustainability\/2020\/wp-content\/uploads\/2021\/10\/banner-nuestra-compania-grupos-de-interes.jpg","width":1280,"height":420},{"@type":"BreadcrumbList","@id":"https:\/\/geo-park.com\/sustainability\/2020\/nuestra-compania\/grupos-de-interes\/#breadcrumb","itemListElement":[{"@type":"ListItem","position":1,"name":"Inicio","item":"https:\/\/geo-park.com\/sustainability\/2020\/"},{"@type":"ListItem","position":2,"name":"Nuestra Compa\u00f1\u00eda","item":"https:\/\/geo-park.com\/sustainability\/2020\/nuestra-compania\/"},{"@type":"ListItem","position":3,"name":"Grupos de inter\u00e9s"}]},{"@type":"WebSite","@id":"https:\/\/geo-park.com\/sustainability\/2020\/#website","url":"https:\/\/geo-park.com\/sustainability\/2020\/","name":"Sustainability Report 2020 GeoPark","description":"Just another WordPress site","potentialAction":[{"@type":"SearchAction","target":{"@type":"EntryPoint","urlTemplate":"https:\/\/geo-park.com\/sustainability\/2020\/?s={search_term_string}"},"query-input":{"@type":"PropertyValueSpecification","valueRequired":true,"valueName":"search_term_string"}}],"inLanguage":"es"}]}},"_links":{"self":[{"href":"https:\/\/geo-park.com\/sustainability\/2020\/wp-json\/wp\/v2\/pages\/23","targetHints":{"allow":["GET"]}}],"collection":[{"href":"https:\/\/geo-park.com\/sustainability\/2020\/wp-json\/wp\/v2\/pages"}],"about":[{"href":"https:\/\/geo-park.com\/sustainability\/2020\/wp-json\/wp\/v2\/types\/page"}],"author":[{"embeddable":true,"href":"https:\/\/geo-park.com\/sustainability\/2020\/wp-json\/wp\/v2\/users\/1"}],"replies":[{"embeddable":true,"href":"https:\/\/geo-park.com\/sustainability\/2020\/wp-json\/wp\/v2\/comments?post=23"}],"version-history":[{"count":12,"href":"https:\/\/geo-park.com\/sustainability\/2020\/wp-json\/wp\/v2\/pages\/23\/revisions"}],"predecessor-version":[{"id":1870,"href":"https:\/\/geo-park.com\/sustainability\/2020\/wp-json\/wp\/v2\/pages\/23\/revisions\/1870"}],"up":[{"embeddable":true,"href":"https:\/\/geo-park.com\/sustainability\/2020\/wp-json\/wp\/v2\/pages\/13"}],"wp:featuredmedia":[{"embeddable":true,"href":"https:\/\/geo-park.com\/sustainability\/2020\/wp-json\/wp\/v2\/media\/757"}],"wp:attachment":[{"href":"https:\/\/geo-park.com\/sustainability\/2020\/wp-json\/wp\/v2\/media?parent=23"}],"curies":[{"name":"wp","href":"https:\/\/api.w.org\/{rel}","templated":true}]}}