{"id":27,"date":"2021-09-16T20:38:42","date_gmt":"2021-09-16T20:38:42","guid":{"rendered":"https:\/\/geo-park.com\/sustainability\/2020\/?page_id=27"},"modified":"2021-11-16T14:04:28","modified_gmt":"2021-11-16T14:04:28","slug":"cultura-geopark","status":"publish","type":"page","link":"https:\/\/geo-park.com\/sustainability\/2020\/nuestra-compania\/cultura-geopark\/","title":{"rendered":"Cultura GeoPark"},"content":{"rendered":"<section class=\"l-section wpb_row cont-btnpdf height_auto\"><div class=\"l-section-h i-cf\"><div class=\"g-cols via_grid cols_2-1 laptops-cols_inherit tablets-cols_inherit mobiles-cols_1 valign_top type_default\"><div class=\"wpb_column vc_column_container\"><div class=\"vc_column-inner\"><\/div><\/div><div class=\"wpb_column vc_column_container\"><div class=\"vc_column-inner\"><div class=\"w-btn-wrapper align_none\"><a class=\"w-btn us-btn-style_1 icon_atright\" target=\"_blank\" href=\"https:\/\/geo-park.com\/sustainability\/2020\/pdf\/cultura-geopark.pdf\" rel=\"noopener\"><span class=\"w-btn-label\">Descarga<\/span><i class=\"far fa-arrow-down\"><\/i><\/a><\/div><\/div><\/div><\/div><\/div><\/section><section class=\"l-section wpb_row height_small\"><div class=\"l-section-h i-cf\"><div class=\"g-cols via_grid cols_2-1 laptops-cols_inherit tablets-cols_inherit mobiles-cols_1 valign_top type_default\"><div class=\"wpb_column vc_column_container\"><div class=\"vc_column-inner\"><div class=\"wpb_text_column intro-pp\"><div class=\"wpb_wrapper\"><p>Nuestra cultura es \u00fanica y se refleja en todo lo que hacemos. Se manifiesta principalmente en la calidad humana y pasi\u00f3n de nuestra gente, y se basa en la \u00e9tica y la confianza, porque creemos los unos en los otros y sabemos que hacemos lo correcto, de la mejor manera y en el momento preciso. Nuestro compromiso es trabajar con profesionalismo e integridad, buscando la equidad y la transparencia en todos nuestros actos.<\/p>\n<\/div><\/div>[vc_custom_heading text=\u00bbNuestros Principios\u00bb use_theme_fonts=\u00bbyes\u00bb]<div class=\"w-hwrapper cont-tarjetasFlip align_none valign_top\" style=\"--hwrapper-gap:0em\"><div class=\"w-flipbox flip-principios animation_cardflip direction_w\"><div class=\"w-flipbox-h easing_ease\" style=\"transition-duration:0.5s;\"><div class=\"w-flipbox-hh\"><div class=\"w-flipbox-front \" style=\"background:rgba(23,38,51,0.55);\"><div class=\"w-flipbox-front-h\"><h4 class=\"w-flipbox-front-title\">Hag\u00e1moslo Ahora<\/h4><\/div><\/div><div class=\"w-flipbox-back \" style=\"display:none;background:#dedddf;\"><div class=\"w-flipbox-back-h\"><h6 class=\"w-flipbox-back-title\">Hag\u00e1moslo Ahora<\/h6><div class=\"w-flipbox-back-desc\"><p>Planear adecuadamente y luego actuar. Hacerlo con pasi\u00f3n, energ\u00eda, persistencia y a pesar de las eventualidades.<\/p>\n<\/div><\/div><\/div><\/div><\/div><\/div><div class=\"w-flipbox flip-principios animation_cardflip direction_w\"><div class=\"w-flipbox-h easing_ease\" style=\"transition-duration:0.5s;\"><div class=\"w-flipbox-hh\"><div class=\"w-flipbox-front \" style=\"background:rgba(23,38,51,0.55);\"><div class=\"w-flipbox-front-h\"><h4 class=\"w-flipbox-front-title\">Hag\u00e1moslo Bien<\/h4><\/div><\/div><div class=\"w-flipbox-back \" style=\"display:none;background:#dedddf;\"><div class=\"w-flipbox-back-h\"><h6 class=\"w-flipbox-back-title\">Hag\u00e1moslo Bien<\/h6><div class=\"w-flipbox-back-desc\"><p>Actuar de manera correcta y con integridad, orgullo y responsabilidad. Emplear m\u00e9tricas y reportar resultados de forma precisa. Sobresalir en el cuidado de la seguridad y el medioambiente.<\/p>\n<\/div><\/div><\/div><\/div><\/div><\/div><div class=\"w-flipbox flip-principios animation_cardflip direction_w\"><div class=\"w-flipbox-h easing_ease\" style=\"transition-duration:0.5s;\"><div class=\"w-flipbox-hh\"><div class=\"w-flipbox-front \" style=\"background:rgba(23,38,51,0.55);\"><div class=\"w-flipbox-front-h\"><h4 class=\"w-flipbox-front-title\">Hag\u00e1moslo con eficiencia<\/h4><\/div><\/div><div class=\"w-flipbox-back \" style=\"display:none;background:#dedddf;\"><div class=\"w-flipbox-back-h\"><h6 class=\"w-flipbox-back-title\">Hag\u00e1moslo con eficiencia<\/h6><div class=\"w-flipbox-back-desc\"><p>Hacer m\u00e1s con menos. Ejecutar el trabajo en su totalidad y a tiempo. Enfocarnos en la calidad, eliminar el desperdicio y evitar la burocracia. Utilizar cada d\u00f3lar como si viniera de nuestro propio bolsillo.<\/p>\n<\/div><\/div><\/div><\/div><\/div><\/div><div class=\"w-flipbox flip-principios animation_cardflip direction_w\"><div class=\"w-flipbox-h easing_ease\" style=\"transition-duration:0.5s;\"><div class=\"w-flipbox-hh\"><div class=\"w-flipbox-front \" style=\"background:rgba(23,38,51,0.55);\"><div class=\"w-flipbox-front-h\"><h4 class=\"w-flipbox-front-title\">Hag\u00e1moslo mejor<\/h4><\/div><\/div><div class=\"w-flipbox-back \" style=\"display:none;background:#dedddf;\"><div class=\"w-flipbox-back-h\"><h6 class=\"w-flipbox-back-title\">Hag\u00e1moslo mejor<\/h6><div class=\"w-flipbox-back-desc\"><p>Cuestionar el <i>statu quo<\/i>. Concebir y abrazar el cambio. Nuestros fracasos pueden ser la ruta hacia soluciones insospechadas. Buscar y aplicar el mejor conocimiento y liberar el potencial del equipo. Mejorar cada d\u00eda.<\/p>\n<\/div><\/div><\/div><\/div><\/div><\/div><div class=\"w-flipbox flip-principios animation_cardflip direction_w\"><div class=\"w-flipbox-h easing_ease\" style=\"transition-duration:0.5s;\"><div class=\"w-flipbox-hh\"><div class=\"w-flipbox-front \" style=\"background:rgba(23,38,51,0.55);\"><div class=\"w-flipbox-front-h\"><h4 class=\"w-flipbox-front-title\">Hag\u00e1moslo grande<\/h4><\/div><\/div><div class=\"w-flipbox-back \" style=\"display:none;background:#dedddf;\"><div class=\"w-flipbox-back-h\"><h6 class=\"w-flipbox-back-title\">Hag\u00e1moslo grande<\/h6><div class=\"w-flipbox-back-desc\"><p>Construir para el largo plazo. Ser audaces y vislumbrar las posibilidades. El \u00e9xito puede ser ilimitado y la victoria no implica el fracaso de otros. Pensar en grande y enfrentar los desaf\u00edos que se nos presentan.<\/p>\n<\/div><\/div><\/div><\/div><\/div><\/div><div class=\"w-flipbox flip-principios animation_cardflip direction_w\"><div class=\"w-flipbox-h easing_ease\" style=\"transition-duration:0.5s;\"><div class=\"w-flipbox-hh\"><div class=\"w-flipbox-front \" style=\"background:rgba(23,38,51,0.55);\"><div class=\"w-flipbox-front-h\"><h4 class=\"w-flipbox-front-title\">Hag\u00e1moslo para todos nosotros<\/h4><\/div><\/div><div class=\"w-flipbox-back \" style=\"display:none;background:#dedddf;\"><div class=\"w-flipbox-back-h\"><h6 class=\"w-flipbox-back-title\">Hag\u00e1moslo para todos nosotros<\/h6><div class=\"w-flipbox-back-desc\"><p>Confiar y apoyarnos mutuamente. Todos somos due\u00f1os de la Compa\u00f1\u00eda y tambi\u00e9n de sus resultados. Escuchar y dar oportunidades a quienes est\u00e1n por encima y por debajo de nosotros. Reconocer y estar agradecidos por nuestro \u00e9xito.<\/p>\n<\/div><\/div><\/div><\/div><\/div><\/div><\/div><\/div><\/div><div class=\"wpb_column vc_column_container\"><div class=\"vc_column-inner\"><\/div><\/div><\/div><\/div><\/section>\n","protected":false},"excerpt":{"rendered":"DescargaNuestra cultura es \u00fanica y se refleja en todo lo que hacemos. Se manifiesta principalmente en la calidad humana y pasi\u00f3n de nuestra gente, y se basa en la \u00e9tica y la confianza, porque creemos los unos en los otros y sabemos que hacemos lo correcto, de la mejor manera y en el momento preciso....","protected":false},"author":1,"featured_media":753,"parent":13,"menu_order":6,"comment_status":"closed","ping_status":"closed","template":"","meta":{"inline_featured_image":false,"footnotes":""},"class_list":["post-27","page","type-page","status-publish","has-post-thumbnail","hentry"],"yoast_head":"<!-- This site is optimized with the Yoast SEO plugin v24.9 - https:\/\/yoast.com\/wordpress\/plugins\/seo\/ -->\n<title>Cultura GeoPark - Sustainability Report 2020 GeoPark<\/title>\n<meta name=\"description\" content=\"Aprende acerca de nuestra cultura u\u0301nica que refleja lo que hacemos y los principios que rigen a GeoPark.\" \/>\n<meta name=\"robots\" content=\"index, follow, max-snippet:-1, max-image-preview:large, max-video-preview:-1\" \/>\n<link rel=\"canonical\" href=\"https:\/\/geo-park.com\/sustainability\/2020\/nuestra-compania\/cultura-geopark\/\" \/>\n<meta property=\"og:locale\" content=\"es_ES\" \/>\n<meta property=\"og:type\" content=\"article\" \/>\n<meta property=\"og:title\" content=\"Cultura GeoPark - Sustainability Report 2020 GeoPark\" \/>\n<meta property=\"og:description\" content=\"Aprende acerca de nuestra cultura u\u0301nica que refleja lo que hacemos y los principios que rigen a GeoPark.\" \/>\n<meta property=\"og:url\" content=\"https:\/\/geo-park.com\/sustainability\/2020\/nuestra-compania\/cultura-geopark\/\" \/>\n<meta property=\"og:site_name\" content=\"Sustainability Report 2020 GeoPark\" \/>\n<meta property=\"article:modified_time\" content=\"2021-11-16T14:04:28+00:00\" \/>\n<meta property=\"og:image\" content=\"https:\/\/geo-park.com\/sustainability\/2020\/wp-content\/uploads\/2021\/10\/banner-nuestra-compania-cultura-geopark.jpg\" \/>\n\t<meta property=\"og:image:width\" content=\"1280\" \/>\n\t<meta property=\"og:image:height\" content=\"420\" \/>\n\t<meta property=\"og:image:type\" content=\"image\/jpeg\" \/>\n<meta name=\"twitter:card\" content=\"summary_large_image\" \/>\n<meta name=\"twitter:label1\" content=\"Tiempo de lectura\" \/>\n\t<meta name=\"twitter:data1\" content=\"2 minutos\" \/>\n<script type=\"application\/ld+json\" class=\"yoast-schema-graph\">{\"@context\":\"https:\/\/schema.org\",\"@graph\":[{\"@type\":\"WebPage\",\"@id\":\"https:\/\/geo-park.com\/sustainability\/2020\/nuestra-compania\/cultura-geopark\/\",\"url\":\"https:\/\/geo-park.com\/sustainability\/2020\/nuestra-compania\/cultura-geopark\/\",\"name\":\"Cultura GeoPark - Sustainability Report 2020 GeoPark\",\"isPartOf\":{\"@id\":\"https:\/\/geo-park.com\/sustainability\/2020\/#website\"},\"primaryImageOfPage\":{\"@id\":\"https:\/\/geo-park.com\/sustainability\/2020\/nuestra-compania\/cultura-geopark\/#primaryimage\"},\"image\":{\"@id\":\"https:\/\/geo-park.com\/sustainability\/2020\/nuestra-compania\/cultura-geopark\/#primaryimage\"},\"thumbnailUrl\":\"https:\/\/geo-park.com\/sustainability\/2020\/wp-content\/uploads\/2021\/10\/banner-nuestra-compania-cultura-geopark.jpg\",\"datePublished\":\"2021-09-16T20:38:42+00:00\",\"dateModified\":\"2021-11-16T14:04:28+00:00\",\"description\":\"Aprende acerca de nuestra cultura u\u0301nica que refleja lo que hacemos y los principios que rigen a GeoPark.\",\"breadcrumb\":{\"@id\":\"https:\/\/geo-park.com\/sustainability\/2020\/nuestra-compania\/cultura-geopark\/#breadcrumb\"},\"inLanguage\":\"es\",\"potentialAction\":[{\"@type\":\"ReadAction\",\"target\":[\"https:\/\/geo-park.com\/sustainability\/2020\/nuestra-compania\/cultura-geopark\/\"]}]},{\"@type\":\"ImageObject\",\"inLanguage\":\"es\",\"@id\":\"https:\/\/geo-park.com\/sustainability\/2020\/nuestra-compania\/cultura-geopark\/#primaryimage\",\"url\":\"https:\/\/geo-park.com\/sustainability\/2020\/wp-content\/uploads\/2021\/10\/banner-nuestra-compania-cultura-geopark.jpg\",\"contentUrl\":\"https:\/\/geo-park.com\/sustainability\/2020\/wp-content\/uploads\/2021\/10\/banner-nuestra-compania-cultura-geopark.jpg\",\"width\":1280,\"height\":420},{\"@type\":\"BreadcrumbList\",\"@id\":\"https:\/\/geo-park.com\/sustainability\/2020\/nuestra-compania\/cultura-geopark\/#breadcrumb\",\"itemListElement\":[{\"@type\":\"ListItem\",\"position\":1,\"name\":\"Inicio\",\"item\":\"https:\/\/geo-park.com\/sustainability\/2020\/\"},{\"@type\":\"ListItem\",\"position\":2,\"name\":\"Nuestra Compa\u00f1\u00eda\",\"item\":\"https:\/\/geo-park.com\/sustainability\/2020\/nuestra-compania\/\"},{\"@type\":\"ListItem\",\"position\":3,\"name\":\"Cultura GeoPark\"}]},{\"@type\":\"WebSite\",\"@id\":\"https:\/\/geo-park.com\/sustainability\/2020\/#website\",\"url\":\"https:\/\/geo-park.com\/sustainability\/2020\/\",\"name\":\"Sustainability Report 2020 GeoPark\",\"description\":\"Just another WordPress site\",\"potentialAction\":[{\"@type\":\"SearchAction\",\"target\":{\"@type\":\"EntryPoint\",\"urlTemplate\":\"https:\/\/geo-park.com\/sustainability\/2020\/?s={search_term_string}\"},\"query-input\":{\"@type\":\"PropertyValueSpecification\",\"valueRequired\":true,\"valueName\":\"search_term_string\"}}],\"inLanguage\":\"es\"}]}<\/script>\n<!-- \/ Yoast SEO plugin. -->","yoast_head_json":{"title":"Cultura GeoPark - Sustainability Report 2020 GeoPark","description":"Aprende acerca de nuestra cultura u\u0301nica que refleja lo que hacemos y los principios que rigen a GeoPark.","robots":{"index":"index","follow":"follow","max-snippet":"max-snippet:-1","max-image-preview":"max-image-preview:large","max-video-preview":"max-video-preview:-1"},"canonical":"https:\/\/geo-park.com\/sustainability\/2020\/nuestra-compania\/cultura-geopark\/","og_locale":"es_ES","og_type":"article","og_title":"Cultura GeoPark - Sustainability Report 2020 GeoPark","og_description":"Aprende acerca de nuestra cultura u\u0301nica que refleja lo que hacemos y los principios que rigen a GeoPark.","og_url":"https:\/\/geo-park.com\/sustainability\/2020\/nuestra-compania\/cultura-geopark\/","og_site_name":"Sustainability Report 2020 GeoPark","article_modified_time":"2021-11-16T14:04:28+00:00","og_image":[{"width":1280,"height":420,"url":"https:\/\/geo-park.com\/sustainability\/2020\/wp-content\/uploads\/2021\/10\/banner-nuestra-compania-cultura-geopark.jpg","type":"image\/jpeg"}],"twitter_card":"summary_large_image","twitter_misc":{"Tiempo de lectura":"2 minutos"},"schema":{"@context":"https:\/\/schema.org","@graph":[{"@type":"WebPage","@id":"https:\/\/geo-park.com\/sustainability\/2020\/nuestra-compania\/cultura-geopark\/","url":"https:\/\/geo-park.com\/sustainability\/2020\/nuestra-compania\/cultura-geopark\/","name":"Cultura GeoPark - Sustainability Report 2020 GeoPark","isPartOf":{"@id":"https:\/\/geo-park.com\/sustainability\/2020\/#website"},"primaryImageOfPage":{"@id":"https:\/\/geo-park.com\/sustainability\/2020\/nuestra-compania\/cultura-geopark\/#primaryimage"},"image":{"@id":"https:\/\/geo-park.com\/sustainability\/2020\/nuestra-compania\/cultura-geopark\/#primaryimage"},"thumbnailUrl":"https:\/\/geo-park.com\/sustainability\/2020\/wp-content\/uploads\/2021\/10\/banner-nuestra-compania-cultura-geopark.jpg","datePublished":"2021-09-16T20:38:42+00:00","dateModified":"2021-11-16T14:04:28+00:00","description":"Aprende acerca de nuestra cultura u\u0301nica que refleja lo que hacemos y los principios que rigen a GeoPark.","breadcrumb":{"@id":"https:\/\/geo-park.com\/sustainability\/2020\/nuestra-compania\/cultura-geopark\/#breadcrumb"},"inLanguage":"es","potentialAction":[{"@type":"ReadAction","target":["https:\/\/geo-park.com\/sustainability\/2020\/nuestra-compania\/cultura-geopark\/"]}]},{"@type":"ImageObject","inLanguage":"es","@id":"https:\/\/geo-park.com\/sustainability\/2020\/nuestra-compania\/cultura-geopark\/#primaryimage","url":"https:\/\/geo-park.com\/sustainability\/2020\/wp-content\/uploads\/2021\/10\/banner-nuestra-compania-cultura-geopark.jpg","contentUrl":"https:\/\/geo-park.com\/sustainability\/2020\/wp-content\/uploads\/2021\/10\/banner-nuestra-compania-cultura-geopark.jpg","width":1280,"height":420},{"@type":"BreadcrumbList","@id":"https:\/\/geo-park.com\/sustainability\/2020\/nuestra-compania\/cultura-geopark\/#breadcrumb","itemListElement":[{"@type":"ListItem","position":1,"name":"Inicio","item":"https:\/\/geo-park.com\/sustainability\/2020\/"},{"@type":"ListItem","position":2,"name":"Nuestra Compa\u00f1\u00eda","item":"https:\/\/geo-park.com\/sustainability\/2020\/nuestra-compania\/"},{"@type":"ListItem","position":3,"name":"Cultura GeoPark"}]},{"@type":"WebSite","@id":"https:\/\/geo-park.com\/sustainability\/2020\/#website","url":"https:\/\/geo-park.com\/sustainability\/2020\/","name":"Sustainability Report 2020 GeoPark","description":"Just another WordPress site","potentialAction":[{"@type":"SearchAction","target":{"@type":"EntryPoint","urlTemplate":"https:\/\/geo-park.com\/sustainability\/2020\/?s={search_term_string}"},"query-input":{"@type":"PropertyValueSpecification","valueRequired":true,"valueName":"search_term_string"}}],"inLanguage":"es"}]}},"_links":{"self":[{"href":"https:\/\/geo-park.com\/sustainability\/2020\/wp-json\/wp\/v2\/pages\/27","targetHints":{"allow":["GET"]}}],"collection":[{"href":"https:\/\/geo-park.com\/sustainability\/2020\/wp-json\/wp\/v2\/pages"}],"about":[{"href":"https:\/\/geo-park.com\/sustainability\/2020\/wp-json\/wp\/v2\/types\/page"}],"author":[{"embeddable":true,"href":"https:\/\/geo-park.com\/sustainability\/2020\/wp-json\/wp\/v2\/users\/1"}],"replies":[{"embeddable":true,"href":"https:\/\/geo-park.com\/sustainability\/2020\/wp-json\/wp\/v2\/comments?post=27"}],"version-history":[{"count":15,"href":"https:\/\/geo-park.com\/sustainability\/2020\/wp-json\/wp\/v2\/pages\/27\/revisions"}],"predecessor-version":[{"id":1933,"href":"https:\/\/geo-park.com\/sustainability\/2020\/wp-json\/wp\/v2\/pages\/27\/revisions\/1933"}],"up":[{"embeddable":true,"href":"https:\/\/geo-park.com\/sustainability\/2020\/wp-json\/wp\/v2\/pages\/13"}],"wp:featuredmedia":[{"embeddable":true,"href":"https:\/\/geo-park.com\/sustainability\/2020\/wp-json\/wp\/v2\/media\/753"}],"wp:attachment":[{"href":"https:\/\/geo-park.com\/sustainability\/2020\/wp-json\/wp\/v2\/media?parent=27"}],"curies":[{"name":"wp","href":"https:\/\/api.w.org\/{rel}","templated":true}]}}