{"id":35,"date":"2021-09-16T20:42:30","date_gmt":"2021-09-16T20:42:30","guid":{"rendered":"https:\/\/geo-park.com\/sustainability\/2020\/?page_id=35"},"modified":"2021-11-12T15:40:29","modified_gmt":"2021-11-12T15:40:29","slug":"transformacion-digital","status":"publish","type":"page","link":"https:\/\/geo-park.com\/sustainability\/2020\/nuestra-compania\/transformacion-digital\/","title":{"rendered":"Transformaci\u00f3n digital"},"content":{"rendered":"<section class=\"l-section wpb_row cont-btnpdf height_auto\"><div class=\"l-section-h i-cf\"><div class=\"g-cols via_grid cols_2-1 laptops-cols_inherit tablets-cols_inherit mobiles-cols_1 valign_top type_default\"><div class=\"wpb_column vc_column_container\"><div class=\"vc_column-inner\"><\/div><\/div><div class=\"wpb_column vc_column_container\"><div class=\"vc_column-inner\"><div class=\"w-btn-wrapper align_none\"><a class=\"w-btn us-btn-style_1 icon_atright\" target=\"_blank\" href=\"https:\/\/geo-park.com\/sustainability\/2020\/pdf\/transformacion-digital.pdf\" rel=\"noopener\"><span class=\"w-btn-label\">Descarga<\/span><i class=\"far fa-arrow-down\"><\/i><\/a><\/div><\/div><\/div><\/div><\/div><\/section><section class=\"l-section wpb_row height_small\"><div class=\"l-section-h i-cf\"><div class=\"g-cols via_grid cols_2-1 laptops-cols_inherit tablets-cols_inherit mobiles-cols_1 valign_top type_default\"><div class=\"wpb_column vc_column_container\"><div class=\"vc_column-inner\"><div class=\"wpb_text_column intro-pp\"><div class=\"wpb_wrapper\"><p>Seguimos adoptando mejores pr\u00e1cticas en seguridad de la informaci\u00f3n e incorporamos herramientas y aplicaciones de \u00faltima generaci\u00f3n para optimizar nuestro desempe\u00f1o y el trabajo entre nuestros equipos.<\/p>\n<\/div><\/div><div class=\"wpb_text_column\"><div class=\"wpb_wrapper\"><p>2020 fue un a\u00f1o marcado por modificaciones importantes en nuestro Modelo Operativo de Tecnolog\u00edas de la Informaci\u00f3n, enfocadas en captar y compartir informaci\u00f3n en tiempo real sobre las operaciones y responder de manera oportuna y acertada a los cambios del entorno. La identificaci\u00f3n de oportunidades acordes con nuestros planes de inversi\u00f3n y con las nuevas din\u00e1micas de nuestro Modelo de Negocios fue uno de los grandes impulsores de esta evoluci\u00f3n, que se produjo en medio del enorme aumento en la conectividad que demand\u00f3 la llegada del COVID-19.<\/p>\n<\/div><\/div>[vc_custom_heading text=\u00bbPilares del Modelo Operativo de IT\u00bb use_theme_fonts=\u00bbyes\u00bb]<div class=\"w-hwrapper cont-columnasBet align_justify valign_top\" style=\"--hwrapper-gap:0rem\"><div class=\"w-iconbox ico-titulosolos iconpos_top style_default color_primary align_center no_text icontype_img\"><div class=\"w-iconbox-icon\" style=\"font-size:4rem;\"><img loading=\"lazy\" decoding=\"async\" width=\"417\" height=\"417\" src=\"https:\/\/geo-park.com\/sustainability\/2020\/wp-content\/uploads\/2021\/10\/ico-transformacion-digital_Pilares-modelo-operativo-1.png\" class=\"attachment-full size-full\" alt=\"\" srcset=\"https:\/\/geo-park.com\/sustainability\/2020\/wp-content\/uploads\/2021\/10\/ico-transformacion-digital_Pilares-modelo-operativo-1.png 417w, https:\/\/geo-park.com\/sustainability\/2020\/wp-content\/uploads\/2021\/10\/ico-transformacion-digital_Pilares-modelo-operativo-1-300x300.png 300w, https:\/\/geo-park.com\/sustainability\/2020\/wp-content\/uploads\/2021\/10\/ico-transformacion-digital_Pilares-modelo-operativo-1-150x150.png 150w, https:\/\/geo-park.com\/sustainability\/2020\/wp-content\/uploads\/2021\/10\/ico-transformacion-digital_Pilares-modelo-operativo-1-400x400.png 400w\" sizes=\"auto, (max-width: 417px) 100vw, 417px\" \/><\/div><div class=\"w-iconbox-meta\"><h4 class=\"w-iconbox-title\">Operaci\u00f3n IT<\/h4><\/div><\/div><div class=\"w-iconbox ico-titulosolos iconpos_top style_default color_primary align_center no_text icontype_img\"><div class=\"w-iconbox-icon\" style=\"font-size:4rem;\"><img loading=\"lazy\" decoding=\"async\" width=\"417\" height=\"417\" src=\"https:\/\/geo-park.com\/sustainability\/2020\/wp-content\/uploads\/2021\/10\/ico-transformacion-digital_Pilares-modelo-operativo-2.png\" class=\"attachment-full size-full\" alt=\"\" srcset=\"https:\/\/geo-park.com\/sustainability\/2020\/wp-content\/uploads\/2021\/10\/ico-transformacion-digital_Pilares-modelo-operativo-2.png 417w, https:\/\/geo-park.com\/sustainability\/2020\/wp-content\/uploads\/2021\/10\/ico-transformacion-digital_Pilares-modelo-operativo-2-300x300.png 300w, https:\/\/geo-park.com\/sustainability\/2020\/wp-content\/uploads\/2021\/10\/ico-transformacion-digital_Pilares-modelo-operativo-2-150x150.png 150w, https:\/\/geo-park.com\/sustainability\/2020\/wp-content\/uploads\/2021\/10\/ico-transformacion-digital_Pilares-modelo-operativo-2-400x400.png 400w\" sizes=\"auto, (max-width: 417px) 100vw, 417px\" \/><\/div><div class=\"w-iconbox-meta\"><h4 class=\"w-iconbox-title\">Transformaci\u00f3n digital<\/h4><\/div><\/div><div class=\"w-iconbox ico-titulosolos iconpos_top style_default color_primary align_center no_text icontype_img\"><div class=\"w-iconbox-icon\" style=\"font-size:4rem;\"><img loading=\"lazy\" decoding=\"async\" width=\"418\" height=\"417\" src=\"https:\/\/geo-park.com\/sustainability\/2020\/wp-content\/uploads\/2021\/10\/ico-transformacion-digital_Pilares-modelo-operativo-3.png\" class=\"attachment-full size-full\" alt=\"\" srcset=\"https:\/\/geo-park.com\/sustainability\/2020\/wp-content\/uploads\/2021\/10\/ico-transformacion-digital_Pilares-modelo-operativo-3.png 418w, https:\/\/geo-park.com\/sustainability\/2020\/wp-content\/uploads\/2021\/10\/ico-transformacion-digital_Pilares-modelo-operativo-3-300x300.png 300w, https:\/\/geo-park.com\/sustainability\/2020\/wp-content\/uploads\/2021\/10\/ico-transformacion-digital_Pilares-modelo-operativo-3-150x150.png 150w, https:\/\/geo-park.com\/sustainability\/2020\/wp-content\/uploads\/2021\/10\/ico-transformacion-digital_Pilares-modelo-operativo-3-401x400.png 401w\" sizes=\"auto, (max-width: 418px) 100vw, 418px\" \/><\/div><div class=\"w-iconbox-meta\"><h4 class=\"w-iconbox-title\">Seguridad digital<\/h4><\/div><\/div><div class=\"w-iconbox ico-titulosolos iconpos_top style_default color_primary align_center no_text icontype_img\"><div class=\"w-iconbox-icon\" style=\"font-size:4rem;\"><img loading=\"lazy\" decoding=\"async\" width=\"417\" height=\"417\" src=\"https:\/\/geo-park.com\/sustainability\/2020\/wp-content\/uploads\/2021\/10\/ico-transformacion-digital_Pilares-modelo-operativo-4.png\" class=\"attachment-full size-full\" alt=\"\" srcset=\"https:\/\/geo-park.com\/sustainability\/2020\/wp-content\/uploads\/2021\/10\/ico-transformacion-digital_Pilares-modelo-operativo-4.png 417w, https:\/\/geo-park.com\/sustainability\/2020\/wp-content\/uploads\/2021\/10\/ico-transformacion-digital_Pilares-modelo-operativo-4-300x300.png 300w, https:\/\/geo-park.com\/sustainability\/2020\/wp-content\/uploads\/2021\/10\/ico-transformacion-digital_Pilares-modelo-operativo-4-150x150.png 150w, https:\/\/geo-park.com\/sustainability\/2020\/wp-content\/uploads\/2021\/10\/ico-transformacion-digital_Pilares-modelo-operativo-4-400x400.png 400w\" sizes=\"auto, (max-width: 417px) 100vw, 417px\" \/><\/div><div class=\"w-iconbox-meta\"><h4 class=\"w-iconbox-title\">Adopci\u00f3n digital<\/h4><\/div><\/div><\/div><\/div><\/div><div class=\"wpb_column vc_column_container\"><div class=\"vc_column-inner\"><div class=\"w-iconbox icoboxside-top iconpos_top style_default color_primary align_left no_title icontype_img\"><div class=\"w-iconbox-icon\"><img loading=\"lazy\" decoding=\"async\" width=\"417\" height=\"417\" src=\"https:\/\/geo-park.com\/sustainability\/2020\/wp-content\/uploads\/2021\/10\/ico-transformacion-digital_Cifra-destacada-1.png\" class=\"attachment-full size-full\" alt=\"\" srcset=\"https:\/\/geo-park.com\/sustainability\/2020\/wp-content\/uploads\/2021\/10\/ico-transformacion-digital_Cifra-destacada-1.png 417w, https:\/\/geo-park.com\/sustainability\/2020\/wp-content\/uploads\/2021\/10\/ico-transformacion-digital_Cifra-destacada-1-300x300.png 300w, https:\/\/geo-park.com\/sustainability\/2020\/wp-content\/uploads\/2021\/10\/ico-transformacion-digital_Cifra-destacada-1-150x150.png 150w, https:\/\/geo-park.com\/sustainability\/2020\/wp-content\/uploads\/2021\/10\/ico-transformacion-digital_Cifra-destacada-1-400x400.png 400w\" sizes=\"auto, (max-width: 417px) 100vw, 417px\" \/><\/div><div class=\"w-iconbox-meta\"><div class=\"w-iconbox-text\"><p><span class=\"destacado numero\">90%<\/span><br \/>\nde los empleados recibieron capacitaciones en diferentes frentes digitales para impulsar la productividad y, simult\u00e1neamente, contribuir a mitigar los riesgos de seguridad de la informaci\u00f3n en un escenario de creciente virtualidad.<\/p>\n<\/div><\/div><\/div><\/div><\/div><\/div><\/div><\/section><section class=\"l-section wpb_row height_small\"><div class=\"l-section-h i-cf\"><div class=\"g-cols via_grid cols_2-1 laptops-cols_inherit tablets-cols_inherit mobiles-cols_1 valign_top type_default\"><div class=\"wpb_column vc_column_container\"><div class=\"vc_column-inner\"><div class=\"wpb_text_column\"><div class=\"wpb_wrapper\"><p>Un hito destacado de nuestra gesti\u00f3n en transformaci\u00f3n digital fue la implementaci\u00f3n de infraestructura de \u00faltima generaci\u00f3n en la nube en coordinaci\u00f3n con nuestros socios estrat\u00e9gicos, lo que permiti\u00f3 que informaci\u00f3n transaccional pudiera fluir en tiempo real y de forma oportuna y segura desde nuestras sedes de Colombia, Ecuador, Brasil, Chile y Argentina.<\/p>\n<p><strong>En 2020 tambi\u00e9n implementamos: <\/strong><\/p>\n<\/div><\/div><div class=\"w-iconbox icobox-items iconpos_left style_default color_primary align_left no_title\"><div class=\"w-iconbox-icon\" style=\"font-size:1rem;\"><i class=\"far fa-angle-double-right\"><\/i><\/div><div class=\"w-iconbox-meta\"><div class=\"w-iconbox-text\"><p>Un sistema para gestionar todas las aplicaciones del \u00e1rea de Geociencias de Colombia en la nube. <\/p>\n<\/div><\/div><\/div><div class=\"w-iconbox icobox-items iconpos_left style_default color_primary align_left no_title\"><div class=\"w-iconbox-icon\" style=\"font-size:1rem;\"><i class=\"far fa-angle-double-right\"><\/i><\/div><div class=\"w-iconbox-meta\"><div class=\"w-iconbox-text\"><p>Un sistema <em>plug<\/em> <em>and play<\/em> que permite las movilizaciones en tiempo r\u00e9cord y la interconexi\u00f3n de los Scada el\u00e9ctricos, de producci\u00f3n y l\u00ednea de flujo para controlar indicadores claves.<\/p>\n<\/div><\/div><\/div><div class=\"w-iconbox icobox-items iconpos_left style_default color_primary align_left no_title\"><div class=\"w-iconbox-icon\" style=\"font-size:1rem;\"><i class=\"far fa-angle-double-right\"><\/i><\/div><div class=\"w-iconbox-meta\"><div class=\"w-iconbox-text\"><p>Talleres de identificaci\u00f3n de oportunidades con el \u00e1rea de Perforaci\u00f3n. <\/p>\n<\/div><\/div><\/div><div class=\"w-iconbox icobox-items iconpos_left style_default color_primary align_left no_title\"><div class=\"w-iconbox-icon\" style=\"font-size:1rem;\"><i class=\"far fa-angle-double-right\"><\/i><\/div><div class=\"w-iconbox-meta\"><div class=\"w-iconbox-text\"><p>Pruebas de concepto para incorporar nuevas tecnolog\u00edas de <em>machine learning<\/em> e inteligencia artificial que garanticen mayor eficiencia y reducci\u00f3n de costos en las actividades de perforaci\u00f3n.<\/p>\n<\/div><\/div><\/div><div class=\"wpb_text_column\"><div class=\"wpb_wrapper\"><p>Entre los objetivos de 2021 en materia de transformaci\u00f3n digital est\u00e1 incorporar metodolog\u00edas de <em>inventive thinking<\/em> que apalanquen el aumento en la producci\u00f3n, la reducci\u00f3n de costos y la mitigaci\u00f3n de riesgos.<\/p>\n<\/div><\/div><\/div><\/div><div class=\"wpb_column vc_column_container\"><div class=\"vc_column-inner\"><\/div><\/div><\/div><\/div><\/section>\n","protected":false},"excerpt":{"rendered":"DescargaSeguimos adoptando mejores pr\u00e1cticas en seguridad de la informaci\u00f3n e incorporamos herramientas y aplicaciones de \u00faltima generaci\u00f3n para optimizar nuestro desempe\u00f1o y el trabajo entre nuestros equipos. 2020 fue un a\u00f1o marcado por modificaciones importantes en nuestro Modelo Operativo de Tecnolog\u00edas de la Informaci\u00f3n, enfocadas en captar y compartir informaci\u00f3n en tiempo real sobre las...","protected":false},"author":1,"featured_media":762,"parent":13,"menu_order":10,"comment_status":"closed","ping_status":"closed","template":"","meta":{"inline_featured_image":false,"footnotes":""},"class_list":["post-35","page","type-page","status-publish","has-post-thumbnail","hentry"],"yoast_head":"<!-- This site is optimized with the Yoast SEO plugin v24.9 - https:\/\/yoast.com\/wordpress\/plugins\/seo\/ -->\n<title>Transformaci\u00f3n digital GeoPark - Sustainability Report 2020 GeoPark<\/title>\n<meta name=\"description\" content=\"En GeoPark nos esforzamos por la seguridad de la informacio\u0301n y nos transformamos digitalmente para llevar a cabo nuestros procesos.\" \/>\n<meta name=\"robots\" content=\"index, follow, max-snippet:-1, max-image-preview:large, max-video-preview:-1\" \/>\n<link rel=\"canonical\" href=\"https:\/\/geo-park.com\/sustainability\/2020\/nuestra-compania\/transformacion-digital\/\" \/>\n<meta property=\"og:locale\" content=\"es_ES\" \/>\n<meta property=\"og:type\" content=\"article\" \/>\n<meta property=\"og:title\" content=\"Transformaci\u00f3n digital GeoPark - Sustainability Report 2020 GeoPark\" \/>\n<meta property=\"og:description\" content=\"En GeoPark nos esforzamos por la seguridad de la informacio\u0301n y nos transformamos digitalmente para llevar a cabo nuestros procesos.\" \/>\n<meta property=\"og:url\" content=\"https:\/\/geo-park.com\/sustainability\/2020\/nuestra-compania\/transformacion-digital\/\" \/>\n<meta property=\"og:site_name\" content=\"Sustainability Report 2020 GeoPark\" \/>\n<meta property=\"article:modified_time\" content=\"2021-11-12T15:40:29+00:00\" \/>\n<meta property=\"og:image\" content=\"https:\/\/geo-park.com\/sustainability\/2020\/wp-content\/uploads\/2021\/10\/banner-nuestra-compania-transformacion-tecnologica.jpg\" \/>\n\t<meta property=\"og:image:width\" content=\"1280\" \/>\n\t<meta property=\"og:image:height\" content=\"420\" \/>\n\t<meta property=\"og:image:type\" content=\"image\/jpeg\" \/>\n<meta name=\"twitter:card\" content=\"summary_large_image\" \/>\n<meta name=\"twitter:label1\" content=\"Tiempo de lectura\" \/>\n\t<meta name=\"twitter:data1\" content=\"2 minutos\" \/>\n<script type=\"application\/ld+json\" class=\"yoast-schema-graph\">{\"@context\":\"https:\/\/schema.org\",\"@graph\":[{\"@type\":\"WebPage\",\"@id\":\"https:\/\/geo-park.com\/sustainability\/2020\/nuestra-compania\/transformacion-digital\/\",\"url\":\"https:\/\/geo-park.com\/sustainability\/2020\/nuestra-compania\/transformacion-digital\/\",\"name\":\"Transformaci\u00f3n digital GeoPark - Sustainability Report 2020 GeoPark\",\"isPartOf\":{\"@id\":\"https:\/\/geo-park.com\/sustainability\/2020\/#website\"},\"primaryImageOfPage\":{\"@id\":\"https:\/\/geo-park.com\/sustainability\/2020\/nuestra-compania\/transformacion-digital\/#primaryimage\"},\"image\":{\"@id\":\"https:\/\/geo-park.com\/sustainability\/2020\/nuestra-compania\/transformacion-digital\/#primaryimage\"},\"thumbnailUrl\":\"https:\/\/geo-park.com\/sustainability\/2020\/wp-content\/uploads\/2021\/10\/banner-nuestra-compania-transformacion-tecnologica.jpg\",\"datePublished\":\"2021-09-16T20:42:30+00:00\",\"dateModified\":\"2021-11-12T15:40:29+00:00\",\"description\":\"En GeoPark nos esforzamos por la seguridad de la informacio\u0301n y nos transformamos digitalmente para llevar a cabo nuestros procesos.\",\"breadcrumb\":{\"@id\":\"https:\/\/geo-park.com\/sustainability\/2020\/nuestra-compania\/transformacion-digital\/#breadcrumb\"},\"inLanguage\":\"es\",\"potentialAction\":[{\"@type\":\"ReadAction\",\"target\":[\"https:\/\/geo-park.com\/sustainability\/2020\/nuestra-compania\/transformacion-digital\/\"]}]},{\"@type\":\"ImageObject\",\"inLanguage\":\"es\",\"@id\":\"https:\/\/geo-park.com\/sustainability\/2020\/nuestra-compania\/transformacion-digital\/#primaryimage\",\"url\":\"https:\/\/geo-park.com\/sustainability\/2020\/wp-content\/uploads\/2021\/10\/banner-nuestra-compania-transformacion-tecnologica.jpg\",\"contentUrl\":\"https:\/\/geo-park.com\/sustainability\/2020\/wp-content\/uploads\/2021\/10\/banner-nuestra-compania-transformacion-tecnologica.jpg\",\"width\":1280,\"height\":420},{\"@type\":\"BreadcrumbList\",\"@id\":\"https:\/\/geo-park.com\/sustainability\/2020\/nuestra-compania\/transformacion-digital\/#breadcrumb\",\"itemListElement\":[{\"@type\":\"ListItem\",\"position\":1,\"name\":\"Inicio\",\"item\":\"https:\/\/geo-park.com\/sustainability\/2020\/\"},{\"@type\":\"ListItem\",\"position\":2,\"name\":\"Nuestra Compa\u00f1\u00eda\",\"item\":\"https:\/\/geo-park.com\/sustainability\/2020\/nuestra-compania\/\"},{\"@type\":\"ListItem\",\"position\":3,\"name\":\"Transformaci\u00f3n digital\"}]},{\"@type\":\"WebSite\",\"@id\":\"https:\/\/geo-park.com\/sustainability\/2020\/#website\",\"url\":\"https:\/\/geo-park.com\/sustainability\/2020\/\",\"name\":\"Sustainability Report 2020 GeoPark\",\"description\":\"Just another WordPress site\",\"potentialAction\":[{\"@type\":\"SearchAction\",\"target\":{\"@type\":\"EntryPoint\",\"urlTemplate\":\"https:\/\/geo-park.com\/sustainability\/2020\/?s={search_term_string}\"},\"query-input\":{\"@type\":\"PropertyValueSpecification\",\"valueRequired\":true,\"valueName\":\"search_term_string\"}}],\"inLanguage\":\"es\"}]}<\/script>\n<!-- \/ Yoast SEO plugin. -->","yoast_head_json":{"title":"Transformaci\u00f3n digital GeoPark - Sustainability Report 2020 GeoPark","description":"En GeoPark nos esforzamos por la seguridad de la informacio\u0301n y nos transformamos digitalmente para llevar a cabo nuestros procesos.","robots":{"index":"index","follow":"follow","max-snippet":"max-snippet:-1","max-image-preview":"max-image-preview:large","max-video-preview":"max-video-preview:-1"},"canonical":"https:\/\/geo-park.com\/sustainability\/2020\/nuestra-compania\/transformacion-digital\/","og_locale":"es_ES","og_type":"article","og_title":"Transformaci\u00f3n digital GeoPark - Sustainability Report 2020 GeoPark","og_description":"En GeoPark nos esforzamos por la seguridad de la informacio\u0301n y nos transformamos digitalmente para llevar a cabo nuestros procesos.","og_url":"https:\/\/geo-park.com\/sustainability\/2020\/nuestra-compania\/transformacion-digital\/","og_site_name":"Sustainability Report 2020 GeoPark","article_modified_time":"2021-11-12T15:40:29+00:00","og_image":[{"width":1280,"height":420,"url":"https:\/\/geo-park.com\/sustainability\/2020\/wp-content\/uploads\/2021\/10\/banner-nuestra-compania-transformacion-tecnologica.jpg","type":"image\/jpeg"}],"twitter_card":"summary_large_image","twitter_misc":{"Tiempo de lectura":"2 minutos"},"schema":{"@context":"https:\/\/schema.org","@graph":[{"@type":"WebPage","@id":"https:\/\/geo-park.com\/sustainability\/2020\/nuestra-compania\/transformacion-digital\/","url":"https:\/\/geo-park.com\/sustainability\/2020\/nuestra-compania\/transformacion-digital\/","name":"Transformaci\u00f3n digital GeoPark - Sustainability Report 2020 GeoPark","isPartOf":{"@id":"https:\/\/geo-park.com\/sustainability\/2020\/#website"},"primaryImageOfPage":{"@id":"https:\/\/geo-park.com\/sustainability\/2020\/nuestra-compania\/transformacion-digital\/#primaryimage"},"image":{"@id":"https:\/\/geo-park.com\/sustainability\/2020\/nuestra-compania\/transformacion-digital\/#primaryimage"},"thumbnailUrl":"https:\/\/geo-park.com\/sustainability\/2020\/wp-content\/uploads\/2021\/10\/banner-nuestra-compania-transformacion-tecnologica.jpg","datePublished":"2021-09-16T20:42:30+00:00","dateModified":"2021-11-12T15:40:29+00:00","description":"En GeoPark nos esforzamos por la seguridad de la informacio\u0301n y nos transformamos digitalmente para llevar a cabo nuestros procesos.","breadcrumb":{"@id":"https:\/\/geo-park.com\/sustainability\/2020\/nuestra-compania\/transformacion-digital\/#breadcrumb"},"inLanguage":"es","potentialAction":[{"@type":"ReadAction","target":["https:\/\/geo-park.com\/sustainability\/2020\/nuestra-compania\/transformacion-digital\/"]}]},{"@type":"ImageObject","inLanguage":"es","@id":"https:\/\/geo-park.com\/sustainability\/2020\/nuestra-compania\/transformacion-digital\/#primaryimage","url":"https:\/\/geo-park.com\/sustainability\/2020\/wp-content\/uploads\/2021\/10\/banner-nuestra-compania-transformacion-tecnologica.jpg","contentUrl":"https:\/\/geo-park.com\/sustainability\/2020\/wp-content\/uploads\/2021\/10\/banner-nuestra-compania-transformacion-tecnologica.jpg","width":1280,"height":420},{"@type":"BreadcrumbList","@id":"https:\/\/geo-park.com\/sustainability\/2020\/nuestra-compania\/transformacion-digital\/#breadcrumb","itemListElement":[{"@type":"ListItem","position":1,"name":"Inicio","item":"https:\/\/geo-park.com\/sustainability\/2020\/"},{"@type":"ListItem","position":2,"name":"Nuestra Compa\u00f1\u00eda","item":"https:\/\/geo-park.com\/sustainability\/2020\/nuestra-compania\/"},{"@type":"ListItem","position":3,"name":"Transformaci\u00f3n digital"}]},{"@type":"WebSite","@id":"https:\/\/geo-park.com\/sustainability\/2020\/#website","url":"https:\/\/geo-park.com\/sustainability\/2020\/","name":"Sustainability Report 2020 GeoPark","description":"Just another WordPress site","potentialAction":[{"@type":"SearchAction","target":{"@type":"EntryPoint","urlTemplate":"https:\/\/geo-park.com\/sustainability\/2020\/?s={search_term_string}"},"query-input":{"@type":"PropertyValueSpecification","valueRequired":true,"valueName":"search_term_string"}}],"inLanguage":"es"}]}},"_links":{"self":[{"href":"https:\/\/geo-park.com\/sustainability\/2020\/wp-json\/wp\/v2\/pages\/35","targetHints":{"allow":["GET"]}}],"collection":[{"href":"https:\/\/geo-park.com\/sustainability\/2020\/wp-json\/wp\/v2\/pages"}],"about":[{"href":"https:\/\/geo-park.com\/sustainability\/2020\/wp-json\/wp\/v2\/types\/page"}],"author":[{"embeddable":true,"href":"https:\/\/geo-park.com\/sustainability\/2020\/wp-json\/wp\/v2\/users\/1"}],"replies":[{"embeddable":true,"href":"https:\/\/geo-park.com\/sustainability\/2020\/wp-json\/wp\/v2\/comments?post=35"}],"version-history":[{"count":9,"href":"https:\/\/geo-park.com\/sustainability\/2020\/wp-json\/wp\/v2\/pages\/35\/revisions"}],"predecessor-version":[{"id":1875,"href":"https:\/\/geo-park.com\/sustainability\/2020\/wp-json\/wp\/v2\/pages\/35\/revisions\/1875"}],"up":[{"embeddable":true,"href":"https:\/\/geo-park.com\/sustainability\/2020\/wp-json\/wp\/v2\/pages\/13"}],"wp:featuredmedia":[{"embeddable":true,"href":"https:\/\/geo-park.com\/sustainability\/2020\/wp-json\/wp\/v2\/media\/762"}],"wp:attachment":[{"href":"https:\/\/geo-park.com\/sustainability\/2020\/wp-json\/wp\/v2\/media?parent=35"}],"curies":[{"name":"wp","href":"https:\/\/api.w.org\/{rel}","templated":true}]}}