{"id":67,"date":"2021-09-16T20:58:31","date_gmt":"2021-09-16T20:58:31","guid":{"rendered":"https:\/\/geo-park.com\/sustainability\/2020\/?page_id=67"},"modified":"2021-11-22T22:11:03","modified_gmt":"2021-11-22T22:11:03","slug":"retos-para-el-futuro","status":"publish","type":"page","link":"https:\/\/geo-park.com\/sustainability\/2020\/prosperidad\/retos-para-el-futuro\/","title":{"rendered":"Retos para el futuro"},"content":{"rendered":"<section class=\"l-section wpb_row height_small\"><div class=\"l-section-h i-cf\"><div class=\"g-cols via_grid cols_2-1 laptops-cols_inherit tablets-cols_inherit mobiles-cols_1 valign_top type_default\"><div class=\"wpb_column vc_column_container\"><div class=\"vc_column-inner\">[vc_custom_heading text=\u00bbGeneraci\u00f3n de valor\u00bb font_container=\u00bbtag:h3|text_align:left\u00bb use_theme_fonts=\u00bbyes\u00bb]<div class=\"w-iconbox icobox-items iconpos_left style_default color_primary align_left no_title\"><div class=\"w-iconbox-icon\" style=\"font-size:1rem;\"><i class=\"far fa-angle-double-right\"><\/i><\/div><div class=\"w-iconbox-meta\"><div class=\"w-iconbox-text\"><p>Apalancar la generaci\u00f3n de valor econ\u00f3mico con las alianzas estrat\u00e9gicas a largo plazo que nos brinden flexibilidad de financiamiento adicional y buscar nuevas adquisiciones.<\/p>\n<\/div><\/div><\/div><div class=\"w-iconbox icobox-items iconpos_left style_default color_primary align_left no_title\"><div class=\"w-iconbox-icon\" style=\"font-size:1rem;\"><i class=\"far fa-angle-double-right\"><\/i><\/div><div class=\"w-iconbox-meta\"><div class=\"w-iconbox-text\"><p>Incrementar valor neto de activos por acci\u00f3n (VIPS) al 10%.<\/p>\n<\/div><\/div><\/div><div class=\"w-iconbox icobox-items iconpos_left style_default color_primary align_left no_title\"><div class=\"w-iconbox-icon\" style=\"font-size:1rem;\"><i class=\"far fa-angle-double-right\"><\/i><\/div><div class=\"w-iconbox-meta\"><div class=\"w-iconbox-text\"><p>Lograr un flujo de caja operativo por barril de USD 11\/boe.<\/p>\n<\/div><\/div><\/div><div class=\"w-iconbox icobox-items iconpos_left style_default color_primary align_left no_title\"><div class=\"w-iconbox-icon\" style=\"font-size:1rem;\"><i class=\"far fa-angle-double-right\"><\/i><\/div><div class=\"w-iconbox-meta\"><div class=\"w-iconbox-text\"><p>Aumentar el retorno a accionistas en un 15%.<\/p>\n<\/div><\/div><\/div><div class=\"w-iconbox icobox-items iconpos_left style_default color_primary align_left no_title\"><div class=\"w-iconbox-icon\" style=\"font-size:1rem;\"><i class=\"far fa-angle-double-right\"><\/i><\/div><div class=\"w-iconbox-meta\"><div class=\"w-iconbox-text\"><p>Continuar monitoreando el impacto potencial de la pandemia en nuestra condici\u00f3n financiera, flujos de efectivo y resultados de operaci\u00f3n.<\/p>\n<\/div><\/div><\/div>[vc_custom_heading text=\u00bbCadena de valor\u00bb font_container=\u00bbtag:h3|text_align:left\u00bb use_theme_fonts=\u00bbyes\u00bb]<div class=\"w-iconbox icobox-items iconpos_left style_default color_primary align_left no_title\"><div class=\"w-iconbox-icon\" style=\"font-size:1rem;\"><i class=\"far fa-angle-double-right\"><\/i><\/div><div class=\"w-iconbox-meta\"><div class=\"w-iconbox-text\"><p>Realizar alianzas con entidades id\u00f3neas para mejorar la participaci\u00f3n laboral de mujeres en la cadena de valor.<\/p>\n<\/div><\/div><\/div><div class=\"w-iconbox icobox-items iconpos_left style_default color_primary align_left no_title\"><div class=\"w-iconbox-icon\" style=\"font-size:1rem;\"><i class=\"far fa-angle-double-right\"><\/i><\/div><div class=\"w-iconbox-meta\"><div class=\"w-iconbox-text\"><p>Asegurar que el 100% de nuestros contratistas privilegien e implementen buenas pr\u00e1cticas de respeto de los derechos humanos.<\/p>\n<\/div><\/div><\/div><div class=\"w-iconbox icobox-items iconpos_left style_default color_primary align_left no_title\"><div class=\"w-iconbox-icon\" style=\"font-size:1rem;\"><i class=\"far fa-angle-double-right\"><\/i><\/div><div class=\"w-iconbox-meta\"><div class=\"w-iconbox-text\"><p>Implementar un programa peri\u00f3dico de atenci\u00f3n directa y seguimiento a la gesti\u00f3n y relaci\u00f3n comercial con contratistas locales, con el fin de reducir la conflictividad social referida a sus expectativas e incorporar mejores pr\u00e1cticas de abastecimiento local.<\/p>\n<\/div><\/div><\/div><div class=\"w-iconbox icobox-items iconpos_left style_default color_primary align_left no_title\"><div class=\"w-iconbox-icon\" style=\"font-size:1rem;\"><i class=\"far fa-angle-double-right\"><\/i><\/div><div class=\"w-iconbox-meta\"><div class=\"w-iconbox-text\"><p>Replicar en el Activo Oriente (Ecuador) las buenas pr\u00e1cticas de gesti\u00f3n preventiva y fortalecimiento de contratistas locales de los otros activos.<\/p>\n<\/div><\/div><\/div>[vc_custom_heading text=\u00bbGesti\u00f3n de activos\u00bb font_container=\u00bbtag:h3|text_align:left\u00bb use_theme_fonts=\u00bbyes\u00bb]<div class=\"w-iconbox icobox-items iconpos_left style_default color_primary align_left no_title\"><div class=\"w-iconbox-icon\" style=\"font-size:1rem;\"><i class=\"far fa-angle-double-right\"><\/i><\/div><div class=\"w-iconbox-meta\"><div class=\"w-iconbox-text\"><p>Continuar consolidando el nuevo Modelo de Negocios, con base en la gesti\u00f3n integral de nuestros activos.<\/p>\n<\/div><\/div><\/div><div class=\"w-iconbox icobox-items iconpos_left style_default color_primary align_left no_title\"><div class=\"w-iconbox-icon\" style=\"font-size:1rem;\"><i class=\"far fa-angle-double-right\"><\/i><\/div><div class=\"w-iconbox-meta\"><div class=\"w-iconbox-text\"><p>Seguir nuestros procesos de exploraci\u00f3n y conocimiento de los yacimientos manteniendo el \u00e9xito exploratorio y la gesti\u00f3n eficiente en costos y operaci\u00f3n de los \u00faltimos a\u00f1os.<\/p>\n<\/div><\/div><\/div><div class=\"w-iconbox icobox-items iconpos_left style_default color_primary align_left no_title\"><div class=\"w-iconbox-icon\" style=\"font-size:1rem;\"><i class=\"far fa-angle-double-right\"><\/i><\/div><div class=\"w-iconbox-meta\"><div class=\"w-iconbox-text\"><p>Lograr probar ante la Agencia Nacional de Hidrocarburos en Colombia el potencial exploratorio de los bloques acelerando el ritmo de las actividades.<\/p>\n<\/div><\/div><\/div><div class=\"w-iconbox icobox-items iconpos_left style_default color_primary align_left no_title\"><div class=\"w-iconbox-icon\" style=\"font-size:1rem;\"><i class=\"far fa-angle-double-right\"><\/i><\/div><div class=\"w-iconbox-meta\"><div class=\"w-iconbox-text\"><p>Lograr un \u00edndice de eficiencia en producci\u00f3n del 95%.<\/p>\n<\/div><\/div><\/div><div class=\"w-iconbox icobox-items iconpos_left style_default color_primary align_left no_title\"><div class=\"w-iconbox-icon\" style=\"font-size:1rem;\"><i class=\"far fa-angle-double-right\"><\/i><\/div><div class=\"w-iconbox-meta\"><div class=\"w-iconbox-text\"><p>Alcanzar un \u00edndice de eficiencia en perforaci\u00f3n del 95%.<\/p>\n<\/div><\/div><\/div><div class=\"w-iconbox icobox-items iconpos_left style_default color_primary align_left no_title\"><div class=\"w-iconbox-icon\" style=\"font-size:1rem;\"><i class=\"far fa-angle-double-right\"><\/i><\/div><div class=\"w-iconbox-meta\"><div class=\"w-iconbox-text\"><p>Reducir costos de perforaci\u00f3n y <em>workover<\/em> en 3% respecto a 2020.<\/p>\n<\/div><\/div><\/div>[vc_custom_heading text=\u00bbNuevos negocios\u00bb font_container=\u00bbtag:h3|text_align:left\u00bb use_theme_fonts=\u00bbyes\u00bb]<div class=\"w-iconbox icobox-items iconpos_left style_default color_primary align_left no_title\"><div class=\"w-iconbox-icon\" style=\"font-size:1rem;\"><i class=\"far fa-angle-double-right\"><\/i><\/div><div class=\"w-iconbox-meta\"><div class=\"w-iconbox-text\"><p>Lograr la escala de producci\u00f3n, reservas y recursos de acuerdo con los objetivos de largo plazo de la Compa\u00f1\u00eda y las alternativas de crecimiento org\u00e1nico e inorg\u00e1nico.<\/p>\n<\/div><\/div><\/div><div class=\"w-iconbox icobox-items iconpos_left style_default color_primary align_left no_title\"><div class=\"w-iconbox-icon\" style=\"font-size:1rem;\"><i class=\"far fa-angle-double-right\"><\/i><\/div><div class=\"w-iconbox-meta\"><div class=\"w-iconbox-text\"><p>Diversificar el portafolio de activos manteniendo un balance de riesgo entre pa\u00edses y un mix de petr\u00f3leo y gas.<\/p>\n<\/div><\/div><\/div><div class=\"w-iconbox icobox-items iconpos_left style_default color_primary align_left no_title\"><div class=\"w-iconbox-icon\" style=\"font-size:1rem;\"><i class=\"far fa-angle-double-right\"><\/i><\/div><div class=\"w-iconbox-meta\"><div class=\"w-iconbox-text\"><p>Recomendar al menos cinco nuevos proyectos de crecimiento inorg\u00e1nico con una TIR mayor que el 15%.<\/p>\n<\/div><\/div><\/div><\/div><\/div><div class=\"wpb_column vc_column_container\"><div class=\"vc_column-inner\"><\/div><\/div><\/div><\/div><\/section>\n","protected":false},"excerpt":{"rendered":"[vc_custom_heading text=\"Generaci\u00f3n de valor\" font_container=\"tag:h3|text_align:left\" use_theme_fonts=\"yes\"]Apalancar la generaci\u00f3n de valor econ\u00f3mico con las alianzas estrat\u00e9gicas a largo plazo que nos brinden flexibilidad de financiamiento adicional y buscar nuevas adquisiciones. Incrementar valor neto de activos por acci\u00f3n (VIPS) al 10%. Lograr un flujo de caja operativo por barril de USD 11\/boe. Aumentar el retorno a accionistas...","protected":false},"author":1,"featured_media":986,"parent":53,"menu_order":5,"comment_status":"closed","ping_status":"closed","template":"","meta":{"inline_featured_image":false,"footnotes":""},"class_list":["post-67","page","type-page","status-publish","has-post-thumbnail","hentry"],"yoast_head":"<!-- This site is optimized with the Yoast SEO plugin v24.9 - https:\/\/yoast.com\/wordpress\/plugins\/seo\/ -->\n<title>Retos para el futuro en prosperidad - Sustainability Report 2020 GeoPark<\/title>\n<meta name=\"description\" content=\"Conoce cu\u00e1les son los retos y desaf\u00edos que tenemos para el futuro en GeoPark en torno a la prosperidad en nuestra compa\u00f1\u00eda.\" \/>\n<meta name=\"robots\" content=\"index, follow, max-snippet:-1, max-image-preview:large, max-video-preview:-1\" \/>\n<link rel=\"canonical\" href=\"https:\/\/geo-park.com\/sustainability\/2020\/prosperidad\/retos-para-el-futuro\/\" \/>\n<meta property=\"og:locale\" content=\"es_ES\" \/>\n<meta property=\"og:type\" content=\"article\" \/>\n<meta property=\"og:title\" content=\"Retos para el futuro en prosperidad - Sustainability Report 2020 GeoPark\" \/>\n<meta property=\"og:description\" content=\"Conoce cu\u00e1les son los retos y desaf\u00edos que tenemos para el futuro en GeoPark en torno a la prosperidad en nuestra compa\u00f1\u00eda.\" \/>\n<meta property=\"og:url\" content=\"https:\/\/geo-park.com\/sustainability\/2020\/prosperidad\/retos-para-el-futuro\/\" \/>\n<meta property=\"og:site_name\" content=\"Sustainability Report 2020 GeoPark\" \/>\n<meta property=\"article:modified_time\" content=\"2021-11-22T22:11:03+00:00\" \/>\n<meta property=\"og:image\" content=\"https:\/\/geo-park.com\/sustainability\/2020\/wp-content\/uploads\/2021\/10\/banner-interno-Prosperidad-Retos-para-el-futuro.jpg\" \/>\n\t<meta property=\"og:image:width\" content=\"1280\" \/>\n\t<meta property=\"og:image:height\" content=\"420\" \/>\n\t<meta property=\"og:image:type\" content=\"image\/jpeg\" \/>\n<meta name=\"twitter:card\" content=\"summary_large_image\" \/>\n<meta name=\"twitter:label1\" content=\"Tiempo de lectura\" \/>\n\t<meta name=\"twitter:data1\" content=\"2 minutos\" \/>\n<script type=\"application\/ld+json\" class=\"yoast-schema-graph\">{\"@context\":\"https:\/\/schema.org\",\"@graph\":[{\"@type\":\"WebPage\",\"@id\":\"https:\/\/geo-park.com\/sustainability\/2020\/prosperidad\/retos-para-el-futuro\/\",\"url\":\"https:\/\/geo-park.com\/sustainability\/2020\/prosperidad\/retos-para-el-futuro\/\",\"name\":\"Retos para el futuro en prosperidad - Sustainability Report 2020 GeoPark\",\"isPartOf\":{\"@id\":\"https:\/\/geo-park.com\/sustainability\/2020\/#website\"},\"primaryImageOfPage\":{\"@id\":\"https:\/\/geo-park.com\/sustainability\/2020\/prosperidad\/retos-para-el-futuro\/#primaryimage\"},\"image\":{\"@id\":\"https:\/\/geo-park.com\/sustainability\/2020\/prosperidad\/retos-para-el-futuro\/#primaryimage\"},\"thumbnailUrl\":\"https:\/\/geo-park.com\/sustainability\/2020\/wp-content\/uploads\/2021\/10\/banner-interno-Prosperidad-Retos-para-el-futuro.jpg\",\"datePublished\":\"2021-09-16T20:58:31+00:00\",\"dateModified\":\"2021-11-22T22:11:03+00:00\",\"description\":\"Conoce cu\u00e1les son los retos y desaf\u00edos que tenemos para el futuro en GeoPark en torno a la prosperidad en nuestra compa\u00f1\u00eda.\",\"breadcrumb\":{\"@id\":\"https:\/\/geo-park.com\/sustainability\/2020\/prosperidad\/retos-para-el-futuro\/#breadcrumb\"},\"inLanguage\":\"es\",\"potentialAction\":[{\"@type\":\"ReadAction\",\"target\":[\"https:\/\/geo-park.com\/sustainability\/2020\/prosperidad\/retos-para-el-futuro\/\"]}]},{\"@type\":\"ImageObject\",\"inLanguage\":\"es\",\"@id\":\"https:\/\/geo-park.com\/sustainability\/2020\/prosperidad\/retos-para-el-futuro\/#primaryimage\",\"url\":\"https:\/\/geo-park.com\/sustainability\/2020\/wp-content\/uploads\/2021\/10\/banner-interno-Prosperidad-Retos-para-el-futuro.jpg\",\"contentUrl\":\"https:\/\/geo-park.com\/sustainability\/2020\/wp-content\/uploads\/2021\/10\/banner-interno-Prosperidad-Retos-para-el-futuro.jpg\",\"width\":1280,\"height\":420},{\"@type\":\"BreadcrumbList\",\"@id\":\"https:\/\/geo-park.com\/sustainability\/2020\/prosperidad\/retos-para-el-futuro\/#breadcrumb\",\"itemListElement\":[{\"@type\":\"ListItem\",\"position\":1,\"name\":\"Inicio\",\"item\":\"https:\/\/geo-park.com\/sustainability\/2020\/\"},{\"@type\":\"ListItem\",\"position\":2,\"name\":\"Prosperidad\",\"item\":\"https:\/\/geo-park.com\/sustainability\/2020\/prosperidad\/\"},{\"@type\":\"ListItem\",\"position\":3,\"name\":\"Retos para el futuro\"}]},{\"@type\":\"WebSite\",\"@id\":\"https:\/\/geo-park.com\/sustainability\/2020\/#website\",\"url\":\"https:\/\/geo-park.com\/sustainability\/2020\/\",\"name\":\"Sustainability Report 2020 GeoPark\",\"description\":\"Just another WordPress site\",\"potentialAction\":[{\"@type\":\"SearchAction\",\"target\":{\"@type\":\"EntryPoint\",\"urlTemplate\":\"https:\/\/geo-park.com\/sustainability\/2020\/?s={search_term_string}\"},\"query-input\":{\"@type\":\"PropertyValueSpecification\",\"valueRequired\":true,\"valueName\":\"search_term_string\"}}],\"inLanguage\":\"es\"}]}<\/script>\n<!-- \/ Yoast SEO plugin. -->","yoast_head_json":{"title":"Retos para el futuro en prosperidad - Sustainability Report 2020 GeoPark","description":"Conoce cu\u00e1les son los retos y desaf\u00edos que tenemos para el futuro en GeoPark en torno a la prosperidad en nuestra compa\u00f1\u00eda.","robots":{"index":"index","follow":"follow","max-snippet":"max-snippet:-1","max-image-preview":"max-image-preview:large","max-video-preview":"max-video-preview:-1"},"canonical":"https:\/\/geo-park.com\/sustainability\/2020\/prosperidad\/retos-para-el-futuro\/","og_locale":"es_ES","og_type":"article","og_title":"Retos para el futuro en prosperidad - Sustainability Report 2020 GeoPark","og_description":"Conoce cu\u00e1les son los retos y desaf\u00edos que tenemos para el futuro en GeoPark en torno a la prosperidad en nuestra compa\u00f1\u00eda.","og_url":"https:\/\/geo-park.com\/sustainability\/2020\/prosperidad\/retos-para-el-futuro\/","og_site_name":"Sustainability Report 2020 GeoPark","article_modified_time":"2021-11-22T22:11:03+00:00","og_image":[{"width":1280,"height":420,"url":"https:\/\/geo-park.com\/sustainability\/2020\/wp-content\/uploads\/2021\/10\/banner-interno-Prosperidad-Retos-para-el-futuro.jpg","type":"image\/jpeg"}],"twitter_card":"summary_large_image","twitter_misc":{"Tiempo de lectura":"2 minutos"},"schema":{"@context":"https:\/\/schema.org","@graph":[{"@type":"WebPage","@id":"https:\/\/geo-park.com\/sustainability\/2020\/prosperidad\/retos-para-el-futuro\/","url":"https:\/\/geo-park.com\/sustainability\/2020\/prosperidad\/retos-para-el-futuro\/","name":"Retos para el futuro en prosperidad - Sustainability Report 2020 GeoPark","isPartOf":{"@id":"https:\/\/geo-park.com\/sustainability\/2020\/#website"},"primaryImageOfPage":{"@id":"https:\/\/geo-park.com\/sustainability\/2020\/prosperidad\/retos-para-el-futuro\/#primaryimage"},"image":{"@id":"https:\/\/geo-park.com\/sustainability\/2020\/prosperidad\/retos-para-el-futuro\/#primaryimage"},"thumbnailUrl":"https:\/\/geo-park.com\/sustainability\/2020\/wp-content\/uploads\/2021\/10\/banner-interno-Prosperidad-Retos-para-el-futuro.jpg","datePublished":"2021-09-16T20:58:31+00:00","dateModified":"2021-11-22T22:11:03+00:00","description":"Conoce cu\u00e1les son los retos y desaf\u00edos que tenemos para el futuro en GeoPark en torno a la prosperidad en nuestra compa\u00f1\u00eda.","breadcrumb":{"@id":"https:\/\/geo-park.com\/sustainability\/2020\/prosperidad\/retos-para-el-futuro\/#breadcrumb"},"inLanguage":"es","potentialAction":[{"@type":"ReadAction","target":["https:\/\/geo-park.com\/sustainability\/2020\/prosperidad\/retos-para-el-futuro\/"]}]},{"@type":"ImageObject","inLanguage":"es","@id":"https:\/\/geo-park.com\/sustainability\/2020\/prosperidad\/retos-para-el-futuro\/#primaryimage","url":"https:\/\/geo-park.com\/sustainability\/2020\/wp-content\/uploads\/2021\/10\/banner-interno-Prosperidad-Retos-para-el-futuro.jpg","contentUrl":"https:\/\/geo-park.com\/sustainability\/2020\/wp-content\/uploads\/2021\/10\/banner-interno-Prosperidad-Retos-para-el-futuro.jpg","width":1280,"height":420},{"@type":"BreadcrumbList","@id":"https:\/\/geo-park.com\/sustainability\/2020\/prosperidad\/retos-para-el-futuro\/#breadcrumb","itemListElement":[{"@type":"ListItem","position":1,"name":"Inicio","item":"https:\/\/geo-park.com\/sustainability\/2020\/"},{"@type":"ListItem","position":2,"name":"Prosperidad","item":"https:\/\/geo-park.com\/sustainability\/2020\/prosperidad\/"},{"@type":"ListItem","position":3,"name":"Retos para el futuro"}]},{"@type":"WebSite","@id":"https:\/\/geo-park.com\/sustainability\/2020\/#website","url":"https:\/\/geo-park.com\/sustainability\/2020\/","name":"Sustainability Report 2020 GeoPark","description":"Just another WordPress site","potentialAction":[{"@type":"SearchAction","target":{"@type":"EntryPoint","urlTemplate":"https:\/\/geo-park.com\/sustainability\/2020\/?s={search_term_string}"},"query-input":{"@type":"PropertyValueSpecification","valueRequired":true,"valueName":"search_term_string"}}],"inLanguage":"es"}]}},"_links":{"self":[{"href":"https:\/\/geo-park.com\/sustainability\/2020\/wp-json\/wp\/v2\/pages\/67","targetHints":{"allow":["GET"]}}],"collection":[{"href":"https:\/\/geo-park.com\/sustainability\/2020\/wp-json\/wp\/v2\/pages"}],"about":[{"href":"https:\/\/geo-park.com\/sustainability\/2020\/wp-json\/wp\/v2\/types\/page"}],"author":[{"embeddable":true,"href":"https:\/\/geo-park.com\/sustainability\/2020\/wp-json\/wp\/v2\/users\/1"}],"replies":[{"embeddable":true,"href":"https:\/\/geo-park.com\/sustainability\/2020\/wp-json\/wp\/v2\/comments?post=67"}],"version-history":[{"count":9,"href":"https:\/\/geo-park.com\/sustainability\/2020\/wp-json\/wp\/v2\/pages\/67\/revisions"}],"predecessor-version":[{"id":2085,"href":"https:\/\/geo-park.com\/sustainability\/2020\/wp-json\/wp\/v2\/pages\/67\/revisions\/2085"}],"up":[{"embeddable":true,"href":"https:\/\/geo-park.com\/sustainability\/2020\/wp-json\/wp\/v2\/pages\/53"}],"wp:featuredmedia":[{"embeddable":true,"href":"https:\/\/geo-park.com\/sustainability\/2020\/wp-json\/wp\/v2\/media\/986"}],"wp:attachment":[{"href":"https:\/\/geo-park.com\/sustainability\/2020\/wp-json\/wp\/v2\/media?parent=67"}],"curies":[{"name":"wp","href":"https:\/\/api.w.org\/{rel}","templated":true}]}}