{"id":2518,"date":"2022-12-22T11:04:39","date_gmt":"2022-12-22T16:04:39","guid":{"rendered":"https:\/\/geo-park.com\/sustainability\/2021\/?page_id=2518"},"modified":"2022-12-27T14:11:58","modified_gmt":"2022-12-27T19:11:58","slug":"mensaje","status":"publish","type":"page","link":"https:\/\/geo-park.com\/sustainability\/2021\/mensaje\/","title":{"rendered":"Mensaje de Andr\u00e9s y Jim"},"content":{"rendered":"\t\t<div data-elementor-type=\"wp-page\" data-elementor-id=\"2518\" class=\"elementor elementor-2518\">\n\t\t\t\t\t\t\t\t\t<section class=\"elementor-section elementor-top-section elementor-element elementor-element-573680b elementor-section-full_width elementor-section-height-min-height animated-slow elementor-section-items-bottom elementor-section-height-default elementor-invisible\" data-id=\"573680b\" data-element_type=\"section\" data-settings=\"{&quot;background_background&quot;:&quot;classic&quot;,&quot;animation&quot;:&quot;fadeIn&quot;}\">\n\t\t\t\t\t\t\t<div class=\"elementor-background-overlay\"><\/div>\n\t\t\t\t\t\t\t<div class=\"elementor-container elementor-column-gap-default\">\n\t\t\t\t\t<div class=\"elementor-column elementor-col-100 elementor-top-column elementor-element elementor-element-9fdcb56\" data-id=\"9fdcb56\" data-element_type=\"column\">\n\t\t\t<div class=\"elementor-widget-wrap elementor-element-populated\">\n\t\t\t\t\t\t\t\t<section class=\"elementor-section elementor-inner-section elementor-element elementor-element-f698023 elementor-section-boxed elementor-section-height-default elementor-section-height-default\" data-id=\"f698023\" data-element_type=\"section\">\n\t\t\t\t\t\t<div class=\"elementor-container elementor-column-gap-default\">\n\t\t\t\t\t<div class=\"elementor-column elementor-col-50 elementor-inner-column elementor-element elementor-element-11efec1\" data-id=\"11efec1\" data-element_type=\"column\">\n\t\t\t<div class=\"elementor-widget-wrap elementor-element-populated\">\n\t\t\t\t\t\t\t\t<div class=\"elementor-element elementor-element-70f4766 elementor-invisible elementor-widget elementor-widget-heading\" data-id=\"70f4766\" data-element_type=\"widget\" data-settings=\"{&quot;_animation&quot;:&quot;fadeIn&quot;,&quot;_animation_delay&quot;:500}\" data-widget_type=\"heading.default\">\n\t\t\t\t<div class=\"elementor-widget-container\">\n\t\t\t<style>\/*! elementor - v3.10.1 - 17-01-2023 *\/\n.elementor-heading-title{padding:0;margin:0;line-height:1}.elementor-widget-heading .elementor-heading-title[class*=elementor-size-]>a{color:inherit;font-size:inherit;line-height:inherit}.elementor-widget-heading .elementor-heading-title.elementor-size-small{font-size:15px}.elementor-widget-heading .elementor-heading-title.elementor-size-medium{font-size:19px}.elementor-widget-heading .elementor-heading-title.elementor-size-large{font-size:29px}.elementor-widget-heading .elementor-heading-title.elementor-size-xl{font-size:39px}.elementor-widget-heading .elementor-heading-title.elementor-size-xxl{font-size:59px}<\/style><h1 class=\"elementor-heading-title elementor-size-default\">Mensaje de Andr\u00e9s y Jim<\/h1>\t\t<\/div>\n\t\t\t\t<\/div>\n\t\t\t\t<div class=\"elementor-element elementor-element-17c2f07 button elementor-invisible elementor-widget elementor-widget-button\" data-id=\"17c2f07\" data-element_type=\"widget\" data-settings=\"{&quot;_animation&quot;:&quot;fadeInUp&quot;,&quot;_animation_delay&quot;:900}\" data-widget_type=\"button.default\">\n\t\t\t\t<div class=\"elementor-widget-container\">\n\t\t\t\t\t<div class=\"elementor-button-wrapper\">\n\t\t\t<a href=\"https:\/\/indd.adobe.com\/view\/8df5397f-0b7c-4d3a-82ec-77ebf57cde66?startpage=7\" target=\"_blank\" rel=\"nofollow\" class=\"elementor-button-link elementor-button elementor-size-sm\" role=\"button\">\n\t\t\t\t\t\t<span class=\"elementor-button-content-wrapper\">\n\t\t\t\t\t\t\t<span class=\"elementor-button-icon elementor-align-icon-left\">\n\t\t\t\t<i aria-hidden=\"true\" class=\"fe fe-arrow-right\"><\/i>\t\t\t<\/span>\n\t\t\t\t\t\t<span class=\"elementor-button-text\">Consulte el cap\u00edtulo completo ac\u00e1<\/span>\n\t\t<\/span>\n\t\t\t\t\t<\/a>\n\t\t<\/div>\n\t\t\t\t<\/div>\n\t\t\t\t<\/div>\n\t\t\t\t\t<\/div>\n\t\t<\/div>\n\t\t\t\t<div class=\"elementor-column elementor-col-50 elementor-inner-column elementor-element elementor-element-eb17972\" data-id=\"eb17972\" data-element_type=\"column\">\n\t\t\t<div class=\"elementor-widget-wrap\">\n\t\t\t\t\t\t\t\t\t<\/div>\n\t\t<\/div>\n\t\t\t\t\t\t\t<\/div>\n\t\t<\/section>\n\t\t\t\t\t<\/div>\n\t\t<\/div>\n\t\t\t\t\t\t\t<\/div>\n\t\t<\/section>\n\t\t\t\t<section class=\"elementor-section elementor-top-section elementor-element elementor-element-a71cda6 elementor-section-boxed elementor-section-height-default elementor-section-height-default\" data-id=\"a71cda6\" data-element_type=\"section\">\n\t\t\t\t\t\t<div class=\"elementor-container elementor-column-gap-default\">\n\t\t\t\t\t<div class=\"elementor-column elementor-col-50 elementor-top-column elementor-element elementor-element-eff4751\" data-id=\"eff4751\" data-element_type=\"column\">\n\t\t\t<div class=\"elementor-widget-wrap elementor-element-populated\">\n\t\t\t\t\t\t\t\t<div class=\"elementor-element elementor-element-1411e4b elementor-widget elementor-widget-image\" data-id=\"1411e4b\" data-element_type=\"widget\" data-widget_type=\"image.default\">\n\t\t\t\t<div class=\"elementor-widget-container\">\n\t\t\t<style>\/*! elementor - v3.10.1 - 17-01-2023 *\/\n.elementor-widget-image{text-align:center}.elementor-widget-image a{display:inline-block}.elementor-widget-image a img[src$=\".svg\"]{width:48px}.elementor-widget-image img{vertical-align:middle;display:inline-block}<\/style>\t\t\t\t\t\t\t\t\t\t\t\t<img loading=\"lazy\" decoding=\"async\" width=\"800\" height=\"604\" src=\"https:\/\/geo-park.com\/sustainability\/2021\/wp-content\/uploads\/2022\/12\/mensaje-1024x773.jpg\" class=\"attachment-large size-large wp-image-2520\" alt=\"\" srcset=\"https:\/\/geo-park.com\/sustainability\/2021\/wp-content\/uploads\/2022\/12\/mensaje-1024x773.jpg 1024w, https:\/\/geo-park.com\/sustainability\/2021\/wp-content\/uploads\/2022\/12\/mensaje-300x226.jpg 300w, https:\/\/geo-park.com\/sustainability\/2021\/wp-content\/uploads\/2022\/12\/mensaje-768x580.jpg 768w, https:\/\/geo-park.com\/sustainability\/2021\/wp-content\/uploads\/2022\/12\/mensaje-1536x1159.jpg 1536w, https:\/\/geo-park.com\/sustainability\/2021\/wp-content\/uploads\/2022\/12\/mensaje-2048x1546.jpg 2048w\" sizes=\"auto, (max-width: 800px) 100vw, 800px\" \/>\t\t\t\t\t\t\t\t\t\t\t\t\t\t\t<\/div>\n\t\t\t\t<\/div>\n\t\t\t\t\t<\/div>\n\t\t<\/div>\n\t\t\t\t<div class=\"elementor-column elementor-col-50 elementor-top-column elementor-element elementor-element-1d8181c\" data-id=\"1d8181c\" data-element_type=\"column\">\n\t\t\t<div class=\"elementor-widget-wrap elementor-element-populated\">\n\t\t\t\t\t\t\t\t<div class=\"elementor-element elementor-element-8a03fd0 elementor-widget elementor-widget-heading\" data-id=\"8a03fd0\" data-element_type=\"widget\" data-widget_type=\"heading.default\">\n\t\t\t\t<div class=\"elementor-widget-container\">\n\t\t\t<h2 class=\"elementor-heading-title elementor-size-default\">Estimados Amigos<\/h2>\t\t<\/div>\n\t\t\t\t<\/div>\n\t\t\t\t<div class=\"elementor-element elementor-element-48c0b3b elementor-widget elementor-widget-text-editor\" data-id=\"48c0b3b\" data-element_type=\"widget\" data-widget_type=\"text-editor.default\">\n\t\t\t\t<div class=\"elementor-widget-container\">\n\t\t\t<style>\/*! elementor - v3.10.1 - 17-01-2023 *\/\n.elementor-widget-text-editor.elementor-drop-cap-view-stacked .elementor-drop-cap{background-color:#818a91;color:#fff}.elementor-widget-text-editor.elementor-drop-cap-view-framed .elementor-drop-cap{color:#818a91;border:3px solid;background-color:transparent}.elementor-widget-text-editor:not(.elementor-drop-cap-view-default) .elementor-drop-cap{margin-top:8px}.elementor-widget-text-editor:not(.elementor-drop-cap-view-default) .elementor-drop-cap-letter{width:1em;height:1em}.elementor-widget-text-editor .elementor-drop-cap{float:left;text-align:center;line-height:1;font-size:50px}.elementor-widget-text-editor .elementor-drop-cap-letter{display:inline-block}<\/style>\t\t\t\t<p>El 2021 fue un a\u00f1o de extraordinaria actividad para GeoPark. Un a\u00f1o en el que seguimos contribuyendo para atender el aumento en la demanda global de energ\u00eda, cumplimos y superamos nuestras principales metas y, nuevamente, entregamos valor a todos nuestros grupos de inter\u00e9s. Trabajando en estrecha colaboraci\u00f3n con nuestros vecinos y comunidades, y siguiendo una trayectoria de continua reducci\u00f3n de emisiones de carbono, alcanzamos varios hitos importantes en la antesala de nuestro vig\u00e9simo aniversario.<\/p><p>Nuestro Reporte SPEED\/ESG 2021, \u00abCrear Valor y Retribuir\u00bb, refleja el objetivo que nos empe\u00f1amos por alcanzar cada d\u00eda. El marco estrat\u00e9gico de sostenibilidad de Geo-Park es el resultado de alinear nuestras prioridades con los Objetivos de Desarrollo Sostenible de las Naciones Unidas, y este informe incluye sus principales indicadores y metas. Tomando como punto de partida la evaluaci\u00f3n de materialidad que hicimos el a\u00f1o pasado, hemos identificado y priorizado los siguientes temas como los m\u00e1s relevantes: gesti\u00f3n del cambio clim\u00e1tico, protecci\u00f3n de la biodiversidad, gesti\u00f3n integral del agua, contribuci\u00f3n al desarrollo sostenible y, promoci\u00f3n y respeto de los derechos humanos.<\/p>\t\t\t\t\t\t<\/div>\n\t\t\t\t<\/div>\n\t\t\t\t<div class=\"elementor-element elementor-element-1784257 button elementor-widget elementor-widget-button\" data-id=\"1784257\" data-element_type=\"widget\" data-widget_type=\"button.default\">\n\t\t\t\t<div class=\"elementor-widget-container\">\n\t\t\t\t\t<div class=\"elementor-button-wrapper\">\n\t\t\t<a href=\"https:\/\/indd.adobe.com\/view\/8df5397f-0b7c-4d3a-82ec-77ebf57cde66?startpage=7\" target=\"_blank\" class=\"elementor-button-link elementor-button elementor-size-sm\" role=\"button\">\n\t\t\t\t\t\t<span class=\"elementor-button-content-wrapper\">\n\t\t\t\t\t\t\t<span class=\"elementor-button-icon elementor-align-icon-left\">\n\t\t\t\t<i aria-hidden=\"true\" class=\"fe fe-arrow-right\"><\/i>\t\t\t<\/span>\n\t\t\t\t\t\t<span class=\"elementor-button-text\">Ver el mensaje completo<\/span>\n\t\t<\/span>\n\t\t\t\t\t<\/a>\n\t\t<\/div>\n\t\t\t\t<\/div>\n\t\t\t\t<\/div>\n\t\t\t\t\t<\/div>\n\t\t<\/div>\n\t\t\t\t\t\t\t<\/div>\n\t\t<\/section>\n\t\t\t\t\t\t\t<\/div>\n\t\t","protected":false},"excerpt":{"rendered":"<p>Consulte el cap\u00edtulo completo ac\u00e1 Estimados Amigos El 2021 fue un a\u00f1o de extraordinaria actividad para GeoPark. Un a\u00f1o en el que seguimos contribuyendo para atender el aumento en la demanda global de energ\u00eda, cumplimos y superamos nuestras principales metas y, nuevamente, entregamos valor a todos nuestros grupos de inter\u00e9s. Trabajando en estrecha colaboraci\u00f3n con [&hellip;]<\/p>\n","protected":false},"author":1,"featured_media":2520,"parent":0,"menu_order":1,"comment_status":"closed","ping_status":"closed","template":"","meta":{"footnotes":""},"class_list":["post-2518","page","type-page","status-publish","has-post-thumbnail","hentry"],"yoast_head":"<!-- This site is optimized with the Yoast SEO plugin v24.9 - https:\/\/yoast.com\/wordpress\/plugins\/seo\/ -->\n<title>Mensaje de Andr\u00e9s y Jim - GeoPark<\/title>\n<meta name=\"robots\" content=\"noindex, follow, max-snippet:-1, max-image-preview:large, max-video-preview:-1\" \/>\n<meta property=\"og:locale\" content=\"es_ES\" \/>\n<meta property=\"og:type\" content=\"article\" \/>\n<meta property=\"og:title\" content=\"Mensaje de Andr\u00e9s y Jim - GeoPark\" \/>\n<meta property=\"og:description\" content=\"Consulte el cap\u00edtulo completo ac\u00e1 Estimados Amigos El 2021 fue un a\u00f1o de extraordinaria actividad para GeoPark. Un a\u00f1o en el que seguimos contribuyendo para atender el aumento en la demanda global de energ\u00eda, cumplimos y superamos nuestras principales metas y, nuevamente, entregamos valor a todos nuestros grupos de inter\u00e9s. Trabajando en estrecha colaboraci\u00f3n con [&hellip;]\" \/>\n<meta property=\"og:url\" content=\"https:\/\/geo-park.com\/sustainability\/2021\/mensaje\/\" \/>\n<meta property=\"og:site_name\" content=\"GeoPark\" \/>\n<meta property=\"article:publisher\" content=\"https:\/\/www.facebook.com\/SomosGeoPark\" \/>\n<meta property=\"article:modified_time\" content=\"2022-12-27T19:11:58+00:00\" \/>\n<meta property=\"og:image\" content=\"https:\/\/geo-park.com\/sustainability\/2021\/wp-content\/uploads\/2022\/12\/mensaje-scaled.jpg\" \/>\n\t<meta property=\"og:image:width\" content=\"2560\" \/>\n\t<meta property=\"og:image:height\" content=\"1932\" \/>\n\t<meta property=\"og:image:type\" content=\"image\/jpeg\" \/>\n<meta name=\"twitter:card\" content=\"summary_large_image\" \/>\n<meta name=\"twitter:label1\" content=\"Tiempo de lectura\" \/>\n\t<meta name=\"twitter:data1\" content=\"1 minuto\" \/>\n<script type=\"application\/ld+json\" class=\"yoast-schema-graph\">{\"@context\":\"https:\/\/schema.org\",\"@graph\":[{\"@type\":\"WebPage\",\"@id\":\"https:\/\/geo-park.com\/sustainability\/2021\/mensaje\/\",\"url\":\"https:\/\/geo-park.com\/sustainability\/2021\/mensaje\/\",\"name\":\"Mensaje de Andr\u00e9s y Jim - GeoPark\",\"isPartOf\":{\"@id\":\"https:\/\/geo-park.com\/sustainability\/2021\/#website\"},\"primaryImageOfPage\":{\"@id\":\"https:\/\/geo-park.com\/sustainability\/2021\/mensaje\/#primaryimage\"},\"image\":{\"@id\":\"https:\/\/geo-park.com\/sustainability\/2021\/mensaje\/#primaryimage\"},\"thumbnailUrl\":\"https:\/\/geo-park.com\/sustainability\/2021\/wp-content\/uploads\/2022\/12\/mensaje-scaled.jpg\",\"datePublished\":\"2022-12-22T16:04:39+00:00\",\"dateModified\":\"2022-12-27T19:11:58+00:00\",\"breadcrumb\":{\"@id\":\"https:\/\/geo-park.com\/sustainability\/2021\/mensaje\/#breadcrumb\"},\"inLanguage\":\"es\",\"potentialAction\":[{\"@type\":\"ReadAction\",\"target\":[\"https:\/\/geo-park.com\/sustainability\/2021\/mensaje\/\"]}]},{\"@type\":\"ImageObject\",\"inLanguage\":\"es\",\"@id\":\"https:\/\/geo-park.com\/sustainability\/2021\/mensaje\/#primaryimage\",\"url\":\"https:\/\/geo-park.com\/sustainability\/2021\/wp-content\/uploads\/2022\/12\/mensaje-scaled.jpg\",\"contentUrl\":\"https:\/\/geo-park.com\/sustainability\/2021\/wp-content\/uploads\/2022\/12\/mensaje-scaled.jpg\",\"width\":2560,\"height\":1932},{\"@type\":\"BreadcrumbList\",\"@id\":\"https:\/\/geo-park.com\/sustainability\/2021\/mensaje\/#breadcrumb\",\"itemListElement\":[{\"@type\":\"ListItem\",\"position\":1,\"name\":\"Portada\",\"item\":\"https:\/\/geo-park.com\/sustainability\/2021\/\"},{\"@type\":\"ListItem\",\"position\":2,\"name\":\"Mensaje de Andr\u00e9s y Jim\"}]},{\"@type\":\"WebSite\",\"@id\":\"https:\/\/geo-park.com\/sustainability\/2021\/#website\",\"url\":\"https:\/\/geo-park.com\/sustainability\/2021\/\",\"name\":\"GeoPark\",\"description\":\"Reporte SPEED\/ESG 2021\",\"publisher\":{\"@id\":\"https:\/\/geo-park.com\/sustainability\/2021\/#organization\"},\"potentialAction\":[{\"@type\":\"SearchAction\",\"target\":{\"@type\":\"EntryPoint\",\"urlTemplate\":\"https:\/\/geo-park.com\/sustainability\/2021\/?s={search_term_string}\"},\"query-input\":{\"@type\":\"PropertyValueSpecification\",\"valueRequired\":true,\"valueName\":\"search_term_string\"}}],\"inLanguage\":\"es\"},{\"@type\":\"Organization\",\"@id\":\"https:\/\/geo-park.com\/sustainability\/2021\/#organization\",\"name\":\"GeoPark\",\"url\":\"https:\/\/geo-park.com\/sustainability\/2021\/\",\"logo\":{\"@type\":\"ImageObject\",\"inLanguage\":\"es\",\"@id\":\"https:\/\/geo-park.com\/sustainability\/2021\/#\/schema\/logo\/image\/\",\"url\":\"https:\/\/geo-park.com\/sustainability\/2021\/wp-content\/uploads\/2022\/12\/logo.png\",\"contentUrl\":\"https:\/\/geo-park.com\/sustainability\/2021\/wp-content\/uploads\/2022\/12\/logo.png\",\"width\":512,\"height\":248,\"caption\":\"GeoPark\"},\"image\":{\"@id\":\"https:\/\/geo-park.com\/sustainability\/2021\/#\/schema\/logo\/image\/\"},\"sameAs\":[\"https:\/\/www.facebook.com\/SomosGeoPark\",\"https:\/\/www.youtube.com\/c\/GeoParkOG\",\"https:\/\/www.linkedin.com\/company\/geopark\/\"]}]}<\/script>\n<!-- \/ Yoast SEO plugin. -->","yoast_head_json":{"title":"Mensaje de Andr\u00e9s y Jim - GeoPark","robots":{"index":"noindex","follow":"follow","max-snippet":"max-snippet:-1","max-image-preview":"max-image-preview:large","max-video-preview":"max-video-preview:-1"},"og_locale":"es_ES","og_type":"article","og_title":"Mensaje de Andr\u00e9s y Jim - GeoPark","og_description":"Consulte el cap\u00edtulo completo ac\u00e1 Estimados Amigos El 2021 fue un a\u00f1o de extraordinaria actividad para GeoPark. Un a\u00f1o en el que seguimos contribuyendo para atender el aumento en la demanda global de energ\u00eda, cumplimos y superamos nuestras principales metas y, nuevamente, entregamos valor a todos nuestros grupos de inter\u00e9s. Trabajando en estrecha colaboraci\u00f3n con [&hellip;]","og_url":"https:\/\/geo-park.com\/sustainability\/2021\/mensaje\/","og_site_name":"GeoPark","article_publisher":"https:\/\/www.facebook.com\/SomosGeoPark","article_modified_time":"2022-12-27T19:11:58+00:00","og_image":[{"width":2560,"height":1932,"url":"https:\/\/geo-park.com\/sustainability\/2021\/wp-content\/uploads\/2022\/12\/mensaje-scaled.jpg","type":"image\/jpeg"}],"twitter_card":"summary_large_image","twitter_misc":{"Tiempo de lectura":"1 minuto"},"schema":{"@context":"https:\/\/schema.org","@graph":[{"@type":"WebPage","@id":"https:\/\/geo-park.com\/sustainability\/2021\/mensaje\/","url":"https:\/\/geo-park.com\/sustainability\/2021\/mensaje\/","name":"Mensaje de Andr\u00e9s y Jim - GeoPark","isPartOf":{"@id":"https:\/\/geo-park.com\/sustainability\/2021\/#website"},"primaryImageOfPage":{"@id":"https:\/\/geo-park.com\/sustainability\/2021\/mensaje\/#primaryimage"},"image":{"@id":"https:\/\/geo-park.com\/sustainability\/2021\/mensaje\/#primaryimage"},"thumbnailUrl":"https:\/\/geo-park.com\/sustainability\/2021\/wp-content\/uploads\/2022\/12\/mensaje-scaled.jpg","datePublished":"2022-12-22T16:04:39+00:00","dateModified":"2022-12-27T19:11:58+00:00","breadcrumb":{"@id":"https:\/\/geo-park.com\/sustainability\/2021\/mensaje\/#breadcrumb"},"inLanguage":"es","potentialAction":[{"@type":"ReadAction","target":["https:\/\/geo-park.com\/sustainability\/2021\/mensaje\/"]}]},{"@type":"ImageObject","inLanguage":"es","@id":"https:\/\/geo-park.com\/sustainability\/2021\/mensaje\/#primaryimage","url":"https:\/\/geo-park.com\/sustainability\/2021\/wp-content\/uploads\/2022\/12\/mensaje-scaled.jpg","contentUrl":"https:\/\/geo-park.com\/sustainability\/2021\/wp-content\/uploads\/2022\/12\/mensaje-scaled.jpg","width":2560,"height":1932},{"@type":"BreadcrumbList","@id":"https:\/\/geo-park.com\/sustainability\/2021\/mensaje\/#breadcrumb","itemListElement":[{"@type":"ListItem","position":1,"name":"Portada","item":"https:\/\/geo-park.com\/sustainability\/2021\/"},{"@type":"ListItem","position":2,"name":"Mensaje de Andr\u00e9s y Jim"}]},{"@type":"WebSite","@id":"https:\/\/geo-park.com\/sustainability\/2021\/#website","url":"https:\/\/geo-park.com\/sustainability\/2021\/","name":"GeoPark","description":"Reporte SPEED\/ESG 2021","publisher":{"@id":"https:\/\/geo-park.com\/sustainability\/2021\/#organization"},"potentialAction":[{"@type":"SearchAction","target":{"@type":"EntryPoint","urlTemplate":"https:\/\/geo-park.com\/sustainability\/2021\/?s={search_term_string}"},"query-input":{"@type":"PropertyValueSpecification","valueRequired":true,"valueName":"search_term_string"}}],"inLanguage":"es"},{"@type":"Organization","@id":"https:\/\/geo-park.com\/sustainability\/2021\/#organization","name":"GeoPark","url":"https:\/\/geo-park.com\/sustainability\/2021\/","logo":{"@type":"ImageObject","inLanguage":"es","@id":"https:\/\/geo-park.com\/sustainability\/2021\/#\/schema\/logo\/image\/","url":"https:\/\/geo-park.com\/sustainability\/2021\/wp-content\/uploads\/2022\/12\/logo.png","contentUrl":"https:\/\/geo-park.com\/sustainability\/2021\/wp-content\/uploads\/2022\/12\/logo.png","width":512,"height":248,"caption":"GeoPark"},"image":{"@id":"https:\/\/geo-park.com\/sustainability\/2021\/#\/schema\/logo\/image\/"},"sameAs":["https:\/\/www.facebook.com\/SomosGeoPark","https:\/\/www.youtube.com\/c\/GeoParkOG","https:\/\/www.linkedin.com\/company\/geopark\/"]}]}},"_links":{"self":[{"href":"https:\/\/geo-park.com\/sustainability\/2021\/wp-json\/wp\/v2\/pages\/2518","targetHints":{"allow":["GET"]}}],"collection":[{"href":"https:\/\/geo-park.com\/sustainability\/2021\/wp-json\/wp\/v2\/pages"}],"about":[{"href":"https:\/\/geo-park.com\/sustainability\/2021\/wp-json\/wp\/v2\/types\/page"}],"author":[{"embeddable":true,"href":"https:\/\/geo-park.com\/sustainability\/2021\/wp-json\/wp\/v2\/users\/1"}],"replies":[{"embeddable":true,"href":"https:\/\/geo-park.com\/sustainability\/2021\/wp-json\/wp\/v2\/comments?post=2518"}],"version-history":[{"count":59,"href":"https:\/\/geo-park.com\/sustainability\/2021\/wp-json\/wp\/v2\/pages\/2518\/revisions"}],"predecessor-version":[{"id":3871,"href":"https:\/\/geo-park.com\/sustainability\/2021\/wp-json\/wp\/v2\/pages\/2518\/revisions\/3871"}],"wp:featuredmedia":[{"embeddable":true,"href":"https:\/\/geo-park.com\/sustainability\/2021\/wp-json\/wp\/v2\/media\/2520"}],"wp:attachment":[{"href":"https:\/\/geo-park.com\/sustainability\/2021\/wp-json\/wp\/v2\/media?parent=2518"}],"curies":[{"name":"wp","href":"https:\/\/api.w.org\/{rel}","templated":true}]}}