{"id":195,"date":"2023-03-30T13:48:04","date_gmt":"2023-03-30T18:48:04","guid":{"rendered":"https:\/\/geo-park.com\/sustainability\/2022\/?page_id=195"},"modified":"2023-07-26T12:16:19","modified_gmt":"2023-07-26T17:16:19","slug":"este-reporte","status":"publish","type":"page","link":"https:\/\/geo-park.com\/sustainability\/2022\/este-reporte\/","title":{"rendered":"Este Reporte"},"content":{"rendered":"\t\t<div data-elementor-type=\"wp-page\" data-elementor-id=\"195\" class=\"elementor elementor-195\" data-elementor-post-type=\"page\">\n\t\t\t\t<div class=\"elementor-element elementor-element-16620fc hero hero-subpage e-flex e-con-boxed e-con e-parent\" data-id=\"16620fc\" data-element_type=\"container\" data-settings=\"{&quot;background_background&quot;:&quot;classic&quot;}\">\n\t\t\t\t\t<div class=\"e-con-inner\">\n\t\t\t\t<div class=\"elementor-element elementor-element-5c6dacf elementor-widget elementor-widget-heading\" data-id=\"5c6dacf\" data-element_type=\"widget\" data-widget_type=\"heading.default\">\n\t\t\t\t<div class=\"elementor-widget-container\">\n\t\t\t\t\t<h1 class=\"elementor-heading-title elementor-size-default\">Este\n<b>Reporte<\/b><\/h1>\t\t\t\t<\/div>\n\t\t\t\t<\/div>\n\t\t\t\t<div class=\"elementor-element elementor-element-4164788 elementor-widget elementor-widget-button\" data-id=\"4164788\" data-element_type=\"widget\" data-widget_type=\"button.default\">\n\t\t\t\t<div class=\"elementor-widget-container\">\n\t\t\t\t\t\t\t\t\t<div class=\"elementor-button-wrapper\">\n\t\t\t\t\t<a class=\"elementor-button elementor-button-link elementor-size-sm\" href=\"https:\/\/geo-park.com\/sustainability\/2022\/wp-content\/uploads\/GeoPark-Reporte-SPEED-ESG-2022.pdf\" target=\"_blank\">\n\t\t\t\t\t\t<span class=\"elementor-button-content-wrapper\">\n\t\t\t\t\t\t\t\t\t<span class=\"elementor-button-text\">Consulte el informe completo<\/span>\n\t\t\t\t\t<\/span>\n\t\t\t\t\t<\/a>\n\t\t\t\t<\/div>\n\t\t\t\t\t\t\t\t<\/div>\n\t\t\t\t<\/div>\n\t\t\t\t\t<\/div>\n\t\t\t\t<\/div>\n\t\t<div class=\"elementor-element elementor-element-2304fb0 e-flex e-con-boxed e-con e-parent\" data-id=\"2304fb0\" data-element_type=\"container\">\n\t\t\t\t\t<div class=\"e-con-inner\">\n\t\t\t\t<div class=\"elementor-element elementor-element-2d21f2a elementor-widget elementor-widget-global elementor-global-1607 elementor-widget-shortcode\" data-id=\"2d21f2a\" data-element_type=\"widget\" data-widget_type=\"shortcode.default\">\n\t\t\t\t<div class=\"elementor-widget-container\">\n\t\t\t\t\t\t\t<div class=\"elementor-shortcode\"><nav aria-label=\"breadcrumb\" class=\"breadcrumb\"><ol><li><a href=\"https:\/\/geo-park.com\/sustainability\/2022\/\">Inicio<\/a><\/li><\/ol><\/nav><\/div>\n\t\t\t\t\t\t<\/div>\n\t\t\t\t<\/div>\n\t\t\t\t\t<\/div>\n\t\t\t\t<\/div>\n\t\t<div class=\"elementor-element elementor-element-1f2b138 e-flex e-con-boxed e-con e-parent\" data-id=\"1f2b138\" data-element_type=\"container\">\n\t\t\t\t\t<div class=\"e-con-inner\">\n\t\t<div class=\"elementor-element elementor-element-1c64281 e-con-full e-flex e-con e-parent\" data-id=\"1c64281\" data-element_type=\"container\">\n\t\t\t\t<div id=\"sobre-este-reporte\" class=\"elementor-element elementor-element-a37ba5c title-separator-button elementor-widget elementor-widget-heading\" data-id=\"a37ba5c\" data-element_type=\"widget\" data-widget_type=\"heading.default\">\n\t\t\t\t<div class=\"elementor-widget-container\">\n\t\t\t\t\t<h2 class=\"elementor-heading-title elementor-size-default\">Sobre \n<b>este reporte<\/b><\/h2>\t\t\t\t<\/div>\n\t\t\t\t<\/div>\n\t\t\t\t<div class=\"elementor-element elementor-element-6f8bbda elementor-widget elementor-widget-text-editor\" data-id=\"6f8bbda\" data-element_type=\"widget\" data-widget_type=\"text-editor.default\">\n\t\t\t\t<div class=\"elementor-widget-container\">\n\t\t\t\t\t\t\t\t\t<p>Nuestro Reporte SPEED\/ESG es la principal herramienta de rendici\u00f3n de cuentas sobre la gesti\u00f3n de asuntos ESG a nuestros grupos de inter\u00e9s. Es una publicaci\u00f3n anual que reporta sobre el per\u00edodo entre el 1\u00ba de enero y el 31 de diciembre de 2022, que corresponde al mismo ciclo de reporte de nuestros Estados Financieros.<\/p>\t\t\t\t\t\t\t\t<\/div>\n\t\t\t\t<\/div>\n\t\t\t\t<div class=\"elementor-element elementor-element-fc4e75c elementor-widget elementor-widget-button\" data-id=\"fc4e75c\" data-element_type=\"widget\" data-widget_type=\"button.default\">\n\t\t\t\t<div class=\"elementor-widget-container\">\n\t\t\t\t\t\t\t\t\t<div class=\"elementor-button-wrapper\">\n\t\t\t\t\t<a class=\"elementor-button elementor-button-link elementor-size-sm\" href=\"https:\/\/geo-park.com\/sustainability\/2022\/este-reporte\/sobre-este-reporte\/\">\n\t\t\t\t\t\t<span class=\"elementor-button-content-wrapper\">\n\t\t\t\t\t\t\t\t\t<span class=\"elementor-button-text\">Conoce m\u00e1s<\/span>\n\t\t\t\t\t<\/span>\n\t\t\t\t\t<\/a>\n\t\t\t\t<\/div>\n\t\t\t\t\t\t\t\t<\/div>\n\t\t\t\t<\/div>\n\t\t\t\t<\/div>\n\t\t<div class=\"elementor-element elementor-element-ba905fa e-con-full e-flex e-con e-parent\" data-id=\"ba905fa\" data-element_type=\"container\" data-settings=\"{&quot;background_background&quot;:&quot;classic&quot;}\">\n\t\t\t\t<\/div>\n\t\t\t\t\t<\/div>\n\t\t\t\t<\/div>\n\t\t<div class=\"elementor-element elementor-element-fcf53be e-flex e-con-boxed e-con e-parent\" data-id=\"fcf53be\" data-element_type=\"container\">\n\t\t\t\t\t<div class=\"e-con-inner\">\n\t\t<div class=\"elementor-element elementor-element-c8da8d1 e-con-full e-flex e-con e-parent\" data-id=\"c8da8d1\" data-element_type=\"container\">\n\t\t\t\t<div id=\"mensaje-de-andres\" class=\"elementor-element elementor-element-c39e239 title-separator-button elementor-widget elementor-widget-heading\" data-id=\"c39e239\" data-element_type=\"widget\" data-widget_type=\"heading.default\">\n\t\t\t\t<div class=\"elementor-widget-container\">\n\t\t\t\t\t<h2 class=\"elementor-heading-title elementor-size-default\">Mensaje \n<b>de Andr\u00e9s<\/b><\/h2>\t\t\t\t<\/div>\n\t\t\t\t<\/div>\n\t\t\t\t<div class=\"elementor-element elementor-element-e7f1a8d elementor-widget elementor-widget-text-editor\" data-id=\"e7f1a8d\" data-element_type=\"widget\" data-widget_type=\"text-editor.default\">\n\t\t\t\t<div class=\"elementor-widget-container\">\n\t\t\t\t\t\t\t\t\t<p><span style=\"color: var( --e-global-color-text ); font-family: var( --e-global-typography-text-font-family ), Sans-serif; font-weight: var( --e-global-typography-text-font-weight ); text-align: var(--text-align); font-size: var(--font-size-m);\">Bienvenidos al Reporte SPEED\/ESG 2022 de GeoPark, un documento que refleja nuestro compromiso y el trabajo genuino y dedicado de todos nuestros empleados para seguir construyendo la mejor compa\u00f1\u00eda independiente de exploraci\u00f3n y producci\u00f3n de petr\u00f3leo y gas de Latinoam\u00e9rica. El 2022 fue un a\u00f1o extraordinario para nuestra empresa en el que celebramos nuestro vig\u00e9simo aniversario y con resultados r\u00e9cord. Con un equipo de liderazgo experimentado y renovado, seguimos trabajando para producir la energ\u00eda m\u00e1s eficiente, confiable y responsable con el medioambiente y con nuestros vecinos.<\/span><\/p>\t\t\t\t\t\t\t\t<\/div>\n\t\t\t\t<\/div>\n\t\t\t\t<div class=\"elementor-element elementor-element-f7ffbb4 elementor-widget elementor-widget-button\" data-id=\"f7ffbb4\" data-element_type=\"widget\" data-widget_type=\"button.default\">\n\t\t\t\t<div class=\"elementor-widget-container\">\n\t\t\t\t\t\t\t\t\t<div class=\"elementor-button-wrapper\">\n\t\t\t\t\t<a class=\"elementor-button elementor-button-link elementor-size-sm\" href=\"https:\/\/geo-park.com\/sustainability\/2022\/este-reporte\/mensaje-de-andres\/\">\n\t\t\t\t\t\t<span class=\"elementor-button-content-wrapper\">\n\t\t\t\t\t\t\t\t\t<span class=\"elementor-button-text\">Ver el mensaje completo<\/span>\n\t\t\t\t\t<\/span>\n\t\t\t\t\t<\/a>\n\t\t\t\t<\/div>\n\t\t\t\t\t\t\t\t<\/div>\n\t\t\t\t<\/div>\n\t\t\t\t<\/div>\n\t\t<div class=\"elementor-element elementor-element-a445359 e-con-full e-flex e-con e-parent\" data-id=\"a445359\" data-element_type=\"container\" data-settings=\"{&quot;background_background&quot;:&quot;classic&quot;}\">\n\t\t\t\t<\/div>\n\t\t\t\t\t<\/div>\n\t\t\t\t<\/div>\n\t\t<div class=\"elementor-element elementor-element-a4c5a76 e-flex e-con-boxed e-con e-parent\" data-id=\"a4c5a76\" data-element_type=\"container\">\n\t\t\t\t\t<div class=\"e-con-inner\">\n\t\t<div class=\"elementor-element elementor-element-7c63764 e-con-full e-flex e-con e-parent\" data-id=\"7c63764\" data-element_type=\"container\">\n\t\t\t\t<div id=\"materialidad-y-grupos-de-interes\" class=\"elementor-element elementor-element-29779ae title-separator-button elementor-widget elementor-widget-heading\" data-id=\"29779ae\" data-element_type=\"widget\" data-widget_type=\"heading.default\">\n\t\t\t\t<div class=\"elementor-widget-container\">\n\t\t\t\t\t<h2 class=\"elementor-heading-title elementor-size-default\">Materialidad \n<b>y grupos de inter\u00e9s<\/b><\/h2>\t\t\t\t<\/div>\n\t\t\t\t<\/div>\n\t\t\t\t<div class=\"elementor-element elementor-element-46bdcf1 elementor-widget elementor-widget-text-editor\" data-id=\"46bdcf1\" data-element_type=\"widget\" data-widget_type=\"text-editor.default\">\n\t\t\t\t<div class=\"elementor-widget-container\">\n\t\t\t\t\t\t\t\t\t<p>Nuestra promesa de valor es Crear Valor y Retribuir. Para poder desarrollar acciones que realmente generen impactos positivos y materialicen esa promesa, hemos identificado y priorizados aquellos grupos de inter\u00e9s con los cuales estamos en contacto permanente, que influyen en nuestra gesti\u00f3n y sobre los cuales podemos generar impactos. Estos grupos de inter\u00e9s son nuestros principales aliados en la creaci\u00f3n de valor de largo plazo y, por lo tanto, consideramos nuestro relacionamiento con ellos como pilar fundamental de nuestra gesti\u00f3n de asuntos ESG.<\/p>\t\t\t\t\t\t\t\t<\/div>\n\t\t\t\t<\/div>\n\t\t\t\t<div class=\"elementor-element elementor-element-d06eed3 elementor-widget elementor-widget-button\" data-id=\"d06eed3\" data-element_type=\"widget\" data-widget_type=\"button.default\">\n\t\t\t\t<div class=\"elementor-widget-container\">\n\t\t\t\t\t\t\t\t\t<div class=\"elementor-button-wrapper\">\n\t\t\t\t\t<a class=\"elementor-button elementor-button-link elementor-size-sm\" href=\"https:\/\/geo-park.com\/sustainability\/2022\/este-reporte\/materialidad-y-grupos-de-interes\/\">\n\t\t\t\t\t\t<span class=\"elementor-button-content-wrapper\">\n\t\t\t\t\t\t\t\t\t<span class=\"elementor-button-text\">Conoce m\u00e1s<\/span>\n\t\t\t\t\t<\/span>\n\t\t\t\t\t<\/a>\n\t\t\t\t<\/div>\n\t\t\t\t\t\t\t\t<\/div>\n\t\t\t\t<\/div>\n\t\t\t\t<\/div>\n\t\t<div class=\"elementor-element elementor-element-02ad924 e-con-full e-flex e-con e-parent\" data-id=\"02ad924\" data-element_type=\"container\" data-settings=\"{&quot;background_background&quot;:&quot;classic&quot;}\">\n\t\t\t\t<\/div>\n\t\t\t\t\t<\/div>\n\t\t\t\t<\/div>\n\t\t\t\t<\/div>\n\t\t","protected":false},"excerpt":{"rendered":"<p>Este Reporte Consulte el informe completo Sobre este reporte Nuestro Reporte SPEED\/ESG es la principal herramienta de rendici\u00f3n de cuentas sobre la gesti\u00f3n de asuntos ESG a nuestros grupos de inter\u00e9s. Es una publicaci\u00f3n anual que reporta sobre el per\u00edodo entre el 1\u00ba de enero y el 31 de diciembre de 2022, que corresponde al [&hellip;]<\/p>\n","protected":false},"author":1,"featured_media":1544,"parent":0,"menu_order":1,"comment_status":"closed","ping_status":"closed","template":"","meta":{"_acf_changed":false,"footnotes":""},"categories":[],"class_list":["post-195","page","type-page","status-publish","has-post-thumbnail","hentry"],"acf":[],"yoast_head":"<!-- This site is optimized with the Yoast SEO plugin v25.0 - https:\/\/yoast.com\/wordpress\/plugins\/seo\/ -->\n<title>Este Reporte - GeoPark<\/title>\n<meta name=\"robots\" content=\"index, follow, max-snippet:-1, max-image-preview:large, max-video-preview:-1\" \/>\n<link rel=\"canonical\" href=\"https:\/\/geo-park.com\/sustainability\/2022\/este-reporte\/\" \/>\n<meta property=\"og:locale\" content=\"es_ES\" \/>\n<meta property=\"og:type\" content=\"article\" \/>\n<meta property=\"og:title\" content=\"Este Reporte - GeoPark\" \/>\n<meta property=\"og:description\" content=\"Este Reporte Consulte el informe completo Sobre este reporte Nuestro Reporte SPEED\/ESG es la principal herramienta de rendici\u00f3n de cuentas sobre la gesti\u00f3n de asuntos ESG a nuestros grupos de inter\u00e9s. Es una publicaci\u00f3n anual que reporta sobre el per\u00edodo entre el 1\u00ba de enero y el 31 de diciembre de 2022, que corresponde al [&hellip;]\" \/>\n<meta property=\"og:url\" content=\"https:\/\/geo-park.com\/sustainability\/2022\/este-reporte\/\" \/>\n<meta property=\"og:site_name\" content=\"GeoPark\" \/>\n<meta property=\"article:modified_time\" content=\"2023-07-26T17:16:19+00:00\" \/>\n<meta property=\"og:image\" content=\"https:\/\/geo-park.com\/sustainability\/2022\/wp-content\/uploads\/img-038.jpg\" \/>\n\t<meta property=\"og:image:width\" content=\"2000\" \/>\n\t<meta property=\"og:image:height\" content=\"897\" \/>\n\t<meta property=\"og:image:type\" content=\"image\/jpeg\" \/>\n<meta name=\"twitter:card\" content=\"summary_large_image\" \/>\n<meta name=\"twitter:label1\" content=\"Tiempo de lectura\" \/>\n\t<meta name=\"twitter:data1\" content=\"2 minutos\" \/>\n<script type=\"application\/ld+json\" class=\"yoast-schema-graph\">{\"@context\":\"https:\/\/schema.org\",\"@graph\":[{\"@type\":\"WebPage\",\"@id\":\"https:\/\/geo-park.com\/sustainability\/2022\/este-reporte\/\",\"url\":\"https:\/\/geo-park.com\/sustainability\/2022\/este-reporte\/\",\"name\":\"Este Reporte - GeoPark\",\"isPartOf\":{\"@id\":\"https:\/\/geo-park.com\/sustainability\/2022\/#website\"},\"primaryImageOfPage\":{\"@id\":\"https:\/\/geo-park.com\/sustainability\/2022\/este-reporte\/#primaryimage\"},\"image\":{\"@id\":\"https:\/\/geo-park.com\/sustainability\/2022\/este-reporte\/#primaryimage\"},\"thumbnailUrl\":\"https:\/\/geo-park.com\/sustainability\/2022\/wp-content\/uploads\/img-038.jpg\",\"datePublished\":\"2023-03-30T18:48:04+00:00\",\"dateModified\":\"2023-07-26T17:16:19+00:00\",\"breadcrumb\":{\"@id\":\"https:\/\/geo-park.com\/sustainability\/2022\/este-reporte\/#breadcrumb\"},\"inLanguage\":\"es-CO\",\"potentialAction\":[{\"@type\":\"ReadAction\",\"target\":[\"https:\/\/geo-park.com\/sustainability\/2022\/este-reporte\/\"]}]},{\"@type\":\"ImageObject\",\"inLanguage\":\"es-CO\",\"@id\":\"https:\/\/geo-park.com\/sustainability\/2022\/este-reporte\/#primaryimage\",\"url\":\"https:\/\/geo-park.com\/sustainability\/2022\/wp-content\/uploads\/img-038.jpg\",\"contentUrl\":\"https:\/\/geo-park.com\/sustainability\/2022\/wp-content\/uploads\/img-038.jpg\",\"width\":2000,\"height\":897},{\"@type\":\"BreadcrumbList\",\"@id\":\"https:\/\/geo-park.com\/sustainability\/2022\/este-reporte\/#breadcrumb\",\"itemListElement\":[{\"@type\":\"ListItem\",\"position\":1,\"name\":\"Inicio\",\"item\":\"https:\/\/geo-park.com\/sustainability\/2022\/\"},{\"@type\":\"ListItem\",\"position\":2,\"name\":\"Este Reporte\"}]},{\"@type\":\"WebSite\",\"@id\":\"https:\/\/geo-park.com\/sustainability\/2022\/#website\",\"url\":\"https:\/\/geo-park.com\/sustainability\/2022\/\",\"name\":\"GeoPark\",\"description\":\"Reporte GeoPark 2022\",\"publisher\":{\"@id\":\"https:\/\/geo-park.com\/sustainability\/2022\/#organization\"},\"potentialAction\":[{\"@type\":\"SearchAction\",\"target\":{\"@type\":\"EntryPoint\",\"urlTemplate\":\"https:\/\/geo-park.com\/sustainability\/2022\/?s={search_term_string}\"},\"query-input\":{\"@type\":\"PropertyValueSpecification\",\"valueRequired\":true,\"valueName\":\"search_term_string\"}}],\"inLanguage\":\"es-CO\"},{\"@type\":\"Organization\",\"@id\":\"https:\/\/geo-park.com\/sustainability\/2022\/#organization\",\"name\":\"GeoPark\",\"url\":\"https:\/\/geo-park.com\/sustainability\/2022\/\",\"logo\":{\"@type\":\"ImageObject\",\"inLanguage\":\"es-CO\",\"@id\":\"https:\/\/geo-park.com\/sustainability\/2022\/#\/schema\/logo\/image\/\",\"url\":\"https:\/\/sustainabilitygeopark.com\/2022\/wp-content\/uploads\/logo-geopark.png\",\"contentUrl\":\"https:\/\/sustainabilitygeopark.com\/2022\/wp-content\/uploads\/logo-geopark.png\",\"width\":3056,\"height\":1476,\"caption\":\"GeoPark\"},\"image\":{\"@id\":\"https:\/\/geo-park.com\/sustainability\/2022\/#\/schema\/logo\/image\/\"},\"sameAs\":[\"https:\/\/www.linkedin.com\/company\/geopark\/\",\"https:\/\/www.youtube.com\/c\/GeoParkOG\"]}]}<\/script>\n<!-- \/ Yoast SEO plugin. -->","yoast_head_json":{"title":"Este Reporte - GeoPark","robots":{"index":"index","follow":"follow","max-snippet":"max-snippet:-1","max-image-preview":"max-image-preview:large","max-video-preview":"max-video-preview:-1"},"canonical":"https:\/\/geo-park.com\/sustainability\/2022\/este-reporte\/","og_locale":"es_ES","og_type":"article","og_title":"Este Reporte - GeoPark","og_description":"Este Reporte Consulte el informe completo Sobre este reporte Nuestro Reporte SPEED\/ESG es la principal herramienta de rendici\u00f3n de cuentas sobre la gesti\u00f3n de asuntos ESG a nuestros grupos de inter\u00e9s. Es una publicaci\u00f3n anual que reporta sobre el per\u00edodo entre el 1\u00ba de enero y el 31 de diciembre de 2022, que corresponde al [&hellip;]","og_url":"https:\/\/geo-park.com\/sustainability\/2022\/este-reporte\/","og_site_name":"GeoPark","article_modified_time":"2023-07-26T17:16:19+00:00","og_image":[{"width":2000,"height":897,"url":"https:\/\/geo-park.com\/sustainability\/2022\/wp-content\/uploads\/img-038.jpg","type":"image\/jpeg"}],"twitter_card":"summary_large_image","twitter_misc":{"Tiempo de lectura":"2 minutos"},"schema":{"@context":"https:\/\/schema.org","@graph":[{"@type":"WebPage","@id":"https:\/\/geo-park.com\/sustainability\/2022\/este-reporte\/","url":"https:\/\/geo-park.com\/sustainability\/2022\/este-reporte\/","name":"Este Reporte - GeoPark","isPartOf":{"@id":"https:\/\/geo-park.com\/sustainability\/2022\/#website"},"primaryImageOfPage":{"@id":"https:\/\/geo-park.com\/sustainability\/2022\/este-reporte\/#primaryimage"},"image":{"@id":"https:\/\/geo-park.com\/sustainability\/2022\/este-reporte\/#primaryimage"},"thumbnailUrl":"https:\/\/geo-park.com\/sustainability\/2022\/wp-content\/uploads\/img-038.jpg","datePublished":"2023-03-30T18:48:04+00:00","dateModified":"2023-07-26T17:16:19+00:00","breadcrumb":{"@id":"https:\/\/geo-park.com\/sustainability\/2022\/este-reporte\/#breadcrumb"},"inLanguage":"es-CO","potentialAction":[{"@type":"ReadAction","target":["https:\/\/geo-park.com\/sustainability\/2022\/este-reporte\/"]}]},{"@type":"ImageObject","inLanguage":"es-CO","@id":"https:\/\/geo-park.com\/sustainability\/2022\/este-reporte\/#primaryimage","url":"https:\/\/geo-park.com\/sustainability\/2022\/wp-content\/uploads\/img-038.jpg","contentUrl":"https:\/\/geo-park.com\/sustainability\/2022\/wp-content\/uploads\/img-038.jpg","width":2000,"height":897},{"@type":"BreadcrumbList","@id":"https:\/\/geo-park.com\/sustainability\/2022\/este-reporte\/#breadcrumb","itemListElement":[{"@type":"ListItem","position":1,"name":"Inicio","item":"https:\/\/geo-park.com\/sustainability\/2022\/"},{"@type":"ListItem","position":2,"name":"Este Reporte"}]},{"@type":"WebSite","@id":"https:\/\/geo-park.com\/sustainability\/2022\/#website","url":"https:\/\/geo-park.com\/sustainability\/2022\/","name":"GeoPark","description":"Reporte GeoPark 2022","publisher":{"@id":"https:\/\/geo-park.com\/sustainability\/2022\/#organization"},"potentialAction":[{"@type":"SearchAction","target":{"@type":"EntryPoint","urlTemplate":"https:\/\/geo-park.com\/sustainability\/2022\/?s={search_term_string}"},"query-input":{"@type":"PropertyValueSpecification","valueRequired":true,"valueName":"search_term_string"}}],"inLanguage":"es-CO"},{"@type":"Organization","@id":"https:\/\/geo-park.com\/sustainability\/2022\/#organization","name":"GeoPark","url":"https:\/\/geo-park.com\/sustainability\/2022\/","logo":{"@type":"ImageObject","inLanguage":"es-CO","@id":"https:\/\/geo-park.com\/sustainability\/2022\/#\/schema\/logo\/image\/","url":"https:\/\/sustainabilitygeopark.com\/2022\/wp-content\/uploads\/logo-geopark.png","contentUrl":"https:\/\/sustainabilitygeopark.com\/2022\/wp-content\/uploads\/logo-geopark.png","width":3056,"height":1476,"caption":"GeoPark"},"image":{"@id":"https:\/\/geo-park.com\/sustainability\/2022\/#\/schema\/logo\/image\/"},"sameAs":["https:\/\/www.linkedin.com\/company\/geopark\/","https:\/\/www.youtube.com\/c\/GeoParkOG"]}]}},"_links":{"self":[{"href":"https:\/\/geo-park.com\/sustainability\/2022\/wp-json\/wp\/v2\/pages\/195","targetHints":{"allow":["GET"]}}],"collection":[{"href":"https:\/\/geo-park.com\/sustainability\/2022\/wp-json\/wp\/v2\/pages"}],"about":[{"href":"https:\/\/geo-park.com\/sustainability\/2022\/wp-json\/wp\/v2\/types\/page"}],"author":[{"embeddable":true,"href":"https:\/\/geo-park.com\/sustainability\/2022\/wp-json\/wp\/v2\/users\/1"}],"replies":[{"embeddable":true,"href":"https:\/\/geo-park.com\/sustainability\/2022\/wp-json\/wp\/v2\/comments?post=195"}],"version-history":[{"count":224,"href":"https:\/\/geo-park.com\/sustainability\/2022\/wp-json\/wp\/v2\/pages\/195\/revisions"}],"predecessor-version":[{"id":5566,"href":"https:\/\/geo-park.com\/sustainability\/2022\/wp-json\/wp\/v2\/pages\/195\/revisions\/5566"}],"wp:featuredmedia":[{"embeddable":true,"href":"https:\/\/geo-park.com\/sustainability\/2022\/wp-json\/wp\/v2\/media\/1544"}],"wp:attachment":[{"href":"https:\/\/geo-park.com\/sustainability\/2022\/wp-json\/wp\/v2\/media?parent=195"}],"wp:term":[{"taxonomy":"category","embeddable":true,"href":"https:\/\/geo-park.com\/sustainability\/2022\/wp-json\/wp\/v2\/categories?post=195"}],"curies":[{"name":"wp","href":"https:\/\/api.w.org\/{rel}","templated":true}]}}