{"id":201,"date":"2023-03-30T13:48:35","date_gmt":"2023-03-30T18:48:35","guid":{"rendered":"https:\/\/geo-park.com\/sustainability\/2022\/?page_id=201"},"modified":"2023-05-17T09:51:07","modified_gmt":"2023-05-17T14:51:07","slug":"gobernanza","status":"publish","type":"page","link":"https:\/\/geo-park.com\/sustainability\/2022\/gobernanza\/","title":{"rendered":"Gobernanza"},"content":{"rendered":"\t\t<div data-elementor-type=\"wp-page\" data-elementor-id=\"201\" class=\"elementor elementor-201\" data-elementor-post-type=\"page\">\n\t\t\t\t<div class=\"elementor-element elementor-element-49097d4 hero hero-subpage e-flex e-con-boxed e-con e-parent\" data-id=\"49097d4\" data-element_type=\"container\" data-settings=\"{&quot;background_background&quot;:&quot;classic&quot;}\">\n\t\t\t\t\t<div class=\"e-con-inner\">\n\t\t\t\t<div class=\"elementor-element elementor-element-99412ad elementor-widget elementor-widget-heading\" data-id=\"99412ad\" data-element_type=\"widget\" data-widget_type=\"heading.default\">\n\t\t\t\t<div class=\"elementor-widget-container\">\n\t\t\t\t\t<h1 class=\"elementor-heading-title elementor-size-default\"><b>Gobernanza<\/b><\/h1>\t\t\t\t<\/div>\n\t\t\t\t<\/div>\n\t\t\t\t<div class=\"elementor-element elementor-element-bb0584c elementor-widget elementor-widget-button\" data-id=\"bb0584c\" data-element_type=\"widget\" data-widget_type=\"button.default\">\n\t\t\t\t<div class=\"elementor-widget-container\">\n\t\t\t\t\t\t\t\t\t<div class=\"elementor-button-wrapper\">\n\t\t\t\t\t<a class=\"elementor-button elementor-button-link elementor-size-sm\" href=\"https:\/\/geo-park.com\/sustainability\/2022\/wp-content\/uploads\/GeoPark-Reporte-SPEED-ESG-2022.pdf#page=24\" target=\"_blank\">\n\t\t\t\t\t\t<span class=\"elementor-button-content-wrapper\">\n\t\t\t\t\t\t\t\t\t<span class=\"elementor-button-text\">Consulte el cap\u00edtulo completo<\/span>\n\t\t\t\t\t<\/span>\n\t\t\t\t\t<\/a>\n\t\t\t\t<\/div>\n\t\t\t\t\t\t\t\t<\/div>\n\t\t\t\t<\/div>\n\t\t\t\t\t<\/div>\n\t\t\t\t<\/div>\n\t\t<div class=\"elementor-element elementor-element-431347e e-flex e-con-boxed e-con e-parent\" data-id=\"431347e\" data-element_type=\"container\">\n\t\t\t\t\t<div class=\"e-con-inner\">\n\t\t\t\t<div class=\"elementor-element elementor-element-f029334 elementor-widget elementor-widget-global elementor-global-1607 elementor-widget-shortcode\" data-id=\"f029334\" data-element_type=\"widget\" data-widget_type=\"shortcode.default\">\n\t\t\t\t<div class=\"elementor-widget-container\">\n\t\t\t\t\t\t\t<div class=\"elementor-shortcode\"><nav aria-label=\"breadcrumb\" class=\"breadcrumb\"><ol><li><a href=\"https:\/\/geo-park.com\/sustainability\/2022\/\">Inicio<\/a><\/li><\/ol><\/nav><\/div>\n\t\t\t\t\t\t<\/div>\n\t\t\t\t<\/div>\n\t\t\t\t\t<\/div>\n\t\t\t\t<\/div>\n\t\t<div class=\"elementor-element elementor-element-122d9dc e-flex e-con-boxed e-con e-parent\" data-id=\"122d9dc\" data-element_type=\"container\">\n\t\t\t\t\t<div class=\"e-con-inner\">\n\t\t<div class=\"elementor-element elementor-element-58cef0f e-con-full e-flex e-con e-parent\" data-id=\"58cef0f\" data-element_type=\"container\">\n\t\t\t\t<div id=\"gobierno-corporativo\" class=\"elementor-element elementor-element-2b069a4 title-separator-button elementor-widget elementor-widget-heading\" data-id=\"2b069a4\" data-element_type=\"widget\" data-widget_type=\"heading.default\">\n\t\t\t\t<div class=\"elementor-widget-container\">\n\t\t\t\t\t<h2 class=\"elementor-heading-title elementor-size-default\">Gobierno \n<b>corporativo<\/b><\/h2>\t\t\t\t<\/div>\n\t\t\t\t<\/div>\n\t\t\t\t<div class=\"elementor-element elementor-element-4867ae1 elementor-widget elementor-widget-text-editor\" data-id=\"4867ae1\" data-element_type=\"widget\" data-widget_type=\"text-editor.default\">\n\t\t\t\t<div class=\"elementor-widget-container\">\n\t\t\t\t\t\t\t\t\t<p>El buen gobierno, la \u00e9tica y el cumplimiento de nuestros compromisos est\u00e1n en el centro de nuestra identidad empresarial.\u00a0A trav\u00e9s de la implementaci\u00f3n de mejores pr\u00e1cticas en gobierno corporativo, \u00e9tica y compliance, nos aseguramos de que nuestros procesos de toma de decisi\u00f3n son efectivos e informados, que\u00a0los flujos de informaci\u00f3n desde y hacia nuestro Directorio son eficientes y claros y que todos nuestros grupos de inter\u00e9s tienen\u00a0acceso a mecanismos confiables e imparciales para hacer saber sus inquietudes quejas y reclamos.\u00a0<\/p>\t\t\t\t\t\t\t\t<\/div>\n\t\t\t\t<\/div>\n\t\t\t\t<div class=\"elementor-element elementor-element-08f3200 elementor-widget elementor-widget-button\" data-id=\"08f3200\" data-element_type=\"widget\" data-widget_type=\"button.default\">\n\t\t\t\t<div class=\"elementor-widget-container\">\n\t\t\t\t\t\t\t\t\t<div class=\"elementor-button-wrapper\">\n\t\t\t\t\t<a class=\"elementor-button elementor-button-link elementor-size-sm\" href=\"https:\/\/geo-park.com\/sustainability\/2022\/gobernanza\/gobierno-corporativo\/\">\n\t\t\t\t\t\t<span class=\"elementor-button-content-wrapper\">\n\t\t\t\t\t\t\t\t\t<span class=\"elementor-button-text\">Conoce m\u00e1s<\/span>\n\t\t\t\t\t<\/span>\n\t\t\t\t\t<\/a>\n\t\t\t\t<\/div>\n\t\t\t\t\t\t\t\t<\/div>\n\t\t\t\t<\/div>\n\t\t\t\t<\/div>\n\t\t<div class=\"elementor-element elementor-element-d210e4e e-con-full e-flex e-con e-parent\" data-id=\"d210e4e\" data-element_type=\"container\" data-settings=\"{&quot;background_background&quot;:&quot;classic&quot;}\">\n\t\t\t\t<\/div>\n\t\t\t\t\t<\/div>\n\t\t\t\t<\/div>\n\t\t<div class=\"elementor-element elementor-element-24307b9 e-flex e-con-boxed e-con e-parent\" data-id=\"24307b9\" data-element_type=\"container\">\n\t\t\t\t\t<div class=\"e-con-inner\">\n\t\t<div class=\"elementor-element elementor-element-4611014 e-con-full e-flex e-con e-parent\" data-id=\"4611014\" data-element_type=\"container\">\n\t\t\t\t<div id=\"etica-y-compliance\" class=\"elementor-element elementor-element-ed52ea0 title-separator-button elementor-widget elementor-widget-heading\" data-id=\"ed52ea0\" data-element_type=\"widget\" data-widget_type=\"heading.default\">\n\t\t\t\t<div class=\"elementor-widget-container\">\n\t\t\t\t\t<h2 class=\"elementor-heading-title elementor-size-default\">\u00c9tica y \n<b>compliance<\/b><\/h2>\t\t\t\t<\/div>\n\t\t\t\t<\/div>\n\t\t\t\t<div class=\"elementor-element elementor-element-fad0eee elementor-widget elementor-widget-text-editor\" data-id=\"fad0eee\" data-element_type=\"widget\" data-widget_type=\"text-editor.default\">\n\t\t\t\t<div class=\"elementor-widget-container\">\n\t\t\t\t\t\t\t\t\t<p>Como se indica en nuestro C\u00f3digo de Conducta, hemos definido como base del \u00e9xito la \u00e9tica laboral y cultural, la asunci\u00f3n de importantes desaf\u00edos y su concreci\u00f3n, una idiosincrasia basada en hacer lo correcto y una actitud comprometida. Entendemos la \u00e9tica y el cumplimiento en los negocios como los mecanismos que nos permiten fortalecer la gesti\u00f3n empresarial, incentivar la transparencia, fomentar la rendici\u00f3n de cuentas y robustecer el control de los riesgos de cumplimiento y las relaciones que tenemos con terceros.<\/p>\t\t\t\t\t\t\t\t<\/div>\n\t\t\t\t<\/div>\n\t\t\t\t<div class=\"elementor-element elementor-element-07eeaf9 elementor-widget elementor-widget-button\" data-id=\"07eeaf9\" data-element_type=\"widget\" data-widget_type=\"button.default\">\n\t\t\t\t<div class=\"elementor-widget-container\">\n\t\t\t\t\t\t\t\t\t<div class=\"elementor-button-wrapper\">\n\t\t\t\t\t<a class=\"elementor-button elementor-button-link elementor-size-sm\" href=\"https:\/\/geo-park.com\/sustainability\/2022\/wp-content\/uploads\/GeoPark-Reporte-SPEED-ESG-2022.pdf#page=28\" target=\"_blank\">\n\t\t\t\t\t\t<span class=\"elementor-button-content-wrapper\">\n\t\t\t\t\t\t\t\t\t<span class=\"elementor-button-text\">Conoce m\u00e1s<\/span>\n\t\t\t\t\t<\/span>\n\t\t\t\t\t<\/a>\n\t\t\t\t<\/div>\n\t\t\t\t\t\t\t\t<\/div>\n\t\t\t\t<\/div>\n\t\t\t\t<\/div>\n\t\t<div class=\"elementor-element elementor-element-83abe48 e-con-full e-flex e-con e-parent\" data-id=\"83abe48\" data-element_type=\"container\" data-settings=\"{&quot;background_background&quot;:&quot;classic&quot;}\">\n\t\t\t\t<\/div>\n\t\t\t\t\t<\/div>\n\t\t\t\t<\/div>\n\t\t\t\t<\/div>\n\t\t","protected":false},"excerpt":{"rendered":"<p>Gobernanza Consulte el cap\u00edtulo completo Gobierno corporativo El buen gobierno, la \u00e9tica y el cumplimiento de nuestros compromisos est\u00e1n en el centro de nuestra identidad empresarial.\u00a0A trav\u00e9s de la implementaci\u00f3n de mejores pr\u00e1cticas en gobierno corporativo, \u00e9tica y compliance, nos aseguramos de que nuestros procesos de toma de decisi\u00f3n son efectivos e informados, que\u00a0los flujos [&hellip;]<\/p>\n","protected":false},"author":1,"featured_media":1335,"parent":0,"menu_order":4,"comment_status":"closed","ping_status":"closed","template":"","meta":{"_acf_changed":false,"footnotes":""},"categories":[],"class_list":["post-201","page","type-page","status-publish","has-post-thumbnail","hentry"],"acf":[],"yoast_head":"<!-- This site is optimized with the Yoast SEO plugin v25.0 - https:\/\/yoast.com\/wordpress\/plugins\/seo\/ -->\n<title>Gobernanza - GeoPark<\/title>\n<meta name=\"robots\" content=\"index, follow, max-snippet:-1, max-image-preview:large, max-video-preview:-1\" \/>\n<link rel=\"canonical\" href=\"https:\/\/geo-park.com\/sustainability\/2022\/gobernanza\/\" \/>\n<meta property=\"og:locale\" content=\"es_ES\" \/>\n<meta property=\"og:type\" content=\"article\" \/>\n<meta property=\"og:title\" content=\"Gobernanza - GeoPark\" \/>\n<meta property=\"og:description\" content=\"Gobernanza Consulte el cap\u00edtulo completo Gobierno corporativo El buen gobierno, la \u00e9tica y el cumplimiento de nuestros compromisos est\u00e1n en el centro de nuestra identidad empresarial.\u00a0A trav\u00e9s de la implementaci\u00f3n de mejores pr\u00e1cticas en gobierno corporativo, \u00e9tica y compliance, nos aseguramos de que nuestros procesos de toma de decisi\u00f3n son efectivos e informados, que\u00a0los flujos [&hellip;]\" \/>\n<meta property=\"og:url\" content=\"https:\/\/geo-park.com\/sustainability\/2022\/gobernanza\/\" \/>\n<meta property=\"og:site_name\" content=\"GeoPark\" \/>\n<meta property=\"article:modified_time\" content=\"2023-05-17T14:51:07+00:00\" \/>\n<meta property=\"og:image\" content=\"https:\/\/geo-park.com\/sustainability\/2022\/wp-content\/uploads\/img-026.jpg\" \/>\n\t<meta property=\"og:image:width\" content=\"2000\" \/>\n\t<meta property=\"og:image:height\" content=\"1333\" \/>\n\t<meta property=\"og:image:type\" content=\"image\/jpeg\" \/>\n<meta name=\"twitter:card\" content=\"summary_large_image\" \/>\n<meta name=\"twitter:label1\" content=\"Tiempo de lectura\" \/>\n\t<meta name=\"twitter:data1\" content=\"1 minuto\" \/>\n<script type=\"application\/ld+json\" class=\"yoast-schema-graph\">{\"@context\":\"https:\/\/schema.org\",\"@graph\":[{\"@type\":\"WebPage\",\"@id\":\"https:\/\/geo-park.com\/sustainability\/2022\/gobernanza\/\",\"url\":\"https:\/\/geo-park.com\/sustainability\/2022\/gobernanza\/\",\"name\":\"Gobernanza - GeoPark\",\"isPartOf\":{\"@id\":\"https:\/\/geo-park.com\/sustainability\/2022\/#website\"},\"primaryImageOfPage\":{\"@id\":\"https:\/\/geo-park.com\/sustainability\/2022\/gobernanza\/#primaryimage\"},\"image\":{\"@id\":\"https:\/\/geo-park.com\/sustainability\/2022\/gobernanza\/#primaryimage\"},\"thumbnailUrl\":\"https:\/\/geo-park.com\/sustainability\/2022\/wp-content\/uploads\/img-026.jpg\",\"datePublished\":\"2023-03-30T18:48:35+00:00\",\"dateModified\":\"2023-05-17T14:51:07+00:00\",\"breadcrumb\":{\"@id\":\"https:\/\/geo-park.com\/sustainability\/2022\/gobernanza\/#breadcrumb\"},\"inLanguage\":\"es-CO\",\"potentialAction\":[{\"@type\":\"ReadAction\",\"target\":[\"https:\/\/geo-park.com\/sustainability\/2022\/gobernanza\/\"]}]},{\"@type\":\"ImageObject\",\"inLanguage\":\"es-CO\",\"@id\":\"https:\/\/geo-park.com\/sustainability\/2022\/gobernanza\/#primaryimage\",\"url\":\"https:\/\/geo-park.com\/sustainability\/2022\/wp-content\/uploads\/img-026.jpg\",\"contentUrl\":\"https:\/\/geo-park.com\/sustainability\/2022\/wp-content\/uploads\/img-026.jpg\",\"width\":2000,\"height\":1333},{\"@type\":\"BreadcrumbList\",\"@id\":\"https:\/\/geo-park.com\/sustainability\/2022\/gobernanza\/#breadcrumb\",\"itemListElement\":[{\"@type\":\"ListItem\",\"position\":1,\"name\":\"Inicio\",\"item\":\"https:\/\/geo-park.com\/sustainability\/2022\/\"},{\"@type\":\"ListItem\",\"position\":2,\"name\":\"Gobernanza\"}]},{\"@type\":\"WebSite\",\"@id\":\"https:\/\/geo-park.com\/sustainability\/2022\/#website\",\"url\":\"https:\/\/geo-park.com\/sustainability\/2022\/\",\"name\":\"GeoPark\",\"description\":\"Reporte GeoPark 2022\",\"publisher\":{\"@id\":\"https:\/\/geo-park.com\/sustainability\/2022\/#organization\"},\"potentialAction\":[{\"@type\":\"SearchAction\",\"target\":{\"@type\":\"EntryPoint\",\"urlTemplate\":\"https:\/\/geo-park.com\/sustainability\/2022\/?s={search_term_string}\"},\"query-input\":{\"@type\":\"PropertyValueSpecification\",\"valueRequired\":true,\"valueName\":\"search_term_string\"}}],\"inLanguage\":\"es-CO\"},{\"@type\":\"Organization\",\"@id\":\"https:\/\/geo-park.com\/sustainability\/2022\/#organization\",\"name\":\"GeoPark\",\"url\":\"https:\/\/geo-park.com\/sustainability\/2022\/\",\"logo\":{\"@type\":\"ImageObject\",\"inLanguage\":\"es-CO\",\"@id\":\"https:\/\/geo-park.com\/sustainability\/2022\/#\/schema\/logo\/image\/\",\"url\":\"https:\/\/sustainabilitygeopark.com\/2022\/wp-content\/uploads\/logo-geopark.png\",\"contentUrl\":\"https:\/\/sustainabilitygeopark.com\/2022\/wp-content\/uploads\/logo-geopark.png\",\"width\":3056,\"height\":1476,\"caption\":\"GeoPark\"},\"image\":{\"@id\":\"https:\/\/geo-park.com\/sustainability\/2022\/#\/schema\/logo\/image\/\"},\"sameAs\":[\"https:\/\/www.linkedin.com\/company\/geopark\/\",\"https:\/\/www.youtube.com\/c\/GeoParkOG\"]}]}<\/script>\n<!-- \/ Yoast SEO plugin. -->","yoast_head_json":{"title":"Gobernanza - GeoPark","robots":{"index":"index","follow":"follow","max-snippet":"max-snippet:-1","max-image-preview":"max-image-preview:large","max-video-preview":"max-video-preview:-1"},"canonical":"https:\/\/geo-park.com\/sustainability\/2022\/gobernanza\/","og_locale":"es_ES","og_type":"article","og_title":"Gobernanza - GeoPark","og_description":"Gobernanza Consulte el cap\u00edtulo completo Gobierno corporativo El buen gobierno, la \u00e9tica y el cumplimiento de nuestros compromisos est\u00e1n en el centro de nuestra identidad empresarial.\u00a0A trav\u00e9s de la implementaci\u00f3n de mejores pr\u00e1cticas en gobierno corporativo, \u00e9tica y compliance, nos aseguramos de que nuestros procesos de toma de decisi\u00f3n son efectivos e informados, que\u00a0los flujos [&hellip;]","og_url":"https:\/\/geo-park.com\/sustainability\/2022\/gobernanza\/","og_site_name":"GeoPark","article_modified_time":"2023-05-17T14:51:07+00:00","og_image":[{"width":2000,"height":1333,"url":"https:\/\/geo-park.com\/sustainability\/2022\/wp-content\/uploads\/img-026.jpg","type":"image\/jpeg"}],"twitter_card":"summary_large_image","twitter_misc":{"Tiempo de lectura":"1 minuto"},"schema":{"@context":"https:\/\/schema.org","@graph":[{"@type":"WebPage","@id":"https:\/\/geo-park.com\/sustainability\/2022\/gobernanza\/","url":"https:\/\/geo-park.com\/sustainability\/2022\/gobernanza\/","name":"Gobernanza - GeoPark","isPartOf":{"@id":"https:\/\/geo-park.com\/sustainability\/2022\/#website"},"primaryImageOfPage":{"@id":"https:\/\/geo-park.com\/sustainability\/2022\/gobernanza\/#primaryimage"},"image":{"@id":"https:\/\/geo-park.com\/sustainability\/2022\/gobernanza\/#primaryimage"},"thumbnailUrl":"https:\/\/geo-park.com\/sustainability\/2022\/wp-content\/uploads\/img-026.jpg","datePublished":"2023-03-30T18:48:35+00:00","dateModified":"2023-05-17T14:51:07+00:00","breadcrumb":{"@id":"https:\/\/geo-park.com\/sustainability\/2022\/gobernanza\/#breadcrumb"},"inLanguage":"es-CO","potentialAction":[{"@type":"ReadAction","target":["https:\/\/geo-park.com\/sustainability\/2022\/gobernanza\/"]}]},{"@type":"ImageObject","inLanguage":"es-CO","@id":"https:\/\/geo-park.com\/sustainability\/2022\/gobernanza\/#primaryimage","url":"https:\/\/geo-park.com\/sustainability\/2022\/wp-content\/uploads\/img-026.jpg","contentUrl":"https:\/\/geo-park.com\/sustainability\/2022\/wp-content\/uploads\/img-026.jpg","width":2000,"height":1333},{"@type":"BreadcrumbList","@id":"https:\/\/geo-park.com\/sustainability\/2022\/gobernanza\/#breadcrumb","itemListElement":[{"@type":"ListItem","position":1,"name":"Inicio","item":"https:\/\/geo-park.com\/sustainability\/2022\/"},{"@type":"ListItem","position":2,"name":"Gobernanza"}]},{"@type":"WebSite","@id":"https:\/\/geo-park.com\/sustainability\/2022\/#website","url":"https:\/\/geo-park.com\/sustainability\/2022\/","name":"GeoPark","description":"Reporte GeoPark 2022","publisher":{"@id":"https:\/\/geo-park.com\/sustainability\/2022\/#organization"},"potentialAction":[{"@type":"SearchAction","target":{"@type":"EntryPoint","urlTemplate":"https:\/\/geo-park.com\/sustainability\/2022\/?s={search_term_string}"},"query-input":{"@type":"PropertyValueSpecification","valueRequired":true,"valueName":"search_term_string"}}],"inLanguage":"es-CO"},{"@type":"Organization","@id":"https:\/\/geo-park.com\/sustainability\/2022\/#organization","name":"GeoPark","url":"https:\/\/geo-park.com\/sustainability\/2022\/","logo":{"@type":"ImageObject","inLanguage":"es-CO","@id":"https:\/\/geo-park.com\/sustainability\/2022\/#\/schema\/logo\/image\/","url":"https:\/\/sustainabilitygeopark.com\/2022\/wp-content\/uploads\/logo-geopark.png","contentUrl":"https:\/\/sustainabilitygeopark.com\/2022\/wp-content\/uploads\/logo-geopark.png","width":3056,"height":1476,"caption":"GeoPark"},"image":{"@id":"https:\/\/geo-park.com\/sustainability\/2022\/#\/schema\/logo\/image\/"},"sameAs":["https:\/\/www.linkedin.com\/company\/geopark\/","https:\/\/www.youtube.com\/c\/GeoParkOG"]}]}},"_links":{"self":[{"href":"https:\/\/geo-park.com\/sustainability\/2022\/wp-json\/wp\/v2\/pages\/201","targetHints":{"allow":["GET"]}}],"collection":[{"href":"https:\/\/geo-park.com\/sustainability\/2022\/wp-json\/wp\/v2\/pages"}],"about":[{"href":"https:\/\/geo-park.com\/sustainability\/2022\/wp-json\/wp\/v2\/types\/page"}],"author":[{"embeddable":true,"href":"https:\/\/geo-park.com\/sustainability\/2022\/wp-json\/wp\/v2\/users\/1"}],"replies":[{"embeddable":true,"href":"https:\/\/geo-park.com\/sustainability\/2022\/wp-json\/wp\/v2\/comments?post=201"}],"version-history":[{"count":88,"href":"https:\/\/geo-park.com\/sustainability\/2022\/wp-json\/wp\/v2\/pages\/201\/revisions"}],"predecessor-version":[{"id":4002,"href":"https:\/\/geo-park.com\/sustainability\/2022\/wp-json\/wp\/v2\/pages\/201\/revisions\/4002"}],"wp:featuredmedia":[{"embeddable":true,"href":"https:\/\/geo-park.com\/sustainability\/2022\/wp-json\/wp\/v2\/media\/1335"}],"wp:attachment":[{"href":"https:\/\/geo-park.com\/sustainability\/2022\/wp-json\/wp\/v2\/media?parent=201"}],"wp:term":[{"taxonomy":"category","embeddable":true,"href":"https:\/\/geo-park.com\/sustainability\/2022\/wp-json\/wp\/v2\/categories?post=201"}],"curies":[{"name":"wp","href":"https:\/\/api.w.org\/{rel}","templated":true}]}}