{"id":2716,"date":"2023-05-09T11:22:08","date_gmt":"2023-05-09T16:22:08","guid":{"rendered":"https:\/\/geo-park.com\/sustainability\/2022\/?page_id=2716"},"modified":"2023-06-14T15:41:56","modified_gmt":"2023-06-14T20:41:56","slug":"sobre-este-reporte","status":"publish","type":"page","link":"https:\/\/geo-park.com\/sustainability\/2022\/este-reporte\/sobre-este-reporte\/","title":{"rendered":"Sobre este reporte"},"content":{"rendered":"\t\t<div data-elementor-type=\"wp-page\" data-elementor-id=\"2716\" class=\"elementor elementor-2716\" data-elementor-post-type=\"page\">\n\t\t\t\t<div class=\"elementor-element elementor-element-bae917b hero hero-subpage e-flex e-con-boxed e-con e-parent\" data-id=\"bae917b\" data-element_type=\"container\" data-settings=\"{&quot;background_background&quot;:&quot;classic&quot;}\">\n\t\t\t\t\t<div class=\"e-con-inner\">\n\t\t\t\t<div class=\"elementor-element elementor-element-1ca52f6 elementor-widget elementor-widget-heading\" data-id=\"1ca52f6\" data-element_type=\"widget\" data-widget_type=\"heading.default\">\n\t\t\t\t<div class=\"elementor-widget-container\">\n\t\t\t\t\t<h1 class=\"elementor-heading-title elementor-size-default\">Sobre este\n<b>Reporte<\/b><\/h1>\t\t\t\t<\/div>\n\t\t\t\t<\/div>\n\t\t\t\t<div class=\"elementor-element elementor-element-42ab4ce elementor-widget elementor-widget-button\" data-id=\"42ab4ce\" data-element_type=\"widget\" data-widget_type=\"button.default\">\n\t\t\t\t<div class=\"elementor-widget-container\">\n\t\t\t\t\t\t\t\t\t<div class=\"elementor-button-wrapper\">\n\t\t\t\t\t<a class=\"elementor-button elementor-button-link elementor-size-sm\" href=\"https:\/\/geo-park.com\/sustainability\/2022\/wp-content\/uploads\/GeoPark-Reporte-SPEED-ESG-2022.pdf\" target=\"_blank\">\n\t\t\t\t\t\t<span class=\"elementor-button-content-wrapper\">\n\t\t\t\t\t\t\t\t\t<span class=\"elementor-button-text\">Consulte el informe completo<\/span>\n\t\t\t\t\t<\/span>\n\t\t\t\t\t<\/a>\n\t\t\t\t<\/div>\n\t\t\t\t\t\t\t\t<\/div>\n\t\t\t\t<\/div>\n\t\t\t\t\t<\/div>\n\t\t\t\t<\/div>\n\t\t<div class=\"elementor-element elementor-element-d9d70b8 e-flex e-con-boxed e-con e-parent\" data-id=\"d9d70b8\" data-element_type=\"container\">\n\t\t\t\t\t<div class=\"e-con-inner\">\n\t\t\t\t<div class=\"elementor-element elementor-element-be63ee6 elementor-widget elementor-widget-global elementor-global-1607 elementor-widget-shortcode\" data-id=\"be63ee6\" data-element_type=\"widget\" data-widget_type=\"shortcode.default\">\n\t\t\t\t<div class=\"elementor-widget-container\">\n\t\t\t\t\t\t\t<div class=\"elementor-shortcode\"><nav aria-label=\"breadcrumb\" class=\"breadcrumb\"><ol><li><a href=\"https:\/\/geo-park.com\/sustainability\/2022\/\">Inicio<\/a><\/li><\/ol><\/nav><\/div>\n\t\t\t\t\t\t<\/div>\n\t\t\t\t<\/div>\n\t\t\t\t\t<\/div>\n\t\t\t\t<\/div>\n\t\t<div class=\"elementor-element elementor-element-4bef46f e-flex e-con-boxed e-con e-parent\" data-id=\"4bef46f\" data-element_type=\"container\">\n\t\t\t\t\t<div class=\"e-con-inner\">\n\t\t\t\t<div class=\"elementor-element elementor-element-6a94417 elementor-widget elementor-widget-text-editor\" data-id=\"6a94417\" data-element_type=\"widget\" data-widget_type=\"text-editor.default\">\n\t\t\t\t<div class=\"elementor-widget-container\">\n\t\t\t\t\t\t\t\t\tNuestro Reporte SPEED\/ESG es la principal herramienta de rendici\u00f3n de cuentas sobre la gesti\u00f3n de asuntos ESG a nuestros grupos de inter\u00e9s. Es una publicaci\u00f3n anual que reporta sobre el per\u00edodo entre el 1\u00ba de enero y el 31 de diciembre de 2022, que corresponde al mismo ciclo de reporte de nuestros Estados Financieros.\t\t\t\t\t\t\t\t<\/div>\n\t\t\t\t<\/div>\n\t\t\t\t\t<\/div>\n\t\t\t\t<\/div>\n\t\t<div class=\"elementor-element elementor-element-39709ce e-flex e-con-boxed e-con e-parent\" data-id=\"39709ce\" data-element_type=\"container\">\n\t\t\t\t\t<div class=\"e-con-inner\">\n\t\t\t\t<div class=\"elementor-element elementor-element-cb01434 elementor-widget elementor-widget-text-editor\" data-id=\"cb01434\" data-element_type=\"widget\" data-widget_type=\"text-editor.default\">\n\t\t\t\t<div class=\"elementor-widget-container\">\n\t\t\t\t\t\t\t\t\t<p>El alcance de las cifras informadas corresponde a las operaciones bajo nuestro control en Colombia, Ecuador, Chile, Brasil y Argentina. Este Reporte SPEED\/ESG 2022 conserva el enfoque de consolidaci\u00f3n de cifras que aplicamos para la construcci\u00f3n del Reporte 20-F.<\/p><p>Este reporte ha sido elaborado usando como referencia los est\u00e1ndares del Global Reporting Initiative (GRI) en su versi\u00f3n 2021, y considerando el anexo de indicadores para el sector de petr\u00f3leo y gas. Adicionalmente, incluimos algunos indicadores correspondientes al Sustainability Accounting Standards Board (SASB) y de la gu\u00eda de reporte de sostenibilidad Mundial del Sector del Petr\u00f3leo y Gas para Promover el Desempe\u00f1o Medioambiental y Social (IPIECA).<\/p><p>El Sistema Integrado de Valores SPEED es el marco de actuaci\u00f3n bajo el cual gestionamos los asuntos priorizados en nuestra materialidad ESG. De este marco se deriva la estructura de nuestro Reporte que ha sido organizado por dimensiones (Nuestra Generaci\u00f3n de Valor, Nuestra Gesti\u00f3n Ambiental y Nuestra Gesti\u00f3n Social) con el fin de guiar a nuestros grupos de inter\u00e9s en el entendimiento de nuestros temas a reportar.<\/p><p>La verificaci\u00f3n del Reporte se ha hecho con referencia a los de la Asociaci\u00f3n lineamientos del GRI, e incluye el cumplimiento de criterios del reporte GRI, as\u00ed como el cumplimiento de los requerimientos de reporte de informaci\u00f3n no financiera de la Ley 11 de 2018 del Reino de Espa\u00f1a. La carta de verificaci\u00f3n se encuentra al final de este informe.<\/p><p>En la medida en que los datos de la Compa\u00f1\u00eda var\u00edan por la din\u00e1mica del negocio, proporcionamos reexpresiones de datos y la explicaci\u00f3n para ello a lo largo de este reporte.<\/p><p>Cualquier inquietud, consulta o solicitud de informaci\u00f3n adicional sobre este reporte, puede ser enviada al correo de Mar\u00eda Luisa Villa, L\u00edder de Sostenibilidad, <a href=\"mailto:mvilla@geo-park.com\">mvilla@geo-park.com<\/a>.<\/p>\t\t\t\t\t\t\t\t<\/div>\n\t\t\t\t<\/div>\n\t\t\t\t\t<\/div>\n\t\t\t\t<\/div>\n\t\t\t\t<\/div>\n\t\t","protected":false},"excerpt":{"rendered":"<p>Sobre este Reporte Consulte el informe completo Nuestro Reporte SPEED\/ESG es la principal herramienta de rendici\u00f3n de cuentas sobre la gesti\u00f3n de asuntos ESG a nuestros grupos de inter\u00e9s. Es una publicaci\u00f3n anual que reporta sobre el per\u00edodo entre el 1\u00ba de enero y el 31 de diciembre de 2022, que corresponde al mismo ciclo [&hellip;]<\/p>\n","protected":false},"author":1,"featured_media":1335,"parent":195,"menu_order":0,"comment_status":"closed","ping_status":"closed","template":"","meta":{"_acf_changed":false,"footnotes":""},"categories":[],"class_list":["post-2716","page","type-page","status-publish","has-post-thumbnail","hentry"],"acf":[],"yoast_head":"<!-- This site is optimized with the Yoast SEO plugin v25.0 - https:\/\/yoast.com\/wordpress\/plugins\/seo\/ -->\n<title>Sobre este reporte - GeoPark<\/title>\n<meta name=\"robots\" content=\"index, follow, max-snippet:-1, max-image-preview:large, max-video-preview:-1\" \/>\n<link rel=\"canonical\" href=\"https:\/\/geo-park.com\/sustainability\/2022\/este-reporte\/sobre-este-reporte\/\" \/>\n<meta property=\"og:locale\" content=\"es_ES\" \/>\n<meta property=\"og:type\" content=\"article\" \/>\n<meta property=\"og:title\" content=\"Sobre este reporte - GeoPark\" \/>\n<meta property=\"og:description\" content=\"Sobre este Reporte Consulte el informe completo Nuestro Reporte SPEED\/ESG es la principal herramienta de rendici\u00f3n de cuentas sobre la gesti\u00f3n de asuntos ESG a nuestros grupos de inter\u00e9s. Es una publicaci\u00f3n anual que reporta sobre el per\u00edodo entre el 1\u00ba de enero y el 31 de diciembre de 2022, que corresponde al mismo ciclo [&hellip;]\" \/>\n<meta property=\"og:url\" content=\"https:\/\/geo-park.com\/sustainability\/2022\/este-reporte\/sobre-este-reporte\/\" \/>\n<meta property=\"og:site_name\" content=\"GeoPark\" \/>\n<meta property=\"article:modified_time\" content=\"2023-06-14T20:41:56+00:00\" \/>\n<meta property=\"og:image\" content=\"https:\/\/geo-park.com\/sustainability\/2022\/wp-content\/uploads\/img-026.jpg\" \/>\n\t<meta property=\"og:image:width\" content=\"2000\" \/>\n\t<meta property=\"og:image:height\" content=\"1333\" \/>\n\t<meta property=\"og:image:type\" content=\"image\/jpeg\" \/>\n<meta name=\"twitter:card\" content=\"summary_large_image\" \/>\n<meta name=\"twitter:label1\" content=\"Tiempo de lectura\" \/>\n\t<meta name=\"twitter:data1\" content=\"2 minutos\" \/>\n<script type=\"application\/ld+json\" class=\"yoast-schema-graph\">{\"@context\":\"https:\/\/schema.org\",\"@graph\":[{\"@type\":\"WebPage\",\"@id\":\"https:\/\/geo-park.com\/sustainability\/2022\/este-reporte\/sobre-este-reporte\/\",\"url\":\"https:\/\/geo-park.com\/sustainability\/2022\/este-reporte\/sobre-este-reporte\/\",\"name\":\"Sobre este reporte - GeoPark\",\"isPartOf\":{\"@id\":\"https:\/\/geo-park.com\/sustainability\/2022\/#website\"},\"primaryImageOfPage\":{\"@id\":\"https:\/\/geo-park.com\/sustainability\/2022\/este-reporte\/sobre-este-reporte\/#primaryimage\"},\"image\":{\"@id\":\"https:\/\/geo-park.com\/sustainability\/2022\/este-reporte\/sobre-este-reporte\/#primaryimage\"},\"thumbnailUrl\":\"https:\/\/geo-park.com\/sustainability\/2022\/wp-content\/uploads\/img-026.jpg\",\"datePublished\":\"2023-05-09T16:22:08+00:00\",\"dateModified\":\"2023-06-14T20:41:56+00:00\",\"breadcrumb\":{\"@id\":\"https:\/\/geo-park.com\/sustainability\/2022\/este-reporte\/sobre-este-reporte\/#breadcrumb\"},\"inLanguage\":\"es-CO\",\"potentialAction\":[{\"@type\":\"ReadAction\",\"target\":[\"https:\/\/geo-park.com\/sustainability\/2022\/este-reporte\/sobre-este-reporte\/\"]}]},{\"@type\":\"ImageObject\",\"inLanguage\":\"es-CO\",\"@id\":\"https:\/\/geo-park.com\/sustainability\/2022\/este-reporte\/sobre-este-reporte\/#primaryimage\",\"url\":\"https:\/\/geo-park.com\/sustainability\/2022\/wp-content\/uploads\/img-026.jpg\",\"contentUrl\":\"https:\/\/geo-park.com\/sustainability\/2022\/wp-content\/uploads\/img-026.jpg\",\"width\":2000,\"height\":1333},{\"@type\":\"BreadcrumbList\",\"@id\":\"https:\/\/geo-park.com\/sustainability\/2022\/este-reporte\/sobre-este-reporte\/#breadcrumb\",\"itemListElement\":[{\"@type\":\"ListItem\",\"position\":1,\"name\":\"Inicio\",\"item\":\"https:\/\/geo-park.com\/sustainability\/2022\/\"},{\"@type\":\"ListItem\",\"position\":2,\"name\":\"Este Reporte\",\"item\":\"https:\/\/geo-park.com\/sustainability\/2022\/este-reporte\/\"},{\"@type\":\"ListItem\",\"position\":3,\"name\":\"Sobre este reporte\"}]},{\"@type\":\"WebSite\",\"@id\":\"https:\/\/geo-park.com\/sustainability\/2022\/#website\",\"url\":\"https:\/\/geo-park.com\/sustainability\/2022\/\",\"name\":\"GeoPark\",\"description\":\"Reporte GeoPark 2022\",\"publisher\":{\"@id\":\"https:\/\/geo-park.com\/sustainability\/2022\/#organization\"},\"potentialAction\":[{\"@type\":\"SearchAction\",\"target\":{\"@type\":\"EntryPoint\",\"urlTemplate\":\"https:\/\/geo-park.com\/sustainability\/2022\/?s={search_term_string}\"},\"query-input\":{\"@type\":\"PropertyValueSpecification\",\"valueRequired\":true,\"valueName\":\"search_term_string\"}}],\"inLanguage\":\"es-CO\"},{\"@type\":\"Organization\",\"@id\":\"https:\/\/geo-park.com\/sustainability\/2022\/#organization\",\"name\":\"GeoPark\",\"url\":\"https:\/\/geo-park.com\/sustainability\/2022\/\",\"logo\":{\"@type\":\"ImageObject\",\"inLanguage\":\"es-CO\",\"@id\":\"https:\/\/geo-park.com\/sustainability\/2022\/#\/schema\/logo\/image\/\",\"url\":\"https:\/\/sustainabilitygeopark.com\/2022\/wp-content\/uploads\/logo-geopark.png\",\"contentUrl\":\"https:\/\/sustainabilitygeopark.com\/2022\/wp-content\/uploads\/logo-geopark.png\",\"width\":3056,\"height\":1476,\"caption\":\"GeoPark\"},\"image\":{\"@id\":\"https:\/\/geo-park.com\/sustainability\/2022\/#\/schema\/logo\/image\/\"},\"sameAs\":[\"https:\/\/www.linkedin.com\/company\/geopark\/\",\"https:\/\/www.youtube.com\/c\/GeoParkOG\"]}]}<\/script>\n<!-- \/ Yoast SEO plugin. -->","yoast_head_json":{"title":"Sobre este reporte - GeoPark","robots":{"index":"index","follow":"follow","max-snippet":"max-snippet:-1","max-image-preview":"max-image-preview:large","max-video-preview":"max-video-preview:-1"},"canonical":"https:\/\/geo-park.com\/sustainability\/2022\/este-reporte\/sobre-este-reporte\/","og_locale":"es_ES","og_type":"article","og_title":"Sobre este reporte - GeoPark","og_description":"Sobre este Reporte Consulte el informe completo Nuestro Reporte SPEED\/ESG es la principal herramienta de rendici\u00f3n de cuentas sobre la gesti\u00f3n de asuntos ESG a nuestros grupos de inter\u00e9s. Es una publicaci\u00f3n anual que reporta sobre el per\u00edodo entre el 1\u00ba de enero y el 31 de diciembre de 2022, que corresponde al mismo ciclo [&hellip;]","og_url":"https:\/\/geo-park.com\/sustainability\/2022\/este-reporte\/sobre-este-reporte\/","og_site_name":"GeoPark","article_modified_time":"2023-06-14T20:41:56+00:00","og_image":[{"width":2000,"height":1333,"url":"https:\/\/geo-park.com\/sustainability\/2022\/wp-content\/uploads\/img-026.jpg","type":"image\/jpeg"}],"twitter_card":"summary_large_image","twitter_misc":{"Tiempo de lectura":"2 minutos"},"schema":{"@context":"https:\/\/schema.org","@graph":[{"@type":"WebPage","@id":"https:\/\/geo-park.com\/sustainability\/2022\/este-reporte\/sobre-este-reporte\/","url":"https:\/\/geo-park.com\/sustainability\/2022\/este-reporte\/sobre-este-reporte\/","name":"Sobre este reporte - GeoPark","isPartOf":{"@id":"https:\/\/geo-park.com\/sustainability\/2022\/#website"},"primaryImageOfPage":{"@id":"https:\/\/geo-park.com\/sustainability\/2022\/este-reporte\/sobre-este-reporte\/#primaryimage"},"image":{"@id":"https:\/\/geo-park.com\/sustainability\/2022\/este-reporte\/sobre-este-reporte\/#primaryimage"},"thumbnailUrl":"https:\/\/geo-park.com\/sustainability\/2022\/wp-content\/uploads\/img-026.jpg","datePublished":"2023-05-09T16:22:08+00:00","dateModified":"2023-06-14T20:41:56+00:00","breadcrumb":{"@id":"https:\/\/geo-park.com\/sustainability\/2022\/este-reporte\/sobre-este-reporte\/#breadcrumb"},"inLanguage":"es-CO","potentialAction":[{"@type":"ReadAction","target":["https:\/\/geo-park.com\/sustainability\/2022\/este-reporte\/sobre-este-reporte\/"]}]},{"@type":"ImageObject","inLanguage":"es-CO","@id":"https:\/\/geo-park.com\/sustainability\/2022\/este-reporte\/sobre-este-reporte\/#primaryimage","url":"https:\/\/geo-park.com\/sustainability\/2022\/wp-content\/uploads\/img-026.jpg","contentUrl":"https:\/\/geo-park.com\/sustainability\/2022\/wp-content\/uploads\/img-026.jpg","width":2000,"height":1333},{"@type":"BreadcrumbList","@id":"https:\/\/geo-park.com\/sustainability\/2022\/este-reporte\/sobre-este-reporte\/#breadcrumb","itemListElement":[{"@type":"ListItem","position":1,"name":"Inicio","item":"https:\/\/geo-park.com\/sustainability\/2022\/"},{"@type":"ListItem","position":2,"name":"Este Reporte","item":"https:\/\/geo-park.com\/sustainability\/2022\/este-reporte\/"},{"@type":"ListItem","position":3,"name":"Sobre este reporte"}]},{"@type":"WebSite","@id":"https:\/\/geo-park.com\/sustainability\/2022\/#website","url":"https:\/\/geo-park.com\/sustainability\/2022\/","name":"GeoPark","description":"Reporte GeoPark 2022","publisher":{"@id":"https:\/\/geo-park.com\/sustainability\/2022\/#organization"},"potentialAction":[{"@type":"SearchAction","target":{"@type":"EntryPoint","urlTemplate":"https:\/\/geo-park.com\/sustainability\/2022\/?s={search_term_string}"},"query-input":{"@type":"PropertyValueSpecification","valueRequired":true,"valueName":"search_term_string"}}],"inLanguage":"es-CO"},{"@type":"Organization","@id":"https:\/\/geo-park.com\/sustainability\/2022\/#organization","name":"GeoPark","url":"https:\/\/geo-park.com\/sustainability\/2022\/","logo":{"@type":"ImageObject","inLanguage":"es-CO","@id":"https:\/\/geo-park.com\/sustainability\/2022\/#\/schema\/logo\/image\/","url":"https:\/\/sustainabilitygeopark.com\/2022\/wp-content\/uploads\/logo-geopark.png","contentUrl":"https:\/\/sustainabilitygeopark.com\/2022\/wp-content\/uploads\/logo-geopark.png","width":3056,"height":1476,"caption":"GeoPark"},"image":{"@id":"https:\/\/geo-park.com\/sustainability\/2022\/#\/schema\/logo\/image\/"},"sameAs":["https:\/\/www.linkedin.com\/company\/geopark\/","https:\/\/www.youtube.com\/c\/GeoParkOG"]}]}},"_links":{"self":[{"href":"https:\/\/geo-park.com\/sustainability\/2022\/wp-json\/wp\/v2\/pages\/2716","targetHints":{"allow":["GET"]}}],"collection":[{"href":"https:\/\/geo-park.com\/sustainability\/2022\/wp-json\/wp\/v2\/pages"}],"about":[{"href":"https:\/\/geo-park.com\/sustainability\/2022\/wp-json\/wp\/v2\/types\/page"}],"author":[{"embeddable":true,"href":"https:\/\/geo-park.com\/sustainability\/2022\/wp-json\/wp\/v2\/users\/1"}],"replies":[{"embeddable":true,"href":"https:\/\/geo-park.com\/sustainability\/2022\/wp-json\/wp\/v2\/comments?post=2716"}],"version-history":[{"count":40,"href":"https:\/\/geo-park.com\/sustainability\/2022\/wp-json\/wp\/v2\/pages\/2716\/revisions"}],"predecessor-version":[{"id":4504,"href":"https:\/\/geo-park.com\/sustainability\/2022\/wp-json\/wp\/v2\/pages\/2716\/revisions\/4504"}],"up":[{"embeddable":true,"href":"https:\/\/geo-park.com\/sustainability\/2022\/wp-json\/wp\/v2\/pages\/195"}],"wp:featuredmedia":[{"embeddable":true,"href":"https:\/\/geo-park.com\/sustainability\/2022\/wp-json\/wp\/v2\/media\/1335"}],"wp:attachment":[{"href":"https:\/\/geo-park.com\/sustainability\/2022\/wp-json\/wp\/v2\/media?parent=2716"}],"wp:term":[{"taxonomy":"category","embeddable":true,"href":"https:\/\/geo-park.com\/sustainability\/2022\/wp-json\/wp\/v2\/categories?post=2716"}],"curies":[{"name":"wp","href":"https:\/\/api.w.org\/{rel}","templated":true}]}}